{"id":10387,"date":"2026-04-27T13:57:19","date_gmt":"2026-04-27T13:57:19","guid":{"rendered":""},"modified":"2026-04-27T13:57:19","modified_gmt":"2026-04-27T13:57:19","slug":"omnires-shell-m-umyvalo-na-desku-50-x-32-cm-ash-grey-mat-shell500unag-vyhodna-nabidka-10387","status":"publish","type":"product","link":"https:\/\/www.koupeltech.com\/index.php\/produkt\/omnires-shell-m-umyvalo-na-desku-50-x-32-cm-ash-grey-mat-shell500unag-vyhodna-nabidka-10387\/","title":{"rendered":"OMNIRES &#8211; SHELL M+ umyvalo na desku, 50 x 32 cm, ash grey mat SHELL500UNAG V\u00fdhodn\u00e1 Nab\u00eddka"},"content":{"rendered":"<div class=\"basic-description\">\n<h3>Detailn\u00ed popis produktu<\/h3>\n<p><strong>Umyvadlo na desku z kolekce OMNIRES SHELL M+<\/strong> se vyzna\u010duje sou\u010dasn\u00fdm eliptick\u00fdm tvarem, kter\u00fd se k z\u00e1kladn\u011b zu\u017euje jemnou lini\u00ed. Minimalistick\u00fd tvar p\u016fsob\u00ed lehce a z\u00e1rove\u0148 pevn\u011b a vytv\u00e1\u0159\u00ed efekt monolitu vytesan\u00e9ho ze sk\u00e1ly. Uvnit\u0159 umyvadla nasazen\u00fd kryt diskr\u00e9tn\u011b zakr\u00fdv\u00e1 odtok, ani\u017e by naru\u0161il harmonicky tvarovanou siluetu.<\/p>\n<p>Umyvadlo je vyrobeno z kompozitn\u00edho materi\u00e1lu (M+), jeho\u017e hlavn\u00ed slo\u017ekou je dolomit. Inovativn\u00ed v\u00fdrobn\u00ed technologie zaru\u010duje dokonal\u00e9 proveden\u00ed ka\u017ed\u00e9ho detailu a z\u00e1rove\u0148 zaji\u0161\u0165uje mimo\u0159\u00e1dnou \u017eivotnost a odolnost.<\/p>\n<p>SHELL v popelav\u011b \u0161ed\u00e9 (RAL7022) je umyvadlo v elegantn\u00edm odst\u00ednu tepl\u00e9 \u0161ed\u00e9, s na dotek sametov\u00fdm, matn\u00fdm povrchem.<\/p>\n<ul>\n<li>d\u00e9lka: 50 cm<\/li>\n<li>\u0161\u00ed\u0159ka: 32 cm<\/li>\n<li>v\u00fd\u0161ka: 17 cm<\/li>\n<li>bez p\u0159epadu<\/li>\n<li>kryt odtoku sou\u010d\u00e1st\u00ed<\/li>\n<li>bez umyvadlov\u00e9 z\u00e1tky<\/li>\n<li>objem: 9,9l<\/li>\n<li>\u010dist\u00e1 hmotnost: 7 kg<\/li>\n<li>celkov\u00e1 hmotnost: 7,5 kg<\/li>\n<li>mont\u00e1\u017e vy\u017eaduje vy\u0159\u00edznut\u00ed kruhu v pracovn\u00ed desce o pr\u016fm\u011bru 140 mm<\/li>\n<\/ul><\/div>\n<div class=\"extended-description\">\n<h3>Dopl\u0148kov\u00e9 parametry<\/h3>\n<table class=\"detail-parameters\">\n<tbody>\n<tr>\n<th>        <span class=\"row-header-label\">            Kategorie<span class=\"row-header-label-colon\">:<\/span>        <\/span>    <\/th>\n<td>            <\/td>\n<\/tr>\n<tr>\n<th>            <span class=\"row-header-label\">                Z\u00e1ruka<span class=\"row-header-label-colon\">:<\/span>            <\/span>        <\/th>\n<td>            2 roky        <\/td>\n<\/tr>\n<tr>\n<th>            <span class=\"row-header-label\">                Hmotnost<span class=\"row-header-label-colon\">:<\/span>            <\/span>        <\/th>\n<td>            8 kg        <\/td>\n<\/tr>\n<tr class=\"productEan\">\n<th>          <span class=\"row-header-label productEan__label\">              EAN<span class=\"row-header-label-colon\">:<\/span>          <\/span>      <\/th>\n<td>          <span class=\"productEan__value\">5902539886337<\/span>      <\/td>\n<\/tr>\n<tr>\n<th>                <span class=\"row-header-label\">                                            Dostupnost<span class=\"row-header-label-colon\">:<\/span>                                    <\/span>            <\/th>\n<td>                                                            Dod\u00e1n\u00ed do 14ti dn\u016f                                                <\/td>\n<\/tr>\n<\/tbody>\n<\/table><\/div>\n<\/p><\/div>\n<\/p><\/div>\n","protected":false},"excerpt":{"rendered":"<p>Detailn\u00ed popis produktu Umyvadlo na desku z kolekce OMNIRES SHELL M+ se vyzna\u010duje sou\u010dasn\u00fdm eliptick\u00fdm tvarem, kter\u00fd se k z\u00e1kladn\u011b zu\u017euje jemnou lini\u00ed. Minimalistick\u00fd tvar p\u016fsob\u00ed lehce a z\u00e1rove\u0148 pevn\u011b a vytv\u00e1\u0159\u00ed efekt monolitu vytesan\u00e9ho ze sk\u00e1ly. Uvnit\u0159 umyvadla nasazen\u00fd kryt diskr\u00e9tn\u011b zakr\u00fdv\u00e1 odtok, ani\u017e by naru\u0161il harmonicky tvarovanou siluetu. Umyvadlo je vyrobeno z kompozitn\u00edho [&hellip;]<\/p>\n","protected":false},"featured_media":10487,"comment_status":"open","ping_status":"open","template":"","meta":[],"product_brand":[],"product_cat":[61],"product_tag":[],"class_list":{"0":"post-10387","1":"product","2":"type-product","3":"status-publish","4":"has-post-thumbnail","6":"product_cat-umyvadla","8":"first","9":"instock","10":"sale","11":"shipping-taxable","12":"purchasable","13":"product-type-simple"},"yoast_head":"<!-- This site is optimized with the Yoast SEO plugin v26.8 - https:\/\/yoast.com\/product\/yoast-seo-wordpress\/ -->\n<title>OMNIRES - SHELL M+ umyvalo na desku, 50 x 32 cm, ash grey mat SHELL500UNAG V\u00fdhodn\u00e1 Nab\u00eddka -<\/title>\n<meta name=\"robots\" content=\"index, follow, max-snippet:-1, max-image-preview:large, max-video-preview:-1\" \/>\n<link rel=\"canonical\" href=\"https:\/\/www.koupeltech.com\/index.php\/produkt\/omnires-shell-m-umyvalo-na-desku-50-x-32-cm-ash-grey-mat-shell500unag-vyhodna-nabidka-10387\/\" \/>\n<meta property=\"og:locale\" content=\"cs_CZ\" \/>\n<meta property=\"og:type\" content=\"article\" \/>\n<meta property=\"og:title\" content=\"OMNIRES - SHELL M+ umyvalo na desku, 50 x 32 cm, ash grey mat SHELL500UNAG V\u00fdhodn\u00e1 Nab\u00eddka -\" \/>\n<meta property=\"og:description\" content=\"Detailn\u00ed popis produktu Umyvadlo na desku z kolekce OMNIRES SHELL M+ se vyzna\u010duje sou\u010dasn\u00fdm eliptick\u00fdm tvarem, kter\u00fd se k z\u00e1kladn\u011b zu\u017euje jemnou lini\u00ed. Minimalistick\u00fd tvar p\u016fsob\u00ed lehce a z\u00e1rove\u0148 pevn\u011b a vytv\u00e1\u0159\u00ed efekt monolitu vytesan\u00e9ho ze sk\u00e1ly. Uvnit\u0159 umyvadla nasazen\u00fd kryt diskr\u00e9tn\u011b zakr\u00fdv\u00e1 odtok, ani\u017e by naru\u0161il harmonicky tvarovanou siluetu. Umyvadlo je vyrobeno z kompozitn\u00edho [&hellip;]\" \/>\n<meta property=\"og:url\" content=\"https:\/\/www.koupeltech.com\/index.php\/produkt\/omnires-shell-m-umyvalo-na-desku-50-x-32-cm-ash-grey-mat-shell500unag-vyhodna-nabidka-10387\/\" \/>\n<meta property=\"og:image\" content=\"https:\/\/www.koupeltech.com\/wp-content\/uploads\/2026\/SK0024264-CZ20260425-092556-0-1777080363-1817710-5_omnires-shell-m--umyvalo-na-desku--50-x-32-cm--as.webp\" \/>\n\t<meta property=\"og:image:width\" content=\"1000\" \/>\n\t<meta property=\"og:image:height\" content=\"750\" \/>\n\t<meta property=\"og:image:type\" content=\"image\/webp\" \/>\n<meta name=\"twitter:card\" content=\"summary_large_image\" \/>\n<meta name=\"twitter:label1\" content=\"Odhadovan\u00e1 doba \u010dten\u00ed\" \/>\n\t<meta name=\"twitter:data1\" content=\"1 minuta\" \/>\n<script type=\"application\/ld+json\" class=\"yoast-schema-graph\">{\"@context\":\"https:\/\/schema.org\",\"@graph\":[{\"@type\":\"WebPage\",\"@id\":\"https:\/\/www.koupeltech.com\/index.php\/produkt\/omnires-shell-m-umyvalo-na-desku-50-x-32-cm-ash-grey-mat-shell500unag-vyhodna-nabidka-10387\/\",\"url\":\"https:\/\/www.koupeltech.com\/index.php\/produkt\/omnires-shell-m-umyvalo-na-desku-50-x-32-cm-ash-grey-mat-shell500unag-vyhodna-nabidka-10387\/\",\"name\":\"OMNIRES - SHELL M+ umyvalo na desku, 50 x 32 cm, ash grey mat SHELL500UNAG V\u00fdhodn\u00e1 Nab\u00eddka -\",\"isPartOf\":{\"@id\":\"https:\/\/www.koupeltech.com\/#website\"},\"primaryImageOfPage\":{\"@id\":\"https:\/\/www.koupeltech.com\/index.php\/produkt\/omnires-shell-m-umyvalo-na-desku-50-x-32-cm-ash-grey-mat-shell500unag-vyhodna-nabidka-10387\/#primaryimage\"},\"image\":{\"@id\":\"https:\/\/www.koupeltech.com\/index.php\/produkt\/omnires-shell-m-umyvalo-na-desku-50-x-32-cm-ash-grey-mat-shell500unag-vyhodna-nabidka-10387\/#primaryimage\"},\"thumbnailUrl\":\"https:\/\/www.koupeltech.com\/wp-content\/uploads\/2026\/SK0024264-CZ20260425-092556-0-1777080363-1817710-5_omnires-shell-m--umyvalo-na-desku--50-x-32-cm--as.webp\",\"datePublished\":\"2026-04-27T13:57:19+00:00\",\"breadcrumb\":{\"@id\":\"https:\/\/www.koupeltech.com\/index.php\/produkt\/omnires-shell-m-umyvalo-na-desku-50-x-32-cm-ash-grey-mat-shell500unag-vyhodna-nabidka-10387\/#breadcrumb\"},\"inLanguage\":\"cs\",\"potentialAction\":[{\"@type\":\"ReadAction\",\"target\":[\"https:\/\/www.koupeltech.com\/index.php\/produkt\/omnires-shell-m-umyvalo-na-desku-50-x-32-cm-ash-grey-mat-shell500unag-vyhodna-nabidka-10387\/\"]}]},{\"@type\":\"ImageObject\",\"inLanguage\":\"cs\",\"@id\":\"https:\/\/www.koupeltech.com\/index.php\/produkt\/omnires-shell-m-umyvalo-na-desku-50-x-32-cm-ash-grey-mat-shell500unag-vyhodna-nabidka-10387\/#primaryimage\",\"url\":\"https:\/\/www.koupeltech.com\/wp-content\/uploads\/2026\/SK0024264-CZ20260425-092556-0-1777080363-1817710-5_omnires-shell-m--umyvalo-na-desku--50-x-32-cm--as.webp\",\"contentUrl\":\"https:\/\/www.koupeltech.com\/wp-content\/uploads\/2026\/SK0024264-CZ20260425-092556-0-1777080363-1817710-5_omnires-shell-m--umyvalo-na-desku--50-x-32-cm--as.webp\",\"width\":1000,\"height\":750},{\"@type\":\"BreadcrumbList\",\"@id\":\"https:\/\/www.koupeltech.com\/index.php\/produkt\/omnires-shell-m-umyvalo-na-desku-50-x-32-cm-ash-grey-mat-shell500unag-vyhodna-nabidka-10387\/#breadcrumb\",\"itemListElement\":[{\"@type\":\"ListItem\",\"position\":1,\"name\":\"Home\",\"item\":\"https:\/\/www.koupeltech.com\/\"},{\"@type\":\"ListItem\",\"position\":2,\"name\":\"Products\",\"item\":\"https:\/\/www.koupeltech.com\/index.php\/products\/\"},{\"@type\":\"ListItem\",\"position\":3,\"name\":\"OMNIRES &#8211; SHELL M+ umyvalo na desku, 50 x 32 cm, ash grey mat SHELL500UNAG V\u00fdhodn\u00e1 Nab\u00eddka\"}]},{\"@type\":\"WebSite\",\"@id\":\"https:\/\/www.koupeltech.com\/#website\",\"url\":\"https:\/\/www.koupeltech.com\/\",\"name\":\"\",\"description\":\"\",\"potentialAction\":[{\"@type\":\"SearchAction\",\"target\":{\"@type\":\"EntryPoint\",\"urlTemplate\":\"https:\/\/www.koupeltech.com\/?s={search_term_string}\"},\"query-input\":{\"@type\":\"PropertyValueSpecification\",\"valueRequired\":true,\"valueName\":\"search_term_string\"}}],\"inLanguage\":\"cs\"}]}<\/script>\n<!-- \/ Yoast SEO plugin. -->","yoast_head_json":{"title":"OMNIRES - SHELL M+ umyvalo na desku, 50 x 32 cm, ash grey mat SHELL500UNAG V\u00fdhodn\u00e1 Nab\u00eddka -","robots":{"index":"index","follow":"follow","max-snippet":"max-snippet:-1","max-image-preview":"max-image-preview:large","max-video-preview":"max-video-preview:-1"},"canonical":"https:\/\/www.koupeltech.com\/index.php\/produkt\/omnires-shell-m-umyvalo-na-desku-50-x-32-cm-ash-grey-mat-shell500unag-vyhodna-nabidka-10387\/","og_locale":"cs_CZ","og_type":"article","og_title":"OMNIRES - SHELL M+ umyvalo na desku, 50 x 32 cm, ash grey mat SHELL500UNAG V\u00fdhodn\u00e1 Nab\u00eddka -","og_description":"Detailn\u00ed popis produktu Umyvadlo na desku z kolekce OMNIRES SHELL M+ se vyzna\u010duje sou\u010dasn\u00fdm eliptick\u00fdm tvarem, kter\u00fd se k z\u00e1kladn\u011b zu\u017euje jemnou lini\u00ed. Minimalistick\u00fd tvar p\u016fsob\u00ed lehce a z\u00e1rove\u0148 pevn\u011b a vytv\u00e1\u0159\u00ed efekt monolitu vytesan\u00e9ho ze sk\u00e1ly. Uvnit\u0159 umyvadla nasazen\u00fd kryt diskr\u00e9tn\u011b zakr\u00fdv\u00e1 odtok, ani\u017e by naru\u0161il harmonicky tvarovanou siluetu. Umyvadlo je vyrobeno z kompozitn\u00edho [&hellip;]","og_url":"https:\/\/www.koupeltech.com\/index.php\/produkt\/omnires-shell-m-umyvalo-na-desku-50-x-32-cm-ash-grey-mat-shell500unag-vyhodna-nabidka-10387\/","og_image":[{"width":1000,"height":750,"url":"https:\/\/www.koupeltech.com\/wp-content\/uploads\/2026\/SK0024264-CZ20260425-092556-0-1777080363-1817710-5_omnires-shell-m--umyvalo-na-desku--50-x-32-cm--as.webp","type":"image\/webp"}],"twitter_card":"summary_large_image","twitter_misc":{"Odhadovan\u00e1 doba \u010dten\u00ed":"1 minuta"},"schema":{"@context":"https:\/\/schema.org","@graph":[{"@type":"WebPage","@id":"https:\/\/www.koupeltech.com\/index.php\/produkt\/omnires-shell-m-umyvalo-na-desku-50-x-32-cm-ash-grey-mat-shell500unag-vyhodna-nabidka-10387\/","url":"https:\/\/www.koupeltech.com\/index.php\/produkt\/omnires-shell-m-umyvalo-na-desku-50-x-32-cm-ash-grey-mat-shell500unag-vyhodna-nabidka-10387\/","name":"OMNIRES - SHELL M+ umyvalo na desku, 50 x 32 cm, ash grey mat SHELL500UNAG V\u00fdhodn\u00e1 Nab\u00eddka -","isPartOf":{"@id":"https:\/\/www.koupeltech.com\/#website"},"primaryImageOfPage":{"@id":"https:\/\/www.koupeltech.com\/index.php\/produkt\/omnires-shell-m-umyvalo-na-desku-50-x-32-cm-ash-grey-mat-shell500unag-vyhodna-nabidka-10387\/#primaryimage"},"image":{"@id":"https:\/\/www.koupeltech.com\/index.php\/produkt\/omnires-shell-m-umyvalo-na-desku-50-x-32-cm-ash-grey-mat-shell500unag-vyhodna-nabidka-10387\/#primaryimage"},"thumbnailUrl":"https:\/\/www.koupeltech.com\/wp-content\/uploads\/2026\/SK0024264-CZ20260425-092556-0-1777080363-1817710-5_omnires-shell-m--umyvalo-na-desku--50-x-32-cm--as.webp","datePublished":"2026-04-27T13:57:19+00:00","breadcrumb":{"@id":"https:\/\/www.koupeltech.com\/index.php\/produkt\/omnires-shell-m-umyvalo-na-desku-50-x-32-cm-ash-grey-mat-shell500unag-vyhodna-nabidka-10387\/#breadcrumb"},"inLanguage":"cs","potentialAction":[{"@type":"ReadAction","target":["https:\/\/www.koupeltech.com\/index.php\/produkt\/omnires-shell-m-umyvalo-na-desku-50-x-32-cm-ash-grey-mat-shell500unag-vyhodna-nabidka-10387\/"]}]},{"@type":"ImageObject","inLanguage":"cs","@id":"https:\/\/www.koupeltech.com\/index.php\/produkt\/omnires-shell-m-umyvalo-na-desku-50-x-32-cm-ash-grey-mat-shell500unag-vyhodna-nabidka-10387\/#primaryimage","url":"https:\/\/www.koupeltech.com\/wp-content\/uploads\/2026\/SK0024264-CZ20260425-092556-0-1777080363-1817710-5_omnires-shell-m--umyvalo-na-desku--50-x-32-cm--as.webp","contentUrl":"https:\/\/www.koupeltech.com\/wp-content\/uploads\/2026\/SK0024264-CZ20260425-092556-0-1777080363-1817710-5_omnires-shell-m--umyvalo-na-desku--50-x-32-cm--as.webp","width":1000,"height":750},{"@type":"BreadcrumbList","@id":"https:\/\/www.koupeltech.com\/index.php\/produkt\/omnires-shell-m-umyvalo-na-desku-50-x-32-cm-ash-grey-mat-shell500unag-vyhodna-nabidka-10387\/#breadcrumb","itemListElement":[{"@type":"ListItem","position":1,"name":"Home","item":"https:\/\/www.koupeltech.com\/"},{"@type":"ListItem","position":2,"name":"Products","item":"https:\/\/www.koupeltech.com\/index.php\/products\/"},{"@type":"ListItem","position":3,"name":"OMNIRES &#8211; SHELL M+ umyvalo na desku, 50 x 32 cm, ash grey mat SHELL500UNAG V\u00fdhodn\u00e1 Nab\u00eddka"}]},{"@type":"WebSite","@id":"https:\/\/www.koupeltech.com\/#website","url":"https:\/\/www.koupeltech.com\/","name":"","description":"","potentialAction":[{"@type":"SearchAction","target":{"@type":"EntryPoint","urlTemplate":"https:\/\/www.koupeltech.com\/?s={search_term_string}"},"query-input":{"@type":"PropertyValueSpecification","valueRequired":true,"valueName":"search_term_string"}}],"inLanguage":"cs"}]}},"_links":{"self":[{"href":"https:\/\/www.koupeltech.com\/index.php\/wp-json\/wp\/v2\/product\/10387","targetHints":{"allow":["GET"]}}],"collection":[{"href":"https:\/\/www.koupeltech.com\/index.php\/wp-json\/wp\/v2\/product"}],"about":[{"href":"https:\/\/www.koupeltech.com\/index.php\/wp-json\/wp\/v2\/types\/product"}],"replies":[{"embeddable":true,"href":"https:\/\/www.koupeltech.com\/index.php\/wp-json\/wp\/v2\/comments?post=10387"}],"wp:featuredmedia":[{"embeddable":true,"href":"https:\/\/www.koupeltech.com\/index.php\/wp-json\/wp\/v2\/media\/10487"}],"wp:attachment":[{"href":"https:\/\/www.koupeltech.com\/index.php\/wp-json\/wp\/v2\/media?parent=10387"}],"wp:term":[{"taxonomy":"product_brand","embeddable":true,"href":"https:\/\/www.koupeltech.com\/index.php\/wp-json\/wp\/v2\/product_brand?post=10387"},{"taxonomy":"product_cat","embeddable":true,"href":"https:\/\/www.koupeltech.com\/index.php\/wp-json\/wp\/v2\/product_cat?post=10387"},{"taxonomy":"product_tag","embeddable":true,"href":"https:\/\/www.koupeltech.com\/index.php\/wp-json\/wp\/v2\/product_tag?post=10387"}],"curies":[{"name":"wp","href":"https:\/\/api.w.org\/{rel}","templated":true}]}}