{"id":10986,"date":"2026-04-27T13:57:24","date_gmt":"2026-04-27T13:57:24","guid":{"rendered":""},"modified":"2026-04-27T13:57:24","modified_gmt":"2026-04-27T13:57:24","slug":"akce-stojankova-vanova-baterie-veo-i-zlata-brousena-koupelny-sanita-cz-10986","status":"publish","type":"product","link":"https:\/\/www.koupeltech.com\/index.php\/produkt\/akce-stojankova-vanova-baterie-veo-i-zlata-brousena-koupelny-sanita-cz-10986\/","title":{"rendered":"Akce Stoj\u00e1nkov\u00e1 vanov\u00e1 baterie VEO I zlat\u00e1 brou\u0161en\u00e1 &#8211; koupelny-sanita.cz"},"content":{"rendered":"<div class=\"basic-description\">\n<h3>Detailn\u00ed popis produktu<\/h3>\n<p><strong>Vanov\u00e1 stoj\u00e1nkov\u00e1 baterie je dod\u00e1v\u00e1na v\u010detn\u011b p\u0159\u00edslu\u0161enstv\u00ed (mont\u00e1\u017en\u00ed box, sprchov\u00e1 r\u016f\u017eice a hadice)<\/strong>.\u00a0<strong>Jednoduch\u00e1\u00a0<\/strong>mont\u00e1\u017e do podlahy d\u00edky<strong>\u00a0instala\u010dn\u00edmu boxu,\u00a0<\/strong>kter\u00fd je\u00a0<strong>sou\u010d\u00e1st\u00ed\u00a0<\/strong>balen\u00ed\u00a0<strong>baterie.<\/strong><\/p>\n<p>Stoj\u00e1nkov\u00e1\u00a0<strong>baterie do podlahy<\/strong>\u00a0vypad\u00e1 skv\u011ble v kombinaci s\u00a0voln\u011b stoj\u00edc\u00ed vanou.\u00a0<\/p>\n<p>Pokud si chcete u\u017e\u00edvat tak\u00e9 sprchov\u00e1n\u00ed bez potopy ve va\u0161\u00ed koupeln\u011b, vyzkou\u0161ejte\u00a0vanov\u00e9 z\u00e1st\u011bny\u00a0\u00a0<\/p>\n<p>Mezi velmi obl\u00edben\u00e9 dopl\u0148ky k van\u00e1m pat\u0159\u00ed tak\u00e9\u00a0poli\u010dky k van\u00e1m\u00a0z dr\u00e1t\u011bn\u00e9ho programu,\u00a0vanov\u00e1 madla. Dopl\u0148ky, bez kter\u00fdch se neobejdete p\u0159i instalaci va\u0161\u00ed vany, najdete v kategorii\u00a0mont\u00e1\u017e a \u00fadr\u017eba.\u00a0<\/p>\n<h3><strong>P\u0159ednosti vysok\u00e9 vanov\u00e9 baterie VEO I<strong>:<\/strong><\/strong><\/h3>\n<ul>\n<li>Barva<strong>: zlat\u00e1 brou\u0161en\u00e1<\/strong><\/li>\n<li><strong>Elegantn\u00ed zaoblen\u00fd design<\/strong><\/li>\n<li><strong>Vanov\u00e1\u00a0baterie\u00a0vysok\u00e1, stoj\u00e1nkov\u00e1\u00a0<\/strong><\/li>\n<li><strong>Mont\u00e1\u017e do podlahy (mont\u00e1\u017en\u00ed box)<\/strong><\/li>\n<li><strong><strong>Anti line aretator<\/strong>\u00a0<\/strong>(proti usazov\u00e1n\u00ed vodn\u00edho kamene)<\/li>\n<li><strong>Modern\u00ed perl\u00e1tor NEOPERL<\/strong><\/li>\n<li><strong>Prov\u011b\u0159en\u00e1<\/strong>\u00a0technologie<\/li>\n<li><strong>Keramick\u00e1 kartu\u0161e KEROX<\/strong><\/li>\n<li>V\u0161e testov\u00e1no se\u00a0<strong>100% \u00fasp\u011b\u0161nost\u00ed<\/strong><\/li>\n<li>V\u0161echny d\u00edly odpov\u00eddaj\u00ed p\u0159edpis\u016fm<strong>\u00a0EN817<\/strong><\/li>\n<li><strong>P\u00e1kov\u00e9 ovl\u00e1d\u00e1n\u00ed<\/strong><\/li>\n<li><strong>Sou\u010d\u00e1st\u00ed balen\u00ed:<\/strong>\u00a0baterie, sprchov\u00e1 r\u016f\u017eice, hadice<\/li>\n<li><strong>\u00daspora vody<\/strong><\/li>\n<\/ul>\n<h3><strong>Z\u00c1RUKA 5 LET<\/strong><\/h3>\n<\/p><\/div>\n<div class=\"extended-description\">\n<h3>Dopl\u0148kov\u00e9 parametry<\/h3>\n<table class=\"detail-parameters\">\n<tbody>\n<tr>\n<th>        <span class=\"row-header-label\">            Kategorie<span class=\"row-header-label-colon\">:<\/span>        <\/span>    <\/th>\n<td>            <\/td>\n<\/tr>\n<tr>\n<th>            <span class=\"row-header-label\">                Z\u00e1ruka<span class=\"row-header-label-colon\">:<\/span>            <\/span>        <\/th>\n<td>            5 let t\u011blo baterie        <\/td>\n<\/tr>\n<tr>\n<th>            <span class=\"row-header-label\">                Hmotnost<span class=\"row-header-label-colon\">:<\/span>            <\/span>        <\/th>\n<td>            5.25 kg        <\/td>\n<\/tr>\n<tr class=\"productEan\">\n<th>          <span class=\"row-header-label productEan__label\">              EAN<span class=\"row-header-label-colon\">:<\/span>          <\/span>      <\/th>\n<td>          <span class=\"productEan__value\">5905832922177<\/span>      <\/td>\n<\/tr>\n<tr>\n<th>                <span class=\"row-header-label\">                                            Barva<span class=\"row-header-label-colon\">:<\/span>                                    <\/span>            <\/th>\n<td>                                                            Zlat\u00e1 brou\u0161en\u00e1                                                <\/td>\n<\/tr>\n<tr>\n<th>                <span class=\"row-header-label\">                                            Katalog<span class=\"row-header-label-colon\">:<\/span>                                    <\/span>            <\/th>\n<td>                                                            HOPA Koupelny                                                <\/td>\n<\/tr>\n<tr>\n<th>                <span class=\"row-header-label\">                                            Materi\u00e1l<span class=\"row-header-label-colon\">:<\/span>                                    <\/span>            <\/th>\n<td>                                                            Mosaz                                                <\/td>\n<\/tr>\n<tr>\n<th>                <span class=\"row-header-label\">                                            Ovl\u00e1d\u00e1n\u00ed baterie<span class=\"row-header-label-colon\">:<\/span>                                    <\/span>            <\/th>\n<td>                                                            P\u00e1kov\u00e9                                                <\/td>\n<\/tr>\n<tr>\n<th>                <span class=\"row-header-label\">                                            S\u00e9rie<span class=\"row-header-label-colon\">:<\/span>                                    <\/span>            <\/th>\n<td>                                                            VEO                                                <\/td>\n<\/tr>\n<tr>\n<th>                <span class=\"row-header-label\">                                            Skupina artiklu<span class=\"row-header-label-colon\">:<\/span>                                    <\/span>            <\/th>\n<td>                                                            S12B                                                <\/td>\n<\/tr>\n<tr>\n<th>                <span class=\"row-header-label\">                                            Typ<span class=\"row-header-label-colon\">:<\/span>                                    <\/span>            <\/th>\n<td>                                                            Baterie s p\u0159\u00edslu\u0161enstv\u00edm,Vanov\u00e1 baterie                                                <\/td>\n<\/tr>\n<tr>\n<th>                <span class=\"row-header-label\">                                            Um\u00edst\u011bn\u00ed baterie<span class=\"row-header-label-colon\">:<\/span>                                    <\/span>            <\/th>\n<td>                                                            Stoj\u00e1nkov\u00e9                                                <\/td>\n<\/tr>\n<tr>\n<th>                <span class=\"row-header-label\">                                            Z\u00e1ruka<span class=\"row-header-label-colon\">:<\/span>                                    <\/span>            <\/th>\n<td>                                                            5 let t\u011blo baterie                                                <\/td>\n<\/tr>\n<\/tbody>\n<\/table><\/div>\n<\/p><\/div>\n<\/p><\/div>\n","protected":false},"excerpt":{"rendered":"<p>Detailn\u00ed popis produktu Vanov\u00e1 stoj\u00e1nkov\u00e1 baterie je dod\u00e1v\u00e1na v\u010detn\u011b p\u0159\u00edslu\u0161enstv\u00ed (mont\u00e1\u017en\u00ed box, sprchov\u00e1 r\u016f\u017eice a hadice).\u00a0Jednoduch\u00e1\u00a0mont\u00e1\u017e do podlahy d\u00edky\u00a0instala\u010dn\u00edmu boxu,\u00a0kter\u00fd je\u00a0sou\u010d\u00e1st\u00ed\u00a0balen\u00ed\u00a0baterie. Stoj\u00e1nkov\u00e1\u00a0baterie do podlahy\u00a0vypad\u00e1 skv\u011ble v kombinaci s\u00a0voln\u011b stoj\u00edc\u00ed vanou.\u00a0 Pokud si chcete u\u017e\u00edvat tak\u00e9 sprchov\u00e1n\u00ed bez potopy ve va\u0161\u00ed koupeln\u011b, vyzkou\u0161ejte\u00a0vanov\u00e9 z\u00e1st\u011bny\u00a0\u00a0 Mezi velmi obl\u00edben\u00e9 dopl\u0148ky k van\u00e1m pat\u0159\u00ed tak\u00e9\u00a0poli\u010dky k van\u00e1m\u00a0z dr\u00e1t\u011bn\u00e9ho programu,\u00a0vanov\u00e1 [&hellip;]<\/p>\n","protected":false},"featured_media":11086,"comment_status":"open","ping_status":"open","template":"","meta":[],"product_brand":[],"product_cat":[59],"product_tag":[],"class_list":{"0":"post-10986","1":"product","2":"type-product","3":"status-publish","4":"has-post-thumbnail","6":"product_cat-vodovodni-baterie","8":"first","9":"instock","10":"sale","11":"shipping-taxable","12":"purchasable","13":"product-type-simple"},"yoast_head":"<!-- This site is optimized with the Yoast SEO plugin v26.8 - https:\/\/yoast.com\/product\/yoast-seo-wordpress\/ -->\n<title>Akce Stoj\u00e1nkov\u00e1 vanov\u00e1 baterie VEO I zlat\u00e1 brou\u0161en\u00e1 - koupelny-sanita.cz -<\/title>\n<meta name=\"robots\" content=\"index, follow, max-snippet:-1, max-image-preview:large, max-video-preview:-1\" \/>\n<link rel=\"canonical\" href=\"https:\/\/www.koupeltech.com\/index.php\/produkt\/akce-stojankova-vanova-baterie-veo-i-zlata-brousena-koupelny-sanita-cz-10986\/\" \/>\n<meta property=\"og:locale\" content=\"cs_CZ\" \/>\n<meta property=\"og:type\" content=\"article\" \/>\n<meta property=\"og:title\" content=\"Akce Stoj\u00e1nkov\u00e1 vanov\u00e1 baterie VEO I zlat\u00e1 brou\u0161en\u00e1 - koupelny-sanita.cz -\" \/>\n<meta property=\"og:description\" content=\"Detailn\u00ed popis produktu Vanov\u00e1 stoj\u00e1nkov\u00e1 baterie je dod\u00e1v\u00e1na v\u010detn\u011b p\u0159\u00edslu\u0161enstv\u00ed (mont\u00e1\u017en\u00ed box, sprchov\u00e1 r\u016f\u017eice a hadice).\u00a0Jednoduch\u00e1\u00a0mont\u00e1\u017e do podlahy d\u00edky\u00a0instala\u010dn\u00edmu boxu,\u00a0kter\u00fd je\u00a0sou\u010d\u00e1st\u00ed\u00a0balen\u00ed\u00a0baterie. Stoj\u00e1nkov\u00e1\u00a0baterie do podlahy\u00a0vypad\u00e1 skv\u011ble v kombinaci s\u00a0voln\u011b stoj\u00edc\u00ed vanou.\u00a0 Pokud si chcete u\u017e\u00edvat tak\u00e9 sprchov\u00e1n\u00ed bez potopy ve va\u0161\u00ed koupeln\u011b, vyzkou\u0161ejte\u00a0vanov\u00e9 z\u00e1st\u011bny\u00a0\u00a0 Mezi velmi obl\u00edben\u00e9 dopl\u0148ky k van\u00e1m pat\u0159\u00ed tak\u00e9\u00a0poli\u010dky k van\u00e1m\u00a0z dr\u00e1t\u011bn\u00e9ho programu,\u00a0vanov\u00e1 [&hellip;]\" \/>\n<meta property=\"og:url\" content=\"https:\/\/www.koupeltech.com\/index.php\/produkt\/akce-stojankova-vanova-baterie-veo-i-zlata-brousena-koupelny-sanita-cz-10986\/\" \/>\n<meta property=\"og:image\" content=\"https:\/\/www.koupeltech.com\/wp-content\/uploads\/2026\/SK0024593-CZ20260425-092556-0-1777080363-1821481-3_stojankova-vanova-baterie-veo-i-zlata-brousena.jp.webp\" \/>\n\t<meta property=\"og:image:width\" content=\"1000\" \/>\n\t<meta property=\"og:image:height\" content=\"750\" \/>\n\t<meta property=\"og:image:type\" content=\"image\/webp\" \/>\n<meta name=\"twitter:card\" content=\"summary_large_image\" \/>\n<meta name=\"twitter:label1\" content=\"Odhadovan\u00e1 doba \u010dten\u00ed\" \/>\n\t<meta name=\"twitter:data1\" content=\"1 minuta\" \/>\n<script type=\"application\/ld+json\" class=\"yoast-schema-graph\">{\"@context\":\"https:\/\/schema.org\",\"@graph\":[{\"@type\":\"WebPage\",\"@id\":\"https:\/\/www.koupeltech.com\/index.php\/produkt\/akce-stojankova-vanova-baterie-veo-i-zlata-brousena-koupelny-sanita-cz-10986\/\",\"url\":\"https:\/\/www.koupeltech.com\/index.php\/produkt\/akce-stojankova-vanova-baterie-veo-i-zlata-brousena-koupelny-sanita-cz-10986\/\",\"name\":\"Akce Stoj\u00e1nkov\u00e1 vanov\u00e1 baterie VEO I zlat\u00e1 brou\u0161en\u00e1 - koupelny-sanita.cz -\",\"isPartOf\":{\"@id\":\"https:\/\/www.koupeltech.com\/#website\"},\"primaryImageOfPage\":{\"@id\":\"https:\/\/www.koupeltech.com\/index.php\/produkt\/akce-stojankova-vanova-baterie-veo-i-zlata-brousena-koupelny-sanita-cz-10986\/#primaryimage\"},\"image\":{\"@id\":\"https:\/\/www.koupeltech.com\/index.php\/produkt\/akce-stojankova-vanova-baterie-veo-i-zlata-brousena-koupelny-sanita-cz-10986\/#primaryimage\"},\"thumbnailUrl\":\"https:\/\/www.koupeltech.com\/wp-content\/uploads\/2026\/SK0024593-CZ20260425-092556-0-1777080363-1821481-3_stojankova-vanova-baterie-veo-i-zlata-brousena.jp.webp\",\"datePublished\":\"2026-04-27T13:57:24+00:00\",\"breadcrumb\":{\"@id\":\"https:\/\/www.koupeltech.com\/index.php\/produkt\/akce-stojankova-vanova-baterie-veo-i-zlata-brousena-koupelny-sanita-cz-10986\/#breadcrumb\"},\"inLanguage\":\"cs\",\"potentialAction\":[{\"@type\":\"ReadAction\",\"target\":[\"https:\/\/www.koupeltech.com\/index.php\/produkt\/akce-stojankova-vanova-baterie-veo-i-zlata-brousena-koupelny-sanita-cz-10986\/\"]}]},{\"@type\":\"ImageObject\",\"inLanguage\":\"cs\",\"@id\":\"https:\/\/www.koupeltech.com\/index.php\/produkt\/akce-stojankova-vanova-baterie-veo-i-zlata-brousena-koupelny-sanita-cz-10986\/#primaryimage\",\"url\":\"https:\/\/www.koupeltech.com\/wp-content\/uploads\/2026\/SK0024593-CZ20260425-092556-0-1777080363-1821481-3_stojankova-vanova-baterie-veo-i-zlata-brousena.jp.webp\",\"contentUrl\":\"https:\/\/www.koupeltech.com\/wp-content\/uploads\/2026\/SK0024593-CZ20260425-092556-0-1777080363-1821481-3_stojankova-vanova-baterie-veo-i-zlata-brousena.jp.webp\",\"width\":1000,\"height\":750},{\"@type\":\"BreadcrumbList\",\"@id\":\"https:\/\/www.koupeltech.com\/index.php\/produkt\/akce-stojankova-vanova-baterie-veo-i-zlata-brousena-koupelny-sanita-cz-10986\/#breadcrumb\",\"itemListElement\":[{\"@type\":\"ListItem\",\"position\":1,\"name\":\"Home\",\"item\":\"https:\/\/www.koupeltech.com\/\"},{\"@type\":\"ListItem\",\"position\":2,\"name\":\"Products\",\"item\":\"https:\/\/www.koupeltech.com\/index.php\/products\/\"},{\"@type\":\"ListItem\",\"position\":3,\"name\":\"Akce Stoj\u00e1nkov\u00e1 vanov\u00e1 baterie VEO I zlat\u00e1 brou\u0161en\u00e1 &#8211; koupelny-sanita.cz\"}]},{\"@type\":\"WebSite\",\"@id\":\"https:\/\/www.koupeltech.com\/#website\",\"url\":\"https:\/\/www.koupeltech.com\/\",\"name\":\"\",\"description\":\"\",\"potentialAction\":[{\"@type\":\"SearchAction\",\"target\":{\"@type\":\"EntryPoint\",\"urlTemplate\":\"https:\/\/www.koupeltech.com\/?s={search_term_string}\"},\"query-input\":{\"@type\":\"PropertyValueSpecification\",\"valueRequired\":true,\"valueName\":\"search_term_string\"}}],\"inLanguage\":\"cs\"}]}<\/script>\n<!-- \/ Yoast SEO plugin. -->","yoast_head_json":{"title":"Akce Stoj\u00e1nkov\u00e1 vanov\u00e1 baterie VEO I zlat\u00e1 brou\u0161en\u00e1 - koupelny-sanita.cz -","robots":{"index":"index","follow":"follow","max-snippet":"max-snippet:-1","max-image-preview":"max-image-preview:large","max-video-preview":"max-video-preview:-1"},"canonical":"https:\/\/www.koupeltech.com\/index.php\/produkt\/akce-stojankova-vanova-baterie-veo-i-zlata-brousena-koupelny-sanita-cz-10986\/","og_locale":"cs_CZ","og_type":"article","og_title":"Akce Stoj\u00e1nkov\u00e1 vanov\u00e1 baterie VEO I zlat\u00e1 brou\u0161en\u00e1 - koupelny-sanita.cz -","og_description":"Detailn\u00ed popis produktu Vanov\u00e1 stoj\u00e1nkov\u00e1 baterie je dod\u00e1v\u00e1na v\u010detn\u011b p\u0159\u00edslu\u0161enstv\u00ed (mont\u00e1\u017en\u00ed box, sprchov\u00e1 r\u016f\u017eice a hadice).\u00a0Jednoduch\u00e1\u00a0mont\u00e1\u017e do podlahy d\u00edky\u00a0instala\u010dn\u00edmu boxu,\u00a0kter\u00fd je\u00a0sou\u010d\u00e1st\u00ed\u00a0balen\u00ed\u00a0baterie. Stoj\u00e1nkov\u00e1\u00a0baterie do podlahy\u00a0vypad\u00e1 skv\u011ble v kombinaci s\u00a0voln\u011b stoj\u00edc\u00ed vanou.\u00a0 Pokud si chcete u\u017e\u00edvat tak\u00e9 sprchov\u00e1n\u00ed bez potopy ve va\u0161\u00ed koupeln\u011b, vyzkou\u0161ejte\u00a0vanov\u00e9 z\u00e1st\u011bny\u00a0\u00a0 Mezi velmi obl\u00edben\u00e9 dopl\u0148ky k van\u00e1m pat\u0159\u00ed tak\u00e9\u00a0poli\u010dky k van\u00e1m\u00a0z dr\u00e1t\u011bn\u00e9ho programu,\u00a0vanov\u00e1 [&hellip;]","og_url":"https:\/\/www.koupeltech.com\/index.php\/produkt\/akce-stojankova-vanova-baterie-veo-i-zlata-brousena-koupelny-sanita-cz-10986\/","og_image":[{"width":1000,"height":750,"url":"https:\/\/www.koupeltech.com\/wp-content\/uploads\/2026\/SK0024593-CZ20260425-092556-0-1777080363-1821481-3_stojankova-vanova-baterie-veo-i-zlata-brousena.jp.webp","type":"image\/webp"}],"twitter_card":"summary_large_image","twitter_misc":{"Odhadovan\u00e1 doba \u010dten\u00ed":"1 minuta"},"schema":{"@context":"https:\/\/schema.org","@graph":[{"@type":"WebPage","@id":"https:\/\/www.koupeltech.com\/index.php\/produkt\/akce-stojankova-vanova-baterie-veo-i-zlata-brousena-koupelny-sanita-cz-10986\/","url":"https:\/\/www.koupeltech.com\/index.php\/produkt\/akce-stojankova-vanova-baterie-veo-i-zlata-brousena-koupelny-sanita-cz-10986\/","name":"Akce Stoj\u00e1nkov\u00e1 vanov\u00e1 baterie VEO I zlat\u00e1 brou\u0161en\u00e1 - koupelny-sanita.cz -","isPartOf":{"@id":"https:\/\/www.koupeltech.com\/#website"},"primaryImageOfPage":{"@id":"https:\/\/www.koupeltech.com\/index.php\/produkt\/akce-stojankova-vanova-baterie-veo-i-zlata-brousena-koupelny-sanita-cz-10986\/#primaryimage"},"image":{"@id":"https:\/\/www.koupeltech.com\/index.php\/produkt\/akce-stojankova-vanova-baterie-veo-i-zlata-brousena-koupelny-sanita-cz-10986\/#primaryimage"},"thumbnailUrl":"https:\/\/www.koupeltech.com\/wp-content\/uploads\/2026\/SK0024593-CZ20260425-092556-0-1777080363-1821481-3_stojankova-vanova-baterie-veo-i-zlata-brousena.jp.webp","datePublished":"2026-04-27T13:57:24+00:00","breadcrumb":{"@id":"https:\/\/www.koupeltech.com\/index.php\/produkt\/akce-stojankova-vanova-baterie-veo-i-zlata-brousena-koupelny-sanita-cz-10986\/#breadcrumb"},"inLanguage":"cs","potentialAction":[{"@type":"ReadAction","target":["https:\/\/www.koupeltech.com\/index.php\/produkt\/akce-stojankova-vanova-baterie-veo-i-zlata-brousena-koupelny-sanita-cz-10986\/"]}]},{"@type":"ImageObject","inLanguage":"cs","@id":"https:\/\/www.koupeltech.com\/index.php\/produkt\/akce-stojankova-vanova-baterie-veo-i-zlata-brousena-koupelny-sanita-cz-10986\/#primaryimage","url":"https:\/\/www.koupeltech.com\/wp-content\/uploads\/2026\/SK0024593-CZ20260425-092556-0-1777080363-1821481-3_stojankova-vanova-baterie-veo-i-zlata-brousena.jp.webp","contentUrl":"https:\/\/www.koupeltech.com\/wp-content\/uploads\/2026\/SK0024593-CZ20260425-092556-0-1777080363-1821481-3_stojankova-vanova-baterie-veo-i-zlata-brousena.jp.webp","width":1000,"height":750},{"@type":"BreadcrumbList","@id":"https:\/\/www.koupeltech.com\/index.php\/produkt\/akce-stojankova-vanova-baterie-veo-i-zlata-brousena-koupelny-sanita-cz-10986\/#breadcrumb","itemListElement":[{"@type":"ListItem","position":1,"name":"Home","item":"https:\/\/www.koupeltech.com\/"},{"@type":"ListItem","position":2,"name":"Products","item":"https:\/\/www.koupeltech.com\/index.php\/products\/"},{"@type":"ListItem","position":3,"name":"Akce Stoj\u00e1nkov\u00e1 vanov\u00e1 baterie VEO I zlat\u00e1 brou\u0161en\u00e1 &#8211; koupelny-sanita.cz"}]},{"@type":"WebSite","@id":"https:\/\/www.koupeltech.com\/#website","url":"https:\/\/www.koupeltech.com\/","name":"","description":"","potentialAction":[{"@type":"SearchAction","target":{"@type":"EntryPoint","urlTemplate":"https:\/\/www.koupeltech.com\/?s={search_term_string}"},"query-input":{"@type":"PropertyValueSpecification","valueRequired":true,"valueName":"search_term_string"}}],"inLanguage":"cs"}]}},"_links":{"self":[{"href":"https:\/\/www.koupeltech.com\/index.php\/wp-json\/wp\/v2\/product\/10986","targetHints":{"allow":["GET"]}}],"collection":[{"href":"https:\/\/www.koupeltech.com\/index.php\/wp-json\/wp\/v2\/product"}],"about":[{"href":"https:\/\/www.koupeltech.com\/index.php\/wp-json\/wp\/v2\/types\/product"}],"replies":[{"embeddable":true,"href":"https:\/\/www.koupeltech.com\/index.php\/wp-json\/wp\/v2\/comments?post=10986"}],"wp:featuredmedia":[{"embeddable":true,"href":"https:\/\/www.koupeltech.com\/index.php\/wp-json\/wp\/v2\/media\/11086"}],"wp:attachment":[{"href":"https:\/\/www.koupeltech.com\/index.php\/wp-json\/wp\/v2\/media?parent=10986"}],"wp:term":[{"taxonomy":"product_brand","embeddable":true,"href":"https:\/\/www.koupeltech.com\/index.php\/wp-json\/wp\/v2\/product_brand?post=10986"},{"taxonomy":"product_cat","embeddable":true,"href":"https:\/\/www.koupeltech.com\/index.php\/wp-json\/wp\/v2\/product_cat?post=10986"},{"taxonomy":"product_tag","embeddable":true,"href":"https:\/\/www.koupeltech.com\/index.php\/wp-json\/wp\/v2\/product_tag?post=10986"}],"curies":[{"name":"wp","href":"https:\/\/api.w.org\/{rel}","templated":true}]}}