{"id":11095,"date":"2026-04-27T13:57:26","date_gmt":"2026-04-27T13:57:26","guid":{"rendered":""},"modified":"2026-04-27T13:57:26","modified_gmt":"2026-04-27T13:57:26","slug":"znackovy-wc-sedatko-flat-soft-close-hranate-orlo-koupelny-sanita-cz-11095","status":"publish","type":"product","link":"https:\/\/www.koupeltech.com\/index.php\/produkt\/znackovy-wc-sedatko-flat-soft-close-hranate-orlo-koupelny-sanita-cz-11095\/","title":{"rendered":"Zna\u010dkov\u00fd WC sed\u00e1tko FLAT soft-close, hranat\u00e9 (ORLO) &#8211; koupelny-sanita.cz"},"content":{"rendered":"<div class=\"basic-description\">\n<h3>Detailn\u00ed popis produktu<\/h3>\n<p><b>WC sed\u00e1tko FLAT soft-close<\/b>\u00a0vynik\u00e1 vysoce kvalitn\u00edm zpracov\u00e1n\u00edm a spolehlivou funk\u010dnost\u00ed v\u0161ech sou\u010d\u00e1st\u00ed a materi\u00e1l\u016f.\u00a0<\/p>\n<p><b>P\u0159ednosti WC sed\u00e1tka FLAT soft-close:<\/b><\/p>\n<ul>\n<li>Komfortn\u00ed\u00a0soft-closov\u00e9\u00a0sed\u00e1tko\u00a0s <strong>plynul\u00fdm zav\u00edr\u00e1n\u00edm<\/strong><\/li>\n<li>velmi kvalitn\u00ed <strong>duroplastov\u00e9<\/strong> sed\u00e1tko<\/li>\n<li>Maxim\u00e1ln\u011b<strong> snadn\u00e1 \u00fadr\u017eba<\/strong><\/li>\n<li>modern\u00ed <strong>hranat\u00fd<\/strong> design<\/li>\n<\/ul>\n<ul>\n<li><strong>Z\u00c1RUKA 2 roky<\/strong><\/li>\n<\/ul>\n<\/p>\n<\/p><\/div>\n<div class=\"extended-description\">\n<h3>Dopl\u0148kov\u00e9 parametry<\/h3>\n<table class=\"detail-parameters\">\n<tbody>\n<tr>\n<th>        <span class=\"row-header-label\">            Kategorie<span class=\"row-header-label-colon\">:<\/span>        <\/span>    <\/th>\n<td>            <\/td>\n<\/tr>\n<tr>\n<th>            <span class=\"row-header-label\">                Z\u00e1ruka<span class=\"row-header-label-colon\">:<\/span>            <\/span>        <\/th>\n<td>            2 roky        <\/td>\n<\/tr>\n<tr>\n<th>            <span class=\"row-header-label\">                Hmotnost<span class=\"row-header-label-colon\">:<\/span>            <\/span>        <\/th>\n<td>            3 kg        <\/td>\n<\/tr>\n<tr class=\"productEan\">\n<th>          <span class=\"row-header-label productEan__label\">              EAN<span class=\"row-header-label-colon\">:<\/span>          <\/span>      <\/th>\n<td>          <span class=\"productEan__value\">8595141941135<\/span>      <\/td>\n<\/tr>\n<tr>\n<th>                <span class=\"row-header-label\">                                            Barva<span class=\"row-header-label-colon\">:<\/span>                                    <\/span>            <\/th>\n<td>                                                            B\u00edl\u00e1 leskl\u00e1                                                <\/td>\n<\/tr>\n<tr>\n<th>                <span class=\"row-header-label\">                                            Instalace<span class=\"row-header-label-colon\">:<\/span>                                    <\/span>            <\/th>\n<td>                                                            K Na\u0161roubov\u00e1n\u00ed                                                <\/td>\n<\/tr>\n<tr>\n<th>                <span class=\"row-header-label\">                                            Katalog<span class=\"row-header-label-colon\">:<\/span>                                    <\/span>            <\/th>\n<td>                                                            Olsen-Spa                                                <\/td>\n<\/tr>\n<tr>\n<th>                <span class=\"row-header-label\">                                            Materi\u00e1l<span class=\"row-header-label-colon\">:<\/span>                                    <\/span>            <\/th>\n<td>                                                            Termoplast                                                <\/td>\n<\/tr>\n<tr>\n<th>                <span class=\"row-header-label\">                                            Rozm\u011br A<span class=\"row-header-label-colon\">:<\/span>                                    <\/span>            <\/th>\n<td>                                                            34 cm                                                <\/td>\n<\/tr>\n<tr>\n<th>                <span class=\"row-header-label\">                                            Rozm\u011br B<span class=\"row-header-label-colon\">:<\/span>                                    <\/span>            <\/th>\n<td>                                                            43.5 cm                                                <\/td>\n<\/tr>\n<tr>\n<th>                <span class=\"row-header-label\">                                            S\u00e9rie<span class=\"row-header-label-colon\">:<\/span>                                    <\/span>            <\/th>\n<td>                                                            FLAT                                                <\/td>\n<\/tr>\n<tr>\n<th>                <span class=\"row-header-label\">                                            Skupina artiklu<span class=\"row-header-label-colon\">:<\/span>                                    <\/span>            <\/th>\n<td>                                                            S23LT                                                <\/td>\n<\/tr>\n<tr>\n<th>                <span class=\"row-header-label\">                                            Tvar<span class=\"row-header-label-colon\">:<\/span>                                    <\/span>            <\/th>\n<td>                                                            Hranat\u00e9                                                <\/td>\n<\/tr>\n<tr>\n<th>                <span class=\"row-header-label\">                                            Z\u00e1ruka<span class=\"row-header-label-colon\">:<\/span>                                    <\/span>            <\/th>\n<td>                                                            2 roky                                                <\/td>\n<\/tr>\n<\/tbody>\n<\/table><\/div>\n<\/p><\/div>\n<\/p><\/div>\n","protected":false},"excerpt":{"rendered":"<p>Detailn\u00ed popis produktu WC sed\u00e1tko FLAT soft-close\u00a0vynik\u00e1 vysoce kvalitn\u00edm zpracov\u00e1n\u00edm a spolehlivou funk\u010dnost\u00ed v\u0161ech sou\u010d\u00e1st\u00ed a materi\u00e1l\u016f.\u00a0 P\u0159ednosti WC sed\u00e1tka FLAT soft-close: Komfortn\u00ed\u00a0soft-closov\u00e9\u00a0sed\u00e1tko\u00a0s plynul\u00fdm zav\u00edr\u00e1n\u00edm velmi kvalitn\u00ed duroplastov\u00e9 sed\u00e1tko Maxim\u00e1ln\u011b snadn\u00e1 \u00fadr\u017eba modern\u00ed hranat\u00fd design Z\u00c1RUKA 2 roky Dopl\u0148kov\u00e9 parametry Kategorie: Z\u00e1ruka: 2 roky Hmotnost: 3 kg EAN: 8595141941135 Barva: B\u00edl\u00e1 leskl\u00e1 Instalace: K Na\u0161roubov\u00e1n\u00ed [&hellip;]<\/p>\n","protected":false},"featured_media":11195,"comment_status":"open","ping_status":"open","template":"","meta":[],"product_brand":[],"product_cat":[69],"product_tag":[],"class_list":{"0":"post-11095","1":"product","2":"type-product","3":"status-publish","4":"has-post-thumbnail","6":"product_cat-wc-sedatka","8":"first","9":"instock","10":"sale","11":"shipping-taxable","12":"purchasable","13":"product-type-simple"},"yoast_head":"<!-- This site is optimized with the Yoast SEO plugin v26.8 - https:\/\/yoast.com\/product\/yoast-seo-wordpress\/ -->\n<title>Zna\u010dkov\u00fd WC sed\u00e1tko FLAT soft-close, hranat\u00e9 (ORLO) - koupelny-sanita.cz -<\/title>\n<meta name=\"robots\" content=\"index, follow, max-snippet:-1, max-image-preview:large, max-video-preview:-1\" \/>\n<link rel=\"canonical\" href=\"https:\/\/www.koupeltech.com\/index.php\/produkt\/znackovy-wc-sedatko-flat-soft-close-hranate-orlo-koupelny-sanita-cz-11095\/\" \/>\n<meta property=\"og:locale\" content=\"cs_CZ\" \/>\n<meta property=\"og:type\" content=\"article\" \/>\n<meta property=\"og:title\" content=\"Zna\u010dkov\u00fd WC sed\u00e1tko FLAT soft-close, hranat\u00e9 (ORLO) - koupelny-sanita.cz -\" \/>\n<meta property=\"og:description\" content=\"Detailn\u00ed popis produktu WC sed\u00e1tko FLAT soft-close\u00a0vynik\u00e1 vysoce kvalitn\u00edm zpracov\u00e1n\u00edm a spolehlivou funk\u010dnost\u00ed v\u0161ech sou\u010d\u00e1st\u00ed a materi\u00e1l\u016f.\u00a0 P\u0159ednosti WC sed\u00e1tka FLAT soft-close: Komfortn\u00ed\u00a0soft-closov\u00e9\u00a0sed\u00e1tko\u00a0s plynul\u00fdm zav\u00edr\u00e1n\u00edm velmi kvalitn\u00ed duroplastov\u00e9 sed\u00e1tko Maxim\u00e1ln\u011b snadn\u00e1 \u00fadr\u017eba modern\u00ed hranat\u00fd design Z\u00c1RUKA 2 roky Dopl\u0148kov\u00e9 parametry Kategorie: Z\u00e1ruka: 2 roky Hmotnost: 3 kg EAN: 8595141941135 Barva: B\u00edl\u00e1 leskl\u00e1 Instalace: K Na\u0161roubov\u00e1n\u00ed [&hellip;]\" \/>\n<meta property=\"og:url\" content=\"https:\/\/www.koupeltech.com\/index.php\/produkt\/znackovy-wc-sedatko-flat-soft-close-hranate-orlo-koupelny-sanita-cz-11095\/\" \/>\n<meta property=\"og:image\" content=\"https:\/\/www.koupeltech.com\/wp-content\/uploads\/2026\/SK0024602-CZ20260425-092556-0-1777080363-1821508_wc-sedatko-flat-soft-close-hranate-orlo.webp\" \/>\n\t<meta property=\"og:image:width\" content=\"1000\" \/>\n\t<meta property=\"og:image:height\" content=\"750\" \/>\n\t<meta property=\"og:image:type\" content=\"image\/webp\" \/>\n<meta name=\"twitter:card\" content=\"summary_large_image\" \/>\n<meta name=\"twitter:label1\" content=\"Odhadovan\u00e1 doba \u010dten\u00ed\" \/>\n\t<meta name=\"twitter:data1\" content=\"1 minuta\" \/>\n<script type=\"application\/ld+json\" class=\"yoast-schema-graph\">{\"@context\":\"https:\/\/schema.org\",\"@graph\":[{\"@type\":\"WebPage\",\"@id\":\"https:\/\/www.koupeltech.com\/index.php\/produkt\/znackovy-wc-sedatko-flat-soft-close-hranate-orlo-koupelny-sanita-cz-11095\/\",\"url\":\"https:\/\/www.koupeltech.com\/index.php\/produkt\/znackovy-wc-sedatko-flat-soft-close-hranate-orlo-koupelny-sanita-cz-11095\/\",\"name\":\"Zna\u010dkov\u00fd WC sed\u00e1tko FLAT soft-close, hranat\u00e9 (ORLO) - koupelny-sanita.cz -\",\"isPartOf\":{\"@id\":\"https:\/\/www.koupeltech.com\/#website\"},\"primaryImageOfPage\":{\"@id\":\"https:\/\/www.koupeltech.com\/index.php\/produkt\/znackovy-wc-sedatko-flat-soft-close-hranate-orlo-koupelny-sanita-cz-11095\/#primaryimage\"},\"image\":{\"@id\":\"https:\/\/www.koupeltech.com\/index.php\/produkt\/znackovy-wc-sedatko-flat-soft-close-hranate-orlo-koupelny-sanita-cz-11095\/#primaryimage\"},\"thumbnailUrl\":\"https:\/\/www.koupeltech.com\/wp-content\/uploads\/2026\/SK0024602-CZ20260425-092556-0-1777080363-1821508_wc-sedatko-flat-soft-close-hranate-orlo.webp\",\"datePublished\":\"2026-04-27T13:57:26+00:00\",\"breadcrumb\":{\"@id\":\"https:\/\/www.koupeltech.com\/index.php\/produkt\/znackovy-wc-sedatko-flat-soft-close-hranate-orlo-koupelny-sanita-cz-11095\/#breadcrumb\"},\"inLanguage\":\"cs\",\"potentialAction\":[{\"@type\":\"ReadAction\",\"target\":[\"https:\/\/www.koupeltech.com\/index.php\/produkt\/znackovy-wc-sedatko-flat-soft-close-hranate-orlo-koupelny-sanita-cz-11095\/\"]}]},{\"@type\":\"ImageObject\",\"inLanguage\":\"cs\",\"@id\":\"https:\/\/www.koupeltech.com\/index.php\/produkt\/znackovy-wc-sedatko-flat-soft-close-hranate-orlo-koupelny-sanita-cz-11095\/#primaryimage\",\"url\":\"https:\/\/www.koupeltech.com\/wp-content\/uploads\/2026\/SK0024602-CZ20260425-092556-0-1777080363-1821508_wc-sedatko-flat-soft-close-hranate-orlo.webp\",\"contentUrl\":\"https:\/\/www.koupeltech.com\/wp-content\/uploads\/2026\/SK0024602-CZ20260425-092556-0-1777080363-1821508_wc-sedatko-flat-soft-close-hranate-orlo.webp\",\"width\":1000,\"height\":750},{\"@type\":\"BreadcrumbList\",\"@id\":\"https:\/\/www.koupeltech.com\/index.php\/produkt\/znackovy-wc-sedatko-flat-soft-close-hranate-orlo-koupelny-sanita-cz-11095\/#breadcrumb\",\"itemListElement\":[{\"@type\":\"ListItem\",\"position\":1,\"name\":\"Home\",\"item\":\"https:\/\/www.koupeltech.com\/\"},{\"@type\":\"ListItem\",\"position\":2,\"name\":\"Products\",\"item\":\"https:\/\/www.koupeltech.com\/index.php\/products\/\"},{\"@type\":\"ListItem\",\"position\":3,\"name\":\"Zna\u010dkov\u00fd WC sed\u00e1tko FLAT soft-close, hranat\u00e9 (ORLO) &#8211; koupelny-sanita.cz\"}]},{\"@type\":\"WebSite\",\"@id\":\"https:\/\/www.koupeltech.com\/#website\",\"url\":\"https:\/\/www.koupeltech.com\/\",\"name\":\"\",\"description\":\"\",\"potentialAction\":[{\"@type\":\"SearchAction\",\"target\":{\"@type\":\"EntryPoint\",\"urlTemplate\":\"https:\/\/www.koupeltech.com\/?s={search_term_string}\"},\"query-input\":{\"@type\":\"PropertyValueSpecification\",\"valueRequired\":true,\"valueName\":\"search_term_string\"}}],\"inLanguage\":\"cs\"}]}<\/script>\n<!-- \/ Yoast SEO plugin. -->","yoast_head_json":{"title":"Zna\u010dkov\u00fd WC sed\u00e1tko FLAT soft-close, hranat\u00e9 (ORLO) - koupelny-sanita.cz -","robots":{"index":"index","follow":"follow","max-snippet":"max-snippet:-1","max-image-preview":"max-image-preview:large","max-video-preview":"max-video-preview:-1"},"canonical":"https:\/\/www.koupeltech.com\/index.php\/produkt\/znackovy-wc-sedatko-flat-soft-close-hranate-orlo-koupelny-sanita-cz-11095\/","og_locale":"cs_CZ","og_type":"article","og_title":"Zna\u010dkov\u00fd WC sed\u00e1tko FLAT soft-close, hranat\u00e9 (ORLO) - koupelny-sanita.cz -","og_description":"Detailn\u00ed popis produktu WC sed\u00e1tko FLAT soft-close\u00a0vynik\u00e1 vysoce kvalitn\u00edm zpracov\u00e1n\u00edm a spolehlivou funk\u010dnost\u00ed v\u0161ech sou\u010d\u00e1st\u00ed a materi\u00e1l\u016f.\u00a0 P\u0159ednosti WC sed\u00e1tka FLAT soft-close: Komfortn\u00ed\u00a0soft-closov\u00e9\u00a0sed\u00e1tko\u00a0s plynul\u00fdm zav\u00edr\u00e1n\u00edm velmi kvalitn\u00ed duroplastov\u00e9 sed\u00e1tko Maxim\u00e1ln\u011b snadn\u00e1 \u00fadr\u017eba modern\u00ed hranat\u00fd design Z\u00c1RUKA 2 roky Dopl\u0148kov\u00e9 parametry Kategorie: Z\u00e1ruka: 2 roky Hmotnost: 3 kg EAN: 8595141941135 Barva: B\u00edl\u00e1 leskl\u00e1 Instalace: K Na\u0161roubov\u00e1n\u00ed [&hellip;]","og_url":"https:\/\/www.koupeltech.com\/index.php\/produkt\/znackovy-wc-sedatko-flat-soft-close-hranate-orlo-koupelny-sanita-cz-11095\/","og_image":[{"width":1000,"height":750,"url":"https:\/\/www.koupeltech.com\/wp-content\/uploads\/2026\/SK0024602-CZ20260425-092556-0-1777080363-1821508_wc-sedatko-flat-soft-close-hranate-orlo.webp","type":"image\/webp"}],"twitter_card":"summary_large_image","twitter_misc":{"Odhadovan\u00e1 doba \u010dten\u00ed":"1 minuta"},"schema":{"@context":"https:\/\/schema.org","@graph":[{"@type":"WebPage","@id":"https:\/\/www.koupeltech.com\/index.php\/produkt\/znackovy-wc-sedatko-flat-soft-close-hranate-orlo-koupelny-sanita-cz-11095\/","url":"https:\/\/www.koupeltech.com\/index.php\/produkt\/znackovy-wc-sedatko-flat-soft-close-hranate-orlo-koupelny-sanita-cz-11095\/","name":"Zna\u010dkov\u00fd WC sed\u00e1tko FLAT soft-close, hranat\u00e9 (ORLO) - koupelny-sanita.cz -","isPartOf":{"@id":"https:\/\/www.koupeltech.com\/#website"},"primaryImageOfPage":{"@id":"https:\/\/www.koupeltech.com\/index.php\/produkt\/znackovy-wc-sedatko-flat-soft-close-hranate-orlo-koupelny-sanita-cz-11095\/#primaryimage"},"image":{"@id":"https:\/\/www.koupeltech.com\/index.php\/produkt\/znackovy-wc-sedatko-flat-soft-close-hranate-orlo-koupelny-sanita-cz-11095\/#primaryimage"},"thumbnailUrl":"https:\/\/www.koupeltech.com\/wp-content\/uploads\/2026\/SK0024602-CZ20260425-092556-0-1777080363-1821508_wc-sedatko-flat-soft-close-hranate-orlo.webp","datePublished":"2026-04-27T13:57:26+00:00","breadcrumb":{"@id":"https:\/\/www.koupeltech.com\/index.php\/produkt\/znackovy-wc-sedatko-flat-soft-close-hranate-orlo-koupelny-sanita-cz-11095\/#breadcrumb"},"inLanguage":"cs","potentialAction":[{"@type":"ReadAction","target":["https:\/\/www.koupeltech.com\/index.php\/produkt\/znackovy-wc-sedatko-flat-soft-close-hranate-orlo-koupelny-sanita-cz-11095\/"]}]},{"@type":"ImageObject","inLanguage":"cs","@id":"https:\/\/www.koupeltech.com\/index.php\/produkt\/znackovy-wc-sedatko-flat-soft-close-hranate-orlo-koupelny-sanita-cz-11095\/#primaryimage","url":"https:\/\/www.koupeltech.com\/wp-content\/uploads\/2026\/SK0024602-CZ20260425-092556-0-1777080363-1821508_wc-sedatko-flat-soft-close-hranate-orlo.webp","contentUrl":"https:\/\/www.koupeltech.com\/wp-content\/uploads\/2026\/SK0024602-CZ20260425-092556-0-1777080363-1821508_wc-sedatko-flat-soft-close-hranate-orlo.webp","width":1000,"height":750},{"@type":"BreadcrumbList","@id":"https:\/\/www.koupeltech.com\/index.php\/produkt\/znackovy-wc-sedatko-flat-soft-close-hranate-orlo-koupelny-sanita-cz-11095\/#breadcrumb","itemListElement":[{"@type":"ListItem","position":1,"name":"Home","item":"https:\/\/www.koupeltech.com\/"},{"@type":"ListItem","position":2,"name":"Products","item":"https:\/\/www.koupeltech.com\/index.php\/products\/"},{"@type":"ListItem","position":3,"name":"Zna\u010dkov\u00fd WC sed\u00e1tko FLAT soft-close, hranat\u00e9 (ORLO) &#8211; koupelny-sanita.cz"}]},{"@type":"WebSite","@id":"https:\/\/www.koupeltech.com\/#website","url":"https:\/\/www.koupeltech.com\/","name":"","description":"","potentialAction":[{"@type":"SearchAction","target":{"@type":"EntryPoint","urlTemplate":"https:\/\/www.koupeltech.com\/?s={search_term_string}"},"query-input":{"@type":"PropertyValueSpecification","valueRequired":true,"valueName":"search_term_string"}}],"inLanguage":"cs"}]}},"_links":{"self":[{"href":"https:\/\/www.koupeltech.com\/index.php\/wp-json\/wp\/v2\/product\/11095","targetHints":{"allow":["GET"]}}],"collection":[{"href":"https:\/\/www.koupeltech.com\/index.php\/wp-json\/wp\/v2\/product"}],"about":[{"href":"https:\/\/www.koupeltech.com\/index.php\/wp-json\/wp\/v2\/types\/product"}],"replies":[{"embeddable":true,"href":"https:\/\/www.koupeltech.com\/index.php\/wp-json\/wp\/v2\/comments?post=11095"}],"wp:featuredmedia":[{"embeddable":true,"href":"https:\/\/www.koupeltech.com\/index.php\/wp-json\/wp\/v2\/media\/11195"}],"wp:attachment":[{"href":"https:\/\/www.koupeltech.com\/index.php\/wp-json\/wp\/v2\/media?parent=11095"}],"wp:term":[{"taxonomy":"product_brand","embeddable":true,"href":"https:\/\/www.koupeltech.com\/index.php\/wp-json\/wp\/v2\/product_brand?post=11095"},{"taxonomy":"product_cat","embeddable":true,"href":"https:\/\/www.koupeltech.com\/index.php\/wp-json\/wp\/v2\/product_cat?post=11095"},{"taxonomy":"product_tag","embeddable":true,"href":"https:\/\/www.koupeltech.com\/index.php\/wp-json\/wp\/v2\/product_tag?post=11095"}],"curies":[{"name":"wp","href":"https:\/\/api.w.org\/{rel}","templated":true}]}}