{"id":11173,"date":"2026-04-27T13:57:26","date_gmt":"2026-04-27T13:57:26","guid":{"rendered":""},"modified":"2026-04-27T13:57:26","modified_gmt":"2026-04-27T13:57:26","slug":"zlevneny-topna-tyc-hoted-smart-s-wi-fi-a-termostatem-krouceny-kabel-zlata-600-w-koupelny-sanita-cz-11173","status":"publish","type":"product","link":"https:\/\/www.koupeltech.com\/index.php\/produkt\/zlevneny-topna-tyc-hoted-smart-s-wi-fi-a-termostatem-krouceny-kabel-zlata-600-w-koupelny-sanita-cz-11173\/","title":{"rendered":"Zlevn\u011bn\u00fd Topn\u00e1 ty\u010d HOTED SMART s WI-FI a termostatem, Kroucen\u00fd kabel, Zlat\u00e1, 600 W &#8211; koupelny-sanita.cz"},"content":{"rendered":"<div class=\"basic-description\">\n<h3>Detailn\u00ed popis produktu<\/h3>\n<h3>Oh\u0159\u00edva\u010d HOTED SMART je inovativn\u00ed za\u0159\u00edzen\u00ed s dvoj\u00edm vyu\u017eit\u00edm:<\/h3>\n<p>1. D\u00edky vestav\u011bn\u00e9 pokro\u010dil\u00e9 elektronick\u00e9 \u0159\u00eddic\u00ed jednotce nab\u00edz\u00ed oh\u0159\u00edva\u010d HOT SMART u\u017eivateli \u0159\u00eddic\u00ed funkce nezbytn\u00e9 pro spln\u011bn\u00ed povinn\u00fdch <strong>po\u017eadavk\u016f Evropsk\u00e9 unie na EKODESIGN<\/strong>. Lze jej proto pou\u017e\u00edt jako zdroj tepla v elektrick\u00fdch oh\u0159\u00edva\u010d\u00edch, stejn\u011b jako v su\u0161i\u010dk\u00e1ch pr\u00e1dla a ru\u010dn\u00edk\u016f napln\u011bn\u00fdch sm\u011bs\u00ed demineralizovan\u00e9 vody a propylenglykolu.<\/p>\n<p>2. Oh\u0159\u00edva\u010d HOTED SMART lze pou\u017e\u00edt tak\u00e9 jako p\u0159\u00eddavn\u00fd zdroj tepla v radi\u00e1torech \u00fast\u0159edn\u00edho vyt\u00e1p\u011bn\u00ed s cirkulac\u00ed vody z oceli nebo m\u011bdi, kter\u00e9 funguj\u00ed v uzav\u0159en\u00fdch i otev\u0159en\u00fdch syst\u00e9mech \u00fast\u0159edn\u00edho vyt\u00e1p\u011bn\u00ed. (za p\u0159edpokladu, \u017ee jsou pou\u017eity vhodn\u011b zvolen\u00e9 inhibitory koroze). Informace o mo\u017enostech pou\u017eit\u00ed oh\u0159\u00edva\u010d\u016f v konkr\u00e9tn\u00edch modelech radi\u00e1tor\u016f naleznete v technick\u00fdch informa\u010dn\u00edch materi\u00e1lech vydan\u00fdch jejich v\u00fdrobci. Oh\u0159\u00edva\u010d HOTED SMART je p\u0159izp\u016fsoben pro nap\u00e1jen\u00ed nap\u011bt\u00edm 220-240 V, 50\/60 Hz, prost\u0159ednictv\u00edm kabelu zakon\u010den\u00e9ho z\u00e1str\u010dkou s vyp\u00edna\u010dem.<\/p>\n<div>\n<h3><strong>Vlastnosti produktu<\/strong><\/h3>\n<p>HOT SMART je inovativn\u00ed elektrick\u00e9 topn\u00e9 t\u011bleso ur\u010den\u00e9 jak pro radi\u00e1tory \u00fast\u0159edn\u00edho topen\u00ed, tak pro elektrick\u00e9 oh\u0159\u00edva\u010de napln\u011bn\u00e9 speci\u00e1ln\u00ed topnou kapalinou, na kter\u00e9 se vztahuj\u00ed po\u017eadavky pr\u00e1vn\u00edch p\u0159edpis\u016f EU o ekologick\u00e9m designu.<\/p>\n<p>Jednotka je vybavena pokro\u010dil\u00fdm \u0159\u00eddic\u00edm modulem, kter\u00fd umo\u017e\u0148uje jak manu\u00e1ln\u00ed (dotykov\u00e9) ovl\u00e1d\u00e1n\u00ed provozn\u00edch funkc\u00ed, tak plnou vzd\u00e1lenou spr\u00e1vu prost\u0159ednictv\u00edm p\u0159ipojen\u00ed WiFi a aplikace Smart Life.<\/p>\n<p>Oh\u0159\u00edva\u010d je standardn\u011b vybaven vysoce kvalitn\u00edm topn\u00fdm t\u011blesem z nerezov\u00e9 oceli, kter\u00e9 zaru\u010duje odolnost a dlouhou \u017eivotnost jednotky.<\/p>\n<h3><strong>Funkce v manu\u00e1ln\u00edm (m\u00edstn\u00edm) re\u017eimu:<\/strong><\/h3>\n<p>\u2015 Dotykov\u00e9 ovl\u00e1d\u00e1n\u00ed p\u0159\u00edmo na za\u0159\u00edzen\u00ed.<\/p>\n<p>\u2015 8 stup\u0148\u016f regulace teploty od 16 do 30 \u00b0C (v kroc\u00edch po 2 \u00b0C).<\/p>\n<p>\u2015 Re\u017eim proti zamrznut\u00ed (nemrznouc\u00ed sm\u011bs) &#8211; aktivuje se p\u0159i poklesu teploty pod 7 \u00b0C.<\/p>\n<p>\u2015 \u010casova\u010d: 1 a\u017e 8 hodin, mo\u017enost zm\u011bny po hodin\u00e1ch.<\/p>\n<p>\u2015 Autodiagnostika (nap\u0159. otev\u0159en\u00fd vodn\u00ed okruh, nouzov\u00e9 stavy).<\/p>\n<\/p>\n<p>\u2015 V\u00edcestup\u0148ov\u00e1 ochrana proti p\u0159eh\u0159\u00e1t\u00ed.<\/p>\n<\/p>\n<h3><strong>Funkce v inteligentn\u00edm re\u017eimu (d\u00e1lkov\u011b, prost\u0159ednictv\u00edm aplikace Smart Life):<\/strong><\/h3>\n<p>\u2015 Ovl\u00e1d\u00e1n\u00ed p\u0159es Wi-Fi z aplikace Smart Life<\/p>\n<p>\u2015 Plynul\u00e1 regulace teploty v rozsahu 7-35 \u00b0C (po 1 \u00b0C)<\/p>\n<p>\u2015 Re\u017eim proti zamrznut\u00ed &#8211; aktivuje se a deaktivuje v aplikaci<\/p>\n<p>\u2015 Detekce otev\u0159en\u00e9ho okna<\/p>\n<p>\u2015 Rodi\u010dovsk\u00fd z\u00e1mek (D\u011btsk\u00fd z\u00e1mek)<\/p>\n<p>\u2015 Programovateln\u00fd t\u00fddenn\u00ed pl\u00e1n<\/p>\n<p>\u2015 \u010casova\u010d nastaviteln\u00fd a\u017e na 24 hodin<\/p>\n<p>\u2015 Autodiagnostika (nap\u0159. otev\u0159en\u00fd vodn\u00ed okruh, poruchov\u00e9 stavy)<\/p>\n<p>\u2015 V\u00edcestup\u0148ov\u00e1 ochrana proti p\u0159eh\u0159\u00e1t\u00ed<\/p>\n<h3 class=\"description\"><strong>Barevn\u00e9 proveden\u00ed topn\u00fd ty\u010de: <\/strong><\/h3>\n<ul>\n<li class=\"description\">b\u00edl\u00e1<\/li>\n<li class=\"description\">\u010dern\u00e1<\/li>\n<li class=\"description\">st\u0159\u00edbrn\u00e1<\/li>\n<li class=\"description\">zlat\u00e1<\/li>\n<\/ul>\n<h3><strong>D\u00e9lka a v\u00fdkon ty\u010de:\u00a0<\/strong><\/h3>\n<div>\n<ul>\n<li>d\u00e9lka 340 mm, 300 W, ty\u010d doporu\u010dena pro radi\u00e1tory s tepeln\u00fdm v\u00fdkonem 235 &#8211; 349 W<\/li>\n<li>d\u00e9lka 340 mm, 400 W, ty\u010d doporu\u010dena pro radi\u00e1tory s tepeln\u00fdm v\u00fdkonem 350 &#8211; 499 W<\/li>\n<li>d\u00e9lka 390 mm, 600 W, ty\u010d doporu\u010dena pro radi\u00e1tory s tepeln\u00fdm v\u00fdkonem 500 &#8211; 719 W<\/li>\n<li>d\u00e9lka 440 mm, 900 W, ty\u010d doporu\u010dena pro radi\u00e1tory s tepeln\u00fdm v\u00fdkonem 720 &#8211; 1149 W<\/li>\n<li>d\u00e9lka 550 mm, 1200 W, ty\u010d doporu\u010dena pro radi\u00e1tory s tepeln\u00fdm v\u00fdkonem 1150 &#8211; 1500 W<\/li>\n<\/ul>\n<h3><strong>Z\u00c1RUKA 2 ROKY<\/strong><\/h3>\n<\/div>\n<\/div><\/div>\n<div class=\"extended-description\">\n<h3>Dopl\u0148kov\u00e9 parametry<\/h3>\n<table class=\"detail-parameters\">\n<tbody>\n<tr>\n<th>        <span class=\"row-header-label\">            Kategorie<span class=\"row-header-label-colon\">:<\/span>        <\/span>    <\/th>\n<td>            <\/td>\n<\/tr>\n<tr>\n<th>            <span class=\"row-header-label\">                Z\u00e1ruka<span class=\"row-header-label-colon\">:<\/span>            <\/span>        <\/th>\n<td>            2 roky        <\/td>\n<\/tr>\n<tr>\n<th>            <span class=\"row-header-label\">                Hmotnost<span class=\"row-header-label-colon\">:<\/span>            <\/span>        <\/th>\n<td>            1.2 kg        <\/td>\n<\/tr>\n<tr class=\"productEan\">\n<th>          <span class=\"row-header-label productEan__label\">              EAN<span class=\"row-header-label-colon\">:<\/span>          <\/span>      <\/th>\n<td>          <span class=\"productEan__value\">5905253727504<\/span>      <\/td>\n<\/tr>\n<tr>\n<th>                <span class=\"row-header-label\">                                            Barva<span class=\"row-header-label-colon\">:<\/span>                                    <\/span>            <\/th>\n<td>                                                            B\u00edl\u00e1 leskl\u00e1,St\u0159\u00edbrn\u00e1,\u010cern\u00e1,Zlat\u00e1                                                <\/td>\n<\/tr>\n<tr>\n<th>                <span class=\"row-header-label\">                                            Barva topn\u00e9 ty\u010de<span class=\"row-header-label-colon\">:<\/span>                                    <\/span>            <\/th>\n<td>                                                            Zlat\u00e1                                                <\/td>\n<\/tr>\n<tr>\n<th>                <span class=\"row-header-label\">                                            Katalog<span class=\"row-header-label-colon\">:<\/span>                                    <\/span>            <\/th>\n<td>                                                            Olsen-Spa,HOPA Koupelny                                                <\/td>\n<\/tr>\n<tr>\n<th>                <span class=\"row-header-label\">                                            P\u0159ipojen\u00ed radi\u00e1toru<span class=\"row-header-label-colon\">:<\/span>                                    <\/span>            <\/th>\n<td>                                                            Kroucen\u00fd kabel                                                <\/td>\n<\/tr>\n<tr>\n<th>                <span class=\"row-header-label\">                                            S\u00e9rie<span class=\"row-header-label-colon\">:<\/span>                                    <\/span>            <\/th>\n<td>                                                            HOT                                                <\/td>\n<\/tr>\n<tr>\n<th>                <span class=\"row-header-label\">                                            Skupina artiklu<span class=\"row-header-label-colon\">:<\/span>                                    <\/span>            <\/th>\n<td>                                                            S19                                                <\/td>\n<\/tr>\n<tr>\n<th>                <span class=\"row-header-label\">                                            Stupe\u0148 kryt\u00ed<span class=\"row-header-label-colon\">:<\/span>                                    <\/span>            <\/th>\n<td>                                                            IP44                                                <\/td>\n<\/tr>\n<tr>\n<th>                <span class=\"row-header-label\">                                            Top Produkt<span class=\"row-header-label-colon\">:<\/span>                                    <\/span>            <\/th>\n<td>                                                            Ano                                                <\/td>\n<\/tr>\n<tr>\n<th>                <span class=\"row-header-label\">                                            V\u00fdkon<span class=\"row-header-label-colon\">:<\/span>                                    <\/span>            <\/th>\n<td>                                                            400 W,600 W,300 W,900 W,1200 W                                                <\/td>\n<\/tr>\n<tr>\n<th>                <span class=\"row-header-label\">                                            V\u00fdkon topn\u00e9 ty\u010de<span class=\"row-header-label-colon\">:<\/span>                                    <\/span>            <\/th>\n<td>                                                            600 W                                                <\/td>\n<\/tr>\n<tr>\n<th>                <span class=\"row-header-label\">                                            Z\u00e1ruka<span class=\"row-header-label-colon\">:<\/span>                                    <\/span>            <\/th>\n<td>                                                            2 roky                                                <\/td>\n<\/tr>\n<\/tbody>\n<\/table><\/div>\n<\/p><\/div>\n<\/p><\/div>\n","protected":false},"excerpt":{"rendered":"<p>Detailn\u00ed popis produktu Oh\u0159\u00edva\u010d HOTED SMART je inovativn\u00ed za\u0159\u00edzen\u00ed s dvoj\u00edm vyu\u017eit\u00edm: 1. D\u00edky vestav\u011bn\u00e9 pokro\u010dil\u00e9 elektronick\u00e9 \u0159\u00eddic\u00ed jednotce nab\u00edz\u00ed oh\u0159\u00edva\u010d HOT SMART u\u017eivateli \u0159\u00eddic\u00ed funkce nezbytn\u00e9 pro spln\u011bn\u00ed povinn\u00fdch po\u017eadavk\u016f Evropsk\u00e9 unie na EKODESIGN. Lze jej proto pou\u017e\u00edt jako zdroj tepla v elektrick\u00fdch oh\u0159\u00edva\u010d\u00edch, stejn\u011b jako v su\u0161i\u010dk\u00e1ch pr\u00e1dla a ru\u010dn\u00edk\u016f napln\u011bn\u00fdch sm\u011bs\u00ed demineralizovan\u00e9 [&hellip;]<\/p>\n","protected":false},"featured_media":11273,"comment_status":"open","ping_status":"open","template":"","meta":[],"product_brand":[],"product_cat":[65],"product_tag":[],"class_list":{"0":"post-11173","1":"product","2":"type-product","3":"status-publish","4":"has-post-thumbnail","6":"product_cat-koupelnove-radiatory","8":"first","9":"instock","10":"sale","11":"shipping-taxable","12":"purchasable","13":"product-type-simple"},"yoast_head":"<!-- This site is optimized with the Yoast SEO plugin v26.8 - https:\/\/yoast.com\/product\/yoast-seo-wordpress\/ -->\n<title>Zlevn\u011bn\u00fd Topn\u00e1 ty\u010d HOTED SMART s WI-FI a termostatem, Kroucen\u00fd kabel, Zlat\u00e1, 600 W - koupelny-sanita.cz -<\/title>\n<meta name=\"robots\" content=\"index, follow, max-snippet:-1, max-image-preview:large, max-video-preview:-1\" \/>\n<link rel=\"canonical\" href=\"https:\/\/www.koupeltech.com\/index.php\/produkt\/zlevneny-topna-tyc-hoted-smart-s-wi-fi-a-termostatem-krouceny-kabel-zlata-600-w-koupelny-sanita-cz-11173\/\" \/>\n<meta property=\"og:locale\" content=\"cs_CZ\" \/>\n<meta property=\"og:type\" content=\"article\" \/>\n<meta property=\"og:title\" content=\"Zlevn\u011bn\u00fd Topn\u00e1 ty\u010d HOTED SMART s WI-FI a termostatem, Kroucen\u00fd kabel, Zlat\u00e1, 600 W - koupelny-sanita.cz -\" \/>\n<meta property=\"og:description\" content=\"Detailn\u00ed popis produktu Oh\u0159\u00edva\u010d HOTED SMART je inovativn\u00ed za\u0159\u00edzen\u00ed s dvoj\u00edm vyu\u017eit\u00edm: 1. D\u00edky vestav\u011bn\u00e9 pokro\u010dil\u00e9 elektronick\u00e9 \u0159\u00eddic\u00ed jednotce nab\u00edz\u00ed oh\u0159\u00edva\u010d HOT SMART u\u017eivateli \u0159\u00eddic\u00ed funkce nezbytn\u00e9 pro spln\u011bn\u00ed povinn\u00fdch po\u017eadavk\u016f Evropsk\u00e9 unie na EKODESIGN. Lze jej proto pou\u017e\u00edt jako zdroj tepla v elektrick\u00fdch oh\u0159\u00edva\u010d\u00edch, stejn\u011b jako v su\u0161i\u010dk\u00e1ch pr\u00e1dla a ru\u010dn\u00edk\u016f napln\u011bn\u00fdch sm\u011bs\u00ed demineralizovan\u00e9 [&hellip;]\" \/>\n<meta property=\"og:url\" content=\"https:\/\/www.koupeltech.com\/index.php\/produkt\/zlevneny-topna-tyc-hoted-smart-s-wi-fi-a-termostatem-krouceny-kabel-zlata-600-w-koupelny-sanita-cz-11173\/\" \/>\n<meta property=\"og:image\" content=\"https:\/\/www.koupeltech.com\/wp-content\/uploads\/2026\/SK0024680-CZ20260425-092556-0-1777080363-1821763-6_topna-tyc-hoted-smart-s-termostatem-a-casovacem.j.webp\" \/>\n\t<meta property=\"og:image:width\" content=\"1000\" \/>\n\t<meta property=\"og:image:height\" content=\"750\" \/>\n\t<meta property=\"og:image:type\" content=\"image\/webp\" \/>\n<meta name=\"twitter:card\" content=\"summary_large_image\" \/>\n<meta name=\"twitter:label1\" content=\"Odhadovan\u00e1 doba \u010dten\u00ed\" \/>\n\t<meta name=\"twitter:data1\" content=\"3 minuty\" \/>\n<script type=\"application\/ld+json\" class=\"yoast-schema-graph\">{\"@context\":\"https:\/\/schema.org\",\"@graph\":[{\"@type\":\"WebPage\",\"@id\":\"https:\/\/www.koupeltech.com\/index.php\/produkt\/zlevneny-topna-tyc-hoted-smart-s-wi-fi-a-termostatem-krouceny-kabel-zlata-600-w-koupelny-sanita-cz-11173\/\",\"url\":\"https:\/\/www.koupeltech.com\/index.php\/produkt\/zlevneny-topna-tyc-hoted-smart-s-wi-fi-a-termostatem-krouceny-kabel-zlata-600-w-koupelny-sanita-cz-11173\/\",\"name\":\"Zlevn\u011bn\u00fd Topn\u00e1 ty\u010d HOTED SMART s WI-FI a termostatem, Kroucen\u00fd kabel, Zlat\u00e1, 600 W - koupelny-sanita.cz -\",\"isPartOf\":{\"@id\":\"https:\/\/www.koupeltech.com\/#website\"},\"primaryImageOfPage\":{\"@id\":\"https:\/\/www.koupeltech.com\/index.php\/produkt\/zlevneny-topna-tyc-hoted-smart-s-wi-fi-a-termostatem-krouceny-kabel-zlata-600-w-koupelny-sanita-cz-11173\/#primaryimage\"},\"image\":{\"@id\":\"https:\/\/www.koupeltech.com\/index.php\/produkt\/zlevneny-topna-tyc-hoted-smart-s-wi-fi-a-termostatem-krouceny-kabel-zlata-600-w-koupelny-sanita-cz-11173\/#primaryimage\"},\"thumbnailUrl\":\"https:\/\/www.koupeltech.com\/wp-content\/uploads\/2026\/SK0024680-CZ20260425-092556-0-1777080363-1821763-6_topna-tyc-hoted-smart-s-termostatem-a-casovacem.j.webp\",\"datePublished\":\"2026-04-27T13:57:26+00:00\",\"breadcrumb\":{\"@id\":\"https:\/\/www.koupeltech.com\/index.php\/produkt\/zlevneny-topna-tyc-hoted-smart-s-wi-fi-a-termostatem-krouceny-kabel-zlata-600-w-koupelny-sanita-cz-11173\/#breadcrumb\"},\"inLanguage\":\"cs\",\"potentialAction\":[{\"@type\":\"ReadAction\",\"target\":[\"https:\/\/www.koupeltech.com\/index.php\/produkt\/zlevneny-topna-tyc-hoted-smart-s-wi-fi-a-termostatem-krouceny-kabel-zlata-600-w-koupelny-sanita-cz-11173\/\"]}]},{\"@type\":\"ImageObject\",\"inLanguage\":\"cs\",\"@id\":\"https:\/\/www.koupeltech.com\/index.php\/produkt\/zlevneny-topna-tyc-hoted-smart-s-wi-fi-a-termostatem-krouceny-kabel-zlata-600-w-koupelny-sanita-cz-11173\/#primaryimage\",\"url\":\"https:\/\/www.koupeltech.com\/wp-content\/uploads\/2026\/SK0024680-CZ20260425-092556-0-1777080363-1821763-6_topna-tyc-hoted-smart-s-termostatem-a-casovacem.j.webp\",\"contentUrl\":\"https:\/\/www.koupeltech.com\/wp-content\/uploads\/2026\/SK0024680-CZ20260425-092556-0-1777080363-1821763-6_topna-tyc-hoted-smart-s-termostatem-a-casovacem.j.webp\",\"width\":1000,\"height\":750},{\"@type\":\"BreadcrumbList\",\"@id\":\"https:\/\/www.koupeltech.com\/index.php\/produkt\/zlevneny-topna-tyc-hoted-smart-s-wi-fi-a-termostatem-krouceny-kabel-zlata-600-w-koupelny-sanita-cz-11173\/#breadcrumb\",\"itemListElement\":[{\"@type\":\"ListItem\",\"position\":1,\"name\":\"Home\",\"item\":\"https:\/\/www.koupeltech.com\/\"},{\"@type\":\"ListItem\",\"position\":2,\"name\":\"Products\",\"item\":\"https:\/\/www.koupeltech.com\/index.php\/products\/\"},{\"@type\":\"ListItem\",\"position\":3,\"name\":\"Zlevn\u011bn\u00fd Topn\u00e1 ty\u010d HOTED SMART s WI-FI a termostatem, Kroucen\u00fd kabel, Zlat\u00e1, 600 W &#8211; koupelny-sanita.cz\"}]},{\"@type\":\"WebSite\",\"@id\":\"https:\/\/www.koupeltech.com\/#website\",\"url\":\"https:\/\/www.koupeltech.com\/\",\"name\":\"\",\"description\":\"\",\"potentialAction\":[{\"@type\":\"SearchAction\",\"target\":{\"@type\":\"EntryPoint\",\"urlTemplate\":\"https:\/\/www.koupeltech.com\/?s={search_term_string}\"},\"query-input\":{\"@type\":\"PropertyValueSpecification\",\"valueRequired\":true,\"valueName\":\"search_term_string\"}}],\"inLanguage\":\"cs\"}]}<\/script>\n<!-- \/ Yoast SEO plugin. -->","yoast_head_json":{"title":"Zlevn\u011bn\u00fd Topn\u00e1 ty\u010d HOTED SMART s WI-FI a termostatem, Kroucen\u00fd kabel, Zlat\u00e1, 600 W - koupelny-sanita.cz -","robots":{"index":"index","follow":"follow","max-snippet":"max-snippet:-1","max-image-preview":"max-image-preview:large","max-video-preview":"max-video-preview:-1"},"canonical":"https:\/\/www.koupeltech.com\/index.php\/produkt\/zlevneny-topna-tyc-hoted-smart-s-wi-fi-a-termostatem-krouceny-kabel-zlata-600-w-koupelny-sanita-cz-11173\/","og_locale":"cs_CZ","og_type":"article","og_title":"Zlevn\u011bn\u00fd Topn\u00e1 ty\u010d HOTED SMART s WI-FI a termostatem, Kroucen\u00fd kabel, Zlat\u00e1, 600 W - koupelny-sanita.cz -","og_description":"Detailn\u00ed popis produktu Oh\u0159\u00edva\u010d HOTED SMART je inovativn\u00ed za\u0159\u00edzen\u00ed s dvoj\u00edm vyu\u017eit\u00edm: 1. D\u00edky vestav\u011bn\u00e9 pokro\u010dil\u00e9 elektronick\u00e9 \u0159\u00eddic\u00ed jednotce nab\u00edz\u00ed oh\u0159\u00edva\u010d HOT SMART u\u017eivateli \u0159\u00eddic\u00ed funkce nezbytn\u00e9 pro spln\u011bn\u00ed povinn\u00fdch po\u017eadavk\u016f Evropsk\u00e9 unie na EKODESIGN. Lze jej proto pou\u017e\u00edt jako zdroj tepla v elektrick\u00fdch oh\u0159\u00edva\u010d\u00edch, stejn\u011b jako v su\u0161i\u010dk\u00e1ch pr\u00e1dla a ru\u010dn\u00edk\u016f napln\u011bn\u00fdch sm\u011bs\u00ed demineralizovan\u00e9 [&hellip;]","og_url":"https:\/\/www.koupeltech.com\/index.php\/produkt\/zlevneny-topna-tyc-hoted-smart-s-wi-fi-a-termostatem-krouceny-kabel-zlata-600-w-koupelny-sanita-cz-11173\/","og_image":[{"width":1000,"height":750,"url":"https:\/\/www.koupeltech.com\/wp-content\/uploads\/2026\/SK0024680-CZ20260425-092556-0-1777080363-1821763-6_topna-tyc-hoted-smart-s-termostatem-a-casovacem.j.webp","type":"image\/webp"}],"twitter_card":"summary_large_image","twitter_misc":{"Odhadovan\u00e1 doba \u010dten\u00ed":"3 minuty"},"schema":{"@context":"https:\/\/schema.org","@graph":[{"@type":"WebPage","@id":"https:\/\/www.koupeltech.com\/index.php\/produkt\/zlevneny-topna-tyc-hoted-smart-s-wi-fi-a-termostatem-krouceny-kabel-zlata-600-w-koupelny-sanita-cz-11173\/","url":"https:\/\/www.koupeltech.com\/index.php\/produkt\/zlevneny-topna-tyc-hoted-smart-s-wi-fi-a-termostatem-krouceny-kabel-zlata-600-w-koupelny-sanita-cz-11173\/","name":"Zlevn\u011bn\u00fd Topn\u00e1 ty\u010d HOTED SMART s WI-FI a termostatem, Kroucen\u00fd kabel, Zlat\u00e1, 600 W - koupelny-sanita.cz -","isPartOf":{"@id":"https:\/\/www.koupeltech.com\/#website"},"primaryImageOfPage":{"@id":"https:\/\/www.koupeltech.com\/index.php\/produkt\/zlevneny-topna-tyc-hoted-smart-s-wi-fi-a-termostatem-krouceny-kabel-zlata-600-w-koupelny-sanita-cz-11173\/#primaryimage"},"image":{"@id":"https:\/\/www.koupeltech.com\/index.php\/produkt\/zlevneny-topna-tyc-hoted-smart-s-wi-fi-a-termostatem-krouceny-kabel-zlata-600-w-koupelny-sanita-cz-11173\/#primaryimage"},"thumbnailUrl":"https:\/\/www.koupeltech.com\/wp-content\/uploads\/2026\/SK0024680-CZ20260425-092556-0-1777080363-1821763-6_topna-tyc-hoted-smart-s-termostatem-a-casovacem.j.webp","datePublished":"2026-04-27T13:57:26+00:00","breadcrumb":{"@id":"https:\/\/www.koupeltech.com\/index.php\/produkt\/zlevneny-topna-tyc-hoted-smart-s-wi-fi-a-termostatem-krouceny-kabel-zlata-600-w-koupelny-sanita-cz-11173\/#breadcrumb"},"inLanguage":"cs","potentialAction":[{"@type":"ReadAction","target":["https:\/\/www.koupeltech.com\/index.php\/produkt\/zlevneny-topna-tyc-hoted-smart-s-wi-fi-a-termostatem-krouceny-kabel-zlata-600-w-koupelny-sanita-cz-11173\/"]}]},{"@type":"ImageObject","inLanguage":"cs","@id":"https:\/\/www.koupeltech.com\/index.php\/produkt\/zlevneny-topna-tyc-hoted-smart-s-wi-fi-a-termostatem-krouceny-kabel-zlata-600-w-koupelny-sanita-cz-11173\/#primaryimage","url":"https:\/\/www.koupeltech.com\/wp-content\/uploads\/2026\/SK0024680-CZ20260425-092556-0-1777080363-1821763-6_topna-tyc-hoted-smart-s-termostatem-a-casovacem.j.webp","contentUrl":"https:\/\/www.koupeltech.com\/wp-content\/uploads\/2026\/SK0024680-CZ20260425-092556-0-1777080363-1821763-6_topna-tyc-hoted-smart-s-termostatem-a-casovacem.j.webp","width":1000,"height":750},{"@type":"BreadcrumbList","@id":"https:\/\/www.koupeltech.com\/index.php\/produkt\/zlevneny-topna-tyc-hoted-smart-s-wi-fi-a-termostatem-krouceny-kabel-zlata-600-w-koupelny-sanita-cz-11173\/#breadcrumb","itemListElement":[{"@type":"ListItem","position":1,"name":"Home","item":"https:\/\/www.koupeltech.com\/"},{"@type":"ListItem","position":2,"name":"Products","item":"https:\/\/www.koupeltech.com\/index.php\/products\/"},{"@type":"ListItem","position":3,"name":"Zlevn\u011bn\u00fd Topn\u00e1 ty\u010d HOTED SMART s WI-FI a termostatem, Kroucen\u00fd kabel, Zlat\u00e1, 600 W &#8211; koupelny-sanita.cz"}]},{"@type":"WebSite","@id":"https:\/\/www.koupeltech.com\/#website","url":"https:\/\/www.koupeltech.com\/","name":"","description":"","potentialAction":[{"@type":"SearchAction","target":{"@type":"EntryPoint","urlTemplate":"https:\/\/www.koupeltech.com\/?s={search_term_string}"},"query-input":{"@type":"PropertyValueSpecification","valueRequired":true,"valueName":"search_term_string"}}],"inLanguage":"cs"}]}},"_links":{"self":[{"href":"https:\/\/www.koupeltech.com\/index.php\/wp-json\/wp\/v2\/product\/11173","targetHints":{"allow":["GET"]}}],"collection":[{"href":"https:\/\/www.koupeltech.com\/index.php\/wp-json\/wp\/v2\/product"}],"about":[{"href":"https:\/\/www.koupeltech.com\/index.php\/wp-json\/wp\/v2\/types\/product"}],"replies":[{"embeddable":true,"href":"https:\/\/www.koupeltech.com\/index.php\/wp-json\/wp\/v2\/comments?post=11173"}],"wp:featuredmedia":[{"embeddable":true,"href":"https:\/\/www.koupeltech.com\/index.php\/wp-json\/wp\/v2\/media\/11273"}],"wp:attachment":[{"href":"https:\/\/www.koupeltech.com\/index.php\/wp-json\/wp\/v2\/media?parent=11173"}],"wp:term":[{"taxonomy":"product_brand","embeddable":true,"href":"https:\/\/www.koupeltech.com\/index.php\/wp-json\/wp\/v2\/product_brand?post=11173"},{"taxonomy":"product_cat","embeddable":true,"href":"https:\/\/www.koupeltech.com\/index.php\/wp-json\/wp\/v2\/product_cat?post=11173"},{"taxonomy":"product_tag","embeddable":true,"href":"https:\/\/www.koupeltech.com\/index.php\/wp-json\/wp\/v2\/product_tag?post=11173"}],"curies":[{"name":"wp","href":"https:\/\/api.w.org\/{rel}","templated":true}]}}