{"id":11384,"date":"2026-04-27T13:57:28","date_gmt":"2026-04-27T13:57:28","guid":{"rendered":""},"modified":"2026-04-27T13:57:28","modified_gmt":"2026-04-27T13:57:28","slug":"overeny-wave-skrinka-spodni-policova-20x45x47-8cm-dub-stribrny-11384","status":"publish","type":"product","link":"https:\/\/www.koupeltech.com\/index.php\/produkt\/overeny-wave-skrinka-spodni-policova-20x45x47-8cm-dub-stribrny-11384\/","title":{"rendered":"Ov\u011b\u0159en\u00fd WAVE sk\u0159\u00ed\u0148ka spodn\u00ed policov\u00e1 20x45x47,8cm, dub st\u0159\u00edbrn\u00fd"},"content":{"rendered":"<div class=\"basic-description\">\n<h3>Detailn\u00ed popis produktu<\/h3>\n<p style=\"text-align: justify;\">Designov\u011b zda\u0159il\u00e1 s\u00e9rie koupelnov\u00e9ho n\u00e1bytku WAVE vynik\u00e1 nad\u010dasovou eleganc\u00ed. Jednot\u00edc\u00edm prvkem je vlna, kter\u00e1 prob\u00edh\u00e1 \u010deln\u00ed plochou n\u00e1bytku, umo\u017e\u0148uje pohodln\u00e9 otev\u00edr\u00e1n\u00ed a z\u00e1rove\u0148 koresponduje s vnit\u0159n\u00ed \u010d\u00e1st\u00ed umyvadla LUCIOLA z lit\u00e9ho mramoru. WAVE nab\u00edz\u00edme v \u0161esti variant\u00e1ch \u0161\u00ed\u0159ek umyvadlov\u00fdch sk\u0159\u00edn\u011bk, v\u010detn\u011b dvojumyvadlov\u00fdch. Na sk\u0159\u00ed\u0148ky lze pou\u017e\u00edt i desky z Rockstonu, z kompozitu (HPL lamin\u00e1t) nebo AVICE desku a vybrat si ze \u0161irok\u00e9 nab\u00eddky umyvadel na postaven\u00ed. V nab\u00eddce jsou i dopl\u0148kov\u00e9 vysok\u00e9 sk\u0159\u00ed\u0148ky, kter\u00e9 spole\u010dn\u011b s umyvadlovou sk\u0159\u00ed\u0148kou tvo\u0159\u00ed harmonick\u00fd celek. N\u00e1bytek je dod\u00e1v\u00e1n ve smontovan\u00e9m stavu, p\u0159ipraven k okam\u017eit\u00e9 instalaci.N\u00e1bytek instalujte na rovnou st\u011bnu. P\u0159i zkroucen\u00ed korpusu sk\u0159\u00ed\u0148ky m\u016f\u017ee doj\u00edt k poru\u0161e funkce dov\u00edrac\u00edch mechanism\u016f. Nevystavujte n\u00e1bytek trval\u00e9 vlhkosti a styku s vodou. Po pou\u017eit\u00ed koupelnu \u0159\u00e1dn\u011b odv\u011btrejte. Proti p\u0159\u00edpadn\u00e9mu zat\u00e9k\u00e1n\u00ed do sk\u0159\u00ed\u0148ky pou\u017eijte silikonov\u00fd tmel.<\/p>\n<p style=\"text-align: justify;\">\n<div class=\"product-explanation-item\">\n<h3>Lze vyrobit v tomto barevn\u00e9m proveden\u00ed:<\/h3>\n<p><strong>Cenov\u00e1 skupina A  <\/strong>p\u0159\u00edplatek 0%<\/p>\n<div class=\"vzorniky-list\">\n<div class=\"vzorniky-item\">30 B\u00edl\u00e1 lesk<\/div>\n<div class=\"vzorniky-item\">11 Dub st\u0159\u00edbrn\u00fd<\/div>\n<div class=\"vzorniky-item\">16 Borovice rustik<\/div>\n<div class=\"vzorniky-item\">22 Dub alabama<\/div>\n<div class=\"vzorniky-item\">25 Dub cuneo<\/div>\n<\/div>\n<div style=\"clear: both;\"><\/div>\n<p><strong>Cenov\u00e1 skupina B:<\/strong> p\u0159\u00edplatek 30%<\/p>\n<div class=\"vzorniky-list\">\n<div class=\"vzorniky-item\">10 Dub polar<\/div>\n<div class=\"vzorniky-item\">12 Dub mocca<\/div>\n<div class=\"vzorniky-item\">20 Dub texas<\/div>\n<div class=\"vzorniky-item\">15 Dub sherwood<\/div>\n<div class=\"vzorniky-item\">13 Jilm bardini<\/div>\n<div class=\"vzorniky-item\">21 Mali wenge<\/div>\n<div class=\"vzorniky-item\">17 O\u0159ech yosemite<\/div>\n<div class=\"vzorniky-item\">18 Dub \u010dern\u00fd<\/div>\n<div class=\"vzorniky-item\">31 B\u00edl\u00e1 mat<\/div>\n<div class=\"vzorniky-item\">32 Ka\u0161m\u00edrov\u00e1 matn\u00e1<\/div>\n<div class=\"vzorniky-item\">33 \u0160ed\u00e1 matn\u00e1<\/div>\n<div class=\"vzorniky-item\">34 Antracit matn\u00fd<\/div>\n<div class=\"vzorniky-item\">35 \u010cern\u00e1 matn\u00e1<\/div>\n<\/div>\n<div style=\"clear: both;\"><\/div>\n<p>Dodac\u00ed lh\u016fta cenov\u00e9 skupiny B je 6 t\u00fddn\u016f.<\/p>\n<\/div><\/div>\n<div class=\"extended-description\">\n<h3>Dopl\u0148kov\u00e9 parametry<\/h3>\n<table class=\"detail-parameters\">\n<tbody>\n<tr>\n<th>        <span class=\"row-header-label\">            Kategorie<span class=\"row-header-label-colon\">:<\/span>        <\/span>    <\/th>\n<td>            <\/td>\n<\/tr>\n<tr>\n<th>            <span class=\"row-header-label\">                Z\u00e1ruka<span class=\"row-header-label-colon\">:<\/span>            <\/span>        <\/th>\n<td>            24        <\/td>\n<\/tr>\n<tr>\n<th>            <span class=\"row-header-label\">                Hmotnost<span class=\"row-header-label-colon\">:<\/span>            <\/span>        <\/th>\n<td>            13.5 kg        <\/td>\n<\/tr>\n<tr class=\"productEan\">\n<th>          <span class=\"row-header-label productEan__label\">              EAN<span class=\"row-header-label-colon\">:<\/span>          <\/span>      <\/th>\n<td>          <span class=\"productEan__value\">8590913113208<\/span>      <\/td>\n<\/tr>\n<tr>\n<th>                <span class=\"row-header-label\">                                            3D model<span class=\"row-header-label-colon\">:<\/span>                                    <\/span>            <\/th>\n<td>                                                            ANO                                                <\/td>\n<\/tr>\n<tr>\n<th>                <span class=\"row-header-label\">                                            Balen\u00ed<span class=\"row-header-label-colon\">:<\/span>                                    <\/span>            <\/th>\n<td>                                                            1 ks                                                <\/td>\n<\/tr>\n<tr>\n<th>                <span class=\"row-header-label\">                                            Barva<span class=\"row-header-label-colon\">:<\/span>                                    <\/span>            <\/th>\n<td>                                                            \u0160ed\u00e1                                                <\/td>\n<\/tr>\n<tr>\n<th>                <span class=\"row-header-label\">                                            Dekor<span class=\"row-header-label-colon\">:<\/span>                                    <\/span>            <\/th>\n<td>                                                            Dub st\u0159\u00edbrn\u00fd                                                <\/td>\n<\/tr>\n<tr>\n<th>                <span class=\"row-header-label\">                                            Dostupnost<span class=\"row-header-label-colon\">:<\/span>                                    <\/span>            <\/th>\n<td>                                                            Dod\u00e1n\u00ed do 6ti t\u00fddn\u016f                                                <\/td>\n<\/tr>\n<tr>\n<th>                <span class=\"row-header-label\">                                            Hloubka<span class=\"row-header-label-colon\">:<\/span>                                    <\/span>            <\/th>\n<td>                                                            478 mm                                                <\/td>\n<\/tr>\n<tr>\n<th>                <span class=\"row-header-label\">                                            Instalace<span class=\"row-header-label-colon\">:<\/span>                                    <\/span>            <\/th>\n<td>                                                            Z\u00e1v\u011bsn\u00e9 na st\u011bnu                                                <\/td>\n<\/tr>\n<tr>\n<th>                <span class=\"row-header-label\">                                            Jin\u00e9 barevn\u00e9 proveden\u00ed<span class=\"row-header-label-colon\">:<\/span>                                    <\/span>            <\/th>\n<td>                                                            Dle vzorn\u00edku                                                <\/td>\n<\/tr>\n<tr>\n<th>                <span class=\"row-header-label\">                                            Materi\u00e1l<span class=\"row-header-label-colon\">:<\/span>                                    <\/span>            <\/th>\n<td>                                                            MDF\/lamino                                                <\/td>\n<\/tr>\n<tr>\n<th>                <span class=\"row-header-label\">                                            Rozm\u011br<span class=\"row-header-label-colon\">:<\/span>                                    <\/span>            <\/th>\n<td>                                                            20x45x47,6 cm                                                <\/td>\n<\/tr>\n<tr>\n<th>                <span class=\"row-header-label\">                                            \u0160\u00ed\u0159ka<span class=\"row-header-label-colon\">:<\/span>                                    <\/span>            <\/th>\n<td>                                                            200 mm                                                <\/td>\n<\/tr>\n<tr>\n<th>                <span class=\"row-header-label\">                                            Typ sk\u0159\u00ed\u0148ky<span class=\"row-header-label-colon\">:<\/span>                                    <\/span>            <\/th>\n<td>                                                            Otev\u0159en\u00e1                                                <\/td>\n<\/tr>\n<tr>\n<th>                <span class=\"row-header-label\">                                            V\u00fd\u0161ka<span class=\"row-header-label-colon\">:<\/span>                                    <\/span>            <\/th>\n<td>                                                            450 mm                                                <\/td>\n<\/tr>\n<tr>\n<th>                <span class=\"row-header-label\">                                            Z\u00e1ruka<span class=\"row-header-label-colon\">:<\/span>                                    <\/span>            <\/th>\n<td>                                                            2 roky                                                <\/td>\n<\/tr>\n<\/tbody>\n<\/table><\/div>\n<\/p><\/div>\n<\/p><\/div>\n","protected":false},"excerpt":{"rendered":"<p>Detailn\u00ed popis produktu Designov\u011b zda\u0159il\u00e1 s\u00e9rie koupelnov\u00e9ho n\u00e1bytku WAVE vynik\u00e1 nad\u010dasovou eleganc\u00ed. Jednot\u00edc\u00edm prvkem je vlna, kter\u00e1 prob\u00edh\u00e1 \u010deln\u00ed plochou n\u00e1bytku, umo\u017e\u0148uje pohodln\u00e9 otev\u00edr\u00e1n\u00ed a z\u00e1rove\u0148 koresponduje s vnit\u0159n\u00ed \u010d\u00e1st\u00ed umyvadla LUCIOLA z lit\u00e9ho mramoru. WAVE nab\u00edz\u00edme v \u0161esti variant\u00e1ch \u0161\u00ed\u0159ek umyvadlov\u00fdch sk\u0159\u00edn\u011bk, v\u010detn\u011b dvojumyvadlov\u00fdch. Na sk\u0159\u00ed\u0148ky lze pou\u017e\u00edt i desky z Rockstonu, z kompozitu [&hellip;]<\/p>\n","protected":false},"featured_media":11484,"comment_status":"open","ping_status":"open","template":"","meta":[],"product_brand":[],"product_cat":[67],"product_tag":[],"class_list":{"0":"post-11384","1":"product","2":"type-product","3":"status-publish","4":"has-post-thumbnail","6":"product_cat-koupelnovy-nabytek","8":"first","9":"instock","10":"sale","11":"shipping-taxable","12":"purchasable","13":"product-type-simple"},"yoast_head":"<!-- This site is optimized with the Yoast SEO plugin v26.8 - https:\/\/yoast.com\/product\/yoast-seo-wordpress\/ -->\n<title>Ov\u011b\u0159en\u00fd WAVE sk\u0159\u00ed\u0148ka spodn\u00ed policov\u00e1 20x45x47,8cm, dub st\u0159\u00edbrn\u00fd -<\/title>\n<meta name=\"robots\" content=\"index, follow, max-snippet:-1, max-image-preview:large, max-video-preview:-1\" \/>\n<link rel=\"canonical\" href=\"https:\/\/www.koupeltech.com\/index.php\/produkt\/overeny-wave-skrinka-spodni-policova-20x45x47-8cm-dub-stribrny-11384\/\" \/>\n<meta property=\"og:locale\" content=\"cs_CZ\" \/>\n<meta property=\"og:type\" content=\"article\" \/>\n<meta property=\"og:title\" content=\"Ov\u011b\u0159en\u00fd WAVE sk\u0159\u00ed\u0148ka spodn\u00ed policov\u00e1 20x45x47,8cm, dub st\u0159\u00edbrn\u00fd -\" \/>\n<meta property=\"og:description\" content=\"Detailn\u00ed popis produktu Designov\u011b zda\u0159il\u00e1 s\u00e9rie koupelnov\u00e9ho n\u00e1bytku WAVE vynik\u00e1 nad\u010dasovou eleganc\u00ed. Jednot\u00edc\u00edm prvkem je vlna, kter\u00e1 prob\u00edh\u00e1 \u010deln\u00ed plochou n\u00e1bytku, umo\u017e\u0148uje pohodln\u00e9 otev\u00edr\u00e1n\u00ed a z\u00e1rove\u0148 koresponduje s vnit\u0159n\u00ed \u010d\u00e1st\u00ed umyvadla LUCIOLA z lit\u00e9ho mramoru. WAVE nab\u00edz\u00edme v \u0161esti variant\u00e1ch \u0161\u00ed\u0159ek umyvadlov\u00fdch sk\u0159\u00edn\u011bk, v\u010detn\u011b dvojumyvadlov\u00fdch. Na sk\u0159\u00ed\u0148ky lze pou\u017e\u00edt i desky z Rockstonu, z kompozitu [&hellip;]\" \/>\n<meta property=\"og:url\" content=\"https:\/\/www.koupeltech.com\/index.php\/produkt\/overeny-wave-skrinka-spodni-policova-20x45x47-8cm-dub-stribrny-11384\/\" \/>\n<meta property=\"og:image\" content=\"https:\/\/www.koupeltech.com\/wp-content\/uploads\/2026\/SK0024798-CZ20260425-092556-0-1777080363-1822168_wa020-1111-256027295495962.webp\" \/>\n\t<meta property=\"og:image:width\" content=\"1000\" \/>\n\t<meta property=\"og:image:height\" content=\"750\" \/>\n\t<meta property=\"og:image:type\" content=\"image\/webp\" \/>\n<meta name=\"twitter:card\" content=\"summary_large_image\" \/>\n<meta name=\"twitter:label1\" content=\"Odhadovan\u00e1 doba \u010dten\u00ed\" \/>\n\t<meta name=\"twitter:data1\" content=\"2 minuty\" \/>\n<script type=\"application\/ld+json\" class=\"yoast-schema-graph\">{\"@context\":\"https:\/\/schema.org\",\"@graph\":[{\"@type\":\"WebPage\",\"@id\":\"https:\/\/www.koupeltech.com\/index.php\/produkt\/overeny-wave-skrinka-spodni-policova-20x45x47-8cm-dub-stribrny-11384\/\",\"url\":\"https:\/\/www.koupeltech.com\/index.php\/produkt\/overeny-wave-skrinka-spodni-policova-20x45x47-8cm-dub-stribrny-11384\/\",\"name\":\"Ov\u011b\u0159en\u00fd WAVE sk\u0159\u00ed\u0148ka spodn\u00ed policov\u00e1 20x45x47,8cm, dub st\u0159\u00edbrn\u00fd -\",\"isPartOf\":{\"@id\":\"https:\/\/www.koupeltech.com\/#website\"},\"primaryImageOfPage\":{\"@id\":\"https:\/\/www.koupeltech.com\/index.php\/produkt\/overeny-wave-skrinka-spodni-policova-20x45x47-8cm-dub-stribrny-11384\/#primaryimage\"},\"image\":{\"@id\":\"https:\/\/www.koupeltech.com\/index.php\/produkt\/overeny-wave-skrinka-spodni-policova-20x45x47-8cm-dub-stribrny-11384\/#primaryimage\"},\"thumbnailUrl\":\"https:\/\/www.koupeltech.com\/wp-content\/uploads\/2026\/SK0024798-CZ20260425-092556-0-1777080363-1822168_wa020-1111-256027295495962.webp\",\"datePublished\":\"2026-04-27T13:57:28+00:00\",\"breadcrumb\":{\"@id\":\"https:\/\/www.koupeltech.com\/index.php\/produkt\/overeny-wave-skrinka-spodni-policova-20x45x47-8cm-dub-stribrny-11384\/#breadcrumb\"},\"inLanguage\":\"cs\",\"potentialAction\":[{\"@type\":\"ReadAction\",\"target\":[\"https:\/\/www.koupeltech.com\/index.php\/produkt\/overeny-wave-skrinka-spodni-policova-20x45x47-8cm-dub-stribrny-11384\/\"]}]},{\"@type\":\"ImageObject\",\"inLanguage\":\"cs\",\"@id\":\"https:\/\/www.koupeltech.com\/index.php\/produkt\/overeny-wave-skrinka-spodni-policova-20x45x47-8cm-dub-stribrny-11384\/#primaryimage\",\"url\":\"https:\/\/www.koupeltech.com\/wp-content\/uploads\/2026\/SK0024798-CZ20260425-092556-0-1777080363-1822168_wa020-1111-256027295495962.webp\",\"contentUrl\":\"https:\/\/www.koupeltech.com\/wp-content\/uploads\/2026\/SK0024798-CZ20260425-092556-0-1777080363-1822168_wa020-1111-256027295495962.webp\",\"width\":1000,\"height\":750},{\"@type\":\"BreadcrumbList\",\"@id\":\"https:\/\/www.koupeltech.com\/index.php\/produkt\/overeny-wave-skrinka-spodni-policova-20x45x47-8cm-dub-stribrny-11384\/#breadcrumb\",\"itemListElement\":[{\"@type\":\"ListItem\",\"position\":1,\"name\":\"Home\",\"item\":\"https:\/\/www.koupeltech.com\/\"},{\"@type\":\"ListItem\",\"position\":2,\"name\":\"Products\",\"item\":\"https:\/\/www.koupeltech.com\/index.php\/products\/\"},{\"@type\":\"ListItem\",\"position\":3,\"name\":\"Ov\u011b\u0159en\u00fd WAVE sk\u0159\u00ed\u0148ka spodn\u00ed policov\u00e1 20x45x47,8cm, dub st\u0159\u00edbrn\u00fd\"}]},{\"@type\":\"WebSite\",\"@id\":\"https:\/\/www.koupeltech.com\/#website\",\"url\":\"https:\/\/www.koupeltech.com\/\",\"name\":\"\",\"description\":\"\",\"potentialAction\":[{\"@type\":\"SearchAction\",\"target\":{\"@type\":\"EntryPoint\",\"urlTemplate\":\"https:\/\/www.koupeltech.com\/?s={search_term_string}\"},\"query-input\":{\"@type\":\"PropertyValueSpecification\",\"valueRequired\":true,\"valueName\":\"search_term_string\"}}],\"inLanguage\":\"cs\"}]}<\/script>\n<!-- \/ Yoast SEO plugin. -->","yoast_head_json":{"title":"Ov\u011b\u0159en\u00fd WAVE sk\u0159\u00ed\u0148ka spodn\u00ed policov\u00e1 20x45x47,8cm, dub st\u0159\u00edbrn\u00fd -","robots":{"index":"index","follow":"follow","max-snippet":"max-snippet:-1","max-image-preview":"max-image-preview:large","max-video-preview":"max-video-preview:-1"},"canonical":"https:\/\/www.koupeltech.com\/index.php\/produkt\/overeny-wave-skrinka-spodni-policova-20x45x47-8cm-dub-stribrny-11384\/","og_locale":"cs_CZ","og_type":"article","og_title":"Ov\u011b\u0159en\u00fd WAVE sk\u0159\u00ed\u0148ka spodn\u00ed policov\u00e1 20x45x47,8cm, dub st\u0159\u00edbrn\u00fd -","og_description":"Detailn\u00ed popis produktu Designov\u011b zda\u0159il\u00e1 s\u00e9rie koupelnov\u00e9ho n\u00e1bytku WAVE vynik\u00e1 nad\u010dasovou eleganc\u00ed. Jednot\u00edc\u00edm prvkem je vlna, kter\u00e1 prob\u00edh\u00e1 \u010deln\u00ed plochou n\u00e1bytku, umo\u017e\u0148uje pohodln\u00e9 otev\u00edr\u00e1n\u00ed a z\u00e1rove\u0148 koresponduje s vnit\u0159n\u00ed \u010d\u00e1st\u00ed umyvadla LUCIOLA z lit\u00e9ho mramoru. WAVE nab\u00edz\u00edme v \u0161esti variant\u00e1ch \u0161\u00ed\u0159ek umyvadlov\u00fdch sk\u0159\u00edn\u011bk, v\u010detn\u011b dvojumyvadlov\u00fdch. Na sk\u0159\u00ed\u0148ky lze pou\u017e\u00edt i desky z Rockstonu, z kompozitu [&hellip;]","og_url":"https:\/\/www.koupeltech.com\/index.php\/produkt\/overeny-wave-skrinka-spodni-policova-20x45x47-8cm-dub-stribrny-11384\/","og_image":[{"width":1000,"height":750,"url":"https:\/\/www.koupeltech.com\/wp-content\/uploads\/2026\/SK0024798-CZ20260425-092556-0-1777080363-1822168_wa020-1111-256027295495962.webp","type":"image\/webp"}],"twitter_card":"summary_large_image","twitter_misc":{"Odhadovan\u00e1 doba \u010dten\u00ed":"2 minuty"},"schema":{"@context":"https:\/\/schema.org","@graph":[{"@type":"WebPage","@id":"https:\/\/www.koupeltech.com\/index.php\/produkt\/overeny-wave-skrinka-spodni-policova-20x45x47-8cm-dub-stribrny-11384\/","url":"https:\/\/www.koupeltech.com\/index.php\/produkt\/overeny-wave-skrinka-spodni-policova-20x45x47-8cm-dub-stribrny-11384\/","name":"Ov\u011b\u0159en\u00fd WAVE sk\u0159\u00ed\u0148ka spodn\u00ed policov\u00e1 20x45x47,8cm, dub st\u0159\u00edbrn\u00fd -","isPartOf":{"@id":"https:\/\/www.koupeltech.com\/#website"},"primaryImageOfPage":{"@id":"https:\/\/www.koupeltech.com\/index.php\/produkt\/overeny-wave-skrinka-spodni-policova-20x45x47-8cm-dub-stribrny-11384\/#primaryimage"},"image":{"@id":"https:\/\/www.koupeltech.com\/index.php\/produkt\/overeny-wave-skrinka-spodni-policova-20x45x47-8cm-dub-stribrny-11384\/#primaryimage"},"thumbnailUrl":"https:\/\/www.koupeltech.com\/wp-content\/uploads\/2026\/SK0024798-CZ20260425-092556-0-1777080363-1822168_wa020-1111-256027295495962.webp","datePublished":"2026-04-27T13:57:28+00:00","breadcrumb":{"@id":"https:\/\/www.koupeltech.com\/index.php\/produkt\/overeny-wave-skrinka-spodni-policova-20x45x47-8cm-dub-stribrny-11384\/#breadcrumb"},"inLanguage":"cs","potentialAction":[{"@type":"ReadAction","target":["https:\/\/www.koupeltech.com\/index.php\/produkt\/overeny-wave-skrinka-spodni-policova-20x45x47-8cm-dub-stribrny-11384\/"]}]},{"@type":"ImageObject","inLanguage":"cs","@id":"https:\/\/www.koupeltech.com\/index.php\/produkt\/overeny-wave-skrinka-spodni-policova-20x45x47-8cm-dub-stribrny-11384\/#primaryimage","url":"https:\/\/www.koupeltech.com\/wp-content\/uploads\/2026\/SK0024798-CZ20260425-092556-0-1777080363-1822168_wa020-1111-256027295495962.webp","contentUrl":"https:\/\/www.koupeltech.com\/wp-content\/uploads\/2026\/SK0024798-CZ20260425-092556-0-1777080363-1822168_wa020-1111-256027295495962.webp","width":1000,"height":750},{"@type":"BreadcrumbList","@id":"https:\/\/www.koupeltech.com\/index.php\/produkt\/overeny-wave-skrinka-spodni-policova-20x45x47-8cm-dub-stribrny-11384\/#breadcrumb","itemListElement":[{"@type":"ListItem","position":1,"name":"Home","item":"https:\/\/www.koupeltech.com\/"},{"@type":"ListItem","position":2,"name":"Products","item":"https:\/\/www.koupeltech.com\/index.php\/products\/"},{"@type":"ListItem","position":3,"name":"Ov\u011b\u0159en\u00fd WAVE sk\u0159\u00ed\u0148ka spodn\u00ed policov\u00e1 20x45x47,8cm, dub st\u0159\u00edbrn\u00fd"}]},{"@type":"WebSite","@id":"https:\/\/www.koupeltech.com\/#website","url":"https:\/\/www.koupeltech.com\/","name":"","description":"","potentialAction":[{"@type":"SearchAction","target":{"@type":"EntryPoint","urlTemplate":"https:\/\/www.koupeltech.com\/?s={search_term_string}"},"query-input":{"@type":"PropertyValueSpecification","valueRequired":true,"valueName":"search_term_string"}}],"inLanguage":"cs"}]}},"_links":{"self":[{"href":"https:\/\/www.koupeltech.com\/index.php\/wp-json\/wp\/v2\/product\/11384","targetHints":{"allow":["GET"]}}],"collection":[{"href":"https:\/\/www.koupeltech.com\/index.php\/wp-json\/wp\/v2\/product"}],"about":[{"href":"https:\/\/www.koupeltech.com\/index.php\/wp-json\/wp\/v2\/types\/product"}],"replies":[{"embeddable":true,"href":"https:\/\/www.koupeltech.com\/index.php\/wp-json\/wp\/v2\/comments?post=11384"}],"wp:featuredmedia":[{"embeddable":true,"href":"https:\/\/www.koupeltech.com\/index.php\/wp-json\/wp\/v2\/media\/11484"}],"wp:attachment":[{"href":"https:\/\/www.koupeltech.com\/index.php\/wp-json\/wp\/v2\/media?parent=11384"}],"wp:term":[{"taxonomy":"product_brand","embeddable":true,"href":"https:\/\/www.koupeltech.com\/index.php\/wp-json\/wp\/v2\/product_brand?post=11384"},{"taxonomy":"product_cat","embeddable":true,"href":"https:\/\/www.koupeltech.com\/index.php\/wp-json\/wp\/v2\/product_cat?post=11384"},{"taxonomy":"product_tag","embeddable":true,"href":"https:\/\/www.koupeltech.com\/index.php\/wp-json\/wp\/v2\/product_tag?post=11384"}],"curies":[{"name":"wp","href":"https:\/\/api.w.org\/{rel}","templated":true}]}}