{"id":1141,"date":"2026-04-27T13:56:38","date_gmt":"2026-04-27T13:56:38","guid":{"rendered":""},"modified":"2026-04-27T13:56:38","modified_gmt":"2026-04-27T13:56:38","slug":"ego-track-flat-single-09w-3000k-on-off-ideallux-originalni-1141","status":"publish","type":"product","link":"https:\/\/www.koupeltech.com\/index.php\/produkt\/ego-track-flat-single-09w-3000k-on-off-ideallux-originalni-1141\/","title":{"rendered":"Ego track flat single 09w 3000k on-off &#8211; IDEALLUX Origin\u00e1ln\u00ed"},"content":{"rendered":"<p><\/p>\n<div class=\"top-params\">\n<h3 class=\"product-h3 collapse-header \" data-toggle=\"collapse\" data-target=\"#collapseOne\" aria-expanded=\"true\" aria-controls=\"collapseOne\">Parametry<\/h3>\n<div id=\"collapseOne\" class=\"collapse show\" aria-labelledby=\"headingOne\" data-parent=\"#product-info-accordion1\">\n<table class=\"table-striped\">\n<tr>\n<td>                V\u00fd\u0161ka v mm            <\/td>\n<td>                141            <\/td>\n<\/tr>\n<tr>\n<td>                Hmotnost g            <\/td>\n<td>                300            <\/td>\n<\/tr>\n<tr>\n<td>                Typ sv\u011bteln\u00e9ho zdroje            <\/td>\n<td>                LED            <\/td>\n<\/tr>\n<tr>\n<td>                \u0160\u00ed\u0159ka v mm            <\/td>\n<td>                46            <\/td>\n<\/tr>\n<tr>\n<td>                D\u00e9lka v mm            <\/td>\n<td>                190            <\/td>\n<\/tr>\n<tr>\n<td>                Ochrana IP            <\/td>\n<td>                IP20            <\/td>\n<\/tr>\n<tr>\n<td>                Sv\u011bteln\u00fd tok            <\/td>\n<td>                1100lm            <\/td>\n<\/tr>\n<tr>\n<td>                Teplota barvy sv\u011btla            <\/td>\n<td>                3000K            <\/td>\n<\/tr>\n<tr>\n<td>                Max. p\u0159\u00edkon sv\u011bteln\u00e9ho zdroje            <\/td>\n<td>                9W            <\/td>\n<\/tr>\n<tr>\n<td>                V\u00fdkon            <\/td>\n<td>                9W            <\/td>\n<\/tr>\n<tr>\n<td>                Nap\u00e1jec\u00ed nap\u011bt\u00ed            <\/td>\n<td>                48V DC            <\/td>\n<\/tr>\n<tr>\n<td>                Patice            <\/td>\n<td>                LED            <\/td>\n<\/tr>\n<tr>\n<td>                V\u010detn\u011b sv\u011bteln\u00e9ho zdroje            <\/td>\n<td>                ano            <\/td>\n<\/tr>\n<tr>\n<td>                Materi\u00e1l            <\/td>\n<td>                hlin\u00edk            <\/td>\n<\/tr>\n<tr>\n<td>                Barva            <\/td>\n<td>                b\u00edl\u00e1            <\/td>\n<\/tr>\n<tr>\n<td>                Kolekce            <\/td>\n<td>                EGO            <\/td>\n<\/tr>\n<tr>\n<td>                Po\u010det sv\u011bteln\u00fdch zdroj\u016f            <\/td>\n<td>                1            <\/td>\n<\/tr>\n<tr>\n<td>                V\u00fdrobce            <\/td>\n<td>                IDEALLUX            <\/td>\n<\/tr>\n<tr>\n<td>                U v\u00fdrobce dostupn\u00fdch            <\/td>\n<td>                135                    ks            <\/td>\n<\/tr>\n<\/table>\n<\/div><\/div>\n<\/div>\n<div class=\"accordion\" id=\"product-info-accordion2\">\n","protected":false},"excerpt":{"rendered":"<p>Parametry V\u00fd\u0161ka v mm 141 Hmotnost g 300 Typ sv\u011bteln\u00e9ho zdroje LED \u0160\u00ed\u0159ka v mm 46 D\u00e9lka v mm 190 Ochrana IP IP20 Sv\u011bteln\u00fd tok 1100lm Teplota barvy sv\u011btla 3000K Max. p\u0159\u00edkon sv\u011bteln\u00e9ho zdroje 9W V\u00fdkon 9W Nap\u00e1jec\u00ed nap\u011bt\u00ed 48V DC Patice LED V\u010detn\u011b sv\u011bteln\u00e9ho zdroje ano Materi\u00e1l hlin\u00edk Barva b\u00edl\u00e1 Kolekce EGO Po\u010det sv\u011bteln\u00fdch [&hellip;]<\/p>\n","protected":false},"featured_media":1241,"comment_status":"open","ping_status":"open","template":"","meta":[],"product_brand":[],"product_cat":[32],"product_tag":[],"class_list":{"0":"post-1141","1":"product","2":"type-product","3":"status-publish","4":"has-post-thumbnail","6":"product_cat-systemy","8":"first","9":"instock","10":"sale","11":"shipping-taxable","12":"purchasable","13":"product-type-simple"},"yoast_head":"<!-- This site is optimized with the Yoast SEO plugin v26.8 - https:\/\/yoast.com\/product\/yoast-seo-wordpress\/ -->\n<title>Ego track flat single 09w 3000k on-off - IDEALLUX Origin\u00e1ln\u00ed -<\/title>\n<meta name=\"robots\" content=\"index, follow, max-snippet:-1, max-image-preview:large, max-video-preview:-1\" \/>\n<link rel=\"canonical\" href=\"https:\/\/www.koupeltech.com\/index.php\/produkt\/ego-track-flat-single-09w-3000k-on-off-ideallux-originalni-1141\/\" \/>\n<meta property=\"og:locale\" content=\"cs_CZ\" \/>\n<meta property=\"og:type\" content=\"article\" \/>\n<meta property=\"og:title\" content=\"Ego track flat single 09w 3000k on-off - IDEALLUX Origin\u00e1ln\u00ed -\" \/>\n<meta property=\"og:description\" content=\"Parametry V\u00fd\u0161ka v mm 141 Hmotnost g 300 Typ sv\u011bteln\u00e9ho zdroje LED \u0160\u00ed\u0159ka v mm 46 D\u00e9lka v mm 190 Ochrana IP IP20 Sv\u011bteln\u00fd tok 1100lm Teplota barvy sv\u011btla 3000K Max. p\u0159\u00edkon sv\u011bteln\u00e9ho zdroje 9W V\u00fdkon 9W Nap\u00e1jec\u00ed nap\u011bt\u00ed 48V DC Patice LED V\u010detn\u011b sv\u011bteln\u00e9ho zdroje ano Materi\u00e1l hlin\u00edk Barva b\u00edl\u00e1 Kolekce EGO Po\u010det sv\u011bteln\u00fdch [&hellip;]\" \/>\n<meta property=\"og:url\" content=\"https:\/\/www.koupeltech.com\/index.php\/produkt\/ego-track-flat-single-09w-3000k-on-off-ideallux-originalni-1141\/\" \/>\n<meta property=\"og:image\" content=\"https:\/\/www.koupeltech.com\/wp-content\/uploads\/2026\/SK0017409-CZ20260425-091535-0-1777079743-ILUX-300504.webp\" \/>\n\t<meta property=\"og:image:width\" content=\"800\" \/>\n\t<meta property=\"og:image:height\" content=\"800\" \/>\n\t<meta property=\"og:image:type\" content=\"image\/webp\" \/>\n<meta name=\"twitter:card\" content=\"summary_large_image\" \/>\n<script type=\"application\/ld+json\" class=\"yoast-schema-graph\">{\"@context\":\"https:\/\/schema.org\",\"@graph\":[{\"@type\":\"WebPage\",\"@id\":\"https:\/\/www.koupeltech.com\/index.php\/produkt\/ego-track-flat-single-09w-3000k-on-off-ideallux-originalni-1141\/\",\"url\":\"https:\/\/www.koupeltech.com\/index.php\/produkt\/ego-track-flat-single-09w-3000k-on-off-ideallux-originalni-1141\/\",\"name\":\"Ego track flat single 09w 3000k on-off - IDEALLUX Origin\u00e1ln\u00ed -\",\"isPartOf\":{\"@id\":\"https:\/\/www.koupeltech.com\/#website\"},\"primaryImageOfPage\":{\"@id\":\"https:\/\/www.koupeltech.com\/index.php\/produkt\/ego-track-flat-single-09w-3000k-on-off-ideallux-originalni-1141\/#primaryimage\"},\"image\":{\"@id\":\"https:\/\/www.koupeltech.com\/index.php\/produkt\/ego-track-flat-single-09w-3000k-on-off-ideallux-originalni-1141\/#primaryimage\"},\"thumbnailUrl\":\"https:\/\/www.koupeltech.com\/wp-content\/uploads\/2026\/SK0017409-CZ20260425-091535-0-1777079743-ILUX-300504.webp\",\"datePublished\":\"2026-04-27T13:56:38+00:00\",\"breadcrumb\":{\"@id\":\"https:\/\/www.koupeltech.com\/index.php\/produkt\/ego-track-flat-single-09w-3000k-on-off-ideallux-originalni-1141\/#breadcrumb\"},\"inLanguage\":\"cs\",\"potentialAction\":[{\"@type\":\"ReadAction\",\"target\":[\"https:\/\/www.koupeltech.com\/index.php\/produkt\/ego-track-flat-single-09w-3000k-on-off-ideallux-originalni-1141\/\"]}]},{\"@type\":\"ImageObject\",\"inLanguage\":\"cs\",\"@id\":\"https:\/\/www.koupeltech.com\/index.php\/produkt\/ego-track-flat-single-09w-3000k-on-off-ideallux-originalni-1141\/#primaryimage\",\"url\":\"https:\/\/www.koupeltech.com\/wp-content\/uploads\/2026\/SK0017409-CZ20260425-091535-0-1777079743-ILUX-300504.webp\",\"contentUrl\":\"https:\/\/www.koupeltech.com\/wp-content\/uploads\/2026\/SK0017409-CZ20260425-091535-0-1777079743-ILUX-300504.webp\",\"width\":800,\"height\":800},{\"@type\":\"BreadcrumbList\",\"@id\":\"https:\/\/www.koupeltech.com\/index.php\/produkt\/ego-track-flat-single-09w-3000k-on-off-ideallux-originalni-1141\/#breadcrumb\",\"itemListElement\":[{\"@type\":\"ListItem\",\"position\":1,\"name\":\"Home\",\"item\":\"https:\/\/www.koupeltech.com\/\"},{\"@type\":\"ListItem\",\"position\":2,\"name\":\"Products\",\"item\":\"https:\/\/www.koupeltech.com\/index.php\/products\/\"},{\"@type\":\"ListItem\",\"position\":3,\"name\":\"Ego track flat single 09w 3000k on-off &#8211; IDEALLUX Origin\u00e1ln\u00ed\"}]},{\"@type\":\"WebSite\",\"@id\":\"https:\/\/www.koupeltech.com\/#website\",\"url\":\"https:\/\/www.koupeltech.com\/\",\"name\":\"\",\"description\":\"\",\"potentialAction\":[{\"@type\":\"SearchAction\",\"target\":{\"@type\":\"EntryPoint\",\"urlTemplate\":\"https:\/\/www.koupeltech.com\/?s={search_term_string}\"},\"query-input\":{\"@type\":\"PropertyValueSpecification\",\"valueRequired\":true,\"valueName\":\"search_term_string\"}}],\"inLanguage\":\"cs\"}]}<\/script>\n<!-- \/ Yoast SEO plugin. -->","yoast_head_json":{"title":"Ego track flat single 09w 3000k on-off - IDEALLUX Origin\u00e1ln\u00ed -","robots":{"index":"index","follow":"follow","max-snippet":"max-snippet:-1","max-image-preview":"max-image-preview:large","max-video-preview":"max-video-preview:-1"},"canonical":"https:\/\/www.koupeltech.com\/index.php\/produkt\/ego-track-flat-single-09w-3000k-on-off-ideallux-originalni-1141\/","og_locale":"cs_CZ","og_type":"article","og_title":"Ego track flat single 09w 3000k on-off - IDEALLUX Origin\u00e1ln\u00ed -","og_description":"Parametry V\u00fd\u0161ka v mm 141 Hmotnost g 300 Typ sv\u011bteln\u00e9ho zdroje LED \u0160\u00ed\u0159ka v mm 46 D\u00e9lka v mm 190 Ochrana IP IP20 Sv\u011bteln\u00fd tok 1100lm Teplota barvy sv\u011btla 3000K Max. p\u0159\u00edkon sv\u011bteln\u00e9ho zdroje 9W V\u00fdkon 9W Nap\u00e1jec\u00ed nap\u011bt\u00ed 48V DC Patice LED V\u010detn\u011b sv\u011bteln\u00e9ho zdroje ano Materi\u00e1l hlin\u00edk Barva b\u00edl\u00e1 Kolekce EGO Po\u010det sv\u011bteln\u00fdch [&hellip;]","og_url":"https:\/\/www.koupeltech.com\/index.php\/produkt\/ego-track-flat-single-09w-3000k-on-off-ideallux-originalni-1141\/","og_image":[{"width":800,"height":800,"url":"https:\/\/www.koupeltech.com\/wp-content\/uploads\/2026\/SK0017409-CZ20260425-091535-0-1777079743-ILUX-300504.webp","type":"image\/webp"}],"twitter_card":"summary_large_image","schema":{"@context":"https:\/\/schema.org","@graph":[{"@type":"WebPage","@id":"https:\/\/www.koupeltech.com\/index.php\/produkt\/ego-track-flat-single-09w-3000k-on-off-ideallux-originalni-1141\/","url":"https:\/\/www.koupeltech.com\/index.php\/produkt\/ego-track-flat-single-09w-3000k-on-off-ideallux-originalni-1141\/","name":"Ego track flat single 09w 3000k on-off - IDEALLUX Origin\u00e1ln\u00ed -","isPartOf":{"@id":"https:\/\/www.koupeltech.com\/#website"},"primaryImageOfPage":{"@id":"https:\/\/www.koupeltech.com\/index.php\/produkt\/ego-track-flat-single-09w-3000k-on-off-ideallux-originalni-1141\/#primaryimage"},"image":{"@id":"https:\/\/www.koupeltech.com\/index.php\/produkt\/ego-track-flat-single-09w-3000k-on-off-ideallux-originalni-1141\/#primaryimage"},"thumbnailUrl":"https:\/\/www.koupeltech.com\/wp-content\/uploads\/2026\/SK0017409-CZ20260425-091535-0-1777079743-ILUX-300504.webp","datePublished":"2026-04-27T13:56:38+00:00","breadcrumb":{"@id":"https:\/\/www.koupeltech.com\/index.php\/produkt\/ego-track-flat-single-09w-3000k-on-off-ideallux-originalni-1141\/#breadcrumb"},"inLanguage":"cs","potentialAction":[{"@type":"ReadAction","target":["https:\/\/www.koupeltech.com\/index.php\/produkt\/ego-track-flat-single-09w-3000k-on-off-ideallux-originalni-1141\/"]}]},{"@type":"ImageObject","inLanguage":"cs","@id":"https:\/\/www.koupeltech.com\/index.php\/produkt\/ego-track-flat-single-09w-3000k-on-off-ideallux-originalni-1141\/#primaryimage","url":"https:\/\/www.koupeltech.com\/wp-content\/uploads\/2026\/SK0017409-CZ20260425-091535-0-1777079743-ILUX-300504.webp","contentUrl":"https:\/\/www.koupeltech.com\/wp-content\/uploads\/2026\/SK0017409-CZ20260425-091535-0-1777079743-ILUX-300504.webp","width":800,"height":800},{"@type":"BreadcrumbList","@id":"https:\/\/www.koupeltech.com\/index.php\/produkt\/ego-track-flat-single-09w-3000k-on-off-ideallux-originalni-1141\/#breadcrumb","itemListElement":[{"@type":"ListItem","position":1,"name":"Home","item":"https:\/\/www.koupeltech.com\/"},{"@type":"ListItem","position":2,"name":"Products","item":"https:\/\/www.koupeltech.com\/index.php\/products\/"},{"@type":"ListItem","position":3,"name":"Ego track flat single 09w 3000k on-off &#8211; IDEALLUX Origin\u00e1ln\u00ed"}]},{"@type":"WebSite","@id":"https:\/\/www.koupeltech.com\/#website","url":"https:\/\/www.koupeltech.com\/","name":"","description":"","potentialAction":[{"@type":"SearchAction","target":{"@type":"EntryPoint","urlTemplate":"https:\/\/www.koupeltech.com\/?s={search_term_string}"},"query-input":{"@type":"PropertyValueSpecification","valueRequired":true,"valueName":"search_term_string"}}],"inLanguage":"cs"}]}},"_links":{"self":[{"href":"https:\/\/www.koupeltech.com\/index.php\/wp-json\/wp\/v2\/product\/1141","targetHints":{"allow":["GET"]}}],"collection":[{"href":"https:\/\/www.koupeltech.com\/index.php\/wp-json\/wp\/v2\/product"}],"about":[{"href":"https:\/\/www.koupeltech.com\/index.php\/wp-json\/wp\/v2\/types\/product"}],"replies":[{"embeddable":true,"href":"https:\/\/www.koupeltech.com\/index.php\/wp-json\/wp\/v2\/comments?post=1141"}],"wp:featuredmedia":[{"embeddable":true,"href":"https:\/\/www.koupeltech.com\/index.php\/wp-json\/wp\/v2\/media\/1241"}],"wp:attachment":[{"href":"https:\/\/www.koupeltech.com\/index.php\/wp-json\/wp\/v2\/media?parent=1141"}],"wp:term":[{"taxonomy":"product_brand","embeddable":true,"href":"https:\/\/www.koupeltech.com\/index.php\/wp-json\/wp\/v2\/product_brand?post=1141"},{"taxonomy":"product_cat","embeddable":true,"href":"https:\/\/www.koupeltech.com\/index.php\/wp-json\/wp\/v2\/product_cat?post=1141"},{"taxonomy":"product_tag","embeddable":true,"href":"https:\/\/www.koupeltech.com\/index.php\/wp-json\/wp\/v2\/product_tag?post=1141"}],"curies":[{"name":"wp","href":"https:\/\/api.w.org\/{rel}","templated":true}]}}