{"id":1153,"date":"2026-04-27T13:56:38","date_gmt":"2026-04-27T13:56:38","guid":{"rendered":""},"modified":"2026-04-27T13:56:38","modified_gmt":"2026-04-27T13:56:38","slug":"oblibeny-textilni-kabel-5m-med-ideallux-1153","status":"publish","type":"product","link":"https:\/\/www.koupeltech.com\/index.php\/produkt\/oblibeny-textilni-kabel-5m-med-ideallux-1153\/","title":{"rendered":"Obl\u00edben\u00fd Textiln\u00ed kabel 5m m\u011b\u010f &#8211; IDEALLUX"},"content":{"rendered":"<p><\/p>\n<div class=\"top-params\">\n<h3 class=\"product-h3 collapse-header \" data-toggle=\"collapse\" data-target=\"#collapseOne\" aria-expanded=\"true\" aria-controls=\"collapseOne\">Parametry<\/h3>\n<div id=\"collapseOne\" class=\"collapse show\" aria-labelledby=\"headingOne\" data-parent=\"#product-info-accordion1\">\n<table class=\"table-striped\">\n<tr>\n<td>                Hmotnost g            <\/td>\n<td>                210            <\/td>\n<\/tr>\n<tr>\n<td>                Pr\u016fm\u011br v mm            <\/td>\n<td>                5            <\/td>\n<\/tr>\n<tr>\n<td>                V\u010detn\u011b sv\u011bteln\u00e9ho zdroje            <\/td>\n<td>                ne            <\/td>\n<\/tr>\n<tr>\n<td>                Materi\u00e1l            <\/td>\n<td>                textil            <\/td>\n<\/tr>\n<tr>\n<td>                Barva            <\/td>\n<td>                m\u011b\u010f            <\/td>\n<\/tr>\n<tr>\n<td>                Kolekce            <\/td>\n<td>                ACCESSORI            <\/td>\n<\/tr>\n<tr>\n<td>                V\u00fdrobce            <\/td>\n<td>                IDEALLUX            <\/td>\n<\/tr>\n<tr>\n<td>                U v\u00fdrobce dostupn\u00fdch            <\/td>\n<td>                204                    ks            <\/td>\n<\/tr>\n<tr>\n<td>                D\u00e9lka v mm            <\/td>\n<td>                5000            <\/td>\n<\/tr>\n<\/table>\n<\/div><\/div>\n<\/div>\n<div class=\"accordion\" id=\"product-info-accordion2\">\n","protected":false},"excerpt":{"rendered":"<p>Parametry Hmotnost g 210 Pr\u016fm\u011br v mm 5 V\u010detn\u011b sv\u011bteln\u00e9ho zdroje ne Materi\u00e1l textil Barva m\u011b\u010f Kolekce ACCESSORI V\u00fdrobce IDEALLUX U v\u00fdrobce dostupn\u00fdch 204 ks D\u00e9lka v mm 5000<\/p>\n","protected":false},"featured_media":1253,"comment_status":"open","ping_status":"open","template":"","meta":[],"product_brand":[],"product_cat":[33],"product_tag":[],"class_list":{"0":"post-1153","1":"product","2":"type-product","3":"status-publish","4":"has-post-thumbnail","6":"product_cat-prislusenstvi","8":"first","9":"instock","10":"sale","11":"shipping-taxable","12":"purchasable","13":"product-type-simple"},"yoast_head":"<!-- This site is optimized with the Yoast SEO plugin v26.8 - https:\/\/yoast.com\/product\/yoast-seo-wordpress\/ -->\n<title>Obl\u00edben\u00fd Textiln\u00ed kabel 5m m\u011b\u010f - IDEALLUX -<\/title>\n<meta name=\"robots\" content=\"index, follow, max-snippet:-1, max-image-preview:large, max-video-preview:-1\" \/>\n<link rel=\"canonical\" href=\"https:\/\/www.koupeltech.com\/index.php\/produkt\/oblibeny-textilni-kabel-5m-med-ideallux-1153\/\" \/>\n<meta property=\"og:locale\" content=\"cs_CZ\" \/>\n<meta property=\"og:type\" content=\"article\" \/>\n<meta property=\"og:title\" content=\"Obl\u00edben\u00fd Textiln\u00ed kabel 5m m\u011b\u010f - IDEALLUX -\" \/>\n<meta property=\"og:description\" content=\"Parametry Hmotnost g 210 Pr\u016fm\u011br v mm 5 V\u010detn\u011b sv\u011bteln\u00e9ho zdroje ne Materi\u00e1l textil Barva m\u011b\u010f Kolekce ACCESSORI V\u00fdrobce IDEALLUX U v\u00fdrobce dostupn\u00fdch 204 ks D\u00e9lka v mm 5000\" \/>\n<meta property=\"og:url\" content=\"https:\/\/www.koupeltech.com\/index.php\/produkt\/oblibeny-textilni-kabel-5m-med-ideallux-1153\/\" \/>\n<meta property=\"og:image\" content=\"https:\/\/www.koupeltech.com\/wp-content\/uploads\/2026\/SK0017421-CZ20260425-091535-0-1777079743-ILUX-301655.webp\" \/>\n\t<meta property=\"og:image:width\" content=\"800\" \/>\n\t<meta property=\"og:image:height\" content=\"800\" \/>\n\t<meta property=\"og:image:type\" content=\"image\/webp\" \/>\n<meta name=\"twitter:card\" content=\"summary_large_image\" \/>\n<script type=\"application\/ld+json\" class=\"yoast-schema-graph\">{\"@context\":\"https:\/\/schema.org\",\"@graph\":[{\"@type\":\"WebPage\",\"@id\":\"https:\/\/www.koupeltech.com\/index.php\/produkt\/oblibeny-textilni-kabel-5m-med-ideallux-1153\/\",\"url\":\"https:\/\/www.koupeltech.com\/index.php\/produkt\/oblibeny-textilni-kabel-5m-med-ideallux-1153\/\",\"name\":\"Obl\u00edben\u00fd Textiln\u00ed kabel 5m m\u011b\u010f - IDEALLUX -\",\"isPartOf\":{\"@id\":\"https:\/\/www.koupeltech.com\/#website\"},\"primaryImageOfPage\":{\"@id\":\"https:\/\/www.koupeltech.com\/index.php\/produkt\/oblibeny-textilni-kabel-5m-med-ideallux-1153\/#primaryimage\"},\"image\":{\"@id\":\"https:\/\/www.koupeltech.com\/index.php\/produkt\/oblibeny-textilni-kabel-5m-med-ideallux-1153\/#primaryimage\"},\"thumbnailUrl\":\"https:\/\/www.koupeltech.com\/wp-content\/uploads\/2026\/SK0017421-CZ20260425-091535-0-1777079743-ILUX-301655.webp\",\"datePublished\":\"2026-04-27T13:56:38+00:00\",\"breadcrumb\":{\"@id\":\"https:\/\/www.koupeltech.com\/index.php\/produkt\/oblibeny-textilni-kabel-5m-med-ideallux-1153\/#breadcrumb\"},\"inLanguage\":\"cs\",\"potentialAction\":[{\"@type\":\"ReadAction\",\"target\":[\"https:\/\/www.koupeltech.com\/index.php\/produkt\/oblibeny-textilni-kabel-5m-med-ideallux-1153\/\"]}]},{\"@type\":\"ImageObject\",\"inLanguage\":\"cs\",\"@id\":\"https:\/\/www.koupeltech.com\/index.php\/produkt\/oblibeny-textilni-kabel-5m-med-ideallux-1153\/#primaryimage\",\"url\":\"https:\/\/www.koupeltech.com\/wp-content\/uploads\/2026\/SK0017421-CZ20260425-091535-0-1777079743-ILUX-301655.webp\",\"contentUrl\":\"https:\/\/www.koupeltech.com\/wp-content\/uploads\/2026\/SK0017421-CZ20260425-091535-0-1777079743-ILUX-301655.webp\",\"width\":800,\"height\":800},{\"@type\":\"BreadcrumbList\",\"@id\":\"https:\/\/www.koupeltech.com\/index.php\/produkt\/oblibeny-textilni-kabel-5m-med-ideallux-1153\/#breadcrumb\",\"itemListElement\":[{\"@type\":\"ListItem\",\"position\":1,\"name\":\"Home\",\"item\":\"https:\/\/www.koupeltech.com\/\"},{\"@type\":\"ListItem\",\"position\":2,\"name\":\"Products\",\"item\":\"https:\/\/www.koupeltech.com\/index.php\/products\/\"},{\"@type\":\"ListItem\",\"position\":3,\"name\":\"Obl\u00edben\u00fd Textiln\u00ed kabel 5m m\u011b\u010f &#8211; IDEALLUX\"}]},{\"@type\":\"WebSite\",\"@id\":\"https:\/\/www.koupeltech.com\/#website\",\"url\":\"https:\/\/www.koupeltech.com\/\",\"name\":\"\",\"description\":\"\",\"potentialAction\":[{\"@type\":\"SearchAction\",\"target\":{\"@type\":\"EntryPoint\",\"urlTemplate\":\"https:\/\/www.koupeltech.com\/?s={search_term_string}\"},\"query-input\":{\"@type\":\"PropertyValueSpecification\",\"valueRequired\":true,\"valueName\":\"search_term_string\"}}],\"inLanguage\":\"cs\"}]}<\/script>\n<!-- \/ Yoast SEO plugin. -->","yoast_head_json":{"title":"Obl\u00edben\u00fd Textiln\u00ed kabel 5m m\u011b\u010f - IDEALLUX -","robots":{"index":"index","follow":"follow","max-snippet":"max-snippet:-1","max-image-preview":"max-image-preview:large","max-video-preview":"max-video-preview:-1"},"canonical":"https:\/\/www.koupeltech.com\/index.php\/produkt\/oblibeny-textilni-kabel-5m-med-ideallux-1153\/","og_locale":"cs_CZ","og_type":"article","og_title":"Obl\u00edben\u00fd Textiln\u00ed kabel 5m m\u011b\u010f - IDEALLUX -","og_description":"Parametry Hmotnost g 210 Pr\u016fm\u011br v mm 5 V\u010detn\u011b sv\u011bteln\u00e9ho zdroje ne Materi\u00e1l textil Barva m\u011b\u010f Kolekce ACCESSORI V\u00fdrobce IDEALLUX U v\u00fdrobce dostupn\u00fdch 204 ks D\u00e9lka v mm 5000","og_url":"https:\/\/www.koupeltech.com\/index.php\/produkt\/oblibeny-textilni-kabel-5m-med-ideallux-1153\/","og_image":[{"width":800,"height":800,"url":"https:\/\/www.koupeltech.com\/wp-content\/uploads\/2026\/SK0017421-CZ20260425-091535-0-1777079743-ILUX-301655.webp","type":"image\/webp"}],"twitter_card":"summary_large_image","schema":{"@context":"https:\/\/schema.org","@graph":[{"@type":"WebPage","@id":"https:\/\/www.koupeltech.com\/index.php\/produkt\/oblibeny-textilni-kabel-5m-med-ideallux-1153\/","url":"https:\/\/www.koupeltech.com\/index.php\/produkt\/oblibeny-textilni-kabel-5m-med-ideallux-1153\/","name":"Obl\u00edben\u00fd Textiln\u00ed kabel 5m m\u011b\u010f - IDEALLUX -","isPartOf":{"@id":"https:\/\/www.koupeltech.com\/#website"},"primaryImageOfPage":{"@id":"https:\/\/www.koupeltech.com\/index.php\/produkt\/oblibeny-textilni-kabel-5m-med-ideallux-1153\/#primaryimage"},"image":{"@id":"https:\/\/www.koupeltech.com\/index.php\/produkt\/oblibeny-textilni-kabel-5m-med-ideallux-1153\/#primaryimage"},"thumbnailUrl":"https:\/\/www.koupeltech.com\/wp-content\/uploads\/2026\/SK0017421-CZ20260425-091535-0-1777079743-ILUX-301655.webp","datePublished":"2026-04-27T13:56:38+00:00","breadcrumb":{"@id":"https:\/\/www.koupeltech.com\/index.php\/produkt\/oblibeny-textilni-kabel-5m-med-ideallux-1153\/#breadcrumb"},"inLanguage":"cs","potentialAction":[{"@type":"ReadAction","target":["https:\/\/www.koupeltech.com\/index.php\/produkt\/oblibeny-textilni-kabel-5m-med-ideallux-1153\/"]}]},{"@type":"ImageObject","inLanguage":"cs","@id":"https:\/\/www.koupeltech.com\/index.php\/produkt\/oblibeny-textilni-kabel-5m-med-ideallux-1153\/#primaryimage","url":"https:\/\/www.koupeltech.com\/wp-content\/uploads\/2026\/SK0017421-CZ20260425-091535-0-1777079743-ILUX-301655.webp","contentUrl":"https:\/\/www.koupeltech.com\/wp-content\/uploads\/2026\/SK0017421-CZ20260425-091535-0-1777079743-ILUX-301655.webp","width":800,"height":800},{"@type":"BreadcrumbList","@id":"https:\/\/www.koupeltech.com\/index.php\/produkt\/oblibeny-textilni-kabel-5m-med-ideallux-1153\/#breadcrumb","itemListElement":[{"@type":"ListItem","position":1,"name":"Home","item":"https:\/\/www.koupeltech.com\/"},{"@type":"ListItem","position":2,"name":"Products","item":"https:\/\/www.koupeltech.com\/index.php\/products\/"},{"@type":"ListItem","position":3,"name":"Obl\u00edben\u00fd Textiln\u00ed kabel 5m m\u011b\u010f &#8211; IDEALLUX"}]},{"@type":"WebSite","@id":"https:\/\/www.koupeltech.com\/#website","url":"https:\/\/www.koupeltech.com\/","name":"","description":"","potentialAction":[{"@type":"SearchAction","target":{"@type":"EntryPoint","urlTemplate":"https:\/\/www.koupeltech.com\/?s={search_term_string}"},"query-input":{"@type":"PropertyValueSpecification","valueRequired":true,"valueName":"search_term_string"}}],"inLanguage":"cs"}]}},"_links":{"self":[{"href":"https:\/\/www.koupeltech.com\/index.php\/wp-json\/wp\/v2\/product\/1153","targetHints":{"allow":["GET"]}}],"collection":[{"href":"https:\/\/www.koupeltech.com\/index.php\/wp-json\/wp\/v2\/product"}],"about":[{"href":"https:\/\/www.koupeltech.com\/index.php\/wp-json\/wp\/v2\/types\/product"}],"replies":[{"embeddable":true,"href":"https:\/\/www.koupeltech.com\/index.php\/wp-json\/wp\/v2\/comments?post=1153"}],"wp:featuredmedia":[{"embeddable":true,"href":"https:\/\/www.koupeltech.com\/index.php\/wp-json\/wp\/v2\/media\/1253"}],"wp:attachment":[{"href":"https:\/\/www.koupeltech.com\/index.php\/wp-json\/wp\/v2\/media?parent=1153"}],"wp:term":[{"taxonomy":"product_brand","embeddable":true,"href":"https:\/\/www.koupeltech.com\/index.php\/wp-json\/wp\/v2\/product_brand?post=1153"},{"taxonomy":"product_cat","embeddable":true,"href":"https:\/\/www.koupeltech.com\/index.php\/wp-json\/wp\/v2\/product_cat?post=1153"},{"taxonomy":"product_tag","embeddable":true,"href":"https:\/\/www.koupeltech.com\/index.php\/wp-json\/wp\/v2\/product_tag?post=1153"}],"curies":[{"name":"wp","href":"https:\/\/api.w.org\/{rel}","templated":true}]}}