{"id":11697,"date":"2026-04-27T13:57:31","date_gmt":"2026-04-27T13:57:31","guid":{"rendered":""},"modified":"2026-04-27T13:57:31","modified_gmt":"2026-04-27T13:57:31","slug":"expresni-doruceni-koupelnova-skrinka-s-umyvadlem-sat-delano-60x56x45-cm-dub-mat-delano60zdcum-11697","status":"publish","type":"product","link":"https:\/\/www.koupeltech.com\/index.php\/produkt\/expresni-doruceni-koupelnova-skrinka-s-umyvadlem-sat-delano-60x56x45-cm-dub-mat-delano60zdcum-11697\/","title":{"rendered":"Expresn\u00ed Doru\u010den\u00ed Koupelnov\u00e1 sk\u0159\u00ed\u0148ka s umyvadlem SAT Delano 60x56x45 cm dub mat DELANO60ZDCUM"},"content":{"rendered":"<div class=\"ProductDetail-content NoFixImageContainer\" id=\"productDescription\">\n<div class=\"Heading\">\n<h2 class=\"Heading-title\">Popis produktu <span class=''>Koupelnov\u00e1 sk\u0159\u00ed\u0148ka s umyvadlem SAT Delano 60x56x45 cm dub mat DELANO60ZDCUM<\/span><\/h2>\n<\/p><\/div>\n<div class=\"ProductDetailContent\">\n<p><strong>P\u0159edstavujeme v\u00e1m na\u0161i novinku, koupelnovou sk\u0159\u00ed\u0148ku s umyvadlem SAT Delano<\/strong>&nbsp;v \u010dern\u00e9m proveden\u00ed. Tato sk\u0159\u00ed\u0148ka je nejen praktick\u00fdm a funk\u010dn\u00edm prvkem va\u0161\u00ed koupelny, ale tak\u00e9 p\u0159in\u00e1\u0161\u00ed do va\u0161eho interi\u00e9ru&nbsp;<strong>&nbsp;hit sou\u010dasn\u00e9ho interi\u00e9rov\u00e9ho designu &#8211; vertik\u00e1ln\u00ed lamely<\/strong>.&nbsp;<\/p>\n<p>Koupelnov\u00e1 sk\u0159\u00ed\u0148ka s umyvadlem SAT Delano je dokonalou kombinac\u00ed funkcionality a m\u00f3dn\u00edho designu. P\u0159idejte do sv\u00e9 koupelny kus luxusu a ud\u011blejte z n\u00ed prostor, kter\u00fd v\u00e1s bude ka\u017ed\u00fd den pot\u011b\u0161\u00ed.<\/p>\n<p><strong>Popis:<\/strong><\/p>\n<ul>\n<li>Druh v\u00fdrobku: koupelnov\u00e1 sk\u0159\u00ed\u0148ka<\/li>\n<li>Barva popisn\u00e1: dub<\/li>\n<li>Barva z\u00e1kladn\u00ed: d\u0159evodekor<\/li>\n<li>V\u00fdbava: plnov\u00fdsuv s dotahem<\/li>\n<li>Typ: s umyvadlem Verso 61,5&#215;46,5x7cm<\/li>\n<li>Lesk\/mat: mat<\/li>\n<li>\u0160\u00ed\u0159ka: 60 cm<\/li>\n<li>V\u00fd\u0161ka: 56 cm<\/li>\n<li>Hloubka: 45 cm<\/li>\n<li>Proveden\u00ed: z\u00e1v\u011bsn\u00e1<\/li>\n<li>Materi\u00e1l umyvadla: keramika<\/li>\n<\/ul>\n<p>N\u00e1bytek je dod\u00e1v\u00e1n v demontu.<\/p>\n<\/p><\/div>\n<div class=\"ProductDetailContent\">                                                                    <\/div>\n<\/p><\/div>\n<\/p><\/div>\n<\/p><\/div>\n","protected":false},"excerpt":{"rendered":"<p>Popis produktu Koupelnov\u00e1 sk\u0159\u00ed\u0148ka s umyvadlem SAT Delano 60x56x45 cm dub mat DELANO60ZDCUM P\u0159edstavujeme v\u00e1m na\u0161i novinku, koupelnovou sk\u0159\u00ed\u0148ku s umyvadlem SAT Delano&nbsp;v \u010dern\u00e9m proveden\u00ed. Tato sk\u0159\u00ed\u0148ka je nejen praktick\u00fdm a funk\u010dn\u00edm prvkem va\u0161\u00ed koupelny, ale tak\u00e9 p\u0159in\u00e1\u0161\u00ed do va\u0161eho interi\u00e9ru&nbsp;&nbsp;hit sou\u010dasn\u00e9ho interi\u00e9rov\u00e9ho designu &#8211; vertik\u00e1ln\u00ed lamely.&nbsp; Koupelnov\u00e1 sk\u0159\u00ed\u0148ka s umyvadlem SAT Delano je dokonalou [&hellip;]<\/p>\n","protected":false},"featured_media":11797,"comment_status":"open","ping_status":"open","template":"","meta":[],"product_brand":[],"product_cat":[77],"product_tag":[],"class_list":{"0":"post-11697","1":"product","2":"type-product","3":"status-publish","4":"has-post-thumbnail","6":"product_cat-koupelny","8":"first","9":"instock","10":"sale","11":"shipping-taxable","12":"purchasable","13":"product-type-simple"},"yoast_head":"<!-- This site is optimized with the Yoast SEO plugin v26.8 - https:\/\/yoast.com\/product\/yoast-seo-wordpress\/ -->\n<title>Expresn\u00ed Doru\u010den\u00ed Koupelnov\u00e1 sk\u0159\u00ed\u0148ka s umyvadlem SAT Delano 60x56x45 cm dub mat DELANO60ZDCUM -<\/title>\n<meta name=\"robots\" content=\"index, follow, max-snippet:-1, max-image-preview:large, max-video-preview:-1\" \/>\n<link rel=\"canonical\" href=\"https:\/\/www.koupeltech.com\/index.php\/produkt\/expresni-doruceni-koupelnova-skrinka-s-umyvadlem-sat-delano-60x56x45-cm-dub-mat-delano60zdcum-11697\/\" \/>\n<meta property=\"og:locale\" content=\"cs_CZ\" \/>\n<meta property=\"og:type\" content=\"article\" \/>\n<meta property=\"og:title\" content=\"Expresn\u00ed Doru\u010den\u00ed Koupelnov\u00e1 sk\u0159\u00ed\u0148ka s umyvadlem SAT Delano 60x56x45 cm dub mat DELANO60ZDCUM -\" \/>\n<meta property=\"og:description\" content=\"Popis produktu Koupelnov\u00e1 sk\u0159\u00ed\u0148ka s umyvadlem SAT Delano 60x56x45 cm dub mat DELANO60ZDCUM P\u0159edstavujeme v\u00e1m na\u0161i novinku, koupelnovou sk\u0159\u00ed\u0148ku s umyvadlem SAT Delano&nbsp;v \u010dern\u00e9m proveden\u00ed. Tato sk\u0159\u00ed\u0148ka je nejen praktick\u00fdm a funk\u010dn\u00edm prvkem va\u0161\u00ed koupelny, ale tak\u00e9 p\u0159in\u00e1\u0161\u00ed do va\u0161eho interi\u00e9ru&nbsp;&nbsp;hit sou\u010dasn\u00e9ho interi\u00e9rov\u00e9ho designu &#8211; vertik\u00e1ln\u00ed lamely.&nbsp; Koupelnov\u00e1 sk\u0159\u00ed\u0148ka s umyvadlem SAT Delano je dokonalou [&hellip;]\" \/>\n<meta property=\"og:url\" content=\"https:\/\/www.koupeltech.com\/index.php\/produkt\/expresni-doruceni-koupelnova-skrinka-s-umyvadlem-sat-delano-60x56x45-cm-dub-mat-delano60zdcum-11697\/\" \/>\n<meta property=\"og:image\" content=\"https:\/\/www.koupeltech.com\/wp-content\/uploads\/2026\/SK0022921-CZ20260425-092632-0-1777080397-koupelnova-skrinka-s-umyvadlem-sat-delano-60x56x45-cm-dub-m.webp\" \/>\n\t<meta property=\"og:image:width\" content=\"600\" \/>\n\t<meta property=\"og:image:height\" content=\"600\" \/>\n\t<meta property=\"og:image:type\" content=\"image\/webp\" \/>\n<meta name=\"twitter:card\" content=\"summary_large_image\" \/>\n<meta name=\"twitter:label1\" content=\"Odhadovan\u00e1 doba \u010dten\u00ed\" \/>\n\t<meta name=\"twitter:data1\" content=\"1 minuta\" \/>\n<script type=\"application\/ld+json\" class=\"yoast-schema-graph\">{\"@context\":\"https:\/\/schema.org\",\"@graph\":[{\"@type\":\"WebPage\",\"@id\":\"https:\/\/www.koupeltech.com\/index.php\/produkt\/expresni-doruceni-koupelnova-skrinka-s-umyvadlem-sat-delano-60x56x45-cm-dub-mat-delano60zdcum-11697\/\",\"url\":\"https:\/\/www.koupeltech.com\/index.php\/produkt\/expresni-doruceni-koupelnova-skrinka-s-umyvadlem-sat-delano-60x56x45-cm-dub-mat-delano60zdcum-11697\/\",\"name\":\"Expresn\u00ed Doru\u010den\u00ed Koupelnov\u00e1 sk\u0159\u00ed\u0148ka s umyvadlem SAT Delano 60x56x45 cm dub mat DELANO60ZDCUM -\",\"isPartOf\":{\"@id\":\"https:\/\/www.koupeltech.com\/#website\"},\"primaryImageOfPage\":{\"@id\":\"https:\/\/www.koupeltech.com\/index.php\/produkt\/expresni-doruceni-koupelnova-skrinka-s-umyvadlem-sat-delano-60x56x45-cm-dub-mat-delano60zdcum-11697\/#primaryimage\"},\"image\":{\"@id\":\"https:\/\/www.koupeltech.com\/index.php\/produkt\/expresni-doruceni-koupelnova-skrinka-s-umyvadlem-sat-delano-60x56x45-cm-dub-mat-delano60zdcum-11697\/#primaryimage\"},\"thumbnailUrl\":\"https:\/\/www.koupeltech.com\/wp-content\/uploads\/2026\/SK0022921-CZ20260425-092632-0-1777080397-koupelnova-skrinka-s-umyvadlem-sat-delano-60x56x45-cm-dub-m.webp\",\"datePublished\":\"2026-04-27T13:57:31+00:00\",\"breadcrumb\":{\"@id\":\"https:\/\/www.koupeltech.com\/index.php\/produkt\/expresni-doruceni-koupelnova-skrinka-s-umyvadlem-sat-delano-60x56x45-cm-dub-mat-delano60zdcum-11697\/#breadcrumb\"},\"inLanguage\":\"cs\",\"potentialAction\":[{\"@type\":\"ReadAction\",\"target\":[\"https:\/\/www.koupeltech.com\/index.php\/produkt\/expresni-doruceni-koupelnova-skrinka-s-umyvadlem-sat-delano-60x56x45-cm-dub-mat-delano60zdcum-11697\/\"]}]},{\"@type\":\"ImageObject\",\"inLanguage\":\"cs\",\"@id\":\"https:\/\/www.koupeltech.com\/index.php\/produkt\/expresni-doruceni-koupelnova-skrinka-s-umyvadlem-sat-delano-60x56x45-cm-dub-mat-delano60zdcum-11697\/#primaryimage\",\"url\":\"https:\/\/www.koupeltech.com\/wp-content\/uploads\/2026\/SK0022921-CZ20260425-092632-0-1777080397-koupelnova-skrinka-s-umyvadlem-sat-delano-60x56x45-cm-dub-m.webp\",\"contentUrl\":\"https:\/\/www.koupeltech.com\/wp-content\/uploads\/2026\/SK0022921-CZ20260425-092632-0-1777080397-koupelnova-skrinka-s-umyvadlem-sat-delano-60x56x45-cm-dub-m.webp\",\"width\":600,\"height\":600},{\"@type\":\"BreadcrumbList\",\"@id\":\"https:\/\/www.koupeltech.com\/index.php\/produkt\/expresni-doruceni-koupelnova-skrinka-s-umyvadlem-sat-delano-60x56x45-cm-dub-mat-delano60zdcum-11697\/#breadcrumb\",\"itemListElement\":[{\"@type\":\"ListItem\",\"position\":1,\"name\":\"Home\",\"item\":\"https:\/\/www.koupeltech.com\/\"},{\"@type\":\"ListItem\",\"position\":2,\"name\":\"Products\",\"item\":\"https:\/\/www.koupeltech.com\/index.php\/products\/\"},{\"@type\":\"ListItem\",\"position\":3,\"name\":\"Expresn\u00ed Doru\u010den\u00ed Koupelnov\u00e1 sk\u0159\u00ed\u0148ka s umyvadlem SAT Delano 60x56x45 cm dub mat DELANO60ZDCUM\"}]},{\"@type\":\"WebSite\",\"@id\":\"https:\/\/www.koupeltech.com\/#website\",\"url\":\"https:\/\/www.koupeltech.com\/\",\"name\":\"\",\"description\":\"\",\"potentialAction\":[{\"@type\":\"SearchAction\",\"target\":{\"@type\":\"EntryPoint\",\"urlTemplate\":\"https:\/\/www.koupeltech.com\/?s={search_term_string}\"},\"query-input\":{\"@type\":\"PropertyValueSpecification\",\"valueRequired\":true,\"valueName\":\"search_term_string\"}}],\"inLanguage\":\"cs\"}]}<\/script>\n<!-- \/ Yoast SEO plugin. -->","yoast_head_json":{"title":"Expresn\u00ed Doru\u010den\u00ed Koupelnov\u00e1 sk\u0159\u00ed\u0148ka s umyvadlem SAT Delano 60x56x45 cm dub mat DELANO60ZDCUM -","robots":{"index":"index","follow":"follow","max-snippet":"max-snippet:-1","max-image-preview":"max-image-preview:large","max-video-preview":"max-video-preview:-1"},"canonical":"https:\/\/www.koupeltech.com\/index.php\/produkt\/expresni-doruceni-koupelnova-skrinka-s-umyvadlem-sat-delano-60x56x45-cm-dub-mat-delano60zdcum-11697\/","og_locale":"cs_CZ","og_type":"article","og_title":"Expresn\u00ed Doru\u010den\u00ed Koupelnov\u00e1 sk\u0159\u00ed\u0148ka s umyvadlem SAT Delano 60x56x45 cm dub mat DELANO60ZDCUM -","og_description":"Popis produktu Koupelnov\u00e1 sk\u0159\u00ed\u0148ka s umyvadlem SAT Delano 60x56x45 cm dub mat DELANO60ZDCUM P\u0159edstavujeme v\u00e1m na\u0161i novinku, koupelnovou sk\u0159\u00ed\u0148ku s umyvadlem SAT Delano&nbsp;v \u010dern\u00e9m proveden\u00ed. Tato sk\u0159\u00ed\u0148ka je nejen praktick\u00fdm a funk\u010dn\u00edm prvkem va\u0161\u00ed koupelny, ale tak\u00e9 p\u0159in\u00e1\u0161\u00ed do va\u0161eho interi\u00e9ru&nbsp;&nbsp;hit sou\u010dasn\u00e9ho interi\u00e9rov\u00e9ho designu &#8211; vertik\u00e1ln\u00ed lamely.&nbsp; Koupelnov\u00e1 sk\u0159\u00ed\u0148ka s umyvadlem SAT Delano je dokonalou [&hellip;]","og_url":"https:\/\/www.koupeltech.com\/index.php\/produkt\/expresni-doruceni-koupelnova-skrinka-s-umyvadlem-sat-delano-60x56x45-cm-dub-mat-delano60zdcum-11697\/","og_image":[{"width":600,"height":600,"url":"https:\/\/www.koupeltech.com\/wp-content\/uploads\/2026\/SK0022921-CZ20260425-092632-0-1777080397-koupelnova-skrinka-s-umyvadlem-sat-delano-60x56x45-cm-dub-m.webp","type":"image\/webp"}],"twitter_card":"summary_large_image","twitter_misc":{"Odhadovan\u00e1 doba \u010dten\u00ed":"1 minuta"},"schema":{"@context":"https:\/\/schema.org","@graph":[{"@type":"WebPage","@id":"https:\/\/www.koupeltech.com\/index.php\/produkt\/expresni-doruceni-koupelnova-skrinka-s-umyvadlem-sat-delano-60x56x45-cm-dub-mat-delano60zdcum-11697\/","url":"https:\/\/www.koupeltech.com\/index.php\/produkt\/expresni-doruceni-koupelnova-skrinka-s-umyvadlem-sat-delano-60x56x45-cm-dub-mat-delano60zdcum-11697\/","name":"Expresn\u00ed Doru\u010den\u00ed Koupelnov\u00e1 sk\u0159\u00ed\u0148ka s umyvadlem SAT Delano 60x56x45 cm dub mat DELANO60ZDCUM -","isPartOf":{"@id":"https:\/\/www.koupeltech.com\/#website"},"primaryImageOfPage":{"@id":"https:\/\/www.koupeltech.com\/index.php\/produkt\/expresni-doruceni-koupelnova-skrinka-s-umyvadlem-sat-delano-60x56x45-cm-dub-mat-delano60zdcum-11697\/#primaryimage"},"image":{"@id":"https:\/\/www.koupeltech.com\/index.php\/produkt\/expresni-doruceni-koupelnova-skrinka-s-umyvadlem-sat-delano-60x56x45-cm-dub-mat-delano60zdcum-11697\/#primaryimage"},"thumbnailUrl":"https:\/\/www.koupeltech.com\/wp-content\/uploads\/2026\/SK0022921-CZ20260425-092632-0-1777080397-koupelnova-skrinka-s-umyvadlem-sat-delano-60x56x45-cm-dub-m.webp","datePublished":"2026-04-27T13:57:31+00:00","breadcrumb":{"@id":"https:\/\/www.koupeltech.com\/index.php\/produkt\/expresni-doruceni-koupelnova-skrinka-s-umyvadlem-sat-delano-60x56x45-cm-dub-mat-delano60zdcum-11697\/#breadcrumb"},"inLanguage":"cs","potentialAction":[{"@type":"ReadAction","target":["https:\/\/www.koupeltech.com\/index.php\/produkt\/expresni-doruceni-koupelnova-skrinka-s-umyvadlem-sat-delano-60x56x45-cm-dub-mat-delano60zdcum-11697\/"]}]},{"@type":"ImageObject","inLanguage":"cs","@id":"https:\/\/www.koupeltech.com\/index.php\/produkt\/expresni-doruceni-koupelnova-skrinka-s-umyvadlem-sat-delano-60x56x45-cm-dub-mat-delano60zdcum-11697\/#primaryimage","url":"https:\/\/www.koupeltech.com\/wp-content\/uploads\/2026\/SK0022921-CZ20260425-092632-0-1777080397-koupelnova-skrinka-s-umyvadlem-sat-delano-60x56x45-cm-dub-m.webp","contentUrl":"https:\/\/www.koupeltech.com\/wp-content\/uploads\/2026\/SK0022921-CZ20260425-092632-0-1777080397-koupelnova-skrinka-s-umyvadlem-sat-delano-60x56x45-cm-dub-m.webp","width":600,"height":600},{"@type":"BreadcrumbList","@id":"https:\/\/www.koupeltech.com\/index.php\/produkt\/expresni-doruceni-koupelnova-skrinka-s-umyvadlem-sat-delano-60x56x45-cm-dub-mat-delano60zdcum-11697\/#breadcrumb","itemListElement":[{"@type":"ListItem","position":1,"name":"Home","item":"https:\/\/www.koupeltech.com\/"},{"@type":"ListItem","position":2,"name":"Products","item":"https:\/\/www.koupeltech.com\/index.php\/products\/"},{"@type":"ListItem","position":3,"name":"Expresn\u00ed Doru\u010den\u00ed Koupelnov\u00e1 sk\u0159\u00ed\u0148ka s umyvadlem SAT Delano 60x56x45 cm dub mat DELANO60ZDCUM"}]},{"@type":"WebSite","@id":"https:\/\/www.koupeltech.com\/#website","url":"https:\/\/www.koupeltech.com\/","name":"","description":"","potentialAction":[{"@type":"SearchAction","target":{"@type":"EntryPoint","urlTemplate":"https:\/\/www.koupeltech.com\/?s={search_term_string}"},"query-input":{"@type":"PropertyValueSpecification","valueRequired":true,"valueName":"search_term_string"}}],"inLanguage":"cs"}]}},"_links":{"self":[{"href":"https:\/\/www.koupeltech.com\/index.php\/wp-json\/wp\/v2\/product\/11697","targetHints":{"allow":["GET"]}}],"collection":[{"href":"https:\/\/www.koupeltech.com\/index.php\/wp-json\/wp\/v2\/product"}],"about":[{"href":"https:\/\/www.koupeltech.com\/index.php\/wp-json\/wp\/v2\/types\/product"}],"replies":[{"embeddable":true,"href":"https:\/\/www.koupeltech.com\/index.php\/wp-json\/wp\/v2\/comments?post=11697"}],"wp:featuredmedia":[{"embeddable":true,"href":"https:\/\/www.koupeltech.com\/index.php\/wp-json\/wp\/v2\/media\/11797"}],"wp:attachment":[{"href":"https:\/\/www.koupeltech.com\/index.php\/wp-json\/wp\/v2\/media?parent=11697"}],"wp:term":[{"taxonomy":"product_brand","embeddable":true,"href":"https:\/\/www.koupeltech.com\/index.php\/wp-json\/wp\/v2\/product_brand?post=11697"},{"taxonomy":"product_cat","embeddable":true,"href":"https:\/\/www.koupeltech.com\/index.php\/wp-json\/wp\/v2\/product_cat?post=11697"},{"taxonomy":"product_tag","embeddable":true,"href":"https:\/\/www.koupeltech.com\/index.php\/wp-json\/wp\/v2\/product_tag?post=11697"}],"curies":[{"name":"wp","href":"https:\/\/api.w.org\/{rel}","templated":true}]}}