{"id":11699,"date":"2026-04-27T13:57:31","date_gmt":"2026-04-27T13:57:31","guid":{"rendered":""},"modified":"2026-04-27T13:57:31","modified_gmt":"2026-04-27T13:57:31","slug":"koupelnova-skrinka-s-kryci-deskou-sat-b-way-99x50x45-cm-bila-lesk-bway2100wdesk-jen-po-omezenou-doba-11699","status":"publish","type":"product","link":"https:\/\/www.koupeltech.com\/index.php\/produkt\/koupelnova-skrinka-s-kryci-deskou-sat-b-way-99x50x45-cm-bila-lesk-bway2100wdesk-jen-po-omezenou-doba-11699\/","title":{"rendered":"Koupelnov\u00e1 sk\u0159\u00ed\u0148ka s kryc\u00ed deskou SAT B-Way 99x50x45 cm b\u00edl\u00e1 lesk BWAY2100WDESK Jen Po Omezenou Doba"},"content":{"rendered":"<div class=\"ProductDetail-content NoFixImageContainer\" id=\"productDescription\">\n<div class=\"Heading\">\n<h2 class=\"Heading-title\">Popis produktu <span class=''>Koupelnov\u00e1 sk\u0159\u00ed\u0148ka s kryc\u00ed deskou SAT B-Way 99x50x45 cm b\u00edl\u00e1 lesk BWAY2100WDESK<\/span><\/h2>\n<\/p><\/div>\n<div class=\"ProductDetailContent\">\n<p><strong>Koupelnov\u00fd n\u00e1bytek ze s\u00e9rie B-Way<\/strong>&nbsp;p\u0159edstavuje inovativn\u00ed kolekci s eleganc\u00ed a nad\u010dasov\u00fdm designem. \u010cist\u00e9 linie s maxim\u00e1ln\u00edm vyu\u017eit\u00edm \u00falo\u017en\u00e9ho prostoru&nbsp;\u010din\u00ed z n\u00e1bytku B-Way ide\u00e1ln\u00edho volbu do va\u0161eho domova.<\/p>\n<ul>\n<li>Koupelnov\u00e1 sk\u0159\u00ed\u0148ka s umyvadlem SAT B-Way b\u00edl\u00fd lesk&nbsp;99x50x45 cm,&nbsp;2 samostatn\u00e9 z\u00e1suvky<\/li>\n<li>Kryc\u00ed deska B-Way 100x46x25 cm b\u00edl\u00e1<\/li>\n<\/ul>\n<h3>Technick\u00e9 parametry<\/h3>\n<ul>\n<li><strong>Druh v\u00fdrobku:<\/strong> koupelnov\u00e1 sk\u0159\u00ed\u0148ka<\/li>\n<li><strong>Barva popisn\u00e1:<\/strong> b\u00edl\u00e1<\/li>\n<li><strong>Povrch:<\/strong> lakovan\u00fd<\/li>\n<li><strong>Typ:<\/strong> s kryc\u00ed deskou<\/li>\n<li><strong>Lesk\/mat:<\/strong> lesk<\/li>\n<li><strong>\u0160\u00ed\u0159ka:<\/strong> 99 cm<\/li>\n<li><strong>V\u00fd\u0161ka:<\/strong> 50 cm<\/li>\n<li><strong>Hloubka:<\/strong> 45 cm<\/li>\n<li><strong>Proveden\u00ed:<\/strong> z\u00e1v\u011bsn\u00e1<\/li>\n<li><strong>Stav mont\u00e1\u017ee:<\/strong> smontovan\u00e9<\/li>\n<\/ul>\n<div class=\"simple-translate-system-theme\" id=\"simple-translate\">\n<div>\n<div class=\"isShow simple-translate-button\" style=\"background-image:url(\">&nbsp;<\/div>\n<div class=\"simple-translate-panel\" style=\"font-size:13px; height:200px; left:0px; top:0px; width:300px\">\n<div class=\"simple-translate-result-wrapper\" style=\"overflow:hidden\">\n<div class=\"simple-translate-move\">&nbsp;<\/div>\n<div class=\"simple-translate-result-contents\">\n<p dir=\"auto\">&nbsp;<\/p>\n<p dir=\"auto\">&nbsp;<\/p>\n<\/div>\n<\/div>\n<\/div>\n<\/div>\n<\/div><\/div>\n<div class=\"ProductDetailContent\">                                                                    <\/div>\n<\/p><\/div>\n<\/p><\/div>\n<\/p><\/div>\n","protected":false},"excerpt":{"rendered":"<p>Popis produktu Koupelnov\u00e1 sk\u0159\u00ed\u0148ka s kryc\u00ed deskou SAT B-Way 99x50x45 cm b\u00edl\u00e1 lesk BWAY2100WDESK Koupelnov\u00fd n\u00e1bytek ze s\u00e9rie B-Way&nbsp;p\u0159edstavuje inovativn\u00ed kolekci s eleganc\u00ed a nad\u010dasov\u00fdm designem. \u010cist\u00e9 linie s maxim\u00e1ln\u00edm vyu\u017eit\u00edm \u00falo\u017en\u00e9ho prostoru&nbsp;\u010din\u00ed z n\u00e1bytku B-Way ide\u00e1ln\u00edho volbu do va\u0161eho domova. Koupelnov\u00e1 sk\u0159\u00ed\u0148ka s umyvadlem SAT B-Way b\u00edl\u00fd lesk&nbsp;99x50x45 cm,&nbsp;2 samostatn\u00e9 z\u00e1suvky Kryc\u00ed deska B-Way [&hellip;]<\/p>\n","protected":false},"featured_media":11799,"comment_status":"open","ping_status":"open","template":"","meta":[],"product_brand":[],"product_cat":[77],"product_tag":[],"class_list":{"0":"post-11699","1":"product","2":"type-product","3":"status-publish","4":"has-post-thumbnail","6":"product_cat-koupelny","8":"first","9":"instock","10":"sale","11":"shipping-taxable","12":"purchasable","13":"product-type-simple"},"yoast_head":"<!-- This site is optimized with the Yoast SEO plugin v26.8 - https:\/\/yoast.com\/product\/yoast-seo-wordpress\/ -->\n<title>Koupelnov\u00e1 sk\u0159\u00ed\u0148ka s kryc\u00ed deskou SAT B-Way 99x50x45 cm b\u00edl\u00e1 lesk BWAY2100WDESK Jen Po Omezenou Doba -<\/title>\n<meta name=\"robots\" content=\"index, follow, max-snippet:-1, max-image-preview:large, max-video-preview:-1\" \/>\n<link rel=\"canonical\" href=\"https:\/\/www.koupeltech.com\/index.php\/produkt\/koupelnova-skrinka-s-kryci-deskou-sat-b-way-99x50x45-cm-bila-lesk-bway2100wdesk-jen-po-omezenou-doba-11699\/\" \/>\n<meta property=\"og:locale\" content=\"cs_CZ\" \/>\n<meta property=\"og:type\" content=\"article\" \/>\n<meta property=\"og:title\" content=\"Koupelnov\u00e1 sk\u0159\u00ed\u0148ka s kryc\u00ed deskou SAT B-Way 99x50x45 cm b\u00edl\u00e1 lesk BWAY2100WDESK Jen Po Omezenou Doba -\" \/>\n<meta property=\"og:description\" content=\"Popis produktu Koupelnov\u00e1 sk\u0159\u00ed\u0148ka s kryc\u00ed deskou SAT B-Way 99x50x45 cm b\u00edl\u00e1 lesk BWAY2100WDESK Koupelnov\u00fd n\u00e1bytek ze s\u00e9rie B-Way&nbsp;p\u0159edstavuje inovativn\u00ed kolekci s eleganc\u00ed a nad\u010dasov\u00fdm designem. \u010cist\u00e9 linie s maxim\u00e1ln\u00edm vyu\u017eit\u00edm \u00falo\u017en\u00e9ho prostoru&nbsp;\u010din\u00ed z n\u00e1bytku B-Way ide\u00e1ln\u00edho volbu do va\u0161eho domova. Koupelnov\u00e1 sk\u0159\u00ed\u0148ka s umyvadlem SAT B-Way b\u00edl\u00fd lesk&nbsp;99x50x45 cm,&nbsp;2 samostatn\u00e9 z\u00e1suvky Kryc\u00ed deska B-Way [&hellip;]\" \/>\n<meta property=\"og:url\" content=\"https:\/\/www.koupeltech.com\/index.php\/produkt\/koupelnova-skrinka-s-kryci-deskou-sat-b-way-99x50x45-cm-bila-lesk-bway2100wdesk-jen-po-omezenou-doba-11699\/\" \/>\n<meta property=\"og:image\" content=\"https:\/\/www.koupeltech.com\/wp-content\/uploads\/2026\/SK0022923-CZ20260425-092632-0-1777080397-koupelnova-skrinka-s-kryci-deskou-sat-b-way-99x50x45-cm-bil.webp\" \/>\n\t<meta property=\"og:image:width\" content=\"515\" \/>\n\t<meta property=\"og:image:height\" content=\"494\" \/>\n\t<meta property=\"og:image:type\" content=\"image\/webp\" \/>\n<meta name=\"twitter:card\" content=\"summary_large_image\" \/>\n<meta name=\"twitter:label1\" content=\"Odhadovan\u00e1 doba \u010dten\u00ed\" \/>\n\t<meta name=\"twitter:data1\" content=\"1 minuta\" \/>\n<script type=\"application\/ld+json\" class=\"yoast-schema-graph\">{\"@context\":\"https:\/\/schema.org\",\"@graph\":[{\"@type\":\"WebPage\",\"@id\":\"https:\/\/www.koupeltech.com\/index.php\/produkt\/koupelnova-skrinka-s-kryci-deskou-sat-b-way-99x50x45-cm-bila-lesk-bway2100wdesk-jen-po-omezenou-doba-11699\/\",\"url\":\"https:\/\/www.koupeltech.com\/index.php\/produkt\/koupelnova-skrinka-s-kryci-deskou-sat-b-way-99x50x45-cm-bila-lesk-bway2100wdesk-jen-po-omezenou-doba-11699\/\",\"name\":\"Koupelnov\u00e1 sk\u0159\u00ed\u0148ka s kryc\u00ed deskou SAT B-Way 99x50x45 cm b\u00edl\u00e1 lesk BWAY2100WDESK Jen Po Omezenou Doba -\",\"isPartOf\":{\"@id\":\"https:\/\/www.koupeltech.com\/#website\"},\"primaryImageOfPage\":{\"@id\":\"https:\/\/www.koupeltech.com\/index.php\/produkt\/koupelnova-skrinka-s-kryci-deskou-sat-b-way-99x50x45-cm-bila-lesk-bway2100wdesk-jen-po-omezenou-doba-11699\/#primaryimage\"},\"image\":{\"@id\":\"https:\/\/www.koupeltech.com\/index.php\/produkt\/koupelnova-skrinka-s-kryci-deskou-sat-b-way-99x50x45-cm-bila-lesk-bway2100wdesk-jen-po-omezenou-doba-11699\/#primaryimage\"},\"thumbnailUrl\":\"https:\/\/www.koupeltech.com\/wp-content\/uploads\/2026\/SK0022923-CZ20260425-092632-0-1777080397-koupelnova-skrinka-s-kryci-deskou-sat-b-way-99x50x45-cm-bil.webp\",\"datePublished\":\"2026-04-27T13:57:31+00:00\",\"breadcrumb\":{\"@id\":\"https:\/\/www.koupeltech.com\/index.php\/produkt\/koupelnova-skrinka-s-kryci-deskou-sat-b-way-99x50x45-cm-bila-lesk-bway2100wdesk-jen-po-omezenou-doba-11699\/#breadcrumb\"},\"inLanguage\":\"cs\",\"potentialAction\":[{\"@type\":\"ReadAction\",\"target\":[\"https:\/\/www.koupeltech.com\/index.php\/produkt\/koupelnova-skrinka-s-kryci-deskou-sat-b-way-99x50x45-cm-bila-lesk-bway2100wdesk-jen-po-omezenou-doba-11699\/\"]}]},{\"@type\":\"ImageObject\",\"inLanguage\":\"cs\",\"@id\":\"https:\/\/www.koupeltech.com\/index.php\/produkt\/koupelnova-skrinka-s-kryci-deskou-sat-b-way-99x50x45-cm-bila-lesk-bway2100wdesk-jen-po-omezenou-doba-11699\/#primaryimage\",\"url\":\"https:\/\/www.koupeltech.com\/wp-content\/uploads\/2026\/SK0022923-CZ20260425-092632-0-1777080397-koupelnova-skrinka-s-kryci-deskou-sat-b-way-99x50x45-cm-bil.webp\",\"contentUrl\":\"https:\/\/www.koupeltech.com\/wp-content\/uploads\/2026\/SK0022923-CZ20260425-092632-0-1777080397-koupelnova-skrinka-s-kryci-deskou-sat-b-way-99x50x45-cm-bil.webp\",\"width\":515,\"height\":494},{\"@type\":\"BreadcrumbList\",\"@id\":\"https:\/\/www.koupeltech.com\/index.php\/produkt\/koupelnova-skrinka-s-kryci-deskou-sat-b-way-99x50x45-cm-bila-lesk-bway2100wdesk-jen-po-omezenou-doba-11699\/#breadcrumb\",\"itemListElement\":[{\"@type\":\"ListItem\",\"position\":1,\"name\":\"Home\",\"item\":\"https:\/\/www.koupeltech.com\/\"},{\"@type\":\"ListItem\",\"position\":2,\"name\":\"Products\",\"item\":\"https:\/\/www.koupeltech.com\/index.php\/products\/\"},{\"@type\":\"ListItem\",\"position\":3,\"name\":\"Koupelnov\u00e1 sk\u0159\u00ed\u0148ka s kryc\u00ed deskou SAT B-Way 99x50x45 cm b\u00edl\u00e1 lesk BWAY2100WDESK Jen Po Omezenou Doba\"}]},{\"@type\":\"WebSite\",\"@id\":\"https:\/\/www.koupeltech.com\/#website\",\"url\":\"https:\/\/www.koupeltech.com\/\",\"name\":\"\",\"description\":\"\",\"potentialAction\":[{\"@type\":\"SearchAction\",\"target\":{\"@type\":\"EntryPoint\",\"urlTemplate\":\"https:\/\/www.koupeltech.com\/?s={search_term_string}\"},\"query-input\":{\"@type\":\"PropertyValueSpecification\",\"valueRequired\":true,\"valueName\":\"search_term_string\"}}],\"inLanguage\":\"cs\"}]}<\/script>\n<!-- \/ Yoast SEO plugin. -->","yoast_head_json":{"title":"Koupelnov\u00e1 sk\u0159\u00ed\u0148ka s kryc\u00ed deskou SAT B-Way 99x50x45 cm b\u00edl\u00e1 lesk BWAY2100WDESK Jen Po Omezenou Doba -","robots":{"index":"index","follow":"follow","max-snippet":"max-snippet:-1","max-image-preview":"max-image-preview:large","max-video-preview":"max-video-preview:-1"},"canonical":"https:\/\/www.koupeltech.com\/index.php\/produkt\/koupelnova-skrinka-s-kryci-deskou-sat-b-way-99x50x45-cm-bila-lesk-bway2100wdesk-jen-po-omezenou-doba-11699\/","og_locale":"cs_CZ","og_type":"article","og_title":"Koupelnov\u00e1 sk\u0159\u00ed\u0148ka s kryc\u00ed deskou SAT B-Way 99x50x45 cm b\u00edl\u00e1 lesk BWAY2100WDESK Jen Po Omezenou Doba -","og_description":"Popis produktu Koupelnov\u00e1 sk\u0159\u00ed\u0148ka s kryc\u00ed deskou SAT B-Way 99x50x45 cm b\u00edl\u00e1 lesk BWAY2100WDESK Koupelnov\u00fd n\u00e1bytek ze s\u00e9rie B-Way&nbsp;p\u0159edstavuje inovativn\u00ed kolekci s eleganc\u00ed a nad\u010dasov\u00fdm designem. \u010cist\u00e9 linie s maxim\u00e1ln\u00edm vyu\u017eit\u00edm \u00falo\u017en\u00e9ho prostoru&nbsp;\u010din\u00ed z n\u00e1bytku B-Way ide\u00e1ln\u00edho volbu do va\u0161eho domova. Koupelnov\u00e1 sk\u0159\u00ed\u0148ka s umyvadlem SAT B-Way b\u00edl\u00fd lesk&nbsp;99x50x45 cm,&nbsp;2 samostatn\u00e9 z\u00e1suvky Kryc\u00ed deska B-Way [&hellip;]","og_url":"https:\/\/www.koupeltech.com\/index.php\/produkt\/koupelnova-skrinka-s-kryci-deskou-sat-b-way-99x50x45-cm-bila-lesk-bway2100wdesk-jen-po-omezenou-doba-11699\/","og_image":[{"width":515,"height":494,"url":"https:\/\/www.koupeltech.com\/wp-content\/uploads\/2026\/SK0022923-CZ20260425-092632-0-1777080397-koupelnova-skrinka-s-kryci-deskou-sat-b-way-99x50x45-cm-bil.webp","type":"image\/webp"}],"twitter_card":"summary_large_image","twitter_misc":{"Odhadovan\u00e1 doba \u010dten\u00ed":"1 minuta"},"schema":{"@context":"https:\/\/schema.org","@graph":[{"@type":"WebPage","@id":"https:\/\/www.koupeltech.com\/index.php\/produkt\/koupelnova-skrinka-s-kryci-deskou-sat-b-way-99x50x45-cm-bila-lesk-bway2100wdesk-jen-po-omezenou-doba-11699\/","url":"https:\/\/www.koupeltech.com\/index.php\/produkt\/koupelnova-skrinka-s-kryci-deskou-sat-b-way-99x50x45-cm-bila-lesk-bway2100wdesk-jen-po-omezenou-doba-11699\/","name":"Koupelnov\u00e1 sk\u0159\u00ed\u0148ka s kryc\u00ed deskou SAT B-Way 99x50x45 cm b\u00edl\u00e1 lesk BWAY2100WDESK Jen Po Omezenou Doba -","isPartOf":{"@id":"https:\/\/www.koupeltech.com\/#website"},"primaryImageOfPage":{"@id":"https:\/\/www.koupeltech.com\/index.php\/produkt\/koupelnova-skrinka-s-kryci-deskou-sat-b-way-99x50x45-cm-bila-lesk-bway2100wdesk-jen-po-omezenou-doba-11699\/#primaryimage"},"image":{"@id":"https:\/\/www.koupeltech.com\/index.php\/produkt\/koupelnova-skrinka-s-kryci-deskou-sat-b-way-99x50x45-cm-bila-lesk-bway2100wdesk-jen-po-omezenou-doba-11699\/#primaryimage"},"thumbnailUrl":"https:\/\/www.koupeltech.com\/wp-content\/uploads\/2026\/SK0022923-CZ20260425-092632-0-1777080397-koupelnova-skrinka-s-kryci-deskou-sat-b-way-99x50x45-cm-bil.webp","datePublished":"2026-04-27T13:57:31+00:00","breadcrumb":{"@id":"https:\/\/www.koupeltech.com\/index.php\/produkt\/koupelnova-skrinka-s-kryci-deskou-sat-b-way-99x50x45-cm-bila-lesk-bway2100wdesk-jen-po-omezenou-doba-11699\/#breadcrumb"},"inLanguage":"cs","potentialAction":[{"@type":"ReadAction","target":["https:\/\/www.koupeltech.com\/index.php\/produkt\/koupelnova-skrinka-s-kryci-deskou-sat-b-way-99x50x45-cm-bila-lesk-bway2100wdesk-jen-po-omezenou-doba-11699\/"]}]},{"@type":"ImageObject","inLanguage":"cs","@id":"https:\/\/www.koupeltech.com\/index.php\/produkt\/koupelnova-skrinka-s-kryci-deskou-sat-b-way-99x50x45-cm-bila-lesk-bway2100wdesk-jen-po-omezenou-doba-11699\/#primaryimage","url":"https:\/\/www.koupeltech.com\/wp-content\/uploads\/2026\/SK0022923-CZ20260425-092632-0-1777080397-koupelnova-skrinka-s-kryci-deskou-sat-b-way-99x50x45-cm-bil.webp","contentUrl":"https:\/\/www.koupeltech.com\/wp-content\/uploads\/2026\/SK0022923-CZ20260425-092632-0-1777080397-koupelnova-skrinka-s-kryci-deskou-sat-b-way-99x50x45-cm-bil.webp","width":515,"height":494},{"@type":"BreadcrumbList","@id":"https:\/\/www.koupeltech.com\/index.php\/produkt\/koupelnova-skrinka-s-kryci-deskou-sat-b-way-99x50x45-cm-bila-lesk-bway2100wdesk-jen-po-omezenou-doba-11699\/#breadcrumb","itemListElement":[{"@type":"ListItem","position":1,"name":"Home","item":"https:\/\/www.koupeltech.com\/"},{"@type":"ListItem","position":2,"name":"Products","item":"https:\/\/www.koupeltech.com\/index.php\/products\/"},{"@type":"ListItem","position":3,"name":"Koupelnov\u00e1 sk\u0159\u00ed\u0148ka s kryc\u00ed deskou SAT B-Way 99x50x45 cm b\u00edl\u00e1 lesk BWAY2100WDESK Jen Po Omezenou Doba"}]},{"@type":"WebSite","@id":"https:\/\/www.koupeltech.com\/#website","url":"https:\/\/www.koupeltech.com\/","name":"","description":"","potentialAction":[{"@type":"SearchAction","target":{"@type":"EntryPoint","urlTemplate":"https:\/\/www.koupeltech.com\/?s={search_term_string}"},"query-input":{"@type":"PropertyValueSpecification","valueRequired":true,"valueName":"search_term_string"}}],"inLanguage":"cs"}]}},"_links":{"self":[{"href":"https:\/\/www.koupeltech.com\/index.php\/wp-json\/wp\/v2\/product\/11699","targetHints":{"allow":["GET"]}}],"collection":[{"href":"https:\/\/www.koupeltech.com\/index.php\/wp-json\/wp\/v2\/product"}],"about":[{"href":"https:\/\/www.koupeltech.com\/index.php\/wp-json\/wp\/v2\/types\/product"}],"replies":[{"embeddable":true,"href":"https:\/\/www.koupeltech.com\/index.php\/wp-json\/wp\/v2\/comments?post=11699"}],"wp:featuredmedia":[{"embeddable":true,"href":"https:\/\/www.koupeltech.com\/index.php\/wp-json\/wp\/v2\/media\/11799"}],"wp:attachment":[{"href":"https:\/\/www.koupeltech.com\/index.php\/wp-json\/wp\/v2\/media?parent=11699"}],"wp:term":[{"taxonomy":"product_brand","embeddable":true,"href":"https:\/\/www.koupeltech.com\/index.php\/wp-json\/wp\/v2\/product_brand?post=11699"},{"taxonomy":"product_cat","embeddable":true,"href":"https:\/\/www.koupeltech.com\/index.php\/wp-json\/wp\/v2\/product_cat?post=11699"},{"taxonomy":"product_tag","embeddable":true,"href":"https:\/\/www.koupeltech.com\/index.php\/wp-json\/wp\/v2\/product_tag?post=11699"}],"curies":[{"name":"wp","href":"https:\/\/api.w.org\/{rel}","templated":true}]}}