{"id":11713,"date":"2026-04-27T13:57:31","date_gmt":"2026-04-27T13:57:31","guid":{"rendered":""},"modified":"2026-04-27T13:57:31","modified_gmt":"2026-04-27T13:57:31","slug":"nejlepsi-cena-sprchovy-kout-snizeny-ctvrtkruh-90x90-cm-sat-tex-sikotexs90crs170-11713","status":"publish","type":"product","link":"https:\/\/www.koupeltech.com\/index.php\/produkt\/nejlepsi-cena-sprchovy-kout-snizeny-ctvrtkruh-90x90-cm-sat-tex-sikotexs90crs170-11713\/","title":{"rendered":"Nejlep\u0161\u00ed Cena Sprchov\u00fd kout sn\u00ed\u017een\u00fd \u010dtvrtkruh 90&#215;90 cm SAT TEX SIKOTEXS90CRS170"},"content":{"rendered":"<div class=\"ProductDetail-content NoFixImageContainer\" id=\"productDescription\">\n<div class=\"Heading\">\n<h2 class=\"Heading-title\">Popis produktu <span class=''>Sprchov\u00fd kout sn\u00ed\u017een\u00fd \u010dtvrtkruh 90&#215;90 cm SAT TEX SIKOTEXS90CRS170<\/span><\/h2>\n<\/p><\/div>\n<div class=\"ProductDetailContent\">\n<p><span style=\"font-size:16px\">Sprchov\u00fd kout elegantn\u00edho designu s o\u0161et\u0159en\u00edm skel Easyclean. Tato povrchov\u00e1 \u00faprava skel omezuje usazov\u00e1n\u00ed vodn\u00edho kamene. Abychom V\u00e1m zp\u0159\u00edjemnili v\u00fdb\u011br sprchov\u00e9ho koutu, volbu madel jsme nechali na V\u00e1s (nejsou sou\u010d\u00e1st\u00ed balen\u00ed). Dostupn\u00e9 jsou t\u0159i modely, kter\u00e9 jsou v souvisej\u00edc\u00edch produktech pod v\u00fdrobkem.<\/span><\/p>\n<ul>\n<li style=\"text-align:left\"><span style=\"font-size:16px\">Easyclean \u2013 neviditeln\u00e1 vrstva, kter\u00e1 urychluje st\u00e9k\u00e1n\u00ed vody po skle a zabra\u0148uje usazov\u00e1n\u00ed vodn\u00edho kamene (n\u00ed\u017ee video uk\u00e1zka)<\/span><\/li>\n<li><span style=\"font-size:16px\">Rychl\u00e1\/snadn\u00e1 instalace \u2013 na principu rychlo z\u00e1mku s&nbsp;pojistkou<\/span><\/li>\n<li><span style=\"font-size:16px\">Mo\u017enost v\u00fdb\u011bru madla SIKOMADLO1, SIKOMADLO2, SIKOMADLO3&nbsp;<strong>(madla nejsou sou\u010d\u00e1st\u00ed sprchov\u00e9ho koutu, nutno dokoupit 2ks zvl\u00e1\u0161\u0165 dle Va\u0161eho v\u00fdb\u011bru, viz souvisej\u00edc\u00ed produkty)<\/strong><\/span><\/li>\n<li><span style=\"font-size:16px\">Na t\u011bsn\u00edc\u00edch li\u0161t\u00e1ch jsou pou\u017eit\u00e9 b\u00edl\u00e9 magnety, kter\u00e9 zachov\u00e1vaj\u00ed \u010dist\u00fd design koutu<\/span><\/li>\n<li><span style=\"font-size:16px\">Velmi tich\u00e9 pojezdy, kter\u00e9 jsou vyroben\u00e9 z&nbsp;vysoce kvalitn\u00ed nerezov\u00e9 oceli a z mosazn\u00fdch kuli\u010dkov\u00fdch lo\u017eisek. Spodn\u00ed pojezdy jsou snadno otev\u00edrateln\u00e9 a t\u00edm p\u00e1dem usnadn\u00ed cel\u00e9 \u010di\u0161t\u011bn\u00ed<\/span><\/li>\n<li><span style=\"font-size:16px\">Pruhy Stripe zaji\u0161\u0165uj\u00ed pohodln\u00e9 a intimn\u00ed sprchov\u00e1n\u00ed.&nbsp;Jsou um\u00edst\u011bny na vnit\u0159n\u00ed stran\u011b koutu a jsou t\u00e9\u017e chr\u00e1n\u011bny vrstvou Easyclean<\/span>&nbsp;<\/li>\n<\/ul>\n<h3>Technick\u00e9 parametry:<\/h3>\n<ul>\n<li><span style=\"color:#000000\"><span style=\"font-size:16px\">Barva popisn\u00e1 chrom<\/span><\/span><\/li>\n<li><span style=\"color:#000000\"><span style=\"font-size:16px\">Orientace univerz\u00e1ln\u00ed<\/span><\/span><\/li>\n<li><span style=\"color:#000000\"><span style=\"font-size:16px\">V\u00fdbava bez madel a vani\u010dky<\/span><\/span><\/li>\n<li><span style=\"color:#000000\"><span style=\"font-size:16px\">Typ \u010dtvrtkruh<\/span><\/span><\/li>\n<li><span style=\"color:#000000\"><span style=\"font-size:16px\">\u0160\u00ed\u0159ka 90 cm<\/span><\/span><\/li>\n<li><span style=\"color:#000000\"><span style=\"font-size:16px\">V\u00fd\u0161ka 170 cm<\/span><\/span><\/li>\n<li><span style=\"color:#000000\"><span style=\"font-size:16px\">Hloubka 90 cm<\/span><\/span><\/li>\n<li><span style=\"color:#000000\"><span style=\"font-size:16px\">Stavitelnost 87-89 cm<\/span><\/span><\/li>\n<li><span style=\"color:#000000\"><span style=\"font-size:16px\">Syst\u00e9m otev\u00edr\u00e1n\u00ed posuvn\u00fd syst\u00e9m<\/span><\/span><\/li>\n<li><span style=\"color:#000000\"><span style=\"font-size:16px\">\u0160\u00ed\u0159ka vstupu 56,7 cm<\/span><\/span><\/li>\n<li><span style=\"color:#000000\"><span style=\"font-size:16px\">Tlou\u0161\u0165ka pevn\u00e9 sklo 6 mm<\/span><\/span><\/li>\n<li><span style=\"color:#000000\"><span style=\"font-size:16px\">Tlou\u0161\u0165ka posuvn\u00e9 sklo 6 mm<\/span><\/span><\/li>\n<li><span style=\"color:#000000\"><span style=\"font-size:16px\">V\u00fdpl\u0148 sklo prou\u017eky<\/span><\/span><\/li>\n<li><span style=\"color:#000000\"><span style=\"font-size:16px\">Profil chrom profil<\/span><\/span><\/li>\n<li><span style=\"color:#000000\"><span style=\"font-size:16px\">\u0160\u00ed\u0159ka vani\u010dky 90 cm<\/span><\/span><\/li>\n<li><span style=\"color:#000000\"><span style=\"font-size:16px\">Hloubka vani\u010dky 90 cm<\/span><\/span><\/li>\n<li><span style=\"color:#000000\"><span style=\"font-size:16px\">R\u00e1dius R 550<\/span><\/span><\/li>\n<\/ul><\/div>\n<div class=\"ProductDetailContent\">\n<div class=\"ProductDetailContent-item\">\n<div style=\"background-color:#f9f9f9; border-left:5px solid #4caf50; border-radius:8px; box-shadow:0 4px 12px rgba(0,0,0,0.1); font-family:Arial,sans-serif; margin-bottom:20px; padding:25px 20px 20px 20px; position:relative\"><!-- Ikona info v lev\u00e9m horn\u00edm rohu --><\/p>\n<div style=\"align-items:center; background-color:#4caf50; border-radius:50%; color:#ffffff; display:flex; font-size:18px; font-weight:bold; height:30px; justify-content:center; left:-10px; position:absolute; top:-10px; width:30px\">i<\/div>\n<h3 style=\"margin-left:15px\">\u2705 Nab\u00edz\u00edme profesion\u00e1ln\u00ed mont\u00e1\u017e sprchov\u00e9ho koutu \u2013 precizn\u011b a bez starost\u00ed<\/h3>\n<p>Kvalitn\u00ed mont\u00e1\u017e <strong>sprchov\u00e9ho koutu<\/strong> je kl\u00ed\u010dov\u00e1 pro jeho bezprobl\u00e9mov\u00e9 fungov\u00e1n\u00ed, dlouhou \u017eivotnost a maxim\u00e1ln\u00ed t\u011bsnost. A\u0165 u\u017e se jedn\u00e1 o <strong>\u010dtvrtkruhov\u00fd<\/strong>, <strong>\u010dtvercov\u00fd<\/strong>, <strong>obd\u00e9ln\u00edkov\u00fd<\/strong> \u010di <strong>asymetrick\u00fd<\/strong> sprchov\u00fd kout, spr\u00e1vn\u00e9 usazen\u00ed a ut\u011bsn\u011bn\u00ed jsou nezbytn\u00e9 pro komfortn\u00ed a bezpe\u010dn\u00e9 sprchov\u00e1n\u00ed.<\/p>\n<p><strong>Nab\u00edz\u00edme odbornou mont\u00e1\u017e sprchov\u00fdch kout\u016f v\u0161ech typ\u016f i zna\u010dek<\/strong>. Provedeme p\u0159esn\u00e9 zam\u011b\u0159en\u00ed, p\u0159\u00edpravu podkladu a profesion\u00e1ln\u00ed instalaci na <strong>sprchovou vani\u010dku<\/strong> \u010di podlahu se <strong>sprchov\u00fdm \u017elabem<\/strong>. Samoz\u0159ejmost\u00ed je d\u016fsledn\u00e1 kontrola funk\u010dnosti a \u010dist\u00fd v\u00fdstup po dokon\u010den\u00ed prac\u00ed.<\/p>\n<p><strong>Mont\u00e1\u017e sprchov\u00e9ho koutu p\u0159enechte odborn\u00edk\u016fm<\/strong>, vyhnete se tak zbyte\u010dn\u00fdm komplikac\u00edm a zajist\u00edte si precizn\u00ed v\u00fdsledek. Pracujeme rychle, spolehliv\u011b a db\u00e1me na ka\u017ed\u00fd detail. Kontaktujte n\u00e1s a sd\u011blte n\u00e1m sv\u00e9 po\u017eadavky, r\u00e1di v\u00e1m pom\u016f\u017eeme.<\/p>\n<p><strong>Mont\u00e1\u017e sprchov\u00e9ho koutu<\/strong> nab\u00edz\u00edme pouze pro <strong>N\u00e1chodsko<\/strong> a <strong>Trutnovsko<\/strong>.<\/p>\n<\/div><\/div>\n<\/p><\/div>\n<\/p><\/div>\n<\/p><\/div>\n<\/p><\/div>\n","protected":false},"excerpt":{"rendered":"<p>Popis produktu Sprchov\u00fd kout sn\u00ed\u017een\u00fd \u010dtvrtkruh 90&#215;90 cm SAT TEX SIKOTEXS90CRS170 Sprchov\u00fd kout elegantn\u00edho designu s o\u0161et\u0159en\u00edm skel Easyclean. Tato povrchov\u00e1 \u00faprava skel omezuje usazov\u00e1n\u00ed vodn\u00edho kamene. Abychom V\u00e1m zp\u0159\u00edjemnili v\u00fdb\u011br sprchov\u00e9ho koutu, volbu madel jsme nechali na V\u00e1s (nejsou sou\u010d\u00e1st\u00ed balen\u00ed). Dostupn\u00e9 jsou t\u0159i modely, kter\u00e9 jsou v souvisej\u00edc\u00edch produktech pod v\u00fdrobkem. Easyclean \u2013 [&hellip;]<\/p>\n","protected":false},"featured_media":11813,"comment_status":"open","ping_status":"open","template":"","meta":[],"product_brand":[],"product_cat":[77],"product_tag":[],"class_list":{"0":"post-11713","1":"product","2":"type-product","3":"status-publish","4":"has-post-thumbnail","6":"product_cat-koupelny","8":"first","9":"instock","10":"sale","11":"shipping-taxable","12":"purchasable","13":"product-type-simple"},"yoast_head":"<!-- This site is optimized with the Yoast SEO plugin v26.8 - https:\/\/yoast.com\/product\/yoast-seo-wordpress\/ -->\n<title>Nejlep\u0161\u00ed Cena Sprchov\u00fd kout sn\u00ed\u017een\u00fd \u010dtvrtkruh 90x90 cm SAT TEX SIKOTEXS90CRS170 -<\/title>\n<meta name=\"robots\" content=\"index, follow, max-snippet:-1, max-image-preview:large, max-video-preview:-1\" \/>\n<link rel=\"canonical\" href=\"https:\/\/www.koupeltech.com\/index.php\/produkt\/nejlepsi-cena-sprchovy-kout-snizeny-ctvrtkruh-90x90-cm-sat-tex-sikotexs90crs170-11713\/\" \/>\n<meta property=\"og:locale\" content=\"cs_CZ\" \/>\n<meta property=\"og:type\" content=\"article\" \/>\n<meta property=\"og:title\" content=\"Nejlep\u0161\u00ed Cena Sprchov\u00fd kout sn\u00ed\u017een\u00fd \u010dtvrtkruh 90x90 cm SAT TEX SIKOTEXS90CRS170 -\" \/>\n<meta property=\"og:description\" content=\"Popis produktu Sprchov\u00fd kout sn\u00ed\u017een\u00fd \u010dtvrtkruh 90&#215;90 cm SAT TEX SIKOTEXS90CRS170 Sprchov\u00fd kout elegantn\u00edho designu s o\u0161et\u0159en\u00edm skel Easyclean. Tato povrchov\u00e1 \u00faprava skel omezuje usazov\u00e1n\u00ed vodn\u00edho kamene. Abychom V\u00e1m zp\u0159\u00edjemnili v\u00fdb\u011br sprchov\u00e9ho koutu, volbu madel jsme nechali na V\u00e1s (nejsou sou\u010d\u00e1st\u00ed balen\u00ed). Dostupn\u00e9 jsou t\u0159i modely, kter\u00e9 jsou v souvisej\u00edc\u00edch produktech pod v\u00fdrobkem. Easyclean \u2013 [&hellip;]\" \/>\n<meta property=\"og:url\" content=\"https:\/\/www.koupeltech.com\/index.php\/produkt\/nejlepsi-cena-sprchovy-kout-snizeny-ctvrtkruh-90x90-cm-sat-tex-sikotexs90crs170-11713\/\" \/>\n<meta property=\"og:image\" content=\"https:\/\/www.koupeltech.com\/wp-content\/uploads\/2026\/SK0022942-CZ20260425-092632-0-1777080397-sprchovy-kout-snizeny-ctvrtkruh-90x90-cm-sat-tex-sikotexs90.webp\" \/>\n\t<meta property=\"og:image:width\" content=\"561\" \/>\n\t<meta property=\"og:image:height\" content=\"600\" \/>\n\t<meta property=\"og:image:type\" content=\"image\/webp\" \/>\n<meta name=\"twitter:card\" content=\"summary_large_image\" \/>\n<meta name=\"twitter:label1\" content=\"Odhadovan\u00e1 doba \u010dten\u00ed\" \/>\n\t<meta name=\"twitter:data1\" content=\"2 minuty\" \/>\n<script type=\"application\/ld+json\" class=\"yoast-schema-graph\">{\"@context\":\"https:\/\/schema.org\",\"@graph\":[{\"@type\":\"WebPage\",\"@id\":\"https:\/\/www.koupeltech.com\/index.php\/produkt\/nejlepsi-cena-sprchovy-kout-snizeny-ctvrtkruh-90x90-cm-sat-tex-sikotexs90crs170-11713\/\",\"url\":\"https:\/\/www.koupeltech.com\/index.php\/produkt\/nejlepsi-cena-sprchovy-kout-snizeny-ctvrtkruh-90x90-cm-sat-tex-sikotexs90crs170-11713\/\",\"name\":\"Nejlep\u0161\u00ed Cena Sprchov\u00fd kout sn\u00ed\u017een\u00fd \u010dtvrtkruh 90x90 cm SAT TEX SIKOTEXS90CRS170 -\",\"isPartOf\":{\"@id\":\"https:\/\/www.koupeltech.com\/#website\"},\"primaryImageOfPage\":{\"@id\":\"https:\/\/www.koupeltech.com\/index.php\/produkt\/nejlepsi-cena-sprchovy-kout-snizeny-ctvrtkruh-90x90-cm-sat-tex-sikotexs90crs170-11713\/#primaryimage\"},\"image\":{\"@id\":\"https:\/\/www.koupeltech.com\/index.php\/produkt\/nejlepsi-cena-sprchovy-kout-snizeny-ctvrtkruh-90x90-cm-sat-tex-sikotexs90crs170-11713\/#primaryimage\"},\"thumbnailUrl\":\"https:\/\/www.koupeltech.com\/wp-content\/uploads\/2026\/SK0022942-CZ20260425-092632-0-1777080397-sprchovy-kout-snizeny-ctvrtkruh-90x90-cm-sat-tex-sikotexs90.webp\",\"datePublished\":\"2026-04-27T13:57:31+00:00\",\"breadcrumb\":{\"@id\":\"https:\/\/www.koupeltech.com\/index.php\/produkt\/nejlepsi-cena-sprchovy-kout-snizeny-ctvrtkruh-90x90-cm-sat-tex-sikotexs90crs170-11713\/#breadcrumb\"},\"inLanguage\":\"cs\",\"potentialAction\":[{\"@type\":\"ReadAction\",\"target\":[\"https:\/\/www.koupeltech.com\/index.php\/produkt\/nejlepsi-cena-sprchovy-kout-snizeny-ctvrtkruh-90x90-cm-sat-tex-sikotexs90crs170-11713\/\"]}]},{\"@type\":\"ImageObject\",\"inLanguage\":\"cs\",\"@id\":\"https:\/\/www.koupeltech.com\/index.php\/produkt\/nejlepsi-cena-sprchovy-kout-snizeny-ctvrtkruh-90x90-cm-sat-tex-sikotexs90crs170-11713\/#primaryimage\",\"url\":\"https:\/\/www.koupeltech.com\/wp-content\/uploads\/2026\/SK0022942-CZ20260425-092632-0-1777080397-sprchovy-kout-snizeny-ctvrtkruh-90x90-cm-sat-tex-sikotexs90.webp\",\"contentUrl\":\"https:\/\/www.koupeltech.com\/wp-content\/uploads\/2026\/SK0022942-CZ20260425-092632-0-1777080397-sprchovy-kout-snizeny-ctvrtkruh-90x90-cm-sat-tex-sikotexs90.webp\",\"width\":561,\"height\":600},{\"@type\":\"BreadcrumbList\",\"@id\":\"https:\/\/www.koupeltech.com\/index.php\/produkt\/nejlepsi-cena-sprchovy-kout-snizeny-ctvrtkruh-90x90-cm-sat-tex-sikotexs90crs170-11713\/#breadcrumb\",\"itemListElement\":[{\"@type\":\"ListItem\",\"position\":1,\"name\":\"Home\",\"item\":\"https:\/\/www.koupeltech.com\/\"},{\"@type\":\"ListItem\",\"position\":2,\"name\":\"Products\",\"item\":\"https:\/\/www.koupeltech.com\/index.php\/products\/\"},{\"@type\":\"ListItem\",\"position\":3,\"name\":\"Nejlep\u0161\u00ed Cena Sprchov\u00fd kout sn\u00ed\u017een\u00fd \u010dtvrtkruh 90&#215;90 cm SAT TEX SIKOTEXS90CRS170\"}]},{\"@type\":\"WebSite\",\"@id\":\"https:\/\/www.koupeltech.com\/#website\",\"url\":\"https:\/\/www.koupeltech.com\/\",\"name\":\"\",\"description\":\"\",\"potentialAction\":[{\"@type\":\"SearchAction\",\"target\":{\"@type\":\"EntryPoint\",\"urlTemplate\":\"https:\/\/www.koupeltech.com\/?s={search_term_string}\"},\"query-input\":{\"@type\":\"PropertyValueSpecification\",\"valueRequired\":true,\"valueName\":\"search_term_string\"}}],\"inLanguage\":\"cs\"}]}<\/script>\n<!-- \/ Yoast SEO plugin. -->","yoast_head_json":{"title":"Nejlep\u0161\u00ed Cena Sprchov\u00fd kout sn\u00ed\u017een\u00fd \u010dtvrtkruh 90x90 cm SAT TEX SIKOTEXS90CRS170 -","robots":{"index":"index","follow":"follow","max-snippet":"max-snippet:-1","max-image-preview":"max-image-preview:large","max-video-preview":"max-video-preview:-1"},"canonical":"https:\/\/www.koupeltech.com\/index.php\/produkt\/nejlepsi-cena-sprchovy-kout-snizeny-ctvrtkruh-90x90-cm-sat-tex-sikotexs90crs170-11713\/","og_locale":"cs_CZ","og_type":"article","og_title":"Nejlep\u0161\u00ed Cena Sprchov\u00fd kout sn\u00ed\u017een\u00fd \u010dtvrtkruh 90x90 cm SAT TEX SIKOTEXS90CRS170 -","og_description":"Popis produktu Sprchov\u00fd kout sn\u00ed\u017een\u00fd \u010dtvrtkruh 90&#215;90 cm SAT TEX SIKOTEXS90CRS170 Sprchov\u00fd kout elegantn\u00edho designu s o\u0161et\u0159en\u00edm skel Easyclean. Tato povrchov\u00e1 \u00faprava skel omezuje usazov\u00e1n\u00ed vodn\u00edho kamene. Abychom V\u00e1m zp\u0159\u00edjemnili v\u00fdb\u011br sprchov\u00e9ho koutu, volbu madel jsme nechali na V\u00e1s (nejsou sou\u010d\u00e1st\u00ed balen\u00ed). Dostupn\u00e9 jsou t\u0159i modely, kter\u00e9 jsou v souvisej\u00edc\u00edch produktech pod v\u00fdrobkem. Easyclean \u2013 [&hellip;]","og_url":"https:\/\/www.koupeltech.com\/index.php\/produkt\/nejlepsi-cena-sprchovy-kout-snizeny-ctvrtkruh-90x90-cm-sat-tex-sikotexs90crs170-11713\/","og_image":[{"width":561,"height":600,"url":"https:\/\/www.koupeltech.com\/wp-content\/uploads\/2026\/SK0022942-CZ20260425-092632-0-1777080397-sprchovy-kout-snizeny-ctvrtkruh-90x90-cm-sat-tex-sikotexs90.webp","type":"image\/webp"}],"twitter_card":"summary_large_image","twitter_misc":{"Odhadovan\u00e1 doba \u010dten\u00ed":"2 minuty"},"schema":{"@context":"https:\/\/schema.org","@graph":[{"@type":"WebPage","@id":"https:\/\/www.koupeltech.com\/index.php\/produkt\/nejlepsi-cena-sprchovy-kout-snizeny-ctvrtkruh-90x90-cm-sat-tex-sikotexs90crs170-11713\/","url":"https:\/\/www.koupeltech.com\/index.php\/produkt\/nejlepsi-cena-sprchovy-kout-snizeny-ctvrtkruh-90x90-cm-sat-tex-sikotexs90crs170-11713\/","name":"Nejlep\u0161\u00ed Cena Sprchov\u00fd kout sn\u00ed\u017een\u00fd \u010dtvrtkruh 90x90 cm SAT TEX SIKOTEXS90CRS170 -","isPartOf":{"@id":"https:\/\/www.koupeltech.com\/#website"},"primaryImageOfPage":{"@id":"https:\/\/www.koupeltech.com\/index.php\/produkt\/nejlepsi-cena-sprchovy-kout-snizeny-ctvrtkruh-90x90-cm-sat-tex-sikotexs90crs170-11713\/#primaryimage"},"image":{"@id":"https:\/\/www.koupeltech.com\/index.php\/produkt\/nejlepsi-cena-sprchovy-kout-snizeny-ctvrtkruh-90x90-cm-sat-tex-sikotexs90crs170-11713\/#primaryimage"},"thumbnailUrl":"https:\/\/www.koupeltech.com\/wp-content\/uploads\/2026\/SK0022942-CZ20260425-092632-0-1777080397-sprchovy-kout-snizeny-ctvrtkruh-90x90-cm-sat-tex-sikotexs90.webp","datePublished":"2026-04-27T13:57:31+00:00","breadcrumb":{"@id":"https:\/\/www.koupeltech.com\/index.php\/produkt\/nejlepsi-cena-sprchovy-kout-snizeny-ctvrtkruh-90x90-cm-sat-tex-sikotexs90crs170-11713\/#breadcrumb"},"inLanguage":"cs","potentialAction":[{"@type":"ReadAction","target":["https:\/\/www.koupeltech.com\/index.php\/produkt\/nejlepsi-cena-sprchovy-kout-snizeny-ctvrtkruh-90x90-cm-sat-tex-sikotexs90crs170-11713\/"]}]},{"@type":"ImageObject","inLanguage":"cs","@id":"https:\/\/www.koupeltech.com\/index.php\/produkt\/nejlepsi-cena-sprchovy-kout-snizeny-ctvrtkruh-90x90-cm-sat-tex-sikotexs90crs170-11713\/#primaryimage","url":"https:\/\/www.koupeltech.com\/wp-content\/uploads\/2026\/SK0022942-CZ20260425-092632-0-1777080397-sprchovy-kout-snizeny-ctvrtkruh-90x90-cm-sat-tex-sikotexs90.webp","contentUrl":"https:\/\/www.koupeltech.com\/wp-content\/uploads\/2026\/SK0022942-CZ20260425-092632-0-1777080397-sprchovy-kout-snizeny-ctvrtkruh-90x90-cm-sat-tex-sikotexs90.webp","width":561,"height":600},{"@type":"BreadcrumbList","@id":"https:\/\/www.koupeltech.com\/index.php\/produkt\/nejlepsi-cena-sprchovy-kout-snizeny-ctvrtkruh-90x90-cm-sat-tex-sikotexs90crs170-11713\/#breadcrumb","itemListElement":[{"@type":"ListItem","position":1,"name":"Home","item":"https:\/\/www.koupeltech.com\/"},{"@type":"ListItem","position":2,"name":"Products","item":"https:\/\/www.koupeltech.com\/index.php\/products\/"},{"@type":"ListItem","position":3,"name":"Nejlep\u0161\u00ed Cena Sprchov\u00fd kout sn\u00ed\u017een\u00fd \u010dtvrtkruh 90&#215;90 cm SAT TEX SIKOTEXS90CRS170"}]},{"@type":"WebSite","@id":"https:\/\/www.koupeltech.com\/#website","url":"https:\/\/www.koupeltech.com\/","name":"","description":"","potentialAction":[{"@type":"SearchAction","target":{"@type":"EntryPoint","urlTemplate":"https:\/\/www.koupeltech.com\/?s={search_term_string}"},"query-input":{"@type":"PropertyValueSpecification","valueRequired":true,"valueName":"search_term_string"}}],"inLanguage":"cs"}]}},"_links":{"self":[{"href":"https:\/\/www.koupeltech.com\/index.php\/wp-json\/wp\/v2\/product\/11713","targetHints":{"allow":["GET"]}}],"collection":[{"href":"https:\/\/www.koupeltech.com\/index.php\/wp-json\/wp\/v2\/product"}],"about":[{"href":"https:\/\/www.koupeltech.com\/index.php\/wp-json\/wp\/v2\/types\/product"}],"replies":[{"embeddable":true,"href":"https:\/\/www.koupeltech.com\/index.php\/wp-json\/wp\/v2\/comments?post=11713"}],"wp:featuredmedia":[{"embeddable":true,"href":"https:\/\/www.koupeltech.com\/index.php\/wp-json\/wp\/v2\/media\/11813"}],"wp:attachment":[{"href":"https:\/\/www.koupeltech.com\/index.php\/wp-json\/wp\/v2\/media?parent=11713"}],"wp:term":[{"taxonomy":"product_brand","embeddable":true,"href":"https:\/\/www.koupeltech.com\/index.php\/wp-json\/wp\/v2\/product_brand?post=11713"},{"taxonomy":"product_cat","embeddable":true,"href":"https:\/\/www.koupeltech.com\/index.php\/wp-json\/wp\/v2\/product_cat?post=11713"},{"taxonomy":"product_tag","embeddable":true,"href":"https:\/\/www.koupeltech.com\/index.php\/wp-json\/wp\/v2\/product_tag?post=11713"}],"curies":[{"name":"wp","href":"https:\/\/api.w.org\/{rel}","templated":true}]}}