{"id":11891,"date":"2026-04-27T13:57:33","date_gmt":"2026-04-27T13:57:33","guid":{"rendered":""},"modified":"2026-04-27T13:57:33","modified_gmt":"2026-04-27T13:57:33","slug":"zlevneny-obdelnikova-vana-sat-vision-160x70-cm-akrylat-leva-i-prava-satvvi160-11891","status":"publish","type":"product","link":"https:\/\/www.koupeltech.com\/index.php\/produkt\/zlevneny-obdelnikova-vana-sat-vision-160x70-cm-akrylat-leva-i-prava-satvvi160-11891\/","title":{"rendered":"Zlevn\u011bn\u00fd Obd\u00e9ln\u00edkov\u00e1 vana SAT Vision 160&#215;70 cm akryl\u00e1t lev\u00e1 i prav\u00e1 SATVVI160"},"content":{"rendered":"<div class=\"ProductDetail-content NoFixImageContainer\" id=\"productDescription\">\n<div class=\"Heading\">\n<h2 class=\"Heading-title\">Popis produktu <span class=''>Obd\u00e9ln\u00edkov\u00e1 vana SAT Vision 160&#215;70 cm akryl\u00e1t lev\u00e1 i prav\u00e1 SATVVI160<\/span><\/h2>\n<\/p><\/div>\n<div class=\"ProductDetailContent\">\n<p>Obd\u00e9ln\u00edkov\u00e1 vana SAT Vision&nbsp;<strong>\u010desk\u00e9 v\u00fdroby&nbsp;<\/strong>spojujeme vynikaj\u00edc\u00ed kvalitu s cenovou dostupnost\u00ed. Tato vana je ide\u00e1ln\u00ed volbou pro ty, kte\u0159\u00ed cht\u011bj\u00ed p\u0159in\u00e9st do sv\u00e9 koupelny kvalitu bez zbyte\u010dn\u00fdch n\u00e1klad\u016f. Je vyrobena z 4 mm lit\u00e9ho akryl\u00e1tu, kter\u00fd zaru\u010duje odolnost proti po\u0161kr\u00e1b\u00e1n\u00ed. Povrch akryl\u00e1tu je hladk\u00fd&nbsp;snadno \u010distiteln\u00fd a m\u00e1 antibakteri\u00e1ln\u00ed vlastnosti.<\/p>\n<h3><strong>Technick\u00e9 parametry<\/strong><\/h3>\n<ul>\n<li><strong>Typ:<\/strong> obd\u00e9ln\u00edkov\u00e1 vana<\/li>\n<li><strong>Barva popisn\u00e1:<\/strong> b\u00edl\u00e1<\/li>\n<li><strong>Barva z\u00e1kladn\u00ed:<\/strong> b\u00edl\u00e1<\/li>\n<li><strong>Orientace:<\/strong> lev\u00e1 i prav\u00e1<\/li>\n<li><strong>Objem vany:<\/strong> 190 l<\/li>\n<li><strong>Materi\u00e1l vany:<\/strong> akryl\u00e1t<\/li>\n<li><strong>\u0160\u00ed\u0159ka:<\/strong> 160 cm<\/li>\n<li><strong>V\u00fd\u0161ka:<\/strong> 42 cm<\/li>\n<li><strong>Hloubka:<\/strong> 70 cm<\/li>\n<\/ul>\n<p>Vana je bez p\u0159\u00edslu\u0161enstv\u00ed: bez no\u017ei\u010dek, madel, podhlavn\u00edku, sifonu.<\/p>\n<h4><strong>Lit\u00fd akryl\u00e1t<\/strong> <strong>PMMA<\/strong><\/h4>\n<p>Vany vyr\u00e1b\u011bn\u00e9 z<strong> lit\u00e9ho akryl\u00e1tu<\/strong>, zkr\u00e1cen\u011b&nbsp;<strong>PMMA<\/strong>, vynikaj\u00ed n\u011bkter\u00fdmi v\u00fdjime\u010dn\u00fdmi vlastnostmi. To zejm\u00e9na d\u00edky v\u00fdrobn\u00edmu postupu, kter\u00fd prob\u00edh\u00e1 nalit\u00edm&nbsp;<strong>PMMA&nbsp;<\/strong>do p\u0159ipraven\u00fdch forem a t\u00edm si zachov\u00e1v\u00e1 sv\u00e9 fyzik\u00e1ln\u00ed vlastnosti ve v\u0161ech sm\u011brech. Toto je hlavn\u00ed rozd\u00edl oproti extrudovan\u00e9mu akryl\u00e1tu, kter\u00fd se vyr\u00e1b\u00ed ta\u017een\u00edm, a tak jsou jeho vlastnosti zachov\u00e1ny pouze v&nbsp;jednom sm\u011bru. Vany z&nbsp;<strong>PMMA<\/strong>&nbsp;jsou velmi snadn\u00e9 na \u00fadr\u017ebu a dlouhodob\u011b si zachov\u00e1vaj\u00ed sv\u016fj tvar. Po koupeli sta\u010d\u00ed st\u011bny vany ot\u0159\u00edt sapon\u00e1tov\u00fdm prost\u0159edkem a opl\u00e1chnout \u010distou vodou. Vynikaj\u00ed sv\u00fdm exkluzivn\u00edm z\u00e1\u0159iv\u00fdm vzhledem p\u0159ipom\u00ednaj\u00edc\u00edm lesk luxusn\u00edho porcel\u00e1nu, ale na rozd\u00edl od porcel\u00e1nu je akryl\u00e1t p\u0159i dotyku p\u0159\u00edjemn\u011b tepl\u00fd. Nikdy neztrat\u00ed sv\u016fj z\u00e1\u0159iv\u00fd lesk.&nbsp;<strong>PMMA&nbsp;<\/strong>akryl\u00e1t je vynikaj\u00edc\u00edm izolantem a teplota va\u0161\u00ed koupele bude dlouho pr\u00e1v\u011b takov\u00e1, jakou m\u00e1te v&nbsp;oblib\u011b.<\/p>\n<p><strong>Hlavn\u00ed p\u0159ednosti<\/strong><\/p>\n<ul>\n<li>V\u00fdborn\u00e9 antibakteri\u00e1ln\u00ed a izola\u010dn\u00ed vlastnosti<\/li>\n<li>Povrch je leskl\u00fd, nepor\u00e9zn\u00ed a velmi odoln\u00fd proti po\u0161kr\u00e1b\u00e1n\u00ed<\/li>\n<li>Barevn\u00e1 st\u00e1lost po celou dobu \u017eivotnosti<\/li>\n<li>Nepodl\u00e9h\u00e1 vlivu UV z\u00e1\u0159en\u00ed (slunce, z\u00e1\u0159ivky, LED \u017e\u00e1rovky)<\/li>\n<li>Snadn\u00e1 \u00fadr\u017eba za pomoci sapon\u00e1tu a \u010dist\u00e9 vody<\/li>\n<li>Zv\u00fd\u0161en\u00e1 chemick\u00e1 odolnost oproti b\u011b\u017en\u00fdm dom\u00e1c\u00edm chemik\u00e1li\u00edm a kosmetice<\/li>\n<li>V&nbsp;p\u0159\u00edpad\u011b po\u0161kozen\u00ed povrchu lze m\u00edsto snadno zbrousit a vyle\u0161tit do p\u016fvodn\u00ed podoby<\/li>\n<li>Dlouh\u00e1 \u017eivotnost<\/li>\n<li>N\u00edzk\u00e1 hmotnost vany<\/li>\n<\/ul><\/div>\n<div class=\"ProductDetailContent\">\n<div class=\"ProductDetailContent-item\">\n<div style=\"background-color:#f9f9f9; border-left:5px solid #4caf50; border-radius:8px; box-shadow:0 4px 12px rgba(0,0,0,0.1); font-family:Arial,sans-serif; margin-bottom:20px; padding:25px 20px 20px 20px; position:relative\"><!-- Ikona info v lev\u00e9m horn\u00edm rohu --><\/p>\n<div style=\"align-items:center; background-color:#4caf50; border-radius:50%; color:#ffffff; display:flex; font-size:18px; font-weight:bold; height:30px; justify-content:center; left:-10px; position:absolute; top:-10px; width:30px\">i<\/div>\n<h3 style=\"margin-left:15px\">\u2705 Kvalitn\u00ed mont\u00e1\u017e vany je z\u00e1klad pohodln\u00e9ho koup\u00e1n\u00ed \u2013 nechte to na n\u00e1s<\/h3>\n<p>Spr\u00e1vn\u00e1 mont\u00e1\u017e <strong>vany<\/strong> je kl\u00ed\u010dem k jej\u00ed dlouh\u00e9 \u017eivotnosti, bezpe\u010dnosti i bezprobl\u00e9mov\u00e9mu provozu. A\u0165 u\u017e se jedn\u00e1 o klasickou <strong>obd\u00e9ln\u00edkovou vanu<\/strong>, <strong>rohovou<\/strong>, <strong>asymetrickou<\/strong> \u010di <strong>voln\u011b stoj\u00edc\u00ed<\/strong>, je v\u017edy d\u016fle\u017eit\u00e9 zajistit precizn\u00ed usazen\u00ed, stabilitu a pe\u010dliv\u00e9 ut\u011bsn\u011bn\u00ed v\u0161ech napojen\u00ed.<\/p>\n<p><strong>Nab\u00edz\u00edme odbornou mont\u00e1\u017e van v\u0161ech typ\u016f i zna\u010dek<\/strong>. Postar\u00e1me se o p\u0159esn\u00e9 zam\u011b\u0159en\u00ed, demont\u00e1\u017e p\u016fvodn\u00ed vany, p\u0159\u00edpravu prostoru, instalaci vany v\u010detn\u011b napojen\u00ed na odpad a vodu, i osazen\u00ed <strong>vanov\u00e9 baterie<\/strong> nebo <strong>vanov\u00e9 z\u00e1st\u011bny<\/strong>. Po dokon\u010den\u00ed v\u017edy d\u016fsledn\u011b otestujeme funk\u010dnost a db\u00e1me na \u010dist\u00fd a profesion\u00e1ln\u00ed v\u00fdstup.<\/p>\n<p><strong>Mont\u00e1\u017e vany p\u0159enechte zku\u0161en\u00fdm odborn\u00edk\u016fm<\/strong>, vyhnete se nep\u0159esnostem, net\u011bsnostem nebo probl\u00e9m\u016fm s podlahou a izolac\u00ed. Pracujeme rychle, pe\u010dliv\u011b a s respektem k va\u0161emu interi\u00e9ru.<\/p>\n<\/div><\/div>\n<\/p><\/div>\n<\/p><\/div>\n<\/p><\/div>\n<\/p><\/div>\n","protected":false},"excerpt":{"rendered":"<p>Popis produktu Obd\u00e9ln\u00edkov\u00e1 vana SAT Vision 160&#215;70 cm akryl\u00e1t lev\u00e1 i prav\u00e1 SATVVI160 Obd\u00e9ln\u00edkov\u00e1 vana SAT Vision&nbsp;\u010desk\u00e9 v\u00fdroby&nbsp;spojujeme vynikaj\u00edc\u00ed kvalitu s cenovou dostupnost\u00ed. Tato vana je ide\u00e1ln\u00ed volbou pro ty, kte\u0159\u00ed cht\u011bj\u00ed p\u0159in\u00e9st do sv\u00e9 koupelny kvalitu bez zbyte\u010dn\u00fdch n\u00e1klad\u016f. Je vyrobena z 4 mm lit\u00e9ho akryl\u00e1tu, kter\u00fd zaru\u010duje odolnost proti po\u0161kr\u00e1b\u00e1n\u00ed. Povrch akryl\u00e1tu je [&hellip;]<\/p>\n","protected":false},"featured_media":11991,"comment_status":"open","ping_status":"open","template":"","meta":[],"product_brand":[],"product_cat":[77],"product_tag":[],"class_list":{"0":"post-11891","1":"product","2":"type-product","3":"status-publish","4":"has-post-thumbnail","6":"product_cat-koupelny","8":"first","9":"instock","10":"sale","11":"shipping-taxable","12":"purchasable","13":"product-type-simple"},"yoast_head":"<!-- This site is optimized with the Yoast SEO plugin v26.8 - https:\/\/yoast.com\/product\/yoast-seo-wordpress\/ -->\n<title>Zlevn\u011bn\u00fd Obd\u00e9ln\u00edkov\u00e1 vana SAT Vision 160x70 cm akryl\u00e1t lev\u00e1 i prav\u00e1 SATVVI160 -<\/title>\n<meta name=\"robots\" content=\"index, follow, max-snippet:-1, max-image-preview:large, max-video-preview:-1\" \/>\n<link rel=\"canonical\" href=\"https:\/\/www.koupeltech.com\/index.php\/produkt\/zlevneny-obdelnikova-vana-sat-vision-160x70-cm-akrylat-leva-i-prava-satvvi160-11891\/\" \/>\n<meta property=\"og:locale\" content=\"cs_CZ\" \/>\n<meta property=\"og:type\" content=\"article\" \/>\n<meta property=\"og:title\" content=\"Zlevn\u011bn\u00fd Obd\u00e9ln\u00edkov\u00e1 vana SAT Vision 160x70 cm akryl\u00e1t lev\u00e1 i prav\u00e1 SATVVI160 -\" \/>\n<meta property=\"og:description\" content=\"Popis produktu Obd\u00e9ln\u00edkov\u00e1 vana SAT Vision 160&#215;70 cm akryl\u00e1t lev\u00e1 i prav\u00e1 SATVVI160 Obd\u00e9ln\u00edkov\u00e1 vana SAT Vision&nbsp;\u010desk\u00e9 v\u00fdroby&nbsp;spojujeme vynikaj\u00edc\u00ed kvalitu s cenovou dostupnost\u00ed. Tato vana je ide\u00e1ln\u00ed volbou pro ty, kte\u0159\u00ed cht\u011bj\u00ed p\u0159in\u00e9st do sv\u00e9 koupelny kvalitu bez zbyte\u010dn\u00fdch n\u00e1klad\u016f. Je vyrobena z 4 mm lit\u00e9ho akryl\u00e1tu, kter\u00fd zaru\u010duje odolnost proti po\u0161kr\u00e1b\u00e1n\u00ed. Povrch akryl\u00e1tu je [&hellip;]\" \/>\n<meta property=\"og:url\" content=\"https:\/\/www.koupeltech.com\/index.php\/produkt\/zlevneny-obdelnikova-vana-sat-vision-160x70-cm-akrylat-leva-i-prava-satvvi160-11891\/\" \/>\n<meta property=\"og:image\" content=\"https:\/\/www.koupeltech.com\/wp-content\/uploads\/2026\/SK0023102-CZ20260425-092632-0-1777080397-obdelnikova-vana-sat-vision-160x70-cm-akrylat-leva-i-prava-.webp\" \/>\n\t<meta property=\"og:image:width\" content=\"600\" \/>\n\t<meta property=\"og:image:height\" content=\"424\" \/>\n\t<meta property=\"og:image:type\" content=\"image\/webp\" \/>\n<meta name=\"twitter:card\" content=\"summary_large_image\" \/>\n<meta name=\"twitter:label1\" content=\"Odhadovan\u00e1 doba \u010dten\u00ed\" \/>\n\t<meta name=\"twitter:data1\" content=\"3 minuty\" \/>\n<script type=\"application\/ld+json\" class=\"yoast-schema-graph\">{\"@context\":\"https:\/\/schema.org\",\"@graph\":[{\"@type\":\"WebPage\",\"@id\":\"https:\/\/www.koupeltech.com\/index.php\/produkt\/zlevneny-obdelnikova-vana-sat-vision-160x70-cm-akrylat-leva-i-prava-satvvi160-11891\/\",\"url\":\"https:\/\/www.koupeltech.com\/index.php\/produkt\/zlevneny-obdelnikova-vana-sat-vision-160x70-cm-akrylat-leva-i-prava-satvvi160-11891\/\",\"name\":\"Zlevn\u011bn\u00fd Obd\u00e9ln\u00edkov\u00e1 vana SAT Vision 160x70 cm akryl\u00e1t lev\u00e1 i prav\u00e1 SATVVI160 -\",\"isPartOf\":{\"@id\":\"https:\/\/www.koupeltech.com\/#website\"},\"primaryImageOfPage\":{\"@id\":\"https:\/\/www.koupeltech.com\/index.php\/produkt\/zlevneny-obdelnikova-vana-sat-vision-160x70-cm-akrylat-leva-i-prava-satvvi160-11891\/#primaryimage\"},\"image\":{\"@id\":\"https:\/\/www.koupeltech.com\/index.php\/produkt\/zlevneny-obdelnikova-vana-sat-vision-160x70-cm-akrylat-leva-i-prava-satvvi160-11891\/#primaryimage\"},\"thumbnailUrl\":\"https:\/\/www.koupeltech.com\/wp-content\/uploads\/2026\/SK0023102-CZ20260425-092632-0-1777080397-obdelnikova-vana-sat-vision-160x70-cm-akrylat-leva-i-prava-.webp\",\"datePublished\":\"2026-04-27T13:57:33+00:00\",\"breadcrumb\":{\"@id\":\"https:\/\/www.koupeltech.com\/index.php\/produkt\/zlevneny-obdelnikova-vana-sat-vision-160x70-cm-akrylat-leva-i-prava-satvvi160-11891\/#breadcrumb\"},\"inLanguage\":\"cs\",\"potentialAction\":[{\"@type\":\"ReadAction\",\"target\":[\"https:\/\/www.koupeltech.com\/index.php\/produkt\/zlevneny-obdelnikova-vana-sat-vision-160x70-cm-akrylat-leva-i-prava-satvvi160-11891\/\"]}]},{\"@type\":\"ImageObject\",\"inLanguage\":\"cs\",\"@id\":\"https:\/\/www.koupeltech.com\/index.php\/produkt\/zlevneny-obdelnikova-vana-sat-vision-160x70-cm-akrylat-leva-i-prava-satvvi160-11891\/#primaryimage\",\"url\":\"https:\/\/www.koupeltech.com\/wp-content\/uploads\/2026\/SK0023102-CZ20260425-092632-0-1777080397-obdelnikova-vana-sat-vision-160x70-cm-akrylat-leva-i-prava-.webp\",\"contentUrl\":\"https:\/\/www.koupeltech.com\/wp-content\/uploads\/2026\/SK0023102-CZ20260425-092632-0-1777080397-obdelnikova-vana-sat-vision-160x70-cm-akrylat-leva-i-prava-.webp\",\"width\":600,\"height\":424},{\"@type\":\"BreadcrumbList\",\"@id\":\"https:\/\/www.koupeltech.com\/index.php\/produkt\/zlevneny-obdelnikova-vana-sat-vision-160x70-cm-akrylat-leva-i-prava-satvvi160-11891\/#breadcrumb\",\"itemListElement\":[{\"@type\":\"ListItem\",\"position\":1,\"name\":\"Home\",\"item\":\"https:\/\/www.koupeltech.com\/\"},{\"@type\":\"ListItem\",\"position\":2,\"name\":\"Products\",\"item\":\"https:\/\/www.koupeltech.com\/index.php\/products\/\"},{\"@type\":\"ListItem\",\"position\":3,\"name\":\"Zlevn\u011bn\u00fd Obd\u00e9ln\u00edkov\u00e1 vana SAT Vision 160&#215;70 cm akryl\u00e1t lev\u00e1 i prav\u00e1 SATVVI160\"}]},{\"@type\":\"WebSite\",\"@id\":\"https:\/\/www.koupeltech.com\/#website\",\"url\":\"https:\/\/www.koupeltech.com\/\",\"name\":\"\",\"description\":\"\",\"potentialAction\":[{\"@type\":\"SearchAction\",\"target\":{\"@type\":\"EntryPoint\",\"urlTemplate\":\"https:\/\/www.koupeltech.com\/?s={search_term_string}\"},\"query-input\":{\"@type\":\"PropertyValueSpecification\",\"valueRequired\":true,\"valueName\":\"search_term_string\"}}],\"inLanguage\":\"cs\"}]}<\/script>\n<!-- \/ Yoast SEO plugin. -->","yoast_head_json":{"title":"Zlevn\u011bn\u00fd Obd\u00e9ln\u00edkov\u00e1 vana SAT Vision 160x70 cm akryl\u00e1t lev\u00e1 i prav\u00e1 SATVVI160 -","robots":{"index":"index","follow":"follow","max-snippet":"max-snippet:-1","max-image-preview":"max-image-preview:large","max-video-preview":"max-video-preview:-1"},"canonical":"https:\/\/www.koupeltech.com\/index.php\/produkt\/zlevneny-obdelnikova-vana-sat-vision-160x70-cm-akrylat-leva-i-prava-satvvi160-11891\/","og_locale":"cs_CZ","og_type":"article","og_title":"Zlevn\u011bn\u00fd Obd\u00e9ln\u00edkov\u00e1 vana SAT Vision 160x70 cm akryl\u00e1t lev\u00e1 i prav\u00e1 SATVVI160 -","og_description":"Popis produktu Obd\u00e9ln\u00edkov\u00e1 vana SAT Vision 160&#215;70 cm akryl\u00e1t lev\u00e1 i prav\u00e1 SATVVI160 Obd\u00e9ln\u00edkov\u00e1 vana SAT Vision&nbsp;\u010desk\u00e9 v\u00fdroby&nbsp;spojujeme vynikaj\u00edc\u00ed kvalitu s cenovou dostupnost\u00ed. Tato vana je ide\u00e1ln\u00ed volbou pro ty, kte\u0159\u00ed cht\u011bj\u00ed p\u0159in\u00e9st do sv\u00e9 koupelny kvalitu bez zbyte\u010dn\u00fdch n\u00e1klad\u016f. Je vyrobena z 4 mm lit\u00e9ho akryl\u00e1tu, kter\u00fd zaru\u010duje odolnost proti po\u0161kr\u00e1b\u00e1n\u00ed. Povrch akryl\u00e1tu je [&hellip;]","og_url":"https:\/\/www.koupeltech.com\/index.php\/produkt\/zlevneny-obdelnikova-vana-sat-vision-160x70-cm-akrylat-leva-i-prava-satvvi160-11891\/","og_image":[{"width":600,"height":424,"url":"https:\/\/www.koupeltech.com\/wp-content\/uploads\/2026\/SK0023102-CZ20260425-092632-0-1777080397-obdelnikova-vana-sat-vision-160x70-cm-akrylat-leva-i-prava-.webp","type":"image\/webp"}],"twitter_card":"summary_large_image","twitter_misc":{"Odhadovan\u00e1 doba \u010dten\u00ed":"3 minuty"},"schema":{"@context":"https:\/\/schema.org","@graph":[{"@type":"WebPage","@id":"https:\/\/www.koupeltech.com\/index.php\/produkt\/zlevneny-obdelnikova-vana-sat-vision-160x70-cm-akrylat-leva-i-prava-satvvi160-11891\/","url":"https:\/\/www.koupeltech.com\/index.php\/produkt\/zlevneny-obdelnikova-vana-sat-vision-160x70-cm-akrylat-leva-i-prava-satvvi160-11891\/","name":"Zlevn\u011bn\u00fd Obd\u00e9ln\u00edkov\u00e1 vana SAT Vision 160x70 cm akryl\u00e1t lev\u00e1 i prav\u00e1 SATVVI160 -","isPartOf":{"@id":"https:\/\/www.koupeltech.com\/#website"},"primaryImageOfPage":{"@id":"https:\/\/www.koupeltech.com\/index.php\/produkt\/zlevneny-obdelnikova-vana-sat-vision-160x70-cm-akrylat-leva-i-prava-satvvi160-11891\/#primaryimage"},"image":{"@id":"https:\/\/www.koupeltech.com\/index.php\/produkt\/zlevneny-obdelnikova-vana-sat-vision-160x70-cm-akrylat-leva-i-prava-satvvi160-11891\/#primaryimage"},"thumbnailUrl":"https:\/\/www.koupeltech.com\/wp-content\/uploads\/2026\/SK0023102-CZ20260425-092632-0-1777080397-obdelnikova-vana-sat-vision-160x70-cm-akrylat-leva-i-prava-.webp","datePublished":"2026-04-27T13:57:33+00:00","breadcrumb":{"@id":"https:\/\/www.koupeltech.com\/index.php\/produkt\/zlevneny-obdelnikova-vana-sat-vision-160x70-cm-akrylat-leva-i-prava-satvvi160-11891\/#breadcrumb"},"inLanguage":"cs","potentialAction":[{"@type":"ReadAction","target":["https:\/\/www.koupeltech.com\/index.php\/produkt\/zlevneny-obdelnikova-vana-sat-vision-160x70-cm-akrylat-leva-i-prava-satvvi160-11891\/"]}]},{"@type":"ImageObject","inLanguage":"cs","@id":"https:\/\/www.koupeltech.com\/index.php\/produkt\/zlevneny-obdelnikova-vana-sat-vision-160x70-cm-akrylat-leva-i-prava-satvvi160-11891\/#primaryimage","url":"https:\/\/www.koupeltech.com\/wp-content\/uploads\/2026\/SK0023102-CZ20260425-092632-0-1777080397-obdelnikova-vana-sat-vision-160x70-cm-akrylat-leva-i-prava-.webp","contentUrl":"https:\/\/www.koupeltech.com\/wp-content\/uploads\/2026\/SK0023102-CZ20260425-092632-0-1777080397-obdelnikova-vana-sat-vision-160x70-cm-akrylat-leva-i-prava-.webp","width":600,"height":424},{"@type":"BreadcrumbList","@id":"https:\/\/www.koupeltech.com\/index.php\/produkt\/zlevneny-obdelnikova-vana-sat-vision-160x70-cm-akrylat-leva-i-prava-satvvi160-11891\/#breadcrumb","itemListElement":[{"@type":"ListItem","position":1,"name":"Home","item":"https:\/\/www.koupeltech.com\/"},{"@type":"ListItem","position":2,"name":"Products","item":"https:\/\/www.koupeltech.com\/index.php\/products\/"},{"@type":"ListItem","position":3,"name":"Zlevn\u011bn\u00fd Obd\u00e9ln\u00edkov\u00e1 vana SAT Vision 160&#215;70 cm akryl\u00e1t lev\u00e1 i prav\u00e1 SATVVI160"}]},{"@type":"WebSite","@id":"https:\/\/www.koupeltech.com\/#website","url":"https:\/\/www.koupeltech.com\/","name":"","description":"","potentialAction":[{"@type":"SearchAction","target":{"@type":"EntryPoint","urlTemplate":"https:\/\/www.koupeltech.com\/?s={search_term_string}"},"query-input":{"@type":"PropertyValueSpecification","valueRequired":true,"valueName":"search_term_string"}}],"inLanguage":"cs"}]}},"_links":{"self":[{"href":"https:\/\/www.koupeltech.com\/index.php\/wp-json\/wp\/v2\/product\/11891","targetHints":{"allow":["GET"]}}],"collection":[{"href":"https:\/\/www.koupeltech.com\/index.php\/wp-json\/wp\/v2\/product"}],"about":[{"href":"https:\/\/www.koupeltech.com\/index.php\/wp-json\/wp\/v2\/types\/product"}],"replies":[{"embeddable":true,"href":"https:\/\/www.koupeltech.com\/index.php\/wp-json\/wp\/v2\/comments?post=11891"}],"wp:featuredmedia":[{"embeddable":true,"href":"https:\/\/www.koupeltech.com\/index.php\/wp-json\/wp\/v2\/media\/11991"}],"wp:attachment":[{"href":"https:\/\/www.koupeltech.com\/index.php\/wp-json\/wp\/v2\/media?parent=11891"}],"wp:term":[{"taxonomy":"product_brand","embeddable":true,"href":"https:\/\/www.koupeltech.com\/index.php\/wp-json\/wp\/v2\/product_brand?post=11891"},{"taxonomy":"product_cat","embeddable":true,"href":"https:\/\/www.koupeltech.com\/index.php\/wp-json\/wp\/v2\/product_cat?post=11891"},{"taxonomy":"product_tag","embeddable":true,"href":"https:\/\/www.koupeltech.com\/index.php\/wp-json\/wp\/v2\/product_tag?post=11891"}],"curies":[{"name":"wp","href":"https:\/\/api.w.org\/{rel}","templated":true}]}}