{"id":11931,"date":"2026-04-27T13:57:33","date_gmt":"2026-04-27T13:57:33","guid":{"rendered":""},"modified":"2026-04-27T13:57:33","modified_gmt":"2026-04-27T13:57:33","slug":"zrcadlo-v-ramu-80x80cm-naturel-country-prirodni-countryzrc80na-sezonni-sleva-11931","status":"publish","type":"product","link":"https:\/\/www.koupeltech.com\/index.php\/produkt\/zrcadlo-v-ramu-80x80cm-naturel-country-prirodni-countryzrc80na-sezonni-sleva-11931\/","title":{"rendered":"Zrcadlo v r\u00e1mu 80x80cm Naturel Country p\u0159\u00edrodn\u00ed COUNTRYZRC80NA Sez\u00f3nn\u00ed Sleva"},"content":{"rendered":"<div class=\"ProductDetail-content NoFixImageContainer\" id=\"productDescription\">\n<div class=\"Heading\">\n<h2 class=\"Heading-title\">Popis produktu <span class=''>Zrcadlo v r\u00e1mu 80x80cm Naturel Country p\u0159\u00edrodn\u00ed COUNTRYZRC80NA<\/span><\/h2>\n<\/p><\/div>\n<div class=\"ProductDetailContent\">\n<p><span style=\"font-size:16px\">Zrcadlo je vyroben\u00e9 z&nbsp;m\u011bkk\u00e9ho masivn\u00edho d\u0159eva \u2013 smrku, upraven\u00e9ho&nbsp;dr\u00e1s\u00e1n\u00edm. Mo\u017enost zav\u011b\u0161en\u00ed na \u0161i\u0159ku i na v\u00fd\u0161ku. Jedn\u00e1 se o p\u0159\u00edrodn\u00ed materi\u00e1l s&nbsp;origin\u00e1ln\u00edm vzhledem u ka\u017ed\u00e9ho kusu, co se vzhledu (kresby) d\u0159eva t\u00fdk\u00e1. P\u0159\u00edpustn\u00e9 vady jsou pouze zarostl\u00e9 suky, p\u0159\u00edpadn\u011b vyschl\u00e9 smoln\u00edky.<\/span><\/p>\n<p><span style=\"font-size:16px\">Dr\u00e1s\u00e1n\u00ed je technologick\u00fd proces, p\u0159i kter\u00e9m doch\u00e1z\u00ed k odstran\u011bn\u00ed m\u011bk\u010d\u00edch struktur z opracovan\u00e9 plochy d\u0159eva, d\u00edky \u010demu\u017e vznik\u00e1 reli\u00e9fn\u00ed povrch.<\/span><\/p>\n<h3>N\u00e1t\u011bry<\/h3>\n<ul>\n<li>Z\u00e1kladn\u00ed n\u00e1t\u011br je proveden pomoc\u00ed venkovn\u00edho oleje na d\u0159evo v odst\u00ednu hn\u011bd\u00e1. Tento n\u00e1t\u011br slou\u017e\u00ed k hloubkov\u00e9 penetraci materi\u00e1lu, co\u017e zvy\u0161uje odolnost d\u0159eva v\u016f\u010di vod\u011b.<\/li>\n<li>Dvojit\u00fd vrchn\u00ed n\u00e1t\u011br prov\u00e1d\u00edme p\u0159\u00edrodn\u00edm tvrdovoskov\u00fdm olejem. Tento siln\u011b vodoodpudiv\u00fd n\u00e1t\u011br je po zaschnut\u00ed nete\u010dn\u00fd v\u016f\u010di lidem i zv\u00ed\u0159at\u016fm.<\/li>\n<\/ul>\n<p><span style=\"font-size:16px\">N\u00e1bytek nesm\u00ed b\u00fdt dlouhodob\u011b vystaven stojat\u00e9 vod\u011b! N\u00e1bytek je konstruov\u00e1n jako lepen\u00e1 r\u00e1mov\u00e1 konstrukce pevn\u011b spojen\u00e1 pomoc\u00ed kol\u00edk\u016f.<\/span><\/p>\n<p><span style=\"font-size:16px\"><strong>\u00dadr\u017eba:<\/strong>&nbsp;ot\u00edrat doporu\u010dujeme pouze lehce navlh\u010den\u00fdm had\u0159\u00edkem. Po n\u011bjak\u00e9m \u010dase je mo\u017eno pou\u017e\u00edt k o\u0161et\u0159en\u00ed n\u00e1t\u011bru m\u00fddlov\u00fd roztok.<\/span><\/p>\n<h3 style=\"margin-left:0cm; margin-right:0cm\">Technick\u00e9 parametry<\/h3>\n<ul>\n<li><strong>Balen\u00ed:<\/strong> 1 ks<\/li>\n<li><strong>Hmotnost balen\u00ed:<\/strong> 8,4 kg<\/li>\n<li><strong>Druh v\u00fdrobku:<\/strong> zrcadlo<\/li>\n<li><strong>Materi\u00e1l:<\/strong> p\u0159\u00edrodn\u00ed d\u0159evo<\/li>\n<li><strong>Barva popisn\u00e1:<\/strong> hn\u011bd\u00e1<\/li>\n<li><strong>Barva z\u00e1kladn\u00ed:<\/strong> d\u0159evodekor<\/li>\n<li><strong>Orientace:<\/strong> na v\u00fd\u0161ku i na \u0161\u00ed\u0159ku<\/li>\n<li><strong>\u0160\u00ed\u0159ka:<\/strong> 80 cm<\/li>\n<li><strong>V\u00fd\u0161ka:<\/strong> 80 cm<\/li>\n<li><strong>Tlou\u0161\u0165ka:<\/strong> 3 cm<\/li>\n<li><strong>R\u00e1m:<\/strong> masiv<\/li>\n<li><strong>Tvar zrcadla:<\/strong> \u010dtverec<\/li>\n<\/ul><\/div>\n<div class=\"ProductDetailContent\">                                                                    <\/div>\n<\/p><\/div>\n<\/p><\/div>\n<\/p><\/div>\n","protected":false},"excerpt":{"rendered":"<p>Popis produktu Zrcadlo v r\u00e1mu 80x80cm Naturel Country p\u0159\u00edrodn\u00ed COUNTRYZRC80NA Zrcadlo je vyroben\u00e9 z&nbsp;m\u011bkk\u00e9ho masivn\u00edho d\u0159eva \u2013 smrku, upraven\u00e9ho&nbsp;dr\u00e1s\u00e1n\u00edm. Mo\u017enost zav\u011b\u0161en\u00ed na \u0161i\u0159ku i na v\u00fd\u0161ku. Jedn\u00e1 se o p\u0159\u00edrodn\u00ed materi\u00e1l s&nbsp;origin\u00e1ln\u00edm vzhledem u ka\u017ed\u00e9ho kusu, co se vzhledu (kresby) d\u0159eva t\u00fdk\u00e1. P\u0159\u00edpustn\u00e9 vady jsou pouze zarostl\u00e9 suky, p\u0159\u00edpadn\u011b vyschl\u00e9 smoln\u00edky. Dr\u00e1s\u00e1n\u00ed je technologick\u00fd proces, [&hellip;]<\/p>\n","protected":false},"featured_media":12031,"comment_status":"open","ping_status":"open","template":"","meta":[],"product_brand":[],"product_cat":[77],"product_tag":[],"class_list":{"0":"post-11931","1":"product","2":"type-product","3":"status-publish","4":"has-post-thumbnail","6":"product_cat-koupelny","8":"first","9":"instock","10":"sale","11":"shipping-taxable","12":"purchasable","13":"product-type-simple"},"yoast_head":"<!-- This site is optimized with the Yoast SEO plugin v26.8 - https:\/\/yoast.com\/product\/yoast-seo-wordpress\/ -->\n<title>Zrcadlo v r\u00e1mu 80x80cm Naturel Country p\u0159\u00edrodn\u00ed COUNTRYZRC80NA Sez\u00f3nn\u00ed Sleva -<\/title>\n<meta name=\"robots\" content=\"index, follow, max-snippet:-1, max-image-preview:large, max-video-preview:-1\" \/>\n<link rel=\"canonical\" href=\"https:\/\/www.koupeltech.com\/index.php\/produkt\/zrcadlo-v-ramu-80x80cm-naturel-country-prirodni-countryzrc80na-sezonni-sleva-11931\/\" \/>\n<meta property=\"og:locale\" content=\"cs_CZ\" \/>\n<meta property=\"og:type\" content=\"article\" \/>\n<meta property=\"og:title\" content=\"Zrcadlo v r\u00e1mu 80x80cm Naturel Country p\u0159\u00edrodn\u00ed COUNTRYZRC80NA Sez\u00f3nn\u00ed Sleva -\" \/>\n<meta property=\"og:description\" content=\"Popis produktu Zrcadlo v r\u00e1mu 80x80cm Naturel Country p\u0159\u00edrodn\u00ed COUNTRYZRC80NA Zrcadlo je vyroben\u00e9 z&nbsp;m\u011bkk\u00e9ho masivn\u00edho d\u0159eva \u2013 smrku, upraven\u00e9ho&nbsp;dr\u00e1s\u00e1n\u00edm. Mo\u017enost zav\u011b\u0161en\u00ed na \u0161i\u0159ku i na v\u00fd\u0161ku. Jedn\u00e1 se o p\u0159\u00edrodn\u00ed materi\u00e1l s&nbsp;origin\u00e1ln\u00edm vzhledem u ka\u017ed\u00e9ho kusu, co se vzhledu (kresby) d\u0159eva t\u00fdk\u00e1. P\u0159\u00edpustn\u00e9 vady jsou pouze zarostl\u00e9 suky, p\u0159\u00edpadn\u011b vyschl\u00e9 smoln\u00edky. Dr\u00e1s\u00e1n\u00ed je technologick\u00fd proces, [&hellip;]\" \/>\n<meta property=\"og:url\" content=\"https:\/\/www.koupeltech.com\/index.php\/produkt\/zrcadlo-v-ramu-80x80cm-naturel-country-prirodni-countryzrc80na-sezonni-sleva-11931\/\" \/>\n<meta property=\"og:image\" content=\"https:\/\/www.koupeltech.com\/wp-content\/uploads\/2026\/SK0023231-CZ20260425-092632-0-1777080397-zrcadlo-v-ramu-80x80cm-naturel-country-prirodni-countryzrc8.webp\" \/>\n\t<meta property=\"og:image:width\" content=\"515\" \/>\n\t<meta property=\"og:image:height\" content=\"396\" \/>\n\t<meta property=\"og:image:type\" content=\"image\/webp\" \/>\n<meta name=\"twitter:card\" content=\"summary_large_image\" \/>\n<meta name=\"twitter:label1\" content=\"Odhadovan\u00e1 doba \u010dten\u00ed\" \/>\n\t<meta name=\"twitter:data1\" content=\"1 minuta\" \/>\n<script type=\"application\/ld+json\" class=\"yoast-schema-graph\">{\"@context\":\"https:\/\/schema.org\",\"@graph\":[{\"@type\":\"WebPage\",\"@id\":\"https:\/\/www.koupeltech.com\/index.php\/produkt\/zrcadlo-v-ramu-80x80cm-naturel-country-prirodni-countryzrc80na-sezonni-sleva-11931\/\",\"url\":\"https:\/\/www.koupeltech.com\/index.php\/produkt\/zrcadlo-v-ramu-80x80cm-naturel-country-prirodni-countryzrc80na-sezonni-sleva-11931\/\",\"name\":\"Zrcadlo v r\u00e1mu 80x80cm Naturel Country p\u0159\u00edrodn\u00ed COUNTRYZRC80NA Sez\u00f3nn\u00ed Sleva -\",\"isPartOf\":{\"@id\":\"https:\/\/www.koupeltech.com\/#website\"},\"primaryImageOfPage\":{\"@id\":\"https:\/\/www.koupeltech.com\/index.php\/produkt\/zrcadlo-v-ramu-80x80cm-naturel-country-prirodni-countryzrc80na-sezonni-sleva-11931\/#primaryimage\"},\"image\":{\"@id\":\"https:\/\/www.koupeltech.com\/index.php\/produkt\/zrcadlo-v-ramu-80x80cm-naturel-country-prirodni-countryzrc80na-sezonni-sleva-11931\/#primaryimage\"},\"thumbnailUrl\":\"https:\/\/www.koupeltech.com\/wp-content\/uploads\/2026\/SK0023231-CZ20260425-092632-0-1777080397-zrcadlo-v-ramu-80x80cm-naturel-country-prirodni-countryzrc8.webp\",\"datePublished\":\"2026-04-27T13:57:33+00:00\",\"breadcrumb\":{\"@id\":\"https:\/\/www.koupeltech.com\/index.php\/produkt\/zrcadlo-v-ramu-80x80cm-naturel-country-prirodni-countryzrc80na-sezonni-sleva-11931\/#breadcrumb\"},\"inLanguage\":\"cs\",\"potentialAction\":[{\"@type\":\"ReadAction\",\"target\":[\"https:\/\/www.koupeltech.com\/index.php\/produkt\/zrcadlo-v-ramu-80x80cm-naturel-country-prirodni-countryzrc80na-sezonni-sleva-11931\/\"]}]},{\"@type\":\"ImageObject\",\"inLanguage\":\"cs\",\"@id\":\"https:\/\/www.koupeltech.com\/index.php\/produkt\/zrcadlo-v-ramu-80x80cm-naturel-country-prirodni-countryzrc80na-sezonni-sleva-11931\/#primaryimage\",\"url\":\"https:\/\/www.koupeltech.com\/wp-content\/uploads\/2026\/SK0023231-CZ20260425-092632-0-1777080397-zrcadlo-v-ramu-80x80cm-naturel-country-prirodni-countryzrc8.webp\",\"contentUrl\":\"https:\/\/www.koupeltech.com\/wp-content\/uploads\/2026\/SK0023231-CZ20260425-092632-0-1777080397-zrcadlo-v-ramu-80x80cm-naturel-country-prirodni-countryzrc8.webp\",\"width\":515,\"height\":396},{\"@type\":\"BreadcrumbList\",\"@id\":\"https:\/\/www.koupeltech.com\/index.php\/produkt\/zrcadlo-v-ramu-80x80cm-naturel-country-prirodni-countryzrc80na-sezonni-sleva-11931\/#breadcrumb\",\"itemListElement\":[{\"@type\":\"ListItem\",\"position\":1,\"name\":\"Home\",\"item\":\"https:\/\/www.koupeltech.com\/\"},{\"@type\":\"ListItem\",\"position\":2,\"name\":\"Products\",\"item\":\"https:\/\/www.koupeltech.com\/index.php\/products\/\"},{\"@type\":\"ListItem\",\"position\":3,\"name\":\"Zrcadlo v r\u00e1mu 80x80cm Naturel Country p\u0159\u00edrodn\u00ed COUNTRYZRC80NA Sez\u00f3nn\u00ed Sleva\"}]},{\"@type\":\"WebSite\",\"@id\":\"https:\/\/www.koupeltech.com\/#website\",\"url\":\"https:\/\/www.koupeltech.com\/\",\"name\":\"\",\"description\":\"\",\"potentialAction\":[{\"@type\":\"SearchAction\",\"target\":{\"@type\":\"EntryPoint\",\"urlTemplate\":\"https:\/\/www.koupeltech.com\/?s={search_term_string}\"},\"query-input\":{\"@type\":\"PropertyValueSpecification\",\"valueRequired\":true,\"valueName\":\"search_term_string\"}}],\"inLanguage\":\"cs\"}]}<\/script>\n<!-- \/ Yoast SEO plugin. -->","yoast_head_json":{"title":"Zrcadlo v r\u00e1mu 80x80cm Naturel Country p\u0159\u00edrodn\u00ed COUNTRYZRC80NA Sez\u00f3nn\u00ed Sleva -","robots":{"index":"index","follow":"follow","max-snippet":"max-snippet:-1","max-image-preview":"max-image-preview:large","max-video-preview":"max-video-preview:-1"},"canonical":"https:\/\/www.koupeltech.com\/index.php\/produkt\/zrcadlo-v-ramu-80x80cm-naturel-country-prirodni-countryzrc80na-sezonni-sleva-11931\/","og_locale":"cs_CZ","og_type":"article","og_title":"Zrcadlo v r\u00e1mu 80x80cm Naturel Country p\u0159\u00edrodn\u00ed COUNTRYZRC80NA Sez\u00f3nn\u00ed Sleva -","og_description":"Popis produktu Zrcadlo v r\u00e1mu 80x80cm Naturel Country p\u0159\u00edrodn\u00ed COUNTRYZRC80NA Zrcadlo je vyroben\u00e9 z&nbsp;m\u011bkk\u00e9ho masivn\u00edho d\u0159eva \u2013 smrku, upraven\u00e9ho&nbsp;dr\u00e1s\u00e1n\u00edm. Mo\u017enost zav\u011b\u0161en\u00ed na \u0161i\u0159ku i na v\u00fd\u0161ku. Jedn\u00e1 se o p\u0159\u00edrodn\u00ed materi\u00e1l s&nbsp;origin\u00e1ln\u00edm vzhledem u ka\u017ed\u00e9ho kusu, co se vzhledu (kresby) d\u0159eva t\u00fdk\u00e1. P\u0159\u00edpustn\u00e9 vady jsou pouze zarostl\u00e9 suky, p\u0159\u00edpadn\u011b vyschl\u00e9 smoln\u00edky. Dr\u00e1s\u00e1n\u00ed je technologick\u00fd proces, [&hellip;]","og_url":"https:\/\/www.koupeltech.com\/index.php\/produkt\/zrcadlo-v-ramu-80x80cm-naturel-country-prirodni-countryzrc80na-sezonni-sleva-11931\/","og_image":[{"width":515,"height":396,"url":"https:\/\/www.koupeltech.com\/wp-content\/uploads\/2026\/SK0023231-CZ20260425-092632-0-1777080397-zrcadlo-v-ramu-80x80cm-naturel-country-prirodni-countryzrc8.webp","type":"image\/webp"}],"twitter_card":"summary_large_image","twitter_misc":{"Odhadovan\u00e1 doba \u010dten\u00ed":"1 minuta"},"schema":{"@context":"https:\/\/schema.org","@graph":[{"@type":"WebPage","@id":"https:\/\/www.koupeltech.com\/index.php\/produkt\/zrcadlo-v-ramu-80x80cm-naturel-country-prirodni-countryzrc80na-sezonni-sleva-11931\/","url":"https:\/\/www.koupeltech.com\/index.php\/produkt\/zrcadlo-v-ramu-80x80cm-naturel-country-prirodni-countryzrc80na-sezonni-sleva-11931\/","name":"Zrcadlo v r\u00e1mu 80x80cm Naturel Country p\u0159\u00edrodn\u00ed COUNTRYZRC80NA Sez\u00f3nn\u00ed Sleva -","isPartOf":{"@id":"https:\/\/www.koupeltech.com\/#website"},"primaryImageOfPage":{"@id":"https:\/\/www.koupeltech.com\/index.php\/produkt\/zrcadlo-v-ramu-80x80cm-naturel-country-prirodni-countryzrc80na-sezonni-sleva-11931\/#primaryimage"},"image":{"@id":"https:\/\/www.koupeltech.com\/index.php\/produkt\/zrcadlo-v-ramu-80x80cm-naturel-country-prirodni-countryzrc80na-sezonni-sleva-11931\/#primaryimage"},"thumbnailUrl":"https:\/\/www.koupeltech.com\/wp-content\/uploads\/2026\/SK0023231-CZ20260425-092632-0-1777080397-zrcadlo-v-ramu-80x80cm-naturel-country-prirodni-countryzrc8.webp","datePublished":"2026-04-27T13:57:33+00:00","breadcrumb":{"@id":"https:\/\/www.koupeltech.com\/index.php\/produkt\/zrcadlo-v-ramu-80x80cm-naturel-country-prirodni-countryzrc80na-sezonni-sleva-11931\/#breadcrumb"},"inLanguage":"cs","potentialAction":[{"@type":"ReadAction","target":["https:\/\/www.koupeltech.com\/index.php\/produkt\/zrcadlo-v-ramu-80x80cm-naturel-country-prirodni-countryzrc80na-sezonni-sleva-11931\/"]}]},{"@type":"ImageObject","inLanguage":"cs","@id":"https:\/\/www.koupeltech.com\/index.php\/produkt\/zrcadlo-v-ramu-80x80cm-naturel-country-prirodni-countryzrc80na-sezonni-sleva-11931\/#primaryimage","url":"https:\/\/www.koupeltech.com\/wp-content\/uploads\/2026\/SK0023231-CZ20260425-092632-0-1777080397-zrcadlo-v-ramu-80x80cm-naturel-country-prirodni-countryzrc8.webp","contentUrl":"https:\/\/www.koupeltech.com\/wp-content\/uploads\/2026\/SK0023231-CZ20260425-092632-0-1777080397-zrcadlo-v-ramu-80x80cm-naturel-country-prirodni-countryzrc8.webp","width":515,"height":396},{"@type":"BreadcrumbList","@id":"https:\/\/www.koupeltech.com\/index.php\/produkt\/zrcadlo-v-ramu-80x80cm-naturel-country-prirodni-countryzrc80na-sezonni-sleva-11931\/#breadcrumb","itemListElement":[{"@type":"ListItem","position":1,"name":"Home","item":"https:\/\/www.koupeltech.com\/"},{"@type":"ListItem","position":2,"name":"Products","item":"https:\/\/www.koupeltech.com\/index.php\/products\/"},{"@type":"ListItem","position":3,"name":"Zrcadlo v r\u00e1mu 80x80cm Naturel Country p\u0159\u00edrodn\u00ed COUNTRYZRC80NA Sez\u00f3nn\u00ed Sleva"}]},{"@type":"WebSite","@id":"https:\/\/www.koupeltech.com\/#website","url":"https:\/\/www.koupeltech.com\/","name":"","description":"","potentialAction":[{"@type":"SearchAction","target":{"@type":"EntryPoint","urlTemplate":"https:\/\/www.koupeltech.com\/?s={search_term_string}"},"query-input":{"@type":"PropertyValueSpecification","valueRequired":true,"valueName":"search_term_string"}}],"inLanguage":"cs"}]}},"_links":{"self":[{"href":"https:\/\/www.koupeltech.com\/index.php\/wp-json\/wp\/v2\/product\/11931","targetHints":{"allow":["GET"]}}],"collection":[{"href":"https:\/\/www.koupeltech.com\/index.php\/wp-json\/wp\/v2\/product"}],"about":[{"href":"https:\/\/www.koupeltech.com\/index.php\/wp-json\/wp\/v2\/types\/product"}],"replies":[{"embeddable":true,"href":"https:\/\/www.koupeltech.com\/index.php\/wp-json\/wp\/v2\/comments?post=11931"}],"wp:featuredmedia":[{"embeddable":true,"href":"https:\/\/www.koupeltech.com\/index.php\/wp-json\/wp\/v2\/media\/12031"}],"wp:attachment":[{"href":"https:\/\/www.koupeltech.com\/index.php\/wp-json\/wp\/v2\/media?parent=11931"}],"wp:term":[{"taxonomy":"product_brand","embeddable":true,"href":"https:\/\/www.koupeltech.com\/index.php\/wp-json\/wp\/v2\/product_brand?post=11931"},{"taxonomy":"product_cat","embeddable":true,"href":"https:\/\/www.koupeltech.com\/index.php\/wp-json\/wp\/v2\/product_cat?post=11931"},{"taxonomy":"product_tag","embeddable":true,"href":"https:\/\/www.koupeltech.com\/index.php\/wp-json\/wp\/v2\/product_tag?post=11931"}],"curies":[{"name":"wp","href":"https:\/\/api.w.org\/{rel}","templated":true}]}}