{"id":11973,"date":"2026-04-27T13:57:33","date_gmt":"2026-04-27T13:57:33","guid":{"rendered":""},"modified":"2026-04-27T13:57:33","modified_gmt":"2026-04-27T13:57:33","slug":"vyprodej-regulus-ventil-smesovaci-termostaticky-wmix-h-11973","status":"publish","type":"product","link":"https:\/\/www.koupeltech.com\/index.php\/produkt\/vyprodej-regulus-ventil-smesovaci-termostaticky-wmix-h-11973\/","title":{"rendered":"V\u00fdprodej Regulus Ventil sm\u011b\u0161ovac\u00ed termostatick\u00fd Wmix-H"},"content":{"rendered":"<div class=\"ProductDetail-content NoFixImageContainer\" id=\"productDescription\">\n<div class=\"Heading\">\n<h2 class=\"Heading-title\">Popis produktu <span class=''>Regulus Ventil sm\u011b\u0161ovac\u00ed termostatick\u00fd Wmix-H<\/span><\/h2>\n<\/p><\/div>\n<div class=\"ProductDetailContent\">\n<p>Termostatick\u00fd sm\u011b\u0161ovac\u00ed ventil s&nbsp;v\u00fdstupem dol\u016f, nastaviteln\u00fd knofl\u00edkem v&nbsp;rozsahu 35-55\u00b0C. Kvs=1,3 m3\/h, p\u0159ipojen\u00ed G&nbsp;3\/4&#8243; nebo 1&#8243; M. Zaji\u0161\u0165uje sm\u011b\u0161ov\u00e1n\u00ed studen\u00e9 vody s&nbsp;teplou vodou z&nbsp;oh\u0159\u00edva\u010de tak, aby voda na v\u00fdstupu dos\u00e1hla p\u0159edem nastaven\u00e9 po\u017eadovan\u00e9 teploty. P\u0159i p\u0159eru\u0161en\u00ed p\u0159\u00edvodu studen\u00e9 vody automaticky zav\u0159e p\u0159\u00edvod hork\u00e9 vody a&nbsp;zajist\u00ed tak ochranu proti opa\u0159en\u00ed.<\/p>\n<h3>Technick\u00e9 \u00fadaje<\/h3>\n<ul>\n<li>Max. pracovn\u00ed tlak: 10 bar<\/li>\n<li>Teplota pracovn\u00ed kapaliny: 5 \u00b0C a\u017e 90 \u00b0C<\/li>\n<li>Rozsah nastaviteln\u00fdch teplot: 35 \u00b0C a\u017e 55 \u00b0C \u00b1 2 \u00b0C<\/li>\n<li>Max. teplota studen\u00e9 vody na vstupu do ventilu: 25 \u00b0C<\/li>\n<\/ul><\/div>\n<div class=\"ProductDetailContent\">                                                                    <\/div>\n<\/p><\/div>\n<\/p><\/div>\n<\/p><\/div>\n","protected":false},"excerpt":{"rendered":"<p>Popis produktu Regulus Ventil sm\u011b\u0161ovac\u00ed termostatick\u00fd Wmix-H Termostatick\u00fd sm\u011b\u0161ovac\u00ed ventil s&nbsp;v\u00fdstupem dol\u016f, nastaviteln\u00fd knofl\u00edkem v&nbsp;rozsahu 35-55\u00b0C. Kvs=1,3 m3\/h, p\u0159ipojen\u00ed G&nbsp;3\/4&#8243; nebo 1&#8243; M. Zaji\u0161\u0165uje sm\u011b\u0161ov\u00e1n\u00ed studen\u00e9 vody s&nbsp;teplou vodou z&nbsp;oh\u0159\u00edva\u010de tak, aby voda na v\u00fdstupu dos\u00e1hla p\u0159edem nastaven\u00e9 po\u017eadovan\u00e9 teploty. P\u0159i p\u0159eru\u0161en\u00ed p\u0159\u00edvodu studen\u00e9 vody automaticky zav\u0159e p\u0159\u00edvod hork\u00e9 vody a&nbsp;zajist\u00ed tak ochranu proti opa\u0159en\u00ed. [&hellip;]<\/p>\n","protected":false},"featured_media":12073,"comment_status":"open","ping_status":"open","template":"","meta":[],"product_brand":[],"product_cat":[79],"product_tag":[],"class_list":{"0":"post-11973","1":"product","2":"type-product","3":"status-publish","4":"has-post-thumbnail","6":"product_cat-topeni","8":"first","9":"instock","10":"sale","11":"shipping-taxable","12":"purchasable","13":"product-type-simple"},"yoast_head":"<!-- This site is optimized with the Yoast SEO plugin v26.8 - https:\/\/yoast.com\/product\/yoast-seo-wordpress\/ -->\n<title>V\u00fdprodej Regulus Ventil sm\u011b\u0161ovac\u00ed termostatick\u00fd Wmix-H -<\/title>\n<meta name=\"robots\" content=\"index, follow, max-snippet:-1, max-image-preview:large, max-video-preview:-1\" \/>\n<link rel=\"canonical\" href=\"https:\/\/www.koupeltech.com\/index.php\/produkt\/vyprodej-regulus-ventil-smesovaci-termostaticky-wmix-h-11973\/\" \/>\n<meta property=\"og:locale\" content=\"cs_CZ\" \/>\n<meta property=\"og:type\" content=\"article\" \/>\n<meta property=\"og:title\" content=\"V\u00fdprodej Regulus Ventil sm\u011b\u0161ovac\u00ed termostatick\u00fd Wmix-H -\" \/>\n<meta property=\"og:description\" content=\"Popis produktu Regulus Ventil sm\u011b\u0161ovac\u00ed termostatick\u00fd Wmix-H Termostatick\u00fd sm\u011b\u0161ovac\u00ed ventil s&nbsp;v\u00fdstupem dol\u016f, nastaviteln\u00fd knofl\u00edkem v&nbsp;rozsahu 35-55\u00b0C. Kvs=1,3 m3\/h, p\u0159ipojen\u00ed G&nbsp;3\/4&#8243; nebo 1&#8243; M. Zaji\u0161\u0165uje sm\u011b\u0161ov\u00e1n\u00ed studen\u00e9 vody s&nbsp;teplou vodou z&nbsp;oh\u0159\u00edva\u010de tak, aby voda na v\u00fdstupu dos\u00e1hla p\u0159edem nastaven\u00e9 po\u017eadovan\u00e9 teploty. P\u0159i p\u0159eru\u0161en\u00ed p\u0159\u00edvodu studen\u00e9 vody automaticky zav\u0159e p\u0159\u00edvod hork\u00e9 vody a&nbsp;zajist\u00ed tak ochranu proti opa\u0159en\u00ed. [&hellip;]\" \/>\n<meta property=\"og:url\" content=\"https:\/\/www.koupeltech.com\/index.php\/produkt\/vyprodej-regulus-ventil-smesovaci-termostaticky-wmix-h-11973\/\" \/>\n<meta property=\"og:image\" content=\"https:\/\/www.koupeltech.com\/wp-content\/uploads\/2026\/SK0023297-CZ20260425-092632-0-1777080397-regulus-ventil-smesovaci-termostaticky-wmix-h-997566.webp\" \/>\n\t<meta property=\"og:image:width\" content=\"600\" \/>\n\t<meta property=\"og:image:height\" content=\"600\" \/>\n\t<meta property=\"og:image:type\" content=\"image\/webp\" \/>\n<meta name=\"twitter:card\" content=\"summary_large_image\" \/>\n<meta name=\"twitter:label1\" content=\"Odhadovan\u00e1 doba \u010dten\u00ed\" \/>\n\t<meta name=\"twitter:data1\" content=\"1 minuta\" \/>\n<script type=\"application\/ld+json\" class=\"yoast-schema-graph\">{\"@context\":\"https:\/\/schema.org\",\"@graph\":[{\"@type\":\"WebPage\",\"@id\":\"https:\/\/www.koupeltech.com\/index.php\/produkt\/vyprodej-regulus-ventil-smesovaci-termostaticky-wmix-h-11973\/\",\"url\":\"https:\/\/www.koupeltech.com\/index.php\/produkt\/vyprodej-regulus-ventil-smesovaci-termostaticky-wmix-h-11973\/\",\"name\":\"V\u00fdprodej Regulus Ventil sm\u011b\u0161ovac\u00ed termostatick\u00fd Wmix-H -\",\"isPartOf\":{\"@id\":\"https:\/\/www.koupeltech.com\/#website\"},\"primaryImageOfPage\":{\"@id\":\"https:\/\/www.koupeltech.com\/index.php\/produkt\/vyprodej-regulus-ventil-smesovaci-termostaticky-wmix-h-11973\/#primaryimage\"},\"image\":{\"@id\":\"https:\/\/www.koupeltech.com\/index.php\/produkt\/vyprodej-regulus-ventil-smesovaci-termostaticky-wmix-h-11973\/#primaryimage\"},\"thumbnailUrl\":\"https:\/\/www.koupeltech.com\/wp-content\/uploads\/2026\/SK0023297-CZ20260425-092632-0-1777080397-regulus-ventil-smesovaci-termostaticky-wmix-h-997566.webp\",\"datePublished\":\"2026-04-27T13:57:33+00:00\",\"breadcrumb\":{\"@id\":\"https:\/\/www.koupeltech.com\/index.php\/produkt\/vyprodej-regulus-ventil-smesovaci-termostaticky-wmix-h-11973\/#breadcrumb\"},\"inLanguage\":\"cs\",\"potentialAction\":[{\"@type\":\"ReadAction\",\"target\":[\"https:\/\/www.koupeltech.com\/index.php\/produkt\/vyprodej-regulus-ventil-smesovaci-termostaticky-wmix-h-11973\/\"]}]},{\"@type\":\"ImageObject\",\"inLanguage\":\"cs\",\"@id\":\"https:\/\/www.koupeltech.com\/index.php\/produkt\/vyprodej-regulus-ventil-smesovaci-termostaticky-wmix-h-11973\/#primaryimage\",\"url\":\"https:\/\/www.koupeltech.com\/wp-content\/uploads\/2026\/SK0023297-CZ20260425-092632-0-1777080397-regulus-ventil-smesovaci-termostaticky-wmix-h-997566.webp\",\"contentUrl\":\"https:\/\/www.koupeltech.com\/wp-content\/uploads\/2026\/SK0023297-CZ20260425-092632-0-1777080397-regulus-ventil-smesovaci-termostaticky-wmix-h-997566.webp\",\"width\":600,\"height\":600},{\"@type\":\"BreadcrumbList\",\"@id\":\"https:\/\/www.koupeltech.com\/index.php\/produkt\/vyprodej-regulus-ventil-smesovaci-termostaticky-wmix-h-11973\/#breadcrumb\",\"itemListElement\":[{\"@type\":\"ListItem\",\"position\":1,\"name\":\"Home\",\"item\":\"https:\/\/www.koupeltech.com\/\"},{\"@type\":\"ListItem\",\"position\":2,\"name\":\"Products\",\"item\":\"https:\/\/www.koupeltech.com\/index.php\/products\/\"},{\"@type\":\"ListItem\",\"position\":3,\"name\":\"V\u00fdprodej Regulus Ventil sm\u011b\u0161ovac\u00ed termostatick\u00fd Wmix-H\"}]},{\"@type\":\"WebSite\",\"@id\":\"https:\/\/www.koupeltech.com\/#website\",\"url\":\"https:\/\/www.koupeltech.com\/\",\"name\":\"\",\"description\":\"\",\"potentialAction\":[{\"@type\":\"SearchAction\",\"target\":{\"@type\":\"EntryPoint\",\"urlTemplate\":\"https:\/\/www.koupeltech.com\/?s={search_term_string}\"},\"query-input\":{\"@type\":\"PropertyValueSpecification\",\"valueRequired\":true,\"valueName\":\"search_term_string\"}}],\"inLanguage\":\"cs\"}]}<\/script>\n<!-- \/ Yoast SEO plugin. -->","yoast_head_json":{"title":"V\u00fdprodej Regulus Ventil sm\u011b\u0161ovac\u00ed termostatick\u00fd Wmix-H -","robots":{"index":"index","follow":"follow","max-snippet":"max-snippet:-1","max-image-preview":"max-image-preview:large","max-video-preview":"max-video-preview:-1"},"canonical":"https:\/\/www.koupeltech.com\/index.php\/produkt\/vyprodej-regulus-ventil-smesovaci-termostaticky-wmix-h-11973\/","og_locale":"cs_CZ","og_type":"article","og_title":"V\u00fdprodej Regulus Ventil sm\u011b\u0161ovac\u00ed termostatick\u00fd Wmix-H -","og_description":"Popis produktu Regulus Ventil sm\u011b\u0161ovac\u00ed termostatick\u00fd Wmix-H Termostatick\u00fd sm\u011b\u0161ovac\u00ed ventil s&nbsp;v\u00fdstupem dol\u016f, nastaviteln\u00fd knofl\u00edkem v&nbsp;rozsahu 35-55\u00b0C. Kvs=1,3 m3\/h, p\u0159ipojen\u00ed G&nbsp;3\/4&#8243; nebo 1&#8243; M. Zaji\u0161\u0165uje sm\u011b\u0161ov\u00e1n\u00ed studen\u00e9 vody s&nbsp;teplou vodou z&nbsp;oh\u0159\u00edva\u010de tak, aby voda na v\u00fdstupu dos\u00e1hla p\u0159edem nastaven\u00e9 po\u017eadovan\u00e9 teploty. P\u0159i p\u0159eru\u0161en\u00ed p\u0159\u00edvodu studen\u00e9 vody automaticky zav\u0159e p\u0159\u00edvod hork\u00e9 vody a&nbsp;zajist\u00ed tak ochranu proti opa\u0159en\u00ed. [&hellip;]","og_url":"https:\/\/www.koupeltech.com\/index.php\/produkt\/vyprodej-regulus-ventil-smesovaci-termostaticky-wmix-h-11973\/","og_image":[{"width":600,"height":600,"url":"https:\/\/www.koupeltech.com\/wp-content\/uploads\/2026\/SK0023297-CZ20260425-092632-0-1777080397-regulus-ventil-smesovaci-termostaticky-wmix-h-997566.webp","type":"image\/webp"}],"twitter_card":"summary_large_image","twitter_misc":{"Odhadovan\u00e1 doba \u010dten\u00ed":"1 minuta"},"schema":{"@context":"https:\/\/schema.org","@graph":[{"@type":"WebPage","@id":"https:\/\/www.koupeltech.com\/index.php\/produkt\/vyprodej-regulus-ventil-smesovaci-termostaticky-wmix-h-11973\/","url":"https:\/\/www.koupeltech.com\/index.php\/produkt\/vyprodej-regulus-ventil-smesovaci-termostaticky-wmix-h-11973\/","name":"V\u00fdprodej Regulus Ventil sm\u011b\u0161ovac\u00ed termostatick\u00fd Wmix-H -","isPartOf":{"@id":"https:\/\/www.koupeltech.com\/#website"},"primaryImageOfPage":{"@id":"https:\/\/www.koupeltech.com\/index.php\/produkt\/vyprodej-regulus-ventil-smesovaci-termostaticky-wmix-h-11973\/#primaryimage"},"image":{"@id":"https:\/\/www.koupeltech.com\/index.php\/produkt\/vyprodej-regulus-ventil-smesovaci-termostaticky-wmix-h-11973\/#primaryimage"},"thumbnailUrl":"https:\/\/www.koupeltech.com\/wp-content\/uploads\/2026\/SK0023297-CZ20260425-092632-0-1777080397-regulus-ventil-smesovaci-termostaticky-wmix-h-997566.webp","datePublished":"2026-04-27T13:57:33+00:00","breadcrumb":{"@id":"https:\/\/www.koupeltech.com\/index.php\/produkt\/vyprodej-regulus-ventil-smesovaci-termostaticky-wmix-h-11973\/#breadcrumb"},"inLanguage":"cs","potentialAction":[{"@type":"ReadAction","target":["https:\/\/www.koupeltech.com\/index.php\/produkt\/vyprodej-regulus-ventil-smesovaci-termostaticky-wmix-h-11973\/"]}]},{"@type":"ImageObject","inLanguage":"cs","@id":"https:\/\/www.koupeltech.com\/index.php\/produkt\/vyprodej-regulus-ventil-smesovaci-termostaticky-wmix-h-11973\/#primaryimage","url":"https:\/\/www.koupeltech.com\/wp-content\/uploads\/2026\/SK0023297-CZ20260425-092632-0-1777080397-regulus-ventil-smesovaci-termostaticky-wmix-h-997566.webp","contentUrl":"https:\/\/www.koupeltech.com\/wp-content\/uploads\/2026\/SK0023297-CZ20260425-092632-0-1777080397-regulus-ventil-smesovaci-termostaticky-wmix-h-997566.webp","width":600,"height":600},{"@type":"BreadcrumbList","@id":"https:\/\/www.koupeltech.com\/index.php\/produkt\/vyprodej-regulus-ventil-smesovaci-termostaticky-wmix-h-11973\/#breadcrumb","itemListElement":[{"@type":"ListItem","position":1,"name":"Home","item":"https:\/\/www.koupeltech.com\/"},{"@type":"ListItem","position":2,"name":"Products","item":"https:\/\/www.koupeltech.com\/index.php\/products\/"},{"@type":"ListItem","position":3,"name":"V\u00fdprodej Regulus Ventil sm\u011b\u0161ovac\u00ed termostatick\u00fd Wmix-H"}]},{"@type":"WebSite","@id":"https:\/\/www.koupeltech.com\/#website","url":"https:\/\/www.koupeltech.com\/","name":"","description":"","potentialAction":[{"@type":"SearchAction","target":{"@type":"EntryPoint","urlTemplate":"https:\/\/www.koupeltech.com\/?s={search_term_string}"},"query-input":{"@type":"PropertyValueSpecification","valueRequired":true,"valueName":"search_term_string"}}],"inLanguage":"cs"}]}},"_links":{"self":[{"href":"https:\/\/www.koupeltech.com\/index.php\/wp-json\/wp\/v2\/product\/11973","targetHints":{"allow":["GET"]}}],"collection":[{"href":"https:\/\/www.koupeltech.com\/index.php\/wp-json\/wp\/v2\/product"}],"about":[{"href":"https:\/\/www.koupeltech.com\/index.php\/wp-json\/wp\/v2\/types\/product"}],"replies":[{"embeddable":true,"href":"https:\/\/www.koupeltech.com\/index.php\/wp-json\/wp\/v2\/comments?post=11973"}],"wp:featuredmedia":[{"embeddable":true,"href":"https:\/\/www.koupeltech.com\/index.php\/wp-json\/wp\/v2\/media\/12073"}],"wp:attachment":[{"href":"https:\/\/www.koupeltech.com\/index.php\/wp-json\/wp\/v2\/media?parent=11973"}],"wp:term":[{"taxonomy":"product_brand","embeddable":true,"href":"https:\/\/www.koupeltech.com\/index.php\/wp-json\/wp\/v2\/product_brand?post=11973"},{"taxonomy":"product_cat","embeddable":true,"href":"https:\/\/www.koupeltech.com\/index.php\/wp-json\/wp\/v2\/product_cat?post=11973"},{"taxonomy":"product_tag","embeddable":true,"href":"https:\/\/www.koupeltech.com\/index.php\/wp-json\/wp\/v2\/product_tag?post=11973"}],"curies":[{"name":"wp","href":"https:\/\/api.w.org\/{rel}","templated":true}]}}