{"id":11975,"date":"2026-04-27T13:57:33","date_gmt":"2026-04-27T13:57:33","guid":{"rendered":""},"modified":"2026-04-27T13:57:33","modified_gmt":"2026-04-27T13:57:33","slug":"super-cena-blaze-harmony-dalkove-ovladani-ecoster90-touch-11975","status":"publish","type":"product","link":"https:\/\/www.koupeltech.com\/index.php\/produkt\/super-cena-blaze-harmony-dalkove-ovladani-ecoster90-touch-11975\/","title":{"rendered":"Super Cena Blaze Harmony D\u00e1lkov\u00e9 ovl\u00e1d\u00e1n\u00ed ecoSTER90 Touch"},"content":{"rendered":"<div class=\"ProductDetail-content NoFixImageContainer\" id=\"productDescription\">\n<div class=\"Heading\">\n<h2 class=\"Heading-title\">Popis produktu <span class=''>Blaze Harmony D\u00e1lkov\u00e9 ovl\u00e1d\u00e1n\u00ed ecoSTER90 Touch<\/span><\/h2>\n<\/p><\/div>\n<div class=\"ProductDetailContent\">\n<p>D\u00e1lkov\u00e9 ovl\u00e1d\u00e1n\u00ed s funkc\u00ed pokojov\u00e9ho termostatu (dotykov\u00fd display).<\/p>\n<p>Tento syst\u00e9m zaji\u0161\u0165uje obousm\u011brnou komunikaci mezi \u0159\u00eddic\u00ed jednotkou kotle a termostatem <strong>ecoSTER 90<\/strong>, d\u00edky \u010demu\u017e m\u016f\u017eete pohodln\u011b sledovat i ovl\u00e1dat funkce kotle p\u0159\u00edmo z m\u00edstnosti. Nab\u00edz\u00ed vysok\u00fd tepeln\u00fd komfort a p\u0159esn\u00e9 \u0159\u00edzen\u00ed cel\u00e9ho topn\u00e9ho syst\u00e9mu. Pou\u017e\u00edv\u00e1n\u00edm termostatu <strong>ecoSTER 90<\/strong> z\u00edsk\u00e1te intuitivn\u00ed ovl\u00e1d\u00e1n\u00ed p\u0159es p\u0159ehledn\u00fd dotykov\u00fd displej, mo\u017enost d\u00e1lkov\u011b \u0159\u00eddit kotel, rychle nastavovat teplotu v jednotliv\u00fdch m\u00edstnostech a programovat r\u016fzn\u00e9 \u010dasov\u00e9 z\u00f3ny pro ka\u017ed\u00fd den i cel\u00fd t\u00fdden. Nechyb\u00ed ani \u0159ada dal\u0161\u00edch praktick\u00fdch funkc\u00ed. Menu je pln\u011b v \u010desk\u00e9m jazyce.<\/p>\n<h3>Technick\u00e9 parametry<\/h3>\n<table class=\"table-params-response\">\n<thead>\n<tr>\n<th>Specifikace<\/th>\n<th>Hodnota<\/th>\n<\/tr>\n<\/thead>\n<tbody>\n<tr>\n<td>Nap\u00e1jen\u00ed<\/td>\n<td>+5\u202612 V z extern\u00edho zdroje nap\u00e1jen\u00ed nebo z\u00e1suvky regul\u00e1toru<\/td>\n<\/tr>\n<tr>\n<td>Odeb\u00edran\u00fd proud<\/td>\n<td>0,15 A<\/td>\n<\/tr>\n<tr>\n<td>Stupe\u0148 ochrany<\/td>\n<td>IP 20<\/td>\n<\/tr>\n<tr>\n<td>Teplota (pr\u00e1ce \/ skladov\u00e1n\u00ed)<\/td>\n<td>0\u202650 \u00b0C \/ 0\u202665 \u00b0C<\/td>\n<\/tr>\n<tr>\n<td>Rozsah m\u011b\u0159en\u00ed \/ regulace teploty<\/td>\n<td>0\u202650 \u00b0C \/ 5\u202635 \u00b0C<\/td>\n<\/tr>\n<tr>\n<td>Hystereze<\/td>\n<td>0,2\u20265 \u00b0C<\/td>\n<\/tr>\n<tr>\n<td>Relativn\u00ed vlhkost<\/td>\n<td>5\u202685 %, bez kondenzace vodn\u00edch par<\/td>\n<\/tr>\n<tr>\n<td>Displej<\/td>\n<td>Grafick\u00fd, dotykov\u00fd, 480\u00d7272 px<\/td>\n<\/tr>\n<tr>\n<td>Rozm\u011bry<\/td>\n<td>144\u00d797\u00d720 mm<\/td>\n<\/tr>\n<tr>\n<td>Hmotnost<\/td>\n<td>0,2 kg<\/td>\n<\/tr>\n<tr>\n<td>Normy<\/td>\n<td>PN-EN 60730-2-9, PN-EN 60730-1<\/td>\n<\/tr>\n<tr>\n<td>Softwarov\u00e1 t\u0159\u00edda<\/td>\n<td>A<\/td>\n<\/tr>\n<tr>\n<td>Zp\u016fsob mont\u00e1\u017ee<\/td>\n<td>N\u00e1st\u011bnn\u00e1 nebo stojac\u00ed<\/td>\n<\/tr>\n<\/tbody>\n<\/table><\/div>\n<div class=\"ProductDetailContent\">                                                                    <\/div>\n<\/p><\/div>\n<\/p><\/div>\n<\/p><\/div>\n","protected":false},"excerpt":{"rendered":"<p>Popis produktu Blaze Harmony D\u00e1lkov\u00e9 ovl\u00e1d\u00e1n\u00ed ecoSTER90 Touch D\u00e1lkov\u00e9 ovl\u00e1d\u00e1n\u00ed s funkc\u00ed pokojov\u00e9ho termostatu (dotykov\u00fd display). Tento syst\u00e9m zaji\u0161\u0165uje obousm\u011brnou komunikaci mezi \u0159\u00eddic\u00ed jednotkou kotle a termostatem ecoSTER 90, d\u00edky \u010demu\u017e m\u016f\u017eete pohodln\u011b sledovat i ovl\u00e1dat funkce kotle p\u0159\u00edmo z m\u00edstnosti. Nab\u00edz\u00ed vysok\u00fd tepeln\u00fd komfort a p\u0159esn\u00e9 \u0159\u00edzen\u00ed cel\u00e9ho topn\u00e9ho syst\u00e9mu. Pou\u017e\u00edv\u00e1n\u00edm termostatu ecoSTER 90 [&hellip;]<\/p>\n","protected":false},"featured_media":12075,"comment_status":"open","ping_status":"open","template":"","meta":[],"product_brand":[],"product_cat":[79],"product_tag":[],"class_list":{"0":"post-11975","1":"product","2":"type-product","3":"status-publish","4":"has-post-thumbnail","6":"product_cat-topeni","8":"first","9":"instock","10":"sale","11":"shipping-taxable","12":"purchasable","13":"product-type-simple"},"yoast_head":"<!-- This site is optimized with the Yoast SEO plugin v26.8 - https:\/\/yoast.com\/product\/yoast-seo-wordpress\/ -->\n<title>Super Cena Blaze Harmony D\u00e1lkov\u00e9 ovl\u00e1d\u00e1n\u00ed ecoSTER90 Touch -<\/title>\n<meta name=\"robots\" content=\"index, follow, max-snippet:-1, max-image-preview:large, max-video-preview:-1\" \/>\n<link rel=\"canonical\" href=\"https:\/\/www.koupeltech.com\/index.php\/produkt\/super-cena-blaze-harmony-dalkove-ovladani-ecoster90-touch-11975\/\" \/>\n<meta property=\"og:locale\" content=\"cs_CZ\" \/>\n<meta property=\"og:type\" content=\"article\" \/>\n<meta property=\"og:title\" content=\"Super Cena Blaze Harmony D\u00e1lkov\u00e9 ovl\u00e1d\u00e1n\u00ed ecoSTER90 Touch -\" \/>\n<meta property=\"og:description\" content=\"Popis produktu Blaze Harmony D\u00e1lkov\u00e9 ovl\u00e1d\u00e1n\u00ed ecoSTER90 Touch D\u00e1lkov\u00e9 ovl\u00e1d\u00e1n\u00ed s funkc\u00ed pokojov\u00e9ho termostatu (dotykov\u00fd display). Tento syst\u00e9m zaji\u0161\u0165uje obousm\u011brnou komunikaci mezi \u0159\u00eddic\u00ed jednotkou kotle a termostatem ecoSTER 90, d\u00edky \u010demu\u017e m\u016f\u017eete pohodln\u011b sledovat i ovl\u00e1dat funkce kotle p\u0159\u00edmo z m\u00edstnosti. Nab\u00edz\u00ed vysok\u00fd tepeln\u00fd komfort a p\u0159esn\u00e9 \u0159\u00edzen\u00ed cel\u00e9ho topn\u00e9ho syst\u00e9mu. Pou\u017e\u00edv\u00e1n\u00edm termostatu ecoSTER 90 [&hellip;]\" \/>\n<meta property=\"og:url\" content=\"https:\/\/www.koupeltech.com\/index.php\/produkt\/super-cena-blaze-harmony-dalkove-ovladani-ecoster90-touch-11975\/\" \/>\n<meta property=\"og:image\" content=\"https:\/\/www.koupeltech.com\/wp-content\/uploads\/2026\/SK0023300-CZ20260425-092632-0-1777080397-blaze-harmony-dalkove-ovladani-ecoster90-touch-995407.webp\" \/>\n\t<meta property=\"og:image:width\" content=\"600\" \/>\n\t<meta property=\"og:image:height\" content=\"390\" \/>\n\t<meta property=\"og:image:type\" content=\"image\/webp\" \/>\n<meta name=\"twitter:card\" content=\"summary_large_image\" \/>\n<meta name=\"twitter:label1\" content=\"Odhadovan\u00e1 doba \u010dten\u00ed\" \/>\n\t<meta name=\"twitter:data1\" content=\"1 minuta\" \/>\n<script type=\"application\/ld+json\" class=\"yoast-schema-graph\">{\"@context\":\"https:\/\/schema.org\",\"@graph\":[{\"@type\":\"WebPage\",\"@id\":\"https:\/\/www.koupeltech.com\/index.php\/produkt\/super-cena-blaze-harmony-dalkove-ovladani-ecoster90-touch-11975\/\",\"url\":\"https:\/\/www.koupeltech.com\/index.php\/produkt\/super-cena-blaze-harmony-dalkove-ovladani-ecoster90-touch-11975\/\",\"name\":\"Super Cena Blaze Harmony D\u00e1lkov\u00e9 ovl\u00e1d\u00e1n\u00ed ecoSTER90 Touch -\",\"isPartOf\":{\"@id\":\"https:\/\/www.koupeltech.com\/#website\"},\"primaryImageOfPage\":{\"@id\":\"https:\/\/www.koupeltech.com\/index.php\/produkt\/super-cena-blaze-harmony-dalkove-ovladani-ecoster90-touch-11975\/#primaryimage\"},\"image\":{\"@id\":\"https:\/\/www.koupeltech.com\/index.php\/produkt\/super-cena-blaze-harmony-dalkove-ovladani-ecoster90-touch-11975\/#primaryimage\"},\"thumbnailUrl\":\"https:\/\/www.koupeltech.com\/wp-content\/uploads\/2026\/SK0023300-CZ20260425-092632-0-1777080397-blaze-harmony-dalkove-ovladani-ecoster90-touch-995407.webp\",\"datePublished\":\"2026-04-27T13:57:33+00:00\",\"breadcrumb\":{\"@id\":\"https:\/\/www.koupeltech.com\/index.php\/produkt\/super-cena-blaze-harmony-dalkove-ovladani-ecoster90-touch-11975\/#breadcrumb\"},\"inLanguage\":\"cs\",\"potentialAction\":[{\"@type\":\"ReadAction\",\"target\":[\"https:\/\/www.koupeltech.com\/index.php\/produkt\/super-cena-blaze-harmony-dalkove-ovladani-ecoster90-touch-11975\/\"]}]},{\"@type\":\"ImageObject\",\"inLanguage\":\"cs\",\"@id\":\"https:\/\/www.koupeltech.com\/index.php\/produkt\/super-cena-blaze-harmony-dalkove-ovladani-ecoster90-touch-11975\/#primaryimage\",\"url\":\"https:\/\/www.koupeltech.com\/wp-content\/uploads\/2026\/SK0023300-CZ20260425-092632-0-1777080397-blaze-harmony-dalkove-ovladani-ecoster90-touch-995407.webp\",\"contentUrl\":\"https:\/\/www.koupeltech.com\/wp-content\/uploads\/2026\/SK0023300-CZ20260425-092632-0-1777080397-blaze-harmony-dalkove-ovladani-ecoster90-touch-995407.webp\",\"width\":600,\"height\":390},{\"@type\":\"BreadcrumbList\",\"@id\":\"https:\/\/www.koupeltech.com\/index.php\/produkt\/super-cena-blaze-harmony-dalkove-ovladani-ecoster90-touch-11975\/#breadcrumb\",\"itemListElement\":[{\"@type\":\"ListItem\",\"position\":1,\"name\":\"Home\",\"item\":\"https:\/\/www.koupeltech.com\/\"},{\"@type\":\"ListItem\",\"position\":2,\"name\":\"Products\",\"item\":\"https:\/\/www.koupeltech.com\/index.php\/products\/\"},{\"@type\":\"ListItem\",\"position\":3,\"name\":\"Super Cena Blaze Harmony D\u00e1lkov\u00e9 ovl\u00e1d\u00e1n\u00ed ecoSTER90 Touch\"}]},{\"@type\":\"WebSite\",\"@id\":\"https:\/\/www.koupeltech.com\/#website\",\"url\":\"https:\/\/www.koupeltech.com\/\",\"name\":\"\",\"description\":\"\",\"potentialAction\":[{\"@type\":\"SearchAction\",\"target\":{\"@type\":\"EntryPoint\",\"urlTemplate\":\"https:\/\/www.koupeltech.com\/?s={search_term_string}\"},\"query-input\":{\"@type\":\"PropertyValueSpecification\",\"valueRequired\":true,\"valueName\":\"search_term_string\"}}],\"inLanguage\":\"cs\"}]}<\/script>\n<!-- \/ Yoast SEO plugin. -->","yoast_head_json":{"title":"Super Cena Blaze Harmony D\u00e1lkov\u00e9 ovl\u00e1d\u00e1n\u00ed ecoSTER90 Touch -","robots":{"index":"index","follow":"follow","max-snippet":"max-snippet:-1","max-image-preview":"max-image-preview:large","max-video-preview":"max-video-preview:-1"},"canonical":"https:\/\/www.koupeltech.com\/index.php\/produkt\/super-cena-blaze-harmony-dalkove-ovladani-ecoster90-touch-11975\/","og_locale":"cs_CZ","og_type":"article","og_title":"Super Cena Blaze Harmony D\u00e1lkov\u00e9 ovl\u00e1d\u00e1n\u00ed ecoSTER90 Touch -","og_description":"Popis produktu Blaze Harmony D\u00e1lkov\u00e9 ovl\u00e1d\u00e1n\u00ed ecoSTER90 Touch D\u00e1lkov\u00e9 ovl\u00e1d\u00e1n\u00ed s funkc\u00ed pokojov\u00e9ho termostatu (dotykov\u00fd display). Tento syst\u00e9m zaji\u0161\u0165uje obousm\u011brnou komunikaci mezi \u0159\u00eddic\u00ed jednotkou kotle a termostatem ecoSTER 90, d\u00edky \u010demu\u017e m\u016f\u017eete pohodln\u011b sledovat i ovl\u00e1dat funkce kotle p\u0159\u00edmo z m\u00edstnosti. Nab\u00edz\u00ed vysok\u00fd tepeln\u00fd komfort a p\u0159esn\u00e9 \u0159\u00edzen\u00ed cel\u00e9ho topn\u00e9ho syst\u00e9mu. Pou\u017e\u00edv\u00e1n\u00edm termostatu ecoSTER 90 [&hellip;]","og_url":"https:\/\/www.koupeltech.com\/index.php\/produkt\/super-cena-blaze-harmony-dalkove-ovladani-ecoster90-touch-11975\/","og_image":[{"width":600,"height":390,"url":"https:\/\/www.koupeltech.com\/wp-content\/uploads\/2026\/SK0023300-CZ20260425-092632-0-1777080397-blaze-harmony-dalkove-ovladani-ecoster90-touch-995407.webp","type":"image\/webp"}],"twitter_card":"summary_large_image","twitter_misc":{"Odhadovan\u00e1 doba \u010dten\u00ed":"1 minuta"},"schema":{"@context":"https:\/\/schema.org","@graph":[{"@type":"WebPage","@id":"https:\/\/www.koupeltech.com\/index.php\/produkt\/super-cena-blaze-harmony-dalkove-ovladani-ecoster90-touch-11975\/","url":"https:\/\/www.koupeltech.com\/index.php\/produkt\/super-cena-blaze-harmony-dalkove-ovladani-ecoster90-touch-11975\/","name":"Super Cena Blaze Harmony D\u00e1lkov\u00e9 ovl\u00e1d\u00e1n\u00ed ecoSTER90 Touch -","isPartOf":{"@id":"https:\/\/www.koupeltech.com\/#website"},"primaryImageOfPage":{"@id":"https:\/\/www.koupeltech.com\/index.php\/produkt\/super-cena-blaze-harmony-dalkove-ovladani-ecoster90-touch-11975\/#primaryimage"},"image":{"@id":"https:\/\/www.koupeltech.com\/index.php\/produkt\/super-cena-blaze-harmony-dalkove-ovladani-ecoster90-touch-11975\/#primaryimage"},"thumbnailUrl":"https:\/\/www.koupeltech.com\/wp-content\/uploads\/2026\/SK0023300-CZ20260425-092632-0-1777080397-blaze-harmony-dalkove-ovladani-ecoster90-touch-995407.webp","datePublished":"2026-04-27T13:57:33+00:00","breadcrumb":{"@id":"https:\/\/www.koupeltech.com\/index.php\/produkt\/super-cena-blaze-harmony-dalkove-ovladani-ecoster90-touch-11975\/#breadcrumb"},"inLanguage":"cs","potentialAction":[{"@type":"ReadAction","target":["https:\/\/www.koupeltech.com\/index.php\/produkt\/super-cena-blaze-harmony-dalkove-ovladani-ecoster90-touch-11975\/"]}]},{"@type":"ImageObject","inLanguage":"cs","@id":"https:\/\/www.koupeltech.com\/index.php\/produkt\/super-cena-blaze-harmony-dalkove-ovladani-ecoster90-touch-11975\/#primaryimage","url":"https:\/\/www.koupeltech.com\/wp-content\/uploads\/2026\/SK0023300-CZ20260425-092632-0-1777080397-blaze-harmony-dalkove-ovladani-ecoster90-touch-995407.webp","contentUrl":"https:\/\/www.koupeltech.com\/wp-content\/uploads\/2026\/SK0023300-CZ20260425-092632-0-1777080397-blaze-harmony-dalkove-ovladani-ecoster90-touch-995407.webp","width":600,"height":390},{"@type":"BreadcrumbList","@id":"https:\/\/www.koupeltech.com\/index.php\/produkt\/super-cena-blaze-harmony-dalkove-ovladani-ecoster90-touch-11975\/#breadcrumb","itemListElement":[{"@type":"ListItem","position":1,"name":"Home","item":"https:\/\/www.koupeltech.com\/"},{"@type":"ListItem","position":2,"name":"Products","item":"https:\/\/www.koupeltech.com\/index.php\/products\/"},{"@type":"ListItem","position":3,"name":"Super Cena Blaze Harmony D\u00e1lkov\u00e9 ovl\u00e1d\u00e1n\u00ed ecoSTER90 Touch"}]},{"@type":"WebSite","@id":"https:\/\/www.koupeltech.com\/#website","url":"https:\/\/www.koupeltech.com\/","name":"","description":"","potentialAction":[{"@type":"SearchAction","target":{"@type":"EntryPoint","urlTemplate":"https:\/\/www.koupeltech.com\/?s={search_term_string}"},"query-input":{"@type":"PropertyValueSpecification","valueRequired":true,"valueName":"search_term_string"}}],"inLanguage":"cs"}]}},"_links":{"self":[{"href":"https:\/\/www.koupeltech.com\/index.php\/wp-json\/wp\/v2\/product\/11975","targetHints":{"allow":["GET"]}}],"collection":[{"href":"https:\/\/www.koupeltech.com\/index.php\/wp-json\/wp\/v2\/product"}],"about":[{"href":"https:\/\/www.koupeltech.com\/index.php\/wp-json\/wp\/v2\/types\/product"}],"replies":[{"embeddable":true,"href":"https:\/\/www.koupeltech.com\/index.php\/wp-json\/wp\/v2\/comments?post=11975"}],"wp:featuredmedia":[{"embeddable":true,"href":"https:\/\/www.koupeltech.com\/index.php\/wp-json\/wp\/v2\/media\/12075"}],"wp:attachment":[{"href":"https:\/\/www.koupeltech.com\/index.php\/wp-json\/wp\/v2\/media?parent=11975"}],"wp:term":[{"taxonomy":"product_brand","embeddable":true,"href":"https:\/\/www.koupeltech.com\/index.php\/wp-json\/wp\/v2\/product_brand?post=11975"},{"taxonomy":"product_cat","embeddable":true,"href":"https:\/\/www.koupeltech.com\/index.php\/wp-json\/wp\/v2\/product_cat?post=11975"},{"taxonomy":"product_tag","embeddable":true,"href":"https:\/\/www.koupeltech.com\/index.php\/wp-json\/wp\/v2\/product_tag?post=11975"}],"curies":[{"name":"wp","href":"https:\/\/api.w.org\/{rel}","templated":true}]}}