{"id":11977,"date":"2026-04-27T13:57:33","date_gmt":"2026-04-27T13:57:33","guid":{"rendered":""},"modified":"2026-04-27T13:57:33","modified_gmt":"2026-04-27T13:57:33","slug":"blaze-harmony-dalkove-ovladani-ecoster40-horka-nabidka-11977","status":"publish","type":"product","link":"https:\/\/www.koupeltech.com\/index.php\/produkt\/blaze-harmony-dalkove-ovladani-ecoster40-horka-nabidka-11977\/","title":{"rendered":"Blaze Harmony D\u00e1lkov\u00e9 ovl\u00e1d\u00e1n\u00ed ecoSTER40 Hork\u00e1 Nab\u00eddka"},"content":{"rendered":"<div class=\"ProductDetail-content NoFixImageContainer\" id=\"productDescription\">\n<div class=\"Heading\">\n<h2 class=\"Heading-title\">Popis produktu <span class=''>Blaze Harmony D\u00e1lkov\u00e9 ovl\u00e1d\u00e1n\u00ed ecoSTER40<\/span><\/h2>\n<\/p><\/div>\n<div class=\"ProductDetailContent\">\n<p>D\u00e1lkov\u00e9 ovl\u00e1d\u00e1n\u00ed s funkc\u00ed pokojov\u00e9ho termostatu v barv\u011b b\u00edl\u00e9.<\/p>\n<\/p><\/div>\n<div class=\"ProductDetailContent\">                                                                    <\/div>\n<\/p><\/div>\n<\/p><\/div>\n<\/p><\/div>\n","protected":false},"excerpt":{"rendered":"<p>Popis produktu Blaze Harmony D\u00e1lkov\u00e9 ovl\u00e1d\u00e1n\u00ed ecoSTER40 D\u00e1lkov\u00e9 ovl\u00e1d\u00e1n\u00ed s funkc\u00ed pokojov\u00e9ho termostatu v barv\u011b b\u00edl\u00e9.<\/p>\n","protected":false},"featured_media":12077,"comment_status":"open","ping_status":"open","template":"","meta":[],"product_brand":[],"product_cat":[79],"product_tag":[],"class_list":{"0":"post-11977","1":"product","2":"type-product","3":"status-publish","4":"has-post-thumbnail","6":"product_cat-topeni","8":"first","9":"instock","10":"sale","11":"shipping-taxable","12":"purchasable","13":"product-type-simple"},"yoast_head":"<!-- This site is optimized with the Yoast SEO plugin v26.8 - https:\/\/yoast.com\/product\/yoast-seo-wordpress\/ -->\n<title>Blaze Harmony D\u00e1lkov\u00e9 ovl\u00e1d\u00e1n\u00ed ecoSTER40 Hork\u00e1 Nab\u00eddka -<\/title>\n<meta name=\"robots\" content=\"index, follow, max-snippet:-1, max-image-preview:large, max-video-preview:-1\" \/>\n<link rel=\"canonical\" href=\"https:\/\/www.koupeltech.com\/index.php\/produkt\/blaze-harmony-dalkove-ovladani-ecoster40-horka-nabidka-11977\/\" \/>\n<meta property=\"og:locale\" content=\"cs_CZ\" \/>\n<meta property=\"og:type\" content=\"article\" \/>\n<meta property=\"og:title\" content=\"Blaze Harmony D\u00e1lkov\u00e9 ovl\u00e1d\u00e1n\u00ed ecoSTER40 Hork\u00e1 Nab\u00eddka -\" \/>\n<meta property=\"og:description\" content=\"Popis produktu Blaze Harmony D\u00e1lkov\u00e9 ovl\u00e1d\u00e1n\u00ed ecoSTER40 D\u00e1lkov\u00e9 ovl\u00e1d\u00e1n\u00ed s funkc\u00ed pokojov\u00e9ho termostatu v barv\u011b b\u00edl\u00e9.\" \/>\n<meta property=\"og:url\" content=\"https:\/\/www.koupeltech.com\/index.php\/produkt\/blaze-harmony-dalkove-ovladani-ecoster40-horka-nabidka-11977\/\" \/>\n<meta property=\"og:image\" content=\"https:\/\/www.koupeltech.com\/wp-content\/uploads\/2026\/SK0023302-CZ20260425-092632-0-1777080397-blaze-harmony-dalkove-ovladani-ecoster40-995408.webp\" \/>\n\t<meta property=\"og:image:width\" content=\"600\" \/>\n\t<meta property=\"og:image:height\" content=\"600\" \/>\n\t<meta property=\"og:image:type\" content=\"image\/webp\" \/>\n<meta name=\"twitter:card\" content=\"summary_large_image\" \/>\n<script type=\"application\/ld+json\" class=\"yoast-schema-graph\">{\"@context\":\"https:\/\/schema.org\",\"@graph\":[{\"@type\":\"WebPage\",\"@id\":\"https:\/\/www.koupeltech.com\/index.php\/produkt\/blaze-harmony-dalkove-ovladani-ecoster40-horka-nabidka-11977\/\",\"url\":\"https:\/\/www.koupeltech.com\/index.php\/produkt\/blaze-harmony-dalkove-ovladani-ecoster40-horka-nabidka-11977\/\",\"name\":\"Blaze Harmony D\u00e1lkov\u00e9 ovl\u00e1d\u00e1n\u00ed ecoSTER40 Hork\u00e1 Nab\u00eddka -\",\"isPartOf\":{\"@id\":\"https:\/\/www.koupeltech.com\/#website\"},\"primaryImageOfPage\":{\"@id\":\"https:\/\/www.koupeltech.com\/index.php\/produkt\/blaze-harmony-dalkove-ovladani-ecoster40-horka-nabidka-11977\/#primaryimage\"},\"image\":{\"@id\":\"https:\/\/www.koupeltech.com\/index.php\/produkt\/blaze-harmony-dalkove-ovladani-ecoster40-horka-nabidka-11977\/#primaryimage\"},\"thumbnailUrl\":\"https:\/\/www.koupeltech.com\/wp-content\/uploads\/2026\/SK0023302-CZ20260425-092632-0-1777080397-blaze-harmony-dalkove-ovladani-ecoster40-995408.webp\",\"datePublished\":\"2026-04-27T13:57:33+00:00\",\"breadcrumb\":{\"@id\":\"https:\/\/www.koupeltech.com\/index.php\/produkt\/blaze-harmony-dalkove-ovladani-ecoster40-horka-nabidka-11977\/#breadcrumb\"},\"inLanguage\":\"cs\",\"potentialAction\":[{\"@type\":\"ReadAction\",\"target\":[\"https:\/\/www.koupeltech.com\/index.php\/produkt\/blaze-harmony-dalkove-ovladani-ecoster40-horka-nabidka-11977\/\"]}]},{\"@type\":\"ImageObject\",\"inLanguage\":\"cs\",\"@id\":\"https:\/\/www.koupeltech.com\/index.php\/produkt\/blaze-harmony-dalkove-ovladani-ecoster40-horka-nabidka-11977\/#primaryimage\",\"url\":\"https:\/\/www.koupeltech.com\/wp-content\/uploads\/2026\/SK0023302-CZ20260425-092632-0-1777080397-blaze-harmony-dalkove-ovladani-ecoster40-995408.webp\",\"contentUrl\":\"https:\/\/www.koupeltech.com\/wp-content\/uploads\/2026\/SK0023302-CZ20260425-092632-0-1777080397-blaze-harmony-dalkove-ovladani-ecoster40-995408.webp\",\"width\":600,\"height\":600},{\"@type\":\"BreadcrumbList\",\"@id\":\"https:\/\/www.koupeltech.com\/index.php\/produkt\/blaze-harmony-dalkove-ovladani-ecoster40-horka-nabidka-11977\/#breadcrumb\",\"itemListElement\":[{\"@type\":\"ListItem\",\"position\":1,\"name\":\"Home\",\"item\":\"https:\/\/www.koupeltech.com\/\"},{\"@type\":\"ListItem\",\"position\":2,\"name\":\"Products\",\"item\":\"https:\/\/www.koupeltech.com\/index.php\/products\/\"},{\"@type\":\"ListItem\",\"position\":3,\"name\":\"Blaze Harmony D\u00e1lkov\u00e9 ovl\u00e1d\u00e1n\u00ed ecoSTER40 Hork\u00e1 Nab\u00eddka\"}]},{\"@type\":\"WebSite\",\"@id\":\"https:\/\/www.koupeltech.com\/#website\",\"url\":\"https:\/\/www.koupeltech.com\/\",\"name\":\"\",\"description\":\"\",\"potentialAction\":[{\"@type\":\"SearchAction\",\"target\":{\"@type\":\"EntryPoint\",\"urlTemplate\":\"https:\/\/www.koupeltech.com\/?s={search_term_string}\"},\"query-input\":{\"@type\":\"PropertyValueSpecification\",\"valueRequired\":true,\"valueName\":\"search_term_string\"}}],\"inLanguage\":\"cs\"}]}<\/script>\n<!-- \/ Yoast SEO plugin. -->","yoast_head_json":{"title":"Blaze Harmony D\u00e1lkov\u00e9 ovl\u00e1d\u00e1n\u00ed ecoSTER40 Hork\u00e1 Nab\u00eddka -","robots":{"index":"index","follow":"follow","max-snippet":"max-snippet:-1","max-image-preview":"max-image-preview:large","max-video-preview":"max-video-preview:-1"},"canonical":"https:\/\/www.koupeltech.com\/index.php\/produkt\/blaze-harmony-dalkove-ovladani-ecoster40-horka-nabidka-11977\/","og_locale":"cs_CZ","og_type":"article","og_title":"Blaze Harmony D\u00e1lkov\u00e9 ovl\u00e1d\u00e1n\u00ed ecoSTER40 Hork\u00e1 Nab\u00eddka -","og_description":"Popis produktu Blaze Harmony D\u00e1lkov\u00e9 ovl\u00e1d\u00e1n\u00ed ecoSTER40 D\u00e1lkov\u00e9 ovl\u00e1d\u00e1n\u00ed s funkc\u00ed pokojov\u00e9ho termostatu v barv\u011b b\u00edl\u00e9.","og_url":"https:\/\/www.koupeltech.com\/index.php\/produkt\/blaze-harmony-dalkove-ovladani-ecoster40-horka-nabidka-11977\/","og_image":[{"width":600,"height":600,"url":"https:\/\/www.koupeltech.com\/wp-content\/uploads\/2026\/SK0023302-CZ20260425-092632-0-1777080397-blaze-harmony-dalkove-ovladani-ecoster40-995408.webp","type":"image\/webp"}],"twitter_card":"summary_large_image","schema":{"@context":"https:\/\/schema.org","@graph":[{"@type":"WebPage","@id":"https:\/\/www.koupeltech.com\/index.php\/produkt\/blaze-harmony-dalkove-ovladani-ecoster40-horka-nabidka-11977\/","url":"https:\/\/www.koupeltech.com\/index.php\/produkt\/blaze-harmony-dalkove-ovladani-ecoster40-horka-nabidka-11977\/","name":"Blaze Harmony D\u00e1lkov\u00e9 ovl\u00e1d\u00e1n\u00ed ecoSTER40 Hork\u00e1 Nab\u00eddka -","isPartOf":{"@id":"https:\/\/www.koupeltech.com\/#website"},"primaryImageOfPage":{"@id":"https:\/\/www.koupeltech.com\/index.php\/produkt\/blaze-harmony-dalkove-ovladani-ecoster40-horka-nabidka-11977\/#primaryimage"},"image":{"@id":"https:\/\/www.koupeltech.com\/index.php\/produkt\/blaze-harmony-dalkove-ovladani-ecoster40-horka-nabidka-11977\/#primaryimage"},"thumbnailUrl":"https:\/\/www.koupeltech.com\/wp-content\/uploads\/2026\/SK0023302-CZ20260425-092632-0-1777080397-blaze-harmony-dalkove-ovladani-ecoster40-995408.webp","datePublished":"2026-04-27T13:57:33+00:00","breadcrumb":{"@id":"https:\/\/www.koupeltech.com\/index.php\/produkt\/blaze-harmony-dalkove-ovladani-ecoster40-horka-nabidka-11977\/#breadcrumb"},"inLanguage":"cs","potentialAction":[{"@type":"ReadAction","target":["https:\/\/www.koupeltech.com\/index.php\/produkt\/blaze-harmony-dalkove-ovladani-ecoster40-horka-nabidka-11977\/"]}]},{"@type":"ImageObject","inLanguage":"cs","@id":"https:\/\/www.koupeltech.com\/index.php\/produkt\/blaze-harmony-dalkove-ovladani-ecoster40-horka-nabidka-11977\/#primaryimage","url":"https:\/\/www.koupeltech.com\/wp-content\/uploads\/2026\/SK0023302-CZ20260425-092632-0-1777080397-blaze-harmony-dalkove-ovladani-ecoster40-995408.webp","contentUrl":"https:\/\/www.koupeltech.com\/wp-content\/uploads\/2026\/SK0023302-CZ20260425-092632-0-1777080397-blaze-harmony-dalkove-ovladani-ecoster40-995408.webp","width":600,"height":600},{"@type":"BreadcrumbList","@id":"https:\/\/www.koupeltech.com\/index.php\/produkt\/blaze-harmony-dalkove-ovladani-ecoster40-horka-nabidka-11977\/#breadcrumb","itemListElement":[{"@type":"ListItem","position":1,"name":"Home","item":"https:\/\/www.koupeltech.com\/"},{"@type":"ListItem","position":2,"name":"Products","item":"https:\/\/www.koupeltech.com\/index.php\/products\/"},{"@type":"ListItem","position":3,"name":"Blaze Harmony D\u00e1lkov\u00e9 ovl\u00e1d\u00e1n\u00ed ecoSTER40 Hork\u00e1 Nab\u00eddka"}]},{"@type":"WebSite","@id":"https:\/\/www.koupeltech.com\/#website","url":"https:\/\/www.koupeltech.com\/","name":"","description":"","potentialAction":[{"@type":"SearchAction","target":{"@type":"EntryPoint","urlTemplate":"https:\/\/www.koupeltech.com\/?s={search_term_string}"},"query-input":{"@type":"PropertyValueSpecification","valueRequired":true,"valueName":"search_term_string"}}],"inLanguage":"cs"}]}},"_links":{"self":[{"href":"https:\/\/www.koupeltech.com\/index.php\/wp-json\/wp\/v2\/product\/11977","targetHints":{"allow":["GET"]}}],"collection":[{"href":"https:\/\/www.koupeltech.com\/index.php\/wp-json\/wp\/v2\/product"}],"about":[{"href":"https:\/\/www.koupeltech.com\/index.php\/wp-json\/wp\/v2\/types\/product"}],"replies":[{"embeddable":true,"href":"https:\/\/www.koupeltech.com\/index.php\/wp-json\/wp\/v2\/comments?post=11977"}],"wp:featuredmedia":[{"embeddable":true,"href":"https:\/\/www.koupeltech.com\/index.php\/wp-json\/wp\/v2\/media\/12077"}],"wp:attachment":[{"href":"https:\/\/www.koupeltech.com\/index.php\/wp-json\/wp\/v2\/media?parent=11977"}],"wp:term":[{"taxonomy":"product_brand","embeddable":true,"href":"https:\/\/www.koupeltech.com\/index.php\/wp-json\/wp\/v2\/product_brand?post=11977"},{"taxonomy":"product_cat","embeddable":true,"href":"https:\/\/www.koupeltech.com\/index.php\/wp-json\/wp\/v2\/product_cat?post=11977"},{"taxonomy":"product_tag","embeddable":true,"href":"https:\/\/www.koupeltech.com\/index.php\/wp-json\/wp\/v2\/product_tag?post=11977"}],"curies":[{"name":"wp","href":"https:\/\/api.w.org\/{rel}","templated":true}]}}