{"id":11979,"date":"2026-04-27T13:57:33","date_gmt":"2026-04-27T13:57:33","guid":{"rendered":""},"modified":"2026-04-27T13:57:33","modified_gmt":"2026-04-27T13:57:33","slug":"blaze-harmony-econet-300-nejprodavanejsi-11979","status":"publish","type":"product","link":"https:\/\/www.koupeltech.com\/index.php\/produkt\/blaze-harmony-econet-300-nejprodavanejsi-11979\/","title":{"rendered":"Blaze Harmony ecoNET 300 Nejprod\u00e1van\u011bj\u0161\u00ed"},"content":{"rendered":"<div class=\"ProductDetail-content NoFixImageContainer\" id=\"productDescription\">\n<div class=\"Heading\">\n<h2 class=\"Heading-title\">Popis produktu <span class=''>Blaze Harmony ecoNET 300<\/span><\/h2>\n<\/p><\/div>\n<div class=\"ProductDetailContent\">\n<p><strong>Internetov\u00fd modul umo\u017e\u0148uje vzd\u00e1lenou spr\u00e1vu a dohled nad provozem kotle, sol\u00e1rn\u00ed instalace, tepeln\u00fdch \u010derpadel a v\u011btrac\u00edch syst\u00e9m\u016f prost\u0159ednictv\u00edm s\u00edt\u011b WWW \/ Wi-Fi nebo m\u00edstn\u00ed LAN.<\/strong>&nbsp;U\u017eivatel \u010di servisn\u00ed technik m\u016f\u017ee pomoc\u00ed po\u010d\u00edta\u010de, tabletu nebo mobiln\u00edho telefonu snadno monitorovat provoz za\u0159\u00edzen\u00ed a upravovat parametry regul\u00e1toru.<\/p>\n<h3>Hlavn\u00ed vlastnosti:<\/h3>\n<ul>\n<li>P\u0159ipojen\u00ed k extern\u00edmu serveru <strong>www.econet24.com<\/strong><\/li>\n<li>pro vzd\u00e1len\u00fd p\u0159\u00edstup p\u0159es internet.<\/li>\n<li>Obsluha p\u0159es bezdr\u00e1tovou s\u00ed\u0165 <strong>Wi-Fi<\/strong> nebo pomoc\u00ed kabelov\u00e9ho p\u0159ipojen\u00ed modulu ecoNET300 k routeru.<\/li>\n<li>P\u0159ehledn\u00e9 zobrazen\u00ed aktu\u00e1ln\u00edch provozn\u00edch parametr\u016f v intuitivn\u00edch informa\u010dn\u00edch oknech.<\/li>\n<li>Vizualizace instalace prost\u0159ednictv\u00edm <strong>p\u0159ehledn\u00e9ho hydraulick\u00e9ho sch\u00e9matu<\/strong> a zobrazen\u00ed stavu \u010dinnosti.<\/li>\n<li>Mo\u017enost zobrazen\u00ed i zm\u011bny v\u011bt\u0161iny u\u017eivatelsk\u00fdch i servisn\u00edch parametr\u016f regul\u00e1toru.<\/li>\n<li>Registrace kl\u00ed\u010dov\u00fdch provozn\u00edch parametr\u016f a alarmov\u00fdch stav\u016f, s mo\u017enost\u00ed <strong>upozorn\u011bn\u00ed e-mailem<\/strong> na vzniklou poruchu \u010di alarm.<\/li>\n<\/ul><\/div>\n<div class=\"ProductDetailContent\">                                                                    <\/div>\n<\/p><\/div>\n<\/p><\/div>\n<\/p><\/div>\n","protected":false},"excerpt":{"rendered":"<p>Popis produktu Blaze Harmony ecoNET 300 Internetov\u00fd modul umo\u017e\u0148uje vzd\u00e1lenou spr\u00e1vu a dohled nad provozem kotle, sol\u00e1rn\u00ed instalace, tepeln\u00fdch \u010derpadel a v\u011btrac\u00edch syst\u00e9m\u016f prost\u0159ednictv\u00edm s\u00edt\u011b WWW \/ Wi-Fi nebo m\u00edstn\u00ed LAN.&nbsp;U\u017eivatel \u010di servisn\u00ed technik m\u016f\u017ee pomoc\u00ed po\u010d\u00edta\u010de, tabletu nebo mobiln\u00edho telefonu snadno monitorovat provoz za\u0159\u00edzen\u00ed a upravovat parametry regul\u00e1toru. Hlavn\u00ed vlastnosti: P\u0159ipojen\u00ed k extern\u00edmu serveru [&hellip;]<\/p>\n","protected":false},"featured_media":12079,"comment_status":"open","ping_status":"open","template":"","meta":[],"product_brand":[],"product_cat":[79],"product_tag":[],"class_list":{"0":"post-11979","1":"product","2":"type-product","3":"status-publish","4":"has-post-thumbnail","6":"product_cat-topeni","8":"first","9":"instock","10":"sale","11":"shipping-taxable","12":"purchasable","13":"product-type-simple"},"yoast_head":"<!-- This site is optimized with the Yoast SEO plugin v26.8 - https:\/\/yoast.com\/product\/yoast-seo-wordpress\/ -->\n<title>Blaze Harmony ecoNET 300 Nejprod\u00e1van\u011bj\u0161\u00ed -<\/title>\n<meta name=\"robots\" content=\"index, follow, max-snippet:-1, max-image-preview:large, max-video-preview:-1\" \/>\n<link rel=\"canonical\" href=\"https:\/\/www.koupeltech.com\/index.php\/produkt\/blaze-harmony-econet-300-nejprodavanejsi-11979\/\" \/>\n<meta property=\"og:locale\" content=\"cs_CZ\" \/>\n<meta property=\"og:type\" content=\"article\" \/>\n<meta property=\"og:title\" content=\"Blaze Harmony ecoNET 300 Nejprod\u00e1van\u011bj\u0161\u00ed -\" \/>\n<meta property=\"og:description\" content=\"Popis produktu Blaze Harmony ecoNET 300 Internetov\u00fd modul umo\u017e\u0148uje vzd\u00e1lenou spr\u00e1vu a dohled nad provozem kotle, sol\u00e1rn\u00ed instalace, tepeln\u00fdch \u010derpadel a v\u011btrac\u00edch syst\u00e9m\u016f prost\u0159ednictv\u00edm s\u00edt\u011b WWW \/ Wi-Fi nebo m\u00edstn\u00ed LAN.&nbsp;U\u017eivatel \u010di servisn\u00ed technik m\u016f\u017ee pomoc\u00ed po\u010d\u00edta\u010de, tabletu nebo mobiln\u00edho telefonu snadno monitorovat provoz za\u0159\u00edzen\u00ed a upravovat parametry regul\u00e1toru. Hlavn\u00ed vlastnosti: P\u0159ipojen\u00ed k extern\u00edmu serveru [&hellip;]\" \/>\n<meta property=\"og:url\" content=\"https:\/\/www.koupeltech.com\/index.php\/produkt\/blaze-harmony-econet-300-nejprodavanejsi-11979\/\" \/>\n<meta property=\"og:image\" content=\"https:\/\/www.koupeltech.com\/wp-content\/uploads\/2026\/SK0023304-CZ20260425-092632-0-1777080397-blaze-harmony-econet-300-1115013.webp\" \/>\n\t<meta property=\"og:image:width\" content=\"600\" \/>\n\t<meta property=\"og:image:height\" content=\"600\" \/>\n\t<meta property=\"og:image:type\" content=\"image\/webp\" \/>\n<meta name=\"twitter:card\" content=\"summary_large_image\" \/>\n<meta name=\"twitter:label1\" content=\"Odhadovan\u00e1 doba \u010dten\u00ed\" \/>\n\t<meta name=\"twitter:data1\" content=\"1 minuta\" \/>\n<script type=\"application\/ld+json\" class=\"yoast-schema-graph\">{\"@context\":\"https:\/\/schema.org\",\"@graph\":[{\"@type\":\"WebPage\",\"@id\":\"https:\/\/www.koupeltech.com\/index.php\/produkt\/blaze-harmony-econet-300-nejprodavanejsi-11979\/\",\"url\":\"https:\/\/www.koupeltech.com\/index.php\/produkt\/blaze-harmony-econet-300-nejprodavanejsi-11979\/\",\"name\":\"Blaze Harmony ecoNET 300 Nejprod\u00e1van\u011bj\u0161\u00ed -\",\"isPartOf\":{\"@id\":\"https:\/\/www.koupeltech.com\/#website\"},\"primaryImageOfPage\":{\"@id\":\"https:\/\/www.koupeltech.com\/index.php\/produkt\/blaze-harmony-econet-300-nejprodavanejsi-11979\/#primaryimage\"},\"image\":{\"@id\":\"https:\/\/www.koupeltech.com\/index.php\/produkt\/blaze-harmony-econet-300-nejprodavanejsi-11979\/#primaryimage\"},\"thumbnailUrl\":\"https:\/\/www.koupeltech.com\/wp-content\/uploads\/2026\/SK0023304-CZ20260425-092632-0-1777080397-blaze-harmony-econet-300-1115013.webp\",\"datePublished\":\"2026-04-27T13:57:33+00:00\",\"breadcrumb\":{\"@id\":\"https:\/\/www.koupeltech.com\/index.php\/produkt\/blaze-harmony-econet-300-nejprodavanejsi-11979\/#breadcrumb\"},\"inLanguage\":\"cs\",\"potentialAction\":[{\"@type\":\"ReadAction\",\"target\":[\"https:\/\/www.koupeltech.com\/index.php\/produkt\/blaze-harmony-econet-300-nejprodavanejsi-11979\/\"]}]},{\"@type\":\"ImageObject\",\"inLanguage\":\"cs\",\"@id\":\"https:\/\/www.koupeltech.com\/index.php\/produkt\/blaze-harmony-econet-300-nejprodavanejsi-11979\/#primaryimage\",\"url\":\"https:\/\/www.koupeltech.com\/wp-content\/uploads\/2026\/SK0023304-CZ20260425-092632-0-1777080397-blaze-harmony-econet-300-1115013.webp\",\"contentUrl\":\"https:\/\/www.koupeltech.com\/wp-content\/uploads\/2026\/SK0023304-CZ20260425-092632-0-1777080397-blaze-harmony-econet-300-1115013.webp\",\"width\":600,\"height\":600},{\"@type\":\"BreadcrumbList\",\"@id\":\"https:\/\/www.koupeltech.com\/index.php\/produkt\/blaze-harmony-econet-300-nejprodavanejsi-11979\/#breadcrumb\",\"itemListElement\":[{\"@type\":\"ListItem\",\"position\":1,\"name\":\"Home\",\"item\":\"https:\/\/www.koupeltech.com\/\"},{\"@type\":\"ListItem\",\"position\":2,\"name\":\"Products\",\"item\":\"https:\/\/www.koupeltech.com\/index.php\/products\/\"},{\"@type\":\"ListItem\",\"position\":3,\"name\":\"Blaze Harmony ecoNET 300 Nejprod\u00e1van\u011bj\u0161\u00ed\"}]},{\"@type\":\"WebSite\",\"@id\":\"https:\/\/www.koupeltech.com\/#website\",\"url\":\"https:\/\/www.koupeltech.com\/\",\"name\":\"\",\"description\":\"\",\"potentialAction\":[{\"@type\":\"SearchAction\",\"target\":{\"@type\":\"EntryPoint\",\"urlTemplate\":\"https:\/\/www.koupeltech.com\/?s={search_term_string}\"},\"query-input\":{\"@type\":\"PropertyValueSpecification\",\"valueRequired\":true,\"valueName\":\"search_term_string\"}}],\"inLanguage\":\"cs\"}]}<\/script>\n<!-- \/ Yoast SEO plugin. -->","yoast_head_json":{"title":"Blaze Harmony ecoNET 300 Nejprod\u00e1van\u011bj\u0161\u00ed -","robots":{"index":"index","follow":"follow","max-snippet":"max-snippet:-1","max-image-preview":"max-image-preview:large","max-video-preview":"max-video-preview:-1"},"canonical":"https:\/\/www.koupeltech.com\/index.php\/produkt\/blaze-harmony-econet-300-nejprodavanejsi-11979\/","og_locale":"cs_CZ","og_type":"article","og_title":"Blaze Harmony ecoNET 300 Nejprod\u00e1van\u011bj\u0161\u00ed -","og_description":"Popis produktu Blaze Harmony ecoNET 300 Internetov\u00fd modul umo\u017e\u0148uje vzd\u00e1lenou spr\u00e1vu a dohled nad provozem kotle, sol\u00e1rn\u00ed instalace, tepeln\u00fdch \u010derpadel a v\u011btrac\u00edch syst\u00e9m\u016f prost\u0159ednictv\u00edm s\u00edt\u011b WWW \/ Wi-Fi nebo m\u00edstn\u00ed LAN.&nbsp;U\u017eivatel \u010di servisn\u00ed technik m\u016f\u017ee pomoc\u00ed po\u010d\u00edta\u010de, tabletu nebo mobiln\u00edho telefonu snadno monitorovat provoz za\u0159\u00edzen\u00ed a upravovat parametry regul\u00e1toru. Hlavn\u00ed vlastnosti: P\u0159ipojen\u00ed k extern\u00edmu serveru [&hellip;]","og_url":"https:\/\/www.koupeltech.com\/index.php\/produkt\/blaze-harmony-econet-300-nejprodavanejsi-11979\/","og_image":[{"width":600,"height":600,"url":"https:\/\/www.koupeltech.com\/wp-content\/uploads\/2026\/SK0023304-CZ20260425-092632-0-1777080397-blaze-harmony-econet-300-1115013.webp","type":"image\/webp"}],"twitter_card":"summary_large_image","twitter_misc":{"Odhadovan\u00e1 doba \u010dten\u00ed":"1 minuta"},"schema":{"@context":"https:\/\/schema.org","@graph":[{"@type":"WebPage","@id":"https:\/\/www.koupeltech.com\/index.php\/produkt\/blaze-harmony-econet-300-nejprodavanejsi-11979\/","url":"https:\/\/www.koupeltech.com\/index.php\/produkt\/blaze-harmony-econet-300-nejprodavanejsi-11979\/","name":"Blaze Harmony ecoNET 300 Nejprod\u00e1van\u011bj\u0161\u00ed -","isPartOf":{"@id":"https:\/\/www.koupeltech.com\/#website"},"primaryImageOfPage":{"@id":"https:\/\/www.koupeltech.com\/index.php\/produkt\/blaze-harmony-econet-300-nejprodavanejsi-11979\/#primaryimage"},"image":{"@id":"https:\/\/www.koupeltech.com\/index.php\/produkt\/blaze-harmony-econet-300-nejprodavanejsi-11979\/#primaryimage"},"thumbnailUrl":"https:\/\/www.koupeltech.com\/wp-content\/uploads\/2026\/SK0023304-CZ20260425-092632-0-1777080397-blaze-harmony-econet-300-1115013.webp","datePublished":"2026-04-27T13:57:33+00:00","breadcrumb":{"@id":"https:\/\/www.koupeltech.com\/index.php\/produkt\/blaze-harmony-econet-300-nejprodavanejsi-11979\/#breadcrumb"},"inLanguage":"cs","potentialAction":[{"@type":"ReadAction","target":["https:\/\/www.koupeltech.com\/index.php\/produkt\/blaze-harmony-econet-300-nejprodavanejsi-11979\/"]}]},{"@type":"ImageObject","inLanguage":"cs","@id":"https:\/\/www.koupeltech.com\/index.php\/produkt\/blaze-harmony-econet-300-nejprodavanejsi-11979\/#primaryimage","url":"https:\/\/www.koupeltech.com\/wp-content\/uploads\/2026\/SK0023304-CZ20260425-092632-0-1777080397-blaze-harmony-econet-300-1115013.webp","contentUrl":"https:\/\/www.koupeltech.com\/wp-content\/uploads\/2026\/SK0023304-CZ20260425-092632-0-1777080397-blaze-harmony-econet-300-1115013.webp","width":600,"height":600},{"@type":"BreadcrumbList","@id":"https:\/\/www.koupeltech.com\/index.php\/produkt\/blaze-harmony-econet-300-nejprodavanejsi-11979\/#breadcrumb","itemListElement":[{"@type":"ListItem","position":1,"name":"Home","item":"https:\/\/www.koupeltech.com\/"},{"@type":"ListItem","position":2,"name":"Products","item":"https:\/\/www.koupeltech.com\/index.php\/products\/"},{"@type":"ListItem","position":3,"name":"Blaze Harmony ecoNET 300 Nejprod\u00e1van\u011bj\u0161\u00ed"}]},{"@type":"WebSite","@id":"https:\/\/www.koupeltech.com\/#website","url":"https:\/\/www.koupeltech.com\/","name":"","description":"","potentialAction":[{"@type":"SearchAction","target":{"@type":"EntryPoint","urlTemplate":"https:\/\/www.koupeltech.com\/?s={search_term_string}"},"query-input":{"@type":"PropertyValueSpecification","valueRequired":true,"valueName":"search_term_string"}}],"inLanguage":"cs"}]}},"_links":{"self":[{"href":"https:\/\/www.koupeltech.com\/index.php\/wp-json\/wp\/v2\/product\/11979","targetHints":{"allow":["GET"]}}],"collection":[{"href":"https:\/\/www.koupeltech.com\/index.php\/wp-json\/wp\/v2\/product"}],"about":[{"href":"https:\/\/www.koupeltech.com\/index.php\/wp-json\/wp\/v2\/types\/product"}],"replies":[{"embeddable":true,"href":"https:\/\/www.koupeltech.com\/index.php\/wp-json\/wp\/v2\/comments?post=11979"}],"wp:featuredmedia":[{"embeddable":true,"href":"https:\/\/www.koupeltech.com\/index.php\/wp-json\/wp\/v2\/media\/12079"}],"wp:attachment":[{"href":"https:\/\/www.koupeltech.com\/index.php\/wp-json\/wp\/v2\/media?parent=11979"}],"wp:term":[{"taxonomy":"product_brand","embeddable":true,"href":"https:\/\/www.koupeltech.com\/index.php\/wp-json\/wp\/v2\/product_brand?post=11979"},{"taxonomy":"product_cat","embeddable":true,"href":"https:\/\/www.koupeltech.com\/index.php\/wp-json\/wp\/v2\/product_cat?post=11979"},{"taxonomy":"product_tag","embeddable":true,"href":"https:\/\/www.koupeltech.com\/index.php\/wp-json\/wp\/v2\/product_tag?post=11979"}],"curies":[{"name":"wp","href":"https:\/\/api.w.org\/{rel}","templated":true}]}}