{"id":11990,"date":"2026-04-27T13:57:33","date_gmt":"2026-04-27T13:57:33","guid":{"rendered":""},"modified":"2026-04-27T13:57:33","modified_gmt":"2026-04-27T13:57:33","slug":"overeny-regulus-cerpadlova-termostaticka-skupina-cse2-tmv-f-g60-1f-19487-11990","status":"publish","type":"product","link":"https:\/\/www.koupeltech.com\/index.php\/produkt\/overeny-regulus-cerpadlova-termostaticka-skupina-cse2-tmv-f-g60-1f-19487-11990\/","title":{"rendered":"Ov\u011b\u0159en\u00fd Regulus \u010cerpadlov\u00e1 termostatick\u00e1 skupina CSE2 TMV F G60 1F &#8211; 19487"},"content":{"rendered":"<div class=\"ProductDetail-content NoFixImageContainer\" id=\"productDescription\">\n<div class=\"Heading\">\n<h2 class=\"Heading-title\">Popis produktu <span class=''>Regulus \u010cerpadlov\u00e1 termostatick\u00e1 skupina CSE2 TMV F G60 1F &#8211; 19487<\/span><\/h2>\n<\/p><\/div>\n<div class=\"ProductDetailContent\">\n<p>Dvoutrubkov\u00e1 \u010derpadlov\u00e1 skupina s&nbsp;n\u00edzkoenergetick\u00fdm ob\u011bhov\u00fdm \u010derpadlem Grundfos UPM3 AUTO 25-60, filtrem s&nbsp;magnetem, termostatick\u00fdm sm\u011b\u0161ovac\u00edm ventilem, zp\u011btn\u00fdm ventilem pod filtrem, kulov\u00fdmi kohouty, teplom\u011bry a&nbsp;\u0161rouben\u00edmi pro p\u0159ipojen\u00ed k&nbsp;rozd\u011blova\u010di. P\u0159ipojovac\u00ed rozte\u010d 125 mm. Umo\u017e\u0148uje uzav\u0159en\u00ed otopn\u00fdch okruh\u016f, kontrolu teplot a&nbsp;snadn\u00fd servis.<\/p>\n<h3><strong>Parametry<\/strong><\/h3>\n<ul>\n<li><strong>Pracovn\u00ed teplota kapaliny:<\/strong> 5\u201395 \u00b0C<\/li>\n<li><strong>Rozsah nastaviteln\u00fdch teplot:<\/strong> 25\u201345 \u00b0C \u00b1 3 \u00b0C<\/li>\n<li><strong>Max. pracovn\u00ed tlak:<\/strong> 10 bar<\/li>\n<li><strong>Min. pracovn\u00ed tlak:<\/strong> 0,5 bar<\/li>\n<li><strong>Teplota okol\u00ed:<\/strong> 5\u201340 \u00b0C<\/li>\n<li><strong>Max. relativn\u00ed vlhkost:<\/strong> 80 % bez kondenzace<\/li>\n<li><strong>Max. p\u0159\u00edkon \u010derpadlov\u00e9 skupiny:<\/strong> 39 W<\/li>\n<li><strong>Nap\u00e1jen\u00ed \u010derpadla:<\/strong> 230 V, 50 Hz<\/li>\n<li><strong>Min.\/max. proud do \u010derpadla:<\/strong> 0,04 \/ 0,4 A<\/li>\n<li><strong>Kvs sm\u011b\u0161ovac\u00edho ventilu:<\/strong> 3,5 m\u00b3\/h<\/li>\n<li><strong>Materi\u00e1l izolace:<\/strong> EPP RG 60 g\/l<\/li>\n<li><strong>Celkov\u00e9 rozm\u011bry:<\/strong> 380 x 142 x 245 mm<\/li>\n<li><strong>Celkov\u00e1 hmotnost:<\/strong> 6,6 kg<\/li>\n<li><strong>P\u0159ipojen\u00ed:<\/strong> 4 x G 1\u02ba F<\/li>\n<\/ul><\/div>\n<div class=\"ProductDetailContent\">                                                                    <\/div>\n<\/p><\/div>\n<\/p><\/div>\n<\/p><\/div>\n","protected":false},"excerpt":{"rendered":"<p>Popis produktu Regulus \u010cerpadlov\u00e1 termostatick\u00e1 skupina CSE2 TMV F G60 1F &#8211; 19487 Dvoutrubkov\u00e1 \u010derpadlov\u00e1 skupina s&nbsp;n\u00edzkoenergetick\u00fdm ob\u011bhov\u00fdm \u010derpadlem Grundfos UPM3 AUTO 25-60, filtrem s&nbsp;magnetem, termostatick\u00fdm sm\u011b\u0161ovac\u00edm ventilem, zp\u011btn\u00fdm ventilem pod filtrem, kulov\u00fdmi kohouty, teplom\u011bry a&nbsp;\u0161rouben\u00edmi pro p\u0159ipojen\u00ed k&nbsp;rozd\u011blova\u010di. P\u0159ipojovac\u00ed rozte\u010d 125 mm. Umo\u017e\u0148uje uzav\u0159en\u00ed otopn\u00fdch okruh\u016f, kontrolu teplot a&nbsp;snadn\u00fd servis. Parametry Pracovn\u00ed teplota kapaliny: [&hellip;]<\/p>\n","protected":false},"featured_media":12090,"comment_status":"open","ping_status":"open","template":"","meta":[],"product_brand":[],"product_cat":[79],"product_tag":[],"class_list":{"0":"post-11990","1":"product","2":"type-product","3":"status-publish","4":"has-post-thumbnail","6":"product_cat-topeni","8":"first","9":"instock","10":"sale","11":"shipping-taxable","12":"purchasable","13":"product-type-simple"},"yoast_head":"<!-- This site is optimized with the Yoast SEO plugin v26.8 - https:\/\/yoast.com\/product\/yoast-seo-wordpress\/ -->\n<title>Ov\u011b\u0159en\u00fd Regulus \u010cerpadlov\u00e1 termostatick\u00e1 skupina CSE2 TMV F G60 1F - 19487 -<\/title>\n<meta name=\"robots\" content=\"index, follow, max-snippet:-1, max-image-preview:large, max-video-preview:-1\" \/>\n<link rel=\"canonical\" href=\"https:\/\/www.koupeltech.com\/index.php\/produkt\/overeny-regulus-cerpadlova-termostaticka-skupina-cse2-tmv-f-g60-1f-19487-11990\/\" \/>\n<meta property=\"og:locale\" content=\"cs_CZ\" \/>\n<meta property=\"og:type\" content=\"article\" \/>\n<meta property=\"og:title\" content=\"Ov\u011b\u0159en\u00fd Regulus \u010cerpadlov\u00e1 termostatick\u00e1 skupina CSE2 TMV F G60 1F - 19487 -\" \/>\n<meta property=\"og:description\" content=\"Popis produktu Regulus \u010cerpadlov\u00e1 termostatick\u00e1 skupina CSE2 TMV F G60 1F &#8211; 19487 Dvoutrubkov\u00e1 \u010derpadlov\u00e1 skupina s&nbsp;n\u00edzkoenergetick\u00fdm ob\u011bhov\u00fdm \u010derpadlem Grundfos UPM3 AUTO 25-60, filtrem s&nbsp;magnetem, termostatick\u00fdm sm\u011b\u0161ovac\u00edm ventilem, zp\u011btn\u00fdm ventilem pod filtrem, kulov\u00fdmi kohouty, teplom\u011bry a&nbsp;\u0161rouben\u00edmi pro p\u0159ipojen\u00ed k&nbsp;rozd\u011blova\u010di. P\u0159ipojovac\u00ed rozte\u010d 125 mm. Umo\u017e\u0148uje uzav\u0159en\u00ed otopn\u00fdch okruh\u016f, kontrolu teplot a&nbsp;snadn\u00fd servis. Parametry Pracovn\u00ed teplota kapaliny: [&hellip;]\" \/>\n<meta property=\"og:url\" content=\"https:\/\/www.koupeltech.com\/index.php\/produkt\/overeny-regulus-cerpadlova-termostaticka-skupina-cse2-tmv-f-g60-1f-19487-11990\/\" \/>\n<meta property=\"og:image\" content=\"https:\/\/www.koupeltech.com\/wp-content\/uploads\/2026\/SK0023315-CZ20260425-092632-0-1777080397-regulus-cerpadlova-termostaticka-skupina-cse2-tmv-f-g60-1f-.webp\" \/>\n\t<meta property=\"og:image:width\" content=\"600\" \/>\n\t<meta property=\"og:image:height\" content=\"488\" \/>\n\t<meta property=\"og:image:type\" content=\"image\/webp\" \/>\n<meta name=\"twitter:card\" content=\"summary_large_image\" \/>\n<meta name=\"twitter:label1\" content=\"Odhadovan\u00e1 doba \u010dten\u00ed\" \/>\n\t<meta name=\"twitter:data1\" content=\"1 minuta\" \/>\n<script type=\"application\/ld+json\" class=\"yoast-schema-graph\">{\"@context\":\"https:\/\/schema.org\",\"@graph\":[{\"@type\":\"WebPage\",\"@id\":\"https:\/\/www.koupeltech.com\/index.php\/produkt\/overeny-regulus-cerpadlova-termostaticka-skupina-cse2-tmv-f-g60-1f-19487-11990\/\",\"url\":\"https:\/\/www.koupeltech.com\/index.php\/produkt\/overeny-regulus-cerpadlova-termostaticka-skupina-cse2-tmv-f-g60-1f-19487-11990\/\",\"name\":\"Ov\u011b\u0159en\u00fd Regulus \u010cerpadlov\u00e1 termostatick\u00e1 skupina CSE2 TMV F G60 1F - 19487 -\",\"isPartOf\":{\"@id\":\"https:\/\/www.koupeltech.com\/#website\"},\"primaryImageOfPage\":{\"@id\":\"https:\/\/www.koupeltech.com\/index.php\/produkt\/overeny-regulus-cerpadlova-termostaticka-skupina-cse2-tmv-f-g60-1f-19487-11990\/#primaryimage\"},\"image\":{\"@id\":\"https:\/\/www.koupeltech.com\/index.php\/produkt\/overeny-regulus-cerpadlova-termostaticka-skupina-cse2-tmv-f-g60-1f-19487-11990\/#primaryimage\"},\"thumbnailUrl\":\"https:\/\/www.koupeltech.com\/wp-content\/uploads\/2026\/SK0023315-CZ20260425-092632-0-1777080397-regulus-cerpadlova-termostaticka-skupina-cse2-tmv-f-g60-1f-.webp\",\"datePublished\":\"2026-04-27T13:57:33+00:00\",\"breadcrumb\":{\"@id\":\"https:\/\/www.koupeltech.com\/index.php\/produkt\/overeny-regulus-cerpadlova-termostaticka-skupina-cse2-tmv-f-g60-1f-19487-11990\/#breadcrumb\"},\"inLanguage\":\"cs\",\"potentialAction\":[{\"@type\":\"ReadAction\",\"target\":[\"https:\/\/www.koupeltech.com\/index.php\/produkt\/overeny-regulus-cerpadlova-termostaticka-skupina-cse2-tmv-f-g60-1f-19487-11990\/\"]}]},{\"@type\":\"ImageObject\",\"inLanguage\":\"cs\",\"@id\":\"https:\/\/www.koupeltech.com\/index.php\/produkt\/overeny-regulus-cerpadlova-termostaticka-skupina-cse2-tmv-f-g60-1f-19487-11990\/#primaryimage\",\"url\":\"https:\/\/www.koupeltech.com\/wp-content\/uploads\/2026\/SK0023315-CZ20260425-092632-0-1777080397-regulus-cerpadlova-termostaticka-skupina-cse2-tmv-f-g60-1f-.webp\",\"contentUrl\":\"https:\/\/www.koupeltech.com\/wp-content\/uploads\/2026\/SK0023315-CZ20260425-092632-0-1777080397-regulus-cerpadlova-termostaticka-skupina-cse2-tmv-f-g60-1f-.webp\",\"width\":600,\"height\":488},{\"@type\":\"BreadcrumbList\",\"@id\":\"https:\/\/www.koupeltech.com\/index.php\/produkt\/overeny-regulus-cerpadlova-termostaticka-skupina-cse2-tmv-f-g60-1f-19487-11990\/#breadcrumb\",\"itemListElement\":[{\"@type\":\"ListItem\",\"position\":1,\"name\":\"Home\",\"item\":\"https:\/\/www.koupeltech.com\/\"},{\"@type\":\"ListItem\",\"position\":2,\"name\":\"Products\",\"item\":\"https:\/\/www.koupeltech.com\/index.php\/products\/\"},{\"@type\":\"ListItem\",\"position\":3,\"name\":\"Ov\u011b\u0159en\u00fd Regulus \u010cerpadlov\u00e1 termostatick\u00e1 skupina CSE2 TMV F G60 1F &#8211; 19487\"}]},{\"@type\":\"WebSite\",\"@id\":\"https:\/\/www.koupeltech.com\/#website\",\"url\":\"https:\/\/www.koupeltech.com\/\",\"name\":\"\",\"description\":\"\",\"potentialAction\":[{\"@type\":\"SearchAction\",\"target\":{\"@type\":\"EntryPoint\",\"urlTemplate\":\"https:\/\/www.koupeltech.com\/?s={search_term_string}\"},\"query-input\":{\"@type\":\"PropertyValueSpecification\",\"valueRequired\":true,\"valueName\":\"search_term_string\"}}],\"inLanguage\":\"cs\"}]}<\/script>\n<!-- \/ Yoast SEO plugin. -->","yoast_head_json":{"title":"Ov\u011b\u0159en\u00fd Regulus \u010cerpadlov\u00e1 termostatick\u00e1 skupina CSE2 TMV F G60 1F - 19487 -","robots":{"index":"index","follow":"follow","max-snippet":"max-snippet:-1","max-image-preview":"max-image-preview:large","max-video-preview":"max-video-preview:-1"},"canonical":"https:\/\/www.koupeltech.com\/index.php\/produkt\/overeny-regulus-cerpadlova-termostaticka-skupina-cse2-tmv-f-g60-1f-19487-11990\/","og_locale":"cs_CZ","og_type":"article","og_title":"Ov\u011b\u0159en\u00fd Regulus \u010cerpadlov\u00e1 termostatick\u00e1 skupina CSE2 TMV F G60 1F - 19487 -","og_description":"Popis produktu Regulus \u010cerpadlov\u00e1 termostatick\u00e1 skupina CSE2 TMV F G60 1F &#8211; 19487 Dvoutrubkov\u00e1 \u010derpadlov\u00e1 skupina s&nbsp;n\u00edzkoenergetick\u00fdm ob\u011bhov\u00fdm \u010derpadlem Grundfos UPM3 AUTO 25-60, filtrem s&nbsp;magnetem, termostatick\u00fdm sm\u011b\u0161ovac\u00edm ventilem, zp\u011btn\u00fdm ventilem pod filtrem, kulov\u00fdmi kohouty, teplom\u011bry a&nbsp;\u0161rouben\u00edmi pro p\u0159ipojen\u00ed k&nbsp;rozd\u011blova\u010di. P\u0159ipojovac\u00ed rozte\u010d 125 mm. Umo\u017e\u0148uje uzav\u0159en\u00ed otopn\u00fdch okruh\u016f, kontrolu teplot a&nbsp;snadn\u00fd servis. Parametry Pracovn\u00ed teplota kapaliny: [&hellip;]","og_url":"https:\/\/www.koupeltech.com\/index.php\/produkt\/overeny-regulus-cerpadlova-termostaticka-skupina-cse2-tmv-f-g60-1f-19487-11990\/","og_image":[{"width":600,"height":488,"url":"https:\/\/www.koupeltech.com\/wp-content\/uploads\/2026\/SK0023315-CZ20260425-092632-0-1777080397-regulus-cerpadlova-termostaticka-skupina-cse2-tmv-f-g60-1f-.webp","type":"image\/webp"}],"twitter_card":"summary_large_image","twitter_misc":{"Odhadovan\u00e1 doba \u010dten\u00ed":"1 minuta"},"schema":{"@context":"https:\/\/schema.org","@graph":[{"@type":"WebPage","@id":"https:\/\/www.koupeltech.com\/index.php\/produkt\/overeny-regulus-cerpadlova-termostaticka-skupina-cse2-tmv-f-g60-1f-19487-11990\/","url":"https:\/\/www.koupeltech.com\/index.php\/produkt\/overeny-regulus-cerpadlova-termostaticka-skupina-cse2-tmv-f-g60-1f-19487-11990\/","name":"Ov\u011b\u0159en\u00fd Regulus \u010cerpadlov\u00e1 termostatick\u00e1 skupina CSE2 TMV F G60 1F - 19487 -","isPartOf":{"@id":"https:\/\/www.koupeltech.com\/#website"},"primaryImageOfPage":{"@id":"https:\/\/www.koupeltech.com\/index.php\/produkt\/overeny-regulus-cerpadlova-termostaticka-skupina-cse2-tmv-f-g60-1f-19487-11990\/#primaryimage"},"image":{"@id":"https:\/\/www.koupeltech.com\/index.php\/produkt\/overeny-regulus-cerpadlova-termostaticka-skupina-cse2-tmv-f-g60-1f-19487-11990\/#primaryimage"},"thumbnailUrl":"https:\/\/www.koupeltech.com\/wp-content\/uploads\/2026\/SK0023315-CZ20260425-092632-0-1777080397-regulus-cerpadlova-termostaticka-skupina-cse2-tmv-f-g60-1f-.webp","datePublished":"2026-04-27T13:57:33+00:00","breadcrumb":{"@id":"https:\/\/www.koupeltech.com\/index.php\/produkt\/overeny-regulus-cerpadlova-termostaticka-skupina-cse2-tmv-f-g60-1f-19487-11990\/#breadcrumb"},"inLanguage":"cs","potentialAction":[{"@type":"ReadAction","target":["https:\/\/www.koupeltech.com\/index.php\/produkt\/overeny-regulus-cerpadlova-termostaticka-skupina-cse2-tmv-f-g60-1f-19487-11990\/"]}]},{"@type":"ImageObject","inLanguage":"cs","@id":"https:\/\/www.koupeltech.com\/index.php\/produkt\/overeny-regulus-cerpadlova-termostaticka-skupina-cse2-tmv-f-g60-1f-19487-11990\/#primaryimage","url":"https:\/\/www.koupeltech.com\/wp-content\/uploads\/2026\/SK0023315-CZ20260425-092632-0-1777080397-regulus-cerpadlova-termostaticka-skupina-cse2-tmv-f-g60-1f-.webp","contentUrl":"https:\/\/www.koupeltech.com\/wp-content\/uploads\/2026\/SK0023315-CZ20260425-092632-0-1777080397-regulus-cerpadlova-termostaticka-skupina-cse2-tmv-f-g60-1f-.webp","width":600,"height":488},{"@type":"BreadcrumbList","@id":"https:\/\/www.koupeltech.com\/index.php\/produkt\/overeny-regulus-cerpadlova-termostaticka-skupina-cse2-tmv-f-g60-1f-19487-11990\/#breadcrumb","itemListElement":[{"@type":"ListItem","position":1,"name":"Home","item":"https:\/\/www.koupeltech.com\/"},{"@type":"ListItem","position":2,"name":"Products","item":"https:\/\/www.koupeltech.com\/index.php\/products\/"},{"@type":"ListItem","position":3,"name":"Ov\u011b\u0159en\u00fd Regulus \u010cerpadlov\u00e1 termostatick\u00e1 skupina CSE2 TMV F G60 1F &#8211; 19487"}]},{"@type":"WebSite","@id":"https:\/\/www.koupeltech.com\/#website","url":"https:\/\/www.koupeltech.com\/","name":"","description":"","potentialAction":[{"@type":"SearchAction","target":{"@type":"EntryPoint","urlTemplate":"https:\/\/www.koupeltech.com\/?s={search_term_string}"},"query-input":{"@type":"PropertyValueSpecification","valueRequired":true,"valueName":"search_term_string"}}],"inLanguage":"cs"}]}},"_links":{"self":[{"href":"https:\/\/www.koupeltech.com\/index.php\/wp-json\/wp\/v2\/product\/11990","targetHints":{"allow":["GET"]}}],"collection":[{"href":"https:\/\/www.koupeltech.com\/index.php\/wp-json\/wp\/v2\/product"}],"about":[{"href":"https:\/\/www.koupeltech.com\/index.php\/wp-json\/wp\/v2\/types\/product"}],"replies":[{"embeddable":true,"href":"https:\/\/www.koupeltech.com\/index.php\/wp-json\/wp\/v2\/comments?post=11990"}],"wp:featuredmedia":[{"embeddable":true,"href":"https:\/\/www.koupeltech.com\/index.php\/wp-json\/wp\/v2\/media\/12090"}],"wp:attachment":[{"href":"https:\/\/www.koupeltech.com\/index.php\/wp-json\/wp\/v2\/media?parent=11990"}],"wp:term":[{"taxonomy":"product_brand","embeddable":true,"href":"https:\/\/www.koupeltech.com\/index.php\/wp-json\/wp\/v2\/product_brand?post=11990"},{"taxonomy":"product_cat","embeddable":true,"href":"https:\/\/www.koupeltech.com\/index.php\/wp-json\/wp\/v2\/product_cat?post=11990"},{"taxonomy":"product_tag","embeddable":true,"href":"https:\/\/www.koupeltech.com\/index.php\/wp-json\/wp\/v2\/product_tag?post=11990"}],"curies":[{"name":"wp","href":"https:\/\/api.w.org\/{rel}","templated":true}]}}