{"id":12092,"date":"2026-04-27T13:57:35","date_gmt":"2026-04-27T13:57:35","guid":{"rendered":""},"modified":"2026-04-27T13:57:35","modified_gmt":"2026-04-27T13:57:35","slug":"kup-ted-regulus-cerpadlova-skupina-cse-ots-zv-r8-21367-12092","status":"publish","type":"product","link":"https:\/\/www.koupeltech.com\/index.php\/produkt\/kup-ted-regulus-cerpadlova-skupina-cse-ots-zv-r8-21367-12092\/","title":{"rendered":"Kup Te\u010f Regulus \u010cerpadlov\u00e1 skupina CSE OTS ZV R8 &#8211; 21367"},"content":{"rendered":"<div class=\"ProductDetail-content NoFixImageContainer\" id=\"productDescription\">\n<div class=\"Heading\">\n<h2 class=\"Heading-title\">Popis produktu <span class=''>Regulus \u010cerpadlov\u00e1 skupina CSE OTS ZV R8 &#8211; 21367<\/span><\/h2>\n<\/p><\/div>\n<div class=\"ProductDetailContent\">\n<p>Jednotrubkov\u00e1 \u010derpadlov\u00e1 skupina CSE OTS ZV R8 1F je ur\u010dena k mont\u00e1\u017ei do p\u0159\u00edm\u00fdch hydraulick\u00fdch otopn\u00fdch okruh\u016f, ve kter\u00fdch je po\u017eadavek na instalaci zp\u011btn\u00e9ho ventilu. \u010cerpadlov\u00e1 skupina zaji\u0161\u0165uje cirkulaci dan\u00fdm hydraulick\u00fdm okruhem a z\u00e1rove\u0148 br\u00e1n\u00ed v cirkulaci okruhem v opa\u010dn\u00e9m sm\u011bru.<\/p>\n<h3><strong>Parametry<\/strong><\/h3>\n<ul>\n<li><strong>Pracovn\u00ed teplota kapaliny:<\/strong> 5\u201395 \u00b0C<\/li>\n<li><strong>Max. pracovn\u00ed tlak:<\/strong> 10 bar<\/li>\n<li><strong>Min. pracovn\u00ed tlak:<\/strong> 0,5 bar<\/li>\n<li><strong>Teplota okol\u00ed:<\/strong> 5\u201340 \u00b0C<\/li>\n<li><strong>Max. relativn\u00ed vlhkost:<\/strong> 80 % bez kondenzace<\/li>\n<li><strong>Nap\u00e1jen\u00ed:<\/strong> 230 V, 50 Hz<\/li>\n<li><strong>Materi\u00e1l izolace:<\/strong> EPP RG 60 g\/l<\/li>\n<li><strong>Celkov\u00e9 rozm\u011bry:<\/strong> 305 x 165 x 170 mm<\/li>\n<li><strong>Celkov\u00e1 hmotnost:<\/strong> 2,8 kg<\/li>\n<li><strong>P\u0159ipojen\u00ed:<\/strong> 2 x G 1&#8243; F<\/li>\n<li><strong>Nap\u00e1jen\u00ed:<\/strong> 1~230 V, 50\u201360 Hz<\/li>\n<li><strong>Max. p\u0159\u00edkon:<\/strong> 65 W<\/li>\n<li><strong>Max. proud:<\/strong> 0,65 A<\/li>\n<li><strong>Ovl\u00e1d\u00e1n\u00ed ot\u00e1\u010dek:<\/strong> frekven\u010dn\u00ed m\u011bni\u010d<\/li>\n<li><strong>Elektrick\u00e9 kryt\u00ed:<\/strong> IP44<\/li>\n<li><strong>Ochrana motoru:<\/strong> nen\u00ed pot\u0159eba (odoln\u00e9 proti zablokov\u00e1n\u00ed)<\/li>\n<\/ul><\/div>\n<div class=\"ProductDetailContent\">                                                                    <\/div>\n<\/p><\/div>\n<\/p><\/div>\n<\/p><\/div>\n","protected":false},"excerpt":{"rendered":"<p>Popis produktu Regulus \u010cerpadlov\u00e1 skupina CSE OTS ZV R8 &#8211; 21367 Jednotrubkov\u00e1 \u010derpadlov\u00e1 skupina CSE OTS ZV R8 1F je ur\u010dena k mont\u00e1\u017ei do p\u0159\u00edm\u00fdch hydraulick\u00fdch otopn\u00fdch okruh\u016f, ve kter\u00fdch je po\u017eadavek na instalaci zp\u011btn\u00e9ho ventilu. \u010cerpadlov\u00e1 skupina zaji\u0161\u0165uje cirkulaci dan\u00fdm hydraulick\u00fdm okruhem a z\u00e1rove\u0148 br\u00e1n\u00ed v cirkulaci okruhem v opa\u010dn\u00e9m sm\u011bru. Parametry Pracovn\u00ed teplota [&hellip;]<\/p>\n","protected":false},"featured_media":12192,"comment_status":"open","ping_status":"open","template":"","meta":[],"product_brand":[],"product_cat":[79],"product_tag":[],"class_list":{"0":"post-12092","1":"product","2":"type-product","3":"status-publish","4":"has-post-thumbnail","6":"product_cat-topeni","8":"first","9":"instock","10":"sale","11":"shipping-taxable","12":"purchasable","13":"product-type-simple"},"yoast_head":"<!-- This site is optimized with the Yoast SEO plugin v26.8 - https:\/\/yoast.com\/product\/yoast-seo-wordpress\/ -->\n<title>Kup Te\u010f Regulus \u010cerpadlov\u00e1 skupina CSE OTS ZV R8 - 21367 -<\/title>\n<meta name=\"robots\" content=\"index, follow, max-snippet:-1, max-image-preview:large, max-video-preview:-1\" \/>\n<link rel=\"canonical\" href=\"https:\/\/www.koupeltech.com\/index.php\/produkt\/kup-ted-regulus-cerpadlova-skupina-cse-ots-zv-r8-21367-12092\/\" \/>\n<meta property=\"og:locale\" content=\"cs_CZ\" \/>\n<meta property=\"og:type\" content=\"article\" \/>\n<meta property=\"og:title\" content=\"Kup Te\u010f Regulus \u010cerpadlov\u00e1 skupina CSE OTS ZV R8 - 21367 -\" \/>\n<meta property=\"og:description\" content=\"Popis produktu Regulus \u010cerpadlov\u00e1 skupina CSE OTS ZV R8 &#8211; 21367 Jednotrubkov\u00e1 \u010derpadlov\u00e1 skupina CSE OTS ZV R8 1F je ur\u010dena k mont\u00e1\u017ei do p\u0159\u00edm\u00fdch hydraulick\u00fdch otopn\u00fdch okruh\u016f, ve kter\u00fdch je po\u017eadavek na instalaci zp\u011btn\u00e9ho ventilu. \u010cerpadlov\u00e1 skupina zaji\u0161\u0165uje cirkulaci dan\u00fdm hydraulick\u00fdm okruhem a z\u00e1rove\u0148 br\u00e1n\u00ed v cirkulaci okruhem v opa\u010dn\u00e9m sm\u011bru. Parametry Pracovn\u00ed teplota [&hellip;]\" \/>\n<meta property=\"og:url\" content=\"https:\/\/www.koupeltech.com\/index.php\/produkt\/kup-ted-regulus-cerpadlova-skupina-cse-ots-zv-r8-21367-12092\/\" \/>\n<meta property=\"og:image\" content=\"https:\/\/www.koupeltech.com\/wp-content\/uploads\/2026\/SK0023317-CZ20260425-092632-0-1777080397-regulus-cerpadlova-skupina-cse-ots-zv-r8-21367-997378.webp\" \/>\n\t<meta property=\"og:image:width\" content=\"600\" \/>\n\t<meta property=\"og:image:height\" content=\"600\" \/>\n\t<meta property=\"og:image:type\" content=\"image\/webp\" \/>\n<meta name=\"twitter:card\" content=\"summary_large_image\" \/>\n<meta name=\"twitter:label1\" content=\"Odhadovan\u00e1 doba \u010dten\u00ed\" \/>\n\t<meta name=\"twitter:data1\" content=\"1 minuta\" \/>\n<script type=\"application\/ld+json\" class=\"yoast-schema-graph\">{\"@context\":\"https:\/\/schema.org\",\"@graph\":[{\"@type\":\"WebPage\",\"@id\":\"https:\/\/www.koupeltech.com\/index.php\/produkt\/kup-ted-regulus-cerpadlova-skupina-cse-ots-zv-r8-21367-12092\/\",\"url\":\"https:\/\/www.koupeltech.com\/index.php\/produkt\/kup-ted-regulus-cerpadlova-skupina-cse-ots-zv-r8-21367-12092\/\",\"name\":\"Kup Te\u010f Regulus \u010cerpadlov\u00e1 skupina CSE OTS ZV R8 - 21367 -\",\"isPartOf\":{\"@id\":\"https:\/\/www.koupeltech.com\/#website\"},\"primaryImageOfPage\":{\"@id\":\"https:\/\/www.koupeltech.com\/index.php\/produkt\/kup-ted-regulus-cerpadlova-skupina-cse-ots-zv-r8-21367-12092\/#primaryimage\"},\"image\":{\"@id\":\"https:\/\/www.koupeltech.com\/index.php\/produkt\/kup-ted-regulus-cerpadlova-skupina-cse-ots-zv-r8-21367-12092\/#primaryimage\"},\"thumbnailUrl\":\"https:\/\/www.koupeltech.com\/wp-content\/uploads\/2026\/SK0023317-CZ20260425-092632-0-1777080397-regulus-cerpadlova-skupina-cse-ots-zv-r8-21367-997378.webp\",\"datePublished\":\"2026-04-27T13:57:35+00:00\",\"breadcrumb\":{\"@id\":\"https:\/\/www.koupeltech.com\/index.php\/produkt\/kup-ted-regulus-cerpadlova-skupina-cse-ots-zv-r8-21367-12092\/#breadcrumb\"},\"inLanguage\":\"cs\",\"potentialAction\":[{\"@type\":\"ReadAction\",\"target\":[\"https:\/\/www.koupeltech.com\/index.php\/produkt\/kup-ted-regulus-cerpadlova-skupina-cse-ots-zv-r8-21367-12092\/\"]}]},{\"@type\":\"ImageObject\",\"inLanguage\":\"cs\",\"@id\":\"https:\/\/www.koupeltech.com\/index.php\/produkt\/kup-ted-regulus-cerpadlova-skupina-cse-ots-zv-r8-21367-12092\/#primaryimage\",\"url\":\"https:\/\/www.koupeltech.com\/wp-content\/uploads\/2026\/SK0023317-CZ20260425-092632-0-1777080397-regulus-cerpadlova-skupina-cse-ots-zv-r8-21367-997378.webp\",\"contentUrl\":\"https:\/\/www.koupeltech.com\/wp-content\/uploads\/2026\/SK0023317-CZ20260425-092632-0-1777080397-regulus-cerpadlova-skupina-cse-ots-zv-r8-21367-997378.webp\",\"width\":600,\"height\":600},{\"@type\":\"BreadcrumbList\",\"@id\":\"https:\/\/www.koupeltech.com\/index.php\/produkt\/kup-ted-regulus-cerpadlova-skupina-cse-ots-zv-r8-21367-12092\/#breadcrumb\",\"itemListElement\":[{\"@type\":\"ListItem\",\"position\":1,\"name\":\"Home\",\"item\":\"https:\/\/www.koupeltech.com\/\"},{\"@type\":\"ListItem\",\"position\":2,\"name\":\"Products\",\"item\":\"https:\/\/www.koupeltech.com\/index.php\/products\/\"},{\"@type\":\"ListItem\",\"position\":3,\"name\":\"Kup Te\u010f Regulus \u010cerpadlov\u00e1 skupina CSE OTS ZV R8 &#8211; 21367\"}]},{\"@type\":\"WebSite\",\"@id\":\"https:\/\/www.koupeltech.com\/#website\",\"url\":\"https:\/\/www.koupeltech.com\/\",\"name\":\"\",\"description\":\"\",\"potentialAction\":[{\"@type\":\"SearchAction\",\"target\":{\"@type\":\"EntryPoint\",\"urlTemplate\":\"https:\/\/www.koupeltech.com\/?s={search_term_string}\"},\"query-input\":{\"@type\":\"PropertyValueSpecification\",\"valueRequired\":true,\"valueName\":\"search_term_string\"}}],\"inLanguage\":\"cs\"}]}<\/script>\n<!-- \/ Yoast SEO plugin. -->","yoast_head_json":{"title":"Kup Te\u010f Regulus \u010cerpadlov\u00e1 skupina CSE OTS ZV R8 - 21367 -","robots":{"index":"index","follow":"follow","max-snippet":"max-snippet:-1","max-image-preview":"max-image-preview:large","max-video-preview":"max-video-preview:-1"},"canonical":"https:\/\/www.koupeltech.com\/index.php\/produkt\/kup-ted-regulus-cerpadlova-skupina-cse-ots-zv-r8-21367-12092\/","og_locale":"cs_CZ","og_type":"article","og_title":"Kup Te\u010f Regulus \u010cerpadlov\u00e1 skupina CSE OTS ZV R8 - 21367 -","og_description":"Popis produktu Regulus \u010cerpadlov\u00e1 skupina CSE OTS ZV R8 &#8211; 21367 Jednotrubkov\u00e1 \u010derpadlov\u00e1 skupina CSE OTS ZV R8 1F je ur\u010dena k mont\u00e1\u017ei do p\u0159\u00edm\u00fdch hydraulick\u00fdch otopn\u00fdch okruh\u016f, ve kter\u00fdch je po\u017eadavek na instalaci zp\u011btn\u00e9ho ventilu. \u010cerpadlov\u00e1 skupina zaji\u0161\u0165uje cirkulaci dan\u00fdm hydraulick\u00fdm okruhem a z\u00e1rove\u0148 br\u00e1n\u00ed v cirkulaci okruhem v opa\u010dn\u00e9m sm\u011bru. Parametry Pracovn\u00ed teplota [&hellip;]","og_url":"https:\/\/www.koupeltech.com\/index.php\/produkt\/kup-ted-regulus-cerpadlova-skupina-cse-ots-zv-r8-21367-12092\/","og_image":[{"width":600,"height":600,"url":"https:\/\/www.koupeltech.com\/wp-content\/uploads\/2026\/SK0023317-CZ20260425-092632-0-1777080397-regulus-cerpadlova-skupina-cse-ots-zv-r8-21367-997378.webp","type":"image\/webp"}],"twitter_card":"summary_large_image","twitter_misc":{"Odhadovan\u00e1 doba \u010dten\u00ed":"1 minuta"},"schema":{"@context":"https:\/\/schema.org","@graph":[{"@type":"WebPage","@id":"https:\/\/www.koupeltech.com\/index.php\/produkt\/kup-ted-regulus-cerpadlova-skupina-cse-ots-zv-r8-21367-12092\/","url":"https:\/\/www.koupeltech.com\/index.php\/produkt\/kup-ted-regulus-cerpadlova-skupina-cse-ots-zv-r8-21367-12092\/","name":"Kup Te\u010f Regulus \u010cerpadlov\u00e1 skupina CSE OTS ZV R8 - 21367 -","isPartOf":{"@id":"https:\/\/www.koupeltech.com\/#website"},"primaryImageOfPage":{"@id":"https:\/\/www.koupeltech.com\/index.php\/produkt\/kup-ted-regulus-cerpadlova-skupina-cse-ots-zv-r8-21367-12092\/#primaryimage"},"image":{"@id":"https:\/\/www.koupeltech.com\/index.php\/produkt\/kup-ted-regulus-cerpadlova-skupina-cse-ots-zv-r8-21367-12092\/#primaryimage"},"thumbnailUrl":"https:\/\/www.koupeltech.com\/wp-content\/uploads\/2026\/SK0023317-CZ20260425-092632-0-1777080397-regulus-cerpadlova-skupina-cse-ots-zv-r8-21367-997378.webp","datePublished":"2026-04-27T13:57:35+00:00","breadcrumb":{"@id":"https:\/\/www.koupeltech.com\/index.php\/produkt\/kup-ted-regulus-cerpadlova-skupina-cse-ots-zv-r8-21367-12092\/#breadcrumb"},"inLanguage":"cs","potentialAction":[{"@type":"ReadAction","target":["https:\/\/www.koupeltech.com\/index.php\/produkt\/kup-ted-regulus-cerpadlova-skupina-cse-ots-zv-r8-21367-12092\/"]}]},{"@type":"ImageObject","inLanguage":"cs","@id":"https:\/\/www.koupeltech.com\/index.php\/produkt\/kup-ted-regulus-cerpadlova-skupina-cse-ots-zv-r8-21367-12092\/#primaryimage","url":"https:\/\/www.koupeltech.com\/wp-content\/uploads\/2026\/SK0023317-CZ20260425-092632-0-1777080397-regulus-cerpadlova-skupina-cse-ots-zv-r8-21367-997378.webp","contentUrl":"https:\/\/www.koupeltech.com\/wp-content\/uploads\/2026\/SK0023317-CZ20260425-092632-0-1777080397-regulus-cerpadlova-skupina-cse-ots-zv-r8-21367-997378.webp","width":600,"height":600},{"@type":"BreadcrumbList","@id":"https:\/\/www.koupeltech.com\/index.php\/produkt\/kup-ted-regulus-cerpadlova-skupina-cse-ots-zv-r8-21367-12092\/#breadcrumb","itemListElement":[{"@type":"ListItem","position":1,"name":"Home","item":"https:\/\/www.koupeltech.com\/"},{"@type":"ListItem","position":2,"name":"Products","item":"https:\/\/www.koupeltech.com\/index.php\/products\/"},{"@type":"ListItem","position":3,"name":"Kup Te\u010f Regulus \u010cerpadlov\u00e1 skupina CSE OTS ZV R8 &#8211; 21367"}]},{"@type":"WebSite","@id":"https:\/\/www.koupeltech.com\/#website","url":"https:\/\/www.koupeltech.com\/","name":"","description":"","potentialAction":[{"@type":"SearchAction","target":{"@type":"EntryPoint","urlTemplate":"https:\/\/www.koupeltech.com\/?s={search_term_string}"},"query-input":{"@type":"PropertyValueSpecification","valueRequired":true,"valueName":"search_term_string"}}],"inLanguage":"cs"}]}},"_links":{"self":[{"href":"https:\/\/www.koupeltech.com\/index.php\/wp-json\/wp\/v2\/product\/12092","targetHints":{"allow":["GET"]}}],"collection":[{"href":"https:\/\/www.koupeltech.com\/index.php\/wp-json\/wp\/v2\/product"}],"about":[{"href":"https:\/\/www.koupeltech.com\/index.php\/wp-json\/wp\/v2\/types\/product"}],"replies":[{"embeddable":true,"href":"https:\/\/www.koupeltech.com\/index.php\/wp-json\/wp\/v2\/comments?post=12092"}],"wp:featuredmedia":[{"embeddable":true,"href":"https:\/\/www.koupeltech.com\/index.php\/wp-json\/wp\/v2\/media\/12192"}],"wp:attachment":[{"href":"https:\/\/www.koupeltech.com\/index.php\/wp-json\/wp\/v2\/media?parent=12092"}],"wp:term":[{"taxonomy":"product_brand","embeddable":true,"href":"https:\/\/www.koupeltech.com\/index.php\/wp-json\/wp\/v2\/product_brand?post=12092"},{"taxonomy":"product_cat","embeddable":true,"href":"https:\/\/www.koupeltech.com\/index.php\/wp-json\/wp\/v2\/product_cat?post=12092"},{"taxonomy":"product_tag","embeddable":true,"href":"https:\/\/www.koupeltech.com\/index.php\/wp-json\/wp\/v2\/product_tag?post=12092"}],"curies":[{"name":"wp","href":"https:\/\/api.w.org\/{rel}","templated":true}]}}