{"id":12096,"date":"2026-04-27T13:57:35","date_gmt":"2026-04-27T13:57:35","guid":{"rendered":""},"modified":"2026-04-27T13:57:35","modified_gmt":"2026-04-27T13:57:35","slug":"zlevneny-regulus-cerpadlova-skupina-se-smesovanim-cse-mix-bp-r8-1f-21371-12096","status":"publish","type":"product","link":"https:\/\/www.koupeltech.com\/index.php\/produkt\/zlevneny-regulus-cerpadlova-skupina-se-smesovanim-cse-mix-bp-r8-1f-21371-12096\/","title":{"rendered":"Zlevn\u011bn\u00fd Regulus \u010cerpadlov\u00e1 skupina se sm\u011b\u0161ov\u00e1n\u00edm CSE MIX-BP R8 1F &#8211; 21371"},"content":{"rendered":"<div class=\"ProductDetail-content NoFixImageContainer\" id=\"productDescription\">\n<div class=\"Heading\">\n<h2 class=\"Heading-title\">Popis produktu <span class=''>Regulus \u010cerpadlov\u00e1 skupina se sm\u011b\u0161ov\u00e1n\u00edm CSE MIX-BP R8 1F &#8211; 21371<\/span><\/h2>\n<\/p><\/div>\n<div class=\"ProductDetailContent\">\n<p>\u010cerpadlov\u00e1 skupina v&nbsp;izolaci s&nbsp;3c sm\u011b\u0161ovac\u00edm ventilem (Kvs = 10 m3\/h), bez pohonu, s&nbsp;n\u00edzkoenergetick\u00fdm \u010derpadlem Regulus RPA 25-8. P\u0159ipojen\u00ed 3 x 1&#8243; F.<\/p>\n<p>Zaji\u0161\u0165uje cirkulaci a sm\u011b\u0161ov\u00e1n\u00ed otopn\u00e9ho okruhu nebo okruhu zdroje na pevn\u00e1 paliva. V p\u0159\u00edpad\u011b pot\u0159eby lze ke sm\u011b\u0161ovac\u00edmu ventilu dokoupit servopohon typu Regulus AVC, ACC a AHC. Konkr\u00e9tn\u00ed typ a parametry pohonu volte dle instalovan\u00e9ho regul\u00e1toru. Regul\u00e1tor nen\u00ed sou\u010d\u00e1st\u00ed dod\u00e1vky.<\/p>\n<h3>Parametry<\/h3>\n<table class=\"table-params-response\">\n<thead>\n<tr>\n<th>Specifikace<\/th>\n<th>Hodnota<\/th>\n<\/tr>\n<\/thead>\n<tbody>\n<tr>\n<td>Pracovn\u00ed teplota kapaliny<\/td>\n<td>5\u201395 \u00b0C<\/td>\n<\/tr>\n<tr>\n<td>Max. pracovn\u00ed tlak<\/td>\n<td>10 bar<\/td>\n<\/tr>\n<tr>\n<td>Min. pracovn\u00ed tlak<\/td>\n<td>0,5 bar<\/td>\n<\/tr>\n<tr>\n<td>Teplota okol\u00ed<\/td>\n<td>5\u201340 \u00b0C<\/td>\n<\/tr>\n<tr>\n<td>Max. relativn\u00ed vlhkost<\/td>\n<td>80 % bez kondenzace<\/td>\n<\/tr>\n<tr>\n<td>Kvs sm\u011b\u0161ovac\u00edho ventilu<\/td>\n<td>10 m\u00b3\/h<\/td>\n<\/tr>\n<tr>\n<td>Net\u011bsnost sm\u011b\u0161ovac\u00edho ventilu<\/td>\n<td>&lt; 1 % Kvs p\u0159i rozd\u00edlu tlak\u016f 5 mH\u2082O<\/td>\n<\/tr>\n<tr>\n<td>Celkov\u00e9 rozm\u011bry<\/td>\n<td>305 x 135 x 195 mm<\/td>\n<\/tr>\n<tr>\n<td>Celkov\u00e1 hmotnost<\/td>\n<td>3,9 kg<\/td>\n<\/tr>\n<tr>\n<td>P\u0159ipojen\u00ed<\/td>\n<td>3 x G 1\u02ba F<\/td>\n<\/tr>\n<\/tbody>\n<\/table><\/div>\n<div class=\"ProductDetailContent\">                                                                    <\/div>\n<\/p><\/div>\n<\/p><\/div>\n<\/p><\/div>\n","protected":false},"excerpt":{"rendered":"<p>Popis produktu Regulus \u010cerpadlov\u00e1 skupina se sm\u011b\u0161ov\u00e1n\u00edm CSE MIX-BP R8 1F &#8211; 21371 \u010cerpadlov\u00e1 skupina v&nbsp;izolaci s&nbsp;3c sm\u011b\u0161ovac\u00edm ventilem (Kvs = 10 m3\/h), bez pohonu, s&nbsp;n\u00edzkoenergetick\u00fdm \u010derpadlem Regulus RPA 25-8. P\u0159ipojen\u00ed 3 x 1&#8243; F. Zaji\u0161\u0165uje cirkulaci a sm\u011b\u0161ov\u00e1n\u00ed otopn\u00e9ho okruhu nebo okruhu zdroje na pevn\u00e1 paliva. V p\u0159\u00edpad\u011b pot\u0159eby lze ke sm\u011b\u0161ovac\u00edmu ventilu dokoupit [&hellip;]<\/p>\n","protected":false},"featured_media":12196,"comment_status":"open","ping_status":"open","template":"","meta":[],"product_brand":[],"product_cat":[79],"product_tag":[],"class_list":{"0":"post-12096","1":"product","2":"type-product","3":"status-publish","4":"has-post-thumbnail","6":"product_cat-topeni","8":"first","9":"instock","10":"sale","11":"shipping-taxable","12":"purchasable","13":"product-type-simple"},"yoast_head":"<!-- This site is optimized with the Yoast SEO plugin v26.8 - https:\/\/yoast.com\/product\/yoast-seo-wordpress\/ -->\n<title>Zlevn\u011bn\u00fd Regulus \u010cerpadlov\u00e1 skupina se sm\u011b\u0161ov\u00e1n\u00edm CSE MIX-BP R8 1F - 21371 -<\/title>\n<meta name=\"robots\" content=\"index, follow, max-snippet:-1, max-image-preview:large, max-video-preview:-1\" \/>\n<link rel=\"canonical\" href=\"https:\/\/www.koupeltech.com\/index.php\/produkt\/zlevneny-regulus-cerpadlova-skupina-se-smesovanim-cse-mix-bp-r8-1f-21371-12096\/\" \/>\n<meta property=\"og:locale\" content=\"cs_CZ\" \/>\n<meta property=\"og:type\" content=\"article\" \/>\n<meta property=\"og:title\" content=\"Zlevn\u011bn\u00fd Regulus \u010cerpadlov\u00e1 skupina se sm\u011b\u0161ov\u00e1n\u00edm CSE MIX-BP R8 1F - 21371 -\" \/>\n<meta property=\"og:description\" content=\"Popis produktu Regulus \u010cerpadlov\u00e1 skupina se sm\u011b\u0161ov\u00e1n\u00edm CSE MIX-BP R8 1F &#8211; 21371 \u010cerpadlov\u00e1 skupina v&nbsp;izolaci s&nbsp;3c sm\u011b\u0161ovac\u00edm ventilem (Kvs = 10 m3\/h), bez pohonu, s&nbsp;n\u00edzkoenergetick\u00fdm \u010derpadlem Regulus RPA 25-8. P\u0159ipojen\u00ed 3 x 1&#8243; F. Zaji\u0161\u0165uje cirkulaci a sm\u011b\u0161ov\u00e1n\u00ed otopn\u00e9ho okruhu nebo okruhu zdroje na pevn\u00e1 paliva. V p\u0159\u00edpad\u011b pot\u0159eby lze ke sm\u011b\u0161ovac\u00edmu ventilu dokoupit [&hellip;]\" \/>\n<meta property=\"og:url\" content=\"https:\/\/www.koupeltech.com\/index.php\/produkt\/zlevneny-regulus-cerpadlova-skupina-se-smesovanim-cse-mix-bp-r8-1f-21371-12096\/\" \/>\n<meta property=\"og:image\" content=\"https:\/\/www.koupeltech.com\/wp-content\/uploads\/2026\/SK0023321-CZ20260425-092632-0-1777080397-regulus-cerpadlova-skupina-se-smesovanim-cse-mix-bp-r8-1f-2.webp\" \/>\n\t<meta property=\"og:image:width\" content=\"600\" \/>\n\t<meta property=\"og:image:height\" content=\"600\" \/>\n\t<meta property=\"og:image:type\" content=\"image\/webp\" \/>\n<meta name=\"twitter:card\" content=\"summary_large_image\" \/>\n<meta name=\"twitter:label1\" content=\"Odhadovan\u00e1 doba \u010dten\u00ed\" \/>\n\t<meta name=\"twitter:data1\" content=\"1 minuta\" \/>\n<script type=\"application\/ld+json\" class=\"yoast-schema-graph\">{\"@context\":\"https:\/\/schema.org\",\"@graph\":[{\"@type\":\"WebPage\",\"@id\":\"https:\/\/www.koupeltech.com\/index.php\/produkt\/zlevneny-regulus-cerpadlova-skupina-se-smesovanim-cse-mix-bp-r8-1f-21371-12096\/\",\"url\":\"https:\/\/www.koupeltech.com\/index.php\/produkt\/zlevneny-regulus-cerpadlova-skupina-se-smesovanim-cse-mix-bp-r8-1f-21371-12096\/\",\"name\":\"Zlevn\u011bn\u00fd Regulus \u010cerpadlov\u00e1 skupina se sm\u011b\u0161ov\u00e1n\u00edm CSE MIX-BP R8 1F - 21371 -\",\"isPartOf\":{\"@id\":\"https:\/\/www.koupeltech.com\/#website\"},\"primaryImageOfPage\":{\"@id\":\"https:\/\/www.koupeltech.com\/index.php\/produkt\/zlevneny-regulus-cerpadlova-skupina-se-smesovanim-cse-mix-bp-r8-1f-21371-12096\/#primaryimage\"},\"image\":{\"@id\":\"https:\/\/www.koupeltech.com\/index.php\/produkt\/zlevneny-regulus-cerpadlova-skupina-se-smesovanim-cse-mix-bp-r8-1f-21371-12096\/#primaryimage\"},\"thumbnailUrl\":\"https:\/\/www.koupeltech.com\/wp-content\/uploads\/2026\/SK0023321-CZ20260425-092632-0-1777080397-regulus-cerpadlova-skupina-se-smesovanim-cse-mix-bp-r8-1f-2.webp\",\"datePublished\":\"2026-04-27T13:57:35+00:00\",\"breadcrumb\":{\"@id\":\"https:\/\/www.koupeltech.com\/index.php\/produkt\/zlevneny-regulus-cerpadlova-skupina-se-smesovanim-cse-mix-bp-r8-1f-21371-12096\/#breadcrumb\"},\"inLanguage\":\"cs\",\"potentialAction\":[{\"@type\":\"ReadAction\",\"target\":[\"https:\/\/www.koupeltech.com\/index.php\/produkt\/zlevneny-regulus-cerpadlova-skupina-se-smesovanim-cse-mix-bp-r8-1f-21371-12096\/\"]}]},{\"@type\":\"ImageObject\",\"inLanguage\":\"cs\",\"@id\":\"https:\/\/www.koupeltech.com\/index.php\/produkt\/zlevneny-regulus-cerpadlova-skupina-se-smesovanim-cse-mix-bp-r8-1f-21371-12096\/#primaryimage\",\"url\":\"https:\/\/www.koupeltech.com\/wp-content\/uploads\/2026\/SK0023321-CZ20260425-092632-0-1777080397-regulus-cerpadlova-skupina-se-smesovanim-cse-mix-bp-r8-1f-2.webp\",\"contentUrl\":\"https:\/\/www.koupeltech.com\/wp-content\/uploads\/2026\/SK0023321-CZ20260425-092632-0-1777080397-regulus-cerpadlova-skupina-se-smesovanim-cse-mix-bp-r8-1f-2.webp\",\"width\":600,\"height\":600},{\"@type\":\"BreadcrumbList\",\"@id\":\"https:\/\/www.koupeltech.com\/index.php\/produkt\/zlevneny-regulus-cerpadlova-skupina-se-smesovanim-cse-mix-bp-r8-1f-21371-12096\/#breadcrumb\",\"itemListElement\":[{\"@type\":\"ListItem\",\"position\":1,\"name\":\"Home\",\"item\":\"https:\/\/www.koupeltech.com\/\"},{\"@type\":\"ListItem\",\"position\":2,\"name\":\"Products\",\"item\":\"https:\/\/www.koupeltech.com\/index.php\/products\/\"},{\"@type\":\"ListItem\",\"position\":3,\"name\":\"Zlevn\u011bn\u00fd Regulus \u010cerpadlov\u00e1 skupina se sm\u011b\u0161ov\u00e1n\u00edm CSE MIX-BP R8 1F &#8211; 21371\"}]},{\"@type\":\"WebSite\",\"@id\":\"https:\/\/www.koupeltech.com\/#website\",\"url\":\"https:\/\/www.koupeltech.com\/\",\"name\":\"\",\"description\":\"\",\"potentialAction\":[{\"@type\":\"SearchAction\",\"target\":{\"@type\":\"EntryPoint\",\"urlTemplate\":\"https:\/\/www.koupeltech.com\/?s={search_term_string}\"},\"query-input\":{\"@type\":\"PropertyValueSpecification\",\"valueRequired\":true,\"valueName\":\"search_term_string\"}}],\"inLanguage\":\"cs\"}]}<\/script>\n<!-- \/ Yoast SEO plugin. -->","yoast_head_json":{"title":"Zlevn\u011bn\u00fd Regulus \u010cerpadlov\u00e1 skupina se sm\u011b\u0161ov\u00e1n\u00edm CSE MIX-BP R8 1F - 21371 -","robots":{"index":"index","follow":"follow","max-snippet":"max-snippet:-1","max-image-preview":"max-image-preview:large","max-video-preview":"max-video-preview:-1"},"canonical":"https:\/\/www.koupeltech.com\/index.php\/produkt\/zlevneny-regulus-cerpadlova-skupina-se-smesovanim-cse-mix-bp-r8-1f-21371-12096\/","og_locale":"cs_CZ","og_type":"article","og_title":"Zlevn\u011bn\u00fd Regulus \u010cerpadlov\u00e1 skupina se sm\u011b\u0161ov\u00e1n\u00edm CSE MIX-BP R8 1F - 21371 -","og_description":"Popis produktu Regulus \u010cerpadlov\u00e1 skupina se sm\u011b\u0161ov\u00e1n\u00edm CSE MIX-BP R8 1F &#8211; 21371 \u010cerpadlov\u00e1 skupina v&nbsp;izolaci s&nbsp;3c sm\u011b\u0161ovac\u00edm ventilem (Kvs = 10 m3\/h), bez pohonu, s&nbsp;n\u00edzkoenergetick\u00fdm \u010derpadlem Regulus RPA 25-8. P\u0159ipojen\u00ed 3 x 1&#8243; F. Zaji\u0161\u0165uje cirkulaci a sm\u011b\u0161ov\u00e1n\u00ed otopn\u00e9ho okruhu nebo okruhu zdroje na pevn\u00e1 paliva. V p\u0159\u00edpad\u011b pot\u0159eby lze ke sm\u011b\u0161ovac\u00edmu ventilu dokoupit [&hellip;]","og_url":"https:\/\/www.koupeltech.com\/index.php\/produkt\/zlevneny-regulus-cerpadlova-skupina-se-smesovanim-cse-mix-bp-r8-1f-21371-12096\/","og_image":[{"width":600,"height":600,"url":"https:\/\/www.koupeltech.com\/wp-content\/uploads\/2026\/SK0023321-CZ20260425-092632-0-1777080397-regulus-cerpadlova-skupina-se-smesovanim-cse-mix-bp-r8-1f-2.webp","type":"image\/webp"}],"twitter_card":"summary_large_image","twitter_misc":{"Odhadovan\u00e1 doba \u010dten\u00ed":"1 minuta"},"schema":{"@context":"https:\/\/schema.org","@graph":[{"@type":"WebPage","@id":"https:\/\/www.koupeltech.com\/index.php\/produkt\/zlevneny-regulus-cerpadlova-skupina-se-smesovanim-cse-mix-bp-r8-1f-21371-12096\/","url":"https:\/\/www.koupeltech.com\/index.php\/produkt\/zlevneny-regulus-cerpadlova-skupina-se-smesovanim-cse-mix-bp-r8-1f-21371-12096\/","name":"Zlevn\u011bn\u00fd Regulus \u010cerpadlov\u00e1 skupina se sm\u011b\u0161ov\u00e1n\u00edm CSE MIX-BP R8 1F - 21371 -","isPartOf":{"@id":"https:\/\/www.koupeltech.com\/#website"},"primaryImageOfPage":{"@id":"https:\/\/www.koupeltech.com\/index.php\/produkt\/zlevneny-regulus-cerpadlova-skupina-se-smesovanim-cse-mix-bp-r8-1f-21371-12096\/#primaryimage"},"image":{"@id":"https:\/\/www.koupeltech.com\/index.php\/produkt\/zlevneny-regulus-cerpadlova-skupina-se-smesovanim-cse-mix-bp-r8-1f-21371-12096\/#primaryimage"},"thumbnailUrl":"https:\/\/www.koupeltech.com\/wp-content\/uploads\/2026\/SK0023321-CZ20260425-092632-0-1777080397-regulus-cerpadlova-skupina-se-smesovanim-cse-mix-bp-r8-1f-2.webp","datePublished":"2026-04-27T13:57:35+00:00","breadcrumb":{"@id":"https:\/\/www.koupeltech.com\/index.php\/produkt\/zlevneny-regulus-cerpadlova-skupina-se-smesovanim-cse-mix-bp-r8-1f-21371-12096\/#breadcrumb"},"inLanguage":"cs","potentialAction":[{"@type":"ReadAction","target":["https:\/\/www.koupeltech.com\/index.php\/produkt\/zlevneny-regulus-cerpadlova-skupina-se-smesovanim-cse-mix-bp-r8-1f-21371-12096\/"]}]},{"@type":"ImageObject","inLanguage":"cs","@id":"https:\/\/www.koupeltech.com\/index.php\/produkt\/zlevneny-regulus-cerpadlova-skupina-se-smesovanim-cse-mix-bp-r8-1f-21371-12096\/#primaryimage","url":"https:\/\/www.koupeltech.com\/wp-content\/uploads\/2026\/SK0023321-CZ20260425-092632-0-1777080397-regulus-cerpadlova-skupina-se-smesovanim-cse-mix-bp-r8-1f-2.webp","contentUrl":"https:\/\/www.koupeltech.com\/wp-content\/uploads\/2026\/SK0023321-CZ20260425-092632-0-1777080397-regulus-cerpadlova-skupina-se-smesovanim-cse-mix-bp-r8-1f-2.webp","width":600,"height":600},{"@type":"BreadcrumbList","@id":"https:\/\/www.koupeltech.com\/index.php\/produkt\/zlevneny-regulus-cerpadlova-skupina-se-smesovanim-cse-mix-bp-r8-1f-21371-12096\/#breadcrumb","itemListElement":[{"@type":"ListItem","position":1,"name":"Home","item":"https:\/\/www.koupeltech.com\/"},{"@type":"ListItem","position":2,"name":"Products","item":"https:\/\/www.koupeltech.com\/index.php\/products\/"},{"@type":"ListItem","position":3,"name":"Zlevn\u011bn\u00fd Regulus \u010cerpadlov\u00e1 skupina se sm\u011b\u0161ov\u00e1n\u00edm CSE MIX-BP R8 1F &#8211; 21371"}]},{"@type":"WebSite","@id":"https:\/\/www.koupeltech.com\/#website","url":"https:\/\/www.koupeltech.com\/","name":"","description":"","potentialAction":[{"@type":"SearchAction","target":{"@type":"EntryPoint","urlTemplate":"https:\/\/www.koupeltech.com\/?s={search_term_string}"},"query-input":{"@type":"PropertyValueSpecification","valueRequired":true,"valueName":"search_term_string"}}],"inLanguage":"cs"}]}},"_links":{"self":[{"href":"https:\/\/www.koupeltech.com\/index.php\/wp-json\/wp\/v2\/product\/12096","targetHints":{"allow":["GET"]}}],"collection":[{"href":"https:\/\/www.koupeltech.com\/index.php\/wp-json\/wp\/v2\/product"}],"about":[{"href":"https:\/\/www.koupeltech.com\/index.php\/wp-json\/wp\/v2\/types\/product"}],"replies":[{"embeddable":true,"href":"https:\/\/www.koupeltech.com\/index.php\/wp-json\/wp\/v2\/comments?post=12096"}],"wp:featuredmedia":[{"embeddable":true,"href":"https:\/\/www.koupeltech.com\/index.php\/wp-json\/wp\/v2\/media\/12196"}],"wp:attachment":[{"href":"https:\/\/www.koupeltech.com\/index.php\/wp-json\/wp\/v2\/media?parent=12096"}],"wp:term":[{"taxonomy":"product_brand","embeddable":true,"href":"https:\/\/www.koupeltech.com\/index.php\/wp-json\/wp\/v2\/product_brand?post=12096"},{"taxonomy":"product_cat","embeddable":true,"href":"https:\/\/www.koupeltech.com\/index.php\/wp-json\/wp\/v2\/product_cat?post=12096"},{"taxonomy":"product_tag","embeddable":true,"href":"https:\/\/www.koupeltech.com\/index.php\/wp-json\/wp\/v2\/product_tag?post=12096"}],"curies":[{"name":"wp","href":"https:\/\/api.w.org\/{rel}","templated":true}]}}