{"id":12099,"date":"2026-04-27T13:57:35","date_gmt":"2026-04-27T13:57:35","guid":{"rendered":""},"modified":"2026-04-27T13:57:35","modified_gmt":"2026-04-27T13:57:35","slug":"regulus-akumulacni-nadrz-bez-izolace-ps-300-e-21428-nizka-cena-12099","status":"publish","type":"product","link":"https:\/\/www.koupeltech.com\/index.php\/produkt\/regulus-akumulacni-nadrz-bez-izolace-ps-300-e-21428-nizka-cena-12099\/","title":{"rendered":"Regulus Akumula\u010dn\u00ed n\u00e1dr\u017e bez izolace PS 300 E &#8211; 21428 N\u00edzk\u00e1 Cena"},"content":{"rendered":"<div class=\"ProductDetail-content NoFixImageContainer\" id=\"productDescription\">\n<div class=\"Heading\">\n<h2 class=\"Heading-title\">Popis produktu <span class=''>Regulus Akumula\u010dn\u00ed n\u00e1dr\u017e bez izolace PS 300 E &#8211; 21428<\/span><\/h2>\n<\/p><\/div>\n<div class=\"ProductDetailContent\">\n<p>N\u00e1dr\u017e ur\u010den\u00e1 k&nbsp;akumulaci a&nbsp;n\u00e1sledn\u00e9 distribuci tepeln\u00e9 energie z&nbsp;kotl\u016f na pevn\u00e1 paliva, tepeln\u00fdch \u010derpadel p\u0159\u00edpadn\u011b jin\u00fdch zdroj\u016f tepla. N\u00e1dr\u017e m\u00e1 5 n\u00e1vark\u016f G 6\/4&#8243; pro p\u0159ipojen\u00ed tepeln\u00fdch zdroj\u016f a&nbsp;z\u00e1t\u011b\u017e\u00ed nebo vlo\u017een\u00ed el. topn\u00fdch t\u011bles.<\/p>\n<h3><strong>Technick\u00e9 \u00fadaje<\/strong><\/h3>\n<ul>\n<li><strong>Celkov\u00fd objem n\u00e1dr\u017ee:<\/strong> 280 l<\/li>\n<li><strong>Max. pracovn\u00ed teplota v n\u00e1dr\u017ei:<\/strong> 95 \u00b0C<\/li>\n<li><strong>Min. pracovn\u00ed teplota v n\u00e1dr\u017ei:<\/strong> 7 \u00b0C<\/li>\n<li><strong>Max. pracovn\u00ed tlak v n\u00e1dr\u017ei:<\/strong> 4 bar<\/li>\n<li><strong>Pr\u016fm\u011br n\u00e1dr\u017ee:<\/strong> 550 mm<\/li>\n<li><strong>Pr\u016fm\u011br n\u00e1dr\u017ee s izolac\u00ed:<\/strong> 750 mm<\/li>\n<li><strong>Celkov\u00e1 v\u00fd\u0161ka n\u00e1dr\u017ee:<\/strong> 1405 mm<\/li>\n<li><strong>Klopn\u00e1 v\u00fd\u0161ka bez izolace:<\/strong> 1430 mm<\/li>\n<li><strong>Tlou\u0161\u0165ka izolace pl\u00e1\u0161t\u011b n\u00e1dr\u017ee:<\/strong> 100 mm<\/li>\n<li><strong>Tlou\u0161\u0165ka izolace dna n\u00e1dr\u017ee:<\/strong> 50 mm<\/li>\n<li><strong>Tlou\u0161\u0165ka izolace v\u00edka n\u00e1dr\u017ee:<\/strong> 100 mm<\/li>\n<li><strong>Hmotnost pr\u00e1zdn\u00e9 n\u00e1dr\u017ee bez izolace:<\/strong> 45 kg<\/li>\n<\/ul>\n<h3><strong>Materi\u00e1ly<\/strong><\/h3>\n<ul>\n<li><strong>Materi\u00e1l pl\u00e1\u0161t\u011b n\u00e1dr\u017ee:<\/strong> S235JR<\/li>\n<li><strong>Materi\u00e1l izolace pl\u00e1\u0161t\u011b n\u00e1dr\u017ee:<\/strong> fl\u00eds + z\u00e1slepky z PP<\/li>\n<li><strong>Vn\u011bj\u0161\u00ed povrch izolace pl\u00e1\u0161t\u011b n\u00e1dr\u017ee:<\/strong> tvrd\u00fd polystyren<\/li>\n<li><strong>Izolace dna a vrchn\u00ed \u010d\u00e1sti n\u00e1dr\u017ee:<\/strong> fl\u00eds<\/li>\n<li><strong>Tepeln\u00e1 vodivost izolace:<\/strong> \u03bb \u2264 0,037 W\/mK<\/li>\n<li><strong>Tepeln\u00e1 odolnost (kr\u00e1tkodob\u00e1 \/ dlouhodob\u00e1):<\/strong> 150 \/ 100 \u00b0C<\/li>\n<li><strong>T\u0159\u00edda reakce na ohe\u0148:<\/strong> E<\/li>\n<\/ul><\/div>\n<div class=\"ProductDetailContent\">                                                                    <\/div>\n<\/p><\/div>\n<\/p><\/div>\n<\/p><\/div>\n","protected":false},"excerpt":{"rendered":"<p>Popis produktu Regulus Akumula\u010dn\u00ed n\u00e1dr\u017e bez izolace PS 300 E &#8211; 21428 N\u00e1dr\u017e ur\u010den\u00e1 k&nbsp;akumulaci a&nbsp;n\u00e1sledn\u00e9 distribuci tepeln\u00e9 energie z&nbsp;kotl\u016f na pevn\u00e1 paliva, tepeln\u00fdch \u010derpadel p\u0159\u00edpadn\u011b jin\u00fdch zdroj\u016f tepla. N\u00e1dr\u017e m\u00e1 5 n\u00e1vark\u016f G 6\/4&#8243; pro p\u0159ipojen\u00ed tepeln\u00fdch zdroj\u016f a&nbsp;z\u00e1t\u011b\u017e\u00ed nebo vlo\u017een\u00ed el. topn\u00fdch t\u011bles. Technick\u00e9 \u00fadaje Celkov\u00fd objem n\u00e1dr\u017ee: 280 l Max. pracovn\u00ed teplota [&hellip;]<\/p>\n","protected":false},"featured_media":12199,"comment_status":"open","ping_status":"open","template":"","meta":[],"product_brand":[],"product_cat":[79],"product_tag":[],"class_list":{"0":"post-12099","1":"product","2":"type-product","3":"status-publish","4":"has-post-thumbnail","6":"product_cat-topeni","8":"first","9":"instock","10":"sale","11":"shipping-taxable","12":"purchasable","13":"product-type-simple"},"yoast_head":"<!-- This site is optimized with the Yoast SEO plugin v26.8 - https:\/\/yoast.com\/product\/yoast-seo-wordpress\/ -->\n<title>Regulus Akumula\u010dn\u00ed n\u00e1dr\u017e bez izolace PS 300 E - 21428 N\u00edzk\u00e1 Cena -<\/title>\n<meta name=\"robots\" content=\"index, follow, max-snippet:-1, max-image-preview:large, max-video-preview:-1\" \/>\n<link rel=\"canonical\" href=\"https:\/\/www.koupeltech.com\/index.php\/produkt\/regulus-akumulacni-nadrz-bez-izolace-ps-300-e-21428-nizka-cena-12099\/\" \/>\n<meta property=\"og:locale\" content=\"cs_CZ\" \/>\n<meta property=\"og:type\" content=\"article\" \/>\n<meta property=\"og:title\" content=\"Regulus Akumula\u010dn\u00ed n\u00e1dr\u017e bez izolace PS 300 E - 21428 N\u00edzk\u00e1 Cena -\" \/>\n<meta property=\"og:description\" content=\"Popis produktu Regulus Akumula\u010dn\u00ed n\u00e1dr\u017e bez izolace PS 300 E &#8211; 21428 N\u00e1dr\u017e ur\u010den\u00e1 k&nbsp;akumulaci a&nbsp;n\u00e1sledn\u00e9 distribuci tepeln\u00e9 energie z&nbsp;kotl\u016f na pevn\u00e1 paliva, tepeln\u00fdch \u010derpadel p\u0159\u00edpadn\u011b jin\u00fdch zdroj\u016f tepla. N\u00e1dr\u017e m\u00e1 5 n\u00e1vark\u016f G 6\/4&#8243; pro p\u0159ipojen\u00ed tepeln\u00fdch zdroj\u016f a&nbsp;z\u00e1t\u011b\u017e\u00ed nebo vlo\u017een\u00ed el. topn\u00fdch t\u011bles. Technick\u00e9 \u00fadaje Celkov\u00fd objem n\u00e1dr\u017ee: 280 l Max. pracovn\u00ed teplota [&hellip;]\" \/>\n<meta property=\"og:url\" content=\"https:\/\/www.koupeltech.com\/index.php\/produkt\/regulus-akumulacni-nadrz-bez-izolace-ps-300-e-21428-nizka-cena-12099\/\" \/>\n<meta property=\"og:image\" content=\"https:\/\/www.koupeltech.com\/wp-content\/uploads\/2026\/SK0023326-CZ20260425-092632-0-1777080397-regulus-akumulacni-nadrz-bez-izolace-ps-300-e-21428-1239022.webp\" \/>\n\t<meta property=\"og:image:width\" content=\"600\" \/>\n\t<meta property=\"og:image:height\" content=\"600\" \/>\n\t<meta property=\"og:image:type\" content=\"image\/webp\" \/>\n<meta name=\"twitter:card\" content=\"summary_large_image\" \/>\n<meta name=\"twitter:label1\" content=\"Odhadovan\u00e1 doba \u010dten\u00ed\" \/>\n\t<meta name=\"twitter:data1\" content=\"1 minuta\" \/>\n<script type=\"application\/ld+json\" class=\"yoast-schema-graph\">{\"@context\":\"https:\/\/schema.org\",\"@graph\":[{\"@type\":\"WebPage\",\"@id\":\"https:\/\/www.koupeltech.com\/index.php\/produkt\/regulus-akumulacni-nadrz-bez-izolace-ps-300-e-21428-nizka-cena-12099\/\",\"url\":\"https:\/\/www.koupeltech.com\/index.php\/produkt\/regulus-akumulacni-nadrz-bez-izolace-ps-300-e-21428-nizka-cena-12099\/\",\"name\":\"Regulus Akumula\u010dn\u00ed n\u00e1dr\u017e bez izolace PS 300 E - 21428 N\u00edzk\u00e1 Cena -\",\"isPartOf\":{\"@id\":\"https:\/\/www.koupeltech.com\/#website\"},\"primaryImageOfPage\":{\"@id\":\"https:\/\/www.koupeltech.com\/index.php\/produkt\/regulus-akumulacni-nadrz-bez-izolace-ps-300-e-21428-nizka-cena-12099\/#primaryimage\"},\"image\":{\"@id\":\"https:\/\/www.koupeltech.com\/index.php\/produkt\/regulus-akumulacni-nadrz-bez-izolace-ps-300-e-21428-nizka-cena-12099\/#primaryimage\"},\"thumbnailUrl\":\"https:\/\/www.koupeltech.com\/wp-content\/uploads\/2026\/SK0023326-CZ20260425-092632-0-1777080397-regulus-akumulacni-nadrz-bez-izolace-ps-300-e-21428-1239022.webp\",\"datePublished\":\"2026-04-27T13:57:35+00:00\",\"breadcrumb\":{\"@id\":\"https:\/\/www.koupeltech.com\/index.php\/produkt\/regulus-akumulacni-nadrz-bez-izolace-ps-300-e-21428-nizka-cena-12099\/#breadcrumb\"},\"inLanguage\":\"cs\",\"potentialAction\":[{\"@type\":\"ReadAction\",\"target\":[\"https:\/\/www.koupeltech.com\/index.php\/produkt\/regulus-akumulacni-nadrz-bez-izolace-ps-300-e-21428-nizka-cena-12099\/\"]}]},{\"@type\":\"ImageObject\",\"inLanguage\":\"cs\",\"@id\":\"https:\/\/www.koupeltech.com\/index.php\/produkt\/regulus-akumulacni-nadrz-bez-izolace-ps-300-e-21428-nizka-cena-12099\/#primaryimage\",\"url\":\"https:\/\/www.koupeltech.com\/wp-content\/uploads\/2026\/SK0023326-CZ20260425-092632-0-1777080397-regulus-akumulacni-nadrz-bez-izolace-ps-300-e-21428-1239022.webp\",\"contentUrl\":\"https:\/\/www.koupeltech.com\/wp-content\/uploads\/2026\/SK0023326-CZ20260425-092632-0-1777080397-regulus-akumulacni-nadrz-bez-izolace-ps-300-e-21428-1239022.webp\",\"width\":600,\"height\":600},{\"@type\":\"BreadcrumbList\",\"@id\":\"https:\/\/www.koupeltech.com\/index.php\/produkt\/regulus-akumulacni-nadrz-bez-izolace-ps-300-e-21428-nizka-cena-12099\/#breadcrumb\",\"itemListElement\":[{\"@type\":\"ListItem\",\"position\":1,\"name\":\"Home\",\"item\":\"https:\/\/www.koupeltech.com\/\"},{\"@type\":\"ListItem\",\"position\":2,\"name\":\"Products\",\"item\":\"https:\/\/www.koupeltech.com\/index.php\/products\/\"},{\"@type\":\"ListItem\",\"position\":3,\"name\":\"Regulus Akumula\u010dn\u00ed n\u00e1dr\u017e bez izolace PS 300 E &#8211; 21428 N\u00edzk\u00e1 Cena\"}]},{\"@type\":\"WebSite\",\"@id\":\"https:\/\/www.koupeltech.com\/#website\",\"url\":\"https:\/\/www.koupeltech.com\/\",\"name\":\"\",\"description\":\"\",\"potentialAction\":[{\"@type\":\"SearchAction\",\"target\":{\"@type\":\"EntryPoint\",\"urlTemplate\":\"https:\/\/www.koupeltech.com\/?s={search_term_string}\"},\"query-input\":{\"@type\":\"PropertyValueSpecification\",\"valueRequired\":true,\"valueName\":\"search_term_string\"}}],\"inLanguage\":\"cs\"}]}<\/script>\n<!-- \/ Yoast SEO plugin. -->","yoast_head_json":{"title":"Regulus Akumula\u010dn\u00ed n\u00e1dr\u017e bez izolace PS 300 E - 21428 N\u00edzk\u00e1 Cena -","robots":{"index":"index","follow":"follow","max-snippet":"max-snippet:-1","max-image-preview":"max-image-preview:large","max-video-preview":"max-video-preview:-1"},"canonical":"https:\/\/www.koupeltech.com\/index.php\/produkt\/regulus-akumulacni-nadrz-bez-izolace-ps-300-e-21428-nizka-cena-12099\/","og_locale":"cs_CZ","og_type":"article","og_title":"Regulus Akumula\u010dn\u00ed n\u00e1dr\u017e bez izolace PS 300 E - 21428 N\u00edzk\u00e1 Cena -","og_description":"Popis produktu Regulus Akumula\u010dn\u00ed n\u00e1dr\u017e bez izolace PS 300 E &#8211; 21428 N\u00e1dr\u017e ur\u010den\u00e1 k&nbsp;akumulaci a&nbsp;n\u00e1sledn\u00e9 distribuci tepeln\u00e9 energie z&nbsp;kotl\u016f na pevn\u00e1 paliva, tepeln\u00fdch \u010derpadel p\u0159\u00edpadn\u011b jin\u00fdch zdroj\u016f tepla. N\u00e1dr\u017e m\u00e1 5 n\u00e1vark\u016f G 6\/4&#8243; pro p\u0159ipojen\u00ed tepeln\u00fdch zdroj\u016f a&nbsp;z\u00e1t\u011b\u017e\u00ed nebo vlo\u017een\u00ed el. topn\u00fdch t\u011bles. Technick\u00e9 \u00fadaje Celkov\u00fd objem n\u00e1dr\u017ee: 280 l Max. pracovn\u00ed teplota [&hellip;]","og_url":"https:\/\/www.koupeltech.com\/index.php\/produkt\/regulus-akumulacni-nadrz-bez-izolace-ps-300-e-21428-nizka-cena-12099\/","og_image":[{"width":600,"height":600,"url":"https:\/\/www.koupeltech.com\/wp-content\/uploads\/2026\/SK0023326-CZ20260425-092632-0-1777080397-regulus-akumulacni-nadrz-bez-izolace-ps-300-e-21428-1239022.webp","type":"image\/webp"}],"twitter_card":"summary_large_image","twitter_misc":{"Odhadovan\u00e1 doba \u010dten\u00ed":"1 minuta"},"schema":{"@context":"https:\/\/schema.org","@graph":[{"@type":"WebPage","@id":"https:\/\/www.koupeltech.com\/index.php\/produkt\/regulus-akumulacni-nadrz-bez-izolace-ps-300-e-21428-nizka-cena-12099\/","url":"https:\/\/www.koupeltech.com\/index.php\/produkt\/regulus-akumulacni-nadrz-bez-izolace-ps-300-e-21428-nizka-cena-12099\/","name":"Regulus Akumula\u010dn\u00ed n\u00e1dr\u017e bez izolace PS 300 E - 21428 N\u00edzk\u00e1 Cena -","isPartOf":{"@id":"https:\/\/www.koupeltech.com\/#website"},"primaryImageOfPage":{"@id":"https:\/\/www.koupeltech.com\/index.php\/produkt\/regulus-akumulacni-nadrz-bez-izolace-ps-300-e-21428-nizka-cena-12099\/#primaryimage"},"image":{"@id":"https:\/\/www.koupeltech.com\/index.php\/produkt\/regulus-akumulacni-nadrz-bez-izolace-ps-300-e-21428-nizka-cena-12099\/#primaryimage"},"thumbnailUrl":"https:\/\/www.koupeltech.com\/wp-content\/uploads\/2026\/SK0023326-CZ20260425-092632-0-1777080397-regulus-akumulacni-nadrz-bez-izolace-ps-300-e-21428-1239022.webp","datePublished":"2026-04-27T13:57:35+00:00","breadcrumb":{"@id":"https:\/\/www.koupeltech.com\/index.php\/produkt\/regulus-akumulacni-nadrz-bez-izolace-ps-300-e-21428-nizka-cena-12099\/#breadcrumb"},"inLanguage":"cs","potentialAction":[{"@type":"ReadAction","target":["https:\/\/www.koupeltech.com\/index.php\/produkt\/regulus-akumulacni-nadrz-bez-izolace-ps-300-e-21428-nizka-cena-12099\/"]}]},{"@type":"ImageObject","inLanguage":"cs","@id":"https:\/\/www.koupeltech.com\/index.php\/produkt\/regulus-akumulacni-nadrz-bez-izolace-ps-300-e-21428-nizka-cena-12099\/#primaryimage","url":"https:\/\/www.koupeltech.com\/wp-content\/uploads\/2026\/SK0023326-CZ20260425-092632-0-1777080397-regulus-akumulacni-nadrz-bez-izolace-ps-300-e-21428-1239022.webp","contentUrl":"https:\/\/www.koupeltech.com\/wp-content\/uploads\/2026\/SK0023326-CZ20260425-092632-0-1777080397-regulus-akumulacni-nadrz-bez-izolace-ps-300-e-21428-1239022.webp","width":600,"height":600},{"@type":"BreadcrumbList","@id":"https:\/\/www.koupeltech.com\/index.php\/produkt\/regulus-akumulacni-nadrz-bez-izolace-ps-300-e-21428-nizka-cena-12099\/#breadcrumb","itemListElement":[{"@type":"ListItem","position":1,"name":"Home","item":"https:\/\/www.koupeltech.com\/"},{"@type":"ListItem","position":2,"name":"Products","item":"https:\/\/www.koupeltech.com\/index.php\/products\/"},{"@type":"ListItem","position":3,"name":"Regulus Akumula\u010dn\u00ed n\u00e1dr\u017e bez izolace PS 300 E &#8211; 21428 N\u00edzk\u00e1 Cena"}]},{"@type":"WebSite","@id":"https:\/\/www.koupeltech.com\/#website","url":"https:\/\/www.koupeltech.com\/","name":"","description":"","potentialAction":[{"@type":"SearchAction","target":{"@type":"EntryPoint","urlTemplate":"https:\/\/www.koupeltech.com\/?s={search_term_string}"},"query-input":{"@type":"PropertyValueSpecification","valueRequired":true,"valueName":"search_term_string"}}],"inLanguage":"cs"}]}},"_links":{"self":[{"href":"https:\/\/www.koupeltech.com\/index.php\/wp-json\/wp\/v2\/product\/12099","targetHints":{"allow":["GET"]}}],"collection":[{"href":"https:\/\/www.koupeltech.com\/index.php\/wp-json\/wp\/v2\/product"}],"about":[{"href":"https:\/\/www.koupeltech.com\/index.php\/wp-json\/wp\/v2\/types\/product"}],"replies":[{"embeddable":true,"href":"https:\/\/www.koupeltech.com\/index.php\/wp-json\/wp\/v2\/comments?post=12099"}],"wp:featuredmedia":[{"embeddable":true,"href":"https:\/\/www.koupeltech.com\/index.php\/wp-json\/wp\/v2\/media\/12199"}],"wp:attachment":[{"href":"https:\/\/www.koupeltech.com\/index.php\/wp-json\/wp\/v2\/media?parent=12099"}],"wp:term":[{"taxonomy":"product_brand","embeddable":true,"href":"https:\/\/www.koupeltech.com\/index.php\/wp-json\/wp\/v2\/product_brand?post=12099"},{"taxonomy":"product_cat","embeddable":true,"href":"https:\/\/www.koupeltech.com\/index.php\/wp-json\/wp\/v2\/product_cat?post=12099"},{"taxonomy":"product_tag","embeddable":true,"href":"https:\/\/www.koupeltech.com\/index.php\/wp-json\/wp\/v2\/product_tag?post=12099"}],"curies":[{"name":"wp","href":"https:\/\/api.w.org\/{rel}","templated":true}]}}