{"id":12100,"date":"2026-04-27T13:57:35","date_gmt":"2026-04-27T13:57:35","guid":{"rendered":""},"modified":"2026-04-27T13:57:35","modified_gmt":"2026-04-27T13:57:35","slug":"regulus-cerpadlova-skupina-cse2-mix-f-fix-g60-1f-21448-tovarni-cena-12100","status":"publish","type":"product","link":"https:\/\/www.koupeltech.com\/index.php\/produkt\/regulus-cerpadlova-skupina-cse2-mix-f-fix-g60-1f-21448-tovarni-cena-12100\/","title":{"rendered":"Regulus \u010cerpadlov\u00e1 skupina CSE2 MIX F FIX G60 1F &#8211; 21448 Tov\u00e1rn\u00ed Cena"},"content":{"rendered":"<div class=\"ProductDetail-content NoFixImageContainer\" id=\"productDescription\">\n<div class=\"Heading\">\n<h2 class=\"Heading-title\">Popis produktu <span class=''>Regulus \u010cerpadlov\u00e1 skupina CSE2 MIX F FIX G60 1F &#8211; 21448<\/span><\/h2>\n<\/p><\/div>\n<div class=\"ProductDetailContent\">\n<p><strong>Dvoutrubkov\u00e1 \u010derpadlov\u00e1 skupina<\/strong> s&nbsp;n\u00edzkoenergetick\u00fdm ob\u011bhov\u00fdm \u010derpadlem <strong>Grundfos UPM3 AUTO 25-60<\/strong>, filtrem s&nbsp;magnetem, sm\u011b\u0161ovac\u00edm ventilem s&nbsp;pohonem na konstantn\u00ed teplotu, zp\u011btn\u00fdm ventilem pod filtrem, kulov\u00fdmi kohouty, teplom\u011bry a&nbsp;\u0161rouben\u00edmi pro p\u0159ipojen\u00ed k&nbsp;rozd\u011blova\u010di. <strong>P\u0159ipojovac\u00ed rozte\u010d 125 mm<\/strong>. Umo\u017e\u0148uje uzav\u0159en\u00ed otopn\u00fdch okruh\u016f, kontrolu teplot a&nbsp;snadn\u00fd servis.<\/p>\n<h3>Parametry<\/h3>\n<table class=\"table-params-response\">\n<thead>\n<tr>\n<th>Specifikace<\/th>\n<th>Hodnota<\/th>\n<\/tr>\n<\/thead>\n<tbody>\n<tr>\n<td>Pracovn\u00ed teplota kapaliny<\/td>\n<td>5\u201395 \u00b0C<\/td>\n<\/tr>\n<tr>\n<td>Max. pracovn\u00ed tlak<\/td>\n<td>10 bar<\/td>\n<\/tr>\n<tr>\n<td>Min. pracovn\u00ed tlak<\/td>\n<td>0,5 bar<\/td>\n<\/tr>\n<tr>\n<td>Teplota okol\u00ed<\/td>\n<td>5\u201340 \u00b0C<\/td>\n<\/tr>\n<tr>\n<td>Max. relativn\u00ed vlhkost<\/td>\n<td>80 % bez kondenzace<\/td>\n<\/tr>\n<tr>\n<td>Max. p\u0159\u00edkon \u010derpadlov\u00e9 skupiny<\/td>\n<td>67 W<\/td>\n<\/tr>\n<tr>\n<td>Nap\u00e1jen\u00ed \u010derpadla<\/td>\n<td>230 V, 50 Hz<\/td>\n<\/tr>\n<tr>\n<td>Max. proud do \u010derpadla<\/td>\n<td>0,65 A<\/td>\n<\/tr>\n<tr>\n<td>Kroutic\u00ed moment pohonu sm\u011b\u0161. ventilu<\/td>\n<td>6 Nm<\/td>\n<\/tr>\n<tr>\n<td>\u00dahel oto\u010den\u00ed pohonu sm\u011b\u0161. ventilu<\/td>\n<td>90\u00b0<\/td>\n<\/tr>\n<tr>\n<td>Doba p\u0159estaven\u00ed pohonu sm\u011b\u0161. ventilu<\/td>\n<td>120 s<\/td>\n<\/tr>\n<tr>\n<td>Nap\u00e1jen\u00ed a ovl\u00e1d\u00e1n\u00ed pohonu sm\u011b\u0161. ventilu<\/td>\n<td>230 V, 50 Hz<\/td>\n<\/tr>\n<tr>\n<td>Kvs sm\u011b\u0161ovac\u00edho ventilu<\/td>\n<td>6,3 m\u00b3\/h<\/td>\n<\/tr>\n<tr>\n<td>Rozsah nastaven\u00ed v\u00fdstupn\u00ed teploty<\/td>\n<td>10\u201395 \u00b0C<\/td>\n<\/tr>\n<tr>\n<td>Max. rozd\u00edl tlak\u016f<\/td>\n<td>5 mH\u2082O (na vstupech sm\u011b\u0161ovac\u00edho ventilu)<\/td>\n<\/tr>\n<tr>\n<td>Net\u011bsnost<\/td>\n<td>&lt; 1 % Kvs p\u0159i rozd\u00edlu tlak\u016f 5 mH\u2082O (na vstupech sm\u011b\u0161ovac\u00edho ventilu)<\/td>\n<\/tr>\n<tr>\n<td>Materi\u00e1l izolace<\/td>\n<td>EPP RG 60 g\/l<\/td>\n<\/tr>\n<tr>\n<td>Celkov\u00e9 rozm\u011bry<\/td>\n<td>360 \u00d7 181 \u00d7 245 mm<\/td>\n<\/tr>\n<tr>\n<td>Celkov\u00e1 hmotnost<\/td>\n<td>6,7 kg<\/td>\n<\/tr>\n<tr>\n<td>P\u0159ipojen\u00ed<\/td>\n<td>4 \u00d7 G 1&#8243; F<\/td>\n<\/tr>\n<\/tbody>\n<\/table><\/div>\n<div class=\"ProductDetailContent\">                                                                    <\/div>\n<\/p><\/div>\n<\/p><\/div>\n<\/p><\/div>\n","protected":false},"excerpt":{"rendered":"<p>Popis produktu Regulus \u010cerpadlov\u00e1 skupina CSE2 MIX F FIX G60 1F &#8211; 21448 Dvoutrubkov\u00e1 \u010derpadlov\u00e1 skupina s&nbsp;n\u00edzkoenergetick\u00fdm ob\u011bhov\u00fdm \u010derpadlem Grundfos UPM3 AUTO 25-60, filtrem s&nbsp;magnetem, sm\u011b\u0161ovac\u00edm ventilem s&nbsp;pohonem na konstantn\u00ed teplotu, zp\u011btn\u00fdm ventilem pod filtrem, kulov\u00fdmi kohouty, teplom\u011bry a&nbsp;\u0161rouben\u00edmi pro p\u0159ipojen\u00ed k&nbsp;rozd\u011blova\u010di. P\u0159ipojovac\u00ed rozte\u010d 125 mm. Umo\u017e\u0148uje uzav\u0159en\u00ed otopn\u00fdch okruh\u016f, kontrolu teplot a&nbsp;snadn\u00fd servis. Parametry [&hellip;]<\/p>\n","protected":false},"featured_media":12200,"comment_status":"open","ping_status":"open","template":"","meta":[],"product_brand":[],"product_cat":[79],"product_tag":[],"class_list":{"0":"post-12100","1":"product","2":"type-product","3":"status-publish","4":"has-post-thumbnail","6":"product_cat-topeni","8":"first","9":"instock","10":"sale","11":"shipping-taxable","12":"purchasable","13":"product-type-simple"},"yoast_head":"<!-- This site is optimized with the Yoast SEO plugin v26.8 - https:\/\/yoast.com\/product\/yoast-seo-wordpress\/ -->\n<title>Regulus \u010cerpadlov\u00e1 skupina CSE2 MIX F FIX G60 1F - 21448 Tov\u00e1rn\u00ed Cena -<\/title>\n<meta name=\"robots\" content=\"index, follow, max-snippet:-1, max-image-preview:large, max-video-preview:-1\" \/>\n<link rel=\"canonical\" href=\"https:\/\/www.koupeltech.com\/index.php\/produkt\/regulus-cerpadlova-skupina-cse2-mix-f-fix-g60-1f-21448-tovarni-cena-12100\/\" \/>\n<meta property=\"og:locale\" content=\"cs_CZ\" \/>\n<meta property=\"og:type\" content=\"article\" \/>\n<meta property=\"og:title\" content=\"Regulus \u010cerpadlov\u00e1 skupina CSE2 MIX F FIX G60 1F - 21448 Tov\u00e1rn\u00ed Cena -\" \/>\n<meta property=\"og:description\" content=\"Popis produktu Regulus \u010cerpadlov\u00e1 skupina CSE2 MIX F FIX G60 1F &#8211; 21448 Dvoutrubkov\u00e1 \u010derpadlov\u00e1 skupina s&nbsp;n\u00edzkoenergetick\u00fdm ob\u011bhov\u00fdm \u010derpadlem Grundfos UPM3 AUTO 25-60, filtrem s&nbsp;magnetem, sm\u011b\u0161ovac\u00edm ventilem s&nbsp;pohonem na konstantn\u00ed teplotu, zp\u011btn\u00fdm ventilem pod filtrem, kulov\u00fdmi kohouty, teplom\u011bry a&nbsp;\u0161rouben\u00edmi pro p\u0159ipojen\u00ed k&nbsp;rozd\u011blova\u010di. P\u0159ipojovac\u00ed rozte\u010d 125 mm. Umo\u017e\u0148uje uzav\u0159en\u00ed otopn\u00fdch okruh\u016f, kontrolu teplot a&nbsp;snadn\u00fd servis. Parametry [&hellip;]\" \/>\n<meta property=\"og:url\" content=\"https:\/\/www.koupeltech.com\/index.php\/produkt\/regulus-cerpadlova-skupina-cse2-mix-f-fix-g60-1f-21448-tovarni-cena-12100\/\" \/>\n<meta property=\"og:image\" content=\"https:\/\/www.koupeltech.com\/wp-content\/uploads\/2026\/SK0023327-CZ20260425-092632-0-1777080397-regulus-cerpadlova-skupina-cse2-mix-f-fix-g60-1f-21448-9975.webp\" \/>\n\t<meta property=\"og:image:width\" content=\"600\" \/>\n\t<meta property=\"og:image:height\" content=\"600\" \/>\n\t<meta property=\"og:image:type\" content=\"image\/webp\" \/>\n<meta name=\"twitter:card\" content=\"summary_large_image\" \/>\n<meta name=\"twitter:label1\" content=\"Odhadovan\u00e1 doba \u010dten\u00ed\" \/>\n\t<meta name=\"twitter:data1\" content=\"1 minuta\" \/>\n<script type=\"application\/ld+json\" class=\"yoast-schema-graph\">{\"@context\":\"https:\/\/schema.org\",\"@graph\":[{\"@type\":\"WebPage\",\"@id\":\"https:\/\/www.koupeltech.com\/index.php\/produkt\/regulus-cerpadlova-skupina-cse2-mix-f-fix-g60-1f-21448-tovarni-cena-12100\/\",\"url\":\"https:\/\/www.koupeltech.com\/index.php\/produkt\/regulus-cerpadlova-skupina-cse2-mix-f-fix-g60-1f-21448-tovarni-cena-12100\/\",\"name\":\"Regulus \u010cerpadlov\u00e1 skupina CSE2 MIX F FIX G60 1F - 21448 Tov\u00e1rn\u00ed Cena -\",\"isPartOf\":{\"@id\":\"https:\/\/www.koupeltech.com\/#website\"},\"primaryImageOfPage\":{\"@id\":\"https:\/\/www.koupeltech.com\/index.php\/produkt\/regulus-cerpadlova-skupina-cse2-mix-f-fix-g60-1f-21448-tovarni-cena-12100\/#primaryimage\"},\"image\":{\"@id\":\"https:\/\/www.koupeltech.com\/index.php\/produkt\/regulus-cerpadlova-skupina-cse2-mix-f-fix-g60-1f-21448-tovarni-cena-12100\/#primaryimage\"},\"thumbnailUrl\":\"https:\/\/www.koupeltech.com\/wp-content\/uploads\/2026\/SK0023327-CZ20260425-092632-0-1777080397-regulus-cerpadlova-skupina-cse2-mix-f-fix-g60-1f-21448-9975.webp\",\"datePublished\":\"2026-04-27T13:57:35+00:00\",\"breadcrumb\":{\"@id\":\"https:\/\/www.koupeltech.com\/index.php\/produkt\/regulus-cerpadlova-skupina-cse2-mix-f-fix-g60-1f-21448-tovarni-cena-12100\/#breadcrumb\"},\"inLanguage\":\"cs\",\"potentialAction\":[{\"@type\":\"ReadAction\",\"target\":[\"https:\/\/www.koupeltech.com\/index.php\/produkt\/regulus-cerpadlova-skupina-cse2-mix-f-fix-g60-1f-21448-tovarni-cena-12100\/\"]}]},{\"@type\":\"ImageObject\",\"inLanguage\":\"cs\",\"@id\":\"https:\/\/www.koupeltech.com\/index.php\/produkt\/regulus-cerpadlova-skupina-cse2-mix-f-fix-g60-1f-21448-tovarni-cena-12100\/#primaryimage\",\"url\":\"https:\/\/www.koupeltech.com\/wp-content\/uploads\/2026\/SK0023327-CZ20260425-092632-0-1777080397-regulus-cerpadlova-skupina-cse2-mix-f-fix-g60-1f-21448-9975.webp\",\"contentUrl\":\"https:\/\/www.koupeltech.com\/wp-content\/uploads\/2026\/SK0023327-CZ20260425-092632-0-1777080397-regulus-cerpadlova-skupina-cse2-mix-f-fix-g60-1f-21448-9975.webp\",\"width\":600,\"height\":600},{\"@type\":\"BreadcrumbList\",\"@id\":\"https:\/\/www.koupeltech.com\/index.php\/produkt\/regulus-cerpadlova-skupina-cse2-mix-f-fix-g60-1f-21448-tovarni-cena-12100\/#breadcrumb\",\"itemListElement\":[{\"@type\":\"ListItem\",\"position\":1,\"name\":\"Home\",\"item\":\"https:\/\/www.koupeltech.com\/\"},{\"@type\":\"ListItem\",\"position\":2,\"name\":\"Products\",\"item\":\"https:\/\/www.koupeltech.com\/index.php\/products\/\"},{\"@type\":\"ListItem\",\"position\":3,\"name\":\"Regulus \u010cerpadlov\u00e1 skupina CSE2 MIX F FIX G60 1F &#8211; 21448 Tov\u00e1rn\u00ed Cena\"}]},{\"@type\":\"WebSite\",\"@id\":\"https:\/\/www.koupeltech.com\/#website\",\"url\":\"https:\/\/www.koupeltech.com\/\",\"name\":\"\",\"description\":\"\",\"potentialAction\":[{\"@type\":\"SearchAction\",\"target\":{\"@type\":\"EntryPoint\",\"urlTemplate\":\"https:\/\/www.koupeltech.com\/?s={search_term_string}\"},\"query-input\":{\"@type\":\"PropertyValueSpecification\",\"valueRequired\":true,\"valueName\":\"search_term_string\"}}],\"inLanguage\":\"cs\"}]}<\/script>\n<!-- \/ Yoast SEO plugin. -->","yoast_head_json":{"title":"Regulus \u010cerpadlov\u00e1 skupina CSE2 MIX F FIX G60 1F - 21448 Tov\u00e1rn\u00ed Cena -","robots":{"index":"index","follow":"follow","max-snippet":"max-snippet:-1","max-image-preview":"max-image-preview:large","max-video-preview":"max-video-preview:-1"},"canonical":"https:\/\/www.koupeltech.com\/index.php\/produkt\/regulus-cerpadlova-skupina-cse2-mix-f-fix-g60-1f-21448-tovarni-cena-12100\/","og_locale":"cs_CZ","og_type":"article","og_title":"Regulus \u010cerpadlov\u00e1 skupina CSE2 MIX F FIX G60 1F - 21448 Tov\u00e1rn\u00ed Cena -","og_description":"Popis produktu Regulus \u010cerpadlov\u00e1 skupina CSE2 MIX F FIX G60 1F &#8211; 21448 Dvoutrubkov\u00e1 \u010derpadlov\u00e1 skupina s&nbsp;n\u00edzkoenergetick\u00fdm ob\u011bhov\u00fdm \u010derpadlem Grundfos UPM3 AUTO 25-60, filtrem s&nbsp;magnetem, sm\u011b\u0161ovac\u00edm ventilem s&nbsp;pohonem na konstantn\u00ed teplotu, zp\u011btn\u00fdm ventilem pod filtrem, kulov\u00fdmi kohouty, teplom\u011bry a&nbsp;\u0161rouben\u00edmi pro p\u0159ipojen\u00ed k&nbsp;rozd\u011blova\u010di. P\u0159ipojovac\u00ed rozte\u010d 125 mm. Umo\u017e\u0148uje uzav\u0159en\u00ed otopn\u00fdch okruh\u016f, kontrolu teplot a&nbsp;snadn\u00fd servis. Parametry [&hellip;]","og_url":"https:\/\/www.koupeltech.com\/index.php\/produkt\/regulus-cerpadlova-skupina-cse2-mix-f-fix-g60-1f-21448-tovarni-cena-12100\/","og_image":[{"width":600,"height":600,"url":"https:\/\/www.koupeltech.com\/wp-content\/uploads\/2026\/SK0023327-CZ20260425-092632-0-1777080397-regulus-cerpadlova-skupina-cse2-mix-f-fix-g60-1f-21448-9975.webp","type":"image\/webp"}],"twitter_card":"summary_large_image","twitter_misc":{"Odhadovan\u00e1 doba \u010dten\u00ed":"1 minuta"},"schema":{"@context":"https:\/\/schema.org","@graph":[{"@type":"WebPage","@id":"https:\/\/www.koupeltech.com\/index.php\/produkt\/regulus-cerpadlova-skupina-cse2-mix-f-fix-g60-1f-21448-tovarni-cena-12100\/","url":"https:\/\/www.koupeltech.com\/index.php\/produkt\/regulus-cerpadlova-skupina-cse2-mix-f-fix-g60-1f-21448-tovarni-cena-12100\/","name":"Regulus \u010cerpadlov\u00e1 skupina CSE2 MIX F FIX G60 1F - 21448 Tov\u00e1rn\u00ed Cena -","isPartOf":{"@id":"https:\/\/www.koupeltech.com\/#website"},"primaryImageOfPage":{"@id":"https:\/\/www.koupeltech.com\/index.php\/produkt\/regulus-cerpadlova-skupina-cse2-mix-f-fix-g60-1f-21448-tovarni-cena-12100\/#primaryimage"},"image":{"@id":"https:\/\/www.koupeltech.com\/index.php\/produkt\/regulus-cerpadlova-skupina-cse2-mix-f-fix-g60-1f-21448-tovarni-cena-12100\/#primaryimage"},"thumbnailUrl":"https:\/\/www.koupeltech.com\/wp-content\/uploads\/2026\/SK0023327-CZ20260425-092632-0-1777080397-regulus-cerpadlova-skupina-cse2-mix-f-fix-g60-1f-21448-9975.webp","datePublished":"2026-04-27T13:57:35+00:00","breadcrumb":{"@id":"https:\/\/www.koupeltech.com\/index.php\/produkt\/regulus-cerpadlova-skupina-cse2-mix-f-fix-g60-1f-21448-tovarni-cena-12100\/#breadcrumb"},"inLanguage":"cs","potentialAction":[{"@type":"ReadAction","target":["https:\/\/www.koupeltech.com\/index.php\/produkt\/regulus-cerpadlova-skupina-cse2-mix-f-fix-g60-1f-21448-tovarni-cena-12100\/"]}]},{"@type":"ImageObject","inLanguage":"cs","@id":"https:\/\/www.koupeltech.com\/index.php\/produkt\/regulus-cerpadlova-skupina-cse2-mix-f-fix-g60-1f-21448-tovarni-cena-12100\/#primaryimage","url":"https:\/\/www.koupeltech.com\/wp-content\/uploads\/2026\/SK0023327-CZ20260425-092632-0-1777080397-regulus-cerpadlova-skupina-cse2-mix-f-fix-g60-1f-21448-9975.webp","contentUrl":"https:\/\/www.koupeltech.com\/wp-content\/uploads\/2026\/SK0023327-CZ20260425-092632-0-1777080397-regulus-cerpadlova-skupina-cse2-mix-f-fix-g60-1f-21448-9975.webp","width":600,"height":600},{"@type":"BreadcrumbList","@id":"https:\/\/www.koupeltech.com\/index.php\/produkt\/regulus-cerpadlova-skupina-cse2-mix-f-fix-g60-1f-21448-tovarni-cena-12100\/#breadcrumb","itemListElement":[{"@type":"ListItem","position":1,"name":"Home","item":"https:\/\/www.koupeltech.com\/"},{"@type":"ListItem","position":2,"name":"Products","item":"https:\/\/www.koupeltech.com\/index.php\/products\/"},{"@type":"ListItem","position":3,"name":"Regulus \u010cerpadlov\u00e1 skupina CSE2 MIX F FIX G60 1F &#8211; 21448 Tov\u00e1rn\u00ed Cena"}]},{"@type":"WebSite","@id":"https:\/\/www.koupeltech.com\/#website","url":"https:\/\/www.koupeltech.com\/","name":"","description":"","potentialAction":[{"@type":"SearchAction","target":{"@type":"EntryPoint","urlTemplate":"https:\/\/www.koupeltech.com\/?s={search_term_string}"},"query-input":{"@type":"PropertyValueSpecification","valueRequired":true,"valueName":"search_term_string"}}],"inLanguage":"cs"}]}},"_links":{"self":[{"href":"https:\/\/www.koupeltech.com\/index.php\/wp-json\/wp\/v2\/product\/12100","targetHints":{"allow":["GET"]}}],"collection":[{"href":"https:\/\/www.koupeltech.com\/index.php\/wp-json\/wp\/v2\/product"}],"about":[{"href":"https:\/\/www.koupeltech.com\/index.php\/wp-json\/wp\/v2\/types\/product"}],"replies":[{"embeddable":true,"href":"https:\/\/www.koupeltech.com\/index.php\/wp-json\/wp\/v2\/comments?post=12100"}],"wp:featuredmedia":[{"embeddable":true,"href":"https:\/\/www.koupeltech.com\/index.php\/wp-json\/wp\/v2\/media\/12200"}],"wp:attachment":[{"href":"https:\/\/www.koupeltech.com\/index.php\/wp-json\/wp\/v2\/media?parent=12100"}],"wp:term":[{"taxonomy":"product_brand","embeddable":true,"href":"https:\/\/www.koupeltech.com\/index.php\/wp-json\/wp\/v2\/product_brand?post=12100"},{"taxonomy":"product_cat","embeddable":true,"href":"https:\/\/www.koupeltech.com\/index.php\/wp-json\/wp\/v2\/product_cat?post=12100"},{"taxonomy":"product_tag","embeddable":true,"href":"https:\/\/www.koupeltech.com\/index.php\/wp-json\/wp\/v2\/product_tag?post=12100"}],"curies":[{"name":"wp","href":"https:\/\/api.w.org\/{rel}","templated":true}]}}