{"id":12101,"date":"2026-04-27T13:57:35","date_gmt":"2026-04-27T13:57:35","guid":{"rendered":""},"modified":"2026-04-27T13:57:35","modified_gmt":"2026-04-27T13:57:35","slug":"finalni-vyprodej-regulus-cerpadlova-skupina-termostaticka-rgmat-r8-1-quot-kk-12101","status":"publish","type":"product","link":"https:\/\/www.koupeltech.com\/index.php\/produkt\/finalni-vyprodej-regulus-cerpadlova-skupina-termostaticka-rgmat-r8-1-quot-kk-12101\/","title":{"rendered":"Fin\u00e1ln\u00ed V\u00fdprodej Regulus \u010cerpadlov\u00e1 skupina termostatick\u00e1 RGMAT R8 1&quot; KK"},"content":{"rendered":"<div class=\"ProductDetail-content NoFixImageContainer\" id=\"productDescription\">\n<div class=\"Heading\">\n<h2 class=\"Heading-title\">Popis produktu <span class=''>Regulus \u010cerpadlov\u00e1 skupina termostatick\u00e1 RGMAT R8 1&quot; KK<\/span><\/h2>\n<\/p><\/div>\n<div class=\"ProductDetailContent\">\n<p>\u010cerpadlov\u00e1 skupina k&nbsp;udr\u017eov\u00e1n\u00ed vstupn\u00ed teploty do kotle (krbu) pomoc\u00ed termostatick\u00e9ho ventilu. Zabra\u0148uje n\u00edzkoteplotn\u00ed korozi a&nbsp;zan\u00e1\u0161en\u00ed kotle. Skl\u00e1d\u00e1 se z&nbsp;\u010derpadla Regulus RPA 25-8, 3 ks kulov\u00e9ho kohoutu s&nbsp;p\u0159evle\u010dnou matic\u00ed, teplom\u011bru, ventilu TSV5B a&nbsp;izolace. K&nbsp;dispozici varianta s&nbsp;otev\u00edrac\u00ed teplotou 55 a&nbsp;65 \u00b0C.<\/p>\n<h3><strong>Technick\u00e9 parametry<\/strong><\/h3>\n<ul>\n<li>Pracovn\u00ed teplota kapaliny: 5\u201395 \u00b0C<\/li>\n<li>Max. pracovn\u00ed tlak: 6 bar<\/li>\n<li>Min. pracovn\u00ed tlak: 0,5 bar<\/li>\n<li>Teplota okol\u00ed: 5\u201340 \u00b0C<\/li>\n<li>Max. relativn\u00ed vlhkost: 80 % bez kondenzace<\/li>\n<li>Regula\u010dn\u00ed rozsah termostatick\u00e9ho sm\u011b\u0161ovac\u00edho ventilu \u2013 otev\u00edrac\u00ed teplota: +5 \u00b0C<\/li>\n<li>Kvs termostat. sm\u011b\u0161ovac\u00edho ventilu (sm\u011br A \u25ba AB): 7,3 m\u00b3\/h<\/li>\n<li>Kvs termostat. sm\u011b\u0161ovac\u00edho ventilu (sm\u011br B \u25ba AB): 7,3 m\u00b3\/h<\/li>\n<li>Ochrana motoru \u010derpadla: vestav\u011bn\u00e1<\/li>\n<li>Celkov\u00e9 rozm\u011bry: 350 \u00d7 185 \u00d7 155 mm<\/li>\n<li>Celkov\u00e1 hmotnost: 4,2 kg<\/li>\n<li>P\u0159ipojen\u00ed: 3 \u00d7 G 1&#8243; F<\/li>\n<\/ul>\n<p><strong>Elektrick\u00e9 parametry<\/strong><\/p>\n<ul>\n<li>Nap\u00e1jen\u00ed: 230 V, 50 Hz<\/li>\n<li>Max. p\u0159\u00edkon: 65 W<\/li>\n<li>Max. proud: 0,65 A<\/li>\n<li>Elektrick\u00e9 kryt\u00ed: IP44<\/li>\n<\/ul>\n<p><strong>Materi\u00e1ly<\/strong><\/p>\n<ul>\n<li>Izolace: EPP RG 60 g\/l<\/li>\n<li>Termostatick\u00fd sm\u011b\u0161ovac\u00ed ventil a \u0161rouben\u00ed: mosaz<\/li>\n<li>T\u011bsn\u011bn\u00ed termostatick\u00e9ho \u010dlenu a z\u00e1tky: EPDM<\/li>\n<li>T\u011bsn\u011bn\u00ed ku\u017eelky termostatick\u00e9ho sm\u011b\u0161ovac\u00edho ventilu: NBR<\/li>\n<\/ul><\/div>\n<div class=\"ProductDetailContent\">                                                                    <\/div>\n<\/p><\/div>\n<\/p><\/div>\n<\/p><\/div>\n","protected":false},"excerpt":{"rendered":"<p>Popis produktu Regulus \u010cerpadlov\u00e1 skupina termostatick\u00e1 RGMAT R8 1&quot; KK \u010cerpadlov\u00e1 skupina k&nbsp;udr\u017eov\u00e1n\u00ed vstupn\u00ed teploty do kotle (krbu) pomoc\u00ed termostatick\u00e9ho ventilu. Zabra\u0148uje n\u00edzkoteplotn\u00ed korozi a&nbsp;zan\u00e1\u0161en\u00ed kotle. Skl\u00e1d\u00e1 se z&nbsp;\u010derpadla Regulus RPA 25-8, 3 ks kulov\u00e9ho kohoutu s&nbsp;p\u0159evle\u010dnou matic\u00ed, teplom\u011bru, ventilu TSV5B a&nbsp;izolace. K&nbsp;dispozici varianta s&nbsp;otev\u00edrac\u00ed teplotou 55 a&nbsp;65 \u00b0C. Technick\u00e9 parametry Pracovn\u00ed teplota kapaliny: 5\u201395 [&hellip;]<\/p>\n","protected":false},"featured_media":12201,"comment_status":"open","ping_status":"open","template":"","meta":[],"product_brand":[],"product_cat":[79],"product_tag":[],"class_list":{"0":"post-12101","1":"product","2":"type-product","3":"status-publish","4":"has-post-thumbnail","6":"product_cat-topeni","8":"first","9":"instock","10":"sale","11":"shipping-taxable","12":"purchasable","13":"product-type-simple"},"yoast_head":"<!-- This site is optimized with the Yoast SEO plugin v26.8 - https:\/\/yoast.com\/product\/yoast-seo-wordpress\/ -->\n<title>Fin\u00e1ln\u00ed V\u00fdprodej Regulus \u010cerpadlov\u00e1 skupina termostatick\u00e1 RGMAT R8 1&quot; KK -<\/title>\n<meta name=\"robots\" content=\"index, follow, max-snippet:-1, max-image-preview:large, max-video-preview:-1\" \/>\n<link rel=\"canonical\" href=\"https:\/\/www.koupeltech.com\/index.php\/produkt\/finalni-vyprodej-regulus-cerpadlova-skupina-termostaticka-rgmat-r8-1-quot-kk-12101\/\" \/>\n<meta property=\"og:locale\" content=\"cs_CZ\" \/>\n<meta property=\"og:type\" content=\"article\" \/>\n<meta property=\"og:title\" content=\"Fin\u00e1ln\u00ed V\u00fdprodej Regulus \u010cerpadlov\u00e1 skupina termostatick\u00e1 RGMAT R8 1&quot; KK -\" \/>\n<meta property=\"og:description\" content=\"Popis produktu Regulus \u010cerpadlov\u00e1 skupina termostatick\u00e1 RGMAT R8 1&quot; KK \u010cerpadlov\u00e1 skupina k&nbsp;udr\u017eov\u00e1n\u00ed vstupn\u00ed teploty do kotle (krbu) pomoc\u00ed termostatick\u00e9ho ventilu. Zabra\u0148uje n\u00edzkoteplotn\u00ed korozi a&nbsp;zan\u00e1\u0161en\u00ed kotle. Skl\u00e1d\u00e1 se z&nbsp;\u010derpadla Regulus RPA 25-8, 3 ks kulov\u00e9ho kohoutu s&nbsp;p\u0159evle\u010dnou matic\u00ed, teplom\u011bru, ventilu TSV5B a&nbsp;izolace. K&nbsp;dispozici varianta s&nbsp;otev\u00edrac\u00ed teplotou 55 a&nbsp;65 \u00b0C. Technick\u00e9 parametry Pracovn\u00ed teplota kapaliny: 5\u201395 [&hellip;]\" \/>\n<meta property=\"og:url\" content=\"https:\/\/www.koupeltech.com\/index.php\/produkt\/finalni-vyprodej-regulus-cerpadlova-skupina-termostaticka-rgmat-r8-1-quot-kk-12101\/\" \/>\n<meta property=\"og:image\" content=\"https:\/\/www.koupeltech.com\/wp-content\/uploads\/2026\/SK0023328-CZ20260425-092632-0-1777080397-regulus-cerpadlova-skupina-termostaticka-rgmat-r8-1-quot-kk.webp\" \/>\n\t<meta property=\"og:image:width\" content=\"600\" \/>\n\t<meta property=\"og:image:height\" content=\"428\" \/>\n\t<meta property=\"og:image:type\" content=\"image\/webp\" \/>\n<meta name=\"twitter:card\" content=\"summary_large_image\" \/>\n<meta name=\"twitter:label1\" content=\"Odhadovan\u00e1 doba \u010dten\u00ed\" \/>\n\t<meta name=\"twitter:data1\" content=\"1 minuta\" \/>\n<script type=\"application\/ld+json\" class=\"yoast-schema-graph\">{\"@context\":\"https:\/\/schema.org\",\"@graph\":[{\"@type\":\"WebPage\",\"@id\":\"https:\/\/www.koupeltech.com\/index.php\/produkt\/finalni-vyprodej-regulus-cerpadlova-skupina-termostaticka-rgmat-r8-1-quot-kk-12101\/\",\"url\":\"https:\/\/www.koupeltech.com\/index.php\/produkt\/finalni-vyprodej-regulus-cerpadlova-skupina-termostaticka-rgmat-r8-1-quot-kk-12101\/\",\"name\":\"Fin\u00e1ln\u00ed V\u00fdprodej Regulus \u010cerpadlov\u00e1 skupina termostatick\u00e1 RGMAT R8 1&quot; KK -\",\"isPartOf\":{\"@id\":\"https:\/\/www.koupeltech.com\/#website\"},\"primaryImageOfPage\":{\"@id\":\"https:\/\/www.koupeltech.com\/index.php\/produkt\/finalni-vyprodej-regulus-cerpadlova-skupina-termostaticka-rgmat-r8-1-quot-kk-12101\/#primaryimage\"},\"image\":{\"@id\":\"https:\/\/www.koupeltech.com\/index.php\/produkt\/finalni-vyprodej-regulus-cerpadlova-skupina-termostaticka-rgmat-r8-1-quot-kk-12101\/#primaryimage\"},\"thumbnailUrl\":\"https:\/\/www.koupeltech.com\/wp-content\/uploads\/2026\/SK0023328-CZ20260425-092632-0-1777080397-regulus-cerpadlova-skupina-termostaticka-rgmat-r8-1-quot-kk.webp\",\"datePublished\":\"2026-04-27T13:57:35+00:00\",\"breadcrumb\":{\"@id\":\"https:\/\/www.koupeltech.com\/index.php\/produkt\/finalni-vyprodej-regulus-cerpadlova-skupina-termostaticka-rgmat-r8-1-quot-kk-12101\/#breadcrumb\"},\"inLanguage\":\"cs\",\"potentialAction\":[{\"@type\":\"ReadAction\",\"target\":[\"https:\/\/www.koupeltech.com\/index.php\/produkt\/finalni-vyprodej-regulus-cerpadlova-skupina-termostaticka-rgmat-r8-1-quot-kk-12101\/\"]}]},{\"@type\":\"ImageObject\",\"inLanguage\":\"cs\",\"@id\":\"https:\/\/www.koupeltech.com\/index.php\/produkt\/finalni-vyprodej-regulus-cerpadlova-skupina-termostaticka-rgmat-r8-1-quot-kk-12101\/#primaryimage\",\"url\":\"https:\/\/www.koupeltech.com\/wp-content\/uploads\/2026\/SK0023328-CZ20260425-092632-0-1777080397-regulus-cerpadlova-skupina-termostaticka-rgmat-r8-1-quot-kk.webp\",\"contentUrl\":\"https:\/\/www.koupeltech.com\/wp-content\/uploads\/2026\/SK0023328-CZ20260425-092632-0-1777080397-regulus-cerpadlova-skupina-termostaticka-rgmat-r8-1-quot-kk.webp\",\"width\":600,\"height\":428},{\"@type\":\"BreadcrumbList\",\"@id\":\"https:\/\/www.koupeltech.com\/index.php\/produkt\/finalni-vyprodej-regulus-cerpadlova-skupina-termostaticka-rgmat-r8-1-quot-kk-12101\/#breadcrumb\",\"itemListElement\":[{\"@type\":\"ListItem\",\"position\":1,\"name\":\"Home\",\"item\":\"https:\/\/www.koupeltech.com\/\"},{\"@type\":\"ListItem\",\"position\":2,\"name\":\"Products\",\"item\":\"https:\/\/www.koupeltech.com\/index.php\/products\/\"},{\"@type\":\"ListItem\",\"position\":3,\"name\":\"Fin\u00e1ln\u00ed V\u00fdprodej Regulus \u010cerpadlov\u00e1 skupina termostatick\u00e1 RGMAT R8 1&quot; KK\"}]},{\"@type\":\"WebSite\",\"@id\":\"https:\/\/www.koupeltech.com\/#website\",\"url\":\"https:\/\/www.koupeltech.com\/\",\"name\":\"\",\"description\":\"\",\"potentialAction\":[{\"@type\":\"SearchAction\",\"target\":{\"@type\":\"EntryPoint\",\"urlTemplate\":\"https:\/\/www.koupeltech.com\/?s={search_term_string}\"},\"query-input\":{\"@type\":\"PropertyValueSpecification\",\"valueRequired\":true,\"valueName\":\"search_term_string\"}}],\"inLanguage\":\"cs\"}]}<\/script>\n<!-- \/ Yoast SEO plugin. -->","yoast_head_json":{"title":"Fin\u00e1ln\u00ed V\u00fdprodej Regulus \u010cerpadlov\u00e1 skupina termostatick\u00e1 RGMAT R8 1&quot; KK -","robots":{"index":"index","follow":"follow","max-snippet":"max-snippet:-1","max-image-preview":"max-image-preview:large","max-video-preview":"max-video-preview:-1"},"canonical":"https:\/\/www.koupeltech.com\/index.php\/produkt\/finalni-vyprodej-regulus-cerpadlova-skupina-termostaticka-rgmat-r8-1-quot-kk-12101\/","og_locale":"cs_CZ","og_type":"article","og_title":"Fin\u00e1ln\u00ed V\u00fdprodej Regulus \u010cerpadlov\u00e1 skupina termostatick\u00e1 RGMAT R8 1&quot; KK -","og_description":"Popis produktu Regulus \u010cerpadlov\u00e1 skupina termostatick\u00e1 RGMAT R8 1&quot; KK \u010cerpadlov\u00e1 skupina k&nbsp;udr\u017eov\u00e1n\u00ed vstupn\u00ed teploty do kotle (krbu) pomoc\u00ed termostatick\u00e9ho ventilu. Zabra\u0148uje n\u00edzkoteplotn\u00ed korozi a&nbsp;zan\u00e1\u0161en\u00ed kotle. Skl\u00e1d\u00e1 se z&nbsp;\u010derpadla Regulus RPA 25-8, 3 ks kulov\u00e9ho kohoutu s&nbsp;p\u0159evle\u010dnou matic\u00ed, teplom\u011bru, ventilu TSV5B a&nbsp;izolace. K&nbsp;dispozici varianta s&nbsp;otev\u00edrac\u00ed teplotou 55 a&nbsp;65 \u00b0C. Technick\u00e9 parametry Pracovn\u00ed teplota kapaliny: 5\u201395 [&hellip;]","og_url":"https:\/\/www.koupeltech.com\/index.php\/produkt\/finalni-vyprodej-regulus-cerpadlova-skupina-termostaticka-rgmat-r8-1-quot-kk-12101\/","og_image":[{"width":600,"height":428,"url":"https:\/\/www.koupeltech.com\/wp-content\/uploads\/2026\/SK0023328-CZ20260425-092632-0-1777080397-regulus-cerpadlova-skupina-termostaticka-rgmat-r8-1-quot-kk.webp","type":"image\/webp"}],"twitter_card":"summary_large_image","twitter_misc":{"Odhadovan\u00e1 doba \u010dten\u00ed":"1 minuta"},"schema":{"@context":"https:\/\/schema.org","@graph":[{"@type":"WebPage","@id":"https:\/\/www.koupeltech.com\/index.php\/produkt\/finalni-vyprodej-regulus-cerpadlova-skupina-termostaticka-rgmat-r8-1-quot-kk-12101\/","url":"https:\/\/www.koupeltech.com\/index.php\/produkt\/finalni-vyprodej-regulus-cerpadlova-skupina-termostaticka-rgmat-r8-1-quot-kk-12101\/","name":"Fin\u00e1ln\u00ed V\u00fdprodej Regulus \u010cerpadlov\u00e1 skupina termostatick\u00e1 RGMAT R8 1&quot; KK -","isPartOf":{"@id":"https:\/\/www.koupeltech.com\/#website"},"primaryImageOfPage":{"@id":"https:\/\/www.koupeltech.com\/index.php\/produkt\/finalni-vyprodej-regulus-cerpadlova-skupina-termostaticka-rgmat-r8-1-quot-kk-12101\/#primaryimage"},"image":{"@id":"https:\/\/www.koupeltech.com\/index.php\/produkt\/finalni-vyprodej-regulus-cerpadlova-skupina-termostaticka-rgmat-r8-1-quot-kk-12101\/#primaryimage"},"thumbnailUrl":"https:\/\/www.koupeltech.com\/wp-content\/uploads\/2026\/SK0023328-CZ20260425-092632-0-1777080397-regulus-cerpadlova-skupina-termostaticka-rgmat-r8-1-quot-kk.webp","datePublished":"2026-04-27T13:57:35+00:00","breadcrumb":{"@id":"https:\/\/www.koupeltech.com\/index.php\/produkt\/finalni-vyprodej-regulus-cerpadlova-skupina-termostaticka-rgmat-r8-1-quot-kk-12101\/#breadcrumb"},"inLanguage":"cs","potentialAction":[{"@type":"ReadAction","target":["https:\/\/www.koupeltech.com\/index.php\/produkt\/finalni-vyprodej-regulus-cerpadlova-skupina-termostaticka-rgmat-r8-1-quot-kk-12101\/"]}]},{"@type":"ImageObject","inLanguage":"cs","@id":"https:\/\/www.koupeltech.com\/index.php\/produkt\/finalni-vyprodej-regulus-cerpadlova-skupina-termostaticka-rgmat-r8-1-quot-kk-12101\/#primaryimage","url":"https:\/\/www.koupeltech.com\/wp-content\/uploads\/2026\/SK0023328-CZ20260425-092632-0-1777080397-regulus-cerpadlova-skupina-termostaticka-rgmat-r8-1-quot-kk.webp","contentUrl":"https:\/\/www.koupeltech.com\/wp-content\/uploads\/2026\/SK0023328-CZ20260425-092632-0-1777080397-regulus-cerpadlova-skupina-termostaticka-rgmat-r8-1-quot-kk.webp","width":600,"height":428},{"@type":"BreadcrumbList","@id":"https:\/\/www.koupeltech.com\/index.php\/produkt\/finalni-vyprodej-regulus-cerpadlova-skupina-termostaticka-rgmat-r8-1-quot-kk-12101\/#breadcrumb","itemListElement":[{"@type":"ListItem","position":1,"name":"Home","item":"https:\/\/www.koupeltech.com\/"},{"@type":"ListItem","position":2,"name":"Products","item":"https:\/\/www.koupeltech.com\/index.php\/products\/"},{"@type":"ListItem","position":3,"name":"Fin\u00e1ln\u00ed V\u00fdprodej Regulus \u010cerpadlov\u00e1 skupina termostatick\u00e1 RGMAT R8 1&quot; KK"}]},{"@type":"WebSite","@id":"https:\/\/www.koupeltech.com\/#website","url":"https:\/\/www.koupeltech.com\/","name":"","description":"","potentialAction":[{"@type":"SearchAction","target":{"@type":"EntryPoint","urlTemplate":"https:\/\/www.koupeltech.com\/?s={search_term_string}"},"query-input":{"@type":"PropertyValueSpecification","valueRequired":true,"valueName":"search_term_string"}}],"inLanguage":"cs"}]}},"_links":{"self":[{"href":"https:\/\/www.koupeltech.com\/index.php\/wp-json\/wp\/v2\/product\/12101","targetHints":{"allow":["GET"]}}],"collection":[{"href":"https:\/\/www.koupeltech.com\/index.php\/wp-json\/wp\/v2\/product"}],"about":[{"href":"https:\/\/www.koupeltech.com\/index.php\/wp-json\/wp\/v2\/types\/product"}],"replies":[{"embeddable":true,"href":"https:\/\/www.koupeltech.com\/index.php\/wp-json\/wp\/v2\/comments?post=12101"}],"wp:featuredmedia":[{"embeddable":true,"href":"https:\/\/www.koupeltech.com\/index.php\/wp-json\/wp\/v2\/media\/12201"}],"wp:attachment":[{"href":"https:\/\/www.koupeltech.com\/index.php\/wp-json\/wp\/v2\/media?parent=12101"}],"wp:term":[{"taxonomy":"product_brand","embeddable":true,"href":"https:\/\/www.koupeltech.com\/index.php\/wp-json\/wp\/v2\/product_brand?post=12101"},{"taxonomy":"product_cat","embeddable":true,"href":"https:\/\/www.koupeltech.com\/index.php\/wp-json\/wp\/v2\/product_cat?post=12101"},{"taxonomy":"product_tag","embeddable":true,"href":"https:\/\/www.koupeltech.com\/index.php\/wp-json\/wp\/v2\/product_tag?post=12101"}],"curies":[{"name":"wp","href":"https:\/\/api.w.org\/{rel}","templated":true}]}}