{"id":12130,"date":"2026-04-27T13:57:35","date_gmt":"2026-04-27T13:57:35","guid":{"rendered":""},"modified":"2026-04-27T13:57:35","modified_gmt":"2026-04-27T13:57:35","slug":"dzd-drazice-zasobnik-teple-vody-s-jednim-vymenikem-okh-125-ntr-dv-znackovy-12130","status":"publish","type":"product","link":"https:\/\/www.koupeltech.com\/index.php\/produkt\/dzd-drazice-zasobnik-teple-vody-s-jednim-vymenikem-okh-125-ntr-dv-znackovy-12130\/","title":{"rendered":"DZD Dra\u017eice Z\u00e1sobn\u00edk tepl\u00e9 vody s jedn\u00edm v\u00fdm\u011bn\u00edkem OKH 125 NTR\/DV Zna\u010dkov\u00fd"},"content":{"rendered":"<div class=\"ProductDetail-content NoFixImageContainer\" id=\"productDescription\">\n<div class=\"Heading\">\n<h2 class=\"Heading-title\">Popis produktu <span class=''>DZD Dra\u017eice Z\u00e1sobn\u00edk tepl\u00e9 vody s jedn\u00edm v\u00fdm\u011bn\u00edkem OKH 125 NTR\/DV<\/span><\/h2>\n<\/p><\/div>\n<div class=\"ProductDetailContent\">\n<ul>\n<li>Antikorozn\u00ed vrstva nepodl\u00e9h\u00e1 d\u016flkov\u00e9 korozi v prost\u0159ed\u00ed tvrd\u00e9 a chlorovan\u00e9 vody<\/li>\n<li>Vhodn\u00fd ke kotl\u016fm&nbsp;i ke kondenza\u010dn\u00edm kotl\u016fm<\/li>\n<li>Vysoce kvalitn\u00ed izolace Covestro pro n\u00edzk\u00e9 tepeln\u00e9 ztr\u00e1ty a minim\u00e1ln\u00ed provozn\u00ed n\u00e1klady<\/li>\n<li>Z\u00e1sobn\u00edk s jedn\u00edm v\u00fdm\u011bn\u00edkem<\/li>\n<li>V proveden\u00ed s v\u00fdm\u011bn\u00edkem 1,4 m<sup>2<\/sup> je z\u00e1sobn\u00edk vhodn\u00fd ke kotl\u016fm na r\u016fzn\u00e1 paliva, ke kondenza\u010dn\u00edm kotl\u016fm a n\u011bkter\u00fdm tepeln\u00fdm \u010derpadl\u016fm<\/li>\n<li>1 z\u00e1v\u011bs a op\u011bra u modelu 125; 2 z\u00e1v\u011bsy pro 160<\/li>\n<li>Vybaven hrdlem pro cirkulaci<\/li>\n<li>Vstup a v\u00fdstup v\u0161ech m\u00e9di\u00ed spodn\u00edm v\u00edkem pro snadn\u011bj\u0161\u00ed p\u0159ipojen\u00ed<\/li>\n<li>Neobsahuje regulaci pro \u0159\u00edzen\u00ed oh\u0159evu v\u00fdm\u011bn\u00edkem<\/li>\n<\/ul>\n<h3>Technick\u00e9 parametry<\/h3>\n<style>table {  width: 100%;  border-collapse: collapse;  font-family: system-ui, Arial;}thead th {  text-align: left;  padding: 10px 12px;  border-bottom: 2px solid #ddd;  font-weight: 700;}tbody th {  padding: 10px 12px;  background: #fafafa;  border-right: 1px solid #eee;  width: 42%;  font-weight: 700;}tbody td {  padding: 10px 12px;  border-bottom: 1px solid #eee;}\/* Mobiln\u00ed zobrazen\u00ed *\/@media (max-width: 680px) {  table, thead, tbody, tr, th, td { display: block; }  thead { display: none; }  tr {    margin-bottom: 12px;    border: 1px solid #e0e0e0;    border-radius: 8px;  }  tbody th {    border-right: none;    border-bottom: 1px solid #eee;  }  tbody td {    display: flex;    justify-content: space-between;  }  tbody td:before {    content: attr(data-label);    font-weight: 600;    margin-right: 12px;  }  .value { text-align: right; }}<\/style>\n<table aria-label=\"Technick\u00e9 parametry OKH 125 NTR\/DV a OKH 160 NTR\/DV\">\n<thead>\n<tr>\n<th><\/th>\n<th>OKH 125 NTR\/DV<\/th>\n<th>OKH 160 NTR\/DV<\/th>\n<\/tr>\n<\/thead>\n<tbody>\n<tr>\n<th>Objem (l)<\/th>\n<td data-label=\"OKH 125 NTR\/DV\"><span class=\"value\">115<\/span><\/td>\n<td data-label=\"OKH 160 NTR\/DV\"><span class=\"value\">143<\/span><\/td>\n<\/tr>\n<tr>\n<th>Max. hmotnost z\u00e1sobn\u00edku bez vody (kg)<\/th>\n<td data-label=\"OKH 125 NTR\/DV\"><span class=\"value\">67<\/span><\/td>\n<td data-label=\"OKH 160 NTR\/DV\"><span class=\"value\">76<\/span><\/td>\n<\/tr>\n<tr>\n<th>Teplosm\u011bnn\u00e1 plocha v\u00fdm\u011bn\u00edku (m\u00b2)<\/th>\n<td data-label=\"OKH 125 NTR\/DV\"><span class=\"value\">1,45<\/span><\/td>\n<td data-label=\"OKH 160 NTR\/DV\"><span class=\"value\">1,45<\/span><\/td>\n<\/tr>\n<tr>\n<th>Max. tlak n\u00e1doby (bar)<\/th>\n<td colspan=\"2\"><span class=\"value\">6<\/span><\/td>\n<\/tr>\n<tr>\n<th>Max. tlak v\u00fdm\u011bn\u00edku (bar)<\/th>\n<td colspan=\"2\"><span class=\"value\">10<\/span><\/td>\n<\/tr>\n<tr>\n<th>Max. provozn\u00ed teplota v n\u00e1dob\u011b (\u00b0C)<\/th>\n<td colspan=\"2\"><span class=\"value\">80<\/span><\/td>\n<\/tr>\n<tr>\n<th>Doporu\u010den\u00e1 teplota TUV (\u00b0C)<\/th>\n<td colspan=\"2\"><span class=\"value\">60<\/span><\/td>\n<\/tr>\n<tr>\n<th>P\u0159ipojen\u00ed TUV<\/th>\n<td colspan=\"2\"><span class=\"value\">G 3\/4\u201c<\/span><\/td>\n<\/tr>\n<tr>\n<th>P\u0159ipojen\u00ed topn\u00e9 vody<\/th>\n<td colspan=\"2\"><span class=\"value\">G 3\/4\u201c<\/span><\/td>\n<\/tr>\n<tr>\n<th>Elektrick\u00e9 kryt\u00ed<\/th>\n<td colspan=\"2\"><span class=\"value\">IP44<\/span><\/td>\n<\/tr>\n<tr>\n<th>Jmenovit\u00fd tepeln\u00fd v\u00fdkon<br \/>p\u0159i 80 \u00b0C a pr\u016ftoku 720 l\/h (W)<\/th>\n<td data-label=\"OKH 125 NTR\/DV\"><span class=\"value\">32000<\/span><\/td>\n<td data-label=\"OKH 160 NTR\/DV\"><span class=\"value\">32000<\/span><\/td>\n<\/tr>\n<tr>\n<th>Doba oh\u0159evu v\u00fdm\u011bn\u00edkem z 10 \u00b0C na 60 \u00b0C (min)<\/th>\n<td data-label=\"OKH 125 NTR\/DV\"><span class=\"value\">13<\/span><\/td>\n<td data-label=\"OKH 160 NTR\/DV\"><span class=\"value\">16<\/span><\/td>\n<\/tr>\n<tr>\n<th>Statick\u00e1 ztr\u00e1ta (W)<\/th>\n<td data-label=\"OKH 125 NTR\/DV\"><span class=\"value\">49<\/span><\/td>\n<td data-label=\"OKH 160 NTR\/DV\"><span class=\"value\">55<\/span><\/td>\n<\/tr>\n<tr>\n<th>Objem v\u00fdm\u011bn\u00edku (l)<\/th>\n<td colspan=\"2\"><span class=\"value\">9,5<\/span><\/td>\n<\/tr>\n<tr>\n<th>Tlakov\u00e1 ztr\u00e1ta ve v\u00fdm\u011bn\u00edku<br \/>p\u0159i pr\u016ftoku 720 l\/h (mbar)<\/th>\n<td colspan=\"2\"><span class=\"value\">46<\/span><\/td>\n<\/tr>\n<tr>\n<th>T\u0159\u00edda energetick\u00e9 \u00fa\u010dinnosti<\/th>\n<td colspan=\"2\"><span class=\"value\">B \/ C<\/span><\/td>\n<\/tr>\n<tr>\n<th>Max. provozn\u00ed teplota \/ p\u0159etlak v\u00fdm\u011bn\u00edk\u016f<br \/>(\u00b0C \/ bar)<\/th>\n<td colspan=\"2\"><span class=\"value\">110 \/ 10<\/span><\/td>\n<\/tr>\n<\/tbody>\n<\/table><\/div>\n<div class=\"ProductDetailContent\">                                                                    <\/div>\n<\/p><\/div>\n<\/p><\/div>\n<\/p><\/div>\n","protected":false},"excerpt":{"rendered":"<p>Popis produktu DZD Dra\u017eice Z\u00e1sobn\u00edk tepl\u00e9 vody s jedn\u00edm v\u00fdm\u011bn\u00edkem OKH 125 NTR\/DV Antikorozn\u00ed vrstva nepodl\u00e9h\u00e1 d\u016flkov\u00e9 korozi v prost\u0159ed\u00ed tvrd\u00e9 a chlorovan\u00e9 vody Vhodn\u00fd ke kotl\u016fm&nbsp;i ke kondenza\u010dn\u00edm kotl\u016fm Vysoce kvalitn\u00ed izolace Covestro pro n\u00edzk\u00e9 tepeln\u00e9 ztr\u00e1ty a minim\u00e1ln\u00ed provozn\u00ed n\u00e1klady Z\u00e1sobn\u00edk s jedn\u00edm v\u00fdm\u011bn\u00edkem V proveden\u00ed s v\u00fdm\u011bn\u00edkem 1,4 m2 je z\u00e1sobn\u00edk vhodn\u00fd [&hellip;]<\/p>\n","protected":false},"featured_media":12230,"comment_status":"open","ping_status":"open","template":"","meta":[],"product_brand":[],"product_cat":[79],"product_tag":[],"class_list":{"0":"post-12130","1":"product","2":"type-product","3":"status-publish","4":"has-post-thumbnail","6":"product_cat-topeni","8":"first","9":"instock","10":"sale","11":"shipping-taxable","12":"purchasable","13":"product-type-simple"},"yoast_head":"<!-- This site is optimized with the Yoast SEO plugin v26.8 - https:\/\/yoast.com\/product\/yoast-seo-wordpress\/ -->\n<title>DZD Dra\u017eice Z\u00e1sobn\u00edk tepl\u00e9 vody s jedn\u00edm v\u00fdm\u011bn\u00edkem OKH 125 NTR\/DV Zna\u010dkov\u00fd -<\/title>\n<meta name=\"robots\" content=\"index, follow, max-snippet:-1, max-image-preview:large, max-video-preview:-1\" \/>\n<link rel=\"canonical\" href=\"https:\/\/www.koupeltech.com\/index.php\/produkt\/dzd-drazice-zasobnik-teple-vody-s-jednim-vymenikem-okh-125-ntr-dv-znackovy-12130\/\" \/>\n<meta property=\"og:locale\" content=\"cs_CZ\" \/>\n<meta property=\"og:type\" content=\"article\" \/>\n<meta property=\"og:title\" content=\"DZD Dra\u017eice Z\u00e1sobn\u00edk tepl\u00e9 vody s jedn\u00edm v\u00fdm\u011bn\u00edkem OKH 125 NTR\/DV Zna\u010dkov\u00fd -\" \/>\n<meta property=\"og:description\" content=\"Popis produktu DZD Dra\u017eice Z\u00e1sobn\u00edk tepl\u00e9 vody s jedn\u00edm v\u00fdm\u011bn\u00edkem OKH 125 NTR\/DV Antikorozn\u00ed vrstva nepodl\u00e9h\u00e1 d\u016flkov\u00e9 korozi v prost\u0159ed\u00ed tvrd\u00e9 a chlorovan\u00e9 vody Vhodn\u00fd ke kotl\u016fm&nbsp;i ke kondenza\u010dn\u00edm kotl\u016fm Vysoce kvalitn\u00ed izolace Covestro pro n\u00edzk\u00e9 tepeln\u00e9 ztr\u00e1ty a minim\u00e1ln\u00ed provozn\u00ed n\u00e1klady Z\u00e1sobn\u00edk s jedn\u00edm v\u00fdm\u011bn\u00edkem V proveden\u00ed s v\u00fdm\u011bn\u00edkem 1,4 m2 je z\u00e1sobn\u00edk vhodn\u00fd [&hellip;]\" \/>\n<meta property=\"og:url\" content=\"https:\/\/www.koupeltech.com\/index.php\/produkt\/dzd-drazice-zasobnik-teple-vody-s-jednim-vymenikem-okh-125-ntr-dv-znackovy-12130\/\" \/>\n<meta property=\"og:image\" content=\"https:\/\/www.koupeltech.com\/wp-content\/uploads\/2026\/SK0023360-CZ20260425-092632-0-1777080397-dzd-drazice-zasobnik-teple-vody-s-jednim-vymenikem-okh-125-.webp\" \/>\n\t<meta property=\"og:image:width\" content=\"600\" \/>\n\t<meta property=\"og:image:height\" content=\"408\" \/>\n\t<meta property=\"og:image:type\" content=\"image\/webp\" \/>\n<meta name=\"twitter:card\" content=\"summary_large_image\" \/>\n<meta name=\"twitter:label1\" content=\"Odhadovan\u00e1 doba \u010dten\u00ed\" \/>\n\t<meta name=\"twitter:data1\" content=\"1 minuta\" \/>\n<script type=\"application\/ld+json\" class=\"yoast-schema-graph\">{\"@context\":\"https:\/\/schema.org\",\"@graph\":[{\"@type\":\"WebPage\",\"@id\":\"https:\/\/www.koupeltech.com\/index.php\/produkt\/dzd-drazice-zasobnik-teple-vody-s-jednim-vymenikem-okh-125-ntr-dv-znackovy-12130\/\",\"url\":\"https:\/\/www.koupeltech.com\/index.php\/produkt\/dzd-drazice-zasobnik-teple-vody-s-jednim-vymenikem-okh-125-ntr-dv-znackovy-12130\/\",\"name\":\"DZD Dra\u017eice Z\u00e1sobn\u00edk tepl\u00e9 vody s jedn\u00edm v\u00fdm\u011bn\u00edkem OKH 125 NTR\/DV Zna\u010dkov\u00fd -\",\"isPartOf\":{\"@id\":\"https:\/\/www.koupeltech.com\/#website\"},\"primaryImageOfPage\":{\"@id\":\"https:\/\/www.koupeltech.com\/index.php\/produkt\/dzd-drazice-zasobnik-teple-vody-s-jednim-vymenikem-okh-125-ntr-dv-znackovy-12130\/#primaryimage\"},\"image\":{\"@id\":\"https:\/\/www.koupeltech.com\/index.php\/produkt\/dzd-drazice-zasobnik-teple-vody-s-jednim-vymenikem-okh-125-ntr-dv-znackovy-12130\/#primaryimage\"},\"thumbnailUrl\":\"https:\/\/www.koupeltech.com\/wp-content\/uploads\/2026\/SK0023360-CZ20260425-092632-0-1777080397-dzd-drazice-zasobnik-teple-vody-s-jednim-vymenikem-okh-125-.webp\",\"datePublished\":\"2026-04-27T13:57:35+00:00\",\"breadcrumb\":{\"@id\":\"https:\/\/www.koupeltech.com\/index.php\/produkt\/dzd-drazice-zasobnik-teple-vody-s-jednim-vymenikem-okh-125-ntr-dv-znackovy-12130\/#breadcrumb\"},\"inLanguage\":\"cs\",\"potentialAction\":[{\"@type\":\"ReadAction\",\"target\":[\"https:\/\/www.koupeltech.com\/index.php\/produkt\/dzd-drazice-zasobnik-teple-vody-s-jednim-vymenikem-okh-125-ntr-dv-znackovy-12130\/\"]}]},{\"@type\":\"ImageObject\",\"inLanguage\":\"cs\",\"@id\":\"https:\/\/www.koupeltech.com\/index.php\/produkt\/dzd-drazice-zasobnik-teple-vody-s-jednim-vymenikem-okh-125-ntr-dv-znackovy-12130\/#primaryimage\",\"url\":\"https:\/\/www.koupeltech.com\/wp-content\/uploads\/2026\/SK0023360-CZ20260425-092632-0-1777080397-dzd-drazice-zasobnik-teple-vody-s-jednim-vymenikem-okh-125-.webp\",\"contentUrl\":\"https:\/\/www.koupeltech.com\/wp-content\/uploads\/2026\/SK0023360-CZ20260425-092632-0-1777080397-dzd-drazice-zasobnik-teple-vody-s-jednim-vymenikem-okh-125-.webp\",\"width\":600,\"height\":408},{\"@type\":\"BreadcrumbList\",\"@id\":\"https:\/\/www.koupeltech.com\/index.php\/produkt\/dzd-drazice-zasobnik-teple-vody-s-jednim-vymenikem-okh-125-ntr-dv-znackovy-12130\/#breadcrumb\",\"itemListElement\":[{\"@type\":\"ListItem\",\"position\":1,\"name\":\"Home\",\"item\":\"https:\/\/www.koupeltech.com\/\"},{\"@type\":\"ListItem\",\"position\":2,\"name\":\"Products\",\"item\":\"https:\/\/www.koupeltech.com\/index.php\/products\/\"},{\"@type\":\"ListItem\",\"position\":3,\"name\":\"DZD Dra\u017eice Z\u00e1sobn\u00edk tepl\u00e9 vody s jedn\u00edm v\u00fdm\u011bn\u00edkem OKH 125 NTR\/DV Zna\u010dkov\u00fd\"}]},{\"@type\":\"WebSite\",\"@id\":\"https:\/\/www.koupeltech.com\/#website\",\"url\":\"https:\/\/www.koupeltech.com\/\",\"name\":\"\",\"description\":\"\",\"potentialAction\":[{\"@type\":\"SearchAction\",\"target\":{\"@type\":\"EntryPoint\",\"urlTemplate\":\"https:\/\/www.koupeltech.com\/?s={search_term_string}\"},\"query-input\":{\"@type\":\"PropertyValueSpecification\",\"valueRequired\":true,\"valueName\":\"search_term_string\"}}],\"inLanguage\":\"cs\"}]}<\/script>\n<!-- \/ Yoast SEO plugin. -->","yoast_head_json":{"title":"DZD Dra\u017eice Z\u00e1sobn\u00edk tepl\u00e9 vody s jedn\u00edm v\u00fdm\u011bn\u00edkem OKH 125 NTR\/DV Zna\u010dkov\u00fd -","robots":{"index":"index","follow":"follow","max-snippet":"max-snippet:-1","max-image-preview":"max-image-preview:large","max-video-preview":"max-video-preview:-1"},"canonical":"https:\/\/www.koupeltech.com\/index.php\/produkt\/dzd-drazice-zasobnik-teple-vody-s-jednim-vymenikem-okh-125-ntr-dv-znackovy-12130\/","og_locale":"cs_CZ","og_type":"article","og_title":"DZD Dra\u017eice Z\u00e1sobn\u00edk tepl\u00e9 vody s jedn\u00edm v\u00fdm\u011bn\u00edkem OKH 125 NTR\/DV Zna\u010dkov\u00fd -","og_description":"Popis produktu DZD Dra\u017eice Z\u00e1sobn\u00edk tepl\u00e9 vody s jedn\u00edm v\u00fdm\u011bn\u00edkem OKH 125 NTR\/DV Antikorozn\u00ed vrstva nepodl\u00e9h\u00e1 d\u016flkov\u00e9 korozi v prost\u0159ed\u00ed tvrd\u00e9 a chlorovan\u00e9 vody Vhodn\u00fd ke kotl\u016fm&nbsp;i ke kondenza\u010dn\u00edm kotl\u016fm Vysoce kvalitn\u00ed izolace Covestro pro n\u00edzk\u00e9 tepeln\u00e9 ztr\u00e1ty a minim\u00e1ln\u00ed provozn\u00ed n\u00e1klady Z\u00e1sobn\u00edk s jedn\u00edm v\u00fdm\u011bn\u00edkem V proveden\u00ed s v\u00fdm\u011bn\u00edkem 1,4 m2 je z\u00e1sobn\u00edk vhodn\u00fd [&hellip;]","og_url":"https:\/\/www.koupeltech.com\/index.php\/produkt\/dzd-drazice-zasobnik-teple-vody-s-jednim-vymenikem-okh-125-ntr-dv-znackovy-12130\/","og_image":[{"width":600,"height":408,"url":"https:\/\/www.koupeltech.com\/wp-content\/uploads\/2026\/SK0023360-CZ20260425-092632-0-1777080397-dzd-drazice-zasobnik-teple-vody-s-jednim-vymenikem-okh-125-.webp","type":"image\/webp"}],"twitter_card":"summary_large_image","twitter_misc":{"Odhadovan\u00e1 doba \u010dten\u00ed":"1 minuta"},"schema":{"@context":"https:\/\/schema.org","@graph":[{"@type":"WebPage","@id":"https:\/\/www.koupeltech.com\/index.php\/produkt\/dzd-drazice-zasobnik-teple-vody-s-jednim-vymenikem-okh-125-ntr-dv-znackovy-12130\/","url":"https:\/\/www.koupeltech.com\/index.php\/produkt\/dzd-drazice-zasobnik-teple-vody-s-jednim-vymenikem-okh-125-ntr-dv-znackovy-12130\/","name":"DZD Dra\u017eice Z\u00e1sobn\u00edk tepl\u00e9 vody s jedn\u00edm v\u00fdm\u011bn\u00edkem OKH 125 NTR\/DV Zna\u010dkov\u00fd -","isPartOf":{"@id":"https:\/\/www.koupeltech.com\/#website"},"primaryImageOfPage":{"@id":"https:\/\/www.koupeltech.com\/index.php\/produkt\/dzd-drazice-zasobnik-teple-vody-s-jednim-vymenikem-okh-125-ntr-dv-znackovy-12130\/#primaryimage"},"image":{"@id":"https:\/\/www.koupeltech.com\/index.php\/produkt\/dzd-drazice-zasobnik-teple-vody-s-jednim-vymenikem-okh-125-ntr-dv-znackovy-12130\/#primaryimage"},"thumbnailUrl":"https:\/\/www.koupeltech.com\/wp-content\/uploads\/2026\/SK0023360-CZ20260425-092632-0-1777080397-dzd-drazice-zasobnik-teple-vody-s-jednim-vymenikem-okh-125-.webp","datePublished":"2026-04-27T13:57:35+00:00","breadcrumb":{"@id":"https:\/\/www.koupeltech.com\/index.php\/produkt\/dzd-drazice-zasobnik-teple-vody-s-jednim-vymenikem-okh-125-ntr-dv-znackovy-12130\/#breadcrumb"},"inLanguage":"cs","potentialAction":[{"@type":"ReadAction","target":["https:\/\/www.koupeltech.com\/index.php\/produkt\/dzd-drazice-zasobnik-teple-vody-s-jednim-vymenikem-okh-125-ntr-dv-znackovy-12130\/"]}]},{"@type":"ImageObject","inLanguage":"cs","@id":"https:\/\/www.koupeltech.com\/index.php\/produkt\/dzd-drazice-zasobnik-teple-vody-s-jednim-vymenikem-okh-125-ntr-dv-znackovy-12130\/#primaryimage","url":"https:\/\/www.koupeltech.com\/wp-content\/uploads\/2026\/SK0023360-CZ20260425-092632-0-1777080397-dzd-drazice-zasobnik-teple-vody-s-jednim-vymenikem-okh-125-.webp","contentUrl":"https:\/\/www.koupeltech.com\/wp-content\/uploads\/2026\/SK0023360-CZ20260425-092632-0-1777080397-dzd-drazice-zasobnik-teple-vody-s-jednim-vymenikem-okh-125-.webp","width":600,"height":408},{"@type":"BreadcrumbList","@id":"https:\/\/www.koupeltech.com\/index.php\/produkt\/dzd-drazice-zasobnik-teple-vody-s-jednim-vymenikem-okh-125-ntr-dv-znackovy-12130\/#breadcrumb","itemListElement":[{"@type":"ListItem","position":1,"name":"Home","item":"https:\/\/www.koupeltech.com\/"},{"@type":"ListItem","position":2,"name":"Products","item":"https:\/\/www.koupeltech.com\/index.php\/products\/"},{"@type":"ListItem","position":3,"name":"DZD Dra\u017eice Z\u00e1sobn\u00edk tepl\u00e9 vody s jedn\u00edm v\u00fdm\u011bn\u00edkem OKH 125 NTR\/DV Zna\u010dkov\u00fd"}]},{"@type":"WebSite","@id":"https:\/\/www.koupeltech.com\/#website","url":"https:\/\/www.koupeltech.com\/","name":"","description":"","potentialAction":[{"@type":"SearchAction","target":{"@type":"EntryPoint","urlTemplate":"https:\/\/www.koupeltech.com\/?s={search_term_string}"},"query-input":{"@type":"PropertyValueSpecification","valueRequired":true,"valueName":"search_term_string"}}],"inLanguage":"cs"}]}},"_links":{"self":[{"href":"https:\/\/www.koupeltech.com\/index.php\/wp-json\/wp\/v2\/product\/12130","targetHints":{"allow":["GET"]}}],"collection":[{"href":"https:\/\/www.koupeltech.com\/index.php\/wp-json\/wp\/v2\/product"}],"about":[{"href":"https:\/\/www.koupeltech.com\/index.php\/wp-json\/wp\/v2\/types\/product"}],"replies":[{"embeddable":true,"href":"https:\/\/www.koupeltech.com\/index.php\/wp-json\/wp\/v2\/comments?post=12130"}],"wp:featuredmedia":[{"embeddable":true,"href":"https:\/\/www.koupeltech.com\/index.php\/wp-json\/wp\/v2\/media\/12230"}],"wp:attachment":[{"href":"https:\/\/www.koupeltech.com\/index.php\/wp-json\/wp\/v2\/media?parent=12130"}],"wp:term":[{"taxonomy":"product_brand","embeddable":true,"href":"https:\/\/www.koupeltech.com\/index.php\/wp-json\/wp\/v2\/product_brand?post=12130"},{"taxonomy":"product_cat","embeddable":true,"href":"https:\/\/www.koupeltech.com\/index.php\/wp-json\/wp\/v2\/product_cat?post=12130"},{"taxonomy":"product_tag","embeddable":true,"href":"https:\/\/www.koupeltech.com\/index.php\/wp-json\/wp\/v2\/product_tag?post=12130"}],"curies":[{"name":"wp","href":"https:\/\/api.w.org\/{rel}","templated":true}]}}