{"id":12367,"date":"2026-04-27T13:57:37","date_gmt":"2026-04-27T13:57:37","guid":{"rendered":""},"modified":"2026-04-27T13:57:37","modified_gmt":"2026-04-27T13:57:37","slug":"znackovy-koupelnova-skrinka-s-umyvadlem-sat-cube-way-80x47-5x46-cm-hneda-mat-cube3d46802zhsat-12367","status":"publish","type":"product","link":"https:\/\/www.koupeltech.com\/index.php\/produkt\/znackovy-koupelnova-skrinka-s-umyvadlem-sat-cube-way-80x47-5x46-cm-hneda-mat-cube3d46802zhsat-12367\/","title":{"rendered":"Zna\u010dkov\u00fd Koupelnov\u00e1 sk\u0159\u00ed\u0148ka s umyvadlem SAT Cube Way 80&#215;47,5&#215;46 cm hn\u011bd\u00e1 mat CUBE3D46802ZHSAT"},"content":{"rendered":"<div class=\"ProductDetail-content NoFixImageContainer\" id=\"productDescription\">\n<div class=\"Heading\">\n<h2 class=\"Heading-title\">Popis produktu <span class=''>Koupelnov\u00e1 sk\u0159\u00ed\u0148ka s umyvadlem SAT Cube Way 80&#215;47,5&#215;46 cm hn\u011bd\u00e1 mat CUBE3D46802ZHSAT<\/span><\/h2>\n<\/p><\/div>\n<div class=\"ProductDetailContent\">\n<p><strong>Technick\u00e9 parametry<\/strong><\/p>\n<ul>\n<li><strong>Balen\u00ed:<\/strong> 2 ks<\/li>\n<li><strong>Druh v\u00fdrobku:<\/strong> koupelnov\u00e1 sk\u0159\u00ed\u0148ka<\/li>\n<li><strong>Barva:<\/strong>&nbsp;hn\u011bd\u00e1<\/li>\n<li><strong>Lesk\/mat:<\/strong> mat<\/li>\n<li><strong>V\u00fdbava:<\/strong> plnov\u00fdsuv s dotahem<\/li>\n<li><strong>Povrch:<\/strong> lamino<\/li>\n<li><strong>Typ:<\/strong> s umyvadlem<\/li>\n<li><strong>\u0160\u00ed\u0159ka:<\/strong> 80 cm<\/li>\n<li><strong>V\u00fd\u0161ka:<\/strong>&nbsp;47,5 cm<\/li>\n<li><strong>Hloubka:<\/strong> 46 cm<\/li>\n<li><strong>Proveden\u00ed:<\/strong> z\u00e1v\u011bsn\u00e1<\/li>\n<li><strong>Materi\u00e1l umyvadla:<\/strong> keramika<\/li>\n<li><strong>Stav mont\u00e1\u017ee:<\/strong> smontovan\u00e9<\/li>\n<\/ul><\/div>\n<div class=\"ProductDetailContent\">                                                                    <\/div>\n<\/p><\/div>\n<\/p><\/div>\n<\/p><\/div>\n","protected":false},"excerpt":{"rendered":"<p>Popis produktu Koupelnov\u00e1 sk\u0159\u00ed\u0148ka s umyvadlem SAT Cube Way 80&#215;47,5&#215;46 cm hn\u011bd\u00e1 mat CUBE3D46802ZHSAT Technick\u00e9 parametry Balen\u00ed: 2 ks Druh v\u00fdrobku: koupelnov\u00e1 sk\u0159\u00ed\u0148ka Barva:&nbsp;hn\u011bd\u00e1 Lesk\/mat: mat V\u00fdbava: plnov\u00fdsuv s dotahem Povrch: lamino Typ: s umyvadlem \u0160\u00ed\u0159ka: 80 cm V\u00fd\u0161ka:&nbsp;47,5 cm Hloubka: 46 cm Proveden\u00ed: z\u00e1v\u011bsn\u00e1 Materi\u00e1l umyvadla: keramika Stav mont\u00e1\u017ee: smontovan\u00e9<\/p>\n","protected":false},"featured_media":12467,"comment_status":"open","ping_status":"open","template":"","meta":[],"product_brand":[],"product_cat":[77],"product_tag":[],"class_list":{"0":"post-12367","1":"product","2":"type-product","3":"status-publish","4":"has-post-thumbnail","6":"product_cat-koupelny","8":"first","9":"instock","10":"sale","11":"shipping-taxable","12":"purchasable","13":"product-type-simple"},"yoast_head":"<!-- This site is optimized with the Yoast SEO plugin v26.8 - https:\/\/yoast.com\/product\/yoast-seo-wordpress\/ -->\n<title>Zna\u010dkov\u00fd Koupelnov\u00e1 sk\u0159\u00ed\u0148ka s umyvadlem SAT Cube Way 80x47,5x46 cm hn\u011bd\u00e1 mat CUBE3D46802ZHSAT -<\/title>\n<meta name=\"robots\" content=\"index, follow, max-snippet:-1, max-image-preview:large, max-video-preview:-1\" \/>\n<link rel=\"canonical\" href=\"https:\/\/www.koupeltech.com\/index.php\/produkt\/znackovy-koupelnova-skrinka-s-umyvadlem-sat-cube-way-80x47-5x46-cm-hneda-mat-cube3d46802zhsat-12367\/\" \/>\n<meta property=\"og:locale\" content=\"cs_CZ\" \/>\n<meta property=\"og:type\" content=\"article\" \/>\n<meta property=\"og:title\" content=\"Zna\u010dkov\u00fd Koupelnov\u00e1 sk\u0159\u00ed\u0148ka s umyvadlem SAT Cube Way 80x47,5x46 cm hn\u011bd\u00e1 mat CUBE3D46802ZHSAT -\" \/>\n<meta property=\"og:description\" content=\"Popis produktu Koupelnov\u00e1 sk\u0159\u00ed\u0148ka s umyvadlem SAT Cube Way 80&#215;47,5&#215;46 cm hn\u011bd\u00e1 mat CUBE3D46802ZHSAT Technick\u00e9 parametry Balen\u00ed: 2 ks Druh v\u00fdrobku: koupelnov\u00e1 sk\u0159\u00ed\u0148ka Barva:&nbsp;hn\u011bd\u00e1 Lesk\/mat: mat V\u00fdbava: plnov\u00fdsuv s dotahem Povrch: lamino Typ: s umyvadlem \u0160\u00ed\u0159ka: 80 cm V\u00fd\u0161ka:&nbsp;47,5 cm Hloubka: 46 cm Proveden\u00ed: z\u00e1v\u011bsn\u00e1 Materi\u00e1l umyvadla: keramika Stav mont\u00e1\u017ee: smontovan\u00e9\" \/>\n<meta property=\"og:url\" content=\"https:\/\/www.koupeltech.com\/index.php\/produkt\/znackovy-koupelnova-skrinka-s-umyvadlem-sat-cube-way-80x47-5x46-cm-hneda-mat-cube3d46802zhsat-12367\/\" \/>\n<meta property=\"og:image\" content=\"https:\/\/www.koupeltech.com\/wp-content\/uploads\/2026\/SK0023502-CZ20260425-092632-0-1777080397-koupelnova-skrinka-s-umyvadlem-sat-cube-way-80x47-5x46-cm-h.webp\" \/>\n\t<meta property=\"og:image:width\" content=\"600\" \/>\n\t<meta property=\"og:image:height\" content=\"600\" \/>\n\t<meta property=\"og:image:type\" content=\"image\/webp\" \/>\n<meta name=\"twitter:card\" content=\"summary_large_image\" \/>\n<script type=\"application\/ld+json\" class=\"yoast-schema-graph\">{\"@context\":\"https:\/\/schema.org\",\"@graph\":[{\"@type\":\"WebPage\",\"@id\":\"https:\/\/www.koupeltech.com\/index.php\/produkt\/znackovy-koupelnova-skrinka-s-umyvadlem-sat-cube-way-80x47-5x46-cm-hneda-mat-cube3d46802zhsat-12367\/\",\"url\":\"https:\/\/www.koupeltech.com\/index.php\/produkt\/znackovy-koupelnova-skrinka-s-umyvadlem-sat-cube-way-80x47-5x46-cm-hneda-mat-cube3d46802zhsat-12367\/\",\"name\":\"Zna\u010dkov\u00fd Koupelnov\u00e1 sk\u0159\u00ed\u0148ka s umyvadlem SAT Cube Way 80x47,5x46 cm hn\u011bd\u00e1 mat CUBE3D46802ZHSAT -\",\"isPartOf\":{\"@id\":\"https:\/\/www.koupeltech.com\/#website\"},\"primaryImageOfPage\":{\"@id\":\"https:\/\/www.koupeltech.com\/index.php\/produkt\/znackovy-koupelnova-skrinka-s-umyvadlem-sat-cube-way-80x47-5x46-cm-hneda-mat-cube3d46802zhsat-12367\/#primaryimage\"},\"image\":{\"@id\":\"https:\/\/www.koupeltech.com\/index.php\/produkt\/znackovy-koupelnova-skrinka-s-umyvadlem-sat-cube-way-80x47-5x46-cm-hneda-mat-cube3d46802zhsat-12367\/#primaryimage\"},\"thumbnailUrl\":\"https:\/\/www.koupeltech.com\/wp-content\/uploads\/2026\/SK0023502-CZ20260425-092632-0-1777080397-koupelnova-skrinka-s-umyvadlem-sat-cube-way-80x47-5x46-cm-h.webp\",\"datePublished\":\"2026-04-27T13:57:37+00:00\",\"breadcrumb\":{\"@id\":\"https:\/\/www.koupeltech.com\/index.php\/produkt\/znackovy-koupelnova-skrinka-s-umyvadlem-sat-cube-way-80x47-5x46-cm-hneda-mat-cube3d46802zhsat-12367\/#breadcrumb\"},\"inLanguage\":\"cs\",\"potentialAction\":[{\"@type\":\"ReadAction\",\"target\":[\"https:\/\/www.koupeltech.com\/index.php\/produkt\/znackovy-koupelnova-skrinka-s-umyvadlem-sat-cube-way-80x47-5x46-cm-hneda-mat-cube3d46802zhsat-12367\/\"]}]},{\"@type\":\"ImageObject\",\"inLanguage\":\"cs\",\"@id\":\"https:\/\/www.koupeltech.com\/index.php\/produkt\/znackovy-koupelnova-skrinka-s-umyvadlem-sat-cube-way-80x47-5x46-cm-hneda-mat-cube3d46802zhsat-12367\/#primaryimage\",\"url\":\"https:\/\/www.koupeltech.com\/wp-content\/uploads\/2026\/SK0023502-CZ20260425-092632-0-1777080397-koupelnova-skrinka-s-umyvadlem-sat-cube-way-80x47-5x46-cm-h.webp\",\"contentUrl\":\"https:\/\/www.koupeltech.com\/wp-content\/uploads\/2026\/SK0023502-CZ20260425-092632-0-1777080397-koupelnova-skrinka-s-umyvadlem-sat-cube-way-80x47-5x46-cm-h.webp\",\"width\":600,\"height\":600},{\"@type\":\"BreadcrumbList\",\"@id\":\"https:\/\/www.koupeltech.com\/index.php\/produkt\/znackovy-koupelnova-skrinka-s-umyvadlem-sat-cube-way-80x47-5x46-cm-hneda-mat-cube3d46802zhsat-12367\/#breadcrumb\",\"itemListElement\":[{\"@type\":\"ListItem\",\"position\":1,\"name\":\"Home\",\"item\":\"https:\/\/www.koupeltech.com\/\"},{\"@type\":\"ListItem\",\"position\":2,\"name\":\"Products\",\"item\":\"https:\/\/www.koupeltech.com\/index.php\/products\/\"},{\"@type\":\"ListItem\",\"position\":3,\"name\":\"Zna\u010dkov\u00fd Koupelnov\u00e1 sk\u0159\u00ed\u0148ka s umyvadlem SAT Cube Way 80&#215;47,5&#215;46 cm hn\u011bd\u00e1 mat CUBE3D46802ZHSAT\"}]},{\"@type\":\"WebSite\",\"@id\":\"https:\/\/www.koupeltech.com\/#website\",\"url\":\"https:\/\/www.koupeltech.com\/\",\"name\":\"\",\"description\":\"\",\"potentialAction\":[{\"@type\":\"SearchAction\",\"target\":{\"@type\":\"EntryPoint\",\"urlTemplate\":\"https:\/\/www.koupeltech.com\/?s={search_term_string}\"},\"query-input\":{\"@type\":\"PropertyValueSpecification\",\"valueRequired\":true,\"valueName\":\"search_term_string\"}}],\"inLanguage\":\"cs\"}]}<\/script>\n<!-- \/ Yoast SEO plugin. -->","yoast_head_json":{"title":"Zna\u010dkov\u00fd Koupelnov\u00e1 sk\u0159\u00ed\u0148ka s umyvadlem SAT Cube Way 80x47,5x46 cm hn\u011bd\u00e1 mat CUBE3D46802ZHSAT -","robots":{"index":"index","follow":"follow","max-snippet":"max-snippet:-1","max-image-preview":"max-image-preview:large","max-video-preview":"max-video-preview:-1"},"canonical":"https:\/\/www.koupeltech.com\/index.php\/produkt\/znackovy-koupelnova-skrinka-s-umyvadlem-sat-cube-way-80x47-5x46-cm-hneda-mat-cube3d46802zhsat-12367\/","og_locale":"cs_CZ","og_type":"article","og_title":"Zna\u010dkov\u00fd Koupelnov\u00e1 sk\u0159\u00ed\u0148ka s umyvadlem SAT Cube Way 80x47,5x46 cm hn\u011bd\u00e1 mat CUBE3D46802ZHSAT -","og_description":"Popis produktu Koupelnov\u00e1 sk\u0159\u00ed\u0148ka s umyvadlem SAT Cube Way 80&#215;47,5&#215;46 cm hn\u011bd\u00e1 mat CUBE3D46802ZHSAT Technick\u00e9 parametry Balen\u00ed: 2 ks Druh v\u00fdrobku: koupelnov\u00e1 sk\u0159\u00ed\u0148ka Barva:&nbsp;hn\u011bd\u00e1 Lesk\/mat: mat V\u00fdbava: plnov\u00fdsuv s dotahem Povrch: lamino Typ: s umyvadlem \u0160\u00ed\u0159ka: 80 cm V\u00fd\u0161ka:&nbsp;47,5 cm Hloubka: 46 cm Proveden\u00ed: z\u00e1v\u011bsn\u00e1 Materi\u00e1l umyvadla: keramika Stav mont\u00e1\u017ee: smontovan\u00e9","og_url":"https:\/\/www.koupeltech.com\/index.php\/produkt\/znackovy-koupelnova-skrinka-s-umyvadlem-sat-cube-way-80x47-5x46-cm-hneda-mat-cube3d46802zhsat-12367\/","og_image":[{"width":600,"height":600,"url":"https:\/\/www.koupeltech.com\/wp-content\/uploads\/2026\/SK0023502-CZ20260425-092632-0-1777080397-koupelnova-skrinka-s-umyvadlem-sat-cube-way-80x47-5x46-cm-h.webp","type":"image\/webp"}],"twitter_card":"summary_large_image","schema":{"@context":"https:\/\/schema.org","@graph":[{"@type":"WebPage","@id":"https:\/\/www.koupeltech.com\/index.php\/produkt\/znackovy-koupelnova-skrinka-s-umyvadlem-sat-cube-way-80x47-5x46-cm-hneda-mat-cube3d46802zhsat-12367\/","url":"https:\/\/www.koupeltech.com\/index.php\/produkt\/znackovy-koupelnova-skrinka-s-umyvadlem-sat-cube-way-80x47-5x46-cm-hneda-mat-cube3d46802zhsat-12367\/","name":"Zna\u010dkov\u00fd Koupelnov\u00e1 sk\u0159\u00ed\u0148ka s umyvadlem SAT Cube Way 80x47,5x46 cm hn\u011bd\u00e1 mat CUBE3D46802ZHSAT -","isPartOf":{"@id":"https:\/\/www.koupeltech.com\/#website"},"primaryImageOfPage":{"@id":"https:\/\/www.koupeltech.com\/index.php\/produkt\/znackovy-koupelnova-skrinka-s-umyvadlem-sat-cube-way-80x47-5x46-cm-hneda-mat-cube3d46802zhsat-12367\/#primaryimage"},"image":{"@id":"https:\/\/www.koupeltech.com\/index.php\/produkt\/znackovy-koupelnova-skrinka-s-umyvadlem-sat-cube-way-80x47-5x46-cm-hneda-mat-cube3d46802zhsat-12367\/#primaryimage"},"thumbnailUrl":"https:\/\/www.koupeltech.com\/wp-content\/uploads\/2026\/SK0023502-CZ20260425-092632-0-1777080397-koupelnova-skrinka-s-umyvadlem-sat-cube-way-80x47-5x46-cm-h.webp","datePublished":"2026-04-27T13:57:37+00:00","breadcrumb":{"@id":"https:\/\/www.koupeltech.com\/index.php\/produkt\/znackovy-koupelnova-skrinka-s-umyvadlem-sat-cube-way-80x47-5x46-cm-hneda-mat-cube3d46802zhsat-12367\/#breadcrumb"},"inLanguage":"cs","potentialAction":[{"@type":"ReadAction","target":["https:\/\/www.koupeltech.com\/index.php\/produkt\/znackovy-koupelnova-skrinka-s-umyvadlem-sat-cube-way-80x47-5x46-cm-hneda-mat-cube3d46802zhsat-12367\/"]}]},{"@type":"ImageObject","inLanguage":"cs","@id":"https:\/\/www.koupeltech.com\/index.php\/produkt\/znackovy-koupelnova-skrinka-s-umyvadlem-sat-cube-way-80x47-5x46-cm-hneda-mat-cube3d46802zhsat-12367\/#primaryimage","url":"https:\/\/www.koupeltech.com\/wp-content\/uploads\/2026\/SK0023502-CZ20260425-092632-0-1777080397-koupelnova-skrinka-s-umyvadlem-sat-cube-way-80x47-5x46-cm-h.webp","contentUrl":"https:\/\/www.koupeltech.com\/wp-content\/uploads\/2026\/SK0023502-CZ20260425-092632-0-1777080397-koupelnova-skrinka-s-umyvadlem-sat-cube-way-80x47-5x46-cm-h.webp","width":600,"height":600},{"@type":"BreadcrumbList","@id":"https:\/\/www.koupeltech.com\/index.php\/produkt\/znackovy-koupelnova-skrinka-s-umyvadlem-sat-cube-way-80x47-5x46-cm-hneda-mat-cube3d46802zhsat-12367\/#breadcrumb","itemListElement":[{"@type":"ListItem","position":1,"name":"Home","item":"https:\/\/www.koupeltech.com\/"},{"@type":"ListItem","position":2,"name":"Products","item":"https:\/\/www.koupeltech.com\/index.php\/products\/"},{"@type":"ListItem","position":3,"name":"Zna\u010dkov\u00fd Koupelnov\u00e1 sk\u0159\u00ed\u0148ka s umyvadlem SAT Cube Way 80&#215;47,5&#215;46 cm hn\u011bd\u00e1 mat CUBE3D46802ZHSAT"}]},{"@type":"WebSite","@id":"https:\/\/www.koupeltech.com\/#website","url":"https:\/\/www.koupeltech.com\/","name":"","description":"","potentialAction":[{"@type":"SearchAction","target":{"@type":"EntryPoint","urlTemplate":"https:\/\/www.koupeltech.com\/?s={search_term_string}"},"query-input":{"@type":"PropertyValueSpecification","valueRequired":true,"valueName":"search_term_string"}}],"inLanguage":"cs"}]}},"_links":{"self":[{"href":"https:\/\/www.koupeltech.com\/index.php\/wp-json\/wp\/v2\/product\/12367","targetHints":{"allow":["GET"]}}],"collection":[{"href":"https:\/\/www.koupeltech.com\/index.php\/wp-json\/wp\/v2\/product"}],"about":[{"href":"https:\/\/www.koupeltech.com\/index.php\/wp-json\/wp\/v2\/types\/product"}],"replies":[{"embeddable":true,"href":"https:\/\/www.koupeltech.com\/index.php\/wp-json\/wp\/v2\/comments?post=12367"}],"wp:featuredmedia":[{"embeddable":true,"href":"https:\/\/www.koupeltech.com\/index.php\/wp-json\/wp\/v2\/media\/12467"}],"wp:attachment":[{"href":"https:\/\/www.koupeltech.com\/index.php\/wp-json\/wp\/v2\/media?parent=12367"}],"wp:term":[{"taxonomy":"product_brand","embeddable":true,"href":"https:\/\/www.koupeltech.com\/index.php\/wp-json\/wp\/v2\/product_brand?post=12367"},{"taxonomy":"product_cat","embeddable":true,"href":"https:\/\/www.koupeltech.com\/index.php\/wp-json\/wp\/v2\/product_cat?post=12367"},{"taxonomy":"product_tag","embeddable":true,"href":"https:\/\/www.koupeltech.com\/index.php\/wp-json\/wp\/v2\/product_tag?post=12367"}],"curies":[{"name":"wp","href":"https:\/\/api.w.org\/{rel}","templated":true}]}}