{"id":12500,"date":"2026-04-27T13:57:40","date_gmt":"2026-04-27T13:57:40","guid":{"rendered":""},"modified":"2026-04-27T13:57:40","modified_gmt":"2026-04-27T13:57:40","slug":"znackovy-sapho-puno-podstavec-s-umyvadlem-550x860x360mm-cerna-12500","status":"publish","type":"product","link":"https:\/\/www.koupeltech.com\/index.php\/produkt\/znackovy-sapho-puno-podstavec-s-umyvadlem-550x860x360mm-cerna-12500\/","title":{"rendered":"Zna\u010dkov\u00fd Sapho PUNO podstavec s umyvadlem 550x860x360mm, \u010dern\u00e1"},"content":{"rendered":"<div class=\"ProductDetail-content NoFixImageContainer\" id=\"productDescription\">\n<div class=\"Heading\">\n<h2 class=\"Heading-title\">Popis produktu <span class=''>Sapho PUNO podstavec s umyvadlem 550x860x360mm, \u010dern\u00e1<\/span><\/h2>\n<\/p><\/div>\n<div class=\"ProductDetailContent\">\n<p>Elegantn\u00ed umyvadlo s modern\u00edm designem kombinuje \u010dernou, nebo b\u00edlou keramiku s kovov\u00fdm podstavcem ve zlat\u00e9m \u010di \u010dern\u00e9m proveden\u00ed. Spodn\u00ed odkl\u00e1dac\u00ed plocha poskytuje praktick\u00e9 m\u00edsto pro ulo\u017een\u00ed ru\u010dn\u00edk\u016f nebo koupelnov\u00fdch dopl\u0148k\u016f. Ide\u00e1ln\u00ed pro modern\u00ed koupelny s d\u016frazem na styl a funk\u010dnost.<\/p>\n<ul>\n<li><strong>Materi\u00e1l umyvadla<\/strong>: Keramika<\/li>\n<li><strong>Barva umyvadla<\/strong>: Matn\u00e1 b\u00edl\u00e1<\/li>\n<li><strong>Konstrukce<\/strong>: Ocel \u010dern\u00e1<\/li>\n<li><strong>\u0160\u00ed\u0159ka<\/strong>: 550 mm<\/li>\n<li><strong>V\u00fd\u0161ka<\/strong>: 860 mm<\/li>\n<li><strong>Hloubka<\/strong>: 360 mm<\/li>\n<\/ul><\/div>\n<div class=\"ProductDetailContent\">                                                                    <\/div>\n<\/p><\/div>\n<\/p><\/div>\n<\/p><\/div>\n","protected":false},"excerpt":{"rendered":"<p>Popis produktu Sapho PUNO podstavec s umyvadlem 550x860x360mm, \u010dern\u00e1 Elegantn\u00ed umyvadlo s modern\u00edm designem kombinuje \u010dernou, nebo b\u00edlou keramiku s kovov\u00fdm podstavcem ve zlat\u00e9m \u010di \u010dern\u00e9m proveden\u00ed. Spodn\u00ed odkl\u00e1dac\u00ed plocha poskytuje praktick\u00e9 m\u00edsto pro ulo\u017een\u00ed ru\u010dn\u00edk\u016f nebo koupelnov\u00fdch dopl\u0148k\u016f. Ide\u00e1ln\u00ed pro modern\u00ed koupelny s d\u016frazem na styl a funk\u010dnost. Materi\u00e1l umyvadla: Keramika Barva umyvadla: Matn\u00e1 [&hellip;]<\/p>\n","protected":false},"featured_media":12600,"comment_status":"open","ping_status":"open","template":"","meta":[],"product_brand":[],"product_cat":[77],"product_tag":[],"class_list":{"0":"post-12500","1":"product","2":"type-product","3":"status-publish","4":"has-post-thumbnail","6":"product_cat-koupelny","8":"first","9":"instock","10":"sale","11":"shipping-taxable","12":"purchasable","13":"product-type-simple"},"yoast_head":"<!-- This site is optimized with the Yoast SEO plugin v26.8 - https:\/\/yoast.com\/product\/yoast-seo-wordpress\/ -->\n<title>Zna\u010dkov\u00fd Sapho PUNO podstavec s umyvadlem 550x860x360mm, \u010dern\u00e1 -<\/title>\n<meta name=\"robots\" content=\"index, follow, max-snippet:-1, max-image-preview:large, max-video-preview:-1\" \/>\n<link rel=\"canonical\" href=\"https:\/\/www.koupeltech.com\/index.php\/produkt\/znackovy-sapho-puno-podstavec-s-umyvadlem-550x860x360mm-cerna-12500\/\" \/>\n<meta property=\"og:locale\" content=\"cs_CZ\" \/>\n<meta property=\"og:type\" content=\"article\" \/>\n<meta property=\"og:title\" content=\"Zna\u010dkov\u00fd Sapho PUNO podstavec s umyvadlem 550x860x360mm, \u010dern\u00e1 -\" \/>\n<meta property=\"og:description\" content=\"Popis produktu Sapho PUNO podstavec s umyvadlem 550x860x360mm, \u010dern\u00e1 Elegantn\u00ed umyvadlo s modern\u00edm designem kombinuje \u010dernou, nebo b\u00edlou keramiku s kovov\u00fdm podstavcem ve zlat\u00e9m \u010di \u010dern\u00e9m proveden\u00ed. Spodn\u00ed odkl\u00e1dac\u00ed plocha poskytuje praktick\u00e9 m\u00edsto pro ulo\u017een\u00ed ru\u010dn\u00edk\u016f nebo koupelnov\u00fdch dopl\u0148k\u016f. Ide\u00e1ln\u00ed pro modern\u00ed koupelny s d\u016frazem na styl a funk\u010dnost. Materi\u00e1l umyvadla: Keramika Barva umyvadla: Matn\u00e1 [&hellip;]\" \/>\n<meta property=\"og:url\" content=\"https:\/\/www.koupeltech.com\/index.php\/produkt\/znackovy-sapho-puno-podstavec-s-umyvadlem-550x860x360mm-cerna-12500\/\" \/>\n<meta property=\"og:image\" content=\"https:\/\/www.koupeltech.com\/wp-content\/uploads\/2026\/SK0023539-CZ20260425-092632-0-1777080397-sapho-puno-podstavec-s-umyvadlem-550x860x360mm-cerna-997619.webp\" \/>\n\t<meta property=\"og:image:width\" content=\"600\" \/>\n\t<meta property=\"og:image:height\" content=\"600\" \/>\n\t<meta property=\"og:image:type\" content=\"image\/webp\" \/>\n<meta name=\"twitter:card\" content=\"summary_large_image\" \/>\n<script type=\"application\/ld+json\" class=\"yoast-schema-graph\">{\"@context\":\"https:\/\/schema.org\",\"@graph\":[{\"@type\":\"WebPage\",\"@id\":\"https:\/\/www.koupeltech.com\/index.php\/produkt\/znackovy-sapho-puno-podstavec-s-umyvadlem-550x860x360mm-cerna-12500\/\",\"url\":\"https:\/\/www.koupeltech.com\/index.php\/produkt\/znackovy-sapho-puno-podstavec-s-umyvadlem-550x860x360mm-cerna-12500\/\",\"name\":\"Zna\u010dkov\u00fd Sapho PUNO podstavec s umyvadlem 550x860x360mm, \u010dern\u00e1 -\",\"isPartOf\":{\"@id\":\"https:\/\/www.koupeltech.com\/#website\"},\"primaryImageOfPage\":{\"@id\":\"https:\/\/www.koupeltech.com\/index.php\/produkt\/znackovy-sapho-puno-podstavec-s-umyvadlem-550x860x360mm-cerna-12500\/#primaryimage\"},\"image\":{\"@id\":\"https:\/\/www.koupeltech.com\/index.php\/produkt\/znackovy-sapho-puno-podstavec-s-umyvadlem-550x860x360mm-cerna-12500\/#primaryimage\"},\"thumbnailUrl\":\"https:\/\/www.koupeltech.com\/wp-content\/uploads\/2026\/SK0023539-CZ20260425-092632-0-1777080397-sapho-puno-podstavec-s-umyvadlem-550x860x360mm-cerna-997619.webp\",\"datePublished\":\"2026-04-27T13:57:40+00:00\",\"breadcrumb\":{\"@id\":\"https:\/\/www.koupeltech.com\/index.php\/produkt\/znackovy-sapho-puno-podstavec-s-umyvadlem-550x860x360mm-cerna-12500\/#breadcrumb\"},\"inLanguage\":\"cs\",\"potentialAction\":[{\"@type\":\"ReadAction\",\"target\":[\"https:\/\/www.koupeltech.com\/index.php\/produkt\/znackovy-sapho-puno-podstavec-s-umyvadlem-550x860x360mm-cerna-12500\/\"]}]},{\"@type\":\"ImageObject\",\"inLanguage\":\"cs\",\"@id\":\"https:\/\/www.koupeltech.com\/index.php\/produkt\/znackovy-sapho-puno-podstavec-s-umyvadlem-550x860x360mm-cerna-12500\/#primaryimage\",\"url\":\"https:\/\/www.koupeltech.com\/wp-content\/uploads\/2026\/SK0023539-CZ20260425-092632-0-1777080397-sapho-puno-podstavec-s-umyvadlem-550x860x360mm-cerna-997619.webp\",\"contentUrl\":\"https:\/\/www.koupeltech.com\/wp-content\/uploads\/2026\/SK0023539-CZ20260425-092632-0-1777080397-sapho-puno-podstavec-s-umyvadlem-550x860x360mm-cerna-997619.webp\",\"width\":600,\"height\":600},{\"@type\":\"BreadcrumbList\",\"@id\":\"https:\/\/www.koupeltech.com\/index.php\/produkt\/znackovy-sapho-puno-podstavec-s-umyvadlem-550x860x360mm-cerna-12500\/#breadcrumb\",\"itemListElement\":[{\"@type\":\"ListItem\",\"position\":1,\"name\":\"Home\",\"item\":\"https:\/\/www.koupeltech.com\/\"},{\"@type\":\"ListItem\",\"position\":2,\"name\":\"Products\",\"item\":\"https:\/\/www.koupeltech.com\/index.php\/products\/\"},{\"@type\":\"ListItem\",\"position\":3,\"name\":\"Zna\u010dkov\u00fd Sapho PUNO podstavec s umyvadlem 550x860x360mm, \u010dern\u00e1\"}]},{\"@type\":\"WebSite\",\"@id\":\"https:\/\/www.koupeltech.com\/#website\",\"url\":\"https:\/\/www.koupeltech.com\/\",\"name\":\"\",\"description\":\"\",\"potentialAction\":[{\"@type\":\"SearchAction\",\"target\":{\"@type\":\"EntryPoint\",\"urlTemplate\":\"https:\/\/www.koupeltech.com\/?s={search_term_string}\"},\"query-input\":{\"@type\":\"PropertyValueSpecification\",\"valueRequired\":true,\"valueName\":\"search_term_string\"}}],\"inLanguage\":\"cs\"}]}<\/script>\n<!-- \/ Yoast SEO plugin. -->","yoast_head_json":{"title":"Zna\u010dkov\u00fd Sapho PUNO podstavec s umyvadlem 550x860x360mm, \u010dern\u00e1 -","robots":{"index":"index","follow":"follow","max-snippet":"max-snippet:-1","max-image-preview":"max-image-preview:large","max-video-preview":"max-video-preview:-1"},"canonical":"https:\/\/www.koupeltech.com\/index.php\/produkt\/znackovy-sapho-puno-podstavec-s-umyvadlem-550x860x360mm-cerna-12500\/","og_locale":"cs_CZ","og_type":"article","og_title":"Zna\u010dkov\u00fd Sapho PUNO podstavec s umyvadlem 550x860x360mm, \u010dern\u00e1 -","og_description":"Popis produktu Sapho PUNO podstavec s umyvadlem 550x860x360mm, \u010dern\u00e1 Elegantn\u00ed umyvadlo s modern\u00edm designem kombinuje \u010dernou, nebo b\u00edlou keramiku s kovov\u00fdm podstavcem ve zlat\u00e9m \u010di \u010dern\u00e9m proveden\u00ed. Spodn\u00ed odkl\u00e1dac\u00ed plocha poskytuje praktick\u00e9 m\u00edsto pro ulo\u017een\u00ed ru\u010dn\u00edk\u016f nebo koupelnov\u00fdch dopl\u0148k\u016f. Ide\u00e1ln\u00ed pro modern\u00ed koupelny s d\u016frazem na styl a funk\u010dnost. Materi\u00e1l umyvadla: Keramika Barva umyvadla: Matn\u00e1 [&hellip;]","og_url":"https:\/\/www.koupeltech.com\/index.php\/produkt\/znackovy-sapho-puno-podstavec-s-umyvadlem-550x860x360mm-cerna-12500\/","og_image":[{"width":600,"height":600,"url":"https:\/\/www.koupeltech.com\/wp-content\/uploads\/2026\/SK0023539-CZ20260425-092632-0-1777080397-sapho-puno-podstavec-s-umyvadlem-550x860x360mm-cerna-997619.webp","type":"image\/webp"}],"twitter_card":"summary_large_image","schema":{"@context":"https:\/\/schema.org","@graph":[{"@type":"WebPage","@id":"https:\/\/www.koupeltech.com\/index.php\/produkt\/znackovy-sapho-puno-podstavec-s-umyvadlem-550x860x360mm-cerna-12500\/","url":"https:\/\/www.koupeltech.com\/index.php\/produkt\/znackovy-sapho-puno-podstavec-s-umyvadlem-550x860x360mm-cerna-12500\/","name":"Zna\u010dkov\u00fd Sapho PUNO podstavec s umyvadlem 550x860x360mm, \u010dern\u00e1 -","isPartOf":{"@id":"https:\/\/www.koupeltech.com\/#website"},"primaryImageOfPage":{"@id":"https:\/\/www.koupeltech.com\/index.php\/produkt\/znackovy-sapho-puno-podstavec-s-umyvadlem-550x860x360mm-cerna-12500\/#primaryimage"},"image":{"@id":"https:\/\/www.koupeltech.com\/index.php\/produkt\/znackovy-sapho-puno-podstavec-s-umyvadlem-550x860x360mm-cerna-12500\/#primaryimage"},"thumbnailUrl":"https:\/\/www.koupeltech.com\/wp-content\/uploads\/2026\/SK0023539-CZ20260425-092632-0-1777080397-sapho-puno-podstavec-s-umyvadlem-550x860x360mm-cerna-997619.webp","datePublished":"2026-04-27T13:57:40+00:00","breadcrumb":{"@id":"https:\/\/www.koupeltech.com\/index.php\/produkt\/znackovy-sapho-puno-podstavec-s-umyvadlem-550x860x360mm-cerna-12500\/#breadcrumb"},"inLanguage":"cs","potentialAction":[{"@type":"ReadAction","target":["https:\/\/www.koupeltech.com\/index.php\/produkt\/znackovy-sapho-puno-podstavec-s-umyvadlem-550x860x360mm-cerna-12500\/"]}]},{"@type":"ImageObject","inLanguage":"cs","@id":"https:\/\/www.koupeltech.com\/index.php\/produkt\/znackovy-sapho-puno-podstavec-s-umyvadlem-550x860x360mm-cerna-12500\/#primaryimage","url":"https:\/\/www.koupeltech.com\/wp-content\/uploads\/2026\/SK0023539-CZ20260425-092632-0-1777080397-sapho-puno-podstavec-s-umyvadlem-550x860x360mm-cerna-997619.webp","contentUrl":"https:\/\/www.koupeltech.com\/wp-content\/uploads\/2026\/SK0023539-CZ20260425-092632-0-1777080397-sapho-puno-podstavec-s-umyvadlem-550x860x360mm-cerna-997619.webp","width":600,"height":600},{"@type":"BreadcrumbList","@id":"https:\/\/www.koupeltech.com\/index.php\/produkt\/znackovy-sapho-puno-podstavec-s-umyvadlem-550x860x360mm-cerna-12500\/#breadcrumb","itemListElement":[{"@type":"ListItem","position":1,"name":"Home","item":"https:\/\/www.koupeltech.com\/"},{"@type":"ListItem","position":2,"name":"Products","item":"https:\/\/www.koupeltech.com\/index.php\/products\/"},{"@type":"ListItem","position":3,"name":"Zna\u010dkov\u00fd Sapho PUNO podstavec s umyvadlem 550x860x360mm, \u010dern\u00e1"}]},{"@type":"WebSite","@id":"https:\/\/www.koupeltech.com\/#website","url":"https:\/\/www.koupeltech.com\/","name":"","description":"","potentialAction":[{"@type":"SearchAction","target":{"@type":"EntryPoint","urlTemplate":"https:\/\/www.koupeltech.com\/?s={search_term_string}"},"query-input":{"@type":"PropertyValueSpecification","valueRequired":true,"valueName":"search_term_string"}}],"inLanguage":"cs"}]}},"_links":{"self":[{"href":"https:\/\/www.koupeltech.com\/index.php\/wp-json\/wp\/v2\/product\/12500","targetHints":{"allow":["GET"]}}],"collection":[{"href":"https:\/\/www.koupeltech.com\/index.php\/wp-json\/wp\/v2\/product"}],"about":[{"href":"https:\/\/www.koupeltech.com\/index.php\/wp-json\/wp\/v2\/types\/product"}],"replies":[{"embeddable":true,"href":"https:\/\/www.koupeltech.com\/index.php\/wp-json\/wp\/v2\/comments?post=12500"}],"wp:featuredmedia":[{"embeddable":true,"href":"https:\/\/www.koupeltech.com\/index.php\/wp-json\/wp\/v2\/media\/12600"}],"wp:attachment":[{"href":"https:\/\/www.koupeltech.com\/index.php\/wp-json\/wp\/v2\/media?parent=12500"}],"wp:term":[{"taxonomy":"product_brand","embeddable":true,"href":"https:\/\/www.koupeltech.com\/index.php\/wp-json\/wp\/v2\/product_brand?post=12500"},{"taxonomy":"product_cat","embeddable":true,"href":"https:\/\/www.koupeltech.com\/index.php\/wp-json\/wp\/v2\/product_cat?post=12500"},{"taxonomy":"product_tag","embeddable":true,"href":"https:\/\/www.koupeltech.com\/index.php\/wp-json\/wp\/v2\/product_tag?post=12500"}],"curies":[{"name":"wp","href":"https:\/\/api.w.org\/{rel}","templated":true}]}}