{"id":12590,"date":"2026-04-27T13:57:40","date_gmt":"2026-04-27T13:57:40","guid":{"rendered":""},"modified":"2026-04-27T13:57:40","modified_gmt":"2026-04-27T13:57:40","slug":"zlevneny-sanplast-bocni-sprchova-stena-ss0-basic-12590","status":"publish","type":"product","link":"https:\/\/www.koupeltech.com\/index.php\/produkt\/zlevneny-sanplast-bocni-sprchova-stena-ss0-basic-12590\/","title":{"rendered":"Zlevn\u011bn\u00fd Sanplast Bo\u010dn\u00ed sprchov\u00e1 st\u011bna SS0\/BASIC"},"content":{"rendered":"<div class=\"ProductDetail-content NoFixImageContainer\" id=\"productDescription\">\n<div class=\"Heading\">\n<h2 class=\"Heading-title\">Popis produktu <span class=''>Sanplast Bo\u010dn\u00ed sprchov\u00e1 st\u011bna SS0\/BASIC<\/span><\/h2>\n<\/p><\/div>\n<div class=\"ProductDetailContent\">                                                                    <\/div>\n<div class=\"ProductDetailContent\">\n<div class=\"ProductDetailContent-item\">\n<p><span style=\"font-size:16px\">Pro sprchov\u00e9 dve\u0159e \u0159ady BASIC je k dispozici bo\u010dn\u00ed st\u011bna SS0\/BASIC.\u00a0Instalac\u00ed t\u00e9to st\u011bny je mo\u017en\u00e9 postavit rohov\u00fd nebo t\u0159\u00edst\u011bnn\u00fd sprchov\u00fd kout r\u016fzn\u00fdch rozm\u011br\u016f a typ\u016f otev\u00edr\u00e1n\u00ed. Jedin\u00fdm limitem je velikost koupelny a va\u0161e fantazie. St\u011bna je vypln\u011bna bezpe\u010dnostn\u00edm sklem o tlou\u0161\u0165ce 5 mm s ochranou Glass Protect.<\/span><\/p>\n<h3><strong><span style=\"color:#e67e22\"><span style=\"font-size:20px\"><span style=\"font-family:sans-serif,arial,verdana,trebuchet ms\">Technick\u00e9 parametry:<\/span><\/span><\/span><\/strong><\/h3>\n<ul>\n<li><span style=\"font-size:16px\"><strong>Typ v\u00fdrobku:<\/strong> bo\u010dn\u00ed sprchov\u00e1 st\u011bna<\/span><\/li>\n<li><span style=\"font-size:16px\"><strong>\u0160\u00ed\u0159ka:<\/strong> 70, 80, 90, 100 cm<\/span><\/li>\n<li><span style=\"font-size:16px\"><strong>V\u00fd\u0161ka:<\/strong> 190 cm<\/span><\/li>\n<li><span style=\"font-size:16px\"><strong>Orientace:<\/strong> univerz\u00e1ln\u00ed (lev\u00e1 \/ prav\u00e1 mont\u00e1\u017e)<\/span><\/li>\n<li><span style=\"font-size:16px\"><strong>Profil:<\/strong>\u00a0leskl\u00e1 st\u0159\u00edbrn\u00e1 (chrom), b\u00edl\u00e1<\/span><\/li>\n<li><span style=\"font-size:16px\"><strong>V\u00fdpl\u0148ov\u00fd materi\u00e1l:<\/strong> tvrzen\u00e9 bezpe\u010dnostn\u00ed sklo 5 mm \u010dir\u00e9, nebo W18<\/span><\/li>\n<li><span style=\"font-size:16px\"><strong>Povrchov\u00e1 \u00faprava skla:<\/strong> ano \u2013 <em>Glass Protect<\/em> pro snadnou \u00fadr\u017ebu<\/span><\/li>\n<li><span style=\"font-size:16px\"><strong>Lze vyrobit na m\u00edru:<\/strong> ano \u2013 mo\u017enost individu\u00e1ln\u00edho p\u0159izp\u016fsoben\u00ed<\/span><\/li>\n<\/ul><\/div>\n<div class=\"ProductDetailContent-item\">\n<ul>\n<li>S p\u0159epadem: <strong>ne<\/strong><\/li>\n<li>Typ v\u00fdpln\u011b: <strong>\u010dir\u00e9<\/strong><\/li>\n<li>D\u00e9lka: <strong>700 mm<\/strong><\/li>\n<li>V\u00fd\u0161ka: <strong>1900 mm<\/strong><\/li>\n<li>Rozm\u011bry balen\u00ed: <strong>1950x700x80 mm<\/strong><\/li>\n<li>Tlou\u0161\u0165ka skla: <strong>4 mm<\/strong><\/li>\n<li>Magnetick\u00e9 t\u011bsn\u011bn\u00ed: <strong>ne<\/strong><\/li>\n<li>Typ rukojeti: <strong>ne<\/strong><\/li>\n<li>Spodn\u00ed profil: <strong>ano<\/strong><\/li>\n<li>Syst\u00e9m zved\u00e1n\u00ed k\u0159\u00eddla: <strong>ne<\/strong><\/li>\n<li>Objem v litrech: <strong>ne l<\/strong><\/li>\n<li>Pr\u016fm\u011br odtoku: <strong>ne mm<\/strong><\/li>\n<li>Materi\u00e1l: <strong>tvrzen\u00e9 sklo<\/strong><\/li>\n<\/ul><\/div>\n<\/p><\/div>\n<\/p><\/div>\n<\/p><\/div>\n<\/p><\/div>\n","protected":false},"excerpt":{"rendered":"<p>Popis produktu Sanplast Bo\u010dn\u00ed sprchov\u00e1 st\u011bna SS0\/BASIC Pro sprchov\u00e9 dve\u0159e \u0159ady BASIC je k dispozici bo\u010dn\u00ed st\u011bna SS0\/BASIC.\u00a0Instalac\u00ed t\u00e9to st\u011bny je mo\u017en\u00e9 postavit rohov\u00fd nebo t\u0159\u00edst\u011bnn\u00fd sprchov\u00fd kout r\u016fzn\u00fdch rozm\u011br\u016f a typ\u016f otev\u00edr\u00e1n\u00ed. Jedin\u00fdm limitem je velikost koupelny a va\u0161e fantazie. St\u011bna je vypln\u011bna bezpe\u010dnostn\u00edm sklem o tlou\u0161\u0165ce 5 mm s ochranou Glass Protect. Technick\u00e9 [&hellip;]<\/p>\n","protected":false},"featured_media":12690,"comment_status":"open","ping_status":"open","template":"","meta":[],"product_brand":[],"product_cat":[77],"product_tag":[],"class_list":{"0":"post-12590","1":"product","2":"type-product","3":"status-publish","4":"has-post-thumbnail","6":"product_cat-koupelny","8":"first","9":"instock","10":"sale","11":"shipping-taxable","12":"purchasable","13":"product-type-simple"},"yoast_head":"<!-- This site is optimized with the Yoast SEO plugin v26.8 - https:\/\/yoast.com\/product\/yoast-seo-wordpress\/ -->\n<title>Zlevn\u011bn\u00fd Sanplast Bo\u010dn\u00ed sprchov\u00e1 st\u011bna SS0\/BASIC -<\/title>\n<meta name=\"robots\" content=\"index, follow, max-snippet:-1, max-image-preview:large, max-video-preview:-1\" \/>\n<link rel=\"canonical\" href=\"https:\/\/www.koupeltech.com\/index.php\/produkt\/zlevneny-sanplast-bocni-sprchova-stena-ss0-basic-12590\/\" \/>\n<meta property=\"og:locale\" content=\"cs_CZ\" \/>\n<meta property=\"og:type\" content=\"article\" \/>\n<meta property=\"og:title\" content=\"Zlevn\u011bn\u00fd Sanplast Bo\u010dn\u00ed sprchov\u00e1 st\u011bna SS0\/BASIC -\" \/>\n<meta property=\"og:description\" content=\"Popis produktu Sanplast Bo\u010dn\u00ed sprchov\u00e1 st\u011bna SS0\/BASIC Pro sprchov\u00e9 dve\u0159e \u0159ady BASIC je k dispozici bo\u010dn\u00ed st\u011bna SS0\/BASIC.\u00a0Instalac\u00ed t\u00e9to st\u011bny je mo\u017en\u00e9 postavit rohov\u00fd nebo t\u0159\u00edst\u011bnn\u00fd sprchov\u00fd kout r\u016fzn\u00fdch rozm\u011br\u016f a typ\u016f otev\u00edr\u00e1n\u00ed. Jedin\u00fdm limitem je velikost koupelny a va\u0161e fantazie. St\u011bna je vypln\u011bna bezpe\u010dnostn\u00edm sklem o tlou\u0161\u0165ce 5 mm s ochranou Glass Protect. Technick\u00e9 [&hellip;]\" \/>\n<meta property=\"og:url\" content=\"https:\/\/www.koupeltech.com\/index.php\/produkt\/zlevneny-sanplast-bocni-sprchova-stena-ss0-basic-12590\/\" \/>\n<meta property=\"og:image\" content=\"https:\/\/www.koupeltech.com\/wp-content\/uploads\/2026\/SK0023689-CZ20260425-092632-0-1777080397-sanplast-bocni-sprchova-stena-ss0-basic-998479.webp\" \/>\n\t<meta property=\"og:image:width\" content=\"600\" \/>\n\t<meta property=\"og:image:height\" content=\"429\" \/>\n\t<meta property=\"og:image:type\" content=\"image\/webp\" \/>\n<meta name=\"twitter:card\" content=\"summary_large_image\" \/>\n<meta name=\"twitter:label1\" content=\"Odhadovan\u00e1 doba \u010dten\u00ed\" \/>\n\t<meta name=\"twitter:data1\" content=\"1 minuta\" \/>\n<script type=\"application\/ld+json\" class=\"yoast-schema-graph\">{\"@context\":\"https:\/\/schema.org\",\"@graph\":[{\"@type\":\"WebPage\",\"@id\":\"https:\/\/www.koupeltech.com\/index.php\/produkt\/zlevneny-sanplast-bocni-sprchova-stena-ss0-basic-12590\/\",\"url\":\"https:\/\/www.koupeltech.com\/index.php\/produkt\/zlevneny-sanplast-bocni-sprchova-stena-ss0-basic-12590\/\",\"name\":\"Zlevn\u011bn\u00fd Sanplast Bo\u010dn\u00ed sprchov\u00e1 st\u011bna SS0\/BASIC -\",\"isPartOf\":{\"@id\":\"https:\/\/www.koupeltech.com\/#website\"},\"primaryImageOfPage\":{\"@id\":\"https:\/\/www.koupeltech.com\/index.php\/produkt\/zlevneny-sanplast-bocni-sprchova-stena-ss0-basic-12590\/#primaryimage\"},\"image\":{\"@id\":\"https:\/\/www.koupeltech.com\/index.php\/produkt\/zlevneny-sanplast-bocni-sprchova-stena-ss0-basic-12590\/#primaryimage\"},\"thumbnailUrl\":\"https:\/\/www.koupeltech.com\/wp-content\/uploads\/2026\/SK0023689-CZ20260425-092632-0-1777080397-sanplast-bocni-sprchova-stena-ss0-basic-998479.webp\",\"datePublished\":\"2026-04-27T13:57:40+00:00\",\"breadcrumb\":{\"@id\":\"https:\/\/www.koupeltech.com\/index.php\/produkt\/zlevneny-sanplast-bocni-sprchova-stena-ss0-basic-12590\/#breadcrumb\"},\"inLanguage\":\"cs\",\"potentialAction\":[{\"@type\":\"ReadAction\",\"target\":[\"https:\/\/www.koupeltech.com\/index.php\/produkt\/zlevneny-sanplast-bocni-sprchova-stena-ss0-basic-12590\/\"]}]},{\"@type\":\"ImageObject\",\"inLanguage\":\"cs\",\"@id\":\"https:\/\/www.koupeltech.com\/index.php\/produkt\/zlevneny-sanplast-bocni-sprchova-stena-ss0-basic-12590\/#primaryimage\",\"url\":\"https:\/\/www.koupeltech.com\/wp-content\/uploads\/2026\/SK0023689-CZ20260425-092632-0-1777080397-sanplast-bocni-sprchova-stena-ss0-basic-998479.webp\",\"contentUrl\":\"https:\/\/www.koupeltech.com\/wp-content\/uploads\/2026\/SK0023689-CZ20260425-092632-0-1777080397-sanplast-bocni-sprchova-stena-ss0-basic-998479.webp\",\"width\":600,\"height\":429},{\"@type\":\"BreadcrumbList\",\"@id\":\"https:\/\/www.koupeltech.com\/index.php\/produkt\/zlevneny-sanplast-bocni-sprchova-stena-ss0-basic-12590\/#breadcrumb\",\"itemListElement\":[{\"@type\":\"ListItem\",\"position\":1,\"name\":\"Home\",\"item\":\"https:\/\/www.koupeltech.com\/\"},{\"@type\":\"ListItem\",\"position\":2,\"name\":\"Products\",\"item\":\"https:\/\/www.koupeltech.com\/index.php\/products\/\"},{\"@type\":\"ListItem\",\"position\":3,\"name\":\"Zlevn\u011bn\u00fd Sanplast Bo\u010dn\u00ed sprchov\u00e1 st\u011bna SS0\/BASIC\"}]},{\"@type\":\"WebSite\",\"@id\":\"https:\/\/www.koupeltech.com\/#website\",\"url\":\"https:\/\/www.koupeltech.com\/\",\"name\":\"\",\"description\":\"\",\"potentialAction\":[{\"@type\":\"SearchAction\",\"target\":{\"@type\":\"EntryPoint\",\"urlTemplate\":\"https:\/\/www.koupeltech.com\/?s={search_term_string}\"},\"query-input\":{\"@type\":\"PropertyValueSpecification\",\"valueRequired\":true,\"valueName\":\"search_term_string\"}}],\"inLanguage\":\"cs\"}]}<\/script>\n<!-- \/ Yoast SEO plugin. -->","yoast_head_json":{"title":"Zlevn\u011bn\u00fd Sanplast Bo\u010dn\u00ed sprchov\u00e1 st\u011bna SS0\/BASIC -","robots":{"index":"index","follow":"follow","max-snippet":"max-snippet:-1","max-image-preview":"max-image-preview:large","max-video-preview":"max-video-preview:-1"},"canonical":"https:\/\/www.koupeltech.com\/index.php\/produkt\/zlevneny-sanplast-bocni-sprchova-stena-ss0-basic-12590\/","og_locale":"cs_CZ","og_type":"article","og_title":"Zlevn\u011bn\u00fd Sanplast Bo\u010dn\u00ed sprchov\u00e1 st\u011bna SS0\/BASIC -","og_description":"Popis produktu Sanplast Bo\u010dn\u00ed sprchov\u00e1 st\u011bna SS0\/BASIC Pro sprchov\u00e9 dve\u0159e \u0159ady BASIC je k dispozici bo\u010dn\u00ed st\u011bna SS0\/BASIC.\u00a0Instalac\u00ed t\u00e9to st\u011bny je mo\u017en\u00e9 postavit rohov\u00fd nebo t\u0159\u00edst\u011bnn\u00fd sprchov\u00fd kout r\u016fzn\u00fdch rozm\u011br\u016f a typ\u016f otev\u00edr\u00e1n\u00ed. Jedin\u00fdm limitem je velikost koupelny a va\u0161e fantazie. St\u011bna je vypln\u011bna bezpe\u010dnostn\u00edm sklem o tlou\u0161\u0165ce 5 mm s ochranou Glass Protect. Technick\u00e9 [&hellip;]","og_url":"https:\/\/www.koupeltech.com\/index.php\/produkt\/zlevneny-sanplast-bocni-sprchova-stena-ss0-basic-12590\/","og_image":[{"width":600,"height":429,"url":"https:\/\/www.koupeltech.com\/wp-content\/uploads\/2026\/SK0023689-CZ20260425-092632-0-1777080397-sanplast-bocni-sprchova-stena-ss0-basic-998479.webp","type":"image\/webp"}],"twitter_card":"summary_large_image","twitter_misc":{"Odhadovan\u00e1 doba \u010dten\u00ed":"1 minuta"},"schema":{"@context":"https:\/\/schema.org","@graph":[{"@type":"WebPage","@id":"https:\/\/www.koupeltech.com\/index.php\/produkt\/zlevneny-sanplast-bocni-sprchova-stena-ss0-basic-12590\/","url":"https:\/\/www.koupeltech.com\/index.php\/produkt\/zlevneny-sanplast-bocni-sprchova-stena-ss0-basic-12590\/","name":"Zlevn\u011bn\u00fd Sanplast Bo\u010dn\u00ed sprchov\u00e1 st\u011bna SS0\/BASIC -","isPartOf":{"@id":"https:\/\/www.koupeltech.com\/#website"},"primaryImageOfPage":{"@id":"https:\/\/www.koupeltech.com\/index.php\/produkt\/zlevneny-sanplast-bocni-sprchova-stena-ss0-basic-12590\/#primaryimage"},"image":{"@id":"https:\/\/www.koupeltech.com\/index.php\/produkt\/zlevneny-sanplast-bocni-sprchova-stena-ss0-basic-12590\/#primaryimage"},"thumbnailUrl":"https:\/\/www.koupeltech.com\/wp-content\/uploads\/2026\/SK0023689-CZ20260425-092632-0-1777080397-sanplast-bocni-sprchova-stena-ss0-basic-998479.webp","datePublished":"2026-04-27T13:57:40+00:00","breadcrumb":{"@id":"https:\/\/www.koupeltech.com\/index.php\/produkt\/zlevneny-sanplast-bocni-sprchova-stena-ss0-basic-12590\/#breadcrumb"},"inLanguage":"cs","potentialAction":[{"@type":"ReadAction","target":["https:\/\/www.koupeltech.com\/index.php\/produkt\/zlevneny-sanplast-bocni-sprchova-stena-ss0-basic-12590\/"]}]},{"@type":"ImageObject","inLanguage":"cs","@id":"https:\/\/www.koupeltech.com\/index.php\/produkt\/zlevneny-sanplast-bocni-sprchova-stena-ss0-basic-12590\/#primaryimage","url":"https:\/\/www.koupeltech.com\/wp-content\/uploads\/2026\/SK0023689-CZ20260425-092632-0-1777080397-sanplast-bocni-sprchova-stena-ss0-basic-998479.webp","contentUrl":"https:\/\/www.koupeltech.com\/wp-content\/uploads\/2026\/SK0023689-CZ20260425-092632-0-1777080397-sanplast-bocni-sprchova-stena-ss0-basic-998479.webp","width":600,"height":429},{"@type":"BreadcrumbList","@id":"https:\/\/www.koupeltech.com\/index.php\/produkt\/zlevneny-sanplast-bocni-sprchova-stena-ss0-basic-12590\/#breadcrumb","itemListElement":[{"@type":"ListItem","position":1,"name":"Home","item":"https:\/\/www.koupeltech.com\/"},{"@type":"ListItem","position":2,"name":"Products","item":"https:\/\/www.koupeltech.com\/index.php\/products\/"},{"@type":"ListItem","position":3,"name":"Zlevn\u011bn\u00fd Sanplast Bo\u010dn\u00ed sprchov\u00e1 st\u011bna SS0\/BASIC"}]},{"@type":"WebSite","@id":"https:\/\/www.koupeltech.com\/#website","url":"https:\/\/www.koupeltech.com\/","name":"","description":"","potentialAction":[{"@type":"SearchAction","target":{"@type":"EntryPoint","urlTemplate":"https:\/\/www.koupeltech.com\/?s={search_term_string}"},"query-input":{"@type":"PropertyValueSpecification","valueRequired":true,"valueName":"search_term_string"}}],"inLanguage":"cs"}]}},"_links":{"self":[{"href":"https:\/\/www.koupeltech.com\/index.php\/wp-json\/wp\/v2\/product\/12590","targetHints":{"allow":["GET"]}}],"collection":[{"href":"https:\/\/www.koupeltech.com\/index.php\/wp-json\/wp\/v2\/product"}],"about":[{"href":"https:\/\/www.koupeltech.com\/index.php\/wp-json\/wp\/v2\/types\/product"}],"replies":[{"embeddable":true,"href":"https:\/\/www.koupeltech.com\/index.php\/wp-json\/wp\/v2\/comments?post=12590"}],"wp:featuredmedia":[{"embeddable":true,"href":"https:\/\/www.koupeltech.com\/index.php\/wp-json\/wp\/v2\/media\/12690"}],"wp:attachment":[{"href":"https:\/\/www.koupeltech.com\/index.php\/wp-json\/wp\/v2\/media?parent=12590"}],"wp:term":[{"taxonomy":"product_brand","embeddable":true,"href":"https:\/\/www.koupeltech.com\/index.php\/wp-json\/wp\/v2\/product_brand?post=12590"},{"taxonomy":"product_cat","embeddable":true,"href":"https:\/\/www.koupeltech.com\/index.php\/wp-json\/wp\/v2\/product_cat?post=12590"},{"taxonomy":"product_tag","embeddable":true,"href":"https:\/\/www.koupeltech.com\/index.php\/wp-json\/wp\/v2\/product_tag?post=12590"}],"curies":[{"name":"wp","href":"https:\/\/api.w.org\/{rel}","templated":true}]}}