{"id":12897,"date":"2026-04-27T13:57:44","date_gmt":"2026-04-27T13:57:44","guid":{"rendered":""},"modified":"2026-04-27T13:57:44","modified_gmt":"2026-04-27T13:57:44","slug":"uh-plast-plastova-nadrz-1000l-b-1000-nejlepsi-cena-12897","status":"publish","type":"product","link":"https:\/\/www.koupeltech.com\/index.php\/produkt\/uh-plast-plastova-nadrz-1000l-b-1000-nejlepsi-cena-12897\/","title":{"rendered":"UH Plast Plastov\u00e1 n\u00e1dr\u017e 1000l B-1000 Nejlep\u0161\u00ed Cena"},"content":{"rendered":"<div class=\"ProductDetail-content NoFixImageContainer\" id=\"productDescription\">\n<div class=\"Heading\">\n<h2 class=\"Heading-title\">Popis produktu <span class=''>UH Plast Plastov\u00e1 n\u00e1dr\u017e 1000l B-1000<\/span><\/h2>\n<\/p><\/div>\n<div class=\"ProductDetailContent\">\n<p><strong>Ploch\u00e1 plastov\u00e1 samonosn\u00e1&nbsp;n\u00e1dr\u017e o objemu 1000 litr\u016f je ide\u00e1ln\u00edm \u0159e\u0161en\u00edm pro bezpe\u010dn\u00e9 a efektivn\u00ed skladov\u00e1n\u00ed de\u0161\u0165ov\u00e9 vody, pitn\u00e9 vody, hnojiv a dal\u0161\u00edch kapalin s hustotou a\u017e 1,1 g\/cm\u00b3<\/strong>. D\u00edky promy\u0161len\u00e9mu designu se bez probl\u00e9m\u016f vejde do standardn\u00edch dve\u0159n\u00edch otvor\u016f i transportn\u00edch vozidel, co\u017e v\u00fdrazn\u011b <strong>usnad\u0148uje p\u0159epravu<\/strong> (v pr\u00e1zdn\u00e9m stavu) a instalaci.&nbsp;V horn\u00ed \u010d\u00e1sti n\u00e1dr\u017ee se nach\u00e1zej\u00ed <strong>mont\u00e1\u017en\u00ed krou\u017eky pro bezpe\u010dn\u00e9 upevn\u011bn\u00ed b\u011bhem p\u0159epravy<\/strong>. Dv\u011b vnit\u0159n\u00ed komory z\u00e1rove\u0148 slou\u017e\u00ed jako <strong>zpev\u0148uj\u00edc\u00ed \u017eebra<\/strong>, kter\u00e1 zvy\u0161uj\u00ed celkovou stabilitu a pevnost konstrukce.&nbsp;N\u00e1dr\u017e je vybavena revizn\u00edm v\u00edkem s&nbsp;41,8 cm \u0161irok\u00fdm vstupem a&nbsp;s <strong>integrovan\u00fdm odv\u011btr\u00e1v\u00e1n\u00edm<\/strong>, kter\u00e9 zaji\u0161\u0165uje snadn\u00fd p\u0159\u00edstup k obsahu a z\u00e1rove\u0148 zabra\u0148uje vzniku nadm\u011brn\u00e9ho tlaku uvnit\u0159 n\u00e1dr\u017ee.&nbsp;Plastovou n\u00e1dobu B-1000 nab\u00edz\u00edme ve 3 barevn\u00fdch proveden\u00edch: modr\u00e1, b\u00edl\u00e1 a mramor.<\/p>\n<h3><strong>Mo\u017enost individu\u00e1ln\u00edch \u00faprav<\/strong><\/h3>\n<ul>\n<li>Pro <strong>propojen\u00ed dvou nebo v\u00edce n\u00e1dr\u017e\u00ed<\/strong> lze vyu\u017e\u00edt potrub\u00ed o pr\u016fm\u011bru 75 mm a d\u00e9lce 0,5 nebo 1 metru. Spojen\u00ed je zaji\u0161t\u011bno pomoc\u00ed vhodn\u00e9 svorky (nen\u00ed sou\u010d\u00e1st\u00ed balen\u00ed).&nbsp;T\u00edmto zp\u016fsobem je mo\u017en\u00e9 vytvo\u0159it kombinovan\u00fd syst\u00e9m n\u00e1dr\u017e\u00ed s v\u011bt\u0161\u00ed celkovou kapacitou \u2013 ide\u00e1ln\u00ed nap\u0159. pro rozs\u00e1hlej\u0161\u00ed zavla\u017eovac\u00ed nebo reten\u010dn\u00ed \u0159e\u0161en\u00ed. Otev\u0159en\u00fd spoj lze v p\u0159\u00edpad\u011b pot\u0159eby uzav\u0159\u00edt standardn\u00edm 75mm v\u00ed\u010dkem (rovn\u011b\u017e nen\u00ed sou\u010d\u00e1st\u00ed balen\u00ed).<\/li>\n<li>U l\u00e1tek s vy\u0161\u0161\u00ed hustotou, jako jsou <strong>hnojiva RSM<\/strong>, je mo\u017en\u00e9 vyrobit <strong>n\u00e1dr\u017e s siln\u011bj\u0161\u00ed st\u011bnou<\/strong>.<\/li>\n<li>N\u00e1dr\u017e m\u016f\u017eeme vybavit dal\u0161\u00edm men\u0161\u00edm v\u00edkem (jedn\u00edm nebo dv\u011bma), kter\u00e9 usnadn\u00ed p\u0159\u00edstup nebo obsluhu p\u0159i specifick\u00e9m pou\u017eit\u00ed.&nbsp;<\/li>\n<\/ul>\n<h3>Parametry<\/h3>\n<ul>\n<li><strong>Objem:<\/strong>&nbsp;1000 l<\/li>\n<li><strong>D\u00e9lka:<\/strong> 153 cm<\/li>\n<li><strong>\u0160\u00ed\u0159ka:<\/strong> 67 cm<\/li>\n<li><strong>V\u00fd\u0161ka:<\/strong>&nbsp;129 cm<\/li>\n<li><strong>Pr\u016fm\u011br hrdla:<\/strong>&nbsp;41,8 cm<\/li>\n<li><strong>Tlou\u0161\u0165ka st\u011bny:<\/strong> 5 mm<\/li>\n<li><strong>Z\u00e1vit pro p\u0159ipojen\u00ed:<\/strong> 3\/4&#8243;<\/li>\n<li><strong>Materi\u00e1l:<\/strong> Polyethylen<\/li>\n<\/ul>\n<h4>Z\u00e1vity pro p\u0159ipojen\u00ed ventil\u016f<\/h4>\n<ul>\n<li>Spodn\u00ed z\u00e1vit 3\/4&#8243; je v\u017edy vnit\u0159n\u00ed a z&nbsp;v\u00fdroby je zaslepen\u00fd (viz. foto). Z\u00e1kazn\u00edk si mus\u00ed s\u00e1m provrtat, pokud jej bude cht\u00edt vyu\u017e\u00edvat. Spodn\u00ed z\u00e1vit je sou\u010d\u00e1st\u00ed ka\u017ed\u00e9 n\u00e1dr\u017ee.<\/li>\n<li>Horn\u00ed vn\u011bj\u0161\u00ed z\u00e1vit 3\/4&#8243;&nbsp;(jin\u00fd nelze) za p\u0159\u00edplatek 400 K\u010d bez DPH.<\/li>\n<\/ul>\n<h4>Pro\u010d si vybrat plastovou n\u00e1dr\u017e od UH Plast?<\/h4>\n<ul>\n<li><strong>Kvalitn\u00ed materi\u00e1ly<\/strong> \u2013 Vyr\u00e1b\u00edme z odoln\u00e9ho polyethylenu, kter\u00fd zaru\u010duje dlouhou \u017eivotnost a vysokou odolnost v\u016f\u010di chemick\u00fdm l\u00e1tk\u00e1m.<\/li>\n<li><strong>\u0160irok\u00e9 vyu\u017eit\u00ed<\/strong> \u2013 Nab\u00edz\u00edme n\u00e1dr\u017ee na de\u0161\u0165ovou a pitnou vodu, potraviny, chemik\u00e1lie, sypk\u00e9 materi\u00e1ly, motorovou naftu atd.<\/li>\n<li><strong>Ekologick\u00e9 a hygienick\u00e9<\/strong> \u2013 Na\u0161e v\u00fdrobky spl\u0148uj\u00ed p\u0159\u00edsn\u00e9 ekologick\u00e9 normy a jsou zdravotn\u011b nez\u00e1vadn\u00e9.<\/li>\n<li><strong>Dlouh\u00e1 \u017eivotnost<\/strong> \u2013 Plastov\u00e9 n\u00e1dr\u017ee od UH Plast jsou navr\u017eeny tak, aby odol\u00e1valy mechanick\u00e9mu po\u0161kozen\u00ed a vn\u011bj\u0161\u00edm vliv\u016fm.<\/li>\n<li><strong>Odolnost proti mrazu<\/strong> \u2013 -30 \u00b0C* a\u017e +60 \u00b0C (*pro pr\u00e1zdn\u00e9 n\u00e1dr\u017ee)<\/li>\n<\/ul><\/div>\n<div class=\"ProductDetailContent\">\n<div class=\"ProductDetailContent-item\">\n<div style=\"background-color:#f9f9f9; border-left:5px solid #4caf50; border-radius:8px; box-shadow:0 4px 12px rgba(0,0,0,0.1); font-family:Arial,sans-serif; margin-bottom:20px; padding:25px 20px 20px 20px; position:relative\"><!-- Ikona info v lev\u00e9m horn\u00edm rohu --><\/p>\n<div style=\"align-items:center; background-color:#4caf50; border-radius:50%; color:#ffffff; display:flex; font-size:18px; font-weight:bold; height:30px; justify-content:center; left:-10px; position:absolute; top:-10px; width:30px\">i<\/div>\n<h3 style=\"margin-left:15px\">Polyethylen LLDPE<\/h3>\n<p><strong>Polyethylen LLDPE<\/strong> (Low-Density Polyethylene) je druh polymeru, kter\u00fd je charakterizov\u00e1n n\u00edzkou hustotou a vysokou flexibilitou. Tento materi\u00e1l je \u0161iroce pou\u017e\u00edv\u00e1n v r\u016fzn\u00fdch aplikac\u00edch, zejm\u00e9na d\u00edky sv\u00e9 odolnosti v\u016f\u010di chemik\u00e1li\u00edm, vlhkosti a n\u00edzk\u00fdm teplot\u00e1m. LLDPE je vytv\u00e1\u0159en polymerac\u00ed etylenu za pou\u017eit\u00ed specifick\u00fdch katalyz\u00e1tor\u016f, co\u017e vede k molekul\u00e1m s n\u00edzkou hustotou, ale z\u00e1rove\u0148 zaji\u0161\u0165uje vysokou odolnost a flexibilitu.<\/p>\n<p><strong>Typick\u00e9 vlastnosti LLDPE:<\/strong><\/p>\n<ul>\n<li><strong>Vysok\u00e1 odolnost v\u016f\u010di n\u00e1raz\u016fm<\/strong> a poprask\u00e1n\u00ed.<\/li>\n<li><strong>Flexibilita a ohybnost<\/strong> p\u0159i n\u00edzk\u00fdch teplot\u00e1ch.<\/li>\n<li><strong>Odolnost v\u016f\u010di chemik\u00e1li\u00edm<\/strong> (nap\u0159. kyselin\u00e1m, z\u00e1sad\u00e1m, olej\u016fm).<\/li>\n<li><strong>N\u00edzk\u00e1 hustota<\/strong>, co\u017e znamen\u00e1, \u017ee je lehk\u00fd.<\/li>\n<li><strong>Dobr\u00e1 bari\u00e9rov\u00e1 vlastnost proti vod\u011b<\/strong>.<\/li>\n<\/ul>\n<\/div><\/div>\n<\/p><\/div>\n<\/p><\/div>\n<\/p><\/div>\n<\/p><\/div>\n","protected":false},"excerpt":{"rendered":"<p>Popis produktu UH Plast Plastov\u00e1 n\u00e1dr\u017e 1000l B-1000 Ploch\u00e1 plastov\u00e1 samonosn\u00e1&nbsp;n\u00e1dr\u017e o objemu 1000 litr\u016f je ide\u00e1ln\u00edm \u0159e\u0161en\u00edm pro bezpe\u010dn\u00e9 a efektivn\u00ed skladov\u00e1n\u00ed de\u0161\u0165ov\u00e9 vody, pitn\u00e9 vody, hnojiv a dal\u0161\u00edch kapalin s hustotou a\u017e 1,1 g\/cm\u00b3. D\u00edky promy\u0161len\u00e9mu designu se bez probl\u00e9m\u016f vejde do standardn\u00edch dve\u0159n\u00edch otvor\u016f i transportn\u00edch vozidel, co\u017e v\u00fdrazn\u011b usnad\u0148uje p\u0159epravu (v [&hellip;]<\/p>\n","protected":false},"featured_media":12997,"comment_status":"open","ping_status":"open","template":"","meta":[],"product_brand":[],"product_cat":[81],"product_tag":[],"class_list":{"0":"post-12897","1":"product","2":"type-product","3":"status-publish","4":"has-post-thumbnail","6":"product_cat-septiky-jimky-nadrze","8":"first","9":"instock","10":"sale","11":"shipping-taxable","12":"purchasable","13":"product-type-simple"},"yoast_head":"<!-- This site is optimized with the Yoast SEO plugin v26.8 - https:\/\/yoast.com\/product\/yoast-seo-wordpress\/ -->\n<title>UH Plast Plastov\u00e1 n\u00e1dr\u017e 1000l B-1000 Nejlep\u0161\u00ed Cena -<\/title>\n<meta name=\"robots\" content=\"index, follow, max-snippet:-1, max-image-preview:large, max-video-preview:-1\" \/>\n<link rel=\"canonical\" href=\"https:\/\/www.koupeltech.com\/index.php\/produkt\/uh-plast-plastova-nadrz-1000l-b-1000-nejlepsi-cena-12897\/\" \/>\n<meta property=\"og:locale\" content=\"cs_CZ\" \/>\n<meta property=\"og:type\" content=\"article\" \/>\n<meta property=\"og:title\" content=\"UH Plast Plastov\u00e1 n\u00e1dr\u017e 1000l B-1000 Nejlep\u0161\u00ed Cena -\" \/>\n<meta property=\"og:description\" content=\"Popis produktu UH Plast Plastov\u00e1 n\u00e1dr\u017e 1000l B-1000 Ploch\u00e1 plastov\u00e1 samonosn\u00e1&nbsp;n\u00e1dr\u017e o objemu 1000 litr\u016f je ide\u00e1ln\u00edm \u0159e\u0161en\u00edm pro bezpe\u010dn\u00e9 a efektivn\u00ed skladov\u00e1n\u00ed de\u0161\u0165ov\u00e9 vody, pitn\u00e9 vody, hnojiv a dal\u0161\u00edch kapalin s hustotou a\u017e 1,1 g\/cm\u00b3. D\u00edky promy\u0161len\u00e9mu designu se bez probl\u00e9m\u016f vejde do standardn\u00edch dve\u0159n\u00edch otvor\u016f i transportn\u00edch vozidel, co\u017e v\u00fdrazn\u011b usnad\u0148uje p\u0159epravu (v [&hellip;]\" \/>\n<meta property=\"og:url\" content=\"https:\/\/www.koupeltech.com\/index.php\/produkt\/uh-plast-plastova-nadrz-1000l-b-1000-nejlepsi-cena-12897\/\" \/>\n<meta property=\"og:image\" content=\"https:\/\/www.koupeltech.com\/wp-content\/uploads\/2026\/SK0023906-CZ20260425-092632-0-1777080397-uh-plast-plastova-nadrz-1000l-b-1000-1000054.webp\" \/>\n\t<meta property=\"og:image:width\" content=\"600\" \/>\n\t<meta property=\"og:image:height\" content=\"600\" \/>\n\t<meta property=\"og:image:type\" content=\"image\/webp\" \/>\n<meta name=\"twitter:card\" content=\"summary_large_image\" \/>\n<meta name=\"twitter:label1\" content=\"Odhadovan\u00e1 doba \u010dten\u00ed\" \/>\n\t<meta name=\"twitter:data1\" content=\"3 minuty\" \/>\n<script type=\"application\/ld+json\" class=\"yoast-schema-graph\">{\"@context\":\"https:\/\/schema.org\",\"@graph\":[{\"@type\":\"WebPage\",\"@id\":\"https:\/\/www.koupeltech.com\/index.php\/produkt\/uh-plast-plastova-nadrz-1000l-b-1000-nejlepsi-cena-12897\/\",\"url\":\"https:\/\/www.koupeltech.com\/index.php\/produkt\/uh-plast-plastova-nadrz-1000l-b-1000-nejlepsi-cena-12897\/\",\"name\":\"UH Plast Plastov\u00e1 n\u00e1dr\u017e 1000l B-1000 Nejlep\u0161\u00ed Cena -\",\"isPartOf\":{\"@id\":\"https:\/\/www.koupeltech.com\/#website\"},\"primaryImageOfPage\":{\"@id\":\"https:\/\/www.koupeltech.com\/index.php\/produkt\/uh-plast-plastova-nadrz-1000l-b-1000-nejlepsi-cena-12897\/#primaryimage\"},\"image\":{\"@id\":\"https:\/\/www.koupeltech.com\/index.php\/produkt\/uh-plast-plastova-nadrz-1000l-b-1000-nejlepsi-cena-12897\/#primaryimage\"},\"thumbnailUrl\":\"https:\/\/www.koupeltech.com\/wp-content\/uploads\/2026\/SK0023906-CZ20260425-092632-0-1777080397-uh-plast-plastova-nadrz-1000l-b-1000-1000054.webp\",\"datePublished\":\"2026-04-27T13:57:44+00:00\",\"breadcrumb\":{\"@id\":\"https:\/\/www.koupeltech.com\/index.php\/produkt\/uh-plast-plastova-nadrz-1000l-b-1000-nejlepsi-cena-12897\/#breadcrumb\"},\"inLanguage\":\"cs\",\"potentialAction\":[{\"@type\":\"ReadAction\",\"target\":[\"https:\/\/www.koupeltech.com\/index.php\/produkt\/uh-plast-plastova-nadrz-1000l-b-1000-nejlepsi-cena-12897\/\"]}]},{\"@type\":\"ImageObject\",\"inLanguage\":\"cs\",\"@id\":\"https:\/\/www.koupeltech.com\/index.php\/produkt\/uh-plast-plastova-nadrz-1000l-b-1000-nejlepsi-cena-12897\/#primaryimage\",\"url\":\"https:\/\/www.koupeltech.com\/wp-content\/uploads\/2026\/SK0023906-CZ20260425-092632-0-1777080397-uh-plast-plastova-nadrz-1000l-b-1000-1000054.webp\",\"contentUrl\":\"https:\/\/www.koupeltech.com\/wp-content\/uploads\/2026\/SK0023906-CZ20260425-092632-0-1777080397-uh-plast-plastova-nadrz-1000l-b-1000-1000054.webp\",\"width\":600,\"height\":600},{\"@type\":\"BreadcrumbList\",\"@id\":\"https:\/\/www.koupeltech.com\/index.php\/produkt\/uh-plast-plastova-nadrz-1000l-b-1000-nejlepsi-cena-12897\/#breadcrumb\",\"itemListElement\":[{\"@type\":\"ListItem\",\"position\":1,\"name\":\"Home\",\"item\":\"https:\/\/www.koupeltech.com\/\"},{\"@type\":\"ListItem\",\"position\":2,\"name\":\"Products\",\"item\":\"https:\/\/www.koupeltech.com\/index.php\/products\/\"},{\"@type\":\"ListItem\",\"position\":3,\"name\":\"UH Plast Plastov\u00e1 n\u00e1dr\u017e 1000l B-1000 Nejlep\u0161\u00ed Cena\"}]},{\"@type\":\"WebSite\",\"@id\":\"https:\/\/www.koupeltech.com\/#website\",\"url\":\"https:\/\/www.koupeltech.com\/\",\"name\":\"\",\"description\":\"\",\"potentialAction\":[{\"@type\":\"SearchAction\",\"target\":{\"@type\":\"EntryPoint\",\"urlTemplate\":\"https:\/\/www.koupeltech.com\/?s={search_term_string}\"},\"query-input\":{\"@type\":\"PropertyValueSpecification\",\"valueRequired\":true,\"valueName\":\"search_term_string\"}}],\"inLanguage\":\"cs\"}]}<\/script>\n<!-- \/ Yoast SEO plugin. -->","yoast_head_json":{"title":"UH Plast Plastov\u00e1 n\u00e1dr\u017e 1000l B-1000 Nejlep\u0161\u00ed Cena -","robots":{"index":"index","follow":"follow","max-snippet":"max-snippet:-1","max-image-preview":"max-image-preview:large","max-video-preview":"max-video-preview:-1"},"canonical":"https:\/\/www.koupeltech.com\/index.php\/produkt\/uh-plast-plastova-nadrz-1000l-b-1000-nejlepsi-cena-12897\/","og_locale":"cs_CZ","og_type":"article","og_title":"UH Plast Plastov\u00e1 n\u00e1dr\u017e 1000l B-1000 Nejlep\u0161\u00ed Cena -","og_description":"Popis produktu UH Plast Plastov\u00e1 n\u00e1dr\u017e 1000l B-1000 Ploch\u00e1 plastov\u00e1 samonosn\u00e1&nbsp;n\u00e1dr\u017e o objemu 1000 litr\u016f je ide\u00e1ln\u00edm \u0159e\u0161en\u00edm pro bezpe\u010dn\u00e9 a efektivn\u00ed skladov\u00e1n\u00ed de\u0161\u0165ov\u00e9 vody, pitn\u00e9 vody, hnojiv a dal\u0161\u00edch kapalin s hustotou a\u017e 1,1 g\/cm\u00b3. D\u00edky promy\u0161len\u00e9mu designu se bez probl\u00e9m\u016f vejde do standardn\u00edch dve\u0159n\u00edch otvor\u016f i transportn\u00edch vozidel, co\u017e v\u00fdrazn\u011b usnad\u0148uje p\u0159epravu (v [&hellip;]","og_url":"https:\/\/www.koupeltech.com\/index.php\/produkt\/uh-plast-plastova-nadrz-1000l-b-1000-nejlepsi-cena-12897\/","og_image":[{"width":600,"height":600,"url":"https:\/\/www.koupeltech.com\/wp-content\/uploads\/2026\/SK0023906-CZ20260425-092632-0-1777080397-uh-plast-plastova-nadrz-1000l-b-1000-1000054.webp","type":"image\/webp"}],"twitter_card":"summary_large_image","twitter_misc":{"Odhadovan\u00e1 doba \u010dten\u00ed":"3 minuty"},"schema":{"@context":"https:\/\/schema.org","@graph":[{"@type":"WebPage","@id":"https:\/\/www.koupeltech.com\/index.php\/produkt\/uh-plast-plastova-nadrz-1000l-b-1000-nejlepsi-cena-12897\/","url":"https:\/\/www.koupeltech.com\/index.php\/produkt\/uh-plast-plastova-nadrz-1000l-b-1000-nejlepsi-cena-12897\/","name":"UH Plast Plastov\u00e1 n\u00e1dr\u017e 1000l B-1000 Nejlep\u0161\u00ed Cena -","isPartOf":{"@id":"https:\/\/www.koupeltech.com\/#website"},"primaryImageOfPage":{"@id":"https:\/\/www.koupeltech.com\/index.php\/produkt\/uh-plast-plastova-nadrz-1000l-b-1000-nejlepsi-cena-12897\/#primaryimage"},"image":{"@id":"https:\/\/www.koupeltech.com\/index.php\/produkt\/uh-plast-plastova-nadrz-1000l-b-1000-nejlepsi-cena-12897\/#primaryimage"},"thumbnailUrl":"https:\/\/www.koupeltech.com\/wp-content\/uploads\/2026\/SK0023906-CZ20260425-092632-0-1777080397-uh-plast-plastova-nadrz-1000l-b-1000-1000054.webp","datePublished":"2026-04-27T13:57:44+00:00","breadcrumb":{"@id":"https:\/\/www.koupeltech.com\/index.php\/produkt\/uh-plast-plastova-nadrz-1000l-b-1000-nejlepsi-cena-12897\/#breadcrumb"},"inLanguage":"cs","potentialAction":[{"@type":"ReadAction","target":["https:\/\/www.koupeltech.com\/index.php\/produkt\/uh-plast-plastova-nadrz-1000l-b-1000-nejlepsi-cena-12897\/"]}]},{"@type":"ImageObject","inLanguage":"cs","@id":"https:\/\/www.koupeltech.com\/index.php\/produkt\/uh-plast-plastova-nadrz-1000l-b-1000-nejlepsi-cena-12897\/#primaryimage","url":"https:\/\/www.koupeltech.com\/wp-content\/uploads\/2026\/SK0023906-CZ20260425-092632-0-1777080397-uh-plast-plastova-nadrz-1000l-b-1000-1000054.webp","contentUrl":"https:\/\/www.koupeltech.com\/wp-content\/uploads\/2026\/SK0023906-CZ20260425-092632-0-1777080397-uh-plast-plastova-nadrz-1000l-b-1000-1000054.webp","width":600,"height":600},{"@type":"BreadcrumbList","@id":"https:\/\/www.koupeltech.com\/index.php\/produkt\/uh-plast-plastova-nadrz-1000l-b-1000-nejlepsi-cena-12897\/#breadcrumb","itemListElement":[{"@type":"ListItem","position":1,"name":"Home","item":"https:\/\/www.koupeltech.com\/"},{"@type":"ListItem","position":2,"name":"Products","item":"https:\/\/www.koupeltech.com\/index.php\/products\/"},{"@type":"ListItem","position":3,"name":"UH Plast Plastov\u00e1 n\u00e1dr\u017e 1000l B-1000 Nejlep\u0161\u00ed Cena"}]},{"@type":"WebSite","@id":"https:\/\/www.koupeltech.com\/#website","url":"https:\/\/www.koupeltech.com\/","name":"","description":"","potentialAction":[{"@type":"SearchAction","target":{"@type":"EntryPoint","urlTemplate":"https:\/\/www.koupeltech.com\/?s={search_term_string}"},"query-input":{"@type":"PropertyValueSpecification","valueRequired":true,"valueName":"search_term_string"}}],"inLanguage":"cs"}]}},"_links":{"self":[{"href":"https:\/\/www.koupeltech.com\/index.php\/wp-json\/wp\/v2\/product\/12897","targetHints":{"allow":["GET"]}}],"collection":[{"href":"https:\/\/www.koupeltech.com\/index.php\/wp-json\/wp\/v2\/product"}],"about":[{"href":"https:\/\/www.koupeltech.com\/index.php\/wp-json\/wp\/v2\/types\/product"}],"replies":[{"embeddable":true,"href":"https:\/\/www.koupeltech.com\/index.php\/wp-json\/wp\/v2\/comments?post=12897"}],"wp:featuredmedia":[{"embeddable":true,"href":"https:\/\/www.koupeltech.com\/index.php\/wp-json\/wp\/v2\/media\/12997"}],"wp:attachment":[{"href":"https:\/\/www.koupeltech.com\/index.php\/wp-json\/wp\/v2\/media?parent=12897"}],"wp:term":[{"taxonomy":"product_brand","embeddable":true,"href":"https:\/\/www.koupeltech.com\/index.php\/wp-json\/wp\/v2\/product_brand?post=12897"},{"taxonomy":"product_cat","embeddable":true,"href":"https:\/\/www.koupeltech.com\/index.php\/wp-json\/wp\/v2\/product_cat?post=12897"},{"taxonomy":"product_tag","embeddable":true,"href":"https:\/\/www.koupeltech.com\/index.php\/wp-json\/wp\/v2\/product_tag?post=12897"}],"curies":[{"name":"wp","href":"https:\/\/api.w.org\/{rel}","templated":true}]}}