{"id":12898,"date":"2026-04-27T13:57:44","date_gmt":"2026-04-27T13:57:44","guid":{"rendered":""},"modified":"2026-04-27T13:57:44","modified_gmt":"2026-04-27T13:57:44","slug":"ihned-k-objednani-uh-plast-uh-plast-mobilni-nadrz-na-vodu-50l-d-50-bila-12898","status":"publish","type":"product","link":"https:\/\/www.koupeltech.com\/index.php\/produkt\/ihned-k-objednani-uh-plast-uh-plast-mobilni-nadrz-na-vodu-50l-d-50-bila-12898\/","title":{"rendered":"Ihned K Objedn\u00e1n\u00ed UH Plast UH Plast Mobiln\u00ed n\u00e1dr\u017e na vodu 50l D-50 b\u00edl\u00e1"},"content":{"rendered":"<div class=\"ProductDetail-content NoFixImageContainer\" id=\"productDescription\">\n<div class=\"Heading\">\n<h2 class=\"Heading-title\">Popis produktu <span class=''>UH Plast UH Plast Mobiln\u00ed n\u00e1dr\u017e na vodu 50l D-50 b\u00edl\u00e1<\/span><\/h2>\n<\/p><\/div>\n<div class=\"ProductDetailContent\">\n<p><strong>Plastov\u00e1 n\u00e1dr\u017e<\/strong> o objemu <strong>50 litr\u016f<\/strong> byla speci\u00e1ln\u011b navr\u017eena <strong>pro mont\u00e1\u017e v omezen\u00fdch prostorech<\/strong>, jako jsou <strong>cateringov\u00e9 p\u0159\u00edv\u011bsy<\/strong>, <strong>servisn\u00ed autobusy<\/strong>, <strong>karavany<\/strong> \u010di jin\u00e1 vozidla. D\u00edky sv\u00e9mu kompaktn\u00edmu tvaru (pouze 24 cm na \u0161\u00ed\u0159ku) se snadno vejde do \u00fazk\u00fdch mont\u00e1\u017en\u00edch otvor\u016f, nap\u0159\u00edklad <strong>na podb\u011bhy kol<\/strong>, a je p\u0159ipravena \u010delit n\u00e1ro\u010dn\u00fdm podm\u00ednk\u00e1m na cest\u00e1ch \u2013 v\u010detn\u011b vibrac\u00ed a ot\u0159es\u016f.<\/p>\n<p><strong>Co ji odli\u0161uje?<\/strong><\/p>\n<ul>\n<li><strong>Nulov\u00fd \u00fanik<\/strong> \u2013 t\u011bsn\u00fd \u0161roubovac\u00ed kryt o pr\u016fm\u011bru 16 cm v kombinaci s beze\u0161vou technologi\u00ed v\u00fdroby <em>rotomoulding<\/em> (n\u00e1dr\u017e je odlit\u00e1 z jednoho kusu plastu) zaji\u0161\u0165uje maxim\u00e1ln\u00ed t\u011bsnost.<\/li>\n<li><strong>Vysok\u00e1 odolnost<\/strong> \u2013 optimalizovan\u00e1 tlou\u0161\u0165ka st\u011bn pro p\u0159epravu: n\u00e1dr\u017e se nedeformuje, neprask\u00e1 a odol\u00e1v\u00e1 tlaku i n\u00e1raz\u016fm.<\/li>\n<li><strong>Flexibiln\u00ed p\u0159ipojen\u00ed<\/strong> \u2013 sou\u010d\u00e1st\u00ed jsou dv\u011b plastov\u00e1 z\u00e1vitov\u00e1 hrdla (1\u00d72&#8243;), kter\u00e1 m\u016f\u017eete pou\u017e\u00edt podle vlastn\u00edch pot\u0159eb nebo je ponechat zaslepen\u00e1.<\/li>\n<li><strong>Univerz\u00e1ln\u00ed tvar<\/strong> \u2013 bez nutnosti kombinovat s dal\u0161\u00edmi n\u00e1dr\u017eemi, jednodu\u0161e pasuje do v\u011bt\u0161iny typ\u016f vozidel.<\/li>\n<li><strong>\u00daspora prostoru<\/strong> \u2013 promy\u0161len\u00e1 konstrukce umo\u017e\u0148uje efektivn\u00ed vyu\u017eit\u00ed i p\u0159i instalaci v\u00edce n\u00e1dr\u017e\u00ed vedle sebe.<\/li>\n<\/ul>\n<h3><span style=\"font-size:22px\">Parametry<\/span><\/h3>\n<ul>\n<li><span style=\"font-size:16px\">Objem: 50 l<\/span><\/li>\n<li><span style=\"font-size:16px\">D\u00e9lka: 69 cm<\/span><\/li>\n<li><span style=\"font-size:16px\">\u0160\u00ed\u0159ka: 24 cm<\/span><\/li>\n<li><span style=\"font-size:16px\">V\u00fd\u0161ka: 60 cm<\/span><\/li>\n<li><span style=\"font-size:16px\">Pr\u016fm\u011br hrdla: 16 cm<\/span><\/li>\n<li><span style=\"font-size:16px\">Tlou\u0161\u0165ka st\u011bny: 4,5 mm<\/span><\/li>\n<li><span style=\"font-size:16px\">Materi\u00e1l: polyethylen<\/span><\/li>\n<\/ul>\n<h4><span style=\"font-size:22px\">Vlastnosti:<\/span><\/h4>\n<ul>\n<li><strong>Materi\u00e1l:<\/strong> Polyethylen schv\u00e1len\u00fd pro styk s potravinami, zaji\u0161\u0165uj\u00edc\u00ed bezpe\u010dnost p\u0159i p\u0159eprav\u011b pitn\u00e9 vody.<\/li>\n<li><strong>Odolnost:<\/strong> Vysok\u00e1 pevnost a odolnost v\u016f\u010di teplot\u00e1m od -30 \u00b0C do +60 \u00b0C.<\/li>\n<li><strong>\u00dadr\u017eba:<\/strong> D\u00edky pr\u016fm\u011bru hrdla 16 cm je umo\u017en\u011bn snadn\u00fd p\u0159\u00edstup pro \u010di\u0161t\u011bn\u00ed a \u00fadr\u017ebu n\u00e1dr\u017ee.<\/li>\n<\/ul><\/div>\n<div class=\"ProductDetailContent\">\n<div class=\"ProductDetailContent-item\">\n<div style=\"background-color:#f9f9f9; border-left:5px solid #4caf50; border-radius:8px; box-shadow:0 4px 12px rgba(0,0,0,0.1); font-family:Arial,sans-serif; margin-bottom:20px; padding:25px 20px 20px 20px; position:relative\"><!-- Ikona info v lev\u00e9m horn\u00edm rohu --><\/p>\n<div style=\"align-items:center; background-color:#4caf50; border-radius:50%; color:#ffffff; display:flex; font-size:18px; font-weight:bold; height:30px; justify-content:center; left:-10px; position:absolute; top:-10px; width:30px\">i<\/div>\n<h3 style=\"margin-left:15px\">Polyethylen LLDPE<\/h3>\n<p><strong>Polyethylen LLDPE<\/strong> (Low-Density Polyethylene) je druh polymeru, kter\u00fd je charakterizov\u00e1n n\u00edzkou hustotou a vysokou flexibilitou. Tento materi\u00e1l je \u0161iroce pou\u017e\u00edv\u00e1n v r\u016fzn\u00fdch aplikac\u00edch, zejm\u00e9na d\u00edky sv\u00e9 odolnosti v\u016f\u010di chemik\u00e1li\u00edm, vlhkosti a n\u00edzk\u00fdm teplot\u00e1m. LLDPE je vytv\u00e1\u0159en polymerac\u00ed etylenu za pou\u017eit\u00ed specifick\u00fdch katalyz\u00e1tor\u016f, co\u017e vede k molekul\u00e1m s n\u00edzkou hustotou, ale z\u00e1rove\u0148 zaji\u0161\u0165uje vysokou odolnost a flexibilitu.<\/p>\n<p><strong>Typick\u00e9 vlastnosti LLDPE:<\/strong><\/p>\n<ul>\n<li><strong>Vysok\u00e1 odolnost v\u016f\u010di n\u00e1raz\u016fm<\/strong> a poprask\u00e1n\u00ed.<\/li>\n<li><strong>Flexibilita a ohybnost<\/strong> p\u0159i n\u00edzk\u00fdch teplot\u00e1ch.<\/li>\n<li><strong>Odolnost v\u016f\u010di chemik\u00e1li\u00edm<\/strong> (nap\u0159. kyselin\u00e1m, z\u00e1sad\u00e1m, olej\u016fm).<\/li>\n<li><strong>N\u00edzk\u00e1 hustota<\/strong>, co\u017e znamen\u00e1, \u017ee je lehk\u00fd.<\/li>\n<li><strong>Dobr\u00e1 bari\u00e9rov\u00e1 vlastnost proti vod\u011b<\/strong>.<\/li>\n<\/ul>\n<\/div><\/div>\n<\/p><\/div>\n<\/p><\/div>\n<\/p><\/div>\n<\/p><\/div>\n","protected":false},"excerpt":{"rendered":"<p>Popis produktu UH Plast UH Plast Mobiln\u00ed n\u00e1dr\u017e na vodu 50l D-50 b\u00edl\u00e1 Plastov\u00e1 n\u00e1dr\u017e o objemu 50 litr\u016f byla speci\u00e1ln\u011b navr\u017eena pro mont\u00e1\u017e v omezen\u00fdch prostorech, jako jsou cateringov\u00e9 p\u0159\u00edv\u011bsy, servisn\u00ed autobusy, karavany \u010di jin\u00e1 vozidla. D\u00edky sv\u00e9mu kompaktn\u00edmu tvaru (pouze 24 cm na \u0161\u00ed\u0159ku) se snadno vejde do \u00fazk\u00fdch mont\u00e1\u017en\u00edch otvor\u016f, nap\u0159\u00edklad na [&hellip;]<\/p>\n","protected":false},"featured_media":12998,"comment_status":"open","ping_status":"open","template":"","meta":[],"product_brand":[],"product_cat":[81],"product_tag":[],"class_list":{"0":"post-12898","1":"product","2":"type-product","3":"status-publish","4":"has-post-thumbnail","6":"product_cat-septiky-jimky-nadrze","8":"first","9":"instock","10":"sale","11":"shipping-taxable","12":"purchasable","13":"product-type-simple"},"yoast_head":"<!-- This site is optimized with the Yoast SEO plugin v26.8 - https:\/\/yoast.com\/product\/yoast-seo-wordpress\/ -->\n<title>Ihned K Objedn\u00e1n\u00ed UH Plast UH Plast Mobiln\u00ed n\u00e1dr\u017e na vodu 50l D-50 b\u00edl\u00e1 -<\/title>\n<meta name=\"robots\" content=\"index, follow, max-snippet:-1, max-image-preview:large, max-video-preview:-1\" \/>\n<link rel=\"canonical\" href=\"https:\/\/www.koupeltech.com\/index.php\/produkt\/ihned-k-objednani-uh-plast-uh-plast-mobilni-nadrz-na-vodu-50l-d-50-bila-12898\/\" \/>\n<meta property=\"og:locale\" content=\"cs_CZ\" \/>\n<meta property=\"og:type\" content=\"article\" \/>\n<meta property=\"og:title\" content=\"Ihned K Objedn\u00e1n\u00ed UH Plast UH Plast Mobiln\u00ed n\u00e1dr\u017e na vodu 50l D-50 b\u00edl\u00e1 -\" \/>\n<meta property=\"og:description\" content=\"Popis produktu UH Plast UH Plast Mobiln\u00ed n\u00e1dr\u017e na vodu 50l D-50 b\u00edl\u00e1 Plastov\u00e1 n\u00e1dr\u017e o objemu 50 litr\u016f byla speci\u00e1ln\u011b navr\u017eena pro mont\u00e1\u017e v omezen\u00fdch prostorech, jako jsou cateringov\u00e9 p\u0159\u00edv\u011bsy, servisn\u00ed autobusy, karavany \u010di jin\u00e1 vozidla. D\u00edky sv\u00e9mu kompaktn\u00edmu tvaru (pouze 24 cm na \u0161\u00ed\u0159ku) se snadno vejde do \u00fazk\u00fdch mont\u00e1\u017en\u00edch otvor\u016f, nap\u0159\u00edklad na [&hellip;]\" \/>\n<meta property=\"og:url\" content=\"https:\/\/www.koupeltech.com\/index.php\/produkt\/ihned-k-objednani-uh-plast-uh-plast-mobilni-nadrz-na-vodu-50l-d-50-bila-12898\/\" \/>\n<meta property=\"og:image\" content=\"https:\/\/www.koupeltech.com\/wp-content\/uploads\/2026\/SK0023907-CZ20260425-092632-0-1777080397-uh-plast-uh-plast-mobilni-nadrz-na-vodu-50l-d-50-bila-10000.webp\" \/>\n\t<meta property=\"og:image:width\" content=\"600\" \/>\n\t<meta property=\"og:image:height\" content=\"600\" \/>\n\t<meta property=\"og:image:type\" content=\"image\/webp\" \/>\n<meta name=\"twitter:card\" content=\"summary_large_image\" \/>\n<meta name=\"twitter:label1\" content=\"Odhadovan\u00e1 doba \u010dten\u00ed\" \/>\n\t<meta name=\"twitter:data1\" content=\"2 minuty\" \/>\n<script type=\"application\/ld+json\" class=\"yoast-schema-graph\">{\"@context\":\"https:\/\/schema.org\",\"@graph\":[{\"@type\":\"WebPage\",\"@id\":\"https:\/\/www.koupeltech.com\/index.php\/produkt\/ihned-k-objednani-uh-plast-uh-plast-mobilni-nadrz-na-vodu-50l-d-50-bila-12898\/\",\"url\":\"https:\/\/www.koupeltech.com\/index.php\/produkt\/ihned-k-objednani-uh-plast-uh-plast-mobilni-nadrz-na-vodu-50l-d-50-bila-12898\/\",\"name\":\"Ihned K Objedn\u00e1n\u00ed UH Plast UH Plast Mobiln\u00ed n\u00e1dr\u017e na vodu 50l D-50 b\u00edl\u00e1 -\",\"isPartOf\":{\"@id\":\"https:\/\/www.koupeltech.com\/#website\"},\"primaryImageOfPage\":{\"@id\":\"https:\/\/www.koupeltech.com\/index.php\/produkt\/ihned-k-objednani-uh-plast-uh-plast-mobilni-nadrz-na-vodu-50l-d-50-bila-12898\/#primaryimage\"},\"image\":{\"@id\":\"https:\/\/www.koupeltech.com\/index.php\/produkt\/ihned-k-objednani-uh-plast-uh-plast-mobilni-nadrz-na-vodu-50l-d-50-bila-12898\/#primaryimage\"},\"thumbnailUrl\":\"https:\/\/www.koupeltech.com\/wp-content\/uploads\/2026\/SK0023907-CZ20260425-092632-0-1777080397-uh-plast-uh-plast-mobilni-nadrz-na-vodu-50l-d-50-bila-10000.webp\",\"datePublished\":\"2026-04-27T13:57:44+00:00\",\"breadcrumb\":{\"@id\":\"https:\/\/www.koupeltech.com\/index.php\/produkt\/ihned-k-objednani-uh-plast-uh-plast-mobilni-nadrz-na-vodu-50l-d-50-bila-12898\/#breadcrumb\"},\"inLanguage\":\"cs\",\"potentialAction\":[{\"@type\":\"ReadAction\",\"target\":[\"https:\/\/www.koupeltech.com\/index.php\/produkt\/ihned-k-objednani-uh-plast-uh-plast-mobilni-nadrz-na-vodu-50l-d-50-bila-12898\/\"]}]},{\"@type\":\"ImageObject\",\"inLanguage\":\"cs\",\"@id\":\"https:\/\/www.koupeltech.com\/index.php\/produkt\/ihned-k-objednani-uh-plast-uh-plast-mobilni-nadrz-na-vodu-50l-d-50-bila-12898\/#primaryimage\",\"url\":\"https:\/\/www.koupeltech.com\/wp-content\/uploads\/2026\/SK0023907-CZ20260425-092632-0-1777080397-uh-plast-uh-plast-mobilni-nadrz-na-vodu-50l-d-50-bila-10000.webp\",\"contentUrl\":\"https:\/\/www.koupeltech.com\/wp-content\/uploads\/2026\/SK0023907-CZ20260425-092632-0-1777080397-uh-plast-uh-plast-mobilni-nadrz-na-vodu-50l-d-50-bila-10000.webp\",\"width\":600,\"height\":600},{\"@type\":\"BreadcrumbList\",\"@id\":\"https:\/\/www.koupeltech.com\/index.php\/produkt\/ihned-k-objednani-uh-plast-uh-plast-mobilni-nadrz-na-vodu-50l-d-50-bila-12898\/#breadcrumb\",\"itemListElement\":[{\"@type\":\"ListItem\",\"position\":1,\"name\":\"Home\",\"item\":\"https:\/\/www.koupeltech.com\/\"},{\"@type\":\"ListItem\",\"position\":2,\"name\":\"Products\",\"item\":\"https:\/\/www.koupeltech.com\/index.php\/products\/\"},{\"@type\":\"ListItem\",\"position\":3,\"name\":\"Ihned K Objedn\u00e1n\u00ed UH Plast UH Plast Mobiln\u00ed n\u00e1dr\u017e na vodu 50l D-50 b\u00edl\u00e1\"}]},{\"@type\":\"WebSite\",\"@id\":\"https:\/\/www.koupeltech.com\/#website\",\"url\":\"https:\/\/www.koupeltech.com\/\",\"name\":\"\",\"description\":\"\",\"potentialAction\":[{\"@type\":\"SearchAction\",\"target\":{\"@type\":\"EntryPoint\",\"urlTemplate\":\"https:\/\/www.koupeltech.com\/?s={search_term_string}\"},\"query-input\":{\"@type\":\"PropertyValueSpecification\",\"valueRequired\":true,\"valueName\":\"search_term_string\"}}],\"inLanguage\":\"cs\"}]}<\/script>\n<!-- \/ Yoast SEO plugin. -->","yoast_head_json":{"title":"Ihned K Objedn\u00e1n\u00ed UH Plast UH Plast Mobiln\u00ed n\u00e1dr\u017e na vodu 50l D-50 b\u00edl\u00e1 -","robots":{"index":"index","follow":"follow","max-snippet":"max-snippet:-1","max-image-preview":"max-image-preview:large","max-video-preview":"max-video-preview:-1"},"canonical":"https:\/\/www.koupeltech.com\/index.php\/produkt\/ihned-k-objednani-uh-plast-uh-plast-mobilni-nadrz-na-vodu-50l-d-50-bila-12898\/","og_locale":"cs_CZ","og_type":"article","og_title":"Ihned K Objedn\u00e1n\u00ed UH Plast UH Plast Mobiln\u00ed n\u00e1dr\u017e na vodu 50l D-50 b\u00edl\u00e1 -","og_description":"Popis produktu UH Plast UH Plast Mobiln\u00ed n\u00e1dr\u017e na vodu 50l D-50 b\u00edl\u00e1 Plastov\u00e1 n\u00e1dr\u017e o objemu 50 litr\u016f byla speci\u00e1ln\u011b navr\u017eena pro mont\u00e1\u017e v omezen\u00fdch prostorech, jako jsou cateringov\u00e9 p\u0159\u00edv\u011bsy, servisn\u00ed autobusy, karavany \u010di jin\u00e1 vozidla. D\u00edky sv\u00e9mu kompaktn\u00edmu tvaru (pouze 24 cm na \u0161\u00ed\u0159ku) se snadno vejde do \u00fazk\u00fdch mont\u00e1\u017en\u00edch otvor\u016f, nap\u0159\u00edklad na [&hellip;]","og_url":"https:\/\/www.koupeltech.com\/index.php\/produkt\/ihned-k-objednani-uh-plast-uh-plast-mobilni-nadrz-na-vodu-50l-d-50-bila-12898\/","og_image":[{"width":600,"height":600,"url":"https:\/\/www.koupeltech.com\/wp-content\/uploads\/2026\/SK0023907-CZ20260425-092632-0-1777080397-uh-plast-uh-plast-mobilni-nadrz-na-vodu-50l-d-50-bila-10000.webp","type":"image\/webp"}],"twitter_card":"summary_large_image","twitter_misc":{"Odhadovan\u00e1 doba \u010dten\u00ed":"2 minuty"},"schema":{"@context":"https:\/\/schema.org","@graph":[{"@type":"WebPage","@id":"https:\/\/www.koupeltech.com\/index.php\/produkt\/ihned-k-objednani-uh-plast-uh-plast-mobilni-nadrz-na-vodu-50l-d-50-bila-12898\/","url":"https:\/\/www.koupeltech.com\/index.php\/produkt\/ihned-k-objednani-uh-plast-uh-plast-mobilni-nadrz-na-vodu-50l-d-50-bila-12898\/","name":"Ihned K Objedn\u00e1n\u00ed UH Plast UH Plast Mobiln\u00ed n\u00e1dr\u017e na vodu 50l D-50 b\u00edl\u00e1 -","isPartOf":{"@id":"https:\/\/www.koupeltech.com\/#website"},"primaryImageOfPage":{"@id":"https:\/\/www.koupeltech.com\/index.php\/produkt\/ihned-k-objednani-uh-plast-uh-plast-mobilni-nadrz-na-vodu-50l-d-50-bila-12898\/#primaryimage"},"image":{"@id":"https:\/\/www.koupeltech.com\/index.php\/produkt\/ihned-k-objednani-uh-plast-uh-plast-mobilni-nadrz-na-vodu-50l-d-50-bila-12898\/#primaryimage"},"thumbnailUrl":"https:\/\/www.koupeltech.com\/wp-content\/uploads\/2026\/SK0023907-CZ20260425-092632-0-1777080397-uh-plast-uh-plast-mobilni-nadrz-na-vodu-50l-d-50-bila-10000.webp","datePublished":"2026-04-27T13:57:44+00:00","breadcrumb":{"@id":"https:\/\/www.koupeltech.com\/index.php\/produkt\/ihned-k-objednani-uh-plast-uh-plast-mobilni-nadrz-na-vodu-50l-d-50-bila-12898\/#breadcrumb"},"inLanguage":"cs","potentialAction":[{"@type":"ReadAction","target":["https:\/\/www.koupeltech.com\/index.php\/produkt\/ihned-k-objednani-uh-plast-uh-plast-mobilni-nadrz-na-vodu-50l-d-50-bila-12898\/"]}]},{"@type":"ImageObject","inLanguage":"cs","@id":"https:\/\/www.koupeltech.com\/index.php\/produkt\/ihned-k-objednani-uh-plast-uh-plast-mobilni-nadrz-na-vodu-50l-d-50-bila-12898\/#primaryimage","url":"https:\/\/www.koupeltech.com\/wp-content\/uploads\/2026\/SK0023907-CZ20260425-092632-0-1777080397-uh-plast-uh-plast-mobilni-nadrz-na-vodu-50l-d-50-bila-10000.webp","contentUrl":"https:\/\/www.koupeltech.com\/wp-content\/uploads\/2026\/SK0023907-CZ20260425-092632-0-1777080397-uh-plast-uh-plast-mobilni-nadrz-na-vodu-50l-d-50-bila-10000.webp","width":600,"height":600},{"@type":"BreadcrumbList","@id":"https:\/\/www.koupeltech.com\/index.php\/produkt\/ihned-k-objednani-uh-plast-uh-plast-mobilni-nadrz-na-vodu-50l-d-50-bila-12898\/#breadcrumb","itemListElement":[{"@type":"ListItem","position":1,"name":"Home","item":"https:\/\/www.koupeltech.com\/"},{"@type":"ListItem","position":2,"name":"Products","item":"https:\/\/www.koupeltech.com\/index.php\/products\/"},{"@type":"ListItem","position":3,"name":"Ihned K Objedn\u00e1n\u00ed UH Plast UH Plast Mobiln\u00ed n\u00e1dr\u017e na vodu 50l D-50 b\u00edl\u00e1"}]},{"@type":"WebSite","@id":"https:\/\/www.koupeltech.com\/#website","url":"https:\/\/www.koupeltech.com\/","name":"","description":"","potentialAction":[{"@type":"SearchAction","target":{"@type":"EntryPoint","urlTemplate":"https:\/\/www.koupeltech.com\/?s={search_term_string}"},"query-input":{"@type":"PropertyValueSpecification","valueRequired":true,"valueName":"search_term_string"}}],"inLanguage":"cs"}]}},"_links":{"self":[{"href":"https:\/\/www.koupeltech.com\/index.php\/wp-json\/wp\/v2\/product\/12898","targetHints":{"allow":["GET"]}}],"collection":[{"href":"https:\/\/www.koupeltech.com\/index.php\/wp-json\/wp\/v2\/product"}],"about":[{"href":"https:\/\/www.koupeltech.com\/index.php\/wp-json\/wp\/v2\/types\/product"}],"replies":[{"embeddable":true,"href":"https:\/\/www.koupeltech.com\/index.php\/wp-json\/wp\/v2\/comments?post=12898"}],"wp:featuredmedia":[{"embeddable":true,"href":"https:\/\/www.koupeltech.com\/index.php\/wp-json\/wp\/v2\/media\/12998"}],"wp:attachment":[{"href":"https:\/\/www.koupeltech.com\/index.php\/wp-json\/wp\/v2\/media?parent=12898"}],"wp:term":[{"taxonomy":"product_brand","embeddable":true,"href":"https:\/\/www.koupeltech.com\/index.php\/wp-json\/wp\/v2\/product_brand?post=12898"},{"taxonomy":"product_cat","embeddable":true,"href":"https:\/\/www.koupeltech.com\/index.php\/wp-json\/wp\/v2\/product_cat?post=12898"},{"taxonomy":"product_tag","embeddable":true,"href":"https:\/\/www.koupeltech.com\/index.php\/wp-json\/wp\/v2\/product_tag?post=12898"}],"curies":[{"name":"wp","href":"https:\/\/api.w.org\/{rel}","templated":true}]}}