{"id":12899,"date":"2026-04-27T13:57:44","date_gmt":"2026-04-27T13:57:44","guid":{"rendered":""},"modified":"2026-04-27T13:57:44","modified_gmt":"2026-04-27T13:57:44","slug":"multivac-stenova-vyustka-pro-privod-tepleho-a-studeneho-vzduchu-gac21-vysoce-kvalitni-12899","status":"publish","type":"product","link":"https:\/\/www.koupeltech.com\/index.php\/produkt\/multivac-stenova-vyustka-pro-privod-tepleho-a-studeneho-vzduchu-gac21-vysoce-kvalitni-12899\/","title":{"rendered":"Multivac St\u011bnov\u00e1 vy\u00fastka pro p\u0159\u00edvod tepl\u00e9ho a studen\u00e9ho vzduchu GAC21 Vysoce Kvalitn\u00ed"},"content":{"rendered":"<div class=\"ProductDetail-content NoFixImageContainer\" id=\"productDescription\">\n<div class=\"Heading\">\n<h2 class=\"Heading-title\">Popis produktu <span class=''>Multivac St\u011bnov\u00e1 vy\u00fastka pro p\u0159\u00edvod tepl\u00e9ho a studen\u00e9ho vzduchu GAC21<\/span><\/h2>\n<\/p><\/div>\n<div class=\"ProductDetailContent\">\n<p><span style=\"font-size:16px\">St\u011bnov\u00e1 vy\u00fastka pro p\u0159\u00edvod tepl\u00e9ho a&nbsp;studen\u00e9ho vzduchu<\/span><\/p>\n<ul>\n<li><span style=\"font-size:16px\">Materi\u00e1l eloxovan\u00fd hlin\u00edk v&nbsp;p\u0159\u00edrodn\u00ed barv\u011b.<\/span><\/li>\n<li><span style=\"font-size:16px\">GAC21 ur\u010dena pro vzduchov\u00e9 v\u00fdkony 160 a\u017e 4000 m\u00b3\/h.<\/span><\/li>\n<li><span style=\"font-size:16px\">Manu\u00e1ln\u00ed nastaven\u00ed optim\u00e1ln\u00edho sklonu lamel.<\/span><\/li>\n<li><span style=\"font-size:16px\">Minim\u00e1ln\u00ed d\u00e9lka vy\u00fastky 200 mm, maxim\u00e1ln\u00ed d\u00e9lka vy\u00fastky 600 mm.<\/span><\/li>\n<li><span style=\"font-size:16px\">Minim\u00e1ln\u00ed v\u00fd\u0161ka vy\u00fastky 100 mm, maxim\u00e1ln\u00ed v\u00fd\u0161ka vy\u00fastky 300 mm.<\/span><\/li>\n<li><span style=\"font-size:16px\">GAC21 &#8211; Dvou\u0159ad\u00e1 st\u011bnov\u00e1 vy\u00fastka, mont\u00e1\u017e pomoc\u00ed klip\u016f.<\/span><\/li>\n<\/ul><\/div>\n<div class=\"ProductDetailContent\">                                                                    <\/div>\n<\/p><\/div>\n<\/p><\/div>\n<\/p><\/div>\n","protected":false},"excerpt":{"rendered":"<p>Popis produktu Multivac St\u011bnov\u00e1 vy\u00fastka pro p\u0159\u00edvod tepl\u00e9ho a studen\u00e9ho vzduchu GAC21 St\u011bnov\u00e1 vy\u00fastka pro p\u0159\u00edvod tepl\u00e9ho a&nbsp;studen\u00e9ho vzduchu Materi\u00e1l eloxovan\u00fd hlin\u00edk v&nbsp;p\u0159\u00edrodn\u00ed barv\u011b. GAC21 ur\u010dena pro vzduchov\u00e9 v\u00fdkony 160 a\u017e 4000 m\u00b3\/h. Manu\u00e1ln\u00ed nastaven\u00ed optim\u00e1ln\u00edho sklonu lamel. Minim\u00e1ln\u00ed d\u00e9lka vy\u00fastky 200 mm, maxim\u00e1ln\u00ed d\u00e9lka vy\u00fastky 600 mm. Minim\u00e1ln\u00ed v\u00fd\u0161ka vy\u00fastky 100 mm, maxim\u00e1ln\u00ed v\u00fd\u0161ka [&hellip;]<\/p>\n","protected":false},"featured_media":12999,"comment_status":"open","ping_status":"open","template":"","meta":[],"product_brand":[],"product_cat":[80],"product_tag":[],"class_list":{"0":"post-12899","1":"product","2":"type-product","3":"status-publish","4":"has-post-thumbnail","6":"product_cat-rekuperace-vzduchu-a-vody-vetrani","8":"first","9":"instock","10":"sale","11":"shipping-taxable","12":"purchasable","13":"product-type-simple"},"yoast_head":"<!-- This site is optimized with the Yoast SEO plugin v26.8 - https:\/\/yoast.com\/product\/yoast-seo-wordpress\/ -->\n<title>Multivac St\u011bnov\u00e1 vy\u00fastka pro p\u0159\u00edvod tepl\u00e9ho a studen\u00e9ho vzduchu GAC21 Vysoce Kvalitn\u00ed -<\/title>\n<meta name=\"robots\" content=\"index, follow, max-snippet:-1, max-image-preview:large, max-video-preview:-1\" \/>\n<link rel=\"canonical\" href=\"https:\/\/www.koupeltech.com\/index.php\/produkt\/multivac-stenova-vyustka-pro-privod-tepleho-a-studeneho-vzduchu-gac21-vysoce-kvalitni-12899\/\" \/>\n<meta property=\"og:locale\" content=\"cs_CZ\" \/>\n<meta property=\"og:type\" content=\"article\" \/>\n<meta property=\"og:title\" content=\"Multivac St\u011bnov\u00e1 vy\u00fastka pro p\u0159\u00edvod tepl\u00e9ho a studen\u00e9ho vzduchu GAC21 Vysoce Kvalitn\u00ed -\" \/>\n<meta property=\"og:description\" content=\"Popis produktu Multivac St\u011bnov\u00e1 vy\u00fastka pro p\u0159\u00edvod tepl\u00e9ho a studen\u00e9ho vzduchu GAC21 St\u011bnov\u00e1 vy\u00fastka pro p\u0159\u00edvod tepl\u00e9ho a&nbsp;studen\u00e9ho vzduchu Materi\u00e1l eloxovan\u00fd hlin\u00edk v&nbsp;p\u0159\u00edrodn\u00ed barv\u011b. GAC21 ur\u010dena pro vzduchov\u00e9 v\u00fdkony 160 a\u017e 4000 m\u00b3\/h. Manu\u00e1ln\u00ed nastaven\u00ed optim\u00e1ln\u00edho sklonu lamel. Minim\u00e1ln\u00ed d\u00e9lka vy\u00fastky 200 mm, maxim\u00e1ln\u00ed d\u00e9lka vy\u00fastky 600 mm. Minim\u00e1ln\u00ed v\u00fd\u0161ka vy\u00fastky 100 mm, maxim\u00e1ln\u00ed v\u00fd\u0161ka [&hellip;]\" \/>\n<meta property=\"og:url\" content=\"https:\/\/www.koupeltech.com\/index.php\/produkt\/multivac-stenova-vyustka-pro-privod-tepleho-a-studeneho-vzduchu-gac21-vysoce-kvalitni-12899\/\" \/>\n<meta property=\"og:image\" content=\"https:\/\/www.koupeltech.com\/wp-content\/uploads\/2026\/SK0023908-CZ20260425-092632-0-1777080397-multivac-stenova-vyustka-pro-privod-tepleho-a-studeneho-vzd.webp\" \/>\n\t<meta property=\"og:image:width\" content=\"600\" \/>\n\t<meta property=\"og:image:height\" content=\"390\" \/>\n\t<meta property=\"og:image:type\" content=\"image\/webp\" \/>\n<meta name=\"twitter:card\" content=\"summary_large_image\" \/>\n<script type=\"application\/ld+json\" class=\"yoast-schema-graph\">{\"@context\":\"https:\/\/schema.org\",\"@graph\":[{\"@type\":\"WebPage\",\"@id\":\"https:\/\/www.koupeltech.com\/index.php\/produkt\/multivac-stenova-vyustka-pro-privod-tepleho-a-studeneho-vzduchu-gac21-vysoce-kvalitni-12899\/\",\"url\":\"https:\/\/www.koupeltech.com\/index.php\/produkt\/multivac-stenova-vyustka-pro-privod-tepleho-a-studeneho-vzduchu-gac21-vysoce-kvalitni-12899\/\",\"name\":\"Multivac St\u011bnov\u00e1 vy\u00fastka pro p\u0159\u00edvod tepl\u00e9ho a studen\u00e9ho vzduchu GAC21 Vysoce Kvalitn\u00ed -\",\"isPartOf\":{\"@id\":\"https:\/\/www.koupeltech.com\/#website\"},\"primaryImageOfPage\":{\"@id\":\"https:\/\/www.koupeltech.com\/index.php\/produkt\/multivac-stenova-vyustka-pro-privod-tepleho-a-studeneho-vzduchu-gac21-vysoce-kvalitni-12899\/#primaryimage\"},\"image\":{\"@id\":\"https:\/\/www.koupeltech.com\/index.php\/produkt\/multivac-stenova-vyustka-pro-privod-tepleho-a-studeneho-vzduchu-gac21-vysoce-kvalitni-12899\/#primaryimage\"},\"thumbnailUrl\":\"https:\/\/www.koupeltech.com\/wp-content\/uploads\/2026\/SK0023908-CZ20260425-092632-0-1777080397-multivac-stenova-vyustka-pro-privod-tepleho-a-studeneho-vzd.webp\",\"datePublished\":\"2026-04-27T13:57:44+00:00\",\"breadcrumb\":{\"@id\":\"https:\/\/www.koupeltech.com\/index.php\/produkt\/multivac-stenova-vyustka-pro-privod-tepleho-a-studeneho-vzduchu-gac21-vysoce-kvalitni-12899\/#breadcrumb\"},\"inLanguage\":\"cs\",\"potentialAction\":[{\"@type\":\"ReadAction\",\"target\":[\"https:\/\/www.koupeltech.com\/index.php\/produkt\/multivac-stenova-vyustka-pro-privod-tepleho-a-studeneho-vzduchu-gac21-vysoce-kvalitni-12899\/\"]}]},{\"@type\":\"ImageObject\",\"inLanguage\":\"cs\",\"@id\":\"https:\/\/www.koupeltech.com\/index.php\/produkt\/multivac-stenova-vyustka-pro-privod-tepleho-a-studeneho-vzduchu-gac21-vysoce-kvalitni-12899\/#primaryimage\",\"url\":\"https:\/\/www.koupeltech.com\/wp-content\/uploads\/2026\/SK0023908-CZ20260425-092632-0-1777080397-multivac-stenova-vyustka-pro-privod-tepleho-a-studeneho-vzd.webp\",\"contentUrl\":\"https:\/\/www.koupeltech.com\/wp-content\/uploads\/2026\/SK0023908-CZ20260425-092632-0-1777080397-multivac-stenova-vyustka-pro-privod-tepleho-a-studeneho-vzd.webp\",\"width\":600,\"height\":390},{\"@type\":\"BreadcrumbList\",\"@id\":\"https:\/\/www.koupeltech.com\/index.php\/produkt\/multivac-stenova-vyustka-pro-privod-tepleho-a-studeneho-vzduchu-gac21-vysoce-kvalitni-12899\/#breadcrumb\",\"itemListElement\":[{\"@type\":\"ListItem\",\"position\":1,\"name\":\"Home\",\"item\":\"https:\/\/www.koupeltech.com\/\"},{\"@type\":\"ListItem\",\"position\":2,\"name\":\"Products\",\"item\":\"https:\/\/www.koupeltech.com\/index.php\/products\/\"},{\"@type\":\"ListItem\",\"position\":3,\"name\":\"Multivac St\u011bnov\u00e1 vy\u00fastka pro p\u0159\u00edvod tepl\u00e9ho a studen\u00e9ho vzduchu GAC21 Vysoce Kvalitn\u00ed\"}]},{\"@type\":\"WebSite\",\"@id\":\"https:\/\/www.koupeltech.com\/#website\",\"url\":\"https:\/\/www.koupeltech.com\/\",\"name\":\"\",\"description\":\"\",\"potentialAction\":[{\"@type\":\"SearchAction\",\"target\":{\"@type\":\"EntryPoint\",\"urlTemplate\":\"https:\/\/www.koupeltech.com\/?s={search_term_string}\"},\"query-input\":{\"@type\":\"PropertyValueSpecification\",\"valueRequired\":true,\"valueName\":\"search_term_string\"}}],\"inLanguage\":\"cs\"}]}<\/script>\n<!-- \/ Yoast SEO plugin. -->","yoast_head_json":{"title":"Multivac St\u011bnov\u00e1 vy\u00fastka pro p\u0159\u00edvod tepl\u00e9ho a studen\u00e9ho vzduchu GAC21 Vysoce Kvalitn\u00ed -","robots":{"index":"index","follow":"follow","max-snippet":"max-snippet:-1","max-image-preview":"max-image-preview:large","max-video-preview":"max-video-preview:-1"},"canonical":"https:\/\/www.koupeltech.com\/index.php\/produkt\/multivac-stenova-vyustka-pro-privod-tepleho-a-studeneho-vzduchu-gac21-vysoce-kvalitni-12899\/","og_locale":"cs_CZ","og_type":"article","og_title":"Multivac St\u011bnov\u00e1 vy\u00fastka pro p\u0159\u00edvod tepl\u00e9ho a studen\u00e9ho vzduchu GAC21 Vysoce Kvalitn\u00ed -","og_description":"Popis produktu Multivac St\u011bnov\u00e1 vy\u00fastka pro p\u0159\u00edvod tepl\u00e9ho a studen\u00e9ho vzduchu GAC21 St\u011bnov\u00e1 vy\u00fastka pro p\u0159\u00edvod tepl\u00e9ho a&nbsp;studen\u00e9ho vzduchu Materi\u00e1l eloxovan\u00fd hlin\u00edk v&nbsp;p\u0159\u00edrodn\u00ed barv\u011b. GAC21 ur\u010dena pro vzduchov\u00e9 v\u00fdkony 160 a\u017e 4000 m\u00b3\/h. Manu\u00e1ln\u00ed nastaven\u00ed optim\u00e1ln\u00edho sklonu lamel. Minim\u00e1ln\u00ed d\u00e9lka vy\u00fastky 200 mm, maxim\u00e1ln\u00ed d\u00e9lka vy\u00fastky 600 mm. Minim\u00e1ln\u00ed v\u00fd\u0161ka vy\u00fastky 100 mm, maxim\u00e1ln\u00ed v\u00fd\u0161ka [&hellip;]","og_url":"https:\/\/www.koupeltech.com\/index.php\/produkt\/multivac-stenova-vyustka-pro-privod-tepleho-a-studeneho-vzduchu-gac21-vysoce-kvalitni-12899\/","og_image":[{"width":600,"height":390,"url":"https:\/\/www.koupeltech.com\/wp-content\/uploads\/2026\/SK0023908-CZ20260425-092632-0-1777080397-multivac-stenova-vyustka-pro-privod-tepleho-a-studeneho-vzd.webp","type":"image\/webp"}],"twitter_card":"summary_large_image","schema":{"@context":"https:\/\/schema.org","@graph":[{"@type":"WebPage","@id":"https:\/\/www.koupeltech.com\/index.php\/produkt\/multivac-stenova-vyustka-pro-privod-tepleho-a-studeneho-vzduchu-gac21-vysoce-kvalitni-12899\/","url":"https:\/\/www.koupeltech.com\/index.php\/produkt\/multivac-stenova-vyustka-pro-privod-tepleho-a-studeneho-vzduchu-gac21-vysoce-kvalitni-12899\/","name":"Multivac St\u011bnov\u00e1 vy\u00fastka pro p\u0159\u00edvod tepl\u00e9ho a studen\u00e9ho vzduchu GAC21 Vysoce Kvalitn\u00ed -","isPartOf":{"@id":"https:\/\/www.koupeltech.com\/#website"},"primaryImageOfPage":{"@id":"https:\/\/www.koupeltech.com\/index.php\/produkt\/multivac-stenova-vyustka-pro-privod-tepleho-a-studeneho-vzduchu-gac21-vysoce-kvalitni-12899\/#primaryimage"},"image":{"@id":"https:\/\/www.koupeltech.com\/index.php\/produkt\/multivac-stenova-vyustka-pro-privod-tepleho-a-studeneho-vzduchu-gac21-vysoce-kvalitni-12899\/#primaryimage"},"thumbnailUrl":"https:\/\/www.koupeltech.com\/wp-content\/uploads\/2026\/SK0023908-CZ20260425-092632-0-1777080397-multivac-stenova-vyustka-pro-privod-tepleho-a-studeneho-vzd.webp","datePublished":"2026-04-27T13:57:44+00:00","breadcrumb":{"@id":"https:\/\/www.koupeltech.com\/index.php\/produkt\/multivac-stenova-vyustka-pro-privod-tepleho-a-studeneho-vzduchu-gac21-vysoce-kvalitni-12899\/#breadcrumb"},"inLanguage":"cs","potentialAction":[{"@type":"ReadAction","target":["https:\/\/www.koupeltech.com\/index.php\/produkt\/multivac-stenova-vyustka-pro-privod-tepleho-a-studeneho-vzduchu-gac21-vysoce-kvalitni-12899\/"]}]},{"@type":"ImageObject","inLanguage":"cs","@id":"https:\/\/www.koupeltech.com\/index.php\/produkt\/multivac-stenova-vyustka-pro-privod-tepleho-a-studeneho-vzduchu-gac21-vysoce-kvalitni-12899\/#primaryimage","url":"https:\/\/www.koupeltech.com\/wp-content\/uploads\/2026\/SK0023908-CZ20260425-092632-0-1777080397-multivac-stenova-vyustka-pro-privod-tepleho-a-studeneho-vzd.webp","contentUrl":"https:\/\/www.koupeltech.com\/wp-content\/uploads\/2026\/SK0023908-CZ20260425-092632-0-1777080397-multivac-stenova-vyustka-pro-privod-tepleho-a-studeneho-vzd.webp","width":600,"height":390},{"@type":"BreadcrumbList","@id":"https:\/\/www.koupeltech.com\/index.php\/produkt\/multivac-stenova-vyustka-pro-privod-tepleho-a-studeneho-vzduchu-gac21-vysoce-kvalitni-12899\/#breadcrumb","itemListElement":[{"@type":"ListItem","position":1,"name":"Home","item":"https:\/\/www.koupeltech.com\/"},{"@type":"ListItem","position":2,"name":"Products","item":"https:\/\/www.koupeltech.com\/index.php\/products\/"},{"@type":"ListItem","position":3,"name":"Multivac St\u011bnov\u00e1 vy\u00fastka pro p\u0159\u00edvod tepl\u00e9ho a studen\u00e9ho vzduchu GAC21 Vysoce Kvalitn\u00ed"}]},{"@type":"WebSite","@id":"https:\/\/www.koupeltech.com\/#website","url":"https:\/\/www.koupeltech.com\/","name":"","description":"","potentialAction":[{"@type":"SearchAction","target":{"@type":"EntryPoint","urlTemplate":"https:\/\/www.koupeltech.com\/?s={search_term_string}"},"query-input":{"@type":"PropertyValueSpecification","valueRequired":true,"valueName":"search_term_string"}}],"inLanguage":"cs"}]}},"_links":{"self":[{"href":"https:\/\/www.koupeltech.com\/index.php\/wp-json\/wp\/v2\/product\/12899","targetHints":{"allow":["GET"]}}],"collection":[{"href":"https:\/\/www.koupeltech.com\/index.php\/wp-json\/wp\/v2\/product"}],"about":[{"href":"https:\/\/www.koupeltech.com\/index.php\/wp-json\/wp\/v2\/types\/product"}],"replies":[{"embeddable":true,"href":"https:\/\/www.koupeltech.com\/index.php\/wp-json\/wp\/v2\/comments?post=12899"}],"wp:featuredmedia":[{"embeddable":true,"href":"https:\/\/www.koupeltech.com\/index.php\/wp-json\/wp\/v2\/media\/12999"}],"wp:attachment":[{"href":"https:\/\/www.koupeltech.com\/index.php\/wp-json\/wp\/v2\/media?parent=12899"}],"wp:term":[{"taxonomy":"product_brand","embeddable":true,"href":"https:\/\/www.koupeltech.com\/index.php\/wp-json\/wp\/v2\/product_brand?post=12899"},{"taxonomy":"product_cat","embeddable":true,"href":"https:\/\/www.koupeltech.com\/index.php\/wp-json\/wp\/v2\/product_cat?post=12899"},{"taxonomy":"product_tag","embeddable":true,"href":"https:\/\/www.koupeltech.com\/index.php\/wp-json\/wp\/v2\/product_tag?post=12899"}],"curies":[{"name":"wp","href":"https:\/\/api.w.org\/{rel}","templated":true}]}}