{"id":12967,"date":"2026-04-27T13:57:44","date_gmt":"2026-04-27T13:57:44","guid":{"rendered":""},"modified":"2026-04-27T13:57:44","modified_gmt":"2026-04-27T13:57:44","slug":"zlevneny-rav-slezak-victoria-baterie-do-bytoveho-jadra-chrom-12967","status":"publish","type":"product","link":"https:\/\/www.koupeltech.com\/index.php\/produkt\/zlevneny-rav-slezak-victoria-baterie-do-bytoveho-jadra-chrom-12967\/","title":{"rendered":"Zlevn\u011bn\u00fd Rav Slez\u00e1k VICTORIA Baterie do bytov\u00e9ho j\u00e1dra chrom"},"content":{"rendered":"<div class=\"ProductDetail-content NoFixImageContainer\" id=\"productDescription\">\n<div class=\"Heading\">\n<h2 class=\"Heading-title\">Popis produktu <span class=''>Rav Slez\u00e1k VICTORIA Baterie do bytov\u00e9ho j\u00e1dra chrom<\/span><\/h2>\n<\/p><\/div>\n<div class=\"ProductDetailContent\">                                                                    <\/div>\n<div class=\"ProductDetailContent\">\n<div class=\"ProductDetailContent-item\">\n<p><strong>Vodovodn\u00ed baterie pro vanu a\u00a0umyvadlo n\u00e1st\u011bnn\u00e1 s\u00a0ploch\u00fdm, oto\u010dn\u00fdm ram\u00ednkem.<\/strong><\/p>\n<ul>\n<li>tato baterie je vybavena keramickou kartu\u0161\u00ed o\u00a0pr\u016fm\u011bru 35 mm KA3502<\/li>\n<li>v\u00a0baterii je keramick\u00fd p\u0159ep\u00edna\u010d KA2001<\/li>\n<li>perl\u00e1tor od firmy Neoperl MA0001<\/li>\n<li>ram\u00ednko SR0400 &#8211;\u00a0d\u00e9lka 30 cm<\/li>\n<\/ul>\n<p>Typ proveden\u00ed rozte\u010de:<\/p>\n<ul>\n<li>&#8222;0&#8220; &#8211;\u00a0rozte\u010d baterie 100 mm (VI253.<strong>0<\/strong>)<\/li>\n<li>&#8222;5&#8220; &#8211;\u00a0rozte\u010d baterie 150 mm (VI253.<strong>5<\/strong>)<\/li>\n<\/ul>\n<p>Tuto baterii lze kombinovat s\u00a0umyvadlov\u00fdmi a\u00a0bidetov\u00fdmi bateriemi ze s\u00e9rie VICTORIA\u00a0SLEZ\u00c1K &#8211;\u00a0RAV.<\/p>\n<p><strong>Z\u00e1ruka:<\/strong><\/p>\n<ul>\n<li><strong>na t\u011bsnost odlitku (t\u011blo baterie) &#8211;\u00a010 let<\/strong><\/li>\n<li><strong>na kartu\u0161i a\u00a0povrchovou \u00fapravu &#8211;\u00a06\u00a0let<\/strong><\/li>\n<li>na ostatn\u00ed d\u00edly dle Ob\u010dansk\u00e9ho z\u00e1kon\u00edku<\/li>\n<\/ul><\/div>\n<div class=\"ProductDetailContent-item\">\n<p><strong>Informa\u010dn\u00ed parametry:<\/strong><\/p>\n<ul>\n<li>S\u00c9RIE: <strong>Victoria<\/strong><\/li>\n<li>Barva: <strong>Chrom<\/strong><\/li>\n<li>Materi\u00e1l: <strong>Mosaz<\/strong><\/li>\n<li>Oto\u010dn\u00e9 \u00fast\u00ed: <strong>Ano<\/strong><\/li>\n<li>Ovl\u00e1d\u00e1n\u00ed: <strong>P\u00e1kov\u00e9<\/strong><\/li>\n<li>Perl\u00e1tor: <strong>MA0001<\/strong><\/li>\n<li>Povrchov\u00e1 \u00faprava: <strong>Chrom<\/strong><\/li>\n<li>Pr\u016fm\u011br kartu\u0161e: <strong>35 mm KA3502<\/strong><\/li>\n<li>Pr\u016ftok vody l\/min: <strong>12 \u2013 14<\/strong><\/li>\n<li>P\u0159ep\u00edna\u010d vody: <strong>Keramick\u00fd KA2501<\/strong><\/li>\n<li>Ram\u00ednko oto\u010dn\u00e9  (ANO,NE): <strong>ano<\/strong><\/li>\n<li>Rozm\u011br: <strong>100 mm<\/strong><\/li>\n<li>se sprchou, bez sprchy: <strong>bez sprchov\u00e9ho setu<\/strong><\/li>\n<li>Typ baterie: <strong>Pro vanu a umyvadlo<\/strong><\/li>\n<li>Typ kartu\u0161e: <strong>Keramick\u00e1<\/strong><\/li>\n<li>Typ uchycen\u00ed: <strong>N\u00e1st\u011bnn\u00e9<\/strong><\/li>\n<li>Um\u00edst\u011bn\u00ed: <strong>N\u00e1st\u011bnn\u00e1<\/strong><\/li>\n<li>Z\u00e1ruka t\u011bsnosti: <strong>10 let<\/strong><\/li>\n<\/ul><\/div>\n<div class=\"ProductDetailContent-item\">\n<p><strong>Ostatn\u00ed:<\/strong><\/p>\n<ul>\n<li>Rozm\u011br balen\u00ed: <strong>103 x 440 x 181 mm<\/strong><\/li>\n<li>V\u00e1ha netto: <strong>1,57<\/strong><\/li>\n<li>V\u00e1ha brutto: <strong>1,88<\/strong><\/li>\n<li>V\u00fd\u0161ka: <strong>440<\/strong><\/li>\n<li>\u0160\u00ed\u0159ka: <strong>181<\/strong><\/li>\n<li>Hloubka: <strong>103<\/strong><\/li>\n<li>Celn\u00ed k\u00f3d: <strong>84818011<\/strong><\/li>\n<\/ul><\/div>\n<\/p><\/div>\n<\/p><\/div>\n<\/p><\/div>\n<\/p><\/div>\n","protected":false},"excerpt":{"rendered":"<p>Popis produktu Rav Slez\u00e1k VICTORIA Baterie do bytov\u00e9ho j\u00e1dra chrom Vodovodn\u00ed baterie pro vanu a\u00a0umyvadlo n\u00e1st\u011bnn\u00e1 s\u00a0ploch\u00fdm, oto\u010dn\u00fdm ram\u00ednkem. tato baterie je vybavena keramickou kartu\u0161\u00ed o\u00a0pr\u016fm\u011bru 35 mm KA3502 v\u00a0baterii je keramick\u00fd p\u0159ep\u00edna\u010d KA2001 perl\u00e1tor od firmy Neoperl MA0001 ram\u00ednko SR0400 &#8211;\u00a0d\u00e9lka 30 cm Typ proveden\u00ed rozte\u010de: &#8222;0&#8220; &#8211;\u00a0rozte\u010d baterie 100 mm (VI253.0) &#8222;5&#8220; &#8211;\u00a0rozte\u010d [&hellip;]<\/p>\n","protected":false},"featured_media":13067,"comment_status":"open","ping_status":"open","template":"","meta":[],"product_brand":[],"product_cat":[77],"product_tag":[],"class_list":{"0":"post-12967","1":"product","2":"type-product","3":"status-publish","4":"has-post-thumbnail","6":"product_cat-koupelny","8":"first","9":"instock","10":"sale","11":"shipping-taxable","12":"purchasable","13":"product-type-simple"},"yoast_head":"<!-- This site is optimized with the Yoast SEO plugin v26.8 - https:\/\/yoast.com\/product\/yoast-seo-wordpress\/ -->\n<title>Zlevn\u011bn\u00fd Rav Slez\u00e1k VICTORIA Baterie do bytov\u00e9ho j\u00e1dra chrom -<\/title>\n<meta name=\"robots\" content=\"index, follow, max-snippet:-1, max-image-preview:large, max-video-preview:-1\" \/>\n<link rel=\"canonical\" href=\"https:\/\/www.koupeltech.com\/index.php\/produkt\/zlevneny-rav-slezak-victoria-baterie-do-bytoveho-jadra-chrom-12967\/\" \/>\n<meta property=\"og:locale\" content=\"cs_CZ\" \/>\n<meta property=\"og:type\" content=\"article\" \/>\n<meta property=\"og:title\" content=\"Zlevn\u011bn\u00fd Rav Slez\u00e1k VICTORIA Baterie do bytov\u00e9ho j\u00e1dra chrom -\" \/>\n<meta property=\"og:description\" content=\"Popis produktu Rav Slez\u00e1k VICTORIA Baterie do bytov\u00e9ho j\u00e1dra chrom Vodovodn\u00ed baterie pro vanu a\u00a0umyvadlo n\u00e1st\u011bnn\u00e1 s\u00a0ploch\u00fdm, oto\u010dn\u00fdm ram\u00ednkem. tato baterie je vybavena keramickou kartu\u0161\u00ed o\u00a0pr\u016fm\u011bru 35 mm KA3502 v\u00a0baterii je keramick\u00fd p\u0159ep\u00edna\u010d KA2001 perl\u00e1tor od firmy Neoperl MA0001 ram\u00ednko SR0400 &#8211;\u00a0d\u00e9lka 30 cm Typ proveden\u00ed rozte\u010de: &#8222;0&#8220; &#8211;\u00a0rozte\u010d baterie 100 mm (VI253.0) &#8222;5&#8220; &#8211;\u00a0rozte\u010d [&hellip;]\" \/>\n<meta property=\"og:url\" content=\"https:\/\/www.koupeltech.com\/index.php\/produkt\/zlevneny-rav-slezak-victoria-baterie-do-bytoveho-jadra-chrom-12967\/\" \/>\n<meta property=\"og:image\" content=\"https:\/\/www.koupeltech.com\/wp-content\/uploads\/2026\/SK0024040-CZ20260425-092632-0-1777080397-rav-slezak-victoria-baterie-do-bytoveho-jadra-chrom-1006715.webp\" \/>\n\t<meta property=\"og:image:width\" content=\"600\" \/>\n\t<meta property=\"og:image:height\" content=\"600\" \/>\n\t<meta property=\"og:image:type\" content=\"image\/webp\" \/>\n<meta name=\"twitter:card\" content=\"summary_large_image\" \/>\n<meta name=\"twitter:label1\" content=\"Odhadovan\u00e1 doba \u010dten\u00ed\" \/>\n\t<meta name=\"twitter:data1\" content=\"1 minuta\" \/>\n<script type=\"application\/ld+json\" class=\"yoast-schema-graph\">{\"@context\":\"https:\/\/schema.org\",\"@graph\":[{\"@type\":\"WebPage\",\"@id\":\"https:\/\/www.koupeltech.com\/index.php\/produkt\/zlevneny-rav-slezak-victoria-baterie-do-bytoveho-jadra-chrom-12967\/\",\"url\":\"https:\/\/www.koupeltech.com\/index.php\/produkt\/zlevneny-rav-slezak-victoria-baterie-do-bytoveho-jadra-chrom-12967\/\",\"name\":\"Zlevn\u011bn\u00fd Rav Slez\u00e1k VICTORIA Baterie do bytov\u00e9ho j\u00e1dra chrom -\",\"isPartOf\":{\"@id\":\"https:\/\/www.koupeltech.com\/#website\"},\"primaryImageOfPage\":{\"@id\":\"https:\/\/www.koupeltech.com\/index.php\/produkt\/zlevneny-rav-slezak-victoria-baterie-do-bytoveho-jadra-chrom-12967\/#primaryimage\"},\"image\":{\"@id\":\"https:\/\/www.koupeltech.com\/index.php\/produkt\/zlevneny-rav-slezak-victoria-baterie-do-bytoveho-jadra-chrom-12967\/#primaryimage\"},\"thumbnailUrl\":\"https:\/\/www.koupeltech.com\/wp-content\/uploads\/2026\/SK0024040-CZ20260425-092632-0-1777080397-rav-slezak-victoria-baterie-do-bytoveho-jadra-chrom-1006715.webp\",\"datePublished\":\"2026-04-27T13:57:44+00:00\",\"breadcrumb\":{\"@id\":\"https:\/\/www.koupeltech.com\/index.php\/produkt\/zlevneny-rav-slezak-victoria-baterie-do-bytoveho-jadra-chrom-12967\/#breadcrumb\"},\"inLanguage\":\"cs\",\"potentialAction\":[{\"@type\":\"ReadAction\",\"target\":[\"https:\/\/www.koupeltech.com\/index.php\/produkt\/zlevneny-rav-slezak-victoria-baterie-do-bytoveho-jadra-chrom-12967\/\"]}]},{\"@type\":\"ImageObject\",\"inLanguage\":\"cs\",\"@id\":\"https:\/\/www.koupeltech.com\/index.php\/produkt\/zlevneny-rav-slezak-victoria-baterie-do-bytoveho-jadra-chrom-12967\/#primaryimage\",\"url\":\"https:\/\/www.koupeltech.com\/wp-content\/uploads\/2026\/SK0024040-CZ20260425-092632-0-1777080397-rav-slezak-victoria-baterie-do-bytoveho-jadra-chrom-1006715.webp\",\"contentUrl\":\"https:\/\/www.koupeltech.com\/wp-content\/uploads\/2026\/SK0024040-CZ20260425-092632-0-1777080397-rav-slezak-victoria-baterie-do-bytoveho-jadra-chrom-1006715.webp\",\"width\":600,\"height\":600},{\"@type\":\"BreadcrumbList\",\"@id\":\"https:\/\/www.koupeltech.com\/index.php\/produkt\/zlevneny-rav-slezak-victoria-baterie-do-bytoveho-jadra-chrom-12967\/#breadcrumb\",\"itemListElement\":[{\"@type\":\"ListItem\",\"position\":1,\"name\":\"Home\",\"item\":\"https:\/\/www.koupeltech.com\/\"},{\"@type\":\"ListItem\",\"position\":2,\"name\":\"Products\",\"item\":\"https:\/\/www.koupeltech.com\/index.php\/products\/\"},{\"@type\":\"ListItem\",\"position\":3,\"name\":\"Zlevn\u011bn\u00fd Rav Slez\u00e1k VICTORIA Baterie do bytov\u00e9ho j\u00e1dra chrom\"}]},{\"@type\":\"WebSite\",\"@id\":\"https:\/\/www.koupeltech.com\/#website\",\"url\":\"https:\/\/www.koupeltech.com\/\",\"name\":\"\",\"description\":\"\",\"potentialAction\":[{\"@type\":\"SearchAction\",\"target\":{\"@type\":\"EntryPoint\",\"urlTemplate\":\"https:\/\/www.koupeltech.com\/?s={search_term_string}\"},\"query-input\":{\"@type\":\"PropertyValueSpecification\",\"valueRequired\":true,\"valueName\":\"search_term_string\"}}],\"inLanguage\":\"cs\"}]}<\/script>\n<!-- \/ Yoast SEO plugin. -->","yoast_head_json":{"title":"Zlevn\u011bn\u00fd Rav Slez\u00e1k VICTORIA Baterie do bytov\u00e9ho j\u00e1dra chrom -","robots":{"index":"index","follow":"follow","max-snippet":"max-snippet:-1","max-image-preview":"max-image-preview:large","max-video-preview":"max-video-preview:-1"},"canonical":"https:\/\/www.koupeltech.com\/index.php\/produkt\/zlevneny-rav-slezak-victoria-baterie-do-bytoveho-jadra-chrom-12967\/","og_locale":"cs_CZ","og_type":"article","og_title":"Zlevn\u011bn\u00fd Rav Slez\u00e1k VICTORIA Baterie do bytov\u00e9ho j\u00e1dra chrom -","og_description":"Popis produktu Rav Slez\u00e1k VICTORIA Baterie do bytov\u00e9ho j\u00e1dra chrom Vodovodn\u00ed baterie pro vanu a\u00a0umyvadlo n\u00e1st\u011bnn\u00e1 s\u00a0ploch\u00fdm, oto\u010dn\u00fdm ram\u00ednkem. tato baterie je vybavena keramickou kartu\u0161\u00ed o\u00a0pr\u016fm\u011bru 35 mm KA3502 v\u00a0baterii je keramick\u00fd p\u0159ep\u00edna\u010d KA2001 perl\u00e1tor od firmy Neoperl MA0001 ram\u00ednko SR0400 &#8211;\u00a0d\u00e9lka 30 cm Typ proveden\u00ed rozte\u010de: &#8222;0&#8220; &#8211;\u00a0rozte\u010d baterie 100 mm (VI253.0) &#8222;5&#8220; &#8211;\u00a0rozte\u010d [&hellip;]","og_url":"https:\/\/www.koupeltech.com\/index.php\/produkt\/zlevneny-rav-slezak-victoria-baterie-do-bytoveho-jadra-chrom-12967\/","og_image":[{"width":600,"height":600,"url":"https:\/\/www.koupeltech.com\/wp-content\/uploads\/2026\/SK0024040-CZ20260425-092632-0-1777080397-rav-slezak-victoria-baterie-do-bytoveho-jadra-chrom-1006715.webp","type":"image\/webp"}],"twitter_card":"summary_large_image","twitter_misc":{"Odhadovan\u00e1 doba \u010dten\u00ed":"1 minuta"},"schema":{"@context":"https:\/\/schema.org","@graph":[{"@type":"WebPage","@id":"https:\/\/www.koupeltech.com\/index.php\/produkt\/zlevneny-rav-slezak-victoria-baterie-do-bytoveho-jadra-chrom-12967\/","url":"https:\/\/www.koupeltech.com\/index.php\/produkt\/zlevneny-rav-slezak-victoria-baterie-do-bytoveho-jadra-chrom-12967\/","name":"Zlevn\u011bn\u00fd Rav Slez\u00e1k VICTORIA Baterie do bytov\u00e9ho j\u00e1dra chrom -","isPartOf":{"@id":"https:\/\/www.koupeltech.com\/#website"},"primaryImageOfPage":{"@id":"https:\/\/www.koupeltech.com\/index.php\/produkt\/zlevneny-rav-slezak-victoria-baterie-do-bytoveho-jadra-chrom-12967\/#primaryimage"},"image":{"@id":"https:\/\/www.koupeltech.com\/index.php\/produkt\/zlevneny-rav-slezak-victoria-baterie-do-bytoveho-jadra-chrom-12967\/#primaryimage"},"thumbnailUrl":"https:\/\/www.koupeltech.com\/wp-content\/uploads\/2026\/SK0024040-CZ20260425-092632-0-1777080397-rav-slezak-victoria-baterie-do-bytoveho-jadra-chrom-1006715.webp","datePublished":"2026-04-27T13:57:44+00:00","breadcrumb":{"@id":"https:\/\/www.koupeltech.com\/index.php\/produkt\/zlevneny-rav-slezak-victoria-baterie-do-bytoveho-jadra-chrom-12967\/#breadcrumb"},"inLanguage":"cs","potentialAction":[{"@type":"ReadAction","target":["https:\/\/www.koupeltech.com\/index.php\/produkt\/zlevneny-rav-slezak-victoria-baterie-do-bytoveho-jadra-chrom-12967\/"]}]},{"@type":"ImageObject","inLanguage":"cs","@id":"https:\/\/www.koupeltech.com\/index.php\/produkt\/zlevneny-rav-slezak-victoria-baterie-do-bytoveho-jadra-chrom-12967\/#primaryimage","url":"https:\/\/www.koupeltech.com\/wp-content\/uploads\/2026\/SK0024040-CZ20260425-092632-0-1777080397-rav-slezak-victoria-baterie-do-bytoveho-jadra-chrom-1006715.webp","contentUrl":"https:\/\/www.koupeltech.com\/wp-content\/uploads\/2026\/SK0024040-CZ20260425-092632-0-1777080397-rav-slezak-victoria-baterie-do-bytoveho-jadra-chrom-1006715.webp","width":600,"height":600},{"@type":"BreadcrumbList","@id":"https:\/\/www.koupeltech.com\/index.php\/produkt\/zlevneny-rav-slezak-victoria-baterie-do-bytoveho-jadra-chrom-12967\/#breadcrumb","itemListElement":[{"@type":"ListItem","position":1,"name":"Home","item":"https:\/\/www.koupeltech.com\/"},{"@type":"ListItem","position":2,"name":"Products","item":"https:\/\/www.koupeltech.com\/index.php\/products\/"},{"@type":"ListItem","position":3,"name":"Zlevn\u011bn\u00fd Rav Slez\u00e1k VICTORIA Baterie do bytov\u00e9ho j\u00e1dra chrom"}]},{"@type":"WebSite","@id":"https:\/\/www.koupeltech.com\/#website","url":"https:\/\/www.koupeltech.com\/","name":"","description":"","potentialAction":[{"@type":"SearchAction","target":{"@type":"EntryPoint","urlTemplate":"https:\/\/www.koupeltech.com\/?s={search_term_string}"},"query-input":{"@type":"PropertyValueSpecification","valueRequired":true,"valueName":"search_term_string"}}],"inLanguage":"cs"}]}},"_links":{"self":[{"href":"https:\/\/www.koupeltech.com\/index.php\/wp-json\/wp\/v2\/product\/12967","targetHints":{"allow":["GET"]}}],"collection":[{"href":"https:\/\/www.koupeltech.com\/index.php\/wp-json\/wp\/v2\/product"}],"about":[{"href":"https:\/\/www.koupeltech.com\/index.php\/wp-json\/wp\/v2\/types\/product"}],"replies":[{"embeddable":true,"href":"https:\/\/www.koupeltech.com\/index.php\/wp-json\/wp\/v2\/comments?post=12967"}],"wp:featuredmedia":[{"embeddable":true,"href":"https:\/\/www.koupeltech.com\/index.php\/wp-json\/wp\/v2\/media\/13067"}],"wp:attachment":[{"href":"https:\/\/www.koupeltech.com\/index.php\/wp-json\/wp\/v2\/media?parent=12967"}],"wp:term":[{"taxonomy":"product_brand","embeddable":true,"href":"https:\/\/www.koupeltech.com\/index.php\/wp-json\/wp\/v2\/product_brand?post=12967"},{"taxonomy":"product_cat","embeddable":true,"href":"https:\/\/www.koupeltech.com\/index.php\/wp-json\/wp\/v2\/product_cat?post=12967"},{"taxonomy":"product_tag","embeddable":true,"href":"https:\/\/www.koupeltech.com\/index.php\/wp-json\/wp\/v2\/product_tag?post=12967"}],"curies":[{"name":"wp","href":"https:\/\/api.w.org\/{rel}","templated":true}]}}