{"id":13098,"date":"2026-04-27T13:57:46","date_gmt":"2026-04-27T13:57:46","guid":{"rendered":""},"modified":"2026-04-27T13:57:46","modified_gmt":"2026-04-27T13:57:46","slug":"akce-doplnkova-koupelnova-skrinka-naturel-stilla-30x60x22-cm-kasmir-mat-stillaak03002-13098","status":"publish","type":"product","link":"https:\/\/www.koupeltech.com\/index.php\/produkt\/akce-doplnkova-koupelnova-skrinka-naturel-stilla-30x60x22-cm-kasmir-mat-stillaak03002-13098\/","title":{"rendered":"Akce Dopl\u0148kov\u00e1 koupelnov\u00e1 sk\u0159\u00ed\u0148ka Naturel Stilla 30x60x22 cm ka\u0161m\u00edr mat STILLAAK03002"},"content":{"rendered":"<div class=\"ProductDetail-content NoFixImageContainer\" id=\"productDescription\">\n<div class=\"Heading\">\n<h2 class=\"Heading-title\">Popis produktu <span class=''>Dopl\u0148kov\u00e1 koupelnov\u00e1 sk\u0159\u00ed\u0148ka Naturel Stilla 30x60x22 cm ka\u0161m\u00edr mat STILLAAK03002<\/span><\/h2>\n<\/p><\/div>\n<div class=\"ProductDetailContent\">\n<p><strong>N\u00e1st\u011bnn\u00e1 sk\u0159\u00ed\u0148ka&nbsp;STILLA v ka\u0161m\u00edrov\u00e9 barv\u011b<\/strong> s dv\u00ed\u0159ky vybaven\u00fdmi syst\u00e9mem tich\u00e9ho zav\u00edr\u00e1n\u00ed. Dv\u00ed\u0159ka lze namontovat tak, aby se otev\u00edrala vpravo nebo vlevo. Za fr\u00e9zovanou \u00fachytkou se nach\u00e1z\u00ed v\u00fdrazn\u00e1 deska, kter\u00e1 podtrhuje jedine\u010dn\u00fd charakter.<\/p>\n<p><strong>Sk\u0159\u00ed\u0148ka se dod\u00e1v\u00e1 se sm\u011bsmi ve t\u0159ech barv\u00e1ch<\/strong>: leskl\u00e1 b\u00edl\u00e1, betonov\u00e1 \u010dern\u00e1 a lan\u00fd\u017eov\u00fd buk, co\u017e v\u00e1m d\u00e1v\u00e1 mo\u017enost rozhodnout o kone\u010dn\u00e9m vzhledu sk\u0159\u00ed\u0148ky b\u011bhem instalace, t\u011bsn\u011b p\u0159ed zav\u011b\u0161en\u00edm. Ka\u017ed\u00e1 z t\u011bchto barev jedine\u010dn\u00fdm zp\u016fsobem podtrhne za\u0159\u00edzen\u00fd interi\u00e9r.<\/p>\n<p>Konstrukce sk\u0159\u00ed\u0148ky umo\u017e\u0148uje jej\u00ed oto\u010den\u00ed o 180 stup\u0148\u016f, tak\u017ee ji lze namontovat nad nebo pod pracovn\u00ed desku. Sk\u0159\u00ed\u0148ka je sou\u010d\u00e1st\u00ed modul\u00e1rn\u00ed kolekce a lze ji kombinovat s dal\u0161\u00edmi kusy nebo sk\u0159\u00ed\u0148kami.<\/p>\n<h3><strong>Technick\u00e9 parametry<\/strong><\/h3>\n<ul>\n<li><strong>Balen\u00ed<\/strong>: 1 ks<\/li>\n<li><strong>Typ<\/strong>: dopl\u0148kov\u00e1 koupelnov\u00e1 sk\u0159\u00ed\u0148ka<\/li>\n<li><strong>Proveden\u00ed<\/strong>: z\u00e1v\u011bsn\u00e1<\/li>\n<li><strong>Stav mont\u00e1\u017ee<\/strong>: v rozlo\u017een\u00e9m stavu<\/li>\n<li><strong>Barva popisn\u00e1<\/strong>: ka\u0161m\u00edr<\/li>\n<li><strong>Barva z\u00e1kladn\u00ed<\/strong>: b\u00e9\u017eov\u00e1<\/li>\n<li><strong>Povrchov\u00e1 \u00faprava<\/strong>: mat<\/li>\n<li><strong>Materi\u00e1l<\/strong>: MDF<\/li>\n<li><strong>\u0160\u00ed\u0159ka<\/strong>: 30 cm<\/li>\n<li><strong>V\u00fd\u0161ka<\/strong>: 60 cm<\/li>\n<li><strong>Hloubka<\/strong>: 22 cm<\/li>\n<\/ul><\/div>\n<div class=\"ProductDetailContent\">                                                                    <\/div>\n<\/p><\/div>\n<\/p><\/div>\n<\/p><\/div>\n","protected":false},"excerpt":{"rendered":"<p>Popis produktu Dopl\u0148kov\u00e1 koupelnov\u00e1 sk\u0159\u00ed\u0148ka Naturel Stilla 30x60x22 cm ka\u0161m\u00edr mat STILLAAK03002 N\u00e1st\u011bnn\u00e1 sk\u0159\u00ed\u0148ka&nbsp;STILLA v ka\u0161m\u00edrov\u00e9 barv\u011b s dv\u00ed\u0159ky vybaven\u00fdmi syst\u00e9mem tich\u00e9ho zav\u00edr\u00e1n\u00ed. Dv\u00ed\u0159ka lze namontovat tak, aby se otev\u00edrala vpravo nebo vlevo. Za fr\u00e9zovanou \u00fachytkou se nach\u00e1z\u00ed v\u00fdrazn\u00e1 deska, kter\u00e1 podtrhuje jedine\u010dn\u00fd charakter. Sk\u0159\u00ed\u0148ka se dod\u00e1v\u00e1 se sm\u011bsmi ve t\u0159ech barv\u00e1ch: leskl\u00e1 b\u00edl\u00e1, betonov\u00e1 [&hellip;]<\/p>\n","protected":false},"featured_media":13198,"comment_status":"open","ping_status":"open","template":"","meta":[],"product_brand":[],"product_cat":[77],"product_tag":[],"class_list":{"0":"post-13098","1":"product","2":"type-product","3":"status-publish","4":"has-post-thumbnail","6":"product_cat-koupelny","8":"first","9":"instock","10":"sale","11":"shipping-taxable","12":"purchasable","13":"product-type-simple"},"yoast_head":"<!-- This site is optimized with the Yoast SEO plugin v26.8 - https:\/\/yoast.com\/product\/yoast-seo-wordpress\/ -->\n<title>Akce Dopl\u0148kov\u00e1 koupelnov\u00e1 sk\u0159\u00ed\u0148ka Naturel Stilla 30x60x22 cm ka\u0161m\u00edr mat STILLAAK03002 -<\/title>\n<meta name=\"robots\" content=\"index, follow, max-snippet:-1, max-image-preview:large, max-video-preview:-1\" \/>\n<link rel=\"canonical\" href=\"https:\/\/www.koupeltech.com\/index.php\/produkt\/akce-doplnkova-koupelnova-skrinka-naturel-stilla-30x60x22-cm-kasmir-mat-stillaak03002-13098\/\" \/>\n<meta property=\"og:locale\" content=\"cs_CZ\" \/>\n<meta property=\"og:type\" content=\"article\" \/>\n<meta property=\"og:title\" content=\"Akce Dopl\u0148kov\u00e1 koupelnov\u00e1 sk\u0159\u00ed\u0148ka Naturel Stilla 30x60x22 cm ka\u0161m\u00edr mat STILLAAK03002 -\" \/>\n<meta property=\"og:description\" content=\"Popis produktu Dopl\u0148kov\u00e1 koupelnov\u00e1 sk\u0159\u00ed\u0148ka Naturel Stilla 30x60x22 cm ka\u0161m\u00edr mat STILLAAK03002 N\u00e1st\u011bnn\u00e1 sk\u0159\u00ed\u0148ka&nbsp;STILLA v ka\u0161m\u00edrov\u00e9 barv\u011b s dv\u00ed\u0159ky vybaven\u00fdmi syst\u00e9mem tich\u00e9ho zav\u00edr\u00e1n\u00ed. Dv\u00ed\u0159ka lze namontovat tak, aby se otev\u00edrala vpravo nebo vlevo. Za fr\u00e9zovanou \u00fachytkou se nach\u00e1z\u00ed v\u00fdrazn\u00e1 deska, kter\u00e1 podtrhuje jedine\u010dn\u00fd charakter. Sk\u0159\u00ed\u0148ka se dod\u00e1v\u00e1 se sm\u011bsmi ve t\u0159ech barv\u00e1ch: leskl\u00e1 b\u00edl\u00e1, betonov\u00e1 [&hellip;]\" \/>\n<meta property=\"og:url\" content=\"https:\/\/www.koupeltech.com\/index.php\/produkt\/akce-doplnkova-koupelnova-skrinka-naturel-stilla-30x60x22-cm-kasmir-mat-stillaak03002-13098\/\" \/>\n<meta property=\"og:image\" content=\"https:\/\/www.koupeltech.com\/wp-content\/uploads\/2026\/SK0024076-CZ20260425-092632-0-1777080397-doplnkova-koupelnova-skrinka-naturel-stilla-30x60x22-cm-kas.webp\" \/>\n\t<meta property=\"og:image:width\" content=\"600\" \/>\n\t<meta property=\"og:image:height\" content=\"429\" \/>\n\t<meta property=\"og:image:type\" content=\"image\/webp\" \/>\n<meta name=\"twitter:card\" content=\"summary_large_image\" \/>\n<meta name=\"twitter:label1\" content=\"Odhadovan\u00e1 doba \u010dten\u00ed\" \/>\n\t<meta name=\"twitter:data1\" content=\"1 minuta\" \/>\n<script type=\"application\/ld+json\" class=\"yoast-schema-graph\">{\"@context\":\"https:\/\/schema.org\",\"@graph\":[{\"@type\":\"WebPage\",\"@id\":\"https:\/\/www.koupeltech.com\/index.php\/produkt\/akce-doplnkova-koupelnova-skrinka-naturel-stilla-30x60x22-cm-kasmir-mat-stillaak03002-13098\/\",\"url\":\"https:\/\/www.koupeltech.com\/index.php\/produkt\/akce-doplnkova-koupelnova-skrinka-naturel-stilla-30x60x22-cm-kasmir-mat-stillaak03002-13098\/\",\"name\":\"Akce Dopl\u0148kov\u00e1 koupelnov\u00e1 sk\u0159\u00ed\u0148ka Naturel Stilla 30x60x22 cm ka\u0161m\u00edr mat STILLAAK03002 -\",\"isPartOf\":{\"@id\":\"https:\/\/www.koupeltech.com\/#website\"},\"primaryImageOfPage\":{\"@id\":\"https:\/\/www.koupeltech.com\/index.php\/produkt\/akce-doplnkova-koupelnova-skrinka-naturel-stilla-30x60x22-cm-kasmir-mat-stillaak03002-13098\/#primaryimage\"},\"image\":{\"@id\":\"https:\/\/www.koupeltech.com\/index.php\/produkt\/akce-doplnkova-koupelnova-skrinka-naturel-stilla-30x60x22-cm-kasmir-mat-stillaak03002-13098\/#primaryimage\"},\"thumbnailUrl\":\"https:\/\/www.koupeltech.com\/wp-content\/uploads\/2026\/SK0024076-CZ20260425-092632-0-1777080397-doplnkova-koupelnova-skrinka-naturel-stilla-30x60x22-cm-kas.webp\",\"datePublished\":\"2026-04-27T13:57:46+00:00\",\"breadcrumb\":{\"@id\":\"https:\/\/www.koupeltech.com\/index.php\/produkt\/akce-doplnkova-koupelnova-skrinka-naturel-stilla-30x60x22-cm-kasmir-mat-stillaak03002-13098\/#breadcrumb\"},\"inLanguage\":\"cs\",\"potentialAction\":[{\"@type\":\"ReadAction\",\"target\":[\"https:\/\/www.koupeltech.com\/index.php\/produkt\/akce-doplnkova-koupelnova-skrinka-naturel-stilla-30x60x22-cm-kasmir-mat-stillaak03002-13098\/\"]}]},{\"@type\":\"ImageObject\",\"inLanguage\":\"cs\",\"@id\":\"https:\/\/www.koupeltech.com\/index.php\/produkt\/akce-doplnkova-koupelnova-skrinka-naturel-stilla-30x60x22-cm-kasmir-mat-stillaak03002-13098\/#primaryimage\",\"url\":\"https:\/\/www.koupeltech.com\/wp-content\/uploads\/2026\/SK0024076-CZ20260425-092632-0-1777080397-doplnkova-koupelnova-skrinka-naturel-stilla-30x60x22-cm-kas.webp\",\"contentUrl\":\"https:\/\/www.koupeltech.com\/wp-content\/uploads\/2026\/SK0024076-CZ20260425-092632-0-1777080397-doplnkova-koupelnova-skrinka-naturel-stilla-30x60x22-cm-kas.webp\",\"width\":600,\"height\":429},{\"@type\":\"BreadcrumbList\",\"@id\":\"https:\/\/www.koupeltech.com\/index.php\/produkt\/akce-doplnkova-koupelnova-skrinka-naturel-stilla-30x60x22-cm-kasmir-mat-stillaak03002-13098\/#breadcrumb\",\"itemListElement\":[{\"@type\":\"ListItem\",\"position\":1,\"name\":\"Home\",\"item\":\"https:\/\/www.koupeltech.com\/\"},{\"@type\":\"ListItem\",\"position\":2,\"name\":\"Products\",\"item\":\"https:\/\/www.koupeltech.com\/index.php\/products\/\"},{\"@type\":\"ListItem\",\"position\":3,\"name\":\"Akce Dopl\u0148kov\u00e1 koupelnov\u00e1 sk\u0159\u00ed\u0148ka Naturel Stilla 30x60x22 cm ka\u0161m\u00edr mat STILLAAK03002\"}]},{\"@type\":\"WebSite\",\"@id\":\"https:\/\/www.koupeltech.com\/#website\",\"url\":\"https:\/\/www.koupeltech.com\/\",\"name\":\"\",\"description\":\"\",\"potentialAction\":[{\"@type\":\"SearchAction\",\"target\":{\"@type\":\"EntryPoint\",\"urlTemplate\":\"https:\/\/www.koupeltech.com\/?s={search_term_string}\"},\"query-input\":{\"@type\":\"PropertyValueSpecification\",\"valueRequired\":true,\"valueName\":\"search_term_string\"}}],\"inLanguage\":\"cs\"}]}<\/script>\n<!-- \/ Yoast SEO plugin. -->","yoast_head_json":{"title":"Akce Dopl\u0148kov\u00e1 koupelnov\u00e1 sk\u0159\u00ed\u0148ka Naturel Stilla 30x60x22 cm ka\u0161m\u00edr mat STILLAAK03002 -","robots":{"index":"index","follow":"follow","max-snippet":"max-snippet:-1","max-image-preview":"max-image-preview:large","max-video-preview":"max-video-preview:-1"},"canonical":"https:\/\/www.koupeltech.com\/index.php\/produkt\/akce-doplnkova-koupelnova-skrinka-naturel-stilla-30x60x22-cm-kasmir-mat-stillaak03002-13098\/","og_locale":"cs_CZ","og_type":"article","og_title":"Akce Dopl\u0148kov\u00e1 koupelnov\u00e1 sk\u0159\u00ed\u0148ka Naturel Stilla 30x60x22 cm ka\u0161m\u00edr mat STILLAAK03002 -","og_description":"Popis produktu Dopl\u0148kov\u00e1 koupelnov\u00e1 sk\u0159\u00ed\u0148ka Naturel Stilla 30x60x22 cm ka\u0161m\u00edr mat STILLAAK03002 N\u00e1st\u011bnn\u00e1 sk\u0159\u00ed\u0148ka&nbsp;STILLA v ka\u0161m\u00edrov\u00e9 barv\u011b s dv\u00ed\u0159ky vybaven\u00fdmi syst\u00e9mem tich\u00e9ho zav\u00edr\u00e1n\u00ed. Dv\u00ed\u0159ka lze namontovat tak, aby se otev\u00edrala vpravo nebo vlevo. Za fr\u00e9zovanou \u00fachytkou se nach\u00e1z\u00ed v\u00fdrazn\u00e1 deska, kter\u00e1 podtrhuje jedine\u010dn\u00fd charakter. Sk\u0159\u00ed\u0148ka se dod\u00e1v\u00e1 se sm\u011bsmi ve t\u0159ech barv\u00e1ch: leskl\u00e1 b\u00edl\u00e1, betonov\u00e1 [&hellip;]","og_url":"https:\/\/www.koupeltech.com\/index.php\/produkt\/akce-doplnkova-koupelnova-skrinka-naturel-stilla-30x60x22-cm-kasmir-mat-stillaak03002-13098\/","og_image":[{"width":600,"height":429,"url":"https:\/\/www.koupeltech.com\/wp-content\/uploads\/2026\/SK0024076-CZ20260425-092632-0-1777080397-doplnkova-koupelnova-skrinka-naturel-stilla-30x60x22-cm-kas.webp","type":"image\/webp"}],"twitter_card":"summary_large_image","twitter_misc":{"Odhadovan\u00e1 doba \u010dten\u00ed":"1 minuta"},"schema":{"@context":"https:\/\/schema.org","@graph":[{"@type":"WebPage","@id":"https:\/\/www.koupeltech.com\/index.php\/produkt\/akce-doplnkova-koupelnova-skrinka-naturel-stilla-30x60x22-cm-kasmir-mat-stillaak03002-13098\/","url":"https:\/\/www.koupeltech.com\/index.php\/produkt\/akce-doplnkova-koupelnova-skrinka-naturel-stilla-30x60x22-cm-kasmir-mat-stillaak03002-13098\/","name":"Akce Dopl\u0148kov\u00e1 koupelnov\u00e1 sk\u0159\u00ed\u0148ka Naturel Stilla 30x60x22 cm ka\u0161m\u00edr mat STILLAAK03002 -","isPartOf":{"@id":"https:\/\/www.koupeltech.com\/#website"},"primaryImageOfPage":{"@id":"https:\/\/www.koupeltech.com\/index.php\/produkt\/akce-doplnkova-koupelnova-skrinka-naturel-stilla-30x60x22-cm-kasmir-mat-stillaak03002-13098\/#primaryimage"},"image":{"@id":"https:\/\/www.koupeltech.com\/index.php\/produkt\/akce-doplnkova-koupelnova-skrinka-naturel-stilla-30x60x22-cm-kasmir-mat-stillaak03002-13098\/#primaryimage"},"thumbnailUrl":"https:\/\/www.koupeltech.com\/wp-content\/uploads\/2026\/SK0024076-CZ20260425-092632-0-1777080397-doplnkova-koupelnova-skrinka-naturel-stilla-30x60x22-cm-kas.webp","datePublished":"2026-04-27T13:57:46+00:00","breadcrumb":{"@id":"https:\/\/www.koupeltech.com\/index.php\/produkt\/akce-doplnkova-koupelnova-skrinka-naturel-stilla-30x60x22-cm-kasmir-mat-stillaak03002-13098\/#breadcrumb"},"inLanguage":"cs","potentialAction":[{"@type":"ReadAction","target":["https:\/\/www.koupeltech.com\/index.php\/produkt\/akce-doplnkova-koupelnova-skrinka-naturel-stilla-30x60x22-cm-kasmir-mat-stillaak03002-13098\/"]}]},{"@type":"ImageObject","inLanguage":"cs","@id":"https:\/\/www.koupeltech.com\/index.php\/produkt\/akce-doplnkova-koupelnova-skrinka-naturel-stilla-30x60x22-cm-kasmir-mat-stillaak03002-13098\/#primaryimage","url":"https:\/\/www.koupeltech.com\/wp-content\/uploads\/2026\/SK0024076-CZ20260425-092632-0-1777080397-doplnkova-koupelnova-skrinka-naturel-stilla-30x60x22-cm-kas.webp","contentUrl":"https:\/\/www.koupeltech.com\/wp-content\/uploads\/2026\/SK0024076-CZ20260425-092632-0-1777080397-doplnkova-koupelnova-skrinka-naturel-stilla-30x60x22-cm-kas.webp","width":600,"height":429},{"@type":"BreadcrumbList","@id":"https:\/\/www.koupeltech.com\/index.php\/produkt\/akce-doplnkova-koupelnova-skrinka-naturel-stilla-30x60x22-cm-kasmir-mat-stillaak03002-13098\/#breadcrumb","itemListElement":[{"@type":"ListItem","position":1,"name":"Home","item":"https:\/\/www.koupeltech.com\/"},{"@type":"ListItem","position":2,"name":"Products","item":"https:\/\/www.koupeltech.com\/index.php\/products\/"},{"@type":"ListItem","position":3,"name":"Akce Dopl\u0148kov\u00e1 koupelnov\u00e1 sk\u0159\u00ed\u0148ka Naturel Stilla 30x60x22 cm ka\u0161m\u00edr mat STILLAAK03002"}]},{"@type":"WebSite","@id":"https:\/\/www.koupeltech.com\/#website","url":"https:\/\/www.koupeltech.com\/","name":"","description":"","potentialAction":[{"@type":"SearchAction","target":{"@type":"EntryPoint","urlTemplate":"https:\/\/www.koupeltech.com\/?s={search_term_string}"},"query-input":{"@type":"PropertyValueSpecification","valueRequired":true,"valueName":"search_term_string"}}],"inLanguage":"cs"}]}},"_links":{"self":[{"href":"https:\/\/www.koupeltech.com\/index.php\/wp-json\/wp\/v2\/product\/13098","targetHints":{"allow":["GET"]}}],"collection":[{"href":"https:\/\/www.koupeltech.com\/index.php\/wp-json\/wp\/v2\/product"}],"about":[{"href":"https:\/\/www.koupeltech.com\/index.php\/wp-json\/wp\/v2\/types\/product"}],"replies":[{"embeddable":true,"href":"https:\/\/www.koupeltech.com\/index.php\/wp-json\/wp\/v2\/comments?post=13098"}],"wp:featuredmedia":[{"embeddable":true,"href":"https:\/\/www.koupeltech.com\/index.php\/wp-json\/wp\/v2\/media\/13198"}],"wp:attachment":[{"href":"https:\/\/www.koupeltech.com\/index.php\/wp-json\/wp\/v2\/media?parent=13098"}],"wp:term":[{"taxonomy":"product_brand","embeddable":true,"href":"https:\/\/www.koupeltech.com\/index.php\/wp-json\/wp\/v2\/product_brand?post=13098"},{"taxonomy":"product_cat","embeddable":true,"href":"https:\/\/www.koupeltech.com\/index.php\/wp-json\/wp\/v2\/product_cat?post=13098"},{"taxonomy":"product_tag","embeddable":true,"href":"https:\/\/www.koupeltech.com\/index.php\/wp-json\/wp\/v2\/product_tag?post=13098"}],"curies":[{"name":"wp","href":"https:\/\/api.w.org\/{rel}","templated":true}]}}