{"id":13104,"date":"2026-04-27T13:57:46","date_gmt":"2026-04-27T13:57:46","guid":{"rendered":""},"modified":"2026-04-27T13:57:46","modified_gmt":"2026-04-27T13:57:46","slug":"znackovy-koupelnova-skrinka-s-umyvadlem-naturel-stilla-80x60x45-cm-kasmir-mat-stilladk08057u2-13104","status":"publish","type":"product","link":"https:\/\/www.koupeltech.com\/index.php\/produkt\/znackovy-koupelnova-skrinka-s-umyvadlem-naturel-stilla-80x60x45-cm-kasmir-mat-stilladk08057u2-13104\/","title":{"rendered":"Zna\u010dkov\u00fd Koupelnov\u00e1 sk\u0159\u00ed\u0148ka s umyvadlem Naturel Stilla 80x60x45 cm ka\u0161m\u00edr mat STILLADK08057U2"},"content":{"rendered":"<div class=\"ProductDetail-content NoFixImageContainer\" id=\"productDescription\">\n<div class=\"Heading\">\n<h2 class=\"Heading-title\">Popis produktu <span class=''>Koupelnov\u00e1 sk\u0159\u00ed\u0148ka s umyvadlem Naturel Stilla 80x60x45 cm ka\u0161m\u00edr mat STILLADK08057U2<\/span><\/h2>\n<\/p><\/div>\n<div class=\"ProductDetailContent\">\n<p><strong>Z\u00e1v\u011bsn\u00e1 koupelnov\u00e1 sk\u0159\u00ed\u0148ka Stilla&nbsp;v ka\u0161m\u00edrov\u00e9 barv\u011b <\/strong>se dv\u011bma z\u00e1suvkami v rozm\u011bru 80x60x45 cm s elegantn\u00edm umyvadlem SAT Infinitio SATINF8046.&nbsp;<strong>Sk\u0159\u00ed\u0148ka je sou\u010d\u00e1st\u00ed modul\u00e1rn\u00ed kolekce<\/strong>&nbsp;a lze ji kombinovat s p\u0159id\u00e1n\u00edm dal\u0161\u00edch sk\u0159\u00edn\u011bk z kolekce a box\u016f. Toto \u0159e\u0161en\u00ed umo\u017e\u0148uje z\u00edskat v\u00edce \u00falo\u017en\u00e9ho prostoru pro v\u0161echny koupelnov\u00e9 dopl\u0148ky.<\/p>\n<ul>\n<li>Z\u00e1suvky jsou vybaveny syst\u00e9mem Soft Close.<\/li>\n<li>Kovov\u00e9 boky z\u00e1suvek nejen zpev\u0148uj\u00ed konstrukci z\u00e1suvky, ale tak\u00e9 usnad\u0148uj\u00ed jej\u00ed \u00fadr\u017ebu.<\/li>\n<li>Pln\u011b v\u00fdsuvn\u00e9 pojezdy umo\u017e\u0148uj\u00ed vyu\u017e\u00edt prostor i v t\u011bch nejodlehlej\u0161\u00edch z\u00e1kout\u00edch.<\/li>\n<li>\u010celo a korpus jsou pota\u017eeny sv\u011btlem vytvrzen\u00fdm lakem, kter\u00fd dod\u00e1v\u00e1 sk\u0159\u00edni na eleganci.<\/li>\n<li>Bez baterie.<\/li>\n<li>N\u00e1bytek je dod\u00e1v\u00e1n v&nbsp;demontu.<\/li>\n<\/ul>\n<p><strong>V ka\u017ed\u00e9m balen\u00ed sk\u0159\u00ed\u0148ky Stilla jsou p\u0159ipraveny 3 barvy<\/strong>&nbsp;<strong>rolety<\/strong>, kterou um\u00edst\u00edte do sk\u0159\u00ed\u0148ky v m\u00edst\u011b \u00fachytky. Vybrat si m\u016f\u017eete z barev: leskl\u00e1 b\u00edl\u00e1, betonov\u00e1 \u010dern\u00e1 a lan\u00fd\u017eov\u00fd buk.Tato vy\u00adchyt\u00e1vka zajist\u00ed, \u017ee si m\u016f\u017eete barvu \u00fachytek m\u011bnit tak, aby dokonale ladila se zbytkem koupelny a cel\u00e9ho interi\u00e9ru.<\/p>\n<h3><strong>Technick\u00e9 parametry<\/strong><\/h3>\n<ul>\n<li><strong>Balen\u00ed<\/strong>: 2 ks<\/li>\n<li><strong>Typ<\/strong>: koupelnov\u00e1 sk\u0159\u00ed\u0148ka s umyvadlem<\/li>\n<li><strong>Proveden\u00ed<\/strong>: z\u00e1v\u011bsn\u00e1<\/li>\n<li><strong>Stav mont\u00e1\u017ee<\/strong>: v rozlo\u017een\u00e9m stavu<\/li>\n<li><strong>Barva popisn\u00e1<\/strong>: ka\u0161m\u00edr<\/li>\n<li><strong>Barva z\u00e1kladn\u00ed<\/strong>: b\u00e9\u017eov\u00e1<\/li>\n<li><strong>Povrchov\u00e1 \u00faprava<\/strong>: mat<\/li>\n<li><strong>Materi\u00e1l \u010deln\u00edch ploch<\/strong>: MDF<\/li>\n<li><strong>V\u00fdsuvy<\/strong>: plnov\u00fdsuv s dotahem<\/li>\n<li><strong>\u0160\u00ed\u0159ka<\/strong>: 80 cm<\/li>\n<li><strong>V\u00fd\u0161ka<\/strong>: 60 cm<\/li>\n<li><strong>Hloubka<\/strong>: 45 cm<\/li>\n<li><strong>Materi\u00e1l umyvadla<\/strong>: keramika<\/li>\n<\/ul>\n<hr \/>\n<div class=\"simple-translate-system-theme\" id=\"simple-translate\">\n<div>\n<div class=\"isShow simple-translate-button\" style=\"background-image:url(&quot;moz-extension:\/\/cf828ca7-3346-4d24-9228-d57f1b897cf8\/icons\/512.png&quot;); height:22px; left:1015px; top:16px; width:22px\">&nbsp;<\/div>\n<div class=\" simple-translate-panel\" style=\"font-size:13px; height:200px; left:0px; top:0px; width:300px\">\n<div class=\"simple-translate-result-wrapper\" style=\"overflow:hidden\">\n<div class=\"simple-translate-move\" draggable=\"true\">&nbsp;<\/div>\n<div class=\"simple-translate-result-contents\">\n<p class=\"simple-translate-result\" dir=\"auto\">&nbsp;<\/p>\n<p class=\"simple-translate-candidate\" dir=\"auto\">&nbsp;<\/p>\n<\/div>\n<\/div>\n<\/div>\n<\/div>\n<\/div><\/div>\n<div class=\"ProductDetailContent\">                                                                    <\/div>\n<\/p><\/div>\n<\/p><\/div>\n<\/p><\/div>\n","protected":false},"excerpt":{"rendered":"<p>Popis produktu Koupelnov\u00e1 sk\u0159\u00ed\u0148ka s umyvadlem Naturel Stilla 80x60x45 cm ka\u0161m\u00edr mat STILLADK08057U2 Z\u00e1v\u011bsn\u00e1 koupelnov\u00e1 sk\u0159\u00ed\u0148ka Stilla&nbsp;v ka\u0161m\u00edrov\u00e9 barv\u011b se dv\u011bma z\u00e1suvkami v rozm\u011bru 80x60x45 cm s elegantn\u00edm umyvadlem SAT Infinitio SATINF8046.&nbsp;Sk\u0159\u00ed\u0148ka je sou\u010d\u00e1st\u00ed modul\u00e1rn\u00ed kolekce&nbsp;a lze ji kombinovat s p\u0159id\u00e1n\u00edm dal\u0161\u00edch sk\u0159\u00edn\u011bk z kolekce a box\u016f. Toto \u0159e\u0161en\u00ed umo\u017e\u0148uje z\u00edskat v\u00edce \u00falo\u017en\u00e9ho prostoru pro [&hellip;]<\/p>\n","protected":false},"featured_media":13204,"comment_status":"open","ping_status":"open","template":"","meta":[],"product_brand":[],"product_cat":[77],"product_tag":[],"class_list":{"0":"post-13104","1":"product","2":"type-product","3":"status-publish","4":"has-post-thumbnail","6":"product_cat-koupelny","8":"first","9":"instock","10":"sale","11":"shipping-taxable","12":"purchasable","13":"product-type-simple"},"yoast_head":"<!-- This site is optimized with the Yoast SEO plugin v26.8 - https:\/\/yoast.com\/product\/yoast-seo-wordpress\/ -->\n<title>Zna\u010dkov\u00fd Koupelnov\u00e1 sk\u0159\u00ed\u0148ka s umyvadlem Naturel Stilla 80x60x45 cm ka\u0161m\u00edr mat STILLADK08057U2 -<\/title>\n<meta name=\"robots\" content=\"index, follow, max-snippet:-1, max-image-preview:large, max-video-preview:-1\" \/>\n<link rel=\"canonical\" href=\"https:\/\/www.koupeltech.com\/index.php\/produkt\/znackovy-koupelnova-skrinka-s-umyvadlem-naturel-stilla-80x60x45-cm-kasmir-mat-stilladk08057u2-13104\/\" \/>\n<meta property=\"og:locale\" content=\"cs_CZ\" \/>\n<meta property=\"og:type\" content=\"article\" \/>\n<meta property=\"og:title\" content=\"Zna\u010dkov\u00fd Koupelnov\u00e1 sk\u0159\u00ed\u0148ka s umyvadlem Naturel Stilla 80x60x45 cm ka\u0161m\u00edr mat STILLADK08057U2 -\" \/>\n<meta property=\"og:description\" content=\"Popis produktu Koupelnov\u00e1 sk\u0159\u00ed\u0148ka s umyvadlem Naturel Stilla 80x60x45 cm ka\u0161m\u00edr mat STILLADK08057U2 Z\u00e1v\u011bsn\u00e1 koupelnov\u00e1 sk\u0159\u00ed\u0148ka Stilla&nbsp;v ka\u0161m\u00edrov\u00e9 barv\u011b se dv\u011bma z\u00e1suvkami v rozm\u011bru 80x60x45 cm s elegantn\u00edm umyvadlem SAT Infinitio SATINF8046.&nbsp;Sk\u0159\u00ed\u0148ka je sou\u010d\u00e1st\u00ed modul\u00e1rn\u00ed kolekce&nbsp;a lze ji kombinovat s p\u0159id\u00e1n\u00edm dal\u0161\u00edch sk\u0159\u00edn\u011bk z kolekce a box\u016f. Toto \u0159e\u0161en\u00ed umo\u017e\u0148uje z\u00edskat v\u00edce \u00falo\u017en\u00e9ho prostoru pro [&hellip;]\" \/>\n<meta property=\"og:url\" content=\"https:\/\/www.koupeltech.com\/index.php\/produkt\/znackovy-koupelnova-skrinka-s-umyvadlem-naturel-stilla-80x60x45-cm-kasmir-mat-stilladk08057u2-13104\/\" \/>\n<meta property=\"og:image\" content=\"https:\/\/www.koupeltech.com\/wp-content\/uploads\/2026\/SK0024082-CZ20260425-092632-0-1777080397-koupelnova-skrinka-s-umyvadlem-naturel-stilla-80x60x45-cm-k.webp\" \/>\n\t<meta property=\"og:image:width\" content=\"600\" \/>\n\t<meta property=\"og:image:height\" content=\"429\" \/>\n\t<meta property=\"og:image:type\" content=\"image\/webp\" \/>\n<meta name=\"twitter:card\" content=\"summary_large_image\" \/>\n<meta name=\"twitter:label1\" content=\"Odhadovan\u00e1 doba \u010dten\u00ed\" \/>\n\t<meta name=\"twitter:data1\" content=\"1 minuta\" \/>\n<script type=\"application\/ld+json\" class=\"yoast-schema-graph\">{\"@context\":\"https:\/\/schema.org\",\"@graph\":[{\"@type\":\"WebPage\",\"@id\":\"https:\/\/www.koupeltech.com\/index.php\/produkt\/znackovy-koupelnova-skrinka-s-umyvadlem-naturel-stilla-80x60x45-cm-kasmir-mat-stilladk08057u2-13104\/\",\"url\":\"https:\/\/www.koupeltech.com\/index.php\/produkt\/znackovy-koupelnova-skrinka-s-umyvadlem-naturel-stilla-80x60x45-cm-kasmir-mat-stilladk08057u2-13104\/\",\"name\":\"Zna\u010dkov\u00fd Koupelnov\u00e1 sk\u0159\u00ed\u0148ka s umyvadlem Naturel Stilla 80x60x45 cm ka\u0161m\u00edr mat STILLADK08057U2 -\",\"isPartOf\":{\"@id\":\"https:\/\/www.koupeltech.com\/#website\"},\"primaryImageOfPage\":{\"@id\":\"https:\/\/www.koupeltech.com\/index.php\/produkt\/znackovy-koupelnova-skrinka-s-umyvadlem-naturel-stilla-80x60x45-cm-kasmir-mat-stilladk08057u2-13104\/#primaryimage\"},\"image\":{\"@id\":\"https:\/\/www.koupeltech.com\/index.php\/produkt\/znackovy-koupelnova-skrinka-s-umyvadlem-naturel-stilla-80x60x45-cm-kasmir-mat-stilladk08057u2-13104\/#primaryimage\"},\"thumbnailUrl\":\"https:\/\/www.koupeltech.com\/wp-content\/uploads\/2026\/SK0024082-CZ20260425-092632-0-1777080397-koupelnova-skrinka-s-umyvadlem-naturel-stilla-80x60x45-cm-k.webp\",\"datePublished\":\"2026-04-27T13:57:46+00:00\",\"breadcrumb\":{\"@id\":\"https:\/\/www.koupeltech.com\/index.php\/produkt\/znackovy-koupelnova-skrinka-s-umyvadlem-naturel-stilla-80x60x45-cm-kasmir-mat-stilladk08057u2-13104\/#breadcrumb\"},\"inLanguage\":\"cs\",\"potentialAction\":[{\"@type\":\"ReadAction\",\"target\":[\"https:\/\/www.koupeltech.com\/index.php\/produkt\/znackovy-koupelnova-skrinka-s-umyvadlem-naturel-stilla-80x60x45-cm-kasmir-mat-stilladk08057u2-13104\/\"]}]},{\"@type\":\"ImageObject\",\"inLanguage\":\"cs\",\"@id\":\"https:\/\/www.koupeltech.com\/index.php\/produkt\/znackovy-koupelnova-skrinka-s-umyvadlem-naturel-stilla-80x60x45-cm-kasmir-mat-stilladk08057u2-13104\/#primaryimage\",\"url\":\"https:\/\/www.koupeltech.com\/wp-content\/uploads\/2026\/SK0024082-CZ20260425-092632-0-1777080397-koupelnova-skrinka-s-umyvadlem-naturel-stilla-80x60x45-cm-k.webp\",\"contentUrl\":\"https:\/\/www.koupeltech.com\/wp-content\/uploads\/2026\/SK0024082-CZ20260425-092632-0-1777080397-koupelnova-skrinka-s-umyvadlem-naturel-stilla-80x60x45-cm-k.webp\",\"width\":600,\"height\":429},{\"@type\":\"BreadcrumbList\",\"@id\":\"https:\/\/www.koupeltech.com\/index.php\/produkt\/znackovy-koupelnova-skrinka-s-umyvadlem-naturel-stilla-80x60x45-cm-kasmir-mat-stilladk08057u2-13104\/#breadcrumb\",\"itemListElement\":[{\"@type\":\"ListItem\",\"position\":1,\"name\":\"Home\",\"item\":\"https:\/\/www.koupeltech.com\/\"},{\"@type\":\"ListItem\",\"position\":2,\"name\":\"Products\",\"item\":\"https:\/\/www.koupeltech.com\/index.php\/products\/\"},{\"@type\":\"ListItem\",\"position\":3,\"name\":\"Zna\u010dkov\u00fd Koupelnov\u00e1 sk\u0159\u00ed\u0148ka s umyvadlem Naturel Stilla 80x60x45 cm ka\u0161m\u00edr mat STILLADK08057U2\"}]},{\"@type\":\"WebSite\",\"@id\":\"https:\/\/www.koupeltech.com\/#website\",\"url\":\"https:\/\/www.koupeltech.com\/\",\"name\":\"\",\"description\":\"\",\"potentialAction\":[{\"@type\":\"SearchAction\",\"target\":{\"@type\":\"EntryPoint\",\"urlTemplate\":\"https:\/\/www.koupeltech.com\/?s={search_term_string}\"},\"query-input\":{\"@type\":\"PropertyValueSpecification\",\"valueRequired\":true,\"valueName\":\"search_term_string\"}}],\"inLanguage\":\"cs\"}]}<\/script>\n<!-- \/ Yoast SEO plugin. -->","yoast_head_json":{"title":"Zna\u010dkov\u00fd Koupelnov\u00e1 sk\u0159\u00ed\u0148ka s umyvadlem Naturel Stilla 80x60x45 cm ka\u0161m\u00edr mat STILLADK08057U2 -","robots":{"index":"index","follow":"follow","max-snippet":"max-snippet:-1","max-image-preview":"max-image-preview:large","max-video-preview":"max-video-preview:-1"},"canonical":"https:\/\/www.koupeltech.com\/index.php\/produkt\/znackovy-koupelnova-skrinka-s-umyvadlem-naturel-stilla-80x60x45-cm-kasmir-mat-stilladk08057u2-13104\/","og_locale":"cs_CZ","og_type":"article","og_title":"Zna\u010dkov\u00fd Koupelnov\u00e1 sk\u0159\u00ed\u0148ka s umyvadlem Naturel Stilla 80x60x45 cm ka\u0161m\u00edr mat STILLADK08057U2 -","og_description":"Popis produktu Koupelnov\u00e1 sk\u0159\u00ed\u0148ka s umyvadlem Naturel Stilla 80x60x45 cm ka\u0161m\u00edr mat STILLADK08057U2 Z\u00e1v\u011bsn\u00e1 koupelnov\u00e1 sk\u0159\u00ed\u0148ka Stilla&nbsp;v ka\u0161m\u00edrov\u00e9 barv\u011b se dv\u011bma z\u00e1suvkami v rozm\u011bru 80x60x45 cm s elegantn\u00edm umyvadlem SAT Infinitio SATINF8046.&nbsp;Sk\u0159\u00ed\u0148ka je sou\u010d\u00e1st\u00ed modul\u00e1rn\u00ed kolekce&nbsp;a lze ji kombinovat s p\u0159id\u00e1n\u00edm dal\u0161\u00edch sk\u0159\u00edn\u011bk z kolekce a box\u016f. Toto \u0159e\u0161en\u00ed umo\u017e\u0148uje z\u00edskat v\u00edce \u00falo\u017en\u00e9ho prostoru pro [&hellip;]","og_url":"https:\/\/www.koupeltech.com\/index.php\/produkt\/znackovy-koupelnova-skrinka-s-umyvadlem-naturel-stilla-80x60x45-cm-kasmir-mat-stilladk08057u2-13104\/","og_image":[{"width":600,"height":429,"url":"https:\/\/www.koupeltech.com\/wp-content\/uploads\/2026\/SK0024082-CZ20260425-092632-0-1777080397-koupelnova-skrinka-s-umyvadlem-naturel-stilla-80x60x45-cm-k.webp","type":"image\/webp"}],"twitter_card":"summary_large_image","twitter_misc":{"Odhadovan\u00e1 doba \u010dten\u00ed":"1 minuta"},"schema":{"@context":"https:\/\/schema.org","@graph":[{"@type":"WebPage","@id":"https:\/\/www.koupeltech.com\/index.php\/produkt\/znackovy-koupelnova-skrinka-s-umyvadlem-naturel-stilla-80x60x45-cm-kasmir-mat-stilladk08057u2-13104\/","url":"https:\/\/www.koupeltech.com\/index.php\/produkt\/znackovy-koupelnova-skrinka-s-umyvadlem-naturel-stilla-80x60x45-cm-kasmir-mat-stilladk08057u2-13104\/","name":"Zna\u010dkov\u00fd Koupelnov\u00e1 sk\u0159\u00ed\u0148ka s umyvadlem Naturel Stilla 80x60x45 cm ka\u0161m\u00edr mat STILLADK08057U2 -","isPartOf":{"@id":"https:\/\/www.koupeltech.com\/#website"},"primaryImageOfPage":{"@id":"https:\/\/www.koupeltech.com\/index.php\/produkt\/znackovy-koupelnova-skrinka-s-umyvadlem-naturel-stilla-80x60x45-cm-kasmir-mat-stilladk08057u2-13104\/#primaryimage"},"image":{"@id":"https:\/\/www.koupeltech.com\/index.php\/produkt\/znackovy-koupelnova-skrinka-s-umyvadlem-naturel-stilla-80x60x45-cm-kasmir-mat-stilladk08057u2-13104\/#primaryimage"},"thumbnailUrl":"https:\/\/www.koupeltech.com\/wp-content\/uploads\/2026\/SK0024082-CZ20260425-092632-0-1777080397-koupelnova-skrinka-s-umyvadlem-naturel-stilla-80x60x45-cm-k.webp","datePublished":"2026-04-27T13:57:46+00:00","breadcrumb":{"@id":"https:\/\/www.koupeltech.com\/index.php\/produkt\/znackovy-koupelnova-skrinka-s-umyvadlem-naturel-stilla-80x60x45-cm-kasmir-mat-stilladk08057u2-13104\/#breadcrumb"},"inLanguage":"cs","potentialAction":[{"@type":"ReadAction","target":["https:\/\/www.koupeltech.com\/index.php\/produkt\/znackovy-koupelnova-skrinka-s-umyvadlem-naturel-stilla-80x60x45-cm-kasmir-mat-stilladk08057u2-13104\/"]}]},{"@type":"ImageObject","inLanguage":"cs","@id":"https:\/\/www.koupeltech.com\/index.php\/produkt\/znackovy-koupelnova-skrinka-s-umyvadlem-naturel-stilla-80x60x45-cm-kasmir-mat-stilladk08057u2-13104\/#primaryimage","url":"https:\/\/www.koupeltech.com\/wp-content\/uploads\/2026\/SK0024082-CZ20260425-092632-0-1777080397-koupelnova-skrinka-s-umyvadlem-naturel-stilla-80x60x45-cm-k.webp","contentUrl":"https:\/\/www.koupeltech.com\/wp-content\/uploads\/2026\/SK0024082-CZ20260425-092632-0-1777080397-koupelnova-skrinka-s-umyvadlem-naturel-stilla-80x60x45-cm-k.webp","width":600,"height":429},{"@type":"BreadcrumbList","@id":"https:\/\/www.koupeltech.com\/index.php\/produkt\/znackovy-koupelnova-skrinka-s-umyvadlem-naturel-stilla-80x60x45-cm-kasmir-mat-stilladk08057u2-13104\/#breadcrumb","itemListElement":[{"@type":"ListItem","position":1,"name":"Home","item":"https:\/\/www.koupeltech.com\/"},{"@type":"ListItem","position":2,"name":"Products","item":"https:\/\/www.koupeltech.com\/index.php\/products\/"},{"@type":"ListItem","position":3,"name":"Zna\u010dkov\u00fd Koupelnov\u00e1 sk\u0159\u00ed\u0148ka s umyvadlem Naturel Stilla 80x60x45 cm ka\u0161m\u00edr mat STILLADK08057U2"}]},{"@type":"WebSite","@id":"https:\/\/www.koupeltech.com\/#website","url":"https:\/\/www.koupeltech.com\/","name":"","description":"","potentialAction":[{"@type":"SearchAction","target":{"@type":"EntryPoint","urlTemplate":"https:\/\/www.koupeltech.com\/?s={search_term_string}"},"query-input":{"@type":"PropertyValueSpecification","valueRequired":true,"valueName":"search_term_string"}}],"inLanguage":"cs"}]}},"_links":{"self":[{"href":"https:\/\/www.koupeltech.com\/index.php\/wp-json\/wp\/v2\/product\/13104","targetHints":{"allow":["GET"]}}],"collection":[{"href":"https:\/\/www.koupeltech.com\/index.php\/wp-json\/wp\/v2\/product"}],"about":[{"href":"https:\/\/www.koupeltech.com\/index.php\/wp-json\/wp\/v2\/types\/product"}],"replies":[{"embeddable":true,"href":"https:\/\/www.koupeltech.com\/index.php\/wp-json\/wp\/v2\/comments?post=13104"}],"wp:featuredmedia":[{"embeddable":true,"href":"https:\/\/www.koupeltech.com\/index.php\/wp-json\/wp\/v2\/media\/13204"}],"wp:attachment":[{"href":"https:\/\/www.koupeltech.com\/index.php\/wp-json\/wp\/v2\/media?parent=13104"}],"wp:term":[{"taxonomy":"product_brand","embeddable":true,"href":"https:\/\/www.koupeltech.com\/index.php\/wp-json\/wp\/v2\/product_brand?post=13104"},{"taxonomy":"product_cat","embeddable":true,"href":"https:\/\/www.koupeltech.com\/index.php\/wp-json\/wp\/v2\/product_cat?post=13104"},{"taxonomy":"product_tag","embeddable":true,"href":"https:\/\/www.koupeltech.com\/index.php\/wp-json\/wp\/v2\/product_tag?post=13104"}],"curies":[{"name":"wp","href":"https:\/\/api.w.org\/{rel}","templated":true}]}}