{"id":13162,"date":"2026-04-27T13:57:46","date_gmt":"2026-04-27T13:57:46","guid":{"rendered":""},"modified":"2026-04-27T13:57:46","modified_gmt":"2026-04-27T13:57:46","slug":"haco-srj-3w-lokalni-vetraci-jednotka-s-rekuperaci-nejlepsi-volba-13162","status":"publish","type":"product","link":"https:\/\/www.koupeltech.com\/index.php\/produkt\/haco-srj-3w-lokalni-vetraci-jednotka-s-rekuperaci-nejlepsi-volba-13162\/","title":{"rendered":"HACO SRJ 3W Lok\u00e1ln\u00ed v\u011btrac\u00ed jednotka s rekuperac\u00ed Nejlep\u0161\u00ed Volba"},"content":{"rendered":"<div class=\"ProductDetail-content NoFixImageContainer\" id=\"productDescription\">\n<div class=\"Heading\">\n<h2 class=\"Heading-title\">Popis produktu <span class=''>HACO SRJ 3W Lok\u00e1ln\u00ed v\u011btrac\u00ed jednotka s rekuperac\u00ed<\/span><\/h2>\n<\/p><\/div>\n<div class=\"ProductDetailContent\">\n<p><strong>Lok\u00e1ln\u00ed rekupera\u010dn\u00ed jednotka SRJ 3W p\u0159edstavuje modern\u00ed \u0159e\u0161en\u00ed v\u011btr\u00e1n\u00ed s d\u016frazem na \u00fasporu energie.<\/strong> Zaji\u0161\u0165uje p\u0159\u00edvod \u010derstv\u00e9ho vzduchu do interi\u00e9ru bez zbyte\u010dn\u00fdch tepeln\u00fdch ztr\u00e1t, co\u017e ji \u010din\u00ed ide\u00e1ln\u00ed volbou pro n\u00edzkoenergetick\u00e9 a pasivn\u00ed domy. D\u00edky pokro\u010dil\u00e9 filtraci odstra\u0148uje ze vzduchu prach, pyl a dal\u0161\u00ed ne\u010distoty, \u010d\u00edm\u017e p\u0159isp\u00edv\u00e1 k \u010dist\u011bj\u0161\u00edmu a zdrav\u011bj\u0161\u00edmu vnit\u0159n\u00edmu prost\u0159ed\u00ed. Sou\u010dasn\u011b br\u00e1n\u00ed vzniku pl\u00edsn\u00ed a alergen\u016f. Efektivn\u00ed rekuperace tepla umo\u017e\u0148uje vyu\u017e\u00edt energii z odv\u00e1d\u011bn\u00e9ho vzduchu k oh\u0159evu vzduchu p\u0159iv\u00e1d\u011bn\u00e9ho, \u010d\u00edm\u017e v\u00fdrazn\u011b sni\u017euje tepeln\u00e9 ztr\u00e1ty p\u0159i v\u011btr\u00e1n\u00ed.<\/p>\n<ul>\n<li><strong>Snadn\u00e1 instalace z interi\u00e9ru<\/strong>&nbsp;&#8211; Mont\u00e1\u017e bez pot\u0159eby le\u0161en\u00ed \u010di extern\u00edho p\u0159\u00edstupu \u2013 ide\u00e1ln\u00ed i pro vy\u0161\u0161\u00ed patra.<\/li>\n<li><strong>Vysok\u00e1 \u00fa\u010dinnost rekuperace a\u017e 97\u202f%<\/strong>&nbsp;&#8211; Maxim\u00e1ln\u00ed \u00faspora energie d\u00edky keramick\u00e9mu v\u00fdm\u011bn\u00edku tepla a \u00fa\u010dinn\u00e9 filtraci p\u0159iv\u00e1d\u011bn\u00e9ho vzduchu.<\/li>\n<li><strong>Tich\u00fd provoz<\/strong>&nbsp;&#8211; Hlu\u010dnost v b\u011b\u017en\u00e9m re\u017eimu &lt;\u202f13\u202fdBA, v re\u017eimu Booster &lt;\u202f32\u202fdBA \u2013 neru\u0161\u00ed ani p\u0159i no\u010dn\u00edm provozu.<\/li>\n<li><strong>Keramick\u00fd v\u00fdm\u011bn\u00edk s antibakteri\u00e1ln\u00ed \u00fapravou<\/strong>&nbsp;&#8211; Zaji\u0161\u0165uje hygienick\u00fd provoz, dlouhou \u017eivotnost a je podpo\u0159en <strong>10letou z\u00e1rukou<\/strong>.<\/li>\n<li><strong>Nastaviteln\u00e9 v\u011btr\u00e1n\u00ed ve t\u0159ech \u00farovn\u00edch<\/strong>&nbsp;&#8211; Pr\u016ftok vzduchu 26 \u2013 64 m\u00b3\/h podle aktu\u00e1ln\u00ed pot\u0159eby.<\/li>\n<li><strong>T\u0159i provozn\u00ed re\u017eimy<\/strong>&nbsp;&#8211; Pouze p\u0159\u00edvod \u010derstv\u00e9ho vzduchu,&nbsp;pouze odtah vzduchu,&nbsp;st\u0159\u00eddav\u00fd<\/li>\n<li><strong>St\u0159\u00eddav\u00fd re\u017eim s rekuperac\u00ed<\/strong> (cyklus 75\u202fs): automatick\u00e9 p\u0159ep\u00edn\u00e1n\u00ed p\u0159\u00edvod\/odtah se zp\u011btn\u00fdm z\u00edsk\u00e1v\u00e1n\u00edm tepla<\/li>\n<li><strong>Ide\u00e1ln\u00ed pro m\u00edstnosti do 50 m\u00b2<\/strong>&nbsp;&#8211; Ur\u010deno k instalaci p\u0159es obvodovou st\u011bnu \u2013 bez nutnosti slo\u017eit\u00e9ho rozvodu.<\/li>\n<li><strong>Modern\u00ed ovl\u00e1d\u00e1n\u00ed<\/strong>&nbsp;&#8211; P\u0159ipojen\u00ed na 240\u202fV s mo\u017enost\u00ed d\u00e1lkov\u00e9ho ovl\u00e1d\u00e1n\u00ed nebo ovl\u00e1d\u00e1n\u00ed p\u0159es mobiln\u00ed aplikaci (smartphone).<\/li>\n<li><strong>Flexibiln\u00ed pou\u017eit\u00ed podle pot\u0159eb dom\u00e1cnosti<\/strong>&nbsp;&#8211; Mo\u017enost instalace jedn\u00e9 jednotky, p\u00e1ru jednotek nebo v\u00edce p\u00e1r\u016f pro v\u011btr\u00e1n\u00ed v\u00edce m\u00edstnost\u00ed.<\/li>\n<\/ul>\n<h3>Technick\u00e9 parametry<\/h3>\n<table class=\"specs-bnp\">\n<thead>\n<tr>\n<th>Parametr<\/th>\n<th>Hodnota<\/th>\n<\/tr>\n<\/thead>\n<tbody>\n<tr>\n<th scope=\"row\">Model<\/th>\n<td>SRJ 3W<\/td>\n<\/tr>\n<tr>\n<th scope=\"row\">V\u00fdkonov\u00fd stupe\u0148<\/th>\n<td>I \/ II \/ III<\/td>\n<\/tr>\n<tr>\n<th scope=\"row\">Nap\u011bt\u00ed [V]<\/th>\n<td>240 V \/ 50\u201360 Hz<\/td>\n<\/tr>\n<tr>\n<th scope=\"row\">P\u0159\u00edkon [W]<\/th>\n<td>5,9 \/ 8,8 \/ 11,3<\/td>\n<\/tr>\n<tr>\n<th scope=\"row\">Proud [A]<\/th>\n<td>0,03 \/ 0,05 \/ 0,06<\/td>\n<\/tr>\n<tr>\n<th scope=\"row\">D\u00e1lkov\u00e9 ovl\u00e1d\u00e1n\u00ed<\/th>\n<td>ANO<\/td>\n<\/tr>\n<tr>\n<th scope=\"row\">WiFi p\u0159ipojen\u00ed<\/th>\n<td>2,4 GHz, ANO<\/td>\n<\/tr>\n<tr>\n<th scope=\"row\">Aplikace pro smartphone<\/th>\n<td>ANO<\/td>\n<\/tr>\n<tr>\n<th scope=\"row\">\u010cidlo vstupn\u00ed teploty<\/th>\n<td>NE<\/td>\n<\/tr>\n<tr>\n<th scope=\"row\">Objemov\u00fd v\u00fdkon pro samostatn\u00e9 s\u00e1n\u00ed\/v\u00fdfuk [m\u00b3\/h]<\/th>\n<td>26 \/ 55 \/ 64* (nutn\u00e9 2 jednotky pro p\u0159\u00ed\u010dn\u011b v\u011btran\u00fd prostor)<\/td>\n<\/tr>\n<tr>\n<th scope=\"row\">Objemov\u00fd v\u00fdkon pro regenera\u010dn\u00ed re\u017eim [m\u00b3\/h]<\/th>\n<td>14 \/ 27 \/ 32<\/td>\n<\/tr>\n<tr>\n<th scope=\"row\">SFP &#8211; specifick\u00fd p\u0159\u00edkon ventil\u00e1toru [W\/m\u00b3\/h]<\/th>\n<td>0,43 \/ 0,31 \/ 0,35<\/td>\n<\/tr>\n<tr>\n<th scope=\"row\">Hladina akustick\u00e9ho tlaku 1 m [dB(A)]<\/th>\n<td>28 \/ 32,9 \/ 36,7<\/td>\n<\/tr>\n<tr>\n<th scope=\"row\">Hladina akustick\u00e9ho tlaku 3 m [dB(A)]<\/th>\n<td>12 \/ 27,5 \/ 31,9<\/td>\n<\/tr>\n<tr>\n<th scope=\"row\">\u00da\u010dinnost zp\u011btn\u00e9ho z\u00edsk\u00e1n\u00ed tepla<\/th>\n<td>a\u017e 97%<\/td>\n<\/tr>\n<tr>\n<th scope=\"row\">SEC &#8211; t\u0159\u00edda energetick\u00e9 \u00fa\u010dinnosti<\/th>\n<td>Class A<\/td>\n<\/tr>\n<tr>\n<th scope=\"row\">\u00da\u010dinnost filtrace<\/th>\n<td>G3 (mo\u017enost roz\u0161\u00ed\u0159it na F7)<\/td>\n<\/tr>\n<tr>\n<th scope=\"row\">Rozsah pracovn\u00edch teplot [\u00b0C]<\/th>\n<td>-20 a\u017e +50<\/td>\n<\/tr>\n<tr>\n<th scope=\"row\">T\u0159\u00edda ochrany proti vlhkosti<\/th>\n<td>IP X2<\/td>\n<\/tr>\n<tr>\n<th scope=\"row\">Max. ot\u00e1\u010dky [min\u207b\u00b9]<\/th>\n<td>2000<\/td>\n<\/tr>\n<tr>\n<th scope=\"row\">Min. pr\u016fm\u011br prostupu [mm]<\/th>\n<td>170<\/td>\n<\/tr>\n<tr>\n<th scope=\"row\">Standardn\u00ed s\u00edla st\u011bny [mm]<\/th>\n<td>335\u2013600<\/td>\n<\/tr>\n<tr>\n<th scope=\"row\">Typ instalace<\/th>\n<td>N\u00e1st\u011bnn\u00e1<\/td>\n<\/tr>\n<tr>\n<th scope=\"row\">Hmotnost [kg]<\/th>\n<td>4,0<\/td>\n<\/tr>\n<\/tbody>\n<\/table>\n<p>*Mus\u00ed b\u00fdt pou\u017eity 2 jednotky pro p\u0159\u00ed\u010dn\u011b v\u011btran\u00fd prostor<\/p>\n<\/p><\/div>\n<div class=\"ProductDetailContent\">                                                                    <\/div>\n<\/p><\/div>\n<\/p><\/div>\n<\/p><\/div>\n","protected":false},"excerpt":{"rendered":"<p>Popis produktu HACO SRJ 3W Lok\u00e1ln\u00ed v\u011btrac\u00ed jednotka s rekuperac\u00ed Lok\u00e1ln\u00ed rekupera\u010dn\u00ed jednotka SRJ 3W p\u0159edstavuje modern\u00ed \u0159e\u0161en\u00ed v\u011btr\u00e1n\u00ed s d\u016frazem na \u00fasporu energie. Zaji\u0161\u0165uje p\u0159\u00edvod \u010derstv\u00e9ho vzduchu do interi\u00e9ru bez zbyte\u010dn\u00fdch tepeln\u00fdch ztr\u00e1t, co\u017e ji \u010din\u00ed ide\u00e1ln\u00ed volbou pro n\u00edzkoenergetick\u00e9 a pasivn\u00ed domy. D\u00edky pokro\u010dil\u00e9 filtraci odstra\u0148uje ze vzduchu prach, pyl a dal\u0161\u00ed ne\u010distoty, [&hellip;]<\/p>\n","protected":false},"featured_media":13262,"comment_status":"open","ping_status":"open","template":"","meta":[],"product_brand":[],"product_cat":[80],"product_tag":[],"class_list":{"0":"post-13162","1":"product","2":"type-product","3":"status-publish","4":"has-post-thumbnail","6":"product_cat-rekuperace-vzduchu-a-vody-vetrani","8":"first","9":"instock","10":"sale","11":"shipping-taxable","12":"purchasable","13":"product-type-simple"},"yoast_head":"<!-- This site is optimized with the Yoast SEO plugin v26.8 - https:\/\/yoast.com\/product\/yoast-seo-wordpress\/ -->\n<title>HACO SRJ 3W Lok\u00e1ln\u00ed v\u011btrac\u00ed jednotka s rekuperac\u00ed Nejlep\u0161\u00ed Volba -<\/title>\n<meta name=\"robots\" content=\"index, follow, max-snippet:-1, max-image-preview:large, max-video-preview:-1\" \/>\n<link rel=\"canonical\" href=\"https:\/\/www.koupeltech.com\/index.php\/produkt\/haco-srj-3w-lokalni-vetraci-jednotka-s-rekuperaci-nejlepsi-volba-13162\/\" \/>\n<meta property=\"og:locale\" content=\"cs_CZ\" \/>\n<meta property=\"og:type\" content=\"article\" \/>\n<meta property=\"og:title\" content=\"HACO SRJ 3W Lok\u00e1ln\u00ed v\u011btrac\u00ed jednotka s rekuperac\u00ed Nejlep\u0161\u00ed Volba -\" \/>\n<meta property=\"og:description\" content=\"Popis produktu HACO SRJ 3W Lok\u00e1ln\u00ed v\u011btrac\u00ed jednotka s rekuperac\u00ed Lok\u00e1ln\u00ed rekupera\u010dn\u00ed jednotka SRJ 3W p\u0159edstavuje modern\u00ed \u0159e\u0161en\u00ed v\u011btr\u00e1n\u00ed s d\u016frazem na \u00fasporu energie. Zaji\u0161\u0165uje p\u0159\u00edvod \u010derstv\u00e9ho vzduchu do interi\u00e9ru bez zbyte\u010dn\u00fdch tepeln\u00fdch ztr\u00e1t, co\u017e ji \u010din\u00ed ide\u00e1ln\u00ed volbou pro n\u00edzkoenergetick\u00e9 a pasivn\u00ed domy. D\u00edky pokro\u010dil\u00e9 filtraci odstra\u0148uje ze vzduchu prach, pyl a dal\u0161\u00ed ne\u010distoty, [&hellip;]\" \/>\n<meta property=\"og:url\" content=\"https:\/\/www.koupeltech.com\/index.php\/produkt\/haco-srj-3w-lokalni-vetraci-jednotka-s-rekuperaci-nejlepsi-volba-13162\/\" \/>\n<meta property=\"og:image\" content=\"https:\/\/www.koupeltech.com\/wp-content\/uploads\/2026\/SK0024141-CZ20260425-092632-0-1777080397-haco-srj-3w-lokalni-vetraci-jednotka-s-rekuperaci-1008641.w.webp\" \/>\n\t<meta property=\"og:image:width\" content=\"600\" \/>\n\t<meta property=\"og:image:height\" content=\"450\" \/>\n\t<meta property=\"og:image:type\" content=\"image\/webp\" \/>\n<meta name=\"twitter:card\" content=\"summary_large_image\" \/>\n<meta name=\"twitter:label1\" content=\"Odhadovan\u00e1 doba \u010dten\u00ed\" \/>\n\t<meta name=\"twitter:data1\" content=\"3 minuty\" \/>\n<script type=\"application\/ld+json\" class=\"yoast-schema-graph\">{\"@context\":\"https:\/\/schema.org\",\"@graph\":[{\"@type\":\"WebPage\",\"@id\":\"https:\/\/www.koupeltech.com\/index.php\/produkt\/haco-srj-3w-lokalni-vetraci-jednotka-s-rekuperaci-nejlepsi-volba-13162\/\",\"url\":\"https:\/\/www.koupeltech.com\/index.php\/produkt\/haco-srj-3w-lokalni-vetraci-jednotka-s-rekuperaci-nejlepsi-volba-13162\/\",\"name\":\"HACO SRJ 3W Lok\u00e1ln\u00ed v\u011btrac\u00ed jednotka s rekuperac\u00ed Nejlep\u0161\u00ed Volba -\",\"isPartOf\":{\"@id\":\"https:\/\/www.koupeltech.com\/#website\"},\"primaryImageOfPage\":{\"@id\":\"https:\/\/www.koupeltech.com\/index.php\/produkt\/haco-srj-3w-lokalni-vetraci-jednotka-s-rekuperaci-nejlepsi-volba-13162\/#primaryimage\"},\"image\":{\"@id\":\"https:\/\/www.koupeltech.com\/index.php\/produkt\/haco-srj-3w-lokalni-vetraci-jednotka-s-rekuperaci-nejlepsi-volba-13162\/#primaryimage\"},\"thumbnailUrl\":\"https:\/\/www.koupeltech.com\/wp-content\/uploads\/2026\/SK0024141-CZ20260425-092632-0-1777080397-haco-srj-3w-lokalni-vetraci-jednotka-s-rekuperaci-1008641.w.webp\",\"datePublished\":\"2026-04-27T13:57:46+00:00\",\"breadcrumb\":{\"@id\":\"https:\/\/www.koupeltech.com\/index.php\/produkt\/haco-srj-3w-lokalni-vetraci-jednotka-s-rekuperaci-nejlepsi-volba-13162\/#breadcrumb\"},\"inLanguage\":\"cs\",\"potentialAction\":[{\"@type\":\"ReadAction\",\"target\":[\"https:\/\/www.koupeltech.com\/index.php\/produkt\/haco-srj-3w-lokalni-vetraci-jednotka-s-rekuperaci-nejlepsi-volba-13162\/\"]}]},{\"@type\":\"ImageObject\",\"inLanguage\":\"cs\",\"@id\":\"https:\/\/www.koupeltech.com\/index.php\/produkt\/haco-srj-3w-lokalni-vetraci-jednotka-s-rekuperaci-nejlepsi-volba-13162\/#primaryimage\",\"url\":\"https:\/\/www.koupeltech.com\/wp-content\/uploads\/2026\/SK0024141-CZ20260425-092632-0-1777080397-haco-srj-3w-lokalni-vetraci-jednotka-s-rekuperaci-1008641.w.webp\",\"contentUrl\":\"https:\/\/www.koupeltech.com\/wp-content\/uploads\/2026\/SK0024141-CZ20260425-092632-0-1777080397-haco-srj-3w-lokalni-vetraci-jednotka-s-rekuperaci-1008641.w.webp\",\"width\":600,\"height\":450},{\"@type\":\"BreadcrumbList\",\"@id\":\"https:\/\/www.koupeltech.com\/index.php\/produkt\/haco-srj-3w-lokalni-vetraci-jednotka-s-rekuperaci-nejlepsi-volba-13162\/#breadcrumb\",\"itemListElement\":[{\"@type\":\"ListItem\",\"position\":1,\"name\":\"Home\",\"item\":\"https:\/\/www.koupeltech.com\/\"},{\"@type\":\"ListItem\",\"position\":2,\"name\":\"Products\",\"item\":\"https:\/\/www.koupeltech.com\/index.php\/products\/\"},{\"@type\":\"ListItem\",\"position\":3,\"name\":\"HACO SRJ 3W Lok\u00e1ln\u00ed v\u011btrac\u00ed jednotka s rekuperac\u00ed Nejlep\u0161\u00ed Volba\"}]},{\"@type\":\"WebSite\",\"@id\":\"https:\/\/www.koupeltech.com\/#website\",\"url\":\"https:\/\/www.koupeltech.com\/\",\"name\":\"\",\"description\":\"\",\"potentialAction\":[{\"@type\":\"SearchAction\",\"target\":{\"@type\":\"EntryPoint\",\"urlTemplate\":\"https:\/\/www.koupeltech.com\/?s={search_term_string}\"},\"query-input\":{\"@type\":\"PropertyValueSpecification\",\"valueRequired\":true,\"valueName\":\"search_term_string\"}}],\"inLanguage\":\"cs\"}]}<\/script>\n<!-- \/ Yoast SEO plugin. -->","yoast_head_json":{"title":"HACO SRJ 3W Lok\u00e1ln\u00ed v\u011btrac\u00ed jednotka s rekuperac\u00ed Nejlep\u0161\u00ed Volba -","robots":{"index":"index","follow":"follow","max-snippet":"max-snippet:-1","max-image-preview":"max-image-preview:large","max-video-preview":"max-video-preview:-1"},"canonical":"https:\/\/www.koupeltech.com\/index.php\/produkt\/haco-srj-3w-lokalni-vetraci-jednotka-s-rekuperaci-nejlepsi-volba-13162\/","og_locale":"cs_CZ","og_type":"article","og_title":"HACO SRJ 3W Lok\u00e1ln\u00ed v\u011btrac\u00ed jednotka s rekuperac\u00ed Nejlep\u0161\u00ed Volba -","og_description":"Popis produktu HACO SRJ 3W Lok\u00e1ln\u00ed v\u011btrac\u00ed jednotka s rekuperac\u00ed Lok\u00e1ln\u00ed rekupera\u010dn\u00ed jednotka SRJ 3W p\u0159edstavuje modern\u00ed \u0159e\u0161en\u00ed v\u011btr\u00e1n\u00ed s d\u016frazem na \u00fasporu energie. Zaji\u0161\u0165uje p\u0159\u00edvod \u010derstv\u00e9ho vzduchu do interi\u00e9ru bez zbyte\u010dn\u00fdch tepeln\u00fdch ztr\u00e1t, co\u017e ji \u010din\u00ed ide\u00e1ln\u00ed volbou pro n\u00edzkoenergetick\u00e9 a pasivn\u00ed domy. D\u00edky pokro\u010dil\u00e9 filtraci odstra\u0148uje ze vzduchu prach, pyl a dal\u0161\u00ed ne\u010distoty, [&hellip;]","og_url":"https:\/\/www.koupeltech.com\/index.php\/produkt\/haco-srj-3w-lokalni-vetraci-jednotka-s-rekuperaci-nejlepsi-volba-13162\/","og_image":[{"width":600,"height":450,"url":"https:\/\/www.koupeltech.com\/wp-content\/uploads\/2026\/SK0024141-CZ20260425-092632-0-1777080397-haco-srj-3w-lokalni-vetraci-jednotka-s-rekuperaci-1008641.w.webp","type":"image\/webp"}],"twitter_card":"summary_large_image","twitter_misc":{"Odhadovan\u00e1 doba \u010dten\u00ed":"3 minuty"},"schema":{"@context":"https:\/\/schema.org","@graph":[{"@type":"WebPage","@id":"https:\/\/www.koupeltech.com\/index.php\/produkt\/haco-srj-3w-lokalni-vetraci-jednotka-s-rekuperaci-nejlepsi-volba-13162\/","url":"https:\/\/www.koupeltech.com\/index.php\/produkt\/haco-srj-3w-lokalni-vetraci-jednotka-s-rekuperaci-nejlepsi-volba-13162\/","name":"HACO SRJ 3W Lok\u00e1ln\u00ed v\u011btrac\u00ed jednotka s rekuperac\u00ed Nejlep\u0161\u00ed Volba -","isPartOf":{"@id":"https:\/\/www.koupeltech.com\/#website"},"primaryImageOfPage":{"@id":"https:\/\/www.koupeltech.com\/index.php\/produkt\/haco-srj-3w-lokalni-vetraci-jednotka-s-rekuperaci-nejlepsi-volba-13162\/#primaryimage"},"image":{"@id":"https:\/\/www.koupeltech.com\/index.php\/produkt\/haco-srj-3w-lokalni-vetraci-jednotka-s-rekuperaci-nejlepsi-volba-13162\/#primaryimage"},"thumbnailUrl":"https:\/\/www.koupeltech.com\/wp-content\/uploads\/2026\/SK0024141-CZ20260425-092632-0-1777080397-haco-srj-3w-lokalni-vetraci-jednotka-s-rekuperaci-1008641.w.webp","datePublished":"2026-04-27T13:57:46+00:00","breadcrumb":{"@id":"https:\/\/www.koupeltech.com\/index.php\/produkt\/haco-srj-3w-lokalni-vetraci-jednotka-s-rekuperaci-nejlepsi-volba-13162\/#breadcrumb"},"inLanguage":"cs","potentialAction":[{"@type":"ReadAction","target":["https:\/\/www.koupeltech.com\/index.php\/produkt\/haco-srj-3w-lokalni-vetraci-jednotka-s-rekuperaci-nejlepsi-volba-13162\/"]}]},{"@type":"ImageObject","inLanguage":"cs","@id":"https:\/\/www.koupeltech.com\/index.php\/produkt\/haco-srj-3w-lokalni-vetraci-jednotka-s-rekuperaci-nejlepsi-volba-13162\/#primaryimage","url":"https:\/\/www.koupeltech.com\/wp-content\/uploads\/2026\/SK0024141-CZ20260425-092632-0-1777080397-haco-srj-3w-lokalni-vetraci-jednotka-s-rekuperaci-1008641.w.webp","contentUrl":"https:\/\/www.koupeltech.com\/wp-content\/uploads\/2026\/SK0024141-CZ20260425-092632-0-1777080397-haco-srj-3w-lokalni-vetraci-jednotka-s-rekuperaci-1008641.w.webp","width":600,"height":450},{"@type":"BreadcrumbList","@id":"https:\/\/www.koupeltech.com\/index.php\/produkt\/haco-srj-3w-lokalni-vetraci-jednotka-s-rekuperaci-nejlepsi-volba-13162\/#breadcrumb","itemListElement":[{"@type":"ListItem","position":1,"name":"Home","item":"https:\/\/www.koupeltech.com\/"},{"@type":"ListItem","position":2,"name":"Products","item":"https:\/\/www.koupeltech.com\/index.php\/products\/"},{"@type":"ListItem","position":3,"name":"HACO SRJ 3W Lok\u00e1ln\u00ed v\u011btrac\u00ed jednotka s rekuperac\u00ed Nejlep\u0161\u00ed Volba"}]},{"@type":"WebSite","@id":"https:\/\/www.koupeltech.com\/#website","url":"https:\/\/www.koupeltech.com\/","name":"","description":"","potentialAction":[{"@type":"SearchAction","target":{"@type":"EntryPoint","urlTemplate":"https:\/\/www.koupeltech.com\/?s={search_term_string}"},"query-input":{"@type":"PropertyValueSpecification","valueRequired":true,"valueName":"search_term_string"}}],"inLanguage":"cs"}]}},"_links":{"self":[{"href":"https:\/\/www.koupeltech.com\/index.php\/wp-json\/wp\/v2\/product\/13162","targetHints":{"allow":["GET"]}}],"collection":[{"href":"https:\/\/www.koupeltech.com\/index.php\/wp-json\/wp\/v2\/product"}],"about":[{"href":"https:\/\/www.koupeltech.com\/index.php\/wp-json\/wp\/v2\/types\/product"}],"replies":[{"embeddable":true,"href":"https:\/\/www.koupeltech.com\/index.php\/wp-json\/wp\/v2\/comments?post=13162"}],"wp:featuredmedia":[{"embeddable":true,"href":"https:\/\/www.koupeltech.com\/index.php\/wp-json\/wp\/v2\/media\/13262"}],"wp:attachment":[{"href":"https:\/\/www.koupeltech.com\/index.php\/wp-json\/wp\/v2\/media?parent=13162"}],"wp:term":[{"taxonomy":"product_brand","embeddable":true,"href":"https:\/\/www.koupeltech.com\/index.php\/wp-json\/wp\/v2\/product_brand?post=13162"},{"taxonomy":"product_cat","embeddable":true,"href":"https:\/\/www.koupeltech.com\/index.php\/wp-json\/wp\/v2\/product_cat?post=13162"},{"taxonomy":"product_tag","embeddable":true,"href":"https:\/\/www.koupeltech.com\/index.php\/wp-json\/wp\/v2\/product_tag?post=13162"}],"curies":[{"name":"wp","href":"https:\/\/api.w.org\/{rel}","templated":true}]}}