{"id":13538,"date":"2026-04-27T13:57:50","date_gmt":"2026-04-27T13:57:50","guid":{"rendered":""},"modified":"2026-04-27T13:57:50","modified_gmt":"2026-04-27T13:57:50","slug":"akce-polysan-banera-oval-umyvadlo-na-desku-lity-mramor-60x40cm-bila-bezova-mat-13538","status":"publish","type":"product","link":"https:\/\/www.koupeltech.com\/index.php\/produkt\/akce-polysan-banera-oval-umyvadlo-na-desku-lity-mramor-60x40cm-bila-bezova-mat-13538\/","title":{"rendered":"Akce Polysan BANERA OVAL umyvadlo na desku, lit\u00fd mramor, 60x40cm, b\u00edl\u00e1\/b\u00e9\u017eov\u00e1 mat"},"content":{"rendered":"<div class=\"ProductDetail-content NoFixImageContainer\" id=\"productDescription\">\n<div class=\"Heading\">\n<h2 class=\"Heading-title\">Popis produktu <span class=''>Polysan BANERA OVAL umyvadlo na desku, lit\u00fd mramor, 60x40cm, b\u00edl\u00e1\/b\u00e9\u017eov\u00e1 mat<\/span><\/h2>\n<\/p><\/div>\n<div class=\"ProductDetailContent\">\n<ul>\n<li>Rozm\u011br: 60&#215;14,5&#215;40 cm<\/li>\n<li>\u0160\u00ed\u0159ka: 600 mm<\/li>\n<li>V\u00fd\u0161ka: 145 mm<\/li>\n<li>Hloubka: 400 mm<\/li>\n<li>Barva: B\u00edl\u00e1\/b\u00e9\u017eov\u00e1<\/li>\n<li>Materi\u00e1l: Lit\u00fd mramor<\/li>\n<li>Instalace: K postaven\u00ed<\/li>\n<li>Typ umyvadla: Umyvadlo na desku<\/li>\n<li>Otvor pro baterii: Bez otvoru<\/li>\n<li>P\u0159epad: Ne<\/li>\n<li>Tvar: Ov\u00e1l\/Elipsa<\/li>\n<li>Hmotnost \/ ks: 13,59 kg<\/li>\n<li>Balen\u00ed: 1 ks<\/li>\n<li>Z\u00e1ruka: 2 roky<\/li>\n<\/ul>\n<p style=\"text-align:justify\"><strong>UNITY CONCEPT<\/strong> je unik\u00e1tn\u00ed kolekce, kter\u00e1 p\u0159in\u00e1\u0161\u00ed harmonii a&nbsp;eleganci do Va\u0161\u00ed koupelny d\u00edky sjednocen\u00ed materi\u00e1l\u016f ve \u010dty\u0159ech p\u0159\u00edjemn\u00fdch zemit\u00fdch barv\u00e1ch. Tato kolekce, navr\u017eena pro maxim\u00e1ln\u00ed estetickou a&nbsp;funk\u010dn\u00ed integraci, umo\u017en\u00ed vytvo\u0159it dokonale slad\u011bn\u00fd prostor, kter\u00fd spojuje modern\u00ed design s&nbsp;p\u0159\u00edrodn\u00edmi t\u00f3ny pro relaxa\u010dn\u00ed a&nbsp;vyv\u00e1\u017een\u00fd z\u00e1\u017eitek. U&nbsp;umyvadel a&nbsp;van je na v\u00fdb\u011br stylov\u00e1 celobarevn\u00e1 varianta MONOCOLOR nebo praktick\u00e1 dvoubarevn\u00e1 verze DUALCOLOR.<\/p>\n<ul>\n<li style=\"text-align:justify\">MONOCOLOR \u2013 matn\u00e1 barva, design, styl<\/li>\n<li style=\"text-align:justify\">DUALCOLOR \u2013 matn\u00fd vn\u011bj\u0161\u00ed pl\u00e1\u0161\u0165, leskl\u00fd vnit\u0159n\u00ed prostor, prakti\u010dnost, \u00fadr\u017eba<\/li>\n<\/ul>\n<p style=\"text-align:justify\">V\u0161echny produkty jsou vyrobeny z&nbsp;lit\u00e9ho mramoru s&nbsp;povrchem Gelcoat, kter\u00fd kombinuje p\u0159\u00edjemn\u00fd vzhled s&nbsp;vysokou odolnost\u00ed a&nbsp;nab\u00edz\u00ed matn\u00e9 nebo leskl\u00e9 proveden\u00ed.<\/p>\n<\/p><\/div>\n<div class=\"ProductDetailContent\">                                                                    <\/div>\n<\/p><\/div>\n<\/p><\/div>\n<\/p><\/div>\n","protected":false},"excerpt":{"rendered":"<p>Popis produktu Polysan BANERA OVAL umyvadlo na desku, lit\u00fd mramor, 60x40cm, b\u00edl\u00e1\/b\u00e9\u017eov\u00e1 mat Rozm\u011br: 60&#215;14,5&#215;40 cm \u0160\u00ed\u0159ka: 600 mm V\u00fd\u0161ka: 145 mm Hloubka: 400 mm Barva: B\u00edl\u00e1\/b\u00e9\u017eov\u00e1 Materi\u00e1l: Lit\u00fd mramor Instalace: K postaven\u00ed Typ umyvadla: Umyvadlo na desku Otvor pro baterii: Bez otvoru P\u0159epad: Ne Tvar: Ov\u00e1l\/Elipsa Hmotnost \/ ks: 13,59 kg Balen\u00ed: 1 ks [&hellip;]<\/p>\n","protected":false},"featured_media":13638,"comment_status":"open","ping_status":"open","template":"","meta":[],"product_brand":[],"product_cat":[77],"product_tag":[],"class_list":{"0":"post-13538","1":"product","2":"type-product","3":"status-publish","4":"has-post-thumbnail","6":"product_cat-koupelny","8":"first","9":"instock","10":"sale","11":"shipping-taxable","12":"purchasable","13":"product-type-simple"},"yoast_head":"<!-- This site is optimized with the Yoast SEO plugin v26.8 - https:\/\/yoast.com\/product\/yoast-seo-wordpress\/ -->\n<title>Akce Polysan BANERA OVAL umyvadlo na desku, lit\u00fd mramor, 60x40cm, b\u00edl\u00e1\/b\u00e9\u017eov\u00e1 mat -<\/title>\n<meta name=\"robots\" content=\"index, follow, max-snippet:-1, max-image-preview:large, max-video-preview:-1\" \/>\n<link rel=\"canonical\" href=\"https:\/\/www.koupeltech.com\/index.php\/produkt\/akce-polysan-banera-oval-umyvadlo-na-desku-lity-mramor-60x40cm-bila-bezova-mat-13538\/\" \/>\n<meta property=\"og:locale\" content=\"cs_CZ\" \/>\n<meta property=\"og:type\" content=\"article\" \/>\n<meta property=\"og:title\" content=\"Akce Polysan BANERA OVAL umyvadlo na desku, lit\u00fd mramor, 60x40cm, b\u00edl\u00e1\/b\u00e9\u017eov\u00e1 mat -\" \/>\n<meta property=\"og:description\" content=\"Popis produktu Polysan BANERA OVAL umyvadlo na desku, lit\u00fd mramor, 60x40cm, b\u00edl\u00e1\/b\u00e9\u017eov\u00e1 mat Rozm\u011br: 60&#215;14,5&#215;40 cm \u0160\u00ed\u0159ka: 600 mm V\u00fd\u0161ka: 145 mm Hloubka: 400 mm Barva: B\u00edl\u00e1\/b\u00e9\u017eov\u00e1 Materi\u00e1l: Lit\u00fd mramor Instalace: K postaven\u00ed Typ umyvadla: Umyvadlo na desku Otvor pro baterii: Bez otvoru P\u0159epad: Ne Tvar: Ov\u00e1l\/Elipsa Hmotnost \/ ks: 13,59 kg Balen\u00ed: 1 ks [&hellip;]\" \/>\n<meta property=\"og:url\" content=\"https:\/\/www.koupeltech.com\/index.php\/produkt\/akce-polysan-banera-oval-umyvadlo-na-desku-lity-mramor-60x40cm-bila-bezova-mat-13538\/\" \/>\n<meta property=\"og:image\" content=\"https:\/\/www.koupeltech.com\/wp-content\/uploads\/2026\/SK0024347-CZ20260425-092632-0-1777080397-polysan-banera-oval-umyvadlo-na-desku-lity-mramor-60x40cm-b.webp\" \/>\n\t<meta property=\"og:image:width\" content=\"600\" \/>\n\t<meta property=\"og:image:height\" content=\"414\" \/>\n\t<meta property=\"og:image:type\" content=\"image\/webp\" \/>\n<meta name=\"twitter:card\" content=\"summary_large_image\" \/>\n<meta name=\"twitter:label1\" content=\"Odhadovan\u00e1 doba \u010dten\u00ed\" \/>\n\t<meta name=\"twitter:data1\" content=\"1 minuta\" \/>\n<script type=\"application\/ld+json\" class=\"yoast-schema-graph\">{\"@context\":\"https:\/\/schema.org\",\"@graph\":[{\"@type\":\"WebPage\",\"@id\":\"https:\/\/www.koupeltech.com\/index.php\/produkt\/akce-polysan-banera-oval-umyvadlo-na-desku-lity-mramor-60x40cm-bila-bezova-mat-13538\/\",\"url\":\"https:\/\/www.koupeltech.com\/index.php\/produkt\/akce-polysan-banera-oval-umyvadlo-na-desku-lity-mramor-60x40cm-bila-bezova-mat-13538\/\",\"name\":\"Akce Polysan BANERA OVAL umyvadlo na desku, lit\u00fd mramor, 60x40cm, b\u00edl\u00e1\/b\u00e9\u017eov\u00e1 mat -\",\"isPartOf\":{\"@id\":\"https:\/\/www.koupeltech.com\/#website\"},\"primaryImageOfPage\":{\"@id\":\"https:\/\/www.koupeltech.com\/index.php\/produkt\/akce-polysan-banera-oval-umyvadlo-na-desku-lity-mramor-60x40cm-bila-bezova-mat-13538\/#primaryimage\"},\"image\":{\"@id\":\"https:\/\/www.koupeltech.com\/index.php\/produkt\/akce-polysan-banera-oval-umyvadlo-na-desku-lity-mramor-60x40cm-bila-bezova-mat-13538\/#primaryimage\"},\"thumbnailUrl\":\"https:\/\/www.koupeltech.com\/wp-content\/uploads\/2026\/SK0024347-CZ20260425-092632-0-1777080397-polysan-banera-oval-umyvadlo-na-desku-lity-mramor-60x40cm-b.webp\",\"datePublished\":\"2026-04-27T13:57:50+00:00\",\"breadcrumb\":{\"@id\":\"https:\/\/www.koupeltech.com\/index.php\/produkt\/akce-polysan-banera-oval-umyvadlo-na-desku-lity-mramor-60x40cm-bila-bezova-mat-13538\/#breadcrumb\"},\"inLanguage\":\"cs\",\"potentialAction\":[{\"@type\":\"ReadAction\",\"target\":[\"https:\/\/www.koupeltech.com\/index.php\/produkt\/akce-polysan-banera-oval-umyvadlo-na-desku-lity-mramor-60x40cm-bila-bezova-mat-13538\/\"]}]},{\"@type\":\"ImageObject\",\"inLanguage\":\"cs\",\"@id\":\"https:\/\/www.koupeltech.com\/index.php\/produkt\/akce-polysan-banera-oval-umyvadlo-na-desku-lity-mramor-60x40cm-bila-bezova-mat-13538\/#primaryimage\",\"url\":\"https:\/\/www.koupeltech.com\/wp-content\/uploads\/2026\/SK0024347-CZ20260425-092632-0-1777080397-polysan-banera-oval-umyvadlo-na-desku-lity-mramor-60x40cm-b.webp\",\"contentUrl\":\"https:\/\/www.koupeltech.com\/wp-content\/uploads\/2026\/SK0024347-CZ20260425-092632-0-1777080397-polysan-banera-oval-umyvadlo-na-desku-lity-mramor-60x40cm-b.webp\",\"width\":600,\"height\":414},{\"@type\":\"BreadcrumbList\",\"@id\":\"https:\/\/www.koupeltech.com\/index.php\/produkt\/akce-polysan-banera-oval-umyvadlo-na-desku-lity-mramor-60x40cm-bila-bezova-mat-13538\/#breadcrumb\",\"itemListElement\":[{\"@type\":\"ListItem\",\"position\":1,\"name\":\"Home\",\"item\":\"https:\/\/www.koupeltech.com\/\"},{\"@type\":\"ListItem\",\"position\":2,\"name\":\"Products\",\"item\":\"https:\/\/www.koupeltech.com\/index.php\/products\/\"},{\"@type\":\"ListItem\",\"position\":3,\"name\":\"Akce Polysan BANERA OVAL umyvadlo na desku, lit\u00fd mramor, 60x40cm, b\u00edl\u00e1\/b\u00e9\u017eov\u00e1 mat\"}]},{\"@type\":\"WebSite\",\"@id\":\"https:\/\/www.koupeltech.com\/#website\",\"url\":\"https:\/\/www.koupeltech.com\/\",\"name\":\"\",\"description\":\"\",\"potentialAction\":[{\"@type\":\"SearchAction\",\"target\":{\"@type\":\"EntryPoint\",\"urlTemplate\":\"https:\/\/www.koupeltech.com\/?s={search_term_string}\"},\"query-input\":{\"@type\":\"PropertyValueSpecification\",\"valueRequired\":true,\"valueName\":\"search_term_string\"}}],\"inLanguage\":\"cs\"}]}<\/script>\n<!-- \/ Yoast SEO plugin. -->","yoast_head_json":{"title":"Akce Polysan BANERA OVAL umyvadlo na desku, lit\u00fd mramor, 60x40cm, b\u00edl\u00e1\/b\u00e9\u017eov\u00e1 mat -","robots":{"index":"index","follow":"follow","max-snippet":"max-snippet:-1","max-image-preview":"max-image-preview:large","max-video-preview":"max-video-preview:-1"},"canonical":"https:\/\/www.koupeltech.com\/index.php\/produkt\/akce-polysan-banera-oval-umyvadlo-na-desku-lity-mramor-60x40cm-bila-bezova-mat-13538\/","og_locale":"cs_CZ","og_type":"article","og_title":"Akce Polysan BANERA OVAL umyvadlo na desku, lit\u00fd mramor, 60x40cm, b\u00edl\u00e1\/b\u00e9\u017eov\u00e1 mat -","og_description":"Popis produktu Polysan BANERA OVAL umyvadlo na desku, lit\u00fd mramor, 60x40cm, b\u00edl\u00e1\/b\u00e9\u017eov\u00e1 mat Rozm\u011br: 60&#215;14,5&#215;40 cm \u0160\u00ed\u0159ka: 600 mm V\u00fd\u0161ka: 145 mm Hloubka: 400 mm Barva: B\u00edl\u00e1\/b\u00e9\u017eov\u00e1 Materi\u00e1l: Lit\u00fd mramor Instalace: K postaven\u00ed Typ umyvadla: Umyvadlo na desku Otvor pro baterii: Bez otvoru P\u0159epad: Ne Tvar: Ov\u00e1l\/Elipsa Hmotnost \/ ks: 13,59 kg Balen\u00ed: 1 ks [&hellip;]","og_url":"https:\/\/www.koupeltech.com\/index.php\/produkt\/akce-polysan-banera-oval-umyvadlo-na-desku-lity-mramor-60x40cm-bila-bezova-mat-13538\/","og_image":[{"width":600,"height":414,"url":"https:\/\/www.koupeltech.com\/wp-content\/uploads\/2026\/SK0024347-CZ20260425-092632-0-1777080397-polysan-banera-oval-umyvadlo-na-desku-lity-mramor-60x40cm-b.webp","type":"image\/webp"}],"twitter_card":"summary_large_image","twitter_misc":{"Odhadovan\u00e1 doba \u010dten\u00ed":"1 minuta"},"schema":{"@context":"https:\/\/schema.org","@graph":[{"@type":"WebPage","@id":"https:\/\/www.koupeltech.com\/index.php\/produkt\/akce-polysan-banera-oval-umyvadlo-na-desku-lity-mramor-60x40cm-bila-bezova-mat-13538\/","url":"https:\/\/www.koupeltech.com\/index.php\/produkt\/akce-polysan-banera-oval-umyvadlo-na-desku-lity-mramor-60x40cm-bila-bezova-mat-13538\/","name":"Akce Polysan BANERA OVAL umyvadlo na desku, lit\u00fd mramor, 60x40cm, b\u00edl\u00e1\/b\u00e9\u017eov\u00e1 mat -","isPartOf":{"@id":"https:\/\/www.koupeltech.com\/#website"},"primaryImageOfPage":{"@id":"https:\/\/www.koupeltech.com\/index.php\/produkt\/akce-polysan-banera-oval-umyvadlo-na-desku-lity-mramor-60x40cm-bila-bezova-mat-13538\/#primaryimage"},"image":{"@id":"https:\/\/www.koupeltech.com\/index.php\/produkt\/akce-polysan-banera-oval-umyvadlo-na-desku-lity-mramor-60x40cm-bila-bezova-mat-13538\/#primaryimage"},"thumbnailUrl":"https:\/\/www.koupeltech.com\/wp-content\/uploads\/2026\/SK0024347-CZ20260425-092632-0-1777080397-polysan-banera-oval-umyvadlo-na-desku-lity-mramor-60x40cm-b.webp","datePublished":"2026-04-27T13:57:50+00:00","breadcrumb":{"@id":"https:\/\/www.koupeltech.com\/index.php\/produkt\/akce-polysan-banera-oval-umyvadlo-na-desku-lity-mramor-60x40cm-bila-bezova-mat-13538\/#breadcrumb"},"inLanguage":"cs","potentialAction":[{"@type":"ReadAction","target":["https:\/\/www.koupeltech.com\/index.php\/produkt\/akce-polysan-banera-oval-umyvadlo-na-desku-lity-mramor-60x40cm-bila-bezova-mat-13538\/"]}]},{"@type":"ImageObject","inLanguage":"cs","@id":"https:\/\/www.koupeltech.com\/index.php\/produkt\/akce-polysan-banera-oval-umyvadlo-na-desku-lity-mramor-60x40cm-bila-bezova-mat-13538\/#primaryimage","url":"https:\/\/www.koupeltech.com\/wp-content\/uploads\/2026\/SK0024347-CZ20260425-092632-0-1777080397-polysan-banera-oval-umyvadlo-na-desku-lity-mramor-60x40cm-b.webp","contentUrl":"https:\/\/www.koupeltech.com\/wp-content\/uploads\/2026\/SK0024347-CZ20260425-092632-0-1777080397-polysan-banera-oval-umyvadlo-na-desku-lity-mramor-60x40cm-b.webp","width":600,"height":414},{"@type":"BreadcrumbList","@id":"https:\/\/www.koupeltech.com\/index.php\/produkt\/akce-polysan-banera-oval-umyvadlo-na-desku-lity-mramor-60x40cm-bila-bezova-mat-13538\/#breadcrumb","itemListElement":[{"@type":"ListItem","position":1,"name":"Home","item":"https:\/\/www.koupeltech.com\/"},{"@type":"ListItem","position":2,"name":"Products","item":"https:\/\/www.koupeltech.com\/index.php\/products\/"},{"@type":"ListItem","position":3,"name":"Akce Polysan BANERA OVAL umyvadlo na desku, lit\u00fd mramor, 60x40cm, b\u00edl\u00e1\/b\u00e9\u017eov\u00e1 mat"}]},{"@type":"WebSite","@id":"https:\/\/www.koupeltech.com\/#website","url":"https:\/\/www.koupeltech.com\/","name":"","description":"","potentialAction":[{"@type":"SearchAction","target":{"@type":"EntryPoint","urlTemplate":"https:\/\/www.koupeltech.com\/?s={search_term_string}"},"query-input":{"@type":"PropertyValueSpecification","valueRequired":true,"valueName":"search_term_string"}}],"inLanguage":"cs"}]}},"_links":{"self":[{"href":"https:\/\/www.koupeltech.com\/index.php\/wp-json\/wp\/v2\/product\/13538","targetHints":{"allow":["GET"]}}],"collection":[{"href":"https:\/\/www.koupeltech.com\/index.php\/wp-json\/wp\/v2\/product"}],"about":[{"href":"https:\/\/www.koupeltech.com\/index.php\/wp-json\/wp\/v2\/types\/product"}],"replies":[{"embeddable":true,"href":"https:\/\/www.koupeltech.com\/index.php\/wp-json\/wp\/v2\/comments?post=13538"}],"wp:featuredmedia":[{"embeddable":true,"href":"https:\/\/www.koupeltech.com\/index.php\/wp-json\/wp\/v2\/media\/13638"}],"wp:attachment":[{"href":"https:\/\/www.koupeltech.com\/index.php\/wp-json\/wp\/v2\/media?parent=13538"}],"wp:term":[{"taxonomy":"product_brand","embeddable":true,"href":"https:\/\/www.koupeltech.com\/index.php\/wp-json\/wp\/v2\/product_brand?post=13538"},{"taxonomy":"product_cat","embeddable":true,"href":"https:\/\/www.koupeltech.com\/index.php\/wp-json\/wp\/v2\/product_cat?post=13538"},{"taxonomy":"product_tag","embeddable":true,"href":"https:\/\/www.koupeltech.com\/index.php\/wp-json\/wp\/v2\/product_tag?post=13538"}],"curies":[{"name":"wp","href":"https:\/\/api.w.org\/{rel}","templated":true}]}}