{"id":13563,"date":"2026-04-27T13:57:50","date_gmt":"2026-04-27T13:57:50","guid":{"rendered":""},"modified":"2026-04-27T13:57:50","modified_gmt":"2026-04-27T13:57:50","slug":"zehnder-kryt-designovy-comfoair-fit-100-nejlepsi-cena-13563","status":"publish","type":"product","link":"https:\/\/www.koupeltech.com\/index.php\/produkt\/zehnder-kryt-designovy-comfoair-fit-100-nejlepsi-cena-13563\/","title":{"rendered":"Zehnder kryt designov\u00fd ComfoAir Fit 100 Nejlep\u0161\u00ed Cena"},"content":{"rendered":"<div class=\"ProductDetail-content NoFixImageContainer\" id=\"productDescription\">\n<div class=\"Heading\">\n<h2 class=\"Heading-title\">Popis produktu <span class=''>Zehnder kryt designov\u00fd ComfoAir Fit 100<\/span><\/h2>\n<\/p><\/div>\n<div class=\"ProductDetailContent\">\n<ul>\n<li><strong>Pou\u017eit\u00ed<\/strong>: 0\u00b0C do 60\u00b0C<\/li>\n<li><strong>Materi\u00e1l<\/strong>:&nbsp;Polypropylen (PP), galvanizovan\u00fd ocelov\u00fd plech, neodymiov\u00e9 magnety<\/li>\n<li><strong>Hmotnost<\/strong>: 2.5 kg<\/li>\n<li><strong>Rozm\u011bry (V x \u0160 x H)<\/strong>:&nbsp;960 mm \/ 590 mm \/ 3 mm<\/li>\n<li><strong>Upevn\u011bn\u00ed<\/strong>:&nbsp;p\u0159ipevn\u011bn\u00ed k instala\u010dn\u00edmu boxu pro zapu\u0161t\u011bnou mont\u00e1\u017e pomoc\u00ed magnet\u016f<\/li>\n<\/ul>\n<p>Lze nat\u0159\u00edt b\u011b\u017enou barvou na st\u011bny. Doporu\u010den\u00ed spole\u010dnosti Zehnder: naneste 2 vrstvy a povrch m\u00edrn\u011b zdrsn\u011bte, aby barva l\u00e9pe p\u0159ilnula.<\/p>\n<\/p><\/div>\n<div class=\"ProductDetailContent\">                                                                    <\/div>\n<\/p><\/div>\n<\/p><\/div>\n<\/p><\/div>\n","protected":false},"excerpt":{"rendered":"<p>Popis produktu Zehnder kryt designov\u00fd ComfoAir Fit 100 Pou\u017eit\u00ed: 0\u00b0C do 60\u00b0C Materi\u00e1l:&nbsp;Polypropylen (PP), galvanizovan\u00fd ocelov\u00fd plech, neodymiov\u00e9 magnety Hmotnost: 2.5 kg Rozm\u011bry (V x \u0160 x H):&nbsp;960 mm \/ 590 mm \/ 3 mm Upevn\u011bn\u00ed:&nbsp;p\u0159ipevn\u011bn\u00ed k instala\u010dn\u00edmu boxu pro zapu\u0161t\u011bnou mont\u00e1\u017e pomoc\u00ed magnet\u016f Lze nat\u0159\u00edt b\u011b\u017enou barvou na st\u011bny. Doporu\u010den\u00ed spole\u010dnosti Zehnder: naneste 2 [&hellip;]<\/p>\n","protected":false},"featured_media":13663,"comment_status":"open","ping_status":"open","template":"","meta":[],"product_brand":[],"product_cat":[80],"product_tag":[],"class_list":{"0":"post-13563","1":"product","2":"type-product","3":"status-publish","4":"has-post-thumbnail","6":"product_cat-rekuperace-vzduchu-a-vody-vetrani","8":"first","9":"instock","10":"sale","11":"shipping-taxable","12":"purchasable","13":"product-type-simple"},"yoast_head":"<!-- This site is optimized with the Yoast SEO plugin v26.8 - https:\/\/yoast.com\/product\/yoast-seo-wordpress\/ -->\n<title>Zehnder kryt designov\u00fd ComfoAir Fit 100 Nejlep\u0161\u00ed Cena -<\/title>\n<meta name=\"robots\" content=\"index, follow, max-snippet:-1, max-image-preview:large, max-video-preview:-1\" \/>\n<link rel=\"canonical\" href=\"https:\/\/www.koupeltech.com\/index.php\/produkt\/zehnder-kryt-designovy-comfoair-fit-100-nejlepsi-cena-13563\/\" \/>\n<meta property=\"og:locale\" content=\"cs_CZ\" \/>\n<meta property=\"og:type\" content=\"article\" \/>\n<meta property=\"og:title\" content=\"Zehnder kryt designov\u00fd ComfoAir Fit 100 Nejlep\u0161\u00ed Cena -\" \/>\n<meta property=\"og:description\" content=\"Popis produktu Zehnder kryt designov\u00fd ComfoAir Fit 100 Pou\u017eit\u00ed: 0\u00b0C do 60\u00b0C Materi\u00e1l:&nbsp;Polypropylen (PP), galvanizovan\u00fd ocelov\u00fd plech, neodymiov\u00e9 magnety Hmotnost: 2.5 kg Rozm\u011bry (V x \u0160 x H):&nbsp;960 mm \/ 590 mm \/ 3 mm Upevn\u011bn\u00ed:&nbsp;p\u0159ipevn\u011bn\u00ed k instala\u010dn\u00edmu boxu pro zapu\u0161t\u011bnou mont\u00e1\u017e pomoc\u00ed magnet\u016f Lze nat\u0159\u00edt b\u011b\u017enou barvou na st\u011bny. Doporu\u010den\u00ed spole\u010dnosti Zehnder: naneste 2 [&hellip;]\" \/>\n<meta property=\"og:url\" content=\"https:\/\/www.koupeltech.com\/index.php\/produkt\/zehnder-kryt-designovy-comfoair-fit-100-nejlepsi-cena-13563\/\" \/>\n<meta property=\"og:image\" content=\"https:\/\/www.koupeltech.com\/wp-content\/uploads\/2026\/SK0024380-CZ20260425-092632-0-1777080397-zehnder-kryt-designovy-comfoair-fit-100-1025205.webp\" \/>\n\t<meta property=\"og:image:width\" content=\"600\" \/>\n\t<meta property=\"og:image:height\" content=\"495\" \/>\n\t<meta property=\"og:image:type\" content=\"image\/webp\" \/>\n<meta name=\"twitter:card\" content=\"summary_large_image\" \/>\n<script type=\"application\/ld+json\" class=\"yoast-schema-graph\">{\"@context\":\"https:\/\/schema.org\",\"@graph\":[{\"@type\":\"WebPage\",\"@id\":\"https:\/\/www.koupeltech.com\/index.php\/produkt\/zehnder-kryt-designovy-comfoair-fit-100-nejlepsi-cena-13563\/\",\"url\":\"https:\/\/www.koupeltech.com\/index.php\/produkt\/zehnder-kryt-designovy-comfoair-fit-100-nejlepsi-cena-13563\/\",\"name\":\"Zehnder kryt designov\u00fd ComfoAir Fit 100 Nejlep\u0161\u00ed Cena -\",\"isPartOf\":{\"@id\":\"https:\/\/www.koupeltech.com\/#website\"},\"primaryImageOfPage\":{\"@id\":\"https:\/\/www.koupeltech.com\/index.php\/produkt\/zehnder-kryt-designovy-comfoair-fit-100-nejlepsi-cena-13563\/#primaryimage\"},\"image\":{\"@id\":\"https:\/\/www.koupeltech.com\/index.php\/produkt\/zehnder-kryt-designovy-comfoair-fit-100-nejlepsi-cena-13563\/#primaryimage\"},\"thumbnailUrl\":\"https:\/\/www.koupeltech.com\/wp-content\/uploads\/2026\/SK0024380-CZ20260425-092632-0-1777080397-zehnder-kryt-designovy-comfoair-fit-100-1025205.webp\",\"datePublished\":\"2026-04-27T13:57:50+00:00\",\"breadcrumb\":{\"@id\":\"https:\/\/www.koupeltech.com\/index.php\/produkt\/zehnder-kryt-designovy-comfoair-fit-100-nejlepsi-cena-13563\/#breadcrumb\"},\"inLanguage\":\"cs\",\"potentialAction\":[{\"@type\":\"ReadAction\",\"target\":[\"https:\/\/www.koupeltech.com\/index.php\/produkt\/zehnder-kryt-designovy-comfoair-fit-100-nejlepsi-cena-13563\/\"]}]},{\"@type\":\"ImageObject\",\"inLanguage\":\"cs\",\"@id\":\"https:\/\/www.koupeltech.com\/index.php\/produkt\/zehnder-kryt-designovy-comfoair-fit-100-nejlepsi-cena-13563\/#primaryimage\",\"url\":\"https:\/\/www.koupeltech.com\/wp-content\/uploads\/2026\/SK0024380-CZ20260425-092632-0-1777080397-zehnder-kryt-designovy-comfoair-fit-100-1025205.webp\",\"contentUrl\":\"https:\/\/www.koupeltech.com\/wp-content\/uploads\/2026\/SK0024380-CZ20260425-092632-0-1777080397-zehnder-kryt-designovy-comfoair-fit-100-1025205.webp\",\"width\":600,\"height\":495},{\"@type\":\"BreadcrumbList\",\"@id\":\"https:\/\/www.koupeltech.com\/index.php\/produkt\/zehnder-kryt-designovy-comfoair-fit-100-nejlepsi-cena-13563\/#breadcrumb\",\"itemListElement\":[{\"@type\":\"ListItem\",\"position\":1,\"name\":\"Home\",\"item\":\"https:\/\/www.koupeltech.com\/\"},{\"@type\":\"ListItem\",\"position\":2,\"name\":\"Products\",\"item\":\"https:\/\/www.koupeltech.com\/index.php\/products\/\"},{\"@type\":\"ListItem\",\"position\":3,\"name\":\"Zehnder kryt designov\u00fd ComfoAir Fit 100 Nejlep\u0161\u00ed Cena\"}]},{\"@type\":\"WebSite\",\"@id\":\"https:\/\/www.koupeltech.com\/#website\",\"url\":\"https:\/\/www.koupeltech.com\/\",\"name\":\"\",\"description\":\"\",\"potentialAction\":[{\"@type\":\"SearchAction\",\"target\":{\"@type\":\"EntryPoint\",\"urlTemplate\":\"https:\/\/www.koupeltech.com\/?s={search_term_string}\"},\"query-input\":{\"@type\":\"PropertyValueSpecification\",\"valueRequired\":true,\"valueName\":\"search_term_string\"}}],\"inLanguage\":\"cs\"}]}<\/script>\n<!-- \/ Yoast SEO plugin. -->","yoast_head_json":{"title":"Zehnder kryt designov\u00fd ComfoAir Fit 100 Nejlep\u0161\u00ed Cena -","robots":{"index":"index","follow":"follow","max-snippet":"max-snippet:-1","max-image-preview":"max-image-preview:large","max-video-preview":"max-video-preview:-1"},"canonical":"https:\/\/www.koupeltech.com\/index.php\/produkt\/zehnder-kryt-designovy-comfoair-fit-100-nejlepsi-cena-13563\/","og_locale":"cs_CZ","og_type":"article","og_title":"Zehnder kryt designov\u00fd ComfoAir Fit 100 Nejlep\u0161\u00ed Cena -","og_description":"Popis produktu Zehnder kryt designov\u00fd ComfoAir Fit 100 Pou\u017eit\u00ed: 0\u00b0C do 60\u00b0C Materi\u00e1l:&nbsp;Polypropylen (PP), galvanizovan\u00fd ocelov\u00fd plech, neodymiov\u00e9 magnety Hmotnost: 2.5 kg Rozm\u011bry (V x \u0160 x H):&nbsp;960 mm \/ 590 mm \/ 3 mm Upevn\u011bn\u00ed:&nbsp;p\u0159ipevn\u011bn\u00ed k instala\u010dn\u00edmu boxu pro zapu\u0161t\u011bnou mont\u00e1\u017e pomoc\u00ed magnet\u016f Lze nat\u0159\u00edt b\u011b\u017enou barvou na st\u011bny. Doporu\u010den\u00ed spole\u010dnosti Zehnder: naneste 2 [&hellip;]","og_url":"https:\/\/www.koupeltech.com\/index.php\/produkt\/zehnder-kryt-designovy-comfoair-fit-100-nejlepsi-cena-13563\/","og_image":[{"width":600,"height":495,"url":"https:\/\/www.koupeltech.com\/wp-content\/uploads\/2026\/SK0024380-CZ20260425-092632-0-1777080397-zehnder-kryt-designovy-comfoair-fit-100-1025205.webp","type":"image\/webp"}],"twitter_card":"summary_large_image","schema":{"@context":"https:\/\/schema.org","@graph":[{"@type":"WebPage","@id":"https:\/\/www.koupeltech.com\/index.php\/produkt\/zehnder-kryt-designovy-comfoair-fit-100-nejlepsi-cena-13563\/","url":"https:\/\/www.koupeltech.com\/index.php\/produkt\/zehnder-kryt-designovy-comfoair-fit-100-nejlepsi-cena-13563\/","name":"Zehnder kryt designov\u00fd ComfoAir Fit 100 Nejlep\u0161\u00ed Cena -","isPartOf":{"@id":"https:\/\/www.koupeltech.com\/#website"},"primaryImageOfPage":{"@id":"https:\/\/www.koupeltech.com\/index.php\/produkt\/zehnder-kryt-designovy-comfoair-fit-100-nejlepsi-cena-13563\/#primaryimage"},"image":{"@id":"https:\/\/www.koupeltech.com\/index.php\/produkt\/zehnder-kryt-designovy-comfoair-fit-100-nejlepsi-cena-13563\/#primaryimage"},"thumbnailUrl":"https:\/\/www.koupeltech.com\/wp-content\/uploads\/2026\/SK0024380-CZ20260425-092632-0-1777080397-zehnder-kryt-designovy-comfoair-fit-100-1025205.webp","datePublished":"2026-04-27T13:57:50+00:00","breadcrumb":{"@id":"https:\/\/www.koupeltech.com\/index.php\/produkt\/zehnder-kryt-designovy-comfoair-fit-100-nejlepsi-cena-13563\/#breadcrumb"},"inLanguage":"cs","potentialAction":[{"@type":"ReadAction","target":["https:\/\/www.koupeltech.com\/index.php\/produkt\/zehnder-kryt-designovy-comfoair-fit-100-nejlepsi-cena-13563\/"]}]},{"@type":"ImageObject","inLanguage":"cs","@id":"https:\/\/www.koupeltech.com\/index.php\/produkt\/zehnder-kryt-designovy-comfoair-fit-100-nejlepsi-cena-13563\/#primaryimage","url":"https:\/\/www.koupeltech.com\/wp-content\/uploads\/2026\/SK0024380-CZ20260425-092632-0-1777080397-zehnder-kryt-designovy-comfoair-fit-100-1025205.webp","contentUrl":"https:\/\/www.koupeltech.com\/wp-content\/uploads\/2026\/SK0024380-CZ20260425-092632-0-1777080397-zehnder-kryt-designovy-comfoair-fit-100-1025205.webp","width":600,"height":495},{"@type":"BreadcrumbList","@id":"https:\/\/www.koupeltech.com\/index.php\/produkt\/zehnder-kryt-designovy-comfoair-fit-100-nejlepsi-cena-13563\/#breadcrumb","itemListElement":[{"@type":"ListItem","position":1,"name":"Home","item":"https:\/\/www.koupeltech.com\/"},{"@type":"ListItem","position":2,"name":"Products","item":"https:\/\/www.koupeltech.com\/index.php\/products\/"},{"@type":"ListItem","position":3,"name":"Zehnder kryt designov\u00fd ComfoAir Fit 100 Nejlep\u0161\u00ed Cena"}]},{"@type":"WebSite","@id":"https:\/\/www.koupeltech.com\/#website","url":"https:\/\/www.koupeltech.com\/","name":"","description":"","potentialAction":[{"@type":"SearchAction","target":{"@type":"EntryPoint","urlTemplate":"https:\/\/www.koupeltech.com\/?s={search_term_string}"},"query-input":{"@type":"PropertyValueSpecification","valueRequired":true,"valueName":"search_term_string"}}],"inLanguage":"cs"}]}},"_links":{"self":[{"href":"https:\/\/www.koupeltech.com\/index.php\/wp-json\/wp\/v2\/product\/13563","targetHints":{"allow":["GET"]}}],"collection":[{"href":"https:\/\/www.koupeltech.com\/index.php\/wp-json\/wp\/v2\/product"}],"about":[{"href":"https:\/\/www.koupeltech.com\/index.php\/wp-json\/wp\/v2\/types\/product"}],"replies":[{"embeddable":true,"href":"https:\/\/www.koupeltech.com\/index.php\/wp-json\/wp\/v2\/comments?post=13563"}],"wp:featuredmedia":[{"embeddable":true,"href":"https:\/\/www.koupeltech.com\/index.php\/wp-json\/wp\/v2\/media\/13663"}],"wp:attachment":[{"href":"https:\/\/www.koupeltech.com\/index.php\/wp-json\/wp\/v2\/media?parent=13563"}],"wp:term":[{"taxonomy":"product_brand","embeddable":true,"href":"https:\/\/www.koupeltech.com\/index.php\/wp-json\/wp\/v2\/product_brand?post=13563"},{"taxonomy":"product_cat","embeddable":true,"href":"https:\/\/www.koupeltech.com\/index.php\/wp-json\/wp\/v2\/product_cat?post=13563"},{"taxonomy":"product_tag","embeddable":true,"href":"https:\/\/www.koupeltech.com\/index.php\/wp-json\/wp\/v2\/product_tag?post=13563"}],"curies":[{"name":"wp","href":"https:\/\/api.w.org\/{rel}","templated":true}]}}