{"id":13583,"date":"2026-04-27T13:57:50","date_gmt":"2026-04-27T13:57:50","guid":{"rendered":""},"modified":"2026-04-27T13:57:50","modified_gmt":"2026-04-27T13:57:50","slug":"sapho-bidetovy-sifon-5-4-quot-odpad-32mm-nikl-9608-vysoce-kvalitni-13583","status":"publish","type":"product","link":"https:\/\/www.koupeltech.com\/index.php\/produkt\/sapho-bidetovy-sifon-5-4-quot-odpad-32mm-nikl-9608-vysoce-kvalitni-13583\/","title":{"rendered":"Sapho Bidetov\u00fd sifon 5\/4&quot;, odpad 32mm, nikl 9608 Vysoce Kvalitn\u00ed"},"content":{"rendered":"<div class=\"tabs__content-outer\" id=\"tab_description\" data-hash=\"description\" data-tabindex=\"-1\">\n<div class=\"tabs__content toggle_description\" id=\"content_description\">\n<div class=\"wysiwyg-content\">\n<div class=\"product__tab product__description full-width\">\n<div class=\"container\">\n<div >\n<h3>Sapho Bidetov\u00fd sifon 5\/4&#8243;, odpad 32mm, nikl 9608<\/h3>\n<p><\/p>\n<p><b>Vlastnosti<\/b><\/p>\n<ul>\n<li><span>Materi\u00e1l:<\/span> Mosaz<\/li>\n<li><span>Barva:<\/span> St\u0159\u00edbrn\u00e1<\/li>\n<li><span>Velikost z\u00e1vitu:<\/span> 5\/4&#8243;<\/li>\n<li><span>Pr\u016fm\u011br odpadu:<\/span> 32 mm<\/li>\n<\/ul>\n<\/div><\/div>\n<\/p><\/div>\n<\/p><\/div>\n<\/p><\/div>\n","protected":false},"excerpt":{"rendered":"<p>Sapho Bidetov\u00fd sifon 5\/4&#8243;, odpad 32mm, nikl 9608 Vlastnosti Materi\u00e1l: Mosaz Barva: St\u0159\u00edbrn\u00e1 Velikost z\u00e1vitu: 5\/4&#8243; Pr\u016fm\u011br odpadu: 32 mm<\/p>\n","protected":false},"featured_media":13683,"comment_status":"open","ping_status":"open","template":"","meta":[],"product_brand":[],"product_cat":[83],"product_tag":[],"class_list":{"0":"post-13583","1":"product","2":"type-product","3":"status-publish","4":"has-post-thumbnail","6":"product_cat-koupelna","8":"first","9":"instock","10":"sale","11":"shipping-taxable","12":"purchasable","13":"product-type-simple"},"yoast_head":"<!-- This site is optimized with the Yoast SEO plugin v26.8 - https:\/\/yoast.com\/product\/yoast-seo-wordpress\/ -->\n<title>Sapho Bidetov\u00fd sifon 5\/4&quot;, odpad 32mm, nikl 9608 Vysoce Kvalitn\u00ed -<\/title>\n<meta name=\"robots\" content=\"index, follow, max-snippet:-1, max-image-preview:large, max-video-preview:-1\" \/>\n<link rel=\"canonical\" href=\"https:\/\/www.koupeltech.com\/index.php\/produkt\/sapho-bidetovy-sifon-5-4-quot-odpad-32mm-nikl-9608-vysoce-kvalitni-13583\/\" \/>\n<meta property=\"og:locale\" content=\"cs_CZ\" \/>\n<meta property=\"og:type\" content=\"article\" \/>\n<meta property=\"og:title\" content=\"Sapho Bidetov\u00fd sifon 5\/4&quot;, odpad 32mm, nikl 9608 Vysoce Kvalitn\u00ed -\" \/>\n<meta property=\"og:description\" content=\"Sapho Bidetov\u00fd sifon 5\/4&#8243;, odpad 32mm, nikl 9608 Vlastnosti Materi\u00e1l: Mosaz Barva: St\u0159\u00edbrn\u00e1 Velikost z\u00e1vitu: 5\/4&#8243; Pr\u016fm\u011br odpadu: 32 mm\" \/>\n<meta property=\"og:url\" content=\"https:\/\/www.koupeltech.com\/index.php\/produkt\/sapho-bidetovy-sifon-5-4-quot-odpad-32mm-nikl-9608-vysoce-kvalitni-13583\/\" \/>\n<meta property=\"og:image\" content=\"https:\/\/www.koupeltech.com\/wp-content\/uploads\/2026\/SK0019786-CZ20260425-093041-0-1777080643-5055483896d024c8103a2798926042e3.webp\" \/>\n\t<meta property=\"og:image:width\" content=\"774\" \/>\n\t<meta property=\"og:image:height\" content=\"415\" \/>\n\t<meta property=\"og:image:type\" content=\"image\/webp\" \/>\n<meta name=\"twitter:card\" content=\"summary_large_image\" \/>\n<script type=\"application\/ld+json\" class=\"yoast-schema-graph\">{\"@context\":\"https:\/\/schema.org\",\"@graph\":[{\"@type\":\"WebPage\",\"@id\":\"https:\/\/www.koupeltech.com\/index.php\/produkt\/sapho-bidetovy-sifon-5-4-quot-odpad-32mm-nikl-9608-vysoce-kvalitni-13583\/\",\"url\":\"https:\/\/www.koupeltech.com\/index.php\/produkt\/sapho-bidetovy-sifon-5-4-quot-odpad-32mm-nikl-9608-vysoce-kvalitni-13583\/\",\"name\":\"Sapho Bidetov\u00fd sifon 5\/4&quot;, odpad 32mm, nikl 9608 Vysoce Kvalitn\u00ed -\",\"isPartOf\":{\"@id\":\"https:\/\/www.koupeltech.com\/#website\"},\"primaryImageOfPage\":{\"@id\":\"https:\/\/www.koupeltech.com\/index.php\/produkt\/sapho-bidetovy-sifon-5-4-quot-odpad-32mm-nikl-9608-vysoce-kvalitni-13583\/#primaryimage\"},\"image\":{\"@id\":\"https:\/\/www.koupeltech.com\/index.php\/produkt\/sapho-bidetovy-sifon-5-4-quot-odpad-32mm-nikl-9608-vysoce-kvalitni-13583\/#primaryimage\"},\"thumbnailUrl\":\"https:\/\/www.koupeltech.com\/wp-content\/uploads\/2026\/SK0019786-CZ20260425-093041-0-1777080643-5055483896d024c8103a2798926042e3.webp\",\"datePublished\":\"2026-04-27T13:57:50+00:00\",\"breadcrumb\":{\"@id\":\"https:\/\/www.koupeltech.com\/index.php\/produkt\/sapho-bidetovy-sifon-5-4-quot-odpad-32mm-nikl-9608-vysoce-kvalitni-13583\/#breadcrumb\"},\"inLanguage\":\"cs\",\"potentialAction\":[{\"@type\":\"ReadAction\",\"target\":[\"https:\/\/www.koupeltech.com\/index.php\/produkt\/sapho-bidetovy-sifon-5-4-quot-odpad-32mm-nikl-9608-vysoce-kvalitni-13583\/\"]}]},{\"@type\":\"ImageObject\",\"inLanguage\":\"cs\",\"@id\":\"https:\/\/www.koupeltech.com\/index.php\/produkt\/sapho-bidetovy-sifon-5-4-quot-odpad-32mm-nikl-9608-vysoce-kvalitni-13583\/#primaryimage\",\"url\":\"https:\/\/www.koupeltech.com\/wp-content\/uploads\/2026\/SK0019786-CZ20260425-093041-0-1777080643-5055483896d024c8103a2798926042e3.webp\",\"contentUrl\":\"https:\/\/www.koupeltech.com\/wp-content\/uploads\/2026\/SK0019786-CZ20260425-093041-0-1777080643-5055483896d024c8103a2798926042e3.webp\",\"width\":774,\"height\":415},{\"@type\":\"BreadcrumbList\",\"@id\":\"https:\/\/www.koupeltech.com\/index.php\/produkt\/sapho-bidetovy-sifon-5-4-quot-odpad-32mm-nikl-9608-vysoce-kvalitni-13583\/#breadcrumb\",\"itemListElement\":[{\"@type\":\"ListItem\",\"position\":1,\"name\":\"Home\",\"item\":\"https:\/\/www.koupeltech.com\/\"},{\"@type\":\"ListItem\",\"position\":2,\"name\":\"Products\",\"item\":\"https:\/\/www.koupeltech.com\/index.php\/products\/\"},{\"@type\":\"ListItem\",\"position\":3,\"name\":\"Sapho Bidetov\u00fd sifon 5\/4&quot;, odpad 32mm, nikl 9608 Vysoce Kvalitn\u00ed\"}]},{\"@type\":\"WebSite\",\"@id\":\"https:\/\/www.koupeltech.com\/#website\",\"url\":\"https:\/\/www.koupeltech.com\/\",\"name\":\"\",\"description\":\"\",\"potentialAction\":[{\"@type\":\"SearchAction\",\"target\":{\"@type\":\"EntryPoint\",\"urlTemplate\":\"https:\/\/www.koupeltech.com\/?s={search_term_string}\"},\"query-input\":{\"@type\":\"PropertyValueSpecification\",\"valueRequired\":true,\"valueName\":\"search_term_string\"}}],\"inLanguage\":\"cs\"}]}<\/script>\n<!-- \/ Yoast SEO plugin. -->","yoast_head_json":{"title":"Sapho Bidetov\u00fd sifon 5\/4&quot;, odpad 32mm, nikl 9608 Vysoce Kvalitn\u00ed -","robots":{"index":"index","follow":"follow","max-snippet":"max-snippet:-1","max-image-preview":"max-image-preview:large","max-video-preview":"max-video-preview:-1"},"canonical":"https:\/\/www.koupeltech.com\/index.php\/produkt\/sapho-bidetovy-sifon-5-4-quot-odpad-32mm-nikl-9608-vysoce-kvalitni-13583\/","og_locale":"cs_CZ","og_type":"article","og_title":"Sapho Bidetov\u00fd sifon 5\/4&quot;, odpad 32mm, nikl 9608 Vysoce Kvalitn\u00ed -","og_description":"Sapho Bidetov\u00fd sifon 5\/4&#8243;, odpad 32mm, nikl 9608 Vlastnosti Materi\u00e1l: Mosaz Barva: St\u0159\u00edbrn\u00e1 Velikost z\u00e1vitu: 5\/4&#8243; Pr\u016fm\u011br odpadu: 32 mm","og_url":"https:\/\/www.koupeltech.com\/index.php\/produkt\/sapho-bidetovy-sifon-5-4-quot-odpad-32mm-nikl-9608-vysoce-kvalitni-13583\/","og_image":[{"width":774,"height":415,"url":"https:\/\/www.koupeltech.com\/wp-content\/uploads\/2026\/SK0019786-CZ20260425-093041-0-1777080643-5055483896d024c8103a2798926042e3.webp","type":"image\/webp"}],"twitter_card":"summary_large_image","schema":{"@context":"https:\/\/schema.org","@graph":[{"@type":"WebPage","@id":"https:\/\/www.koupeltech.com\/index.php\/produkt\/sapho-bidetovy-sifon-5-4-quot-odpad-32mm-nikl-9608-vysoce-kvalitni-13583\/","url":"https:\/\/www.koupeltech.com\/index.php\/produkt\/sapho-bidetovy-sifon-5-4-quot-odpad-32mm-nikl-9608-vysoce-kvalitni-13583\/","name":"Sapho Bidetov\u00fd sifon 5\/4&quot;, odpad 32mm, nikl 9608 Vysoce Kvalitn\u00ed -","isPartOf":{"@id":"https:\/\/www.koupeltech.com\/#website"},"primaryImageOfPage":{"@id":"https:\/\/www.koupeltech.com\/index.php\/produkt\/sapho-bidetovy-sifon-5-4-quot-odpad-32mm-nikl-9608-vysoce-kvalitni-13583\/#primaryimage"},"image":{"@id":"https:\/\/www.koupeltech.com\/index.php\/produkt\/sapho-bidetovy-sifon-5-4-quot-odpad-32mm-nikl-9608-vysoce-kvalitni-13583\/#primaryimage"},"thumbnailUrl":"https:\/\/www.koupeltech.com\/wp-content\/uploads\/2026\/SK0019786-CZ20260425-093041-0-1777080643-5055483896d024c8103a2798926042e3.webp","datePublished":"2026-04-27T13:57:50+00:00","breadcrumb":{"@id":"https:\/\/www.koupeltech.com\/index.php\/produkt\/sapho-bidetovy-sifon-5-4-quot-odpad-32mm-nikl-9608-vysoce-kvalitni-13583\/#breadcrumb"},"inLanguage":"cs","potentialAction":[{"@type":"ReadAction","target":["https:\/\/www.koupeltech.com\/index.php\/produkt\/sapho-bidetovy-sifon-5-4-quot-odpad-32mm-nikl-9608-vysoce-kvalitni-13583\/"]}]},{"@type":"ImageObject","inLanguage":"cs","@id":"https:\/\/www.koupeltech.com\/index.php\/produkt\/sapho-bidetovy-sifon-5-4-quot-odpad-32mm-nikl-9608-vysoce-kvalitni-13583\/#primaryimage","url":"https:\/\/www.koupeltech.com\/wp-content\/uploads\/2026\/SK0019786-CZ20260425-093041-0-1777080643-5055483896d024c8103a2798926042e3.webp","contentUrl":"https:\/\/www.koupeltech.com\/wp-content\/uploads\/2026\/SK0019786-CZ20260425-093041-0-1777080643-5055483896d024c8103a2798926042e3.webp","width":774,"height":415},{"@type":"BreadcrumbList","@id":"https:\/\/www.koupeltech.com\/index.php\/produkt\/sapho-bidetovy-sifon-5-4-quot-odpad-32mm-nikl-9608-vysoce-kvalitni-13583\/#breadcrumb","itemListElement":[{"@type":"ListItem","position":1,"name":"Home","item":"https:\/\/www.koupeltech.com\/"},{"@type":"ListItem","position":2,"name":"Products","item":"https:\/\/www.koupeltech.com\/index.php\/products\/"},{"@type":"ListItem","position":3,"name":"Sapho Bidetov\u00fd sifon 5\/4&quot;, odpad 32mm, nikl 9608 Vysoce Kvalitn\u00ed"}]},{"@type":"WebSite","@id":"https:\/\/www.koupeltech.com\/#website","url":"https:\/\/www.koupeltech.com\/","name":"","description":"","potentialAction":[{"@type":"SearchAction","target":{"@type":"EntryPoint","urlTemplate":"https:\/\/www.koupeltech.com\/?s={search_term_string}"},"query-input":{"@type":"PropertyValueSpecification","valueRequired":true,"valueName":"search_term_string"}}],"inLanguage":"cs"}]}},"_links":{"self":[{"href":"https:\/\/www.koupeltech.com\/index.php\/wp-json\/wp\/v2\/product\/13583","targetHints":{"allow":["GET"]}}],"collection":[{"href":"https:\/\/www.koupeltech.com\/index.php\/wp-json\/wp\/v2\/product"}],"about":[{"href":"https:\/\/www.koupeltech.com\/index.php\/wp-json\/wp\/v2\/types\/product"}],"replies":[{"embeddable":true,"href":"https:\/\/www.koupeltech.com\/index.php\/wp-json\/wp\/v2\/comments?post=13583"}],"wp:featuredmedia":[{"embeddable":true,"href":"https:\/\/www.koupeltech.com\/index.php\/wp-json\/wp\/v2\/media\/13683"}],"wp:attachment":[{"href":"https:\/\/www.koupeltech.com\/index.php\/wp-json\/wp\/v2\/media?parent=13583"}],"wp:term":[{"taxonomy":"product_brand","embeddable":true,"href":"https:\/\/www.koupeltech.com\/index.php\/wp-json\/wp\/v2\/product_brand?post=13583"},{"taxonomy":"product_cat","embeddable":true,"href":"https:\/\/www.koupeltech.com\/index.php\/wp-json\/wp\/v2\/product_cat?post=13583"},{"taxonomy":"product_tag","embeddable":true,"href":"https:\/\/www.koupeltech.com\/index.php\/wp-json\/wp\/v2\/product_tag?post=13583"}],"curies":[{"name":"wp","href":"https:\/\/api.w.org\/{rel}","templated":true}]}}