{"id":13584,"date":"2026-04-27T13:57:50","date_gmt":"2026-04-27T13:57:50","guid":{"rendered":""},"modified":"2026-04-27T13:57:50","modified_gmt":"2026-04-27T13:57:50","slug":"vyhodna-nabidka-sapho-samolepici-trojhacek-kulaty-cerna-mat-32203b-13584","status":"publish","type":"product","link":"https:\/\/www.koupeltech.com\/index.php\/produkt\/vyhodna-nabidka-sapho-samolepici-trojhacek-kulaty-cerna-mat-32203b-13584\/","title":{"rendered":"V\u00fdhodn\u00e1 Nab\u00eddka Sapho Samolep\u00edc\u00ed trojh\u00e1\u010dek, kulat\u00fd, \u010dern\u00e1 mat 32203B"},"content":{"rendered":"<div class=\"tabs__content-outer\" id=\"tab_description\" data-hash=\"description\" data-tabindex=\"-1\">\n<div class=\"tabs__content toggle_description\" id=\"content_description\">\n<div class=\"wysiwyg-content\">\n<div class=\"product__tab product__description full-width\">\n<div class=\"container\">\n<div >\n<h3>Sapho Samolep\u00edc\u00ed trojh\u00e1\u010dek, kulat\u00fd, \u010dern\u00e1 mat 32203B<\/h3>\n<ul>\n<li>Opat\u0159en oboustrannou\u00a0lep\u00edc\u00ed p\u00e1skou, kter\u00e1 zaru\u010duje mimo\u0159\u00e1dnou \u017eivotnost spoje a\u00a0spolehliv\u011b nahrazuje vruty pro trval\u00e9 upevn\u011bn\u00ed <\/li>\n<li>P\u0159ed nalepen\u00edm se ujist\u011bte, \u017ee povrch nen\u00ed \u0161pinav\u00fd, zapr\u00e1\u0161en\u00fd nebo mastn\u00fd <\/li>\n<\/ul>\n<p><\/p>\n<p><b>Vlastnosti<\/b><\/p>\n<ul>\n<li><span>Materi\u00e1l:<\/span> Nerez<\/li>\n<li><span>Barva:<\/span> \u010cern\u00e1<\/li>\n<li><span>Instalace:<\/span> Lepen\u00ed<\/li>\n<li><span>Tvar:<\/span> Kruhov\u00e9<\/li>\n<li><span>Rozm\u011br:<\/span> 180x48x30 mm<\/li>\n<li><span>Druh:<\/span> Trojh\u00e1\u010dek<\/li>\n<li><span>\u0160\u00ed\u0159ka:<\/span> 180 mm<\/li>\n<li><span>V\u00fd\u0161ka:<\/span> 48 mm<\/li>\n<li><span>Hloubka:<\/span> 30 mm<\/li>\n<li><span>Balen\u00ed obsahuje:<\/span> 3M lep\u00edc\u00ed p\u00e1ska<\/li>\n<\/ul>\n<\/div><\/div>\n<\/p><\/div>\n<\/p><\/div>\n<\/p><\/div>\n","protected":false},"excerpt":{"rendered":"<p>Sapho Samolep\u00edc\u00ed trojh\u00e1\u010dek, kulat\u00fd, \u010dern\u00e1 mat 32203B Opat\u0159en oboustrannou\u00a0lep\u00edc\u00ed p\u00e1skou, kter\u00e1 zaru\u010duje mimo\u0159\u00e1dnou \u017eivotnost spoje a\u00a0spolehliv\u011b nahrazuje vruty pro trval\u00e9 upevn\u011bn\u00ed P\u0159ed nalepen\u00edm se ujist\u011bte, \u017ee povrch nen\u00ed \u0161pinav\u00fd, zapr\u00e1\u0161en\u00fd nebo mastn\u00fd Vlastnosti Materi\u00e1l: Nerez Barva: \u010cern\u00e1 Instalace: Lepen\u00ed Tvar: Kruhov\u00e9 Rozm\u011br: 180x48x30 mm Druh: Trojh\u00e1\u010dek \u0160\u00ed\u0159ka: 180 mm V\u00fd\u0161ka: 48 mm Hloubka: 30 mm [&hellip;]<\/p>\n","protected":false},"featured_media":13684,"comment_status":"open","ping_status":"open","template":"","meta":[],"product_brand":[],"product_cat":[83],"product_tag":[],"class_list":{"0":"post-13584","1":"product","2":"type-product","3":"status-publish","4":"has-post-thumbnail","6":"product_cat-koupelna","8":"first","9":"instock","10":"sale","11":"shipping-taxable","12":"purchasable","13":"product-type-simple"},"yoast_head":"<!-- This site is optimized with the Yoast SEO plugin v26.8 - https:\/\/yoast.com\/product\/yoast-seo-wordpress\/ -->\n<title>V\u00fdhodn\u00e1 Nab\u00eddka Sapho Samolep\u00edc\u00ed trojh\u00e1\u010dek, kulat\u00fd, \u010dern\u00e1 mat 32203B -<\/title>\n<meta name=\"robots\" content=\"index, follow, max-snippet:-1, max-image-preview:large, max-video-preview:-1\" \/>\n<link rel=\"canonical\" href=\"https:\/\/www.koupeltech.com\/index.php\/produkt\/vyhodna-nabidka-sapho-samolepici-trojhacek-kulaty-cerna-mat-32203b-13584\/\" \/>\n<meta property=\"og:locale\" content=\"cs_CZ\" \/>\n<meta property=\"og:type\" content=\"article\" \/>\n<meta property=\"og:title\" content=\"V\u00fdhodn\u00e1 Nab\u00eddka Sapho Samolep\u00edc\u00ed trojh\u00e1\u010dek, kulat\u00fd, \u010dern\u00e1 mat 32203B -\" \/>\n<meta property=\"og:description\" content=\"Sapho Samolep\u00edc\u00ed trojh\u00e1\u010dek, kulat\u00fd, \u010dern\u00e1 mat 32203B Opat\u0159en oboustrannou\u00a0lep\u00edc\u00ed p\u00e1skou, kter\u00e1 zaru\u010duje mimo\u0159\u00e1dnou \u017eivotnost spoje a\u00a0spolehliv\u011b nahrazuje vruty pro trval\u00e9 upevn\u011bn\u00ed P\u0159ed nalepen\u00edm se ujist\u011bte, \u017ee povrch nen\u00ed \u0161pinav\u00fd, zapr\u00e1\u0161en\u00fd nebo mastn\u00fd Vlastnosti Materi\u00e1l: Nerez Barva: \u010cern\u00e1 Instalace: Lepen\u00ed Tvar: Kruhov\u00e9 Rozm\u011br: 180x48x30 mm Druh: Trojh\u00e1\u010dek \u0160\u00ed\u0159ka: 180 mm V\u00fd\u0161ka: 48 mm Hloubka: 30 mm [&hellip;]\" \/>\n<meta property=\"og:url\" content=\"https:\/\/www.koupeltech.com\/index.php\/produkt\/vyhodna-nabidka-sapho-samolepici-trojhacek-kulaty-cerna-mat-32203b-13584\/\" \/>\n<meta property=\"og:image\" content=\"https:\/\/www.koupeltech.com\/wp-content\/uploads\/2026\/SK0019787-CZ20260425-093041-0-1777080643-87308a9e67e411df02c43414fdd8a84a.webp\" \/>\n\t<meta property=\"og:image:width\" content=\"812\" \/>\n\t<meta property=\"og:image:height\" content=\"504\" \/>\n\t<meta property=\"og:image:type\" content=\"image\/webp\" \/>\n<meta name=\"twitter:card\" content=\"summary_large_image\" \/>\n<script type=\"application\/ld+json\" class=\"yoast-schema-graph\">{\"@context\":\"https:\/\/schema.org\",\"@graph\":[{\"@type\":\"WebPage\",\"@id\":\"https:\/\/www.koupeltech.com\/index.php\/produkt\/vyhodna-nabidka-sapho-samolepici-trojhacek-kulaty-cerna-mat-32203b-13584\/\",\"url\":\"https:\/\/www.koupeltech.com\/index.php\/produkt\/vyhodna-nabidka-sapho-samolepici-trojhacek-kulaty-cerna-mat-32203b-13584\/\",\"name\":\"V\u00fdhodn\u00e1 Nab\u00eddka Sapho Samolep\u00edc\u00ed trojh\u00e1\u010dek, kulat\u00fd, \u010dern\u00e1 mat 32203B -\",\"isPartOf\":{\"@id\":\"https:\/\/www.koupeltech.com\/#website\"},\"primaryImageOfPage\":{\"@id\":\"https:\/\/www.koupeltech.com\/index.php\/produkt\/vyhodna-nabidka-sapho-samolepici-trojhacek-kulaty-cerna-mat-32203b-13584\/#primaryimage\"},\"image\":{\"@id\":\"https:\/\/www.koupeltech.com\/index.php\/produkt\/vyhodna-nabidka-sapho-samolepici-trojhacek-kulaty-cerna-mat-32203b-13584\/#primaryimage\"},\"thumbnailUrl\":\"https:\/\/www.koupeltech.com\/wp-content\/uploads\/2026\/SK0019787-CZ20260425-093041-0-1777080643-87308a9e67e411df02c43414fdd8a84a.webp\",\"datePublished\":\"2026-04-27T13:57:50+00:00\",\"breadcrumb\":{\"@id\":\"https:\/\/www.koupeltech.com\/index.php\/produkt\/vyhodna-nabidka-sapho-samolepici-trojhacek-kulaty-cerna-mat-32203b-13584\/#breadcrumb\"},\"inLanguage\":\"cs\",\"potentialAction\":[{\"@type\":\"ReadAction\",\"target\":[\"https:\/\/www.koupeltech.com\/index.php\/produkt\/vyhodna-nabidka-sapho-samolepici-trojhacek-kulaty-cerna-mat-32203b-13584\/\"]}]},{\"@type\":\"ImageObject\",\"inLanguage\":\"cs\",\"@id\":\"https:\/\/www.koupeltech.com\/index.php\/produkt\/vyhodna-nabidka-sapho-samolepici-trojhacek-kulaty-cerna-mat-32203b-13584\/#primaryimage\",\"url\":\"https:\/\/www.koupeltech.com\/wp-content\/uploads\/2026\/SK0019787-CZ20260425-093041-0-1777080643-87308a9e67e411df02c43414fdd8a84a.webp\",\"contentUrl\":\"https:\/\/www.koupeltech.com\/wp-content\/uploads\/2026\/SK0019787-CZ20260425-093041-0-1777080643-87308a9e67e411df02c43414fdd8a84a.webp\",\"width\":812,\"height\":504},{\"@type\":\"BreadcrumbList\",\"@id\":\"https:\/\/www.koupeltech.com\/index.php\/produkt\/vyhodna-nabidka-sapho-samolepici-trojhacek-kulaty-cerna-mat-32203b-13584\/#breadcrumb\",\"itemListElement\":[{\"@type\":\"ListItem\",\"position\":1,\"name\":\"Home\",\"item\":\"https:\/\/www.koupeltech.com\/\"},{\"@type\":\"ListItem\",\"position\":2,\"name\":\"Products\",\"item\":\"https:\/\/www.koupeltech.com\/index.php\/products\/\"},{\"@type\":\"ListItem\",\"position\":3,\"name\":\"V\u00fdhodn\u00e1 Nab\u00eddka Sapho Samolep\u00edc\u00ed trojh\u00e1\u010dek, kulat\u00fd, \u010dern\u00e1 mat 32203B\"}]},{\"@type\":\"WebSite\",\"@id\":\"https:\/\/www.koupeltech.com\/#website\",\"url\":\"https:\/\/www.koupeltech.com\/\",\"name\":\"\",\"description\":\"\",\"potentialAction\":[{\"@type\":\"SearchAction\",\"target\":{\"@type\":\"EntryPoint\",\"urlTemplate\":\"https:\/\/www.koupeltech.com\/?s={search_term_string}\"},\"query-input\":{\"@type\":\"PropertyValueSpecification\",\"valueRequired\":true,\"valueName\":\"search_term_string\"}}],\"inLanguage\":\"cs\"}]}<\/script>\n<!-- \/ Yoast SEO plugin. -->","yoast_head_json":{"title":"V\u00fdhodn\u00e1 Nab\u00eddka Sapho Samolep\u00edc\u00ed trojh\u00e1\u010dek, kulat\u00fd, \u010dern\u00e1 mat 32203B -","robots":{"index":"index","follow":"follow","max-snippet":"max-snippet:-1","max-image-preview":"max-image-preview:large","max-video-preview":"max-video-preview:-1"},"canonical":"https:\/\/www.koupeltech.com\/index.php\/produkt\/vyhodna-nabidka-sapho-samolepici-trojhacek-kulaty-cerna-mat-32203b-13584\/","og_locale":"cs_CZ","og_type":"article","og_title":"V\u00fdhodn\u00e1 Nab\u00eddka Sapho Samolep\u00edc\u00ed trojh\u00e1\u010dek, kulat\u00fd, \u010dern\u00e1 mat 32203B -","og_description":"Sapho Samolep\u00edc\u00ed trojh\u00e1\u010dek, kulat\u00fd, \u010dern\u00e1 mat 32203B Opat\u0159en oboustrannou\u00a0lep\u00edc\u00ed p\u00e1skou, kter\u00e1 zaru\u010duje mimo\u0159\u00e1dnou \u017eivotnost spoje a\u00a0spolehliv\u011b nahrazuje vruty pro trval\u00e9 upevn\u011bn\u00ed P\u0159ed nalepen\u00edm se ujist\u011bte, \u017ee povrch nen\u00ed \u0161pinav\u00fd, zapr\u00e1\u0161en\u00fd nebo mastn\u00fd Vlastnosti Materi\u00e1l: Nerez Barva: \u010cern\u00e1 Instalace: Lepen\u00ed Tvar: Kruhov\u00e9 Rozm\u011br: 180x48x30 mm Druh: Trojh\u00e1\u010dek \u0160\u00ed\u0159ka: 180 mm V\u00fd\u0161ka: 48 mm Hloubka: 30 mm [&hellip;]","og_url":"https:\/\/www.koupeltech.com\/index.php\/produkt\/vyhodna-nabidka-sapho-samolepici-trojhacek-kulaty-cerna-mat-32203b-13584\/","og_image":[{"width":812,"height":504,"url":"https:\/\/www.koupeltech.com\/wp-content\/uploads\/2026\/SK0019787-CZ20260425-093041-0-1777080643-87308a9e67e411df02c43414fdd8a84a.webp","type":"image\/webp"}],"twitter_card":"summary_large_image","schema":{"@context":"https:\/\/schema.org","@graph":[{"@type":"WebPage","@id":"https:\/\/www.koupeltech.com\/index.php\/produkt\/vyhodna-nabidka-sapho-samolepici-trojhacek-kulaty-cerna-mat-32203b-13584\/","url":"https:\/\/www.koupeltech.com\/index.php\/produkt\/vyhodna-nabidka-sapho-samolepici-trojhacek-kulaty-cerna-mat-32203b-13584\/","name":"V\u00fdhodn\u00e1 Nab\u00eddka Sapho Samolep\u00edc\u00ed trojh\u00e1\u010dek, kulat\u00fd, \u010dern\u00e1 mat 32203B -","isPartOf":{"@id":"https:\/\/www.koupeltech.com\/#website"},"primaryImageOfPage":{"@id":"https:\/\/www.koupeltech.com\/index.php\/produkt\/vyhodna-nabidka-sapho-samolepici-trojhacek-kulaty-cerna-mat-32203b-13584\/#primaryimage"},"image":{"@id":"https:\/\/www.koupeltech.com\/index.php\/produkt\/vyhodna-nabidka-sapho-samolepici-trojhacek-kulaty-cerna-mat-32203b-13584\/#primaryimage"},"thumbnailUrl":"https:\/\/www.koupeltech.com\/wp-content\/uploads\/2026\/SK0019787-CZ20260425-093041-0-1777080643-87308a9e67e411df02c43414fdd8a84a.webp","datePublished":"2026-04-27T13:57:50+00:00","breadcrumb":{"@id":"https:\/\/www.koupeltech.com\/index.php\/produkt\/vyhodna-nabidka-sapho-samolepici-trojhacek-kulaty-cerna-mat-32203b-13584\/#breadcrumb"},"inLanguage":"cs","potentialAction":[{"@type":"ReadAction","target":["https:\/\/www.koupeltech.com\/index.php\/produkt\/vyhodna-nabidka-sapho-samolepici-trojhacek-kulaty-cerna-mat-32203b-13584\/"]}]},{"@type":"ImageObject","inLanguage":"cs","@id":"https:\/\/www.koupeltech.com\/index.php\/produkt\/vyhodna-nabidka-sapho-samolepici-trojhacek-kulaty-cerna-mat-32203b-13584\/#primaryimage","url":"https:\/\/www.koupeltech.com\/wp-content\/uploads\/2026\/SK0019787-CZ20260425-093041-0-1777080643-87308a9e67e411df02c43414fdd8a84a.webp","contentUrl":"https:\/\/www.koupeltech.com\/wp-content\/uploads\/2026\/SK0019787-CZ20260425-093041-0-1777080643-87308a9e67e411df02c43414fdd8a84a.webp","width":812,"height":504},{"@type":"BreadcrumbList","@id":"https:\/\/www.koupeltech.com\/index.php\/produkt\/vyhodna-nabidka-sapho-samolepici-trojhacek-kulaty-cerna-mat-32203b-13584\/#breadcrumb","itemListElement":[{"@type":"ListItem","position":1,"name":"Home","item":"https:\/\/www.koupeltech.com\/"},{"@type":"ListItem","position":2,"name":"Products","item":"https:\/\/www.koupeltech.com\/index.php\/products\/"},{"@type":"ListItem","position":3,"name":"V\u00fdhodn\u00e1 Nab\u00eddka Sapho Samolep\u00edc\u00ed trojh\u00e1\u010dek, kulat\u00fd, \u010dern\u00e1 mat 32203B"}]},{"@type":"WebSite","@id":"https:\/\/www.koupeltech.com\/#website","url":"https:\/\/www.koupeltech.com\/","name":"","description":"","potentialAction":[{"@type":"SearchAction","target":{"@type":"EntryPoint","urlTemplate":"https:\/\/www.koupeltech.com\/?s={search_term_string}"},"query-input":{"@type":"PropertyValueSpecification","valueRequired":true,"valueName":"search_term_string"}}],"inLanguage":"cs"}]}},"_links":{"self":[{"href":"https:\/\/www.koupeltech.com\/index.php\/wp-json\/wp\/v2\/product\/13584","targetHints":{"allow":["GET"]}}],"collection":[{"href":"https:\/\/www.koupeltech.com\/index.php\/wp-json\/wp\/v2\/product"}],"about":[{"href":"https:\/\/www.koupeltech.com\/index.php\/wp-json\/wp\/v2\/types\/product"}],"replies":[{"embeddable":true,"href":"https:\/\/www.koupeltech.com\/index.php\/wp-json\/wp\/v2\/comments?post=13584"}],"wp:featuredmedia":[{"embeddable":true,"href":"https:\/\/www.koupeltech.com\/index.php\/wp-json\/wp\/v2\/media\/13684"}],"wp:attachment":[{"href":"https:\/\/www.koupeltech.com\/index.php\/wp-json\/wp\/v2\/media?parent=13584"}],"wp:term":[{"taxonomy":"product_brand","embeddable":true,"href":"https:\/\/www.koupeltech.com\/index.php\/wp-json\/wp\/v2\/product_brand?post=13584"},{"taxonomy":"product_cat","embeddable":true,"href":"https:\/\/www.koupeltech.com\/index.php\/wp-json\/wp\/v2\/product_cat?post=13584"},{"taxonomy":"product_tag","embeddable":true,"href":"https:\/\/www.koupeltech.com\/index.php\/wp-json\/wp\/v2\/product_tag?post=13584"}],"curies":[{"name":"wp","href":"https:\/\/api.w.org\/{rel}","templated":true}]}}