{"id":13586,"date":"2026-04-27T13:57:50","date_gmt":"2026-04-27T13:57:50","guid":{"rendered":""},"modified":"2026-04-27T13:57:50","modified_gmt":"2026-04-27T13:57:50","slug":"geberit-geberit-duofix-podomitkova-nadrzka-sigma-12cm-pro-montaz-do-sadrokartonu-111-925-00-6-cenove-vyhodny-13586","status":"publish","type":"product","link":"https:\/\/www.koupeltech.com\/index.php\/produkt\/geberit-geberit-duofix-podomitkova-nadrzka-sigma-12cm-pro-montaz-do-sadrokartonu-111-925-00-6-cenove-vyhodny-13586\/","title":{"rendered":"Geberit GEBERIT DUOFIX podom\u00edtkov\u00e1 n\u00e1dr\u017eka Sigma 12cm, pro mont\u00e1\u017e do s\u00e1drokartonu 111.925.00.6 Cenov\u011b V\u00fdhodn\u00fd"},"content":{"rendered":"<div class=\"tabs__content-outer\" id=\"tab_description\" data-hash=\"description\" data-tabindex=\"-1\">\n<div class=\"tabs__content toggle_description\" id=\"content_description\">\n<div class=\"wysiwyg-content\">\n<div class=\"product__tab product__description full-width\">\n<div class=\"container\">\n<div >\n<h3>Geberit GEBERIT DUOFIX podom\u00edtkov\u00e1 n\u00e1dr\u017eka Sigma 12cm, pro mont\u00e1\u017e do s\u00e1drokartonu 111.925.00.6<\/h3>\n<div>\n<ul>\n<li>Se splachovac\u00ed n\u00e1dr\u017ekou pod om\u00edtku Sigma 12 cm<\/li>\n<li>Pro kovov\u00e9 a d\u0159ev\u011bn\u00e9 sloupkov\u00e9 st\u011bny<\/li>\n<li>Pro syst\u00e9mov\u00e9 st\u011bny Geberit Duofix<\/li>\n<li>K mont\u00e1\u017ei do \u010deln\u00edch st\u011bn \u010d\u00e1ste\u010dn\u011b vysok\u00fdch nebo vysok\u00fdch na v\u00fd\u0161ku m\u00edstnosti<\/li>\n<li>K mont\u00e1\u017ei do d\u011blic\u00edch st\u011bn vysok\u00fdch na v\u00fd\u0161ku m\u00edstnosti<\/li>\n<li>Pro tlou\u0161\u0165ky podlahy 0\u201325 cm<\/li>\n<li>Pro z\u00e1v\u011bsn\u00e1 WC <\/li>\n<\/ul>\n<p>Vlastnosti<\/p>\n<ul>\n<li>Staticky samonosn\u00fd r\u00e1m, chr\u00e1n\u011bn\u00fd proti korozi pr\u00e1\u0161kov\u00fdm potahem<\/li>\n<li>R\u00e1m pro z\u00e1v\u011bsn\u00e1 WC s p\u0159ipojovac\u00edmi rozm\u011bry dle EN 33 a vylo\u017een\u00edm a\u017e 70 cm<\/li>\n<li>S v\u00fdsuvnou deskou pro bo\u010dn\u00ed upevn\u011bn\u00ed nad mont\u00e1\u017en\u00edm prvkem na kovov\u00e9 nebo d\u0159ev\u011bn\u00e9 profily nebo na syst\u00e9mov\u00e9 stojiny Geberit Duofix<\/li>\n<li>Alternativn\u00ed mont\u00e1\u017en\u00ed poloha pro n\u00e1st\u011bnn\u00e9 kotvy<\/li>\n<li>Patn\u00ed desky lze ot\u00e1\u010det, vhodn\u00e9 pro mont\u00e1\u017e do U profil\u016f UW 50 a UW 75<\/li>\n<li>Patn\u00ed desky lze instalovat do syst\u00e9mov\u00e9 li\u0161ty Geberit Duofix bez n\u00e1\u0159ad\u00ed, bez dal\u0161\u00edch komponent\u016f<\/li>\n<li>Pozinkovan\u00e9 podp\u011bry, chr\u00e1n\u011bn\u00e9 proti korozi, s protiskluzov\u00fdmi vlastnostmi<\/li>\n<li>P\u0159ipojovac\u00ed koleno pro mont\u00e1\u017e bez n\u00e1\u0159ad\u00ed v r\u016fzn\u00fdch hloubk\u00e1ch, rozsah nastaven\u00ed 45 mm<\/li>\n<li>Splachovac\u00ed n\u00e1dr\u017eka pod om\u00edtku Geberit Sigma 12 cm, s izolac\u00ed proti orosov\u00e1n\u00ed<\/li>\n<li>Pro ovl\u00e1d\u00e1n\u00ed zep\u0159edu, vhodn\u00e9 pro 1 mno\u017estv\u00ed splachov\u00e1n\u00ed, 2 mno\u017estv\u00ed splachov\u00e1n\u00ed a splachov\u00e1n\u00ed Start\/Stop<\/li>\n<li>U nastaven\u00ed z v\u00fdroby je mo\u017en\u00e9 okam\u017eit\u00e9 dodate\u010dn\u00e9 spl\u00e1chnut\u00ed<\/li>\n<li>P\u0159\u00edvod vody vzadu nebo naho\u0159e uprost\u0159ed<\/li>\n<li>Kryt pro hrubou mont\u00e1\u017e pro servisn\u00ed otvor s mo\u017enost\u00ed zkr\u00e1cen\u00ed, chr\u00e1n\u00ed p\u0159ed vlhkost\u00ed a ne\u010distotami<\/li>\n<li>S trubkovou chr\u00e1ni\u010dkou pro p\u0159\u00edvodn\u00ed potrub\u00ed vody pro sprchovac\u00ed WC Geberit AquaClean a pro p\u0159ipojovac\u00ed kabel<\/li>\n<li>Mo\u017enost upevn\u011bn\u00ed pro p\u0159\u00edvod elekt\u0159iny a Power &amp; Connect Box <\/li>\n<\/ul>\n<p>Technick\u00e9 \u00fadaje<\/p>\n<ul>\n<li>Tlak p\u0159i pr\u016ftoku: 10 &#8211; 1 000 kPa<\/li>\n<li>Maxim\u00e1ln\u00ed teplota vody: 25 \u00b0C<\/li>\n<li>Splachovac\u00ed mno\u017estv\u00ed &#8211; nastaven\u00e9 ve v\u00fdrob\u011b: 3\/6 l<\/li>\n<li>Velk\u00e9 splachovac\u00ed mno\u017estv\u00ed &#8211; rozsah nastaven\u00ed: 4\/ 4,5 \/ 6 \/ 7,5 l<\/li>\n<li>Mal\u00e9 splachovac\u00ed mno\u017estv\u00ed &#8211; rozsah nastaven\u00ed: 2 &#8211; 4 l<\/li>\n<li>V\u00fdpo\u010dtov\u00fd pr\u016ftok: 0,09 l\/s<\/li>\n<li>Minim\u00e1ln\u00ed p\u0159etlak pro v\u00fdpo\u010dtov\u00fd pr\u016ftok: 10 kPa <\/li>\n<\/ul>\n<p>Obsah balen\u00ed<\/p>\n<ul>\n<li>P\u0159\u00edvod vody R 1\/2&#8243;, vhodn\u00fd pro MasterFix a MeplaFix, s integrovan\u00fdm rohov\u00fdm ventilem a ru\u010dn\u00edm ovl\u00e1dac\u00edm kole\u010dkem<\/li>\n<li>Kryt pro hrubou mont\u00e1\u017e pro servisn\u00ed otvor<\/li>\n<li>P\u0159ipojovac\u00ed souprava pro WC, pr\u016fm\u011br 90 mm<\/li>\n<li>P\u0159ipojovac\u00ed koleno 90\u00b0 z PE-HD, pr\u016fm\u011br 90 mm<\/li>\n<li>P\u0159echodka z PE-HD, pr\u016fm\u011br\u00a0 90 \/ 110 mm<\/li>\n<li>Upev\u0148ovac\u00ed materi\u00e1l<\/li>\n<\/ul>\n<\/div>\n<\/div><\/div>\n<\/p><\/div>\n<\/p><\/div>\n<\/p><\/div>\n","protected":false},"excerpt":{"rendered":"<p>Geberit GEBERIT DUOFIX podom\u00edtkov\u00e1 n\u00e1dr\u017eka Sigma 12cm, pro mont\u00e1\u017e do s\u00e1drokartonu 111.925.00.6 Se splachovac\u00ed n\u00e1dr\u017ekou pod om\u00edtku Sigma 12 cm Pro kovov\u00e9 a d\u0159ev\u011bn\u00e9 sloupkov\u00e9 st\u011bny Pro syst\u00e9mov\u00e9 st\u011bny Geberit Duofix K mont\u00e1\u017ei do \u010deln\u00edch st\u011bn \u010d\u00e1ste\u010dn\u011b vysok\u00fdch nebo vysok\u00fdch na v\u00fd\u0161ku m\u00edstnosti K mont\u00e1\u017ei do d\u011blic\u00edch st\u011bn vysok\u00fdch na v\u00fd\u0161ku m\u00edstnosti Pro tlou\u0161\u0165ky podlahy [&hellip;]<\/p>\n","protected":false},"featured_media":13686,"comment_status":"open","ping_status":"open","template":"","meta":[],"product_brand":[],"product_cat":[83],"product_tag":[],"class_list":{"0":"post-13586","1":"product","2":"type-product","3":"status-publish","4":"has-post-thumbnail","6":"product_cat-koupelna","8":"first","9":"instock","10":"sale","11":"shipping-taxable","12":"purchasable","13":"product-type-simple"},"yoast_head":"<!-- This site is optimized with the Yoast SEO plugin v26.8 - https:\/\/yoast.com\/product\/yoast-seo-wordpress\/ -->\n<title>Geberit GEBERIT DUOFIX podom\u00edtkov\u00e1 n\u00e1dr\u017eka Sigma 12cm, pro mont\u00e1\u017e do s\u00e1drokartonu 111.925.00.6 Cenov\u011b V\u00fdhodn\u00fd -<\/title>\n<meta name=\"robots\" content=\"index, follow, max-snippet:-1, max-image-preview:large, max-video-preview:-1\" \/>\n<link rel=\"canonical\" href=\"https:\/\/www.koupeltech.com\/index.php\/produkt\/geberit-geberit-duofix-podomitkova-nadrzka-sigma-12cm-pro-montaz-do-sadrokartonu-111-925-00-6-cenove-vyhodny-13586\/\" \/>\n<meta property=\"og:locale\" content=\"cs_CZ\" \/>\n<meta property=\"og:type\" content=\"article\" \/>\n<meta property=\"og:title\" content=\"Geberit GEBERIT DUOFIX podom\u00edtkov\u00e1 n\u00e1dr\u017eka Sigma 12cm, pro mont\u00e1\u017e do s\u00e1drokartonu 111.925.00.6 Cenov\u011b V\u00fdhodn\u00fd -\" \/>\n<meta property=\"og:description\" content=\"Geberit GEBERIT DUOFIX podom\u00edtkov\u00e1 n\u00e1dr\u017eka Sigma 12cm, pro mont\u00e1\u017e do s\u00e1drokartonu 111.925.00.6 Se splachovac\u00ed n\u00e1dr\u017ekou pod om\u00edtku Sigma 12 cm Pro kovov\u00e9 a d\u0159ev\u011bn\u00e9 sloupkov\u00e9 st\u011bny Pro syst\u00e9mov\u00e9 st\u011bny Geberit Duofix K mont\u00e1\u017ei do \u010deln\u00edch st\u011bn \u010d\u00e1ste\u010dn\u011b vysok\u00fdch nebo vysok\u00fdch na v\u00fd\u0161ku m\u00edstnosti K mont\u00e1\u017ei do d\u011blic\u00edch st\u011bn vysok\u00fdch na v\u00fd\u0161ku m\u00edstnosti Pro tlou\u0161\u0165ky podlahy [&hellip;]\" \/>\n<meta property=\"og:url\" content=\"https:\/\/www.koupeltech.com\/index.php\/produkt\/geberit-geberit-duofix-podomitkova-nadrzka-sigma-12cm-pro-montaz-do-sadrokartonu-111-925-00-6-cenove-vyhodny-13586\/\" \/>\n<meta property=\"og:image\" content=\"https:\/\/www.koupeltech.com\/wp-content\/uploads\/2026\/SK0019789-CZ20260425-093041-0-1777080643-b272ef5c177202476a6396a7298b3ce7.webp\" \/>\n\t<meta property=\"og:image:width\" content=\"324\" \/>\n\t<meta property=\"og:image:height\" content=\"800\" \/>\n\t<meta property=\"og:image:type\" content=\"image\/webp\" \/>\n<meta name=\"twitter:card\" content=\"summary_large_image\" \/>\n<meta name=\"twitter:label1\" content=\"Odhadovan\u00e1 doba \u010dten\u00ed\" \/>\n\t<meta name=\"twitter:data1\" content=\"2 minuty\" \/>\n<script type=\"application\/ld+json\" class=\"yoast-schema-graph\">{\"@context\":\"https:\/\/schema.org\",\"@graph\":[{\"@type\":\"WebPage\",\"@id\":\"https:\/\/www.koupeltech.com\/index.php\/produkt\/geberit-geberit-duofix-podomitkova-nadrzka-sigma-12cm-pro-montaz-do-sadrokartonu-111-925-00-6-cenove-vyhodny-13586\/\",\"url\":\"https:\/\/www.koupeltech.com\/index.php\/produkt\/geberit-geberit-duofix-podomitkova-nadrzka-sigma-12cm-pro-montaz-do-sadrokartonu-111-925-00-6-cenove-vyhodny-13586\/\",\"name\":\"Geberit GEBERIT DUOFIX podom\u00edtkov\u00e1 n\u00e1dr\u017eka Sigma 12cm, pro mont\u00e1\u017e do s\u00e1drokartonu 111.925.00.6 Cenov\u011b V\u00fdhodn\u00fd -\",\"isPartOf\":{\"@id\":\"https:\/\/www.koupeltech.com\/#website\"},\"primaryImageOfPage\":{\"@id\":\"https:\/\/www.koupeltech.com\/index.php\/produkt\/geberit-geberit-duofix-podomitkova-nadrzka-sigma-12cm-pro-montaz-do-sadrokartonu-111-925-00-6-cenove-vyhodny-13586\/#primaryimage\"},\"image\":{\"@id\":\"https:\/\/www.koupeltech.com\/index.php\/produkt\/geberit-geberit-duofix-podomitkova-nadrzka-sigma-12cm-pro-montaz-do-sadrokartonu-111-925-00-6-cenove-vyhodny-13586\/#primaryimage\"},\"thumbnailUrl\":\"https:\/\/www.koupeltech.com\/wp-content\/uploads\/2026\/SK0019789-CZ20260425-093041-0-1777080643-b272ef5c177202476a6396a7298b3ce7.webp\",\"datePublished\":\"2026-04-27T13:57:50+00:00\",\"breadcrumb\":{\"@id\":\"https:\/\/www.koupeltech.com\/index.php\/produkt\/geberit-geberit-duofix-podomitkova-nadrzka-sigma-12cm-pro-montaz-do-sadrokartonu-111-925-00-6-cenove-vyhodny-13586\/#breadcrumb\"},\"inLanguage\":\"cs\",\"potentialAction\":[{\"@type\":\"ReadAction\",\"target\":[\"https:\/\/www.koupeltech.com\/index.php\/produkt\/geberit-geberit-duofix-podomitkova-nadrzka-sigma-12cm-pro-montaz-do-sadrokartonu-111-925-00-6-cenove-vyhodny-13586\/\"]}]},{\"@type\":\"ImageObject\",\"inLanguage\":\"cs\",\"@id\":\"https:\/\/www.koupeltech.com\/index.php\/produkt\/geberit-geberit-duofix-podomitkova-nadrzka-sigma-12cm-pro-montaz-do-sadrokartonu-111-925-00-6-cenove-vyhodny-13586\/#primaryimage\",\"url\":\"https:\/\/www.koupeltech.com\/wp-content\/uploads\/2026\/SK0019789-CZ20260425-093041-0-1777080643-b272ef5c177202476a6396a7298b3ce7.webp\",\"contentUrl\":\"https:\/\/www.koupeltech.com\/wp-content\/uploads\/2026\/SK0019789-CZ20260425-093041-0-1777080643-b272ef5c177202476a6396a7298b3ce7.webp\",\"width\":324,\"height\":800},{\"@type\":\"BreadcrumbList\",\"@id\":\"https:\/\/www.koupeltech.com\/index.php\/produkt\/geberit-geberit-duofix-podomitkova-nadrzka-sigma-12cm-pro-montaz-do-sadrokartonu-111-925-00-6-cenove-vyhodny-13586\/#breadcrumb\",\"itemListElement\":[{\"@type\":\"ListItem\",\"position\":1,\"name\":\"Home\",\"item\":\"https:\/\/www.koupeltech.com\/\"},{\"@type\":\"ListItem\",\"position\":2,\"name\":\"Products\",\"item\":\"https:\/\/www.koupeltech.com\/index.php\/products\/\"},{\"@type\":\"ListItem\",\"position\":3,\"name\":\"Geberit GEBERIT DUOFIX podom\u00edtkov\u00e1 n\u00e1dr\u017eka Sigma 12cm, pro mont\u00e1\u017e do s\u00e1drokartonu 111.925.00.6 Cenov\u011b V\u00fdhodn\u00fd\"}]},{\"@type\":\"WebSite\",\"@id\":\"https:\/\/www.koupeltech.com\/#website\",\"url\":\"https:\/\/www.koupeltech.com\/\",\"name\":\"\",\"description\":\"\",\"potentialAction\":[{\"@type\":\"SearchAction\",\"target\":{\"@type\":\"EntryPoint\",\"urlTemplate\":\"https:\/\/www.koupeltech.com\/?s={search_term_string}\"},\"query-input\":{\"@type\":\"PropertyValueSpecification\",\"valueRequired\":true,\"valueName\":\"search_term_string\"}}],\"inLanguage\":\"cs\"}]}<\/script>\n<!-- \/ Yoast SEO plugin. -->","yoast_head_json":{"title":"Geberit GEBERIT DUOFIX podom\u00edtkov\u00e1 n\u00e1dr\u017eka Sigma 12cm, pro mont\u00e1\u017e do s\u00e1drokartonu 111.925.00.6 Cenov\u011b V\u00fdhodn\u00fd -","robots":{"index":"index","follow":"follow","max-snippet":"max-snippet:-1","max-image-preview":"max-image-preview:large","max-video-preview":"max-video-preview:-1"},"canonical":"https:\/\/www.koupeltech.com\/index.php\/produkt\/geberit-geberit-duofix-podomitkova-nadrzka-sigma-12cm-pro-montaz-do-sadrokartonu-111-925-00-6-cenove-vyhodny-13586\/","og_locale":"cs_CZ","og_type":"article","og_title":"Geberit GEBERIT DUOFIX podom\u00edtkov\u00e1 n\u00e1dr\u017eka Sigma 12cm, pro mont\u00e1\u017e do s\u00e1drokartonu 111.925.00.6 Cenov\u011b V\u00fdhodn\u00fd -","og_description":"Geberit GEBERIT DUOFIX podom\u00edtkov\u00e1 n\u00e1dr\u017eka Sigma 12cm, pro mont\u00e1\u017e do s\u00e1drokartonu 111.925.00.6 Se splachovac\u00ed n\u00e1dr\u017ekou pod om\u00edtku Sigma 12 cm Pro kovov\u00e9 a d\u0159ev\u011bn\u00e9 sloupkov\u00e9 st\u011bny Pro syst\u00e9mov\u00e9 st\u011bny Geberit Duofix K mont\u00e1\u017ei do \u010deln\u00edch st\u011bn \u010d\u00e1ste\u010dn\u011b vysok\u00fdch nebo vysok\u00fdch na v\u00fd\u0161ku m\u00edstnosti K mont\u00e1\u017ei do d\u011blic\u00edch st\u011bn vysok\u00fdch na v\u00fd\u0161ku m\u00edstnosti Pro tlou\u0161\u0165ky podlahy [&hellip;]","og_url":"https:\/\/www.koupeltech.com\/index.php\/produkt\/geberit-geberit-duofix-podomitkova-nadrzka-sigma-12cm-pro-montaz-do-sadrokartonu-111-925-00-6-cenove-vyhodny-13586\/","og_image":[{"width":324,"height":800,"url":"https:\/\/www.koupeltech.com\/wp-content\/uploads\/2026\/SK0019789-CZ20260425-093041-0-1777080643-b272ef5c177202476a6396a7298b3ce7.webp","type":"image\/webp"}],"twitter_card":"summary_large_image","twitter_misc":{"Odhadovan\u00e1 doba \u010dten\u00ed":"2 minuty"},"schema":{"@context":"https:\/\/schema.org","@graph":[{"@type":"WebPage","@id":"https:\/\/www.koupeltech.com\/index.php\/produkt\/geberit-geberit-duofix-podomitkova-nadrzka-sigma-12cm-pro-montaz-do-sadrokartonu-111-925-00-6-cenove-vyhodny-13586\/","url":"https:\/\/www.koupeltech.com\/index.php\/produkt\/geberit-geberit-duofix-podomitkova-nadrzka-sigma-12cm-pro-montaz-do-sadrokartonu-111-925-00-6-cenove-vyhodny-13586\/","name":"Geberit GEBERIT DUOFIX podom\u00edtkov\u00e1 n\u00e1dr\u017eka Sigma 12cm, pro mont\u00e1\u017e do s\u00e1drokartonu 111.925.00.6 Cenov\u011b V\u00fdhodn\u00fd -","isPartOf":{"@id":"https:\/\/www.koupeltech.com\/#website"},"primaryImageOfPage":{"@id":"https:\/\/www.koupeltech.com\/index.php\/produkt\/geberit-geberit-duofix-podomitkova-nadrzka-sigma-12cm-pro-montaz-do-sadrokartonu-111-925-00-6-cenove-vyhodny-13586\/#primaryimage"},"image":{"@id":"https:\/\/www.koupeltech.com\/index.php\/produkt\/geberit-geberit-duofix-podomitkova-nadrzka-sigma-12cm-pro-montaz-do-sadrokartonu-111-925-00-6-cenove-vyhodny-13586\/#primaryimage"},"thumbnailUrl":"https:\/\/www.koupeltech.com\/wp-content\/uploads\/2026\/SK0019789-CZ20260425-093041-0-1777080643-b272ef5c177202476a6396a7298b3ce7.webp","datePublished":"2026-04-27T13:57:50+00:00","breadcrumb":{"@id":"https:\/\/www.koupeltech.com\/index.php\/produkt\/geberit-geberit-duofix-podomitkova-nadrzka-sigma-12cm-pro-montaz-do-sadrokartonu-111-925-00-6-cenove-vyhodny-13586\/#breadcrumb"},"inLanguage":"cs","potentialAction":[{"@type":"ReadAction","target":["https:\/\/www.koupeltech.com\/index.php\/produkt\/geberit-geberit-duofix-podomitkova-nadrzka-sigma-12cm-pro-montaz-do-sadrokartonu-111-925-00-6-cenove-vyhodny-13586\/"]}]},{"@type":"ImageObject","inLanguage":"cs","@id":"https:\/\/www.koupeltech.com\/index.php\/produkt\/geberit-geberit-duofix-podomitkova-nadrzka-sigma-12cm-pro-montaz-do-sadrokartonu-111-925-00-6-cenove-vyhodny-13586\/#primaryimage","url":"https:\/\/www.koupeltech.com\/wp-content\/uploads\/2026\/SK0019789-CZ20260425-093041-0-1777080643-b272ef5c177202476a6396a7298b3ce7.webp","contentUrl":"https:\/\/www.koupeltech.com\/wp-content\/uploads\/2026\/SK0019789-CZ20260425-093041-0-1777080643-b272ef5c177202476a6396a7298b3ce7.webp","width":324,"height":800},{"@type":"BreadcrumbList","@id":"https:\/\/www.koupeltech.com\/index.php\/produkt\/geberit-geberit-duofix-podomitkova-nadrzka-sigma-12cm-pro-montaz-do-sadrokartonu-111-925-00-6-cenove-vyhodny-13586\/#breadcrumb","itemListElement":[{"@type":"ListItem","position":1,"name":"Home","item":"https:\/\/www.koupeltech.com\/"},{"@type":"ListItem","position":2,"name":"Products","item":"https:\/\/www.koupeltech.com\/index.php\/products\/"},{"@type":"ListItem","position":3,"name":"Geberit GEBERIT DUOFIX podom\u00edtkov\u00e1 n\u00e1dr\u017eka Sigma 12cm, pro mont\u00e1\u017e do s\u00e1drokartonu 111.925.00.6 Cenov\u011b V\u00fdhodn\u00fd"}]},{"@type":"WebSite","@id":"https:\/\/www.koupeltech.com\/#website","url":"https:\/\/www.koupeltech.com\/","name":"","description":"","potentialAction":[{"@type":"SearchAction","target":{"@type":"EntryPoint","urlTemplate":"https:\/\/www.koupeltech.com\/?s={search_term_string}"},"query-input":{"@type":"PropertyValueSpecification","valueRequired":true,"valueName":"search_term_string"}}],"inLanguage":"cs"}]}},"_links":{"self":[{"href":"https:\/\/www.koupeltech.com\/index.php\/wp-json\/wp\/v2\/product\/13586","targetHints":{"allow":["GET"]}}],"collection":[{"href":"https:\/\/www.koupeltech.com\/index.php\/wp-json\/wp\/v2\/product"}],"about":[{"href":"https:\/\/www.koupeltech.com\/index.php\/wp-json\/wp\/v2\/types\/product"}],"replies":[{"embeddable":true,"href":"https:\/\/www.koupeltech.com\/index.php\/wp-json\/wp\/v2\/comments?post=13586"}],"wp:featuredmedia":[{"embeddable":true,"href":"https:\/\/www.koupeltech.com\/index.php\/wp-json\/wp\/v2\/media\/13686"}],"wp:attachment":[{"href":"https:\/\/www.koupeltech.com\/index.php\/wp-json\/wp\/v2\/media?parent=13586"}],"wp:term":[{"taxonomy":"product_brand","embeddable":true,"href":"https:\/\/www.koupeltech.com\/index.php\/wp-json\/wp\/v2\/product_brand?post=13586"},{"taxonomy":"product_cat","embeddable":true,"href":"https:\/\/www.koupeltech.com\/index.php\/wp-json\/wp\/v2\/product_cat?post=13586"},{"taxonomy":"product_tag","embeddable":true,"href":"https:\/\/www.koupeltech.com\/index.php\/wp-json\/wp\/v2\/product_tag?post=13586"}],"curies":[{"name":"wp","href":"https:\/\/api.w.org\/{rel}","templated":true}]}}