{"id":13587,"date":"2026-04-27T13:57:50","date_gmt":"2026-04-27T13:57:50","guid":{"rendered":""},"modified":"2026-04-27T13:57:50","modified_gmt":"2026-04-27T13:57:50","slug":"sapho-slim-hlavova-sprcha-prumer-300mm-med-mat-ms573pg-casove-omezene-13587","status":"publish","type":"product","link":"https:\/\/www.koupeltech.com\/index.php\/produkt\/sapho-slim-hlavova-sprcha-prumer-300mm-med-mat-ms573pg-casove-omezene-13587\/","title":{"rendered":"Sapho SLIM hlavov\u00e1 sprcha, pr\u016fm\u011br 300mm, m\u011b\u010f mat MS573PG \u010casov\u011b Omezen\u00e9"},"content":{"rendered":"<div class=\"tabs__content-outer\" id=\"tab_description\" data-hash=\"description\" data-tabindex=\"-1\">\n<div class=\"tabs__content toggle_description\" id=\"content_description\">\n<div class=\"wysiwyg-content\">\n<div class=\"product__tab product__description full-width\">\n<div class=\"container\">\n<div >\n<h3>Sapho SLIM hlavov\u00e1 sprcha, pr\u016fm\u011br 300mm, m\u011b\u010f mat MS573PG<\/h3>\n<div class=\"product-explanation-item\">\n<h3>AntiCalc<\/h3>\n<div style=\"float: left;\"><\/div>\n<p style=\"text-align: justify;\">Odolnost v\u016f\u010di usazov\u00e1n\u00ed vodn\u00edho kamene a snadn\u00e9 \u010di\u0161t\u011bn\u00ed.<\/p>\n<\/p><\/div>\n<div class=\"product-explanation-item\">\n<h3>PVD povrchov\u00e1 \u00faprava<\/h3>\n<p style=\"text-align: justify;\">Technologie nan\u00e1\u0161en\u00ed tenk\u00fdch vrstev napa\u0159ov\u00e1n\u00edm ve vakuov\u00e9 komo\u0159e. Nan\u00e1\u0161en\u00fd materi\u00e1l se spojuje s podkladem na molekul\u00e1rn\u00ed b\u00e1zi. D\u00edky tomu se povrch stane tvrd\u00fdm, odoln\u00fdm korozi, kyselin\u00e1m, ot\u011bru a vysok\u00fdm teplot\u00e1m. Tato technologie je nav\u00edc \u0161etrn\u00e1 k \u017eivotn\u00edmu prost\u0159ed\u00ed.<\/p>\n<\/p><\/div>\n<p><\/p>\n<p><b>Vlastnosti<\/b><\/p>\n<ul>\n<li><span>Materi\u00e1l:<\/span> Nerez<\/li>\n<li><span>Barva:<\/span> Hn\u011bd\u00e1<\/li>\n<li><span>Instalace:<\/span> 1 cesta<\/li>\n<li><span>Tvar:<\/span> Kruhov\u00e9<\/li>\n<li><span>V\u00fd\u0161ka:<\/span> 5 mm<\/li>\n<li><span>Ostatn\u00ed:<\/span> AntiCalc, PVD povrchov\u00e1 \u00faprava<\/li>\n<li><span>Pr\u016fm\u011br:<\/span> 300 mm<\/li>\n<li><span>Funkce sprchy:<\/span> D\u00e9\u0161\u0165<\/li>\n<\/ul>\n<\/div><\/div>\n<\/p><\/div>\n<\/p><\/div>\n<\/p><\/div>\n","protected":false},"excerpt":{"rendered":"<p>Sapho SLIM hlavov\u00e1 sprcha, pr\u016fm\u011br 300mm, m\u011b\u010f mat MS573PG AntiCalc Odolnost v\u016f\u010di usazov\u00e1n\u00ed vodn\u00edho kamene a snadn\u00e9 \u010di\u0161t\u011bn\u00ed. PVD povrchov\u00e1 \u00faprava Technologie nan\u00e1\u0161en\u00ed tenk\u00fdch vrstev napa\u0159ov\u00e1n\u00edm ve vakuov\u00e9 komo\u0159e. Nan\u00e1\u0161en\u00fd materi\u00e1l se spojuje s podkladem na molekul\u00e1rn\u00ed b\u00e1zi. D\u00edky tomu se povrch stane tvrd\u00fdm, odoln\u00fdm korozi, kyselin\u00e1m, ot\u011bru a vysok\u00fdm teplot\u00e1m. Tato technologie je nav\u00edc [&hellip;]<\/p>\n","protected":false},"featured_media":13687,"comment_status":"open","ping_status":"open","template":"","meta":[],"product_brand":[],"product_cat":[83],"product_tag":[],"class_list":{"0":"post-13587","1":"product","2":"type-product","3":"status-publish","4":"has-post-thumbnail","6":"product_cat-koupelna","8":"first","9":"instock","10":"sale","11":"shipping-taxable","12":"purchasable","13":"product-type-simple"},"yoast_head":"<!-- This site is optimized with the Yoast SEO plugin v26.8 - https:\/\/yoast.com\/product\/yoast-seo-wordpress\/ -->\n<title>Sapho SLIM hlavov\u00e1 sprcha, pr\u016fm\u011br 300mm, m\u011b\u010f mat MS573PG \u010casov\u011b Omezen\u00e9 -<\/title>\n<meta name=\"robots\" content=\"index, follow, max-snippet:-1, max-image-preview:large, max-video-preview:-1\" \/>\n<link rel=\"canonical\" href=\"https:\/\/www.koupeltech.com\/index.php\/produkt\/sapho-slim-hlavova-sprcha-prumer-300mm-med-mat-ms573pg-casove-omezene-13587\/\" \/>\n<meta property=\"og:locale\" content=\"cs_CZ\" \/>\n<meta property=\"og:type\" content=\"article\" \/>\n<meta property=\"og:title\" content=\"Sapho SLIM hlavov\u00e1 sprcha, pr\u016fm\u011br 300mm, m\u011b\u010f mat MS573PG \u010casov\u011b Omezen\u00e9 -\" \/>\n<meta property=\"og:description\" content=\"Sapho SLIM hlavov\u00e1 sprcha, pr\u016fm\u011br 300mm, m\u011b\u010f mat MS573PG AntiCalc Odolnost v\u016f\u010di usazov\u00e1n\u00ed vodn\u00edho kamene a snadn\u00e9 \u010di\u0161t\u011bn\u00ed. PVD povrchov\u00e1 \u00faprava Technologie nan\u00e1\u0161en\u00ed tenk\u00fdch vrstev napa\u0159ov\u00e1n\u00edm ve vakuov\u00e9 komo\u0159e. Nan\u00e1\u0161en\u00fd materi\u00e1l se spojuje s podkladem na molekul\u00e1rn\u00ed b\u00e1zi. D\u00edky tomu se povrch stane tvrd\u00fdm, odoln\u00fdm korozi, kyselin\u00e1m, ot\u011bru a vysok\u00fdm teplot\u00e1m. Tato technologie je nav\u00edc [&hellip;]\" \/>\n<meta property=\"og:url\" content=\"https:\/\/www.koupeltech.com\/index.php\/produkt\/sapho-slim-hlavova-sprcha-prumer-300mm-med-mat-ms573pg-casove-omezene-13587\/\" \/>\n<meta property=\"og:image\" content=\"https:\/\/www.koupeltech.com\/wp-content\/uploads\/2026\/SK0019790-CZ20260425-093041-0-1777080643-5b2befaf5b25a6aca56b6e656886e2d9.webp\" \/>\n\t<meta property=\"og:image:width\" content=\"674\" \/>\n\t<meta property=\"og:image:height\" content=\"800\" \/>\n\t<meta property=\"og:image:type\" content=\"image\/webp\" \/>\n<meta name=\"twitter:card\" content=\"summary_large_image\" \/>\n<meta name=\"twitter:label1\" content=\"Odhadovan\u00e1 doba \u010dten\u00ed\" \/>\n\t<meta name=\"twitter:data1\" content=\"1 minuta\" \/>\n<script type=\"application\/ld+json\" class=\"yoast-schema-graph\">{\"@context\":\"https:\/\/schema.org\",\"@graph\":[{\"@type\":\"WebPage\",\"@id\":\"https:\/\/www.koupeltech.com\/index.php\/produkt\/sapho-slim-hlavova-sprcha-prumer-300mm-med-mat-ms573pg-casove-omezene-13587\/\",\"url\":\"https:\/\/www.koupeltech.com\/index.php\/produkt\/sapho-slim-hlavova-sprcha-prumer-300mm-med-mat-ms573pg-casove-omezene-13587\/\",\"name\":\"Sapho SLIM hlavov\u00e1 sprcha, pr\u016fm\u011br 300mm, m\u011b\u010f mat MS573PG \u010casov\u011b Omezen\u00e9 -\",\"isPartOf\":{\"@id\":\"https:\/\/www.koupeltech.com\/#website\"},\"primaryImageOfPage\":{\"@id\":\"https:\/\/www.koupeltech.com\/index.php\/produkt\/sapho-slim-hlavova-sprcha-prumer-300mm-med-mat-ms573pg-casove-omezene-13587\/#primaryimage\"},\"image\":{\"@id\":\"https:\/\/www.koupeltech.com\/index.php\/produkt\/sapho-slim-hlavova-sprcha-prumer-300mm-med-mat-ms573pg-casove-omezene-13587\/#primaryimage\"},\"thumbnailUrl\":\"https:\/\/www.koupeltech.com\/wp-content\/uploads\/2026\/SK0019790-CZ20260425-093041-0-1777080643-5b2befaf5b25a6aca56b6e656886e2d9.webp\",\"datePublished\":\"2026-04-27T13:57:50+00:00\",\"breadcrumb\":{\"@id\":\"https:\/\/www.koupeltech.com\/index.php\/produkt\/sapho-slim-hlavova-sprcha-prumer-300mm-med-mat-ms573pg-casove-omezene-13587\/#breadcrumb\"},\"inLanguage\":\"cs\",\"potentialAction\":[{\"@type\":\"ReadAction\",\"target\":[\"https:\/\/www.koupeltech.com\/index.php\/produkt\/sapho-slim-hlavova-sprcha-prumer-300mm-med-mat-ms573pg-casove-omezene-13587\/\"]}]},{\"@type\":\"ImageObject\",\"inLanguage\":\"cs\",\"@id\":\"https:\/\/www.koupeltech.com\/index.php\/produkt\/sapho-slim-hlavova-sprcha-prumer-300mm-med-mat-ms573pg-casove-omezene-13587\/#primaryimage\",\"url\":\"https:\/\/www.koupeltech.com\/wp-content\/uploads\/2026\/SK0019790-CZ20260425-093041-0-1777080643-5b2befaf5b25a6aca56b6e656886e2d9.webp\",\"contentUrl\":\"https:\/\/www.koupeltech.com\/wp-content\/uploads\/2026\/SK0019790-CZ20260425-093041-0-1777080643-5b2befaf5b25a6aca56b6e656886e2d9.webp\",\"width\":674,\"height\":800},{\"@type\":\"BreadcrumbList\",\"@id\":\"https:\/\/www.koupeltech.com\/index.php\/produkt\/sapho-slim-hlavova-sprcha-prumer-300mm-med-mat-ms573pg-casove-omezene-13587\/#breadcrumb\",\"itemListElement\":[{\"@type\":\"ListItem\",\"position\":1,\"name\":\"Home\",\"item\":\"https:\/\/www.koupeltech.com\/\"},{\"@type\":\"ListItem\",\"position\":2,\"name\":\"Products\",\"item\":\"https:\/\/www.koupeltech.com\/index.php\/products\/\"},{\"@type\":\"ListItem\",\"position\":3,\"name\":\"Sapho SLIM hlavov\u00e1 sprcha, pr\u016fm\u011br 300mm, m\u011b\u010f mat MS573PG \u010casov\u011b Omezen\u00e9\"}]},{\"@type\":\"WebSite\",\"@id\":\"https:\/\/www.koupeltech.com\/#website\",\"url\":\"https:\/\/www.koupeltech.com\/\",\"name\":\"\",\"description\":\"\",\"potentialAction\":[{\"@type\":\"SearchAction\",\"target\":{\"@type\":\"EntryPoint\",\"urlTemplate\":\"https:\/\/www.koupeltech.com\/?s={search_term_string}\"},\"query-input\":{\"@type\":\"PropertyValueSpecification\",\"valueRequired\":true,\"valueName\":\"search_term_string\"}}],\"inLanguage\":\"cs\"}]}<\/script>\n<!-- \/ Yoast SEO plugin. -->","yoast_head_json":{"title":"Sapho SLIM hlavov\u00e1 sprcha, pr\u016fm\u011br 300mm, m\u011b\u010f mat MS573PG \u010casov\u011b Omezen\u00e9 -","robots":{"index":"index","follow":"follow","max-snippet":"max-snippet:-1","max-image-preview":"max-image-preview:large","max-video-preview":"max-video-preview:-1"},"canonical":"https:\/\/www.koupeltech.com\/index.php\/produkt\/sapho-slim-hlavova-sprcha-prumer-300mm-med-mat-ms573pg-casove-omezene-13587\/","og_locale":"cs_CZ","og_type":"article","og_title":"Sapho SLIM hlavov\u00e1 sprcha, pr\u016fm\u011br 300mm, m\u011b\u010f mat MS573PG \u010casov\u011b Omezen\u00e9 -","og_description":"Sapho SLIM hlavov\u00e1 sprcha, pr\u016fm\u011br 300mm, m\u011b\u010f mat MS573PG AntiCalc Odolnost v\u016f\u010di usazov\u00e1n\u00ed vodn\u00edho kamene a snadn\u00e9 \u010di\u0161t\u011bn\u00ed. PVD povrchov\u00e1 \u00faprava Technologie nan\u00e1\u0161en\u00ed tenk\u00fdch vrstev napa\u0159ov\u00e1n\u00edm ve vakuov\u00e9 komo\u0159e. Nan\u00e1\u0161en\u00fd materi\u00e1l se spojuje s podkladem na molekul\u00e1rn\u00ed b\u00e1zi. D\u00edky tomu se povrch stane tvrd\u00fdm, odoln\u00fdm korozi, kyselin\u00e1m, ot\u011bru a vysok\u00fdm teplot\u00e1m. Tato technologie je nav\u00edc [&hellip;]","og_url":"https:\/\/www.koupeltech.com\/index.php\/produkt\/sapho-slim-hlavova-sprcha-prumer-300mm-med-mat-ms573pg-casove-omezene-13587\/","og_image":[{"width":674,"height":800,"url":"https:\/\/www.koupeltech.com\/wp-content\/uploads\/2026\/SK0019790-CZ20260425-093041-0-1777080643-5b2befaf5b25a6aca56b6e656886e2d9.webp","type":"image\/webp"}],"twitter_card":"summary_large_image","twitter_misc":{"Odhadovan\u00e1 doba \u010dten\u00ed":"1 minuta"},"schema":{"@context":"https:\/\/schema.org","@graph":[{"@type":"WebPage","@id":"https:\/\/www.koupeltech.com\/index.php\/produkt\/sapho-slim-hlavova-sprcha-prumer-300mm-med-mat-ms573pg-casove-omezene-13587\/","url":"https:\/\/www.koupeltech.com\/index.php\/produkt\/sapho-slim-hlavova-sprcha-prumer-300mm-med-mat-ms573pg-casove-omezene-13587\/","name":"Sapho SLIM hlavov\u00e1 sprcha, pr\u016fm\u011br 300mm, m\u011b\u010f mat MS573PG \u010casov\u011b Omezen\u00e9 -","isPartOf":{"@id":"https:\/\/www.koupeltech.com\/#website"},"primaryImageOfPage":{"@id":"https:\/\/www.koupeltech.com\/index.php\/produkt\/sapho-slim-hlavova-sprcha-prumer-300mm-med-mat-ms573pg-casove-omezene-13587\/#primaryimage"},"image":{"@id":"https:\/\/www.koupeltech.com\/index.php\/produkt\/sapho-slim-hlavova-sprcha-prumer-300mm-med-mat-ms573pg-casove-omezene-13587\/#primaryimage"},"thumbnailUrl":"https:\/\/www.koupeltech.com\/wp-content\/uploads\/2026\/SK0019790-CZ20260425-093041-0-1777080643-5b2befaf5b25a6aca56b6e656886e2d9.webp","datePublished":"2026-04-27T13:57:50+00:00","breadcrumb":{"@id":"https:\/\/www.koupeltech.com\/index.php\/produkt\/sapho-slim-hlavova-sprcha-prumer-300mm-med-mat-ms573pg-casove-omezene-13587\/#breadcrumb"},"inLanguage":"cs","potentialAction":[{"@type":"ReadAction","target":["https:\/\/www.koupeltech.com\/index.php\/produkt\/sapho-slim-hlavova-sprcha-prumer-300mm-med-mat-ms573pg-casove-omezene-13587\/"]}]},{"@type":"ImageObject","inLanguage":"cs","@id":"https:\/\/www.koupeltech.com\/index.php\/produkt\/sapho-slim-hlavova-sprcha-prumer-300mm-med-mat-ms573pg-casove-omezene-13587\/#primaryimage","url":"https:\/\/www.koupeltech.com\/wp-content\/uploads\/2026\/SK0019790-CZ20260425-093041-0-1777080643-5b2befaf5b25a6aca56b6e656886e2d9.webp","contentUrl":"https:\/\/www.koupeltech.com\/wp-content\/uploads\/2026\/SK0019790-CZ20260425-093041-0-1777080643-5b2befaf5b25a6aca56b6e656886e2d9.webp","width":674,"height":800},{"@type":"BreadcrumbList","@id":"https:\/\/www.koupeltech.com\/index.php\/produkt\/sapho-slim-hlavova-sprcha-prumer-300mm-med-mat-ms573pg-casove-omezene-13587\/#breadcrumb","itemListElement":[{"@type":"ListItem","position":1,"name":"Home","item":"https:\/\/www.koupeltech.com\/"},{"@type":"ListItem","position":2,"name":"Products","item":"https:\/\/www.koupeltech.com\/index.php\/products\/"},{"@type":"ListItem","position":3,"name":"Sapho SLIM hlavov\u00e1 sprcha, pr\u016fm\u011br 300mm, m\u011b\u010f mat MS573PG \u010casov\u011b Omezen\u00e9"}]},{"@type":"WebSite","@id":"https:\/\/www.koupeltech.com\/#website","url":"https:\/\/www.koupeltech.com\/","name":"","description":"","potentialAction":[{"@type":"SearchAction","target":{"@type":"EntryPoint","urlTemplate":"https:\/\/www.koupeltech.com\/?s={search_term_string}"},"query-input":{"@type":"PropertyValueSpecification","valueRequired":true,"valueName":"search_term_string"}}],"inLanguage":"cs"}]}},"_links":{"self":[{"href":"https:\/\/www.koupeltech.com\/index.php\/wp-json\/wp\/v2\/product\/13587","targetHints":{"allow":["GET"]}}],"collection":[{"href":"https:\/\/www.koupeltech.com\/index.php\/wp-json\/wp\/v2\/product"}],"about":[{"href":"https:\/\/www.koupeltech.com\/index.php\/wp-json\/wp\/v2\/types\/product"}],"replies":[{"embeddable":true,"href":"https:\/\/www.koupeltech.com\/index.php\/wp-json\/wp\/v2\/comments?post=13587"}],"wp:featuredmedia":[{"embeddable":true,"href":"https:\/\/www.koupeltech.com\/index.php\/wp-json\/wp\/v2\/media\/13687"}],"wp:attachment":[{"href":"https:\/\/www.koupeltech.com\/index.php\/wp-json\/wp\/v2\/media?parent=13587"}],"wp:term":[{"taxonomy":"product_brand","embeddable":true,"href":"https:\/\/www.koupeltech.com\/index.php\/wp-json\/wp\/v2\/product_brand?post=13587"},{"taxonomy":"product_cat","embeddable":true,"href":"https:\/\/www.koupeltech.com\/index.php\/wp-json\/wp\/v2\/product_cat?post=13587"},{"taxonomy":"product_tag","embeddable":true,"href":"https:\/\/www.koupeltech.com\/index.php\/wp-json\/wp\/v2\/product_tag?post=13587"}],"curies":[{"name":"wp","href":"https:\/\/api.w.org\/{rel}","templated":true}]}}