{"id":13588,"date":"2026-04-27T13:57:50","date_gmt":"2026-04-27T13:57:50","guid":{"rendered":""},"modified":"2026-04-27T13:57:50","modified_gmt":"2026-04-27T13:57:50","slug":"sapho-antea-rucni-sprcha-180mm-mosaz-ruzove-zlato-doc27-akcni-cena-13588","status":"publish","type":"product","link":"https:\/\/www.koupeltech.com\/index.php\/produkt\/sapho-antea-rucni-sprcha-180mm-mosaz-ruzove-zlato-doc27-akcni-cena-13588\/","title":{"rendered":"Sapho ANTEA ru\u010dn\u00ed sprcha, 180mm, mosaz\/r\u016f\u017eov\u00e9 zlato DOC27 Ak\u010dn\u00ed Cena"},"content":{"rendered":"<div class=\"tabs__content-outer\" id=\"tab_description\" data-hash=\"description\" data-tabindex=\"-1\">\n<div class=\"tabs__content toggle_description\" id=\"content_description\">\n<div class=\"wysiwyg-content\">\n<div class=\"product__tab product__description full-width\">\n<div class=\"container\">\n<div >\n<h3>Sapho ANTEA ru\u010dn\u00ed sprcha, 180mm, mosaz\/r\u016f\u017eov\u00e9 zlato DOC27<\/h3>\n<p style=\"text-align: justify;\">V&nbsp;retro stylu si dnes m\u016f\u017eete vybavit celou koupelnu po\u010d\u00ednaje nap\u0159\u00edklad touto s\u00e9ri\u00ed p\u0159es vanu Retro, <span>dopl\u0148ky Diamond a\u017e po keramiku Retro nebo Classic. Dojem star\u0161\u00ed patiny m\u016f\u017ee umocnit bronzov\u00e1 povrchov\u00e1 \u00faprava, ve kter\u00e9 takt\u00e9\u017e nab\u00edz\u00edme ve\u0161ker\u00e9 p\u0159\u00edslu\u0161enstv\u00ed. Pro umocn\u011bn\u00ed star\u00fdch \u010das\u016f je v nab\u00eddce i proveden\u00ed v kombinaci chrom\/zlato a r\u016f\u017eov\u00e9 zlato. Novinkou je sprchov\u00fd sloup s masivn\u00ed sprchovou hlavic\u00ed.&nbsp;<\/span><\/p>\n<p style=\"text-align: justify;\"><strong>D\u016fle\u017eit\u00e9 informace k bateri\u00edm ze s\u00e9rie ANTEA<\/strong><br \/>V p\u0159\u00edslu\u0161enstv\u00ed naleznete n\u00e1hradn\u00ed keramick\u00fd vr\u0161ek <strong>VIT003<\/strong> k bateri\u00edm Antea dodan\u00fdm <strong>od 10\/2008<\/strong> nebo <strong>VIT004<\/strong> k bateri\u00edm Antea dodan\u00fdm <strong>p\u0159ed 10\/2008<\/strong>.<\/p>\n<p><span>&nbsp; &nbsp;<span>\u017d\u00e1dn\u00e9 dlouh\u00e9 ot\u00e1\u010den\u00ed \u010di regulace &#8211; oto\u010dte o&nbsp;90\u00b0 a je otev\u0159eno<\/span><\/span><\/p>\n<p><\/p>\n<p><b>Vlastnosti<\/b><\/p>\n<ul>\n<li><span>Materi\u00e1l:<\/span> Mosaz<\/li>\n<li><span>Barva:<\/span> R\u016f\u017eov\u00e9 zlato<\/li>\n<li><span>Tvar:<\/span> Retro<\/li>\n<li><span>V\u00fd\u0161ka:<\/span> 190 mm<\/li>\n<li><span>Ostatn\u00ed:<\/span> Jedna funkce<\/li>\n<li><span>Pr\u016fm\u011br:<\/span> 52 mm<\/li>\n<li><span>Funkce sprchy:<\/span> D\u00e9\u0161\u0165<\/li>\n<\/ul>\n<\/div><\/div>\n<\/p><\/div>\n<\/p><\/div>\n<\/p><\/div>\n","protected":false},"excerpt":{"rendered":"<p>Sapho ANTEA ru\u010dn\u00ed sprcha, 180mm, mosaz\/r\u016f\u017eov\u00e9 zlato DOC27 V&nbsp;retro stylu si dnes m\u016f\u017eete vybavit celou koupelnu po\u010d\u00ednaje nap\u0159\u00edklad touto s\u00e9ri\u00ed p\u0159es vanu Retro, dopl\u0148ky Diamond a\u017e po keramiku Retro nebo Classic. Dojem star\u0161\u00ed patiny m\u016f\u017ee umocnit bronzov\u00e1 povrchov\u00e1 \u00faprava, ve kter\u00e9 takt\u00e9\u017e nab\u00edz\u00edme ve\u0161ker\u00e9 p\u0159\u00edslu\u0161enstv\u00ed. Pro umocn\u011bn\u00ed star\u00fdch \u010das\u016f je v nab\u00eddce i proveden\u00ed v [&hellip;]<\/p>\n","protected":false},"featured_media":13688,"comment_status":"open","ping_status":"open","template":"","meta":[],"product_brand":[],"product_cat":[83],"product_tag":[],"class_list":{"0":"post-13588","1":"product","2":"type-product","3":"status-publish","4":"has-post-thumbnail","6":"product_cat-koupelna","8":"first","9":"instock","10":"sale","11":"shipping-taxable","12":"purchasable","13":"product-type-simple"},"yoast_head":"<!-- This site is optimized with the Yoast SEO plugin v26.8 - https:\/\/yoast.com\/product\/yoast-seo-wordpress\/ -->\n<title>Sapho ANTEA ru\u010dn\u00ed sprcha, 180mm, mosaz\/r\u016f\u017eov\u00e9 zlato DOC27 Ak\u010dn\u00ed Cena -<\/title>\n<meta name=\"robots\" content=\"index, follow, max-snippet:-1, max-image-preview:large, max-video-preview:-1\" \/>\n<link rel=\"canonical\" href=\"https:\/\/www.koupeltech.com\/index.php\/produkt\/sapho-antea-rucni-sprcha-180mm-mosaz-ruzove-zlato-doc27-akcni-cena-13588\/\" \/>\n<meta property=\"og:locale\" content=\"cs_CZ\" \/>\n<meta property=\"og:type\" content=\"article\" \/>\n<meta property=\"og:title\" content=\"Sapho ANTEA ru\u010dn\u00ed sprcha, 180mm, mosaz\/r\u016f\u017eov\u00e9 zlato DOC27 Ak\u010dn\u00ed Cena -\" \/>\n<meta property=\"og:description\" content=\"Sapho ANTEA ru\u010dn\u00ed sprcha, 180mm, mosaz\/r\u016f\u017eov\u00e9 zlato DOC27 V&nbsp;retro stylu si dnes m\u016f\u017eete vybavit celou koupelnu po\u010d\u00ednaje nap\u0159\u00edklad touto s\u00e9ri\u00ed p\u0159es vanu Retro, dopl\u0148ky Diamond a\u017e po keramiku Retro nebo Classic. Dojem star\u0161\u00ed patiny m\u016f\u017ee umocnit bronzov\u00e1 povrchov\u00e1 \u00faprava, ve kter\u00e9 takt\u00e9\u017e nab\u00edz\u00edme ve\u0161ker\u00e9 p\u0159\u00edslu\u0161enstv\u00ed. Pro umocn\u011bn\u00ed star\u00fdch \u010das\u016f je v nab\u00eddce i proveden\u00ed v [&hellip;]\" \/>\n<meta property=\"og:url\" content=\"https:\/\/www.koupeltech.com\/index.php\/produkt\/sapho-antea-rucni-sprcha-180mm-mosaz-ruzove-zlato-doc27-akcni-cena-13588\/\" \/>\n<meta property=\"og:image\" content=\"https:\/\/www.koupeltech.com\/wp-content\/uploads\/2026\/SK0019791-CZ20260425-093041-0-1777080643-ee7e46493c7af6caf21775de72dd4154.webp\" \/>\n\t<meta property=\"og:image:width\" content=\"334\" \/>\n\t<meta property=\"og:image:height\" content=\"786\" \/>\n\t<meta property=\"og:image:type\" content=\"image\/webp\" \/>\n<meta name=\"twitter:card\" content=\"summary_large_image\" \/>\n<meta name=\"twitter:label1\" content=\"Odhadovan\u00e1 doba \u010dten\u00ed\" \/>\n\t<meta name=\"twitter:data1\" content=\"1 minuta\" \/>\n<script type=\"application\/ld+json\" class=\"yoast-schema-graph\">{\"@context\":\"https:\/\/schema.org\",\"@graph\":[{\"@type\":\"WebPage\",\"@id\":\"https:\/\/www.koupeltech.com\/index.php\/produkt\/sapho-antea-rucni-sprcha-180mm-mosaz-ruzove-zlato-doc27-akcni-cena-13588\/\",\"url\":\"https:\/\/www.koupeltech.com\/index.php\/produkt\/sapho-antea-rucni-sprcha-180mm-mosaz-ruzove-zlato-doc27-akcni-cena-13588\/\",\"name\":\"Sapho ANTEA ru\u010dn\u00ed sprcha, 180mm, mosaz\/r\u016f\u017eov\u00e9 zlato DOC27 Ak\u010dn\u00ed Cena -\",\"isPartOf\":{\"@id\":\"https:\/\/www.koupeltech.com\/#website\"},\"primaryImageOfPage\":{\"@id\":\"https:\/\/www.koupeltech.com\/index.php\/produkt\/sapho-antea-rucni-sprcha-180mm-mosaz-ruzove-zlato-doc27-akcni-cena-13588\/#primaryimage\"},\"image\":{\"@id\":\"https:\/\/www.koupeltech.com\/index.php\/produkt\/sapho-antea-rucni-sprcha-180mm-mosaz-ruzove-zlato-doc27-akcni-cena-13588\/#primaryimage\"},\"thumbnailUrl\":\"https:\/\/www.koupeltech.com\/wp-content\/uploads\/2026\/SK0019791-CZ20260425-093041-0-1777080643-ee7e46493c7af6caf21775de72dd4154.webp\",\"datePublished\":\"2026-04-27T13:57:50+00:00\",\"breadcrumb\":{\"@id\":\"https:\/\/www.koupeltech.com\/index.php\/produkt\/sapho-antea-rucni-sprcha-180mm-mosaz-ruzove-zlato-doc27-akcni-cena-13588\/#breadcrumb\"},\"inLanguage\":\"cs\",\"potentialAction\":[{\"@type\":\"ReadAction\",\"target\":[\"https:\/\/www.koupeltech.com\/index.php\/produkt\/sapho-antea-rucni-sprcha-180mm-mosaz-ruzove-zlato-doc27-akcni-cena-13588\/\"]}]},{\"@type\":\"ImageObject\",\"inLanguage\":\"cs\",\"@id\":\"https:\/\/www.koupeltech.com\/index.php\/produkt\/sapho-antea-rucni-sprcha-180mm-mosaz-ruzove-zlato-doc27-akcni-cena-13588\/#primaryimage\",\"url\":\"https:\/\/www.koupeltech.com\/wp-content\/uploads\/2026\/SK0019791-CZ20260425-093041-0-1777080643-ee7e46493c7af6caf21775de72dd4154.webp\",\"contentUrl\":\"https:\/\/www.koupeltech.com\/wp-content\/uploads\/2026\/SK0019791-CZ20260425-093041-0-1777080643-ee7e46493c7af6caf21775de72dd4154.webp\",\"width\":334,\"height\":786},{\"@type\":\"BreadcrumbList\",\"@id\":\"https:\/\/www.koupeltech.com\/index.php\/produkt\/sapho-antea-rucni-sprcha-180mm-mosaz-ruzove-zlato-doc27-akcni-cena-13588\/#breadcrumb\",\"itemListElement\":[{\"@type\":\"ListItem\",\"position\":1,\"name\":\"Home\",\"item\":\"https:\/\/www.koupeltech.com\/\"},{\"@type\":\"ListItem\",\"position\":2,\"name\":\"Products\",\"item\":\"https:\/\/www.koupeltech.com\/index.php\/products\/\"},{\"@type\":\"ListItem\",\"position\":3,\"name\":\"Sapho ANTEA ru\u010dn\u00ed sprcha, 180mm, mosaz\/r\u016f\u017eov\u00e9 zlato DOC27 Ak\u010dn\u00ed Cena\"}]},{\"@type\":\"WebSite\",\"@id\":\"https:\/\/www.koupeltech.com\/#website\",\"url\":\"https:\/\/www.koupeltech.com\/\",\"name\":\"\",\"description\":\"\",\"potentialAction\":[{\"@type\":\"SearchAction\",\"target\":{\"@type\":\"EntryPoint\",\"urlTemplate\":\"https:\/\/www.koupeltech.com\/?s={search_term_string}\"},\"query-input\":{\"@type\":\"PropertyValueSpecification\",\"valueRequired\":true,\"valueName\":\"search_term_string\"}}],\"inLanguage\":\"cs\"}]}<\/script>\n<!-- \/ Yoast SEO plugin. -->","yoast_head_json":{"title":"Sapho ANTEA ru\u010dn\u00ed sprcha, 180mm, mosaz\/r\u016f\u017eov\u00e9 zlato DOC27 Ak\u010dn\u00ed Cena -","robots":{"index":"index","follow":"follow","max-snippet":"max-snippet:-1","max-image-preview":"max-image-preview:large","max-video-preview":"max-video-preview:-1"},"canonical":"https:\/\/www.koupeltech.com\/index.php\/produkt\/sapho-antea-rucni-sprcha-180mm-mosaz-ruzove-zlato-doc27-akcni-cena-13588\/","og_locale":"cs_CZ","og_type":"article","og_title":"Sapho ANTEA ru\u010dn\u00ed sprcha, 180mm, mosaz\/r\u016f\u017eov\u00e9 zlato DOC27 Ak\u010dn\u00ed Cena -","og_description":"Sapho ANTEA ru\u010dn\u00ed sprcha, 180mm, mosaz\/r\u016f\u017eov\u00e9 zlato DOC27 V&nbsp;retro stylu si dnes m\u016f\u017eete vybavit celou koupelnu po\u010d\u00ednaje nap\u0159\u00edklad touto s\u00e9ri\u00ed p\u0159es vanu Retro, dopl\u0148ky Diamond a\u017e po keramiku Retro nebo Classic. Dojem star\u0161\u00ed patiny m\u016f\u017ee umocnit bronzov\u00e1 povrchov\u00e1 \u00faprava, ve kter\u00e9 takt\u00e9\u017e nab\u00edz\u00edme ve\u0161ker\u00e9 p\u0159\u00edslu\u0161enstv\u00ed. Pro umocn\u011bn\u00ed star\u00fdch \u010das\u016f je v nab\u00eddce i proveden\u00ed v [&hellip;]","og_url":"https:\/\/www.koupeltech.com\/index.php\/produkt\/sapho-antea-rucni-sprcha-180mm-mosaz-ruzove-zlato-doc27-akcni-cena-13588\/","og_image":[{"width":334,"height":786,"url":"https:\/\/www.koupeltech.com\/wp-content\/uploads\/2026\/SK0019791-CZ20260425-093041-0-1777080643-ee7e46493c7af6caf21775de72dd4154.webp","type":"image\/webp"}],"twitter_card":"summary_large_image","twitter_misc":{"Odhadovan\u00e1 doba \u010dten\u00ed":"1 minuta"},"schema":{"@context":"https:\/\/schema.org","@graph":[{"@type":"WebPage","@id":"https:\/\/www.koupeltech.com\/index.php\/produkt\/sapho-antea-rucni-sprcha-180mm-mosaz-ruzove-zlato-doc27-akcni-cena-13588\/","url":"https:\/\/www.koupeltech.com\/index.php\/produkt\/sapho-antea-rucni-sprcha-180mm-mosaz-ruzove-zlato-doc27-akcni-cena-13588\/","name":"Sapho ANTEA ru\u010dn\u00ed sprcha, 180mm, mosaz\/r\u016f\u017eov\u00e9 zlato DOC27 Ak\u010dn\u00ed Cena -","isPartOf":{"@id":"https:\/\/www.koupeltech.com\/#website"},"primaryImageOfPage":{"@id":"https:\/\/www.koupeltech.com\/index.php\/produkt\/sapho-antea-rucni-sprcha-180mm-mosaz-ruzove-zlato-doc27-akcni-cena-13588\/#primaryimage"},"image":{"@id":"https:\/\/www.koupeltech.com\/index.php\/produkt\/sapho-antea-rucni-sprcha-180mm-mosaz-ruzove-zlato-doc27-akcni-cena-13588\/#primaryimage"},"thumbnailUrl":"https:\/\/www.koupeltech.com\/wp-content\/uploads\/2026\/SK0019791-CZ20260425-093041-0-1777080643-ee7e46493c7af6caf21775de72dd4154.webp","datePublished":"2026-04-27T13:57:50+00:00","breadcrumb":{"@id":"https:\/\/www.koupeltech.com\/index.php\/produkt\/sapho-antea-rucni-sprcha-180mm-mosaz-ruzove-zlato-doc27-akcni-cena-13588\/#breadcrumb"},"inLanguage":"cs","potentialAction":[{"@type":"ReadAction","target":["https:\/\/www.koupeltech.com\/index.php\/produkt\/sapho-antea-rucni-sprcha-180mm-mosaz-ruzove-zlato-doc27-akcni-cena-13588\/"]}]},{"@type":"ImageObject","inLanguage":"cs","@id":"https:\/\/www.koupeltech.com\/index.php\/produkt\/sapho-antea-rucni-sprcha-180mm-mosaz-ruzove-zlato-doc27-akcni-cena-13588\/#primaryimage","url":"https:\/\/www.koupeltech.com\/wp-content\/uploads\/2026\/SK0019791-CZ20260425-093041-0-1777080643-ee7e46493c7af6caf21775de72dd4154.webp","contentUrl":"https:\/\/www.koupeltech.com\/wp-content\/uploads\/2026\/SK0019791-CZ20260425-093041-0-1777080643-ee7e46493c7af6caf21775de72dd4154.webp","width":334,"height":786},{"@type":"BreadcrumbList","@id":"https:\/\/www.koupeltech.com\/index.php\/produkt\/sapho-antea-rucni-sprcha-180mm-mosaz-ruzove-zlato-doc27-akcni-cena-13588\/#breadcrumb","itemListElement":[{"@type":"ListItem","position":1,"name":"Home","item":"https:\/\/www.koupeltech.com\/"},{"@type":"ListItem","position":2,"name":"Products","item":"https:\/\/www.koupeltech.com\/index.php\/products\/"},{"@type":"ListItem","position":3,"name":"Sapho ANTEA ru\u010dn\u00ed sprcha, 180mm, mosaz\/r\u016f\u017eov\u00e9 zlato DOC27 Ak\u010dn\u00ed Cena"}]},{"@type":"WebSite","@id":"https:\/\/www.koupeltech.com\/#website","url":"https:\/\/www.koupeltech.com\/","name":"","description":"","potentialAction":[{"@type":"SearchAction","target":{"@type":"EntryPoint","urlTemplate":"https:\/\/www.koupeltech.com\/?s={search_term_string}"},"query-input":{"@type":"PropertyValueSpecification","valueRequired":true,"valueName":"search_term_string"}}],"inLanguage":"cs"}]}},"_links":{"self":[{"href":"https:\/\/www.koupeltech.com\/index.php\/wp-json\/wp\/v2\/product\/13588","targetHints":{"allow":["GET"]}}],"collection":[{"href":"https:\/\/www.koupeltech.com\/index.php\/wp-json\/wp\/v2\/product"}],"about":[{"href":"https:\/\/www.koupeltech.com\/index.php\/wp-json\/wp\/v2\/types\/product"}],"replies":[{"embeddable":true,"href":"https:\/\/www.koupeltech.com\/index.php\/wp-json\/wp\/v2\/comments?post=13588"}],"wp:featuredmedia":[{"embeddable":true,"href":"https:\/\/www.koupeltech.com\/index.php\/wp-json\/wp\/v2\/media\/13688"}],"wp:attachment":[{"href":"https:\/\/www.koupeltech.com\/index.php\/wp-json\/wp\/v2\/media?parent=13588"}],"wp:term":[{"taxonomy":"product_brand","embeddable":true,"href":"https:\/\/www.koupeltech.com\/index.php\/wp-json\/wp\/v2\/product_brand?post=13588"},{"taxonomy":"product_cat","embeddable":true,"href":"https:\/\/www.koupeltech.com\/index.php\/wp-json\/wp\/v2\/product_cat?post=13588"},{"taxonomy":"product_tag","embeddable":true,"href":"https:\/\/www.koupeltech.com\/index.php\/wp-json\/wp\/v2\/product_tag?post=13588"}],"curies":[{"name":"wp","href":"https:\/\/api.w.org\/{rel}","templated":true}]}}