{"id":13590,"date":"2026-04-27T13:57:50","date_gmt":"2026-04-27T13:57:50","guid":{"rendered":""},"modified":"2026-04-27T13:57:50","modified_gmt":"2026-04-27T13:57:50","slug":"sleva-aqualine-tibera-l-rohova-stojici-vana-150x75cm-panel-vlnky-bila-e1047g-13590","status":"publish","type":"product","link":"https:\/\/www.koupeltech.com\/index.php\/produkt\/sleva-aqualine-tibera-l-rohova-stojici-vana-150x75cm-panel-vlnky-bila-e1047g-13590\/","title":{"rendered":"Sleva Aqualine TIBERA L rohov\u00e1 stoj\u00edc\u00ed vana, 150x75cm, panel vlnky, b\u00edl\u00e1 E1047G"},"content":{"rendered":"<div class=\"tabs__content-outer\" id=\"tab_description\" data-hash=\"description\" data-tabindex=\"-1\">\n<div class=\"tabs__content toggle_description\" id=\"content_description\">\n<div class=\"wysiwyg-content\">\n<div class=\"product__tab product__description full-width\">\n<div class=\"container\">\n<div >\n<h3>Aqualine TIBERA L rohov\u00e1 stoj\u00edc\u00ed vana, 150x75cm, panel vlnky, b\u00edl\u00e1 E1047G<\/h3>\n<p>Samostatn\u011b stoj\u00edc\u00ed vana TIBERA se neobezd\u00edv\u00e1 ani neobkl\u00e1d\u00e1. Sv\u00fdm designem je ur\u010dena k instalaci do rohu, \u010d\u00edm\u017e se st\u00e1v\u00e1 zaj\u00edmavou variantou n\u00e1hrady za klasickou rohovou vanu. Pohledov\u00e1 je i zadn\u00ed strana, tak\u017ee elegantn\u011b bude p\u016fsobit i v prostoru. Za pozornost stoj\u00ed \u0159e\u0161en\u00ed p\u0159epadu ve tvaru obd\u00e9ln\u00edkov\u00e9 \u0161t\u011brbiny s nerezovou krytkou.<\/p>\n<div class=\"product-explanation-item\">\n<h3>Akryl\u00e1t<\/h3>\n<p style=\"text-align: justify;\">Akryl\u00e1tov\u00e9 vany a vani\u010dky jsou vyr\u00e1b\u011bny ze zna\u010dkov\u00e9ho akryl\u00e1tu. Na rozd\u00edl od koextrudovan\u00fdch akryl\u00e1tov\u00fdch desek, kter\u00e9 maj\u00ed m\u011bk\u010d\u00ed povrch a men\u0161\u00ed chemickou odolnost, se vyr\u00e1b\u00ed lit\u00edm. To mj. znamen\u00e1, \u017ee je probarven\u00fd v cel\u00e9 tlou\u0161\u0165ce, pln\u011b st\u00e1lobarevn\u00fd, nepor\u00e9zn\u00ed a s vysokou povrchovou pevnost\u00ed. M\u00e1 hladk\u00fd povrch s minim\u00e1ln\u00ed mo\u017enost\u00ed uklouznut\u00ed a dob\u0159e tlum\u00ed hluk dopadaj\u00edc\u00ed vody.<\/p>\n<\/p><\/div>\n<p><\/p>\n<p><b>Vlastnosti<\/b><\/p>\n<ul>\n<li><span>Materi\u00e1l:<\/span> Akryl\u00e1t<\/li>\n<li><span>Barva:<\/span> B\u00edl\u00e1<\/li>\n<li><span>Instalace:<\/span> Samostojn\u00e1<\/li>\n<li><span>Tvar:<\/span> Asymetrick\u00e9<\/li>\n<li><span>Rozm\u011br:<\/span> 150x58x75 cm<\/li>\n<li><span>\u0160\u00ed\u0159ka:<\/span> 750 mm<\/li>\n<li><span>V\u00fd\u0161ka:<\/span> 580 mm<\/li>\n<li><span>Pr\u016fm\u011br odpadu:<\/span> 50 mm<\/li>\n<li><span>D\u00e9lka:<\/span> 1500 mm<\/li>\n<li><span>Objem:<\/span> 255 l<\/li>\n<li><span>Balen\u00ed obsahuje:<\/span> V\u00fdpust, Sifon, Staviteln\u00e9 no\u017ei\u010dky<\/li>\n<\/ul>\n<\/div><\/div>\n<\/p><\/div>\n<\/p><\/div>\n<\/p><\/div>\n","protected":false},"excerpt":{"rendered":"<p>Aqualine TIBERA L rohov\u00e1 stoj\u00edc\u00ed vana, 150x75cm, panel vlnky, b\u00edl\u00e1 E1047G Samostatn\u011b stoj\u00edc\u00ed vana TIBERA se neobezd\u00edv\u00e1 ani neobkl\u00e1d\u00e1. Sv\u00fdm designem je ur\u010dena k instalaci do rohu, \u010d\u00edm\u017e se st\u00e1v\u00e1 zaj\u00edmavou variantou n\u00e1hrady za klasickou rohovou vanu. Pohledov\u00e1 je i zadn\u00ed strana, tak\u017ee elegantn\u011b bude p\u016fsobit i v prostoru. Za pozornost stoj\u00ed \u0159e\u0161en\u00ed p\u0159epadu ve [&hellip;]<\/p>\n","protected":false},"featured_media":13690,"comment_status":"open","ping_status":"open","template":"","meta":[],"product_brand":[],"product_cat":[83],"product_tag":[],"class_list":{"0":"post-13590","1":"product","2":"type-product","3":"status-publish","4":"has-post-thumbnail","6":"product_cat-koupelna","8":"first","9":"instock","10":"sale","11":"shipping-taxable","12":"purchasable","13":"product-type-simple"},"yoast_head":"<!-- This site is optimized with the Yoast SEO plugin v26.8 - https:\/\/yoast.com\/product\/yoast-seo-wordpress\/ -->\n<title>Sleva Aqualine TIBERA L rohov\u00e1 stoj\u00edc\u00ed vana, 150x75cm, panel vlnky, b\u00edl\u00e1 E1047G -<\/title>\n<meta name=\"robots\" content=\"index, follow, max-snippet:-1, max-image-preview:large, max-video-preview:-1\" \/>\n<link rel=\"canonical\" href=\"https:\/\/www.koupeltech.com\/index.php\/produkt\/sleva-aqualine-tibera-l-rohova-stojici-vana-150x75cm-panel-vlnky-bila-e1047g-13590\/\" \/>\n<meta property=\"og:locale\" content=\"cs_CZ\" \/>\n<meta property=\"og:type\" content=\"article\" \/>\n<meta property=\"og:title\" content=\"Sleva Aqualine TIBERA L rohov\u00e1 stoj\u00edc\u00ed vana, 150x75cm, panel vlnky, b\u00edl\u00e1 E1047G -\" \/>\n<meta property=\"og:description\" content=\"Aqualine TIBERA L rohov\u00e1 stoj\u00edc\u00ed vana, 150x75cm, panel vlnky, b\u00edl\u00e1 E1047G Samostatn\u011b stoj\u00edc\u00ed vana TIBERA se neobezd\u00edv\u00e1 ani neobkl\u00e1d\u00e1. Sv\u00fdm designem je ur\u010dena k instalaci do rohu, \u010d\u00edm\u017e se st\u00e1v\u00e1 zaj\u00edmavou variantou n\u00e1hrady za klasickou rohovou vanu. Pohledov\u00e1 je i zadn\u00ed strana, tak\u017ee elegantn\u011b bude p\u016fsobit i v prostoru. Za pozornost stoj\u00ed \u0159e\u0161en\u00ed p\u0159epadu ve [&hellip;]\" \/>\n<meta property=\"og:url\" content=\"https:\/\/www.koupeltech.com\/index.php\/produkt\/sleva-aqualine-tibera-l-rohova-stojici-vana-150x75cm-panel-vlnky-bila-e1047g-13590\/\" \/>\n<meta property=\"og:image\" content=\"https:\/\/www.koupeltech.com\/wp-content\/uploads\/2026\/SK0019793-CZ20260425-093041-0-1777080643-1b0a8465370fbf462208f6b290ed3abe.webp\" \/>\n\t<meta property=\"og:image:width\" content=\"1000\" \/>\n\t<meta property=\"og:image:height\" content=\"643\" \/>\n\t<meta property=\"og:image:type\" content=\"image\/webp\" \/>\n<meta name=\"twitter:card\" content=\"summary_large_image\" \/>\n<meta name=\"twitter:label1\" content=\"Odhadovan\u00e1 doba \u010dten\u00ed\" \/>\n\t<meta name=\"twitter:data1\" content=\"1 minuta\" \/>\n<script type=\"application\/ld+json\" class=\"yoast-schema-graph\">{\"@context\":\"https:\/\/schema.org\",\"@graph\":[{\"@type\":\"WebPage\",\"@id\":\"https:\/\/www.koupeltech.com\/index.php\/produkt\/sleva-aqualine-tibera-l-rohova-stojici-vana-150x75cm-panel-vlnky-bila-e1047g-13590\/\",\"url\":\"https:\/\/www.koupeltech.com\/index.php\/produkt\/sleva-aqualine-tibera-l-rohova-stojici-vana-150x75cm-panel-vlnky-bila-e1047g-13590\/\",\"name\":\"Sleva Aqualine TIBERA L rohov\u00e1 stoj\u00edc\u00ed vana, 150x75cm, panel vlnky, b\u00edl\u00e1 E1047G -\",\"isPartOf\":{\"@id\":\"https:\/\/www.koupeltech.com\/#website\"},\"primaryImageOfPage\":{\"@id\":\"https:\/\/www.koupeltech.com\/index.php\/produkt\/sleva-aqualine-tibera-l-rohova-stojici-vana-150x75cm-panel-vlnky-bila-e1047g-13590\/#primaryimage\"},\"image\":{\"@id\":\"https:\/\/www.koupeltech.com\/index.php\/produkt\/sleva-aqualine-tibera-l-rohova-stojici-vana-150x75cm-panel-vlnky-bila-e1047g-13590\/#primaryimage\"},\"thumbnailUrl\":\"https:\/\/www.koupeltech.com\/wp-content\/uploads\/2026\/SK0019793-CZ20260425-093041-0-1777080643-1b0a8465370fbf462208f6b290ed3abe.webp\",\"datePublished\":\"2026-04-27T13:57:50+00:00\",\"breadcrumb\":{\"@id\":\"https:\/\/www.koupeltech.com\/index.php\/produkt\/sleva-aqualine-tibera-l-rohova-stojici-vana-150x75cm-panel-vlnky-bila-e1047g-13590\/#breadcrumb\"},\"inLanguage\":\"cs\",\"potentialAction\":[{\"@type\":\"ReadAction\",\"target\":[\"https:\/\/www.koupeltech.com\/index.php\/produkt\/sleva-aqualine-tibera-l-rohova-stojici-vana-150x75cm-panel-vlnky-bila-e1047g-13590\/\"]}]},{\"@type\":\"ImageObject\",\"inLanguage\":\"cs\",\"@id\":\"https:\/\/www.koupeltech.com\/index.php\/produkt\/sleva-aqualine-tibera-l-rohova-stojici-vana-150x75cm-panel-vlnky-bila-e1047g-13590\/#primaryimage\",\"url\":\"https:\/\/www.koupeltech.com\/wp-content\/uploads\/2026\/SK0019793-CZ20260425-093041-0-1777080643-1b0a8465370fbf462208f6b290ed3abe.webp\",\"contentUrl\":\"https:\/\/www.koupeltech.com\/wp-content\/uploads\/2026\/SK0019793-CZ20260425-093041-0-1777080643-1b0a8465370fbf462208f6b290ed3abe.webp\",\"width\":1000,\"height\":643},{\"@type\":\"BreadcrumbList\",\"@id\":\"https:\/\/www.koupeltech.com\/index.php\/produkt\/sleva-aqualine-tibera-l-rohova-stojici-vana-150x75cm-panel-vlnky-bila-e1047g-13590\/#breadcrumb\",\"itemListElement\":[{\"@type\":\"ListItem\",\"position\":1,\"name\":\"Home\",\"item\":\"https:\/\/www.koupeltech.com\/\"},{\"@type\":\"ListItem\",\"position\":2,\"name\":\"Products\",\"item\":\"https:\/\/www.koupeltech.com\/index.php\/products\/\"},{\"@type\":\"ListItem\",\"position\":3,\"name\":\"Sleva Aqualine TIBERA L rohov\u00e1 stoj\u00edc\u00ed vana, 150x75cm, panel vlnky, b\u00edl\u00e1 E1047G\"}]},{\"@type\":\"WebSite\",\"@id\":\"https:\/\/www.koupeltech.com\/#website\",\"url\":\"https:\/\/www.koupeltech.com\/\",\"name\":\"\",\"description\":\"\",\"potentialAction\":[{\"@type\":\"SearchAction\",\"target\":{\"@type\":\"EntryPoint\",\"urlTemplate\":\"https:\/\/www.koupeltech.com\/?s={search_term_string}\"},\"query-input\":{\"@type\":\"PropertyValueSpecification\",\"valueRequired\":true,\"valueName\":\"search_term_string\"}}],\"inLanguage\":\"cs\"}]}<\/script>\n<!-- \/ Yoast SEO plugin. -->","yoast_head_json":{"title":"Sleva Aqualine TIBERA L rohov\u00e1 stoj\u00edc\u00ed vana, 150x75cm, panel vlnky, b\u00edl\u00e1 E1047G -","robots":{"index":"index","follow":"follow","max-snippet":"max-snippet:-1","max-image-preview":"max-image-preview:large","max-video-preview":"max-video-preview:-1"},"canonical":"https:\/\/www.koupeltech.com\/index.php\/produkt\/sleva-aqualine-tibera-l-rohova-stojici-vana-150x75cm-panel-vlnky-bila-e1047g-13590\/","og_locale":"cs_CZ","og_type":"article","og_title":"Sleva Aqualine TIBERA L rohov\u00e1 stoj\u00edc\u00ed vana, 150x75cm, panel vlnky, b\u00edl\u00e1 E1047G -","og_description":"Aqualine TIBERA L rohov\u00e1 stoj\u00edc\u00ed vana, 150x75cm, panel vlnky, b\u00edl\u00e1 E1047G Samostatn\u011b stoj\u00edc\u00ed vana TIBERA se neobezd\u00edv\u00e1 ani neobkl\u00e1d\u00e1. Sv\u00fdm designem je ur\u010dena k instalaci do rohu, \u010d\u00edm\u017e se st\u00e1v\u00e1 zaj\u00edmavou variantou n\u00e1hrady za klasickou rohovou vanu. Pohledov\u00e1 je i zadn\u00ed strana, tak\u017ee elegantn\u011b bude p\u016fsobit i v prostoru. Za pozornost stoj\u00ed \u0159e\u0161en\u00ed p\u0159epadu ve [&hellip;]","og_url":"https:\/\/www.koupeltech.com\/index.php\/produkt\/sleva-aqualine-tibera-l-rohova-stojici-vana-150x75cm-panel-vlnky-bila-e1047g-13590\/","og_image":[{"width":1000,"height":643,"url":"https:\/\/www.koupeltech.com\/wp-content\/uploads\/2026\/SK0019793-CZ20260425-093041-0-1777080643-1b0a8465370fbf462208f6b290ed3abe.webp","type":"image\/webp"}],"twitter_card":"summary_large_image","twitter_misc":{"Odhadovan\u00e1 doba \u010dten\u00ed":"1 minuta"},"schema":{"@context":"https:\/\/schema.org","@graph":[{"@type":"WebPage","@id":"https:\/\/www.koupeltech.com\/index.php\/produkt\/sleva-aqualine-tibera-l-rohova-stojici-vana-150x75cm-panel-vlnky-bila-e1047g-13590\/","url":"https:\/\/www.koupeltech.com\/index.php\/produkt\/sleva-aqualine-tibera-l-rohova-stojici-vana-150x75cm-panel-vlnky-bila-e1047g-13590\/","name":"Sleva Aqualine TIBERA L rohov\u00e1 stoj\u00edc\u00ed vana, 150x75cm, panel vlnky, b\u00edl\u00e1 E1047G -","isPartOf":{"@id":"https:\/\/www.koupeltech.com\/#website"},"primaryImageOfPage":{"@id":"https:\/\/www.koupeltech.com\/index.php\/produkt\/sleva-aqualine-tibera-l-rohova-stojici-vana-150x75cm-panel-vlnky-bila-e1047g-13590\/#primaryimage"},"image":{"@id":"https:\/\/www.koupeltech.com\/index.php\/produkt\/sleva-aqualine-tibera-l-rohova-stojici-vana-150x75cm-panel-vlnky-bila-e1047g-13590\/#primaryimage"},"thumbnailUrl":"https:\/\/www.koupeltech.com\/wp-content\/uploads\/2026\/SK0019793-CZ20260425-093041-0-1777080643-1b0a8465370fbf462208f6b290ed3abe.webp","datePublished":"2026-04-27T13:57:50+00:00","breadcrumb":{"@id":"https:\/\/www.koupeltech.com\/index.php\/produkt\/sleva-aqualine-tibera-l-rohova-stojici-vana-150x75cm-panel-vlnky-bila-e1047g-13590\/#breadcrumb"},"inLanguage":"cs","potentialAction":[{"@type":"ReadAction","target":["https:\/\/www.koupeltech.com\/index.php\/produkt\/sleva-aqualine-tibera-l-rohova-stojici-vana-150x75cm-panel-vlnky-bila-e1047g-13590\/"]}]},{"@type":"ImageObject","inLanguage":"cs","@id":"https:\/\/www.koupeltech.com\/index.php\/produkt\/sleva-aqualine-tibera-l-rohova-stojici-vana-150x75cm-panel-vlnky-bila-e1047g-13590\/#primaryimage","url":"https:\/\/www.koupeltech.com\/wp-content\/uploads\/2026\/SK0019793-CZ20260425-093041-0-1777080643-1b0a8465370fbf462208f6b290ed3abe.webp","contentUrl":"https:\/\/www.koupeltech.com\/wp-content\/uploads\/2026\/SK0019793-CZ20260425-093041-0-1777080643-1b0a8465370fbf462208f6b290ed3abe.webp","width":1000,"height":643},{"@type":"BreadcrumbList","@id":"https:\/\/www.koupeltech.com\/index.php\/produkt\/sleva-aqualine-tibera-l-rohova-stojici-vana-150x75cm-panel-vlnky-bila-e1047g-13590\/#breadcrumb","itemListElement":[{"@type":"ListItem","position":1,"name":"Home","item":"https:\/\/www.koupeltech.com\/"},{"@type":"ListItem","position":2,"name":"Products","item":"https:\/\/www.koupeltech.com\/index.php\/products\/"},{"@type":"ListItem","position":3,"name":"Sleva Aqualine TIBERA L rohov\u00e1 stoj\u00edc\u00ed vana, 150x75cm, panel vlnky, b\u00edl\u00e1 E1047G"}]},{"@type":"WebSite","@id":"https:\/\/www.koupeltech.com\/#website","url":"https:\/\/www.koupeltech.com\/","name":"","description":"","potentialAction":[{"@type":"SearchAction","target":{"@type":"EntryPoint","urlTemplate":"https:\/\/www.koupeltech.com\/?s={search_term_string}"},"query-input":{"@type":"PropertyValueSpecification","valueRequired":true,"valueName":"search_term_string"}}],"inLanguage":"cs"}]}},"_links":{"self":[{"href":"https:\/\/www.koupeltech.com\/index.php\/wp-json\/wp\/v2\/product\/13590","targetHints":{"allow":["GET"]}}],"collection":[{"href":"https:\/\/www.koupeltech.com\/index.php\/wp-json\/wp\/v2\/product"}],"about":[{"href":"https:\/\/www.koupeltech.com\/index.php\/wp-json\/wp\/v2\/types\/product"}],"replies":[{"embeddable":true,"href":"https:\/\/www.koupeltech.com\/index.php\/wp-json\/wp\/v2\/comments?post=13590"}],"wp:featuredmedia":[{"embeddable":true,"href":"https:\/\/www.koupeltech.com\/index.php\/wp-json\/wp\/v2\/media\/13690"}],"wp:attachment":[{"href":"https:\/\/www.koupeltech.com\/index.php\/wp-json\/wp\/v2\/media?parent=13590"}],"wp:term":[{"taxonomy":"product_brand","embeddable":true,"href":"https:\/\/www.koupeltech.com\/index.php\/wp-json\/wp\/v2\/product_brand?post=13590"},{"taxonomy":"product_cat","embeddable":true,"href":"https:\/\/www.koupeltech.com\/index.php\/wp-json\/wp\/v2\/product_cat?post=13590"},{"taxonomy":"product_tag","embeddable":true,"href":"https:\/\/www.koupeltech.com\/index.php\/wp-json\/wp\/v2\/product_tag?post=13590"}],"curies":[{"name":"wp","href":"https:\/\/api.w.org\/{rel}","templated":true}]}}