{"id":13692,"date":"2026-04-27T13:57:52","date_gmt":"2026-04-27T13:57:52","guid":{"rendered":""},"modified":"2026-04-27T13:57:52","modified_gmt":"2026-04-27T13:57:52","slug":"aqualine-poseidon-otopne-teleso-550x1740mm-bila-ps517-posledni-sance-13692","status":"publish","type":"product","link":"https:\/\/www.koupeltech.com\/index.php\/produkt\/aqualine-poseidon-otopne-teleso-550x1740mm-bila-ps517-posledni-sance-13692\/","title":{"rendered":"Aqualine POSEIDON otopn\u00e9 t\u011bleso 550x1740mm, b\u00edl\u00e1 PS517 Posledn\u00ed \u0160ance"},"content":{"rendered":"<div class=\"tabs__content-outer\" id=\"tab_description\" data-hash=\"description\" data-tabindex=\"-1\">\n<div class=\"tabs__content toggle_description\" id=\"content_description\">\n<div class=\"wysiwyg-content\">\n<div class=\"product__tab product__description full-width\">\n<div class=\"container\">\n<div >\n<h3>Aqualine POSEIDON otopn\u00e9 t\u011bleso 550x1740mm, b\u00edl\u00e1 PS517<\/h3>\n<p style=\"text-align: justify;\">Klasick\u00e9 trubky s&nbsp;kruhov\u00fdm profilem sestaven\u00e9 v&nbsp;designov\u00fd radi\u00e1tor, kter\u00fd lze d\u00edky st\u0159edov\u00e9mu p\u0159ipojen\u00ed s&nbsp;rozte\u010d\u00ed 50 mm kombinovat s ventily z&nbsp;na\u0161\u00ed nab\u00eddky.<br \/>Ocen\u00edte zejm\u00e9na jeho prakti\u010dnost, neb d\u00edky sv\u00e9 konstrukci umo\u017e\u0148uje jednoduch\u00e9 a pohodln\u00e9 zav\u011b\u0161en\u00ed ru\u010dn\u00edk\u016f na horizont\u00e1ln\u00ed ty\u010de.<\/p>\n<ul>\n<li><strong>Radi\u00e1tor lze zav\u011bsit oboustrann\u011b, m\u016f\u017eete si zvolit levou nebo pravou variantu instalace<\/strong><\/li>\n<li>Topn\u00e1 ty\u010d a p\u0159ipojovac\u00ed ventily nejsou sou\u010d\u00e1st\u00ed balen\u00ed<\/li>\n<\/ul>\n<div class=\"product-explanation-item\">\n<h3>\u00dast\u0159edn\u00ed vyt\u00e1p\u011bn\u00ed<\/h3>\n<div style=\"float: left;\"><\/div>\n<p style=\"text-align: justify;\">V p\u0159\u00edpad\u011b \u00fast\u0159edn\u00edho vyt\u00e1p\u011bn\u00ed je d\u016fle\u017eit\u00fd v\u00fdb\u011br p\u0159ipojovac\u00ed sady ventil\u016f. Na v\u00fdb\u011br je pou\u017eit\u00ed ru\u010dn\u00edho ventilu nebo ventilu s termostatickou hlavic\u00ed.<\/p>\n<p style=\"text-align: justify;\"><strong>Ru\u010dn\u00ed ventil:<\/strong> Ovl\u00e1d\u00e1n\u00ed regulace teploty je manu\u00e1ln\u00ed. P\u0159\u00edvod tepl\u00e9 vody lze p\u0159ipojit na levou \/ pravou stranu ventilu bez omezen\u00ed.<br \/><strong>Ventil s termostatickou hlavic\u00ed:<\/strong> Integrovan\u00fd termostat udr\u017euje nastavenou teplotu okol\u00ed. <strong>Termostatick\u00e1 hlavice mus\u00ed b\u00fdt v m\u00edst\u011b p\u0159\u00edvodu tepl\u00e9 vody (mimo MONO ONE).<\/strong><\/p>\n<p style=\"text-align: justify;\">N\u00e1mi nab\u00edzen\u00e9 p\u0159ipojovac\u00ed ventily jsou dod\u00e1v\u00e1ny v\u010detn\u011b sv\u011brn\u00e9ho \u0161rouben\u00ed na nejb\u011b\u017en\u011bj\u0161\u00ed potrub\u00ed (\u00d815 mm Cu a \u00d816 mm Alupex), pro dopojen\u00ed tak nen\u00ed t\u0159eba nic dokupovat. Pro zakryt\u00ed p\u0159\u00edvodn\u00edch trubek a otvor\u016f ve zdi doporu\u010dujeme p\u0159ikoupit kryc\u00ed rozety.<\/p>\n<div style=\"float: left; width: 40%; text-align: center;\"><strong>Topen\u00ed s p\u0159ipojovac\u00ed rozte\u010d\u00ed 50 mm<\/strong><\/div>\n<div style=\"float: left; width: 40%; text-align: center;\"><strong>Topen\u00ed s bo\u010dn\u00edm p\u0159ipojen\u00edm<\/strong><\/div>\n<div style=\"float: left; width: 20%; text-align: center;\"><strong>Topen\u00ed s jednobodov\u00fdm p\u0159ipojen\u00edm<\/strong><\/div>\n<div style=\"clear: both;\"><\/div>\n<\/p><\/div>\n<div class=\"product-explanation-item\">\n<h3>Elektrick\u00e9 vyt\u00e1p\u011bn\u00ed<\/h3>\n<div style=\"float: left;\"><\/div>\n<p style=\"text-align: justify;\">Pokud je otopn\u00e9 t\u011bleso <strong>vyt\u00e1p\u011bno<\/strong> pouze elektricky, tozn. <strong>pouze za pomoci topn\u00e9 ty\u010de, je nutn\u00e9 zakoupit \u00bd&#8220; z\u00e1slepku k radi\u00e1tor\u016fm<\/strong>. Ta slou\u017e\u00ed k zaslepen\u00ed druh\u00e9ho otvoru v t\u011blese, kter\u00fd by byl jinak pou\u017eit pro p\u0159ipojovac\u00ed ventil \u00fast\u0159edn\u00edho vyt\u00e1p\u011bn\u00ed.<br \/>Topn\u00e9 t\u011bleso doporu\u010dujeme naplnit destilovanou vodou. Doporu\u010dujeme t\u00e9\u017e nemrznouc\u00ed teplonosnou antikorozn\u00ed kapalinou zna\u010dky LIKIDO.<br \/>Topnou ty\u010d doporu\u010dujeme se stejn\u00fdm nebo podobn\u00fdm v\u00fdkonem dle specifikace dan\u00e9ho topn\u00e9ho t\u011blesa. U topn\u00fdch ty\u010d\u00ed s termostatem se reguluje teplota kapaliny v radi\u00e1toru.<\/p>\n<div style=\"float: left; width: 25%; text-align: center;\"><strong>Topen\u00ed s p\u0159ipojovac\u00ed rozte\u010d\u00ed 50 mm<\/strong><\/div>\n<div style=\"float: left; width: 25%; text-align: center;\"><strong>Topen\u00ed s bo\u010dn\u00edm p\u0159ipojen\u00edm<\/strong><\/div>\n<div style=\"clear: both;\"><\/div>\n<\/p><\/div>\n<div class=\"product-explanation-item\">\n<h3>Kombinace \u00fast\u0159edn\u00edho a elektrick\u00e9ho vyt\u00e1p\u011bn\u00ed<\/h3>\n<div style=\"float: left;\"><\/div>\n<p style=\"text-align: justify;\">Kombinovan\u00e9 p\u0159ipojen\u00ed umo\u017e\u0148uje oh\u0159\u00edvat t\u011bleso jak centr\u00e1ln\u00edm syst\u00e9mem vyt\u00e1p\u011bn\u00ed, tak vyu\u017e\u00edt pro samostatn\u00fd oh\u0159ev elektrickou topnou ty\u010d mimo topnou sezonu. Topnou ty\u010d doporu\u010dujeme se stejn\u00fdm nebo podobn\u00fdm v\u00fdkonem dle specifikace dan\u00e9ho topn\u00e9ho t\u011blesa.<\/p>\n<p style=\"text-align: justify;\">Pokud se jedn\u00e1 o t\u011bleso se st\u0159edov\u00fdm p\u0159ipojen\u00edm, z\u00e1le\u017e\u00ed na tom, zda lze ty\u010d propojit p\u0159es ventil (v tomto p\u0159\u00edpad\u011b se pou\u017eije kombinovan\u00fd ventil) nebo se ty\u010d p\u0159ipojuje samostatn\u011b do stojny t\u011blesa (v tomto p\u0159\u00edpad\u011b se pou\u017eije klasick\u00fd ventil). V p\u0159\u00edpad\u011b bo\u010dn\u00edho p\u0159ipojen\u00ed se v\u017edy pou\u017eije kombinovan\u00fd ventil. Na v\u00fdb\u011br je pou\u017eit\u00ed ru\u010dn\u00edho ventilu nebo ventilu s termostatickou hlavic\u00ed. <\/p>\n<p style=\"text-align: justify;\"><strong>Ru\u010dn\u00ed ventil:<\/strong> Ovl\u00e1d\u00e1n\u00ed regulace teploty je manu\u00e1ln\u00ed. P\u0159\u00edvod tepl\u00e9 vody lze p\u0159ipojit na levou \/ pravou stranu ventilu bez omezen\u00ed.<br \/><strong>Ventil s termostatickou hlavic\u00ed:<\/strong> Integrovan\u00fd termostat udr\u017euje nastavenou teplotu okol\u00ed. <strong>Termostatick\u00e1 hlavice mus\u00ed b\u00fdt v m\u00edst\u011b p\u0159\u00edvodu tepl\u00e9 vody (mimo MONO ONE).<\/strong><\/p>\n<p style=\"text-align: justify;\">N\u00e1mi nab\u00edzen\u00e9 p\u0159ipojovac\u00ed ventily jsou dod\u00e1v\u00e1ny v\u010detn\u011b sv\u011brn\u00e9ho \u0161rouben\u00ed na nejb\u011b\u017en\u011bj\u0161\u00ed potrub\u00ed (\u00d815 mm Cu a \u00d816 mm Alupex), pro dopojen\u00ed tak nen\u00ed t\u0159eba nic dokupovat. Pro zakryt\u00ed p\u0159\u00edvodn\u00edch trubek a otvor\u016f ve zdi doporu\u010dujeme p\u0159ikoupit kryc\u00ed rozety.<\/p>\n<div style=\"float: left; width: 40%; text-align: center;\"><strong>Topen\u00ed s p\u0159ipojovac\u00ed rozte\u010d\u00ed 50 mm<\/strong><\/div>\n<div style=\"float: left; width: 25%; text-align: center;\"><strong>Topen\u00ed s bo\u010dn\u00edm p\u0159ipojen\u00edm<\/strong><\/div>\n<div style=\"float: left; width: 25%; text-align: center;\"><strong>Topen\u00ed s jednobodov\u00fdm p\u0159ipojen\u00edm<\/strong><\/div>\n<div style=\"clear: both;\"><\/div>\n<\/p><\/div>\n<p><\/p>\n<p><b>Vlastnosti<\/b><\/p>\n<ul>\n<li><span>Materi\u00e1l:<\/span> Ocel<\/li>\n<li><span>Barva:<\/span> B\u00edl\u00e1<\/li>\n<li><span>Instalace:<\/span> Oto\u010dn\u00e9 o 180\u00b0<\/li>\n<li><span>Tvar:<\/span> Tvar E<\/li>\n<li><span>Rozm\u011br:<\/span> 550&#215;1740 mm<\/li>\n<li><span>\u0160\u00ed\u0159ka:<\/span> 550 mm<\/li>\n<li><span>V\u00fd\u0161ka:<\/span> 1740 mm<\/li>\n<li><span>Mo\u017enost vyt\u00e1p\u011bn\u00ed:<\/span> \u00dast\u0159edn\u00ed vyt\u00e1p\u011bn\u00ed, Elektrick\u00e9 vyt\u00e1p\u011bn\u00ed, Kombinovan\u00e9 vyt\u00e1p\u011bn\u00ed<\/li>\n<li><span>Objem:<\/span> 7.8 l<\/li>\n<li><span>V\u00fdkon:<\/span> 655 W<\/li>\n<li><span>Doporu\u010den\u00e1 el. topn\u00e1 ty\u010d:<\/span> 700 W<\/li>\n<li><span>Rozte\u010d p\u0159ipojen\u00ed:<\/span> 50 mm<\/li>\n<li><span>Teplotn\u00ed sp\u00e1d:<\/span> 75\/65\/20 \u00b0C<\/li>\n<li><span>Um\u00edst\u011bn\u00ed p\u0159ipojen\u00ed 50 mm:<\/span> Nesymetrick\u00e9 (na bok)<\/li>\n<li><span>3D model:<\/span> ANO<\/li>\n<li><span>Max. provozn\u00ed tlak:<\/span> 10 bar<\/li>\n<\/ul>\n<\/div><\/div>\n<\/p><\/div>\n<\/p><\/div>\n<\/p><\/div>\n","protected":false},"excerpt":{"rendered":"<p>Aqualine POSEIDON otopn\u00e9 t\u011bleso 550x1740mm, b\u00edl\u00e1 PS517 Klasick\u00e9 trubky s&nbsp;kruhov\u00fdm profilem sestaven\u00e9 v&nbsp;designov\u00fd radi\u00e1tor, kter\u00fd lze d\u00edky st\u0159edov\u00e9mu p\u0159ipojen\u00ed s&nbsp;rozte\u010d\u00ed 50 mm kombinovat s ventily z&nbsp;na\u0161\u00ed nab\u00eddky.Ocen\u00edte zejm\u00e9na jeho prakti\u010dnost, neb d\u00edky sv\u00e9 konstrukci umo\u017e\u0148uje jednoduch\u00e9 a pohodln\u00e9 zav\u011b\u0161en\u00ed ru\u010dn\u00edk\u016f na horizont\u00e1ln\u00ed ty\u010de. Radi\u00e1tor lze zav\u011bsit oboustrann\u011b, m\u016f\u017eete si zvolit levou nebo pravou variantu instalace [&hellip;]<\/p>\n","protected":false},"featured_media":13792,"comment_status":"open","ping_status":"open","template":"","meta":[],"product_brand":[],"product_cat":[83],"product_tag":[],"class_list":{"0":"post-13692","1":"product","2":"type-product","3":"status-publish","4":"has-post-thumbnail","6":"product_cat-koupelna","8":"first","9":"instock","10":"sale","11":"shipping-taxable","12":"purchasable","13":"product-type-simple"},"yoast_head":"<!-- This site is optimized with the Yoast SEO plugin v26.8 - https:\/\/yoast.com\/product\/yoast-seo-wordpress\/ -->\n<title>Aqualine POSEIDON otopn\u00e9 t\u011bleso 550x1740mm, b\u00edl\u00e1 PS517 Posledn\u00ed \u0160ance -<\/title>\n<meta name=\"robots\" content=\"index, follow, max-snippet:-1, max-image-preview:large, max-video-preview:-1\" \/>\n<link rel=\"canonical\" href=\"https:\/\/www.koupeltech.com\/index.php\/produkt\/aqualine-poseidon-otopne-teleso-550x1740mm-bila-ps517-posledni-sance-13692\/\" \/>\n<meta property=\"og:locale\" content=\"cs_CZ\" \/>\n<meta property=\"og:type\" content=\"article\" \/>\n<meta property=\"og:title\" content=\"Aqualine POSEIDON otopn\u00e9 t\u011bleso 550x1740mm, b\u00edl\u00e1 PS517 Posledn\u00ed \u0160ance -\" \/>\n<meta property=\"og:description\" content=\"Aqualine POSEIDON otopn\u00e9 t\u011bleso 550x1740mm, b\u00edl\u00e1 PS517 Klasick\u00e9 trubky s&nbsp;kruhov\u00fdm profilem sestaven\u00e9 v&nbsp;designov\u00fd radi\u00e1tor, kter\u00fd lze d\u00edky st\u0159edov\u00e9mu p\u0159ipojen\u00ed s&nbsp;rozte\u010d\u00ed 50 mm kombinovat s ventily z&nbsp;na\u0161\u00ed nab\u00eddky.Ocen\u00edte zejm\u00e9na jeho prakti\u010dnost, neb d\u00edky sv\u00e9 konstrukci umo\u017e\u0148uje jednoduch\u00e9 a pohodln\u00e9 zav\u011b\u0161en\u00ed ru\u010dn\u00edk\u016f na horizont\u00e1ln\u00ed ty\u010de. Radi\u00e1tor lze zav\u011bsit oboustrann\u011b, m\u016f\u017eete si zvolit levou nebo pravou variantu instalace [&hellip;]\" \/>\n<meta property=\"og:url\" content=\"https:\/\/www.koupeltech.com\/index.php\/produkt\/aqualine-poseidon-otopne-teleso-550x1740mm-bila-ps517-posledni-sance-13692\/\" \/>\n<meta property=\"og:image\" content=\"https:\/\/www.koupeltech.com\/wp-content\/uploads\/2026\/SK0019797-CZ20260425-093041-0-1777080643-cad85fbd339d9677037aebbd6920f0fc.webp\" \/>\n\t<meta property=\"og:image:width\" content=\"242\" \/>\n\t<meta property=\"og:image:height\" content=\"800\" \/>\n\t<meta property=\"og:image:type\" content=\"image\/webp\" \/>\n<meta name=\"twitter:card\" content=\"summary_large_image\" \/>\n<meta name=\"twitter:label1\" content=\"Odhadovan\u00e1 doba \u010dten\u00ed\" \/>\n\t<meta name=\"twitter:data1\" content=\"4 minuty\" \/>\n<script type=\"application\/ld+json\" class=\"yoast-schema-graph\">{\"@context\":\"https:\/\/schema.org\",\"@graph\":[{\"@type\":\"WebPage\",\"@id\":\"https:\/\/www.koupeltech.com\/index.php\/produkt\/aqualine-poseidon-otopne-teleso-550x1740mm-bila-ps517-posledni-sance-13692\/\",\"url\":\"https:\/\/www.koupeltech.com\/index.php\/produkt\/aqualine-poseidon-otopne-teleso-550x1740mm-bila-ps517-posledni-sance-13692\/\",\"name\":\"Aqualine POSEIDON otopn\u00e9 t\u011bleso 550x1740mm, b\u00edl\u00e1 PS517 Posledn\u00ed \u0160ance -\",\"isPartOf\":{\"@id\":\"https:\/\/www.koupeltech.com\/#website\"},\"primaryImageOfPage\":{\"@id\":\"https:\/\/www.koupeltech.com\/index.php\/produkt\/aqualine-poseidon-otopne-teleso-550x1740mm-bila-ps517-posledni-sance-13692\/#primaryimage\"},\"image\":{\"@id\":\"https:\/\/www.koupeltech.com\/index.php\/produkt\/aqualine-poseidon-otopne-teleso-550x1740mm-bila-ps517-posledni-sance-13692\/#primaryimage\"},\"thumbnailUrl\":\"https:\/\/www.koupeltech.com\/wp-content\/uploads\/2026\/SK0019797-CZ20260425-093041-0-1777080643-cad85fbd339d9677037aebbd6920f0fc.webp\",\"datePublished\":\"2026-04-27T13:57:52+00:00\",\"breadcrumb\":{\"@id\":\"https:\/\/www.koupeltech.com\/index.php\/produkt\/aqualine-poseidon-otopne-teleso-550x1740mm-bila-ps517-posledni-sance-13692\/#breadcrumb\"},\"inLanguage\":\"cs\",\"potentialAction\":[{\"@type\":\"ReadAction\",\"target\":[\"https:\/\/www.koupeltech.com\/index.php\/produkt\/aqualine-poseidon-otopne-teleso-550x1740mm-bila-ps517-posledni-sance-13692\/\"]}]},{\"@type\":\"ImageObject\",\"inLanguage\":\"cs\",\"@id\":\"https:\/\/www.koupeltech.com\/index.php\/produkt\/aqualine-poseidon-otopne-teleso-550x1740mm-bila-ps517-posledni-sance-13692\/#primaryimage\",\"url\":\"https:\/\/www.koupeltech.com\/wp-content\/uploads\/2026\/SK0019797-CZ20260425-093041-0-1777080643-cad85fbd339d9677037aebbd6920f0fc.webp\",\"contentUrl\":\"https:\/\/www.koupeltech.com\/wp-content\/uploads\/2026\/SK0019797-CZ20260425-093041-0-1777080643-cad85fbd339d9677037aebbd6920f0fc.webp\",\"width\":242,\"height\":800},{\"@type\":\"BreadcrumbList\",\"@id\":\"https:\/\/www.koupeltech.com\/index.php\/produkt\/aqualine-poseidon-otopne-teleso-550x1740mm-bila-ps517-posledni-sance-13692\/#breadcrumb\",\"itemListElement\":[{\"@type\":\"ListItem\",\"position\":1,\"name\":\"Home\",\"item\":\"https:\/\/www.koupeltech.com\/\"},{\"@type\":\"ListItem\",\"position\":2,\"name\":\"Products\",\"item\":\"https:\/\/www.koupeltech.com\/index.php\/products\/\"},{\"@type\":\"ListItem\",\"position\":3,\"name\":\"Aqualine POSEIDON otopn\u00e9 t\u011bleso 550x1740mm, b\u00edl\u00e1 PS517 Posledn\u00ed \u0160ance\"}]},{\"@type\":\"WebSite\",\"@id\":\"https:\/\/www.koupeltech.com\/#website\",\"url\":\"https:\/\/www.koupeltech.com\/\",\"name\":\"\",\"description\":\"\",\"potentialAction\":[{\"@type\":\"SearchAction\",\"target\":{\"@type\":\"EntryPoint\",\"urlTemplate\":\"https:\/\/www.koupeltech.com\/?s={search_term_string}\"},\"query-input\":{\"@type\":\"PropertyValueSpecification\",\"valueRequired\":true,\"valueName\":\"search_term_string\"}}],\"inLanguage\":\"cs\"}]}<\/script>\n<!-- \/ Yoast SEO plugin. -->","yoast_head_json":{"title":"Aqualine POSEIDON otopn\u00e9 t\u011bleso 550x1740mm, b\u00edl\u00e1 PS517 Posledn\u00ed \u0160ance -","robots":{"index":"index","follow":"follow","max-snippet":"max-snippet:-1","max-image-preview":"max-image-preview:large","max-video-preview":"max-video-preview:-1"},"canonical":"https:\/\/www.koupeltech.com\/index.php\/produkt\/aqualine-poseidon-otopne-teleso-550x1740mm-bila-ps517-posledni-sance-13692\/","og_locale":"cs_CZ","og_type":"article","og_title":"Aqualine POSEIDON otopn\u00e9 t\u011bleso 550x1740mm, b\u00edl\u00e1 PS517 Posledn\u00ed \u0160ance -","og_description":"Aqualine POSEIDON otopn\u00e9 t\u011bleso 550x1740mm, b\u00edl\u00e1 PS517 Klasick\u00e9 trubky s&nbsp;kruhov\u00fdm profilem sestaven\u00e9 v&nbsp;designov\u00fd radi\u00e1tor, kter\u00fd lze d\u00edky st\u0159edov\u00e9mu p\u0159ipojen\u00ed s&nbsp;rozte\u010d\u00ed 50 mm kombinovat s ventily z&nbsp;na\u0161\u00ed nab\u00eddky.Ocen\u00edte zejm\u00e9na jeho prakti\u010dnost, neb d\u00edky sv\u00e9 konstrukci umo\u017e\u0148uje jednoduch\u00e9 a pohodln\u00e9 zav\u011b\u0161en\u00ed ru\u010dn\u00edk\u016f na horizont\u00e1ln\u00ed ty\u010de. Radi\u00e1tor lze zav\u011bsit oboustrann\u011b, m\u016f\u017eete si zvolit levou nebo pravou variantu instalace [&hellip;]","og_url":"https:\/\/www.koupeltech.com\/index.php\/produkt\/aqualine-poseidon-otopne-teleso-550x1740mm-bila-ps517-posledni-sance-13692\/","og_image":[{"width":242,"height":800,"url":"https:\/\/www.koupeltech.com\/wp-content\/uploads\/2026\/SK0019797-CZ20260425-093041-0-1777080643-cad85fbd339d9677037aebbd6920f0fc.webp","type":"image\/webp"}],"twitter_card":"summary_large_image","twitter_misc":{"Odhadovan\u00e1 doba \u010dten\u00ed":"4 minuty"},"schema":{"@context":"https:\/\/schema.org","@graph":[{"@type":"WebPage","@id":"https:\/\/www.koupeltech.com\/index.php\/produkt\/aqualine-poseidon-otopne-teleso-550x1740mm-bila-ps517-posledni-sance-13692\/","url":"https:\/\/www.koupeltech.com\/index.php\/produkt\/aqualine-poseidon-otopne-teleso-550x1740mm-bila-ps517-posledni-sance-13692\/","name":"Aqualine POSEIDON otopn\u00e9 t\u011bleso 550x1740mm, b\u00edl\u00e1 PS517 Posledn\u00ed \u0160ance -","isPartOf":{"@id":"https:\/\/www.koupeltech.com\/#website"},"primaryImageOfPage":{"@id":"https:\/\/www.koupeltech.com\/index.php\/produkt\/aqualine-poseidon-otopne-teleso-550x1740mm-bila-ps517-posledni-sance-13692\/#primaryimage"},"image":{"@id":"https:\/\/www.koupeltech.com\/index.php\/produkt\/aqualine-poseidon-otopne-teleso-550x1740mm-bila-ps517-posledni-sance-13692\/#primaryimage"},"thumbnailUrl":"https:\/\/www.koupeltech.com\/wp-content\/uploads\/2026\/SK0019797-CZ20260425-093041-0-1777080643-cad85fbd339d9677037aebbd6920f0fc.webp","datePublished":"2026-04-27T13:57:52+00:00","breadcrumb":{"@id":"https:\/\/www.koupeltech.com\/index.php\/produkt\/aqualine-poseidon-otopne-teleso-550x1740mm-bila-ps517-posledni-sance-13692\/#breadcrumb"},"inLanguage":"cs","potentialAction":[{"@type":"ReadAction","target":["https:\/\/www.koupeltech.com\/index.php\/produkt\/aqualine-poseidon-otopne-teleso-550x1740mm-bila-ps517-posledni-sance-13692\/"]}]},{"@type":"ImageObject","inLanguage":"cs","@id":"https:\/\/www.koupeltech.com\/index.php\/produkt\/aqualine-poseidon-otopne-teleso-550x1740mm-bila-ps517-posledni-sance-13692\/#primaryimage","url":"https:\/\/www.koupeltech.com\/wp-content\/uploads\/2026\/SK0019797-CZ20260425-093041-0-1777080643-cad85fbd339d9677037aebbd6920f0fc.webp","contentUrl":"https:\/\/www.koupeltech.com\/wp-content\/uploads\/2026\/SK0019797-CZ20260425-093041-0-1777080643-cad85fbd339d9677037aebbd6920f0fc.webp","width":242,"height":800},{"@type":"BreadcrumbList","@id":"https:\/\/www.koupeltech.com\/index.php\/produkt\/aqualine-poseidon-otopne-teleso-550x1740mm-bila-ps517-posledni-sance-13692\/#breadcrumb","itemListElement":[{"@type":"ListItem","position":1,"name":"Home","item":"https:\/\/www.koupeltech.com\/"},{"@type":"ListItem","position":2,"name":"Products","item":"https:\/\/www.koupeltech.com\/index.php\/products\/"},{"@type":"ListItem","position":3,"name":"Aqualine POSEIDON otopn\u00e9 t\u011bleso 550x1740mm, b\u00edl\u00e1 PS517 Posledn\u00ed \u0160ance"}]},{"@type":"WebSite","@id":"https:\/\/www.koupeltech.com\/#website","url":"https:\/\/www.koupeltech.com\/","name":"","description":"","potentialAction":[{"@type":"SearchAction","target":{"@type":"EntryPoint","urlTemplate":"https:\/\/www.koupeltech.com\/?s={search_term_string}"},"query-input":{"@type":"PropertyValueSpecification","valueRequired":true,"valueName":"search_term_string"}}],"inLanguage":"cs"}]}},"_links":{"self":[{"href":"https:\/\/www.koupeltech.com\/index.php\/wp-json\/wp\/v2\/product\/13692","targetHints":{"allow":["GET"]}}],"collection":[{"href":"https:\/\/www.koupeltech.com\/index.php\/wp-json\/wp\/v2\/product"}],"about":[{"href":"https:\/\/www.koupeltech.com\/index.php\/wp-json\/wp\/v2\/types\/product"}],"replies":[{"embeddable":true,"href":"https:\/\/www.koupeltech.com\/index.php\/wp-json\/wp\/v2\/comments?post=13692"}],"wp:featuredmedia":[{"embeddable":true,"href":"https:\/\/www.koupeltech.com\/index.php\/wp-json\/wp\/v2\/media\/13792"}],"wp:attachment":[{"href":"https:\/\/www.koupeltech.com\/index.php\/wp-json\/wp\/v2\/media?parent=13692"}],"wp:term":[{"taxonomy":"product_brand","embeddable":true,"href":"https:\/\/www.koupeltech.com\/index.php\/wp-json\/wp\/v2\/product_brand?post=13692"},{"taxonomy":"product_cat","embeddable":true,"href":"https:\/\/www.koupeltech.com\/index.php\/wp-json\/wp\/v2\/product_cat?post=13692"},{"taxonomy":"product_tag","embeddable":true,"href":"https:\/\/www.koupeltech.com\/index.php\/wp-json\/wp\/v2\/product_tag?post=13692"}],"curies":[{"name":"wp","href":"https:\/\/api.w.org\/{rel}","templated":true}]}}