{"id":13693,"date":"2026-04-27T13:57:52","date_gmt":"2026-04-27T13:57:52","guid":{"rendered":""},"modified":"2026-04-27T13:57:52","modified_gmt":"2026-04-27T13:57:52","slug":"sada-koupelnovych-predlozek-s-vyrezem-tana-symphony-tmave-seda-must-have-13693","status":"publish","type":"product","link":"https:\/\/www.koupeltech.com\/index.php\/produkt\/sada-koupelnovych-predlozek-s-vyrezem-tana-symphony-tmave-seda-must-have-13693\/","title":{"rendered":"Sada koupelnov\u00fdch p\u0159edlo\u017eek s v\u00fd\u0159ezem T\u00c1\u0147A &#8211; symphony &#8211; tmav\u011b \u0161ed\u00e1 Must-Have"},"content":{"rendered":"<div class=\"tabs__content-outer\" id=\"tab_description\" data-hash=\"description\" data-tabindex=\"-1\">\n<div class=\"tabs__content toggle_description\" id=\"content_description\">\n<div class=\"wysiwyg-content\">\n<div class=\"product__tab product__description full-width\">\n<div class=\"container\">\n<div >\n<h3>Sada koupelnov\u00fdch p\u0159edlo\u017eek s v\u00fd\u0159ezem T\u00c1\u0147A &#8211; symphony &#8211; tmav\u011b \u0161ed\u00e1<\/h3>\n<p>Pokud si um\u00edst\u00edte koupelnovou p\u0159edlo\u017eku z kolekce T\u00c1\u0147A vedle sprchy nebo vany, vystupov\u00e1n\u00ed po sprchov\u00e1n\u00ed \u010di koupeli bude mnohem p\u0159\u00edjemn\u011bj\u0161\u00ed d\u00edky skv\u011bl\u00fdm izola\u010dn\u00edm vlastnostem. Tyto p\u0159edlo\u017eky jsou charakterizov\u00e1ny p\u0159\u00edjemn\u00fdm barevn\u00fdm proveden\u00edm a zaj\u00edmav\u00fdm designem. Sada obsahuje dv\u011b p\u0159edlo\u017eky: jednu o rozm\u011brech 40&#215;50 cm s v\u00fd\u0159ezem na WC a druhou o rozm\u011brech 50&#215;80 cm. B\u00e9\u017eov\u00e9 koupelnov\u00e9 p\u0159edlo\u017eky maj\u00ed protiskluzovou spodn\u00ed stranu, kter\u00e1 zabra\u0148uje sklouznut\u00ed nebo shrnut\u00ed p\u0159edlo\u017eky. T\u00edm je zaji\u0161t\u011bna bezpe\u010dnost p\u0159i ka\u017edodenn\u00edm pou\u017e\u00edv\u00e1n\u00ed. Tyto p\u0159edlo\u017eky se tak\u00e9 velmi snadno \u010dist\u00ed &#8211; lze je pr\u00e1t v pra\u010dce na 30 stup\u0148\u016f.<\/p>\n<p><strong>Parametry<\/strong>:<\/p>\n<ul>\n<li>materi\u00e1l: 100% polypropylen<\/li>\n<li>v\u00fd\u0161ka: cca 10 mm<\/li>\n<li>v\u00e1ha: 1300 g\/m\u00b2<\/li>\n<li>mo\u017enost pr\u00e1t v pra\u010dce na 30\u00b0C<\/li>\n<\/ul>\n<p><\/p>\n<p><b>Vlastnosti<\/b><\/p>\n<ul>\n<li><span>Rozm\u011br koberce:<\/span> 50&#215;80 cm, 40&#215;50 cm<\/li>\n<\/ul>\n<\/div><\/div>\n<\/p><\/div>\n<\/p><\/div>\n<\/p><\/div>\n","protected":false},"excerpt":{"rendered":"<p>Sada koupelnov\u00fdch p\u0159edlo\u017eek s v\u00fd\u0159ezem T\u00c1\u0147A &#8211; symphony &#8211; tmav\u011b \u0161ed\u00e1 Pokud si um\u00edst\u00edte koupelnovou p\u0159edlo\u017eku z kolekce T\u00c1\u0147A vedle sprchy nebo vany, vystupov\u00e1n\u00ed po sprchov\u00e1n\u00ed \u010di koupeli bude mnohem p\u0159\u00edjemn\u011bj\u0161\u00ed d\u00edky skv\u011bl\u00fdm izola\u010dn\u00edm vlastnostem. Tyto p\u0159edlo\u017eky jsou charakterizov\u00e1ny p\u0159\u00edjemn\u00fdm barevn\u00fdm proveden\u00edm a zaj\u00edmav\u00fdm designem. Sada obsahuje dv\u011b p\u0159edlo\u017eky: jednu o rozm\u011brech 40&#215;50 cm s [&hellip;]<\/p>\n","protected":false},"featured_media":13793,"comment_status":"open","ping_status":"open","template":"","meta":[],"product_brand":[],"product_cat":[83],"product_tag":[],"class_list":{"0":"post-13693","1":"product","2":"type-product","3":"status-publish","4":"has-post-thumbnail","6":"product_cat-koupelna","8":"first","9":"instock","10":"sale","11":"shipping-taxable","12":"purchasable","13":"product-type-simple"},"yoast_head":"<!-- This site is optimized with the Yoast SEO plugin v26.8 - https:\/\/yoast.com\/product\/yoast-seo-wordpress\/ -->\n<title>Sada koupelnov\u00fdch p\u0159edlo\u017eek s v\u00fd\u0159ezem T\u00c1\u0147A - symphony - tmav\u011b \u0161ed\u00e1 Must-Have -<\/title>\n<meta name=\"robots\" content=\"index, follow, max-snippet:-1, max-image-preview:large, max-video-preview:-1\" \/>\n<link rel=\"canonical\" href=\"https:\/\/www.koupeltech.com\/index.php\/produkt\/sada-koupelnovych-predlozek-s-vyrezem-tana-symphony-tmave-seda-must-have-13693\/\" \/>\n<meta property=\"og:locale\" content=\"cs_CZ\" \/>\n<meta property=\"og:type\" content=\"article\" \/>\n<meta property=\"og:title\" content=\"Sada koupelnov\u00fdch p\u0159edlo\u017eek s v\u00fd\u0159ezem T\u00c1\u0147A - symphony - tmav\u011b \u0161ed\u00e1 Must-Have -\" \/>\n<meta property=\"og:description\" content=\"Sada koupelnov\u00fdch p\u0159edlo\u017eek s v\u00fd\u0159ezem T\u00c1\u0147A &#8211; symphony &#8211; tmav\u011b \u0161ed\u00e1 Pokud si um\u00edst\u00edte koupelnovou p\u0159edlo\u017eku z kolekce T\u00c1\u0147A vedle sprchy nebo vany, vystupov\u00e1n\u00ed po sprchov\u00e1n\u00ed \u010di koupeli bude mnohem p\u0159\u00edjemn\u011bj\u0161\u00ed d\u00edky skv\u011bl\u00fdm izola\u010dn\u00edm vlastnostem. Tyto p\u0159edlo\u017eky jsou charakterizov\u00e1ny p\u0159\u00edjemn\u00fdm barevn\u00fdm proveden\u00edm a zaj\u00edmav\u00fdm designem. Sada obsahuje dv\u011b p\u0159edlo\u017eky: jednu o rozm\u011brech 40&#215;50 cm s [&hellip;]\" \/>\n<meta property=\"og:url\" content=\"https:\/\/www.koupeltech.com\/index.php\/produkt\/sada-koupelnovych-predlozek-s-vyrezem-tana-symphony-tmave-seda-must-have-13693\/\" \/>\n<meta property=\"og:image\" content=\"https:\/\/www.koupeltech.com\/wp-content\/uploads\/2026\/SK0019798-CZ20260425-093041-0-1777080643-komplet-lazienkowy-montana-z-wycieciem-maritime-salmon_p0fk.webp\" \/>\n\t<meta property=\"og:image:width\" content=\"1000\" \/>\n\t<meta property=\"og:image:height\" content=\"741\" \/>\n\t<meta property=\"og:image:type\" content=\"image\/webp\" \/>\n<meta name=\"twitter:card\" content=\"summary_large_image\" \/>\n<meta name=\"twitter:label1\" content=\"Odhadovan\u00e1 doba \u010dten\u00ed\" \/>\n\t<meta name=\"twitter:data1\" content=\"1 minuta\" \/>\n<script type=\"application\/ld+json\" class=\"yoast-schema-graph\">{\"@context\":\"https:\/\/schema.org\",\"@graph\":[{\"@type\":\"WebPage\",\"@id\":\"https:\/\/www.koupeltech.com\/index.php\/produkt\/sada-koupelnovych-predlozek-s-vyrezem-tana-symphony-tmave-seda-must-have-13693\/\",\"url\":\"https:\/\/www.koupeltech.com\/index.php\/produkt\/sada-koupelnovych-predlozek-s-vyrezem-tana-symphony-tmave-seda-must-have-13693\/\",\"name\":\"Sada koupelnov\u00fdch p\u0159edlo\u017eek s v\u00fd\u0159ezem T\u00c1\u0147A - symphony - tmav\u011b \u0161ed\u00e1 Must-Have -\",\"isPartOf\":{\"@id\":\"https:\/\/www.koupeltech.com\/#website\"},\"primaryImageOfPage\":{\"@id\":\"https:\/\/www.koupeltech.com\/index.php\/produkt\/sada-koupelnovych-predlozek-s-vyrezem-tana-symphony-tmave-seda-must-have-13693\/#primaryimage\"},\"image\":{\"@id\":\"https:\/\/www.koupeltech.com\/index.php\/produkt\/sada-koupelnovych-predlozek-s-vyrezem-tana-symphony-tmave-seda-must-have-13693\/#primaryimage\"},\"thumbnailUrl\":\"https:\/\/www.koupeltech.com\/wp-content\/uploads\/2026\/SK0019798-CZ20260425-093041-0-1777080643-komplet-lazienkowy-montana-z-wycieciem-maritime-salmon_p0fk.webp\",\"datePublished\":\"2026-04-27T13:57:52+00:00\",\"breadcrumb\":{\"@id\":\"https:\/\/www.koupeltech.com\/index.php\/produkt\/sada-koupelnovych-predlozek-s-vyrezem-tana-symphony-tmave-seda-must-have-13693\/#breadcrumb\"},\"inLanguage\":\"cs\",\"potentialAction\":[{\"@type\":\"ReadAction\",\"target\":[\"https:\/\/www.koupeltech.com\/index.php\/produkt\/sada-koupelnovych-predlozek-s-vyrezem-tana-symphony-tmave-seda-must-have-13693\/\"]}]},{\"@type\":\"ImageObject\",\"inLanguage\":\"cs\",\"@id\":\"https:\/\/www.koupeltech.com\/index.php\/produkt\/sada-koupelnovych-predlozek-s-vyrezem-tana-symphony-tmave-seda-must-have-13693\/#primaryimage\",\"url\":\"https:\/\/www.koupeltech.com\/wp-content\/uploads\/2026\/SK0019798-CZ20260425-093041-0-1777080643-komplet-lazienkowy-montana-z-wycieciem-maritime-salmon_p0fk.webp\",\"contentUrl\":\"https:\/\/www.koupeltech.com\/wp-content\/uploads\/2026\/SK0019798-CZ20260425-093041-0-1777080643-komplet-lazienkowy-montana-z-wycieciem-maritime-salmon_p0fk.webp\",\"width\":1000,\"height\":741},{\"@type\":\"BreadcrumbList\",\"@id\":\"https:\/\/www.koupeltech.com\/index.php\/produkt\/sada-koupelnovych-predlozek-s-vyrezem-tana-symphony-tmave-seda-must-have-13693\/#breadcrumb\",\"itemListElement\":[{\"@type\":\"ListItem\",\"position\":1,\"name\":\"Home\",\"item\":\"https:\/\/www.koupeltech.com\/\"},{\"@type\":\"ListItem\",\"position\":2,\"name\":\"Products\",\"item\":\"https:\/\/www.koupeltech.com\/index.php\/products\/\"},{\"@type\":\"ListItem\",\"position\":3,\"name\":\"Sada koupelnov\u00fdch p\u0159edlo\u017eek s v\u00fd\u0159ezem T\u00c1\u0147A &#8211; symphony &#8211; tmav\u011b \u0161ed\u00e1 Must-Have\"}]},{\"@type\":\"WebSite\",\"@id\":\"https:\/\/www.koupeltech.com\/#website\",\"url\":\"https:\/\/www.koupeltech.com\/\",\"name\":\"\",\"description\":\"\",\"potentialAction\":[{\"@type\":\"SearchAction\",\"target\":{\"@type\":\"EntryPoint\",\"urlTemplate\":\"https:\/\/www.koupeltech.com\/?s={search_term_string}\"},\"query-input\":{\"@type\":\"PropertyValueSpecification\",\"valueRequired\":true,\"valueName\":\"search_term_string\"}}],\"inLanguage\":\"cs\"}]}<\/script>\n<!-- \/ Yoast SEO plugin. -->","yoast_head_json":{"title":"Sada koupelnov\u00fdch p\u0159edlo\u017eek s v\u00fd\u0159ezem T\u00c1\u0147A - symphony - tmav\u011b \u0161ed\u00e1 Must-Have -","robots":{"index":"index","follow":"follow","max-snippet":"max-snippet:-1","max-image-preview":"max-image-preview:large","max-video-preview":"max-video-preview:-1"},"canonical":"https:\/\/www.koupeltech.com\/index.php\/produkt\/sada-koupelnovych-predlozek-s-vyrezem-tana-symphony-tmave-seda-must-have-13693\/","og_locale":"cs_CZ","og_type":"article","og_title":"Sada koupelnov\u00fdch p\u0159edlo\u017eek s v\u00fd\u0159ezem T\u00c1\u0147A - symphony - tmav\u011b \u0161ed\u00e1 Must-Have -","og_description":"Sada koupelnov\u00fdch p\u0159edlo\u017eek s v\u00fd\u0159ezem T\u00c1\u0147A &#8211; symphony &#8211; tmav\u011b \u0161ed\u00e1 Pokud si um\u00edst\u00edte koupelnovou p\u0159edlo\u017eku z kolekce T\u00c1\u0147A vedle sprchy nebo vany, vystupov\u00e1n\u00ed po sprchov\u00e1n\u00ed \u010di koupeli bude mnohem p\u0159\u00edjemn\u011bj\u0161\u00ed d\u00edky skv\u011bl\u00fdm izola\u010dn\u00edm vlastnostem. Tyto p\u0159edlo\u017eky jsou charakterizov\u00e1ny p\u0159\u00edjemn\u00fdm barevn\u00fdm proveden\u00edm a zaj\u00edmav\u00fdm designem. Sada obsahuje dv\u011b p\u0159edlo\u017eky: jednu o rozm\u011brech 40&#215;50 cm s [&hellip;]","og_url":"https:\/\/www.koupeltech.com\/index.php\/produkt\/sada-koupelnovych-predlozek-s-vyrezem-tana-symphony-tmave-seda-must-have-13693\/","og_image":[{"width":1000,"height":741,"url":"https:\/\/www.koupeltech.com\/wp-content\/uploads\/2026\/SK0019798-CZ20260425-093041-0-1777080643-komplet-lazienkowy-montana-z-wycieciem-maritime-salmon_p0fk.webp","type":"image\/webp"}],"twitter_card":"summary_large_image","twitter_misc":{"Odhadovan\u00e1 doba \u010dten\u00ed":"1 minuta"},"schema":{"@context":"https:\/\/schema.org","@graph":[{"@type":"WebPage","@id":"https:\/\/www.koupeltech.com\/index.php\/produkt\/sada-koupelnovych-predlozek-s-vyrezem-tana-symphony-tmave-seda-must-have-13693\/","url":"https:\/\/www.koupeltech.com\/index.php\/produkt\/sada-koupelnovych-predlozek-s-vyrezem-tana-symphony-tmave-seda-must-have-13693\/","name":"Sada koupelnov\u00fdch p\u0159edlo\u017eek s v\u00fd\u0159ezem T\u00c1\u0147A - symphony - tmav\u011b \u0161ed\u00e1 Must-Have -","isPartOf":{"@id":"https:\/\/www.koupeltech.com\/#website"},"primaryImageOfPage":{"@id":"https:\/\/www.koupeltech.com\/index.php\/produkt\/sada-koupelnovych-predlozek-s-vyrezem-tana-symphony-tmave-seda-must-have-13693\/#primaryimage"},"image":{"@id":"https:\/\/www.koupeltech.com\/index.php\/produkt\/sada-koupelnovych-predlozek-s-vyrezem-tana-symphony-tmave-seda-must-have-13693\/#primaryimage"},"thumbnailUrl":"https:\/\/www.koupeltech.com\/wp-content\/uploads\/2026\/SK0019798-CZ20260425-093041-0-1777080643-komplet-lazienkowy-montana-z-wycieciem-maritime-salmon_p0fk.webp","datePublished":"2026-04-27T13:57:52+00:00","breadcrumb":{"@id":"https:\/\/www.koupeltech.com\/index.php\/produkt\/sada-koupelnovych-predlozek-s-vyrezem-tana-symphony-tmave-seda-must-have-13693\/#breadcrumb"},"inLanguage":"cs","potentialAction":[{"@type":"ReadAction","target":["https:\/\/www.koupeltech.com\/index.php\/produkt\/sada-koupelnovych-predlozek-s-vyrezem-tana-symphony-tmave-seda-must-have-13693\/"]}]},{"@type":"ImageObject","inLanguage":"cs","@id":"https:\/\/www.koupeltech.com\/index.php\/produkt\/sada-koupelnovych-predlozek-s-vyrezem-tana-symphony-tmave-seda-must-have-13693\/#primaryimage","url":"https:\/\/www.koupeltech.com\/wp-content\/uploads\/2026\/SK0019798-CZ20260425-093041-0-1777080643-komplet-lazienkowy-montana-z-wycieciem-maritime-salmon_p0fk.webp","contentUrl":"https:\/\/www.koupeltech.com\/wp-content\/uploads\/2026\/SK0019798-CZ20260425-093041-0-1777080643-komplet-lazienkowy-montana-z-wycieciem-maritime-salmon_p0fk.webp","width":1000,"height":741},{"@type":"BreadcrumbList","@id":"https:\/\/www.koupeltech.com\/index.php\/produkt\/sada-koupelnovych-predlozek-s-vyrezem-tana-symphony-tmave-seda-must-have-13693\/#breadcrumb","itemListElement":[{"@type":"ListItem","position":1,"name":"Home","item":"https:\/\/www.koupeltech.com\/"},{"@type":"ListItem","position":2,"name":"Products","item":"https:\/\/www.koupeltech.com\/index.php\/products\/"},{"@type":"ListItem","position":3,"name":"Sada koupelnov\u00fdch p\u0159edlo\u017eek s v\u00fd\u0159ezem T\u00c1\u0147A &#8211; symphony &#8211; tmav\u011b \u0161ed\u00e1 Must-Have"}]},{"@type":"WebSite","@id":"https:\/\/www.koupeltech.com\/#website","url":"https:\/\/www.koupeltech.com\/","name":"","description":"","potentialAction":[{"@type":"SearchAction","target":{"@type":"EntryPoint","urlTemplate":"https:\/\/www.koupeltech.com\/?s={search_term_string}"},"query-input":{"@type":"PropertyValueSpecification","valueRequired":true,"valueName":"search_term_string"}}],"inLanguage":"cs"}]}},"_links":{"self":[{"href":"https:\/\/www.koupeltech.com\/index.php\/wp-json\/wp\/v2\/product\/13693","targetHints":{"allow":["GET"]}}],"collection":[{"href":"https:\/\/www.koupeltech.com\/index.php\/wp-json\/wp\/v2\/product"}],"about":[{"href":"https:\/\/www.koupeltech.com\/index.php\/wp-json\/wp\/v2\/types\/product"}],"replies":[{"embeddable":true,"href":"https:\/\/www.koupeltech.com\/index.php\/wp-json\/wp\/v2\/comments?post=13693"}],"wp:featuredmedia":[{"embeddable":true,"href":"https:\/\/www.koupeltech.com\/index.php\/wp-json\/wp\/v2\/media\/13793"}],"wp:attachment":[{"href":"https:\/\/www.koupeltech.com\/index.php\/wp-json\/wp\/v2\/media?parent=13693"}],"wp:term":[{"taxonomy":"product_brand","embeddable":true,"href":"https:\/\/www.koupeltech.com\/index.php\/wp-json\/wp\/v2\/product_brand?post=13693"},{"taxonomy":"product_cat","embeddable":true,"href":"https:\/\/www.koupeltech.com\/index.php\/wp-json\/wp\/v2\/product_cat?post=13693"},{"taxonomy":"product_tag","embeddable":true,"href":"https:\/\/www.koupeltech.com\/index.php\/wp-json\/wp\/v2\/product_tag?post=13693"}],"curies":[{"name":"wp","href":"https:\/\/api.w.org\/{rel}","templated":true}]}}