{"id":13694,"date":"2026-04-27T13:57:52","date_gmt":"2026-04-27T13:57:52","guid":{"rendered":""},"modified":"2026-04-27T13:57:52","modified_gmt":"2026-04-27T13:57:52","slug":"autenticky-gedy-ylenia-sklenka-na-postaveni-ruzova-yl9810-13694","status":"publish","type":"product","link":"https:\/\/www.koupeltech.com\/index.php\/produkt\/autenticky-gedy-ylenia-sklenka-na-postaveni-ruzova-yl9810-13694\/","title":{"rendered":"Autentick\u00fd Gedy YLENIA sklenka na postaven\u00ed, r\u016f\u017eov\u00e1 YL9810"},"content":{"rendered":"<div class=\"tabs__content-outer\" id=\"tab_description\" data-hash=\"description\" data-tabindex=\"-1\">\n<div class=\"tabs__content toggle_description\" id=\"content_description\">\n<div class=\"wysiwyg-content\">\n<div class=\"product__tab product__description full-width\">\n<div class=\"container\">\n<div >\n<h3>Gedy YLENIA sklenka na postaven\u00ed, r\u016f\u017eov\u00e1 YL9810<\/h3>\n<p style=\"text-align: justify;\">Koupelnov\u00e9 dopl\u0148ky YLENIA z polyresinu v modern\u00edm jednoduch\u00e9m designu kombinuj\u00ed prakti\u010dnost s estetikou. V nab\u00eddce matn\u011b b\u00edl\u00e9, matn\u011b \u010dern\u00e9, \u0161alv\u011bjov\u011b zelen\u00e9, staror\u016f\u017eov\u00e9 a b\u00e9\u017eovo\u0161ed\u00e9 barv\u011b.<\/p>\n<div class=\"product-explanation-item\">\n<h3><span><strong>Polyresin<\/strong><\/span><\/h3>\n<p style=\"text-align: justify;\">Jedn\u00e1 se o materi\u00e1l vyr\u00e1b\u011bn\u00fd z prysky\u0159i\u010dn\u00fdch materi\u00e1l\u016f, kter\u00fd se kv\u016fli sv\u00fdm vlastnostem s oblibou vyu\u017e\u00edv\u00e1 p\u0159edev\u0161\u00edm pro v\u00fdrobu dekora\u010dn\u00edch p\u0159edm\u011bt\u016f. P\u0159i zah\u0159\u00e1t\u00ed je dob\u0159e tvarovateln\u00fd, po zaschnut\u00ed naopak vysoce odoln\u00fd proti pov\u011btrnostn\u00edm vliv\u016fm a vod\u011b, je nerozbitn\u00fd a trvanliv\u00fd.<\/p>\n<\/p><\/div>\n<p><\/p>\n<p><b>Vlastnosti<\/b><\/p>\n<ul>\n<li><span>Materi\u00e1l:<\/span> Polyresin<\/li>\n<li><span>Barva:<\/span> R\u016f\u017eov\u00e1<\/li>\n<li><span>Instalace:<\/span> Na postaven\u00ed<\/li>\n<li><span>Tvar:<\/span> Kruhov\u00e9<\/li>\n<li><span>Rozm\u011br:<\/span> 77x107x77 mm<\/li>\n<li><span>Druh:<\/span> Sklenka\/Dr\u017e\u00e1k kart\u00e1\u010dk\u016f<\/li>\n<li><span>\u0160\u00ed\u0159ka:<\/span> 77 mm<\/li>\n<li><span>V\u00fd\u0161ka:<\/span> 107 mm<\/li>\n<li><span>Hloubka:<\/span> 77 mm<\/li>\n<li><span>3D model:<\/span> ANO<\/li>\n<\/ul>\n<\/div><\/div>\n<\/p><\/div>\n<\/p><\/div>\n<\/p><\/div>\n","protected":false},"excerpt":{"rendered":"<p>Gedy YLENIA sklenka na postaven\u00ed, r\u016f\u017eov\u00e1 YL9810 Koupelnov\u00e9 dopl\u0148ky YLENIA z polyresinu v modern\u00edm jednoduch\u00e9m designu kombinuj\u00ed prakti\u010dnost s estetikou. V nab\u00eddce matn\u011b b\u00edl\u00e9, matn\u011b \u010dern\u00e9, \u0161alv\u011bjov\u011b zelen\u00e9, staror\u016f\u017eov\u00e9 a b\u00e9\u017eovo\u0161ed\u00e9 barv\u011b. Polyresin Jedn\u00e1 se o materi\u00e1l vyr\u00e1b\u011bn\u00fd z prysky\u0159i\u010dn\u00fdch materi\u00e1l\u016f, kter\u00fd se kv\u016fli sv\u00fdm vlastnostem s oblibou vyu\u017e\u00edv\u00e1 p\u0159edev\u0161\u00edm pro v\u00fdrobu dekora\u010dn\u00edch p\u0159edm\u011bt\u016f. P\u0159i [&hellip;]<\/p>\n","protected":false},"featured_media":13794,"comment_status":"open","ping_status":"open","template":"","meta":[],"product_brand":[],"product_cat":[83],"product_tag":[],"class_list":{"0":"post-13694","1":"product","2":"type-product","3":"status-publish","4":"has-post-thumbnail","6":"product_cat-koupelna","8":"first","9":"instock","10":"sale","11":"shipping-taxable","12":"purchasable","13":"product-type-simple"},"yoast_head":"<!-- This site is optimized with the Yoast SEO plugin v26.8 - https:\/\/yoast.com\/product\/yoast-seo-wordpress\/ -->\n<title>Autentick\u00fd Gedy YLENIA sklenka na postaven\u00ed, r\u016f\u017eov\u00e1 YL9810 -<\/title>\n<meta name=\"robots\" content=\"index, follow, max-snippet:-1, max-image-preview:large, max-video-preview:-1\" \/>\n<link rel=\"canonical\" href=\"https:\/\/www.koupeltech.com\/index.php\/produkt\/autenticky-gedy-ylenia-sklenka-na-postaveni-ruzova-yl9810-13694\/\" \/>\n<meta property=\"og:locale\" content=\"cs_CZ\" \/>\n<meta property=\"og:type\" content=\"article\" \/>\n<meta property=\"og:title\" content=\"Autentick\u00fd Gedy YLENIA sklenka na postaven\u00ed, r\u016f\u017eov\u00e1 YL9810 -\" \/>\n<meta property=\"og:description\" content=\"Gedy YLENIA sklenka na postaven\u00ed, r\u016f\u017eov\u00e1 YL9810 Koupelnov\u00e9 dopl\u0148ky YLENIA z polyresinu v modern\u00edm jednoduch\u00e9m designu kombinuj\u00ed prakti\u010dnost s estetikou. V nab\u00eddce matn\u011b b\u00edl\u00e9, matn\u011b \u010dern\u00e9, \u0161alv\u011bjov\u011b zelen\u00e9, staror\u016f\u017eov\u00e9 a b\u00e9\u017eovo\u0161ed\u00e9 barv\u011b. Polyresin Jedn\u00e1 se o materi\u00e1l vyr\u00e1b\u011bn\u00fd z prysky\u0159i\u010dn\u00fdch materi\u00e1l\u016f, kter\u00fd se kv\u016fli sv\u00fdm vlastnostem s oblibou vyu\u017e\u00edv\u00e1 p\u0159edev\u0161\u00edm pro v\u00fdrobu dekora\u010dn\u00edch p\u0159edm\u011bt\u016f. P\u0159i [&hellip;]\" \/>\n<meta property=\"og:url\" content=\"https:\/\/www.koupeltech.com\/index.php\/produkt\/autenticky-gedy-ylenia-sklenka-na-postaveni-ruzova-yl9810-13694\/\" \/>\n<meta property=\"og:image\" content=\"https:\/\/www.koupeltech.com\/wp-content\/uploads\/2026\/SK0019799-CZ20260425-093041-0-1777080643-5f929a5a43ea52b2eee15f77fd1d02e2.webp\" \/>\n\t<meta property=\"og:image:width\" content=\"800\" \/>\n\t<meta property=\"og:image:height\" content=\"800\" \/>\n\t<meta property=\"og:image:type\" content=\"image\/webp\" \/>\n<meta name=\"twitter:card\" content=\"summary_large_image\" \/>\n<meta name=\"twitter:label1\" content=\"Odhadovan\u00e1 doba \u010dten\u00ed\" \/>\n\t<meta name=\"twitter:data1\" content=\"1 minuta\" \/>\n<script type=\"application\/ld+json\" class=\"yoast-schema-graph\">{\"@context\":\"https:\/\/schema.org\",\"@graph\":[{\"@type\":\"WebPage\",\"@id\":\"https:\/\/www.koupeltech.com\/index.php\/produkt\/autenticky-gedy-ylenia-sklenka-na-postaveni-ruzova-yl9810-13694\/\",\"url\":\"https:\/\/www.koupeltech.com\/index.php\/produkt\/autenticky-gedy-ylenia-sklenka-na-postaveni-ruzova-yl9810-13694\/\",\"name\":\"Autentick\u00fd Gedy YLENIA sklenka na postaven\u00ed, r\u016f\u017eov\u00e1 YL9810 -\",\"isPartOf\":{\"@id\":\"https:\/\/www.koupeltech.com\/#website\"},\"primaryImageOfPage\":{\"@id\":\"https:\/\/www.koupeltech.com\/index.php\/produkt\/autenticky-gedy-ylenia-sklenka-na-postaveni-ruzova-yl9810-13694\/#primaryimage\"},\"image\":{\"@id\":\"https:\/\/www.koupeltech.com\/index.php\/produkt\/autenticky-gedy-ylenia-sklenka-na-postaveni-ruzova-yl9810-13694\/#primaryimage\"},\"thumbnailUrl\":\"https:\/\/www.koupeltech.com\/wp-content\/uploads\/2026\/SK0019799-CZ20260425-093041-0-1777080643-5f929a5a43ea52b2eee15f77fd1d02e2.webp\",\"datePublished\":\"2026-04-27T13:57:52+00:00\",\"breadcrumb\":{\"@id\":\"https:\/\/www.koupeltech.com\/index.php\/produkt\/autenticky-gedy-ylenia-sklenka-na-postaveni-ruzova-yl9810-13694\/#breadcrumb\"},\"inLanguage\":\"cs\",\"potentialAction\":[{\"@type\":\"ReadAction\",\"target\":[\"https:\/\/www.koupeltech.com\/index.php\/produkt\/autenticky-gedy-ylenia-sklenka-na-postaveni-ruzova-yl9810-13694\/\"]}]},{\"@type\":\"ImageObject\",\"inLanguage\":\"cs\",\"@id\":\"https:\/\/www.koupeltech.com\/index.php\/produkt\/autenticky-gedy-ylenia-sklenka-na-postaveni-ruzova-yl9810-13694\/#primaryimage\",\"url\":\"https:\/\/www.koupeltech.com\/wp-content\/uploads\/2026\/SK0019799-CZ20260425-093041-0-1777080643-5f929a5a43ea52b2eee15f77fd1d02e2.webp\",\"contentUrl\":\"https:\/\/www.koupeltech.com\/wp-content\/uploads\/2026\/SK0019799-CZ20260425-093041-0-1777080643-5f929a5a43ea52b2eee15f77fd1d02e2.webp\",\"width\":800,\"height\":800},{\"@type\":\"BreadcrumbList\",\"@id\":\"https:\/\/www.koupeltech.com\/index.php\/produkt\/autenticky-gedy-ylenia-sklenka-na-postaveni-ruzova-yl9810-13694\/#breadcrumb\",\"itemListElement\":[{\"@type\":\"ListItem\",\"position\":1,\"name\":\"Home\",\"item\":\"https:\/\/www.koupeltech.com\/\"},{\"@type\":\"ListItem\",\"position\":2,\"name\":\"Products\",\"item\":\"https:\/\/www.koupeltech.com\/index.php\/products\/\"},{\"@type\":\"ListItem\",\"position\":3,\"name\":\"Autentick\u00fd Gedy YLENIA sklenka na postaven\u00ed, r\u016f\u017eov\u00e1 YL9810\"}]},{\"@type\":\"WebSite\",\"@id\":\"https:\/\/www.koupeltech.com\/#website\",\"url\":\"https:\/\/www.koupeltech.com\/\",\"name\":\"\",\"description\":\"\",\"potentialAction\":[{\"@type\":\"SearchAction\",\"target\":{\"@type\":\"EntryPoint\",\"urlTemplate\":\"https:\/\/www.koupeltech.com\/?s={search_term_string}\"},\"query-input\":{\"@type\":\"PropertyValueSpecification\",\"valueRequired\":true,\"valueName\":\"search_term_string\"}}],\"inLanguage\":\"cs\"}]}<\/script>\n<!-- \/ Yoast SEO plugin. -->","yoast_head_json":{"title":"Autentick\u00fd Gedy YLENIA sklenka na postaven\u00ed, r\u016f\u017eov\u00e1 YL9810 -","robots":{"index":"index","follow":"follow","max-snippet":"max-snippet:-1","max-image-preview":"max-image-preview:large","max-video-preview":"max-video-preview:-1"},"canonical":"https:\/\/www.koupeltech.com\/index.php\/produkt\/autenticky-gedy-ylenia-sklenka-na-postaveni-ruzova-yl9810-13694\/","og_locale":"cs_CZ","og_type":"article","og_title":"Autentick\u00fd Gedy YLENIA sklenka na postaven\u00ed, r\u016f\u017eov\u00e1 YL9810 -","og_description":"Gedy YLENIA sklenka na postaven\u00ed, r\u016f\u017eov\u00e1 YL9810 Koupelnov\u00e9 dopl\u0148ky YLENIA z polyresinu v modern\u00edm jednoduch\u00e9m designu kombinuj\u00ed prakti\u010dnost s estetikou. V nab\u00eddce matn\u011b b\u00edl\u00e9, matn\u011b \u010dern\u00e9, \u0161alv\u011bjov\u011b zelen\u00e9, staror\u016f\u017eov\u00e9 a b\u00e9\u017eovo\u0161ed\u00e9 barv\u011b. Polyresin Jedn\u00e1 se o materi\u00e1l vyr\u00e1b\u011bn\u00fd z prysky\u0159i\u010dn\u00fdch materi\u00e1l\u016f, kter\u00fd se kv\u016fli sv\u00fdm vlastnostem s oblibou vyu\u017e\u00edv\u00e1 p\u0159edev\u0161\u00edm pro v\u00fdrobu dekora\u010dn\u00edch p\u0159edm\u011bt\u016f. P\u0159i [&hellip;]","og_url":"https:\/\/www.koupeltech.com\/index.php\/produkt\/autenticky-gedy-ylenia-sklenka-na-postaveni-ruzova-yl9810-13694\/","og_image":[{"width":800,"height":800,"url":"https:\/\/www.koupeltech.com\/wp-content\/uploads\/2026\/SK0019799-CZ20260425-093041-0-1777080643-5f929a5a43ea52b2eee15f77fd1d02e2.webp","type":"image\/webp"}],"twitter_card":"summary_large_image","twitter_misc":{"Odhadovan\u00e1 doba \u010dten\u00ed":"1 minuta"},"schema":{"@context":"https:\/\/schema.org","@graph":[{"@type":"WebPage","@id":"https:\/\/www.koupeltech.com\/index.php\/produkt\/autenticky-gedy-ylenia-sklenka-na-postaveni-ruzova-yl9810-13694\/","url":"https:\/\/www.koupeltech.com\/index.php\/produkt\/autenticky-gedy-ylenia-sklenka-na-postaveni-ruzova-yl9810-13694\/","name":"Autentick\u00fd Gedy YLENIA sklenka na postaven\u00ed, r\u016f\u017eov\u00e1 YL9810 -","isPartOf":{"@id":"https:\/\/www.koupeltech.com\/#website"},"primaryImageOfPage":{"@id":"https:\/\/www.koupeltech.com\/index.php\/produkt\/autenticky-gedy-ylenia-sklenka-na-postaveni-ruzova-yl9810-13694\/#primaryimage"},"image":{"@id":"https:\/\/www.koupeltech.com\/index.php\/produkt\/autenticky-gedy-ylenia-sklenka-na-postaveni-ruzova-yl9810-13694\/#primaryimage"},"thumbnailUrl":"https:\/\/www.koupeltech.com\/wp-content\/uploads\/2026\/SK0019799-CZ20260425-093041-0-1777080643-5f929a5a43ea52b2eee15f77fd1d02e2.webp","datePublished":"2026-04-27T13:57:52+00:00","breadcrumb":{"@id":"https:\/\/www.koupeltech.com\/index.php\/produkt\/autenticky-gedy-ylenia-sklenka-na-postaveni-ruzova-yl9810-13694\/#breadcrumb"},"inLanguage":"cs","potentialAction":[{"@type":"ReadAction","target":["https:\/\/www.koupeltech.com\/index.php\/produkt\/autenticky-gedy-ylenia-sklenka-na-postaveni-ruzova-yl9810-13694\/"]}]},{"@type":"ImageObject","inLanguage":"cs","@id":"https:\/\/www.koupeltech.com\/index.php\/produkt\/autenticky-gedy-ylenia-sklenka-na-postaveni-ruzova-yl9810-13694\/#primaryimage","url":"https:\/\/www.koupeltech.com\/wp-content\/uploads\/2026\/SK0019799-CZ20260425-093041-0-1777080643-5f929a5a43ea52b2eee15f77fd1d02e2.webp","contentUrl":"https:\/\/www.koupeltech.com\/wp-content\/uploads\/2026\/SK0019799-CZ20260425-093041-0-1777080643-5f929a5a43ea52b2eee15f77fd1d02e2.webp","width":800,"height":800},{"@type":"BreadcrumbList","@id":"https:\/\/www.koupeltech.com\/index.php\/produkt\/autenticky-gedy-ylenia-sklenka-na-postaveni-ruzova-yl9810-13694\/#breadcrumb","itemListElement":[{"@type":"ListItem","position":1,"name":"Home","item":"https:\/\/www.koupeltech.com\/"},{"@type":"ListItem","position":2,"name":"Products","item":"https:\/\/www.koupeltech.com\/index.php\/products\/"},{"@type":"ListItem","position":3,"name":"Autentick\u00fd Gedy YLENIA sklenka na postaven\u00ed, r\u016f\u017eov\u00e1 YL9810"}]},{"@type":"WebSite","@id":"https:\/\/www.koupeltech.com\/#website","url":"https:\/\/www.koupeltech.com\/","name":"","description":"","potentialAction":[{"@type":"SearchAction","target":{"@type":"EntryPoint","urlTemplate":"https:\/\/www.koupeltech.com\/?s={search_term_string}"},"query-input":{"@type":"PropertyValueSpecification","valueRequired":true,"valueName":"search_term_string"}}],"inLanguage":"cs"}]}},"_links":{"self":[{"href":"https:\/\/www.koupeltech.com\/index.php\/wp-json\/wp\/v2\/product\/13694","targetHints":{"allow":["GET"]}}],"collection":[{"href":"https:\/\/www.koupeltech.com\/index.php\/wp-json\/wp\/v2\/product"}],"about":[{"href":"https:\/\/www.koupeltech.com\/index.php\/wp-json\/wp\/v2\/types\/product"}],"replies":[{"embeddable":true,"href":"https:\/\/www.koupeltech.com\/index.php\/wp-json\/wp\/v2\/comments?post=13694"}],"wp:featuredmedia":[{"embeddable":true,"href":"https:\/\/www.koupeltech.com\/index.php\/wp-json\/wp\/v2\/media\/13794"}],"wp:attachment":[{"href":"https:\/\/www.koupeltech.com\/index.php\/wp-json\/wp\/v2\/media?parent=13694"}],"wp:term":[{"taxonomy":"product_brand","embeddable":true,"href":"https:\/\/www.koupeltech.com\/index.php\/wp-json\/wp\/v2\/product_brand?post=13694"},{"taxonomy":"product_cat","embeddable":true,"href":"https:\/\/www.koupeltech.com\/index.php\/wp-json\/wp\/v2\/product_cat?post=13694"},{"taxonomy":"product_tag","embeddable":true,"href":"https:\/\/www.koupeltech.com\/index.php\/wp-json\/wp\/v2\/product_tag?post=13694"}],"curies":[{"name":"wp","href":"https:\/\/api.w.org\/{rel}","templated":true}]}}