{"id":13695,"date":"2026-04-27T13:57:52","date_gmt":"2026-04-27T13:57:52","guid":{"rendered":""},"modified":"2026-04-27T13:57:52","modified_gmt":"2026-04-27T13:57:52","slug":"sapho-pax-podomitkovy-sprchovy-set-s-pakovou-baterii-2-vystupy-chrom-xa42-03-specialni-cena-13695","status":"publish","type":"product","link":"https:\/\/www.koupeltech.com\/index.php\/produkt\/sapho-pax-podomitkovy-sprchovy-set-s-pakovou-baterii-2-vystupy-chrom-xa42-03-specialni-cena-13695\/","title":{"rendered":"Sapho PAX podom\u00edtkov\u00fd sprchov\u00fd set s p\u00e1kovou bateri\u00ed, 2 v\u00fdstupy, chrom XA42-03 Speci\u00e1ln\u00ed Cena"},"content":{"rendered":"<div class=\"tabs__content-outer\" id=\"tab_description\" data-hash=\"description\" data-tabindex=\"-1\">\n<div class=\"tabs__content toggle_description\" id=\"content_description\">\n<div class=\"wysiwyg-content\">\n<div class=\"product__tab product__description full-width\">\n<div class=\"container\">\n<div >\n<h3>Sapho PAX podom\u00edtkov\u00fd sprchov\u00fd set s p\u00e1kovou bateri\u00ed, 2 v\u00fdstupy, chrom XA42-03<\/h3>\n<p style=\"text-align: justify;\">S\u00e9rie vodovodn\u00edch bateri\u00ed PAX nab\u00edz\u00ed obl\u00edben\u00fd design, d\u00edky n\u011bmu\u017e se baterie dob\u0159e kombinuj\u00ed s&nbsp;ostatn\u00edm za\u0159\u00edzen\u00edm koupelny.&nbsp;<\/p>\n<div class=\"product-explanation-item\">\n<h3>AntiCalc<\/h3>\n<div style=\"float: left;\"><\/div>\n<p style=\"text-align: justify;\">Odolnost v\u016f\u010di usazov\u00e1n\u00ed vodn\u00edho kamene a snadn\u00e9 \u010di\u0161t\u011bn\u00ed.<\/p>\n<\/p><\/div>\n<p><\/p>\n<p><b>Vlastnosti<\/b><\/p>\n<ul>\n<li><span>Materi\u00e1l:<\/span> Mosaz<\/li>\n<li><span>Barva:<\/span> St\u0159\u00edbrn\u00e1<\/li>\n<li><span>Instalace:<\/span> Podom\u00edtkov\u00e1<\/li>\n<li><span>Tvar:<\/span> Hranat\u00e9<\/li>\n<li><span>Druh ovl\u00e1d\u00e1n\u00ed:<\/span> P\u00e1ka<\/li>\n<li><span>Ostatn\u00ed:<\/span> Dvoucestn\u00e9, AntiCalc<\/li>\n<li><span>Pr\u016fm\u011br kartu\u0161e:<\/span> 35 mm<\/li>\n<li><span>Funkce sprchy:<\/span> D\u00e9\u0161\u0165, Mas\u00e1\u017e, D\u00e9\u0161\u0165\/Mas\u00e1\u017e<\/li>\n<li><span>P\u0159ep\u00edna\u010d na sprchu:<\/span> Tlakov\u00fd<\/li>\n<\/ul>\n<\/div><\/div>\n<\/p><\/div>\n<\/p><\/div>\n<\/p><\/div>\n","protected":false},"excerpt":{"rendered":"<p>Sapho PAX podom\u00edtkov\u00fd sprchov\u00fd set s p\u00e1kovou bateri\u00ed, 2 v\u00fdstupy, chrom XA42-03 S\u00e9rie vodovodn\u00edch bateri\u00ed PAX nab\u00edz\u00ed obl\u00edben\u00fd design, d\u00edky n\u011bmu\u017e se baterie dob\u0159e kombinuj\u00ed s&nbsp;ostatn\u00edm za\u0159\u00edzen\u00edm koupelny.&nbsp; AntiCalc Odolnost v\u016f\u010di usazov\u00e1n\u00ed vodn\u00edho kamene a snadn\u00e9 \u010di\u0161t\u011bn\u00ed. Vlastnosti Materi\u00e1l: Mosaz Barva: St\u0159\u00edbrn\u00e1 Instalace: Podom\u00edtkov\u00e1 Tvar: Hranat\u00e9 Druh ovl\u00e1d\u00e1n\u00ed: P\u00e1ka Ostatn\u00ed: Dvoucestn\u00e9, AntiCalc Pr\u016fm\u011br kartu\u0161e: 35 [&hellip;]<\/p>\n","protected":false},"featured_media":13795,"comment_status":"open","ping_status":"open","template":"","meta":[],"product_brand":[],"product_cat":[83],"product_tag":[],"class_list":{"0":"post-13695","1":"product","2":"type-product","3":"status-publish","4":"has-post-thumbnail","6":"product_cat-koupelna","8":"first","9":"instock","10":"sale","11":"shipping-taxable","12":"purchasable","13":"product-type-simple"},"yoast_head":"<!-- This site is optimized with the Yoast SEO plugin v26.8 - https:\/\/yoast.com\/product\/yoast-seo-wordpress\/ -->\n<title>Sapho PAX podom\u00edtkov\u00fd sprchov\u00fd set s p\u00e1kovou bateri\u00ed, 2 v\u00fdstupy, chrom XA42-03 Speci\u00e1ln\u00ed Cena -<\/title>\n<meta name=\"robots\" content=\"index, follow, max-snippet:-1, max-image-preview:large, max-video-preview:-1\" \/>\n<link rel=\"canonical\" href=\"https:\/\/www.koupeltech.com\/index.php\/produkt\/sapho-pax-podomitkovy-sprchovy-set-s-pakovou-baterii-2-vystupy-chrom-xa42-03-specialni-cena-13695\/\" \/>\n<meta property=\"og:locale\" content=\"cs_CZ\" \/>\n<meta property=\"og:type\" content=\"article\" \/>\n<meta property=\"og:title\" content=\"Sapho PAX podom\u00edtkov\u00fd sprchov\u00fd set s p\u00e1kovou bateri\u00ed, 2 v\u00fdstupy, chrom XA42-03 Speci\u00e1ln\u00ed Cena -\" \/>\n<meta property=\"og:description\" content=\"Sapho PAX podom\u00edtkov\u00fd sprchov\u00fd set s p\u00e1kovou bateri\u00ed, 2 v\u00fdstupy, chrom XA42-03 S\u00e9rie vodovodn\u00edch bateri\u00ed PAX nab\u00edz\u00ed obl\u00edben\u00fd design, d\u00edky n\u011bmu\u017e se baterie dob\u0159e kombinuj\u00ed s&nbsp;ostatn\u00edm za\u0159\u00edzen\u00edm koupelny.&nbsp; AntiCalc Odolnost v\u016f\u010di usazov\u00e1n\u00ed vodn\u00edho kamene a snadn\u00e9 \u010di\u0161t\u011bn\u00ed. Vlastnosti Materi\u00e1l: Mosaz Barva: St\u0159\u00edbrn\u00e1 Instalace: Podom\u00edtkov\u00e1 Tvar: Hranat\u00e9 Druh ovl\u00e1d\u00e1n\u00ed: P\u00e1ka Ostatn\u00ed: Dvoucestn\u00e9, AntiCalc Pr\u016fm\u011br kartu\u0161e: 35 [&hellip;]\" \/>\n<meta property=\"og:url\" content=\"https:\/\/www.koupeltech.com\/index.php\/produkt\/sapho-pax-podomitkovy-sprchovy-set-s-pakovou-baterii-2-vystupy-chrom-xa42-03-specialni-cena-13695\/\" \/>\n<meta property=\"og:image\" content=\"https:\/\/www.koupeltech.com\/wp-content\/uploads\/2026\/SK0019800-CZ20260425-093041-0-1777080643-c2a4bc382e596a390d6538dfa6f7cdd9.webp\" \/>\n\t<meta property=\"og:image:width\" content=\"422\" \/>\n\t<meta property=\"og:image:height\" content=\"800\" \/>\n\t<meta property=\"og:image:type\" content=\"image\/webp\" \/>\n<meta name=\"twitter:card\" content=\"summary_large_image\" \/>\n<script type=\"application\/ld+json\" class=\"yoast-schema-graph\">{\"@context\":\"https:\/\/schema.org\",\"@graph\":[{\"@type\":\"WebPage\",\"@id\":\"https:\/\/www.koupeltech.com\/index.php\/produkt\/sapho-pax-podomitkovy-sprchovy-set-s-pakovou-baterii-2-vystupy-chrom-xa42-03-specialni-cena-13695\/\",\"url\":\"https:\/\/www.koupeltech.com\/index.php\/produkt\/sapho-pax-podomitkovy-sprchovy-set-s-pakovou-baterii-2-vystupy-chrom-xa42-03-specialni-cena-13695\/\",\"name\":\"Sapho PAX podom\u00edtkov\u00fd sprchov\u00fd set s p\u00e1kovou bateri\u00ed, 2 v\u00fdstupy, chrom XA42-03 Speci\u00e1ln\u00ed Cena -\",\"isPartOf\":{\"@id\":\"https:\/\/www.koupeltech.com\/#website\"},\"primaryImageOfPage\":{\"@id\":\"https:\/\/www.koupeltech.com\/index.php\/produkt\/sapho-pax-podomitkovy-sprchovy-set-s-pakovou-baterii-2-vystupy-chrom-xa42-03-specialni-cena-13695\/#primaryimage\"},\"image\":{\"@id\":\"https:\/\/www.koupeltech.com\/index.php\/produkt\/sapho-pax-podomitkovy-sprchovy-set-s-pakovou-baterii-2-vystupy-chrom-xa42-03-specialni-cena-13695\/#primaryimage\"},\"thumbnailUrl\":\"https:\/\/www.koupeltech.com\/wp-content\/uploads\/2026\/SK0019800-CZ20260425-093041-0-1777080643-c2a4bc382e596a390d6538dfa6f7cdd9.webp\",\"datePublished\":\"2026-04-27T13:57:52+00:00\",\"breadcrumb\":{\"@id\":\"https:\/\/www.koupeltech.com\/index.php\/produkt\/sapho-pax-podomitkovy-sprchovy-set-s-pakovou-baterii-2-vystupy-chrom-xa42-03-specialni-cena-13695\/#breadcrumb\"},\"inLanguage\":\"cs\",\"potentialAction\":[{\"@type\":\"ReadAction\",\"target\":[\"https:\/\/www.koupeltech.com\/index.php\/produkt\/sapho-pax-podomitkovy-sprchovy-set-s-pakovou-baterii-2-vystupy-chrom-xa42-03-specialni-cena-13695\/\"]}]},{\"@type\":\"ImageObject\",\"inLanguage\":\"cs\",\"@id\":\"https:\/\/www.koupeltech.com\/index.php\/produkt\/sapho-pax-podomitkovy-sprchovy-set-s-pakovou-baterii-2-vystupy-chrom-xa42-03-specialni-cena-13695\/#primaryimage\",\"url\":\"https:\/\/www.koupeltech.com\/wp-content\/uploads\/2026\/SK0019800-CZ20260425-093041-0-1777080643-c2a4bc382e596a390d6538dfa6f7cdd9.webp\",\"contentUrl\":\"https:\/\/www.koupeltech.com\/wp-content\/uploads\/2026\/SK0019800-CZ20260425-093041-0-1777080643-c2a4bc382e596a390d6538dfa6f7cdd9.webp\",\"width\":422,\"height\":800},{\"@type\":\"BreadcrumbList\",\"@id\":\"https:\/\/www.koupeltech.com\/index.php\/produkt\/sapho-pax-podomitkovy-sprchovy-set-s-pakovou-baterii-2-vystupy-chrom-xa42-03-specialni-cena-13695\/#breadcrumb\",\"itemListElement\":[{\"@type\":\"ListItem\",\"position\":1,\"name\":\"Home\",\"item\":\"https:\/\/www.koupeltech.com\/\"},{\"@type\":\"ListItem\",\"position\":2,\"name\":\"Products\",\"item\":\"https:\/\/www.koupeltech.com\/index.php\/products\/\"},{\"@type\":\"ListItem\",\"position\":3,\"name\":\"Sapho PAX podom\u00edtkov\u00fd sprchov\u00fd set s p\u00e1kovou bateri\u00ed, 2 v\u00fdstupy, chrom XA42-03 Speci\u00e1ln\u00ed Cena\"}]},{\"@type\":\"WebSite\",\"@id\":\"https:\/\/www.koupeltech.com\/#website\",\"url\":\"https:\/\/www.koupeltech.com\/\",\"name\":\"\",\"description\":\"\",\"potentialAction\":[{\"@type\":\"SearchAction\",\"target\":{\"@type\":\"EntryPoint\",\"urlTemplate\":\"https:\/\/www.koupeltech.com\/?s={search_term_string}\"},\"query-input\":{\"@type\":\"PropertyValueSpecification\",\"valueRequired\":true,\"valueName\":\"search_term_string\"}}],\"inLanguage\":\"cs\"}]}<\/script>\n<!-- \/ Yoast SEO plugin. -->","yoast_head_json":{"title":"Sapho PAX podom\u00edtkov\u00fd sprchov\u00fd set s p\u00e1kovou bateri\u00ed, 2 v\u00fdstupy, chrom XA42-03 Speci\u00e1ln\u00ed Cena -","robots":{"index":"index","follow":"follow","max-snippet":"max-snippet:-1","max-image-preview":"max-image-preview:large","max-video-preview":"max-video-preview:-1"},"canonical":"https:\/\/www.koupeltech.com\/index.php\/produkt\/sapho-pax-podomitkovy-sprchovy-set-s-pakovou-baterii-2-vystupy-chrom-xa42-03-specialni-cena-13695\/","og_locale":"cs_CZ","og_type":"article","og_title":"Sapho PAX podom\u00edtkov\u00fd sprchov\u00fd set s p\u00e1kovou bateri\u00ed, 2 v\u00fdstupy, chrom XA42-03 Speci\u00e1ln\u00ed Cena -","og_description":"Sapho PAX podom\u00edtkov\u00fd sprchov\u00fd set s p\u00e1kovou bateri\u00ed, 2 v\u00fdstupy, chrom XA42-03 S\u00e9rie vodovodn\u00edch bateri\u00ed PAX nab\u00edz\u00ed obl\u00edben\u00fd design, d\u00edky n\u011bmu\u017e se baterie dob\u0159e kombinuj\u00ed s&nbsp;ostatn\u00edm za\u0159\u00edzen\u00edm koupelny.&nbsp; AntiCalc Odolnost v\u016f\u010di usazov\u00e1n\u00ed vodn\u00edho kamene a snadn\u00e9 \u010di\u0161t\u011bn\u00ed. Vlastnosti Materi\u00e1l: Mosaz Barva: St\u0159\u00edbrn\u00e1 Instalace: Podom\u00edtkov\u00e1 Tvar: Hranat\u00e9 Druh ovl\u00e1d\u00e1n\u00ed: P\u00e1ka Ostatn\u00ed: Dvoucestn\u00e9, AntiCalc Pr\u016fm\u011br kartu\u0161e: 35 [&hellip;]","og_url":"https:\/\/www.koupeltech.com\/index.php\/produkt\/sapho-pax-podomitkovy-sprchovy-set-s-pakovou-baterii-2-vystupy-chrom-xa42-03-specialni-cena-13695\/","og_image":[{"width":422,"height":800,"url":"https:\/\/www.koupeltech.com\/wp-content\/uploads\/2026\/SK0019800-CZ20260425-093041-0-1777080643-c2a4bc382e596a390d6538dfa6f7cdd9.webp","type":"image\/webp"}],"twitter_card":"summary_large_image","schema":{"@context":"https:\/\/schema.org","@graph":[{"@type":"WebPage","@id":"https:\/\/www.koupeltech.com\/index.php\/produkt\/sapho-pax-podomitkovy-sprchovy-set-s-pakovou-baterii-2-vystupy-chrom-xa42-03-specialni-cena-13695\/","url":"https:\/\/www.koupeltech.com\/index.php\/produkt\/sapho-pax-podomitkovy-sprchovy-set-s-pakovou-baterii-2-vystupy-chrom-xa42-03-specialni-cena-13695\/","name":"Sapho PAX podom\u00edtkov\u00fd sprchov\u00fd set s p\u00e1kovou bateri\u00ed, 2 v\u00fdstupy, chrom XA42-03 Speci\u00e1ln\u00ed Cena -","isPartOf":{"@id":"https:\/\/www.koupeltech.com\/#website"},"primaryImageOfPage":{"@id":"https:\/\/www.koupeltech.com\/index.php\/produkt\/sapho-pax-podomitkovy-sprchovy-set-s-pakovou-baterii-2-vystupy-chrom-xa42-03-specialni-cena-13695\/#primaryimage"},"image":{"@id":"https:\/\/www.koupeltech.com\/index.php\/produkt\/sapho-pax-podomitkovy-sprchovy-set-s-pakovou-baterii-2-vystupy-chrom-xa42-03-specialni-cena-13695\/#primaryimage"},"thumbnailUrl":"https:\/\/www.koupeltech.com\/wp-content\/uploads\/2026\/SK0019800-CZ20260425-093041-0-1777080643-c2a4bc382e596a390d6538dfa6f7cdd9.webp","datePublished":"2026-04-27T13:57:52+00:00","breadcrumb":{"@id":"https:\/\/www.koupeltech.com\/index.php\/produkt\/sapho-pax-podomitkovy-sprchovy-set-s-pakovou-baterii-2-vystupy-chrom-xa42-03-specialni-cena-13695\/#breadcrumb"},"inLanguage":"cs","potentialAction":[{"@type":"ReadAction","target":["https:\/\/www.koupeltech.com\/index.php\/produkt\/sapho-pax-podomitkovy-sprchovy-set-s-pakovou-baterii-2-vystupy-chrom-xa42-03-specialni-cena-13695\/"]}]},{"@type":"ImageObject","inLanguage":"cs","@id":"https:\/\/www.koupeltech.com\/index.php\/produkt\/sapho-pax-podomitkovy-sprchovy-set-s-pakovou-baterii-2-vystupy-chrom-xa42-03-specialni-cena-13695\/#primaryimage","url":"https:\/\/www.koupeltech.com\/wp-content\/uploads\/2026\/SK0019800-CZ20260425-093041-0-1777080643-c2a4bc382e596a390d6538dfa6f7cdd9.webp","contentUrl":"https:\/\/www.koupeltech.com\/wp-content\/uploads\/2026\/SK0019800-CZ20260425-093041-0-1777080643-c2a4bc382e596a390d6538dfa6f7cdd9.webp","width":422,"height":800},{"@type":"BreadcrumbList","@id":"https:\/\/www.koupeltech.com\/index.php\/produkt\/sapho-pax-podomitkovy-sprchovy-set-s-pakovou-baterii-2-vystupy-chrom-xa42-03-specialni-cena-13695\/#breadcrumb","itemListElement":[{"@type":"ListItem","position":1,"name":"Home","item":"https:\/\/www.koupeltech.com\/"},{"@type":"ListItem","position":2,"name":"Products","item":"https:\/\/www.koupeltech.com\/index.php\/products\/"},{"@type":"ListItem","position":3,"name":"Sapho PAX podom\u00edtkov\u00fd sprchov\u00fd set s p\u00e1kovou bateri\u00ed, 2 v\u00fdstupy, chrom XA42-03 Speci\u00e1ln\u00ed Cena"}]},{"@type":"WebSite","@id":"https:\/\/www.koupeltech.com\/#website","url":"https:\/\/www.koupeltech.com\/","name":"","description":"","potentialAction":[{"@type":"SearchAction","target":{"@type":"EntryPoint","urlTemplate":"https:\/\/www.koupeltech.com\/?s={search_term_string}"},"query-input":{"@type":"PropertyValueSpecification","valueRequired":true,"valueName":"search_term_string"}}],"inLanguage":"cs"}]}},"_links":{"self":[{"href":"https:\/\/www.koupeltech.com\/index.php\/wp-json\/wp\/v2\/product\/13695","targetHints":{"allow":["GET"]}}],"collection":[{"href":"https:\/\/www.koupeltech.com\/index.php\/wp-json\/wp\/v2\/product"}],"about":[{"href":"https:\/\/www.koupeltech.com\/index.php\/wp-json\/wp\/v2\/types\/product"}],"replies":[{"embeddable":true,"href":"https:\/\/www.koupeltech.com\/index.php\/wp-json\/wp\/v2\/comments?post=13695"}],"wp:featuredmedia":[{"embeddable":true,"href":"https:\/\/www.koupeltech.com\/index.php\/wp-json\/wp\/v2\/media\/13795"}],"wp:attachment":[{"href":"https:\/\/www.koupeltech.com\/index.php\/wp-json\/wp\/v2\/media?parent=13695"}],"wp:term":[{"taxonomy":"product_brand","embeddable":true,"href":"https:\/\/www.koupeltech.com\/index.php\/wp-json\/wp\/v2\/product_brand?post=13695"},{"taxonomy":"product_cat","embeddable":true,"href":"https:\/\/www.koupeltech.com\/index.php\/wp-json\/wp\/v2\/product_cat?post=13695"},{"taxonomy":"product_tag","embeddable":true,"href":"https:\/\/www.koupeltech.com\/index.php\/wp-json\/wp\/v2\/product_tag?post=13695"}],"curies":[{"name":"wp","href":"https:\/\/api.w.org\/{rel}","templated":true}]}}