{"id":13696,"date":"2026-04-27T13:57:52","date_gmt":"2026-04-27T13:57:52","guid":{"rendered":""},"modified":"2026-04-27T13:57:52","modified_gmt":"2026-04-27T13:57:52","slug":"isvea-infinity-zavesna-wc-misa-vortex-rimless-36-5x53cm-bila-10nf02003-tovarni-cena-13696","status":"publish","type":"product","link":"https:\/\/www.koupeltech.com\/index.php\/produkt\/isvea-infinity-zavesna-wc-misa-vortex-rimless-36-5x53cm-bila-10nf02003-tovarni-cena-13696\/","title":{"rendered":"Isvea INFINITY z\u00e1v\u011bsn\u00e1 WC m\u00edsa, Vortex Rimless, 36, 5x53cm, b\u00edl\u00e1 10NF02003 Tov\u00e1rn\u00ed Cena"},"content":{"rendered":"<div class=\"tabs__content-outer\" id=\"tab_description\" data-hash=\"description\" data-tabindex=\"-1\">\n<div class=\"tabs__content toggle_description\" id=\"content_description\">\n<div class=\"wysiwyg-content\">\n<div class=\"product__tab product__description full-width\">\n<div class=\"container\">\n<div >\n<h3>Isvea INFINITY z\u00e1v\u011bsn\u00e1 WC m\u00edsa, Vortex Rimless, 36, 5x53cm, b\u00edl\u00e1 10NF02003<\/h3>\n<div class=\"product-explanation-item\">\n<h3>Technologie splachov\u00e1n\u00ed Vortex Rimless<\/h3>\n<div style=\"float: left;\"><\/div>\n<p style=\"text-align: justify;\">Vortex &#8211; toalety bez tradi\u010dn\u00edho oplachov\u00e9ho kruhu. P\u0159i splachov\u00e1n\u00ed voda vyt\u00e9k\u00e1 z jednoho bodu a efektivn\u011b opl\u00e1chne vnit\u0159n\u00ed prostor keramiky pomoc\u00ed vodn\u00edho v\u00edru. Tato technologie splachov\u00e1n\u00ed je nejen \u00fa\u010dinn\u00e1, ale i velmi tich\u00e1.<\/p>\n<div style=\"float: left; width: 25%; text-align: center;\"><\/div>\n<div style=\"float: left; width: 25%; text-align: center;\"><\/div>\n<div style=\"clear: both;\"><\/div>\n<\/p><\/div>\n<div class=\"product-explanation-item\">\n<h3>Water saving &#8211; \u00fasporn\u00e9 splachov\u00e1n\u00ed<\/h3>\n<p style=\"text-align: justify;\">Tvar m\u00edsy umo\u017e\u0148uje efektivn\u00ed a \u00fa\u010dinn\u00e9 spl\u00e1chnut\u00ed s men\u0161\u00edm objemem vody a t\u00edm \u0161et\u0159\u00ed \u017eivotn\u00ed prost\u0159ed\u00ed a n\u00e1klady za vodu. <br \/>\u00dasporn\u00e9 splachov\u00e1n\u00ed je mo\u017en\u00e9 pou\u017e\u00edt u splachovac\u00edho mechanismu (v n\u00e1dr\u017ece WC kombi nebo podom\u00edtkov\u00e9 n\u00e1dr\u017ece u z\u00e1v\u011bsn\u00e9ho WC), jeho\u017e vypou\u0161t\u011bc\u00ed ventil umo\u017e\u0148uje nastaven\u00ed objemu vody od 4 litr\u016f. V p\u0159\u00edpad\u011b du\u00e1ln\u00edho splachov\u00e1n\u00ed u mal\u00e9ho tla\u010d\u00edtka objem od 3 litr\u016f a v\u011bt\u0161\u00edho tla\u010d\u00edtka objem od 4,5 litru vody.<\/p>\n<\/p><\/div>\n<p><\/p>\n<p><b>Vlastnosti<\/b><\/p>\n<ul>\n<li><span>Materi\u00e1l:<\/span> Keramika<\/li>\n<li><span>Barva:<\/span> B\u00edl\u00e1<\/li>\n<li><span>Tvar:<\/span> Klasik<\/li>\n<li><span>Rozm\u011br:<\/span> 36,5&#215;53,5 cm<\/li>\n<li><span>\u0160\u00ed\u0159ka:<\/span> 365 mm<\/li>\n<li><span>Hloubka:<\/span> 535 mm<\/li>\n<li><span>V\u00fdbava:<\/span> Skryt\u00e9 uchycen\u00ed<\/li>\n<li><span>Balen\u00ed neobsahuje:<\/span> WC sed\u00e1tko<\/li>\n<li><span>Balen\u00ed obsahuje:<\/span> Mont\u00e1\u017en\u00ed sada<\/li>\n<li><span>Technologie splachov\u00e1n\u00ed:<\/span> Vortex<\/li>\n<li><span>Objem splachovac\u00ed vody:<\/span> Splachov\u00e1n\u00ed 4 l<\/li>\n<li><span>3D model:<\/span> ANO<\/li>\n<\/ul>\n<\/div><\/div>\n<\/p><\/div>\n<\/p><\/div>\n<\/p><\/div>\n","protected":false},"excerpt":{"rendered":"<p>Isvea INFINITY z\u00e1v\u011bsn\u00e1 WC m\u00edsa, Vortex Rimless, 36, 5x53cm, b\u00edl\u00e1 10NF02003 Technologie splachov\u00e1n\u00ed Vortex Rimless Vortex &#8211; toalety bez tradi\u010dn\u00edho oplachov\u00e9ho kruhu. P\u0159i splachov\u00e1n\u00ed voda vyt\u00e9k\u00e1 z jednoho bodu a efektivn\u011b opl\u00e1chne vnit\u0159n\u00ed prostor keramiky pomoc\u00ed vodn\u00edho v\u00edru. Tato technologie splachov\u00e1n\u00ed je nejen \u00fa\u010dinn\u00e1, ale i velmi tich\u00e1. Water saving &#8211; \u00fasporn\u00e9 splachov\u00e1n\u00ed Tvar m\u00edsy [&hellip;]<\/p>\n","protected":false},"featured_media":13796,"comment_status":"open","ping_status":"open","template":"","meta":[],"product_brand":[],"product_cat":[83],"product_tag":[],"class_list":{"0":"post-13696","1":"product","2":"type-product","3":"status-publish","4":"has-post-thumbnail","6":"product_cat-koupelna","8":"first","9":"instock","10":"sale","11":"shipping-taxable","12":"purchasable","13":"product-type-simple"},"yoast_head":"<!-- This site is optimized with the Yoast SEO plugin v26.8 - https:\/\/yoast.com\/product\/yoast-seo-wordpress\/ -->\n<title>Isvea INFINITY z\u00e1v\u011bsn\u00e1 WC m\u00edsa, Vortex Rimless, 36, 5x53cm, b\u00edl\u00e1 10NF02003 Tov\u00e1rn\u00ed Cena -<\/title>\n<meta name=\"robots\" content=\"index, follow, max-snippet:-1, max-image-preview:large, max-video-preview:-1\" \/>\n<link rel=\"canonical\" href=\"https:\/\/www.koupeltech.com\/index.php\/produkt\/isvea-infinity-zavesna-wc-misa-vortex-rimless-36-5x53cm-bila-10nf02003-tovarni-cena-13696\/\" \/>\n<meta property=\"og:locale\" content=\"cs_CZ\" \/>\n<meta property=\"og:type\" content=\"article\" \/>\n<meta property=\"og:title\" content=\"Isvea INFINITY z\u00e1v\u011bsn\u00e1 WC m\u00edsa, Vortex Rimless, 36, 5x53cm, b\u00edl\u00e1 10NF02003 Tov\u00e1rn\u00ed Cena -\" \/>\n<meta property=\"og:description\" content=\"Isvea INFINITY z\u00e1v\u011bsn\u00e1 WC m\u00edsa, Vortex Rimless, 36, 5x53cm, b\u00edl\u00e1 10NF02003 Technologie splachov\u00e1n\u00ed Vortex Rimless Vortex &#8211; toalety bez tradi\u010dn\u00edho oplachov\u00e9ho kruhu. P\u0159i splachov\u00e1n\u00ed voda vyt\u00e9k\u00e1 z jednoho bodu a efektivn\u011b opl\u00e1chne vnit\u0159n\u00ed prostor keramiky pomoc\u00ed vodn\u00edho v\u00edru. Tato technologie splachov\u00e1n\u00ed je nejen \u00fa\u010dinn\u00e1, ale i velmi tich\u00e1. Water saving &#8211; \u00fasporn\u00e9 splachov\u00e1n\u00ed Tvar m\u00edsy [&hellip;]\" \/>\n<meta property=\"og:url\" content=\"https:\/\/www.koupeltech.com\/index.php\/produkt\/isvea-infinity-zavesna-wc-misa-vortex-rimless-36-5x53cm-bila-10nf02003-tovarni-cena-13696\/\" \/>\n<meta property=\"og:image\" content=\"https:\/\/www.koupeltech.com\/wp-content\/uploads\/2026\/SK0019801-CZ20260425-093041-0-1777080643-8279e050dd31ab1a289b9b67cc642ffa.webp\" \/>\n\t<meta property=\"og:image:width\" content=\"874\" \/>\n\t<meta property=\"og:image:height\" content=\"800\" \/>\n\t<meta property=\"og:image:type\" content=\"image\/webp\" \/>\n<meta name=\"twitter:card\" content=\"summary_large_image\" \/>\n<meta name=\"twitter:label1\" content=\"Odhadovan\u00e1 doba \u010dten\u00ed\" \/>\n\t<meta name=\"twitter:data1\" content=\"1 minuta\" \/>\n<script type=\"application\/ld+json\" class=\"yoast-schema-graph\">{\"@context\":\"https:\/\/schema.org\",\"@graph\":[{\"@type\":\"WebPage\",\"@id\":\"https:\/\/www.koupeltech.com\/index.php\/produkt\/isvea-infinity-zavesna-wc-misa-vortex-rimless-36-5x53cm-bila-10nf02003-tovarni-cena-13696\/\",\"url\":\"https:\/\/www.koupeltech.com\/index.php\/produkt\/isvea-infinity-zavesna-wc-misa-vortex-rimless-36-5x53cm-bila-10nf02003-tovarni-cena-13696\/\",\"name\":\"Isvea INFINITY z\u00e1v\u011bsn\u00e1 WC m\u00edsa, Vortex Rimless, 36, 5x53cm, b\u00edl\u00e1 10NF02003 Tov\u00e1rn\u00ed Cena -\",\"isPartOf\":{\"@id\":\"https:\/\/www.koupeltech.com\/#website\"},\"primaryImageOfPage\":{\"@id\":\"https:\/\/www.koupeltech.com\/index.php\/produkt\/isvea-infinity-zavesna-wc-misa-vortex-rimless-36-5x53cm-bila-10nf02003-tovarni-cena-13696\/#primaryimage\"},\"image\":{\"@id\":\"https:\/\/www.koupeltech.com\/index.php\/produkt\/isvea-infinity-zavesna-wc-misa-vortex-rimless-36-5x53cm-bila-10nf02003-tovarni-cena-13696\/#primaryimage\"},\"thumbnailUrl\":\"https:\/\/www.koupeltech.com\/wp-content\/uploads\/2026\/SK0019801-CZ20260425-093041-0-1777080643-8279e050dd31ab1a289b9b67cc642ffa.webp\",\"datePublished\":\"2026-04-27T13:57:52+00:00\",\"breadcrumb\":{\"@id\":\"https:\/\/www.koupeltech.com\/index.php\/produkt\/isvea-infinity-zavesna-wc-misa-vortex-rimless-36-5x53cm-bila-10nf02003-tovarni-cena-13696\/#breadcrumb\"},\"inLanguage\":\"cs\",\"potentialAction\":[{\"@type\":\"ReadAction\",\"target\":[\"https:\/\/www.koupeltech.com\/index.php\/produkt\/isvea-infinity-zavesna-wc-misa-vortex-rimless-36-5x53cm-bila-10nf02003-tovarni-cena-13696\/\"]}]},{\"@type\":\"ImageObject\",\"inLanguage\":\"cs\",\"@id\":\"https:\/\/www.koupeltech.com\/index.php\/produkt\/isvea-infinity-zavesna-wc-misa-vortex-rimless-36-5x53cm-bila-10nf02003-tovarni-cena-13696\/#primaryimage\",\"url\":\"https:\/\/www.koupeltech.com\/wp-content\/uploads\/2026\/SK0019801-CZ20260425-093041-0-1777080643-8279e050dd31ab1a289b9b67cc642ffa.webp\",\"contentUrl\":\"https:\/\/www.koupeltech.com\/wp-content\/uploads\/2026\/SK0019801-CZ20260425-093041-0-1777080643-8279e050dd31ab1a289b9b67cc642ffa.webp\",\"width\":874,\"height\":800},{\"@type\":\"BreadcrumbList\",\"@id\":\"https:\/\/www.koupeltech.com\/index.php\/produkt\/isvea-infinity-zavesna-wc-misa-vortex-rimless-36-5x53cm-bila-10nf02003-tovarni-cena-13696\/#breadcrumb\",\"itemListElement\":[{\"@type\":\"ListItem\",\"position\":1,\"name\":\"Home\",\"item\":\"https:\/\/www.koupeltech.com\/\"},{\"@type\":\"ListItem\",\"position\":2,\"name\":\"Products\",\"item\":\"https:\/\/www.koupeltech.com\/index.php\/products\/\"},{\"@type\":\"ListItem\",\"position\":3,\"name\":\"Isvea INFINITY z\u00e1v\u011bsn\u00e1 WC m\u00edsa, Vortex Rimless, 36, 5x53cm, b\u00edl\u00e1 10NF02003 Tov\u00e1rn\u00ed Cena\"}]},{\"@type\":\"WebSite\",\"@id\":\"https:\/\/www.koupeltech.com\/#website\",\"url\":\"https:\/\/www.koupeltech.com\/\",\"name\":\"\",\"description\":\"\",\"potentialAction\":[{\"@type\":\"SearchAction\",\"target\":{\"@type\":\"EntryPoint\",\"urlTemplate\":\"https:\/\/www.koupeltech.com\/?s={search_term_string}\"},\"query-input\":{\"@type\":\"PropertyValueSpecification\",\"valueRequired\":true,\"valueName\":\"search_term_string\"}}],\"inLanguage\":\"cs\"}]}<\/script>\n<!-- \/ Yoast SEO plugin. -->","yoast_head_json":{"title":"Isvea INFINITY z\u00e1v\u011bsn\u00e1 WC m\u00edsa, Vortex Rimless, 36, 5x53cm, b\u00edl\u00e1 10NF02003 Tov\u00e1rn\u00ed Cena -","robots":{"index":"index","follow":"follow","max-snippet":"max-snippet:-1","max-image-preview":"max-image-preview:large","max-video-preview":"max-video-preview:-1"},"canonical":"https:\/\/www.koupeltech.com\/index.php\/produkt\/isvea-infinity-zavesna-wc-misa-vortex-rimless-36-5x53cm-bila-10nf02003-tovarni-cena-13696\/","og_locale":"cs_CZ","og_type":"article","og_title":"Isvea INFINITY z\u00e1v\u011bsn\u00e1 WC m\u00edsa, Vortex Rimless, 36, 5x53cm, b\u00edl\u00e1 10NF02003 Tov\u00e1rn\u00ed Cena -","og_description":"Isvea INFINITY z\u00e1v\u011bsn\u00e1 WC m\u00edsa, Vortex Rimless, 36, 5x53cm, b\u00edl\u00e1 10NF02003 Technologie splachov\u00e1n\u00ed Vortex Rimless Vortex &#8211; toalety bez tradi\u010dn\u00edho oplachov\u00e9ho kruhu. P\u0159i splachov\u00e1n\u00ed voda vyt\u00e9k\u00e1 z jednoho bodu a efektivn\u011b opl\u00e1chne vnit\u0159n\u00ed prostor keramiky pomoc\u00ed vodn\u00edho v\u00edru. Tato technologie splachov\u00e1n\u00ed je nejen \u00fa\u010dinn\u00e1, ale i velmi tich\u00e1. Water saving &#8211; \u00fasporn\u00e9 splachov\u00e1n\u00ed Tvar m\u00edsy [&hellip;]","og_url":"https:\/\/www.koupeltech.com\/index.php\/produkt\/isvea-infinity-zavesna-wc-misa-vortex-rimless-36-5x53cm-bila-10nf02003-tovarni-cena-13696\/","og_image":[{"width":874,"height":800,"url":"https:\/\/www.koupeltech.com\/wp-content\/uploads\/2026\/SK0019801-CZ20260425-093041-0-1777080643-8279e050dd31ab1a289b9b67cc642ffa.webp","type":"image\/webp"}],"twitter_card":"summary_large_image","twitter_misc":{"Odhadovan\u00e1 doba \u010dten\u00ed":"1 minuta"},"schema":{"@context":"https:\/\/schema.org","@graph":[{"@type":"WebPage","@id":"https:\/\/www.koupeltech.com\/index.php\/produkt\/isvea-infinity-zavesna-wc-misa-vortex-rimless-36-5x53cm-bila-10nf02003-tovarni-cena-13696\/","url":"https:\/\/www.koupeltech.com\/index.php\/produkt\/isvea-infinity-zavesna-wc-misa-vortex-rimless-36-5x53cm-bila-10nf02003-tovarni-cena-13696\/","name":"Isvea INFINITY z\u00e1v\u011bsn\u00e1 WC m\u00edsa, Vortex Rimless, 36, 5x53cm, b\u00edl\u00e1 10NF02003 Tov\u00e1rn\u00ed Cena -","isPartOf":{"@id":"https:\/\/www.koupeltech.com\/#website"},"primaryImageOfPage":{"@id":"https:\/\/www.koupeltech.com\/index.php\/produkt\/isvea-infinity-zavesna-wc-misa-vortex-rimless-36-5x53cm-bila-10nf02003-tovarni-cena-13696\/#primaryimage"},"image":{"@id":"https:\/\/www.koupeltech.com\/index.php\/produkt\/isvea-infinity-zavesna-wc-misa-vortex-rimless-36-5x53cm-bila-10nf02003-tovarni-cena-13696\/#primaryimage"},"thumbnailUrl":"https:\/\/www.koupeltech.com\/wp-content\/uploads\/2026\/SK0019801-CZ20260425-093041-0-1777080643-8279e050dd31ab1a289b9b67cc642ffa.webp","datePublished":"2026-04-27T13:57:52+00:00","breadcrumb":{"@id":"https:\/\/www.koupeltech.com\/index.php\/produkt\/isvea-infinity-zavesna-wc-misa-vortex-rimless-36-5x53cm-bila-10nf02003-tovarni-cena-13696\/#breadcrumb"},"inLanguage":"cs","potentialAction":[{"@type":"ReadAction","target":["https:\/\/www.koupeltech.com\/index.php\/produkt\/isvea-infinity-zavesna-wc-misa-vortex-rimless-36-5x53cm-bila-10nf02003-tovarni-cena-13696\/"]}]},{"@type":"ImageObject","inLanguage":"cs","@id":"https:\/\/www.koupeltech.com\/index.php\/produkt\/isvea-infinity-zavesna-wc-misa-vortex-rimless-36-5x53cm-bila-10nf02003-tovarni-cena-13696\/#primaryimage","url":"https:\/\/www.koupeltech.com\/wp-content\/uploads\/2026\/SK0019801-CZ20260425-093041-0-1777080643-8279e050dd31ab1a289b9b67cc642ffa.webp","contentUrl":"https:\/\/www.koupeltech.com\/wp-content\/uploads\/2026\/SK0019801-CZ20260425-093041-0-1777080643-8279e050dd31ab1a289b9b67cc642ffa.webp","width":874,"height":800},{"@type":"BreadcrumbList","@id":"https:\/\/www.koupeltech.com\/index.php\/produkt\/isvea-infinity-zavesna-wc-misa-vortex-rimless-36-5x53cm-bila-10nf02003-tovarni-cena-13696\/#breadcrumb","itemListElement":[{"@type":"ListItem","position":1,"name":"Home","item":"https:\/\/www.koupeltech.com\/"},{"@type":"ListItem","position":2,"name":"Products","item":"https:\/\/www.koupeltech.com\/index.php\/products\/"},{"@type":"ListItem","position":3,"name":"Isvea INFINITY z\u00e1v\u011bsn\u00e1 WC m\u00edsa, Vortex Rimless, 36, 5x53cm, b\u00edl\u00e1 10NF02003 Tov\u00e1rn\u00ed Cena"}]},{"@type":"WebSite","@id":"https:\/\/www.koupeltech.com\/#website","url":"https:\/\/www.koupeltech.com\/","name":"","description":"","potentialAction":[{"@type":"SearchAction","target":{"@type":"EntryPoint","urlTemplate":"https:\/\/www.koupeltech.com\/?s={search_term_string}"},"query-input":{"@type":"PropertyValueSpecification","valueRequired":true,"valueName":"search_term_string"}}],"inLanguage":"cs"}]}},"_links":{"self":[{"href":"https:\/\/www.koupeltech.com\/index.php\/wp-json\/wp\/v2\/product\/13696","targetHints":{"allow":["GET"]}}],"collection":[{"href":"https:\/\/www.koupeltech.com\/index.php\/wp-json\/wp\/v2\/product"}],"about":[{"href":"https:\/\/www.koupeltech.com\/index.php\/wp-json\/wp\/v2\/types\/product"}],"replies":[{"embeddable":true,"href":"https:\/\/www.koupeltech.com\/index.php\/wp-json\/wp\/v2\/comments?post=13696"}],"wp:featuredmedia":[{"embeddable":true,"href":"https:\/\/www.koupeltech.com\/index.php\/wp-json\/wp\/v2\/media\/13796"}],"wp:attachment":[{"href":"https:\/\/www.koupeltech.com\/index.php\/wp-json\/wp\/v2\/media?parent=13696"}],"wp:term":[{"taxonomy":"product_brand","embeddable":true,"href":"https:\/\/www.koupeltech.com\/index.php\/wp-json\/wp\/v2\/product_brand?post=13696"},{"taxonomy":"product_cat","embeddable":true,"href":"https:\/\/www.koupeltech.com\/index.php\/wp-json\/wp\/v2\/product_cat?post=13696"},{"taxonomy":"product_tag","embeddable":true,"href":"https:\/\/www.koupeltech.com\/index.php\/wp-json\/wp\/v2\/product_tag?post=13696"}],"curies":[{"name":"wp","href":"https:\/\/api.w.org\/{rel}","templated":true}]}}