{"id":1373,"date":"2026-04-27T13:56:38","date_gmt":"2026-04-27T13:56:38","guid":{"rendered":""},"modified":"2026-04-27T13:56:38","modified_gmt":"2026-04-27T13:56:38","slug":"vikendova-akce-ukoncena-vyroba-deko-light-nastenne-a-stropni-svitidlo-syrma-oval-seda-220-240v-ac-50-60hz-e27-1x-max-42-00-w-170-seda-light-impressions-1373","status":"publish","type":"product","link":"https:\/\/www.koupeltech.com\/index.php\/produkt\/vikendova-akce-ukoncena-vyroba-deko-light-nastenne-a-stropni-svitidlo-syrma-oval-seda-220-240v-ac-50-60hz-e27-1x-max-42-00-w-170-seda-light-impressions-1373\/","title":{"rendered":"V\u00edkendov\u00e1 Akce UKON\u010cENA V\u00ddROBA Deko-Light n\u00e1st\u011bnn\u00e9 a stropn\u00ed sv\u00edtidlo Syrma Oval \u0161ed\u00e1 220-240V AC\/50-60Hz E27 1x max. 42,00 W 170 \u0161ed\u00e1 &#8211; LIGHT IMPRESSIONS"},"content":{"rendered":"<h3 class=\"product-h3\">Popis produktu<\/h3>\n<p><h2>Deko-Light Syrma Oval \u2013 n\u00e1st\u011bnn\u00e9 a stropn\u00ed sv\u00edtidlo, \u0161ed\u00e1<\/h2>\n<h3>Designov\u00e1 klasika pro exteri\u00e9r i interi\u00e9r<\/h3>\n<p>N\u00e1st\u011bnn\u00e9 a stropn\u00ed sv\u00edtidlo <strong>Syrma Oval<\/strong> zna\u010dky Deko-Light v \u0161ed\u00e9 barv\u011b je nad\u010dasov\u00e9 \u0159e\u0161en\u00ed pro osv\u011btlen\u00ed technick\u00fdch prostor, chodeb, gar\u00e1\u017e\u00ed, sklep\u016f nebo venkovn\u00edch prostor. D\u00edky sv\u00e9 robustn\u00ed konstrukci a nad\u010dasov\u00e9mu ov\u00e1ln\u00e9mu tvaru pat\u0159\u00ed mezi designov\u00e9 st\u00e1lice, kter\u00e9 skv\u011ble zapadnou jak do modern\u00edch, tak i tradi\u010dn\u00edch prost\u0159ed\u00ed. <\/p>\n<h3>Hlavn\u00ed p\u0159ednosti sv\u00edtidla<\/h3>\n<ul>\n<li>Vhodn\u00e9 pro mont\u00e1\u017e na strop i st\u011bnu<\/li>\n<li>V\u00fdm\u011bnn\u00e9 sv\u011bteln\u00e9 zdroje se z\u00e1vitem E27 (max. 1x 60 W, nen\u00ed sou\u010d\u00e1st\u00ed balen\u00ed)<\/li>\n<li>Vysok\u00e1 odolnost proti vlhkosti (IP44 \u2013 ochrana proti st\u0159\u00edkaj\u00edc\u00ed vod\u011b)<\/li>\n<li>Pevn\u00e9 t\u011blo z polypropylenu a odoln\u00e9 sklo<\/li>\n<li>Mo\u017enost stm\u00edv\u00e1n\u00ed (v z\u00e1vislosti na pou\u017eit\u00e9 \u017e\u00e1rovce)<\/li>\n<li>Stylov\u00fd industri\u00e1ln\u00ed vzhled, kter\u00fd zv\u00fdrazn\u00ed charakter va\u0161eho prostoru<\/li>\n<\/ul>\n<h3>Technick\u00e9 parametry<\/h3>\n<ul>\n<li><strong>Materi\u00e1l t\u011bla:<\/strong> Polypropylen<\/li>\n<li><strong>Barva:<\/strong> \u0160ed\u00e1<\/li>\n<li><strong>Patice:<\/strong> E27 (v\u00fdm\u011bnn\u00e1 \u017e\u00e1rovka, nen\u00ed sou\u010d\u00e1st\u00ed balen\u00ed)<\/li>\n<li><strong>Maxim\u00e1ln\u00ed v\u00fdkon:<\/strong> 1x 60 W<\/li>\n<li><strong>Rozm\u011bry:<\/strong> 186 \u00d7 122 \u00d7 108 mm (d\u00e9lka \u00d7 \u0161\u00ed\u0159ka \u00d7 v\u00fd\u0161ka)<\/li>\n<li><strong>Hmotnost:<\/strong> 480 g<\/li>\n<li><strong>Stupe\u0148 kryt\u00ed:<\/strong> IP44 (vhodn\u00e9 i do vlhk\u00fdch prostor)<\/li>\n<li><strong>IK t\u0159\u00edda:<\/strong> IK06 (odoln\u00e9 proti mechanick\u00e9mu n\u00e1razu)<\/li>\n<li><strong>Nap\u00e1jen\u00ed:<\/strong> 220\u2013240 V AC, 50\/60 Hz<\/li>\n<li><strong>Mont\u00e1\u017e:<\/strong> Na povrch \u2013 strop i st\u011bna, mo\u017enost a\u017e 5 veden\u00ed<\/li>\n<li><strong>Stupe\u0148 ochrany:<\/strong> T\u0159\u00edda II (dvojit\u00e1 izolace)<\/li>\n<\/ul>\n<h3>Inspirace a doporu\u010den\u00ed pro pou\u017eit\u00ed<\/h3>\n<p>Toto sv\u00edtidlo je ide\u00e1ln\u00ed volbou pro technick\u00e9 i reziden\u010dn\u00ed aplikace vy\u017eaduj\u00edc\u00ed spolehlivost, odolnost a jednoduchou \u00fadr\u017ebu. D\u00edky kryt\u00ed IP44 m\u016f\u017eete bez obav pou\u017e\u00edt Syrma Oval na chodb\u00e1ch, v gar\u00e1\u017ei, sklep\u011b, na terase nebo v kryt\u00fdch exteri\u00e9rov\u00fdch prostorech. Sklen\u011bn\u00fd difuzor poskytuje jemn\u00e9 rozpt\u00fdlen\u00e9 sv\u011btlo, kter\u00e9 neru\u0161\u00ed ani v noci. Doporu\u010dujeme vyb\u00edrat kvalitn\u00ed LED \u017e\u00e1rovku se z\u00e1vitem E27 pro \u00fasporn\u00fd provoz a mo\u017enost stm\u00edv\u00e1n\u00ed.<\/p>\n<h3>Z\u00e1ruky a certifikace<\/h3>\n<ul>\n<li>Z\u00e1ruka: 5 let<\/li>\n<li>Certifikace: CE<\/li>\n<\/ul>\n<h3>Pro\u010d zvolit Deko-Light Syrma Oval?<\/h3>\n<p>Vyberte si sv\u00edtidlo, kter\u00e9 spojuje robustnost, funk\u010dnost a nad\u010dasov\u00fd design. S\u00e9rie Syrma je synonymem pro jistotu a styl v ka\u017ed\u00e9m detailu, a\u0165 u\u017e ji pou\u017eijete v interi\u00e9ru, nebo exteri\u00e9ru.<\/p>\n<\/p><\/div>\n<\/p><\/div>\n<p><\/p>\n<div class=\"top-params\">\n<h3 class=\"product-h3 collapse-header \" data-toggle=\"collapse\" data-target=\"#collapseOne\" aria-expanded=\"true\" aria-controls=\"collapseOne\">Parametry<\/h3>\n<div id=\"collapseOne\" class=\"collapse show\" aria-labelledby=\"headingOne\" data-parent=\"#product-info-accordion1\">\n<table class=\"table-striped\">\n<tr>\n<td>                V\u00fd\u0161ka v mm            <\/td>\n<td>                110            <\/td>\n<\/tr>\n<tr>\n<td>                Stm\u00edvateln\u00e9            <\/td>\n<td>                ano, z\u00e1le\u017e\u00ed na pou\u017eit\u00e9 \u017e\u00e1rovce            <\/td>\n<\/tr>\n<tr>\n<td>                Hmotnost g            <\/td>\n<td>                106            <\/td>\n<\/tr>\n<tr>\n<td>                \u0160\u00ed\u0159ka v mm            <\/td>\n<td>                125            <\/td>\n<\/tr>\n<tr>\n<td>                D\u00e9lka v mm            <\/td>\n<td>                170            <\/td>\n<\/tr>\n<tr>\n<td>                Ochrana IP            <\/td>\n<td>                IP44            <\/td>\n<\/tr>\n<tr>\n<td>                Max. p\u0159\u00edkon sv\u011bteln\u00e9ho zdroje            <\/td>\n<td>                42W            <\/td>\n<\/tr>\n<tr>\n<td>                V\u00fdkon            <\/td>\n<td>                42W            <\/td>\n<\/tr>\n<tr>\n<td>                Nap\u00e1jec\u00ed nap\u011bt\u00ed            <\/td>\n<td>                220-240V            <\/td>\n<\/tr>\n<tr>\n<td>                Patice            <\/td>\n<td>                E27            <\/td>\n<\/tr>\n<tr>\n<td>                Materi\u00e1l            <\/td>\n<td>                plast            <\/td>\n<\/tr>\n<tr>\n<td>                Barva            <\/td>\n<td>                \u0161ed\u00e1            <\/td>\n<\/tr>\n<tr>\n<td>                Po\u010det sv\u011bteln\u00fdch zdroj\u016f            <\/td>\n<td>                1            <\/td>\n<\/tr>\n<tr>\n<td>                V\u00fdrobce            <\/td>\n<td>                LIGHT IMPRESSIONS            <\/td>\n<\/tr>\n<tr>\n<td>                Kolekce            <\/td>\n<td>                Syrma            <\/td>\n<\/tr>\n<tr>\n<td>                U v\u00fdrobce dostupn\u00fdch            <\/td>\n<td>                0                    ks            <\/td>\n<\/tr>\n<tr>\n<td>                T\u0159\u00edda ochrany            <\/td>\n<td>                II             <\/td>\n<\/tr>\n<tr>\n<td>                V\u010detn\u011b sv\u011bteln\u00e9ho zdroje            <\/td>\n<td>                ne            <\/td>\n<\/tr>\n<\/table>\n<\/div><\/div>\n<\/div>\n<div class=\"accordion\" id=\"product-info-accordion2\">\n","protected":false},"excerpt":{"rendered":"<p>Popis produktu Deko-Light Syrma Oval \u2013 n\u00e1st\u011bnn\u00e9 a stropn\u00ed sv\u00edtidlo, \u0161ed\u00e1 Designov\u00e1 klasika pro exteri\u00e9r i interi\u00e9r N\u00e1st\u011bnn\u00e9 a stropn\u00ed sv\u00edtidlo Syrma Oval zna\u010dky Deko-Light v \u0161ed\u00e9 barv\u011b je nad\u010dasov\u00e9 \u0159e\u0161en\u00ed pro osv\u011btlen\u00ed technick\u00fdch prostor, chodeb, gar\u00e1\u017e\u00ed, sklep\u016f nebo venkovn\u00edch prostor. D\u00edky sv\u00e9 robustn\u00ed konstrukci a nad\u010dasov\u00e9mu ov\u00e1ln\u00e9mu tvaru pat\u0159\u00ed mezi designov\u00e9 st\u00e1lice, kter\u00e9 skv\u011ble [&hellip;]<\/p>\n","protected":false},"featured_media":1473,"comment_status":"open","ping_status":"open","template":"","meta":[],"product_brand":[],"product_cat":[34],"product_tag":[],"class_list":{"0":"post-1373","1":"product","2":"type-product","3":"status-publish","4":"has-post-thumbnail","6":"product_cat-venkovni-svitidla","8":"first","9":"instock","10":"sale","11":"shipping-taxable","12":"purchasable","13":"product-type-simple"},"yoast_head":"<!-- This site is optimized with the Yoast SEO plugin v26.8 - https:\/\/yoast.com\/product\/yoast-seo-wordpress\/ -->\n<title>V\u00edkendov\u00e1 Akce UKON\u010cENA V\u00ddROBA Deko-Light n\u00e1st\u011bnn\u00e9 a stropn\u00ed sv\u00edtidlo Syrma Oval \u0161ed\u00e1 220-240V AC\/50-60Hz E27 1x max. 42,00 W 170 \u0161ed\u00e1 - LIGHT IMPRESSIONS -<\/title>\n<meta name=\"robots\" content=\"index, follow, max-snippet:-1, max-image-preview:large, max-video-preview:-1\" \/>\n<link rel=\"canonical\" href=\"https:\/\/www.koupeltech.com\/index.php\/produkt\/vikendova-akce-ukoncena-vyroba-deko-light-nastenne-a-stropni-svitidlo-syrma-oval-seda-220-240v-ac-50-60hz-e27-1x-max-42-00-w-170-seda-light-impressions-1373\/\" \/>\n<meta property=\"og:locale\" content=\"cs_CZ\" \/>\n<meta property=\"og:type\" content=\"article\" \/>\n<meta property=\"og:title\" content=\"V\u00edkendov\u00e1 Akce UKON\u010cENA V\u00ddROBA Deko-Light n\u00e1st\u011bnn\u00e9 a stropn\u00ed sv\u00edtidlo Syrma Oval \u0161ed\u00e1 220-240V AC\/50-60Hz E27 1x max. 42,00 W 170 \u0161ed\u00e1 - LIGHT IMPRESSIONS -\" \/>\n<meta property=\"og:description\" content=\"Popis produktu Deko-Light Syrma Oval \u2013 n\u00e1st\u011bnn\u00e9 a stropn\u00ed sv\u00edtidlo, \u0161ed\u00e1 Designov\u00e1 klasika pro exteri\u00e9r i interi\u00e9r N\u00e1st\u011bnn\u00e9 a stropn\u00ed sv\u00edtidlo Syrma Oval zna\u010dky Deko-Light v \u0161ed\u00e9 barv\u011b je nad\u010dasov\u00e9 \u0159e\u0161en\u00ed pro osv\u011btlen\u00ed technick\u00fdch prostor, chodeb, gar\u00e1\u017e\u00ed, sklep\u016f nebo venkovn\u00edch prostor. D\u00edky sv\u00e9 robustn\u00ed konstrukci a nad\u010dasov\u00e9mu ov\u00e1ln\u00e9mu tvaru pat\u0159\u00ed mezi designov\u00e9 st\u00e1lice, kter\u00e9 skv\u011ble [&hellip;]\" \/>\n<meta property=\"og:url\" content=\"https:\/\/www.koupeltech.com\/index.php\/produkt\/vikendova-akce-ukoncena-vyroba-deko-light-nastenne-a-stropni-svitidlo-syrma-oval-seda-220-240v-ac-50-60hz-e27-1x-max-42-00-w-170-seda-light-impressions-1373\/\" \/>\n<meta property=\"og:image\" content=\"https:\/\/www.koupeltech.com\/wp-content\/uploads\/2026\/SK0018180-CZ20260425-091535-0-1777079743-IMPR-401013.webp\" \/>\n\t<meta property=\"og:image:width\" content=\"616\" \/>\n\t<meta property=\"og:image:height\" content=\"800\" \/>\n\t<meta property=\"og:image:type\" content=\"image\/webp\" \/>\n<meta name=\"twitter:card\" content=\"summary_large_image\" \/>\n<meta name=\"twitter:label1\" content=\"Odhadovan\u00e1 doba \u010dten\u00ed\" \/>\n\t<meta name=\"twitter:data1\" content=\"2 minuty\" \/>\n<script type=\"application\/ld+json\" class=\"yoast-schema-graph\">{\"@context\":\"https:\/\/schema.org\",\"@graph\":[{\"@type\":\"WebPage\",\"@id\":\"https:\/\/www.koupeltech.com\/index.php\/produkt\/vikendova-akce-ukoncena-vyroba-deko-light-nastenne-a-stropni-svitidlo-syrma-oval-seda-220-240v-ac-50-60hz-e27-1x-max-42-00-w-170-seda-light-impressions-1373\/\",\"url\":\"https:\/\/www.koupeltech.com\/index.php\/produkt\/vikendova-akce-ukoncena-vyroba-deko-light-nastenne-a-stropni-svitidlo-syrma-oval-seda-220-240v-ac-50-60hz-e27-1x-max-42-00-w-170-seda-light-impressions-1373\/\",\"name\":\"V\u00edkendov\u00e1 Akce UKON\u010cENA V\u00ddROBA Deko-Light n\u00e1st\u011bnn\u00e9 a stropn\u00ed sv\u00edtidlo Syrma Oval \u0161ed\u00e1 220-240V AC\/50-60Hz E27 1x max. 42,00 W 170 \u0161ed\u00e1 - LIGHT IMPRESSIONS -\",\"isPartOf\":{\"@id\":\"https:\/\/www.koupeltech.com\/#website\"},\"primaryImageOfPage\":{\"@id\":\"https:\/\/www.koupeltech.com\/index.php\/produkt\/vikendova-akce-ukoncena-vyroba-deko-light-nastenne-a-stropni-svitidlo-syrma-oval-seda-220-240v-ac-50-60hz-e27-1x-max-42-00-w-170-seda-light-impressions-1373\/#primaryimage\"},\"image\":{\"@id\":\"https:\/\/www.koupeltech.com\/index.php\/produkt\/vikendova-akce-ukoncena-vyroba-deko-light-nastenne-a-stropni-svitidlo-syrma-oval-seda-220-240v-ac-50-60hz-e27-1x-max-42-00-w-170-seda-light-impressions-1373\/#primaryimage\"},\"thumbnailUrl\":\"https:\/\/www.koupeltech.com\/wp-content\/uploads\/2026\/SK0018180-CZ20260425-091535-0-1777079743-IMPR-401013.webp\",\"datePublished\":\"2026-04-27T13:56:38+00:00\",\"breadcrumb\":{\"@id\":\"https:\/\/www.koupeltech.com\/index.php\/produkt\/vikendova-akce-ukoncena-vyroba-deko-light-nastenne-a-stropni-svitidlo-syrma-oval-seda-220-240v-ac-50-60hz-e27-1x-max-42-00-w-170-seda-light-impressions-1373\/#breadcrumb\"},\"inLanguage\":\"cs\",\"potentialAction\":[{\"@type\":\"ReadAction\",\"target\":[\"https:\/\/www.koupeltech.com\/index.php\/produkt\/vikendova-akce-ukoncena-vyroba-deko-light-nastenne-a-stropni-svitidlo-syrma-oval-seda-220-240v-ac-50-60hz-e27-1x-max-42-00-w-170-seda-light-impressions-1373\/\"]}]},{\"@type\":\"ImageObject\",\"inLanguage\":\"cs\",\"@id\":\"https:\/\/www.koupeltech.com\/index.php\/produkt\/vikendova-akce-ukoncena-vyroba-deko-light-nastenne-a-stropni-svitidlo-syrma-oval-seda-220-240v-ac-50-60hz-e27-1x-max-42-00-w-170-seda-light-impressions-1373\/#primaryimage\",\"url\":\"https:\/\/www.koupeltech.com\/wp-content\/uploads\/2026\/SK0018180-CZ20260425-091535-0-1777079743-IMPR-401013.webp\",\"contentUrl\":\"https:\/\/www.koupeltech.com\/wp-content\/uploads\/2026\/SK0018180-CZ20260425-091535-0-1777079743-IMPR-401013.webp\",\"width\":616,\"height\":800},{\"@type\":\"BreadcrumbList\",\"@id\":\"https:\/\/www.koupeltech.com\/index.php\/produkt\/vikendova-akce-ukoncena-vyroba-deko-light-nastenne-a-stropni-svitidlo-syrma-oval-seda-220-240v-ac-50-60hz-e27-1x-max-42-00-w-170-seda-light-impressions-1373\/#breadcrumb\",\"itemListElement\":[{\"@type\":\"ListItem\",\"position\":1,\"name\":\"Home\",\"item\":\"https:\/\/www.koupeltech.com\/\"},{\"@type\":\"ListItem\",\"position\":2,\"name\":\"Products\",\"item\":\"https:\/\/www.koupeltech.com\/index.php\/products\/\"},{\"@type\":\"ListItem\",\"position\":3,\"name\":\"V\u00edkendov\u00e1 Akce UKON\u010cENA V\u00ddROBA Deko-Light n\u00e1st\u011bnn\u00e9 a stropn\u00ed sv\u00edtidlo Syrma Oval \u0161ed\u00e1 220-240V AC\/50-60Hz E27 1x max. 42,00 W 170 \u0161ed\u00e1 &#8211; LIGHT IMPRESSIONS\"}]},{\"@type\":\"WebSite\",\"@id\":\"https:\/\/www.koupeltech.com\/#website\",\"url\":\"https:\/\/www.koupeltech.com\/\",\"name\":\"\",\"description\":\"\",\"potentialAction\":[{\"@type\":\"SearchAction\",\"target\":{\"@type\":\"EntryPoint\",\"urlTemplate\":\"https:\/\/www.koupeltech.com\/?s={search_term_string}\"},\"query-input\":{\"@type\":\"PropertyValueSpecification\",\"valueRequired\":true,\"valueName\":\"search_term_string\"}}],\"inLanguage\":\"cs\"}]}<\/script>\n<!-- \/ Yoast SEO plugin. -->","yoast_head_json":{"title":"V\u00edkendov\u00e1 Akce UKON\u010cENA V\u00ddROBA Deko-Light n\u00e1st\u011bnn\u00e9 a stropn\u00ed sv\u00edtidlo Syrma Oval \u0161ed\u00e1 220-240V AC\/50-60Hz E27 1x max. 42,00 W 170 \u0161ed\u00e1 - LIGHT IMPRESSIONS -","robots":{"index":"index","follow":"follow","max-snippet":"max-snippet:-1","max-image-preview":"max-image-preview:large","max-video-preview":"max-video-preview:-1"},"canonical":"https:\/\/www.koupeltech.com\/index.php\/produkt\/vikendova-akce-ukoncena-vyroba-deko-light-nastenne-a-stropni-svitidlo-syrma-oval-seda-220-240v-ac-50-60hz-e27-1x-max-42-00-w-170-seda-light-impressions-1373\/","og_locale":"cs_CZ","og_type":"article","og_title":"V\u00edkendov\u00e1 Akce UKON\u010cENA V\u00ddROBA Deko-Light n\u00e1st\u011bnn\u00e9 a stropn\u00ed sv\u00edtidlo Syrma Oval \u0161ed\u00e1 220-240V AC\/50-60Hz E27 1x max. 42,00 W 170 \u0161ed\u00e1 - LIGHT IMPRESSIONS -","og_description":"Popis produktu Deko-Light Syrma Oval \u2013 n\u00e1st\u011bnn\u00e9 a stropn\u00ed sv\u00edtidlo, \u0161ed\u00e1 Designov\u00e1 klasika pro exteri\u00e9r i interi\u00e9r N\u00e1st\u011bnn\u00e9 a stropn\u00ed sv\u00edtidlo Syrma Oval zna\u010dky Deko-Light v \u0161ed\u00e9 barv\u011b je nad\u010dasov\u00e9 \u0159e\u0161en\u00ed pro osv\u011btlen\u00ed technick\u00fdch prostor, chodeb, gar\u00e1\u017e\u00ed, sklep\u016f nebo venkovn\u00edch prostor. D\u00edky sv\u00e9 robustn\u00ed konstrukci a nad\u010dasov\u00e9mu ov\u00e1ln\u00e9mu tvaru pat\u0159\u00ed mezi designov\u00e9 st\u00e1lice, kter\u00e9 skv\u011ble [&hellip;]","og_url":"https:\/\/www.koupeltech.com\/index.php\/produkt\/vikendova-akce-ukoncena-vyroba-deko-light-nastenne-a-stropni-svitidlo-syrma-oval-seda-220-240v-ac-50-60hz-e27-1x-max-42-00-w-170-seda-light-impressions-1373\/","og_image":[{"width":616,"height":800,"url":"https:\/\/www.koupeltech.com\/wp-content\/uploads\/2026\/SK0018180-CZ20260425-091535-0-1777079743-IMPR-401013.webp","type":"image\/webp"}],"twitter_card":"summary_large_image","twitter_misc":{"Odhadovan\u00e1 doba \u010dten\u00ed":"2 minuty"},"schema":{"@context":"https:\/\/schema.org","@graph":[{"@type":"WebPage","@id":"https:\/\/www.koupeltech.com\/index.php\/produkt\/vikendova-akce-ukoncena-vyroba-deko-light-nastenne-a-stropni-svitidlo-syrma-oval-seda-220-240v-ac-50-60hz-e27-1x-max-42-00-w-170-seda-light-impressions-1373\/","url":"https:\/\/www.koupeltech.com\/index.php\/produkt\/vikendova-akce-ukoncena-vyroba-deko-light-nastenne-a-stropni-svitidlo-syrma-oval-seda-220-240v-ac-50-60hz-e27-1x-max-42-00-w-170-seda-light-impressions-1373\/","name":"V\u00edkendov\u00e1 Akce UKON\u010cENA V\u00ddROBA Deko-Light n\u00e1st\u011bnn\u00e9 a stropn\u00ed sv\u00edtidlo Syrma Oval \u0161ed\u00e1 220-240V AC\/50-60Hz E27 1x max. 42,00 W 170 \u0161ed\u00e1 - LIGHT IMPRESSIONS -","isPartOf":{"@id":"https:\/\/www.koupeltech.com\/#website"},"primaryImageOfPage":{"@id":"https:\/\/www.koupeltech.com\/index.php\/produkt\/vikendova-akce-ukoncena-vyroba-deko-light-nastenne-a-stropni-svitidlo-syrma-oval-seda-220-240v-ac-50-60hz-e27-1x-max-42-00-w-170-seda-light-impressions-1373\/#primaryimage"},"image":{"@id":"https:\/\/www.koupeltech.com\/index.php\/produkt\/vikendova-akce-ukoncena-vyroba-deko-light-nastenne-a-stropni-svitidlo-syrma-oval-seda-220-240v-ac-50-60hz-e27-1x-max-42-00-w-170-seda-light-impressions-1373\/#primaryimage"},"thumbnailUrl":"https:\/\/www.koupeltech.com\/wp-content\/uploads\/2026\/SK0018180-CZ20260425-091535-0-1777079743-IMPR-401013.webp","datePublished":"2026-04-27T13:56:38+00:00","breadcrumb":{"@id":"https:\/\/www.koupeltech.com\/index.php\/produkt\/vikendova-akce-ukoncena-vyroba-deko-light-nastenne-a-stropni-svitidlo-syrma-oval-seda-220-240v-ac-50-60hz-e27-1x-max-42-00-w-170-seda-light-impressions-1373\/#breadcrumb"},"inLanguage":"cs","potentialAction":[{"@type":"ReadAction","target":["https:\/\/www.koupeltech.com\/index.php\/produkt\/vikendova-akce-ukoncena-vyroba-deko-light-nastenne-a-stropni-svitidlo-syrma-oval-seda-220-240v-ac-50-60hz-e27-1x-max-42-00-w-170-seda-light-impressions-1373\/"]}]},{"@type":"ImageObject","inLanguage":"cs","@id":"https:\/\/www.koupeltech.com\/index.php\/produkt\/vikendova-akce-ukoncena-vyroba-deko-light-nastenne-a-stropni-svitidlo-syrma-oval-seda-220-240v-ac-50-60hz-e27-1x-max-42-00-w-170-seda-light-impressions-1373\/#primaryimage","url":"https:\/\/www.koupeltech.com\/wp-content\/uploads\/2026\/SK0018180-CZ20260425-091535-0-1777079743-IMPR-401013.webp","contentUrl":"https:\/\/www.koupeltech.com\/wp-content\/uploads\/2026\/SK0018180-CZ20260425-091535-0-1777079743-IMPR-401013.webp","width":616,"height":800},{"@type":"BreadcrumbList","@id":"https:\/\/www.koupeltech.com\/index.php\/produkt\/vikendova-akce-ukoncena-vyroba-deko-light-nastenne-a-stropni-svitidlo-syrma-oval-seda-220-240v-ac-50-60hz-e27-1x-max-42-00-w-170-seda-light-impressions-1373\/#breadcrumb","itemListElement":[{"@type":"ListItem","position":1,"name":"Home","item":"https:\/\/www.koupeltech.com\/"},{"@type":"ListItem","position":2,"name":"Products","item":"https:\/\/www.koupeltech.com\/index.php\/products\/"},{"@type":"ListItem","position":3,"name":"V\u00edkendov\u00e1 Akce UKON\u010cENA V\u00ddROBA Deko-Light n\u00e1st\u011bnn\u00e9 a stropn\u00ed sv\u00edtidlo Syrma Oval \u0161ed\u00e1 220-240V AC\/50-60Hz E27 1x max. 42,00 W 170 \u0161ed\u00e1 &#8211; LIGHT IMPRESSIONS"}]},{"@type":"WebSite","@id":"https:\/\/www.koupeltech.com\/#website","url":"https:\/\/www.koupeltech.com\/","name":"","description":"","potentialAction":[{"@type":"SearchAction","target":{"@type":"EntryPoint","urlTemplate":"https:\/\/www.koupeltech.com\/?s={search_term_string}"},"query-input":{"@type":"PropertyValueSpecification","valueRequired":true,"valueName":"search_term_string"}}],"inLanguage":"cs"}]}},"_links":{"self":[{"href":"https:\/\/www.koupeltech.com\/index.php\/wp-json\/wp\/v2\/product\/1373","targetHints":{"allow":["GET"]}}],"collection":[{"href":"https:\/\/www.koupeltech.com\/index.php\/wp-json\/wp\/v2\/product"}],"about":[{"href":"https:\/\/www.koupeltech.com\/index.php\/wp-json\/wp\/v2\/types\/product"}],"replies":[{"embeddable":true,"href":"https:\/\/www.koupeltech.com\/index.php\/wp-json\/wp\/v2\/comments?post=1373"}],"wp:featuredmedia":[{"embeddable":true,"href":"https:\/\/www.koupeltech.com\/index.php\/wp-json\/wp\/v2\/media\/1473"}],"wp:attachment":[{"href":"https:\/\/www.koupeltech.com\/index.php\/wp-json\/wp\/v2\/media?parent=1373"}],"wp:term":[{"taxonomy":"product_brand","embeddable":true,"href":"https:\/\/www.koupeltech.com\/index.php\/wp-json\/wp\/v2\/product_brand?post=1373"},{"taxonomy":"product_cat","embeddable":true,"href":"https:\/\/www.koupeltech.com\/index.php\/wp-json\/wp\/v2\/product_cat?post=1373"},{"taxonomy":"product_tag","embeddable":true,"href":"https:\/\/www.koupeltech.com\/index.php\/wp-json\/wp\/v2\/product_tag?post=1373"}],"curies":[{"name":"wp","href":"https:\/\/api.w.org\/{rel}","templated":true}]}}