{"id":13757,"date":"2026-04-27T13:57:52","date_gmt":"2026-04-27T13:57:52","guid":{"rendered":""},"modified":"2026-04-27T13:57:52","modified_gmt":"2026-04-27T13:57:52","slug":"akce-aqualine-flery-nastenna-vanova-sprchova-baterie-otocne-raminko-gun-metal-fy010gm-13757","status":"publish","type":"product","link":"https:\/\/www.koupeltech.com\/index.php\/produkt\/akce-aqualine-flery-nastenna-vanova-sprchova-baterie-otocne-raminko-gun-metal-fy010gm-13757\/","title":{"rendered":"Akce Aqualine FLERY n\u00e1st\u011bnn\u00e1 vanov\u00e1\/sprchov\u00e1 baterie, oto\u010dn\u00e9 ram\u00ednko, gun metal FY010GM"},"content":{"rendered":"<div class=\"tabs__content-outer\" id=\"tab_description\" data-hash=\"description\" data-tabindex=\"-1\">\n<div class=\"tabs__content toggle_description\" id=\"content_description\">\n<div class=\"wysiwyg-content\">\n<div class=\"product__tab product__description full-width\">\n<div class=\"container\">\n<div >\n<h3>Aqualine FLERY n\u00e1st\u011bnn\u00e1 vanov\u00e1\/sprchov\u00e1 baterie, oto\u010dn\u00e9 ram\u00ednko, gun metal FY010GM<\/h3>\n<p><\/p>\n<p><b>Vlastnosti<\/b><\/p>\n<ul>\n<li><span>Materi\u00e1l:<\/span> Mosaz<\/li>\n<li><span>Barva:<\/span> \u010cern\u00e1<\/li>\n<li><span>Instalace:<\/span> N\u00e1st\u011bnn\u00e1 150 mm<\/li>\n<li><span>Tvar:<\/span> Kruhov\u00e9<\/li>\n<li><span>\u0160\u00ed\u0159ka:<\/span> 200 mm<\/li>\n<li><span>Druh ovl\u00e1d\u00e1n\u00ed:<\/span> P\u00e1ka<\/li>\n<li><span>Ostatn\u00ed:<\/span> Oto\u010dn\u00e9 ram\u00ednko<\/li>\n<li><span>Hloubka:<\/span> 178 mm<\/li>\n<li><span>P\u0159ep\u00edna\u010d na sprchu:<\/span> Oto\u010dn\u00fd<\/li>\n<li><span>3D model:<\/span> ANO<\/li>\n<\/ul>\n<\/div><\/div>\n<\/p><\/div>\n<\/p><\/div>\n<\/p><\/div>\n","protected":false},"excerpt":{"rendered":"<p>Aqualine FLERY n\u00e1st\u011bnn\u00e1 vanov\u00e1\/sprchov\u00e1 baterie, oto\u010dn\u00e9 ram\u00ednko, gun metal FY010GM Vlastnosti Materi\u00e1l: Mosaz Barva: \u010cern\u00e1 Instalace: N\u00e1st\u011bnn\u00e1 150 mm Tvar: Kruhov\u00e9 \u0160\u00ed\u0159ka: 200 mm Druh ovl\u00e1d\u00e1n\u00ed: P\u00e1ka Ostatn\u00ed: Oto\u010dn\u00e9 ram\u00ednko Hloubka: 178 mm P\u0159ep\u00edna\u010d na sprchu: Oto\u010dn\u00fd 3D model: ANO<\/p>\n","protected":false},"featured_media":13857,"comment_status":"open","ping_status":"open","template":"","meta":[],"product_brand":[],"product_cat":[83],"product_tag":[],"class_list":{"0":"post-13757","1":"product","2":"type-product","3":"status-publish","4":"has-post-thumbnail","6":"product_cat-koupelna","8":"first","9":"instock","10":"sale","11":"shipping-taxable","12":"purchasable","13":"product-type-simple"},"yoast_head":"<!-- This site is optimized with the Yoast SEO plugin v26.8 - https:\/\/yoast.com\/product\/yoast-seo-wordpress\/ -->\n<title>Akce Aqualine FLERY n\u00e1st\u011bnn\u00e1 vanov\u00e1\/sprchov\u00e1 baterie, oto\u010dn\u00e9 ram\u00ednko, gun metal FY010GM -<\/title>\n<meta name=\"robots\" content=\"index, follow, max-snippet:-1, max-image-preview:large, max-video-preview:-1\" \/>\n<link rel=\"canonical\" href=\"https:\/\/www.koupeltech.com\/index.php\/produkt\/akce-aqualine-flery-nastenna-vanova-sprchova-baterie-otocne-raminko-gun-metal-fy010gm-13757\/\" \/>\n<meta property=\"og:locale\" content=\"cs_CZ\" \/>\n<meta property=\"og:type\" content=\"article\" \/>\n<meta property=\"og:title\" content=\"Akce Aqualine FLERY n\u00e1st\u011bnn\u00e1 vanov\u00e1\/sprchov\u00e1 baterie, oto\u010dn\u00e9 ram\u00ednko, gun metal FY010GM -\" \/>\n<meta property=\"og:description\" content=\"Aqualine FLERY n\u00e1st\u011bnn\u00e1 vanov\u00e1\/sprchov\u00e1 baterie, oto\u010dn\u00e9 ram\u00ednko, gun metal FY010GM Vlastnosti Materi\u00e1l: Mosaz Barva: \u010cern\u00e1 Instalace: N\u00e1st\u011bnn\u00e1 150 mm Tvar: Kruhov\u00e9 \u0160\u00ed\u0159ka: 200 mm Druh ovl\u00e1d\u00e1n\u00ed: P\u00e1ka Ostatn\u00ed: Oto\u010dn\u00e9 ram\u00ednko Hloubka: 178 mm P\u0159ep\u00edna\u010d na sprchu: Oto\u010dn\u00fd 3D model: ANO\" \/>\n<meta property=\"og:url\" content=\"https:\/\/www.koupeltech.com\/index.php\/produkt\/akce-aqualine-flery-nastenna-vanova-sprchova-baterie-otocne-raminko-gun-metal-fy010gm-13757\/\" \/>\n<meta property=\"og:image\" content=\"https:\/\/www.koupeltech.com\/wp-content\/uploads\/2026\/SK0019874-CZ20260425-093041-0-1777080643-8ef08b679568633fec159b881fadaffb.webp\" \/>\n\t<meta property=\"og:image:width\" content=\"1000\" \/>\n\t<meta property=\"og:image:height\" content=\"701\" \/>\n\t<meta property=\"og:image:type\" content=\"image\/webp\" \/>\n<meta name=\"twitter:card\" content=\"summary_large_image\" \/>\n<script type=\"application\/ld+json\" class=\"yoast-schema-graph\">{\"@context\":\"https:\/\/schema.org\",\"@graph\":[{\"@type\":\"WebPage\",\"@id\":\"https:\/\/www.koupeltech.com\/index.php\/produkt\/akce-aqualine-flery-nastenna-vanova-sprchova-baterie-otocne-raminko-gun-metal-fy010gm-13757\/\",\"url\":\"https:\/\/www.koupeltech.com\/index.php\/produkt\/akce-aqualine-flery-nastenna-vanova-sprchova-baterie-otocne-raminko-gun-metal-fy010gm-13757\/\",\"name\":\"Akce Aqualine FLERY n\u00e1st\u011bnn\u00e1 vanov\u00e1\/sprchov\u00e1 baterie, oto\u010dn\u00e9 ram\u00ednko, gun metal FY010GM -\",\"isPartOf\":{\"@id\":\"https:\/\/www.koupeltech.com\/#website\"},\"primaryImageOfPage\":{\"@id\":\"https:\/\/www.koupeltech.com\/index.php\/produkt\/akce-aqualine-flery-nastenna-vanova-sprchova-baterie-otocne-raminko-gun-metal-fy010gm-13757\/#primaryimage\"},\"image\":{\"@id\":\"https:\/\/www.koupeltech.com\/index.php\/produkt\/akce-aqualine-flery-nastenna-vanova-sprchova-baterie-otocne-raminko-gun-metal-fy010gm-13757\/#primaryimage\"},\"thumbnailUrl\":\"https:\/\/www.koupeltech.com\/wp-content\/uploads\/2026\/SK0019874-CZ20260425-093041-0-1777080643-8ef08b679568633fec159b881fadaffb.webp\",\"datePublished\":\"2026-04-27T13:57:52+00:00\",\"breadcrumb\":{\"@id\":\"https:\/\/www.koupeltech.com\/index.php\/produkt\/akce-aqualine-flery-nastenna-vanova-sprchova-baterie-otocne-raminko-gun-metal-fy010gm-13757\/#breadcrumb\"},\"inLanguage\":\"cs\",\"potentialAction\":[{\"@type\":\"ReadAction\",\"target\":[\"https:\/\/www.koupeltech.com\/index.php\/produkt\/akce-aqualine-flery-nastenna-vanova-sprchova-baterie-otocne-raminko-gun-metal-fy010gm-13757\/\"]}]},{\"@type\":\"ImageObject\",\"inLanguage\":\"cs\",\"@id\":\"https:\/\/www.koupeltech.com\/index.php\/produkt\/akce-aqualine-flery-nastenna-vanova-sprchova-baterie-otocne-raminko-gun-metal-fy010gm-13757\/#primaryimage\",\"url\":\"https:\/\/www.koupeltech.com\/wp-content\/uploads\/2026\/SK0019874-CZ20260425-093041-0-1777080643-8ef08b679568633fec159b881fadaffb.webp\",\"contentUrl\":\"https:\/\/www.koupeltech.com\/wp-content\/uploads\/2026\/SK0019874-CZ20260425-093041-0-1777080643-8ef08b679568633fec159b881fadaffb.webp\",\"width\":1000,\"height\":701},{\"@type\":\"BreadcrumbList\",\"@id\":\"https:\/\/www.koupeltech.com\/index.php\/produkt\/akce-aqualine-flery-nastenna-vanova-sprchova-baterie-otocne-raminko-gun-metal-fy010gm-13757\/#breadcrumb\",\"itemListElement\":[{\"@type\":\"ListItem\",\"position\":1,\"name\":\"Home\",\"item\":\"https:\/\/www.koupeltech.com\/\"},{\"@type\":\"ListItem\",\"position\":2,\"name\":\"Products\",\"item\":\"https:\/\/www.koupeltech.com\/index.php\/products\/\"},{\"@type\":\"ListItem\",\"position\":3,\"name\":\"Akce Aqualine FLERY n\u00e1st\u011bnn\u00e1 vanov\u00e1\/sprchov\u00e1 baterie, oto\u010dn\u00e9 ram\u00ednko, gun metal FY010GM\"}]},{\"@type\":\"WebSite\",\"@id\":\"https:\/\/www.koupeltech.com\/#website\",\"url\":\"https:\/\/www.koupeltech.com\/\",\"name\":\"\",\"description\":\"\",\"potentialAction\":[{\"@type\":\"SearchAction\",\"target\":{\"@type\":\"EntryPoint\",\"urlTemplate\":\"https:\/\/www.koupeltech.com\/?s={search_term_string}\"},\"query-input\":{\"@type\":\"PropertyValueSpecification\",\"valueRequired\":true,\"valueName\":\"search_term_string\"}}],\"inLanguage\":\"cs\"}]}<\/script>\n<!-- \/ Yoast SEO plugin. -->","yoast_head_json":{"title":"Akce Aqualine FLERY n\u00e1st\u011bnn\u00e1 vanov\u00e1\/sprchov\u00e1 baterie, oto\u010dn\u00e9 ram\u00ednko, gun metal FY010GM -","robots":{"index":"index","follow":"follow","max-snippet":"max-snippet:-1","max-image-preview":"max-image-preview:large","max-video-preview":"max-video-preview:-1"},"canonical":"https:\/\/www.koupeltech.com\/index.php\/produkt\/akce-aqualine-flery-nastenna-vanova-sprchova-baterie-otocne-raminko-gun-metal-fy010gm-13757\/","og_locale":"cs_CZ","og_type":"article","og_title":"Akce Aqualine FLERY n\u00e1st\u011bnn\u00e1 vanov\u00e1\/sprchov\u00e1 baterie, oto\u010dn\u00e9 ram\u00ednko, gun metal FY010GM -","og_description":"Aqualine FLERY n\u00e1st\u011bnn\u00e1 vanov\u00e1\/sprchov\u00e1 baterie, oto\u010dn\u00e9 ram\u00ednko, gun metal FY010GM Vlastnosti Materi\u00e1l: Mosaz Barva: \u010cern\u00e1 Instalace: N\u00e1st\u011bnn\u00e1 150 mm Tvar: Kruhov\u00e9 \u0160\u00ed\u0159ka: 200 mm Druh ovl\u00e1d\u00e1n\u00ed: P\u00e1ka Ostatn\u00ed: Oto\u010dn\u00e9 ram\u00ednko Hloubka: 178 mm P\u0159ep\u00edna\u010d na sprchu: Oto\u010dn\u00fd 3D model: ANO","og_url":"https:\/\/www.koupeltech.com\/index.php\/produkt\/akce-aqualine-flery-nastenna-vanova-sprchova-baterie-otocne-raminko-gun-metal-fy010gm-13757\/","og_image":[{"width":1000,"height":701,"url":"https:\/\/www.koupeltech.com\/wp-content\/uploads\/2026\/SK0019874-CZ20260425-093041-0-1777080643-8ef08b679568633fec159b881fadaffb.webp","type":"image\/webp"}],"twitter_card":"summary_large_image","schema":{"@context":"https:\/\/schema.org","@graph":[{"@type":"WebPage","@id":"https:\/\/www.koupeltech.com\/index.php\/produkt\/akce-aqualine-flery-nastenna-vanova-sprchova-baterie-otocne-raminko-gun-metal-fy010gm-13757\/","url":"https:\/\/www.koupeltech.com\/index.php\/produkt\/akce-aqualine-flery-nastenna-vanova-sprchova-baterie-otocne-raminko-gun-metal-fy010gm-13757\/","name":"Akce Aqualine FLERY n\u00e1st\u011bnn\u00e1 vanov\u00e1\/sprchov\u00e1 baterie, oto\u010dn\u00e9 ram\u00ednko, gun metal FY010GM -","isPartOf":{"@id":"https:\/\/www.koupeltech.com\/#website"},"primaryImageOfPage":{"@id":"https:\/\/www.koupeltech.com\/index.php\/produkt\/akce-aqualine-flery-nastenna-vanova-sprchova-baterie-otocne-raminko-gun-metal-fy010gm-13757\/#primaryimage"},"image":{"@id":"https:\/\/www.koupeltech.com\/index.php\/produkt\/akce-aqualine-flery-nastenna-vanova-sprchova-baterie-otocne-raminko-gun-metal-fy010gm-13757\/#primaryimage"},"thumbnailUrl":"https:\/\/www.koupeltech.com\/wp-content\/uploads\/2026\/SK0019874-CZ20260425-093041-0-1777080643-8ef08b679568633fec159b881fadaffb.webp","datePublished":"2026-04-27T13:57:52+00:00","breadcrumb":{"@id":"https:\/\/www.koupeltech.com\/index.php\/produkt\/akce-aqualine-flery-nastenna-vanova-sprchova-baterie-otocne-raminko-gun-metal-fy010gm-13757\/#breadcrumb"},"inLanguage":"cs","potentialAction":[{"@type":"ReadAction","target":["https:\/\/www.koupeltech.com\/index.php\/produkt\/akce-aqualine-flery-nastenna-vanova-sprchova-baterie-otocne-raminko-gun-metal-fy010gm-13757\/"]}]},{"@type":"ImageObject","inLanguage":"cs","@id":"https:\/\/www.koupeltech.com\/index.php\/produkt\/akce-aqualine-flery-nastenna-vanova-sprchova-baterie-otocne-raminko-gun-metal-fy010gm-13757\/#primaryimage","url":"https:\/\/www.koupeltech.com\/wp-content\/uploads\/2026\/SK0019874-CZ20260425-093041-0-1777080643-8ef08b679568633fec159b881fadaffb.webp","contentUrl":"https:\/\/www.koupeltech.com\/wp-content\/uploads\/2026\/SK0019874-CZ20260425-093041-0-1777080643-8ef08b679568633fec159b881fadaffb.webp","width":1000,"height":701},{"@type":"BreadcrumbList","@id":"https:\/\/www.koupeltech.com\/index.php\/produkt\/akce-aqualine-flery-nastenna-vanova-sprchova-baterie-otocne-raminko-gun-metal-fy010gm-13757\/#breadcrumb","itemListElement":[{"@type":"ListItem","position":1,"name":"Home","item":"https:\/\/www.koupeltech.com\/"},{"@type":"ListItem","position":2,"name":"Products","item":"https:\/\/www.koupeltech.com\/index.php\/products\/"},{"@type":"ListItem","position":3,"name":"Akce Aqualine FLERY n\u00e1st\u011bnn\u00e1 vanov\u00e1\/sprchov\u00e1 baterie, oto\u010dn\u00e9 ram\u00ednko, gun metal FY010GM"}]},{"@type":"WebSite","@id":"https:\/\/www.koupeltech.com\/#website","url":"https:\/\/www.koupeltech.com\/","name":"","description":"","potentialAction":[{"@type":"SearchAction","target":{"@type":"EntryPoint","urlTemplate":"https:\/\/www.koupeltech.com\/?s={search_term_string}"},"query-input":{"@type":"PropertyValueSpecification","valueRequired":true,"valueName":"search_term_string"}}],"inLanguage":"cs"}]}},"_links":{"self":[{"href":"https:\/\/www.koupeltech.com\/index.php\/wp-json\/wp\/v2\/product\/13757","targetHints":{"allow":["GET"]}}],"collection":[{"href":"https:\/\/www.koupeltech.com\/index.php\/wp-json\/wp\/v2\/product"}],"about":[{"href":"https:\/\/www.koupeltech.com\/index.php\/wp-json\/wp\/v2\/types\/product"}],"replies":[{"embeddable":true,"href":"https:\/\/www.koupeltech.com\/index.php\/wp-json\/wp\/v2\/comments?post=13757"}],"wp:featuredmedia":[{"embeddable":true,"href":"https:\/\/www.koupeltech.com\/index.php\/wp-json\/wp\/v2\/media\/13857"}],"wp:attachment":[{"href":"https:\/\/www.koupeltech.com\/index.php\/wp-json\/wp\/v2\/media?parent=13757"}],"wp:term":[{"taxonomy":"product_brand","embeddable":true,"href":"https:\/\/www.koupeltech.com\/index.php\/wp-json\/wp\/v2\/product_brand?post=13757"},{"taxonomy":"product_cat","embeddable":true,"href":"https:\/\/www.koupeltech.com\/index.php\/wp-json\/wp\/v2\/product_cat?post=13757"},{"taxonomy":"product_tag","embeddable":true,"href":"https:\/\/www.koupeltech.com\/index.php\/wp-json\/wp\/v2\/product_tag?post=13757"}],"curies":[{"name":"wp","href":"https:\/\/api.w.org\/{rel}","templated":true}]}}