{"id":13933,"date":"2026-04-27T13:57:53","date_gmt":"2026-04-27T13:57:53","guid":{"rendered":""},"modified":"2026-04-27T13:57:53","modified_gmt":"2026-04-27T13:57:53","slug":"akce-deska-na-skrinku-pod-umyvadlo-adela-120-cm-kasmirova-13933","status":"publish","type":"product","link":"https:\/\/www.koupeltech.com\/index.php\/produkt\/akce-deska-na-skrinku-pod-umyvadlo-adela-120-cm-kasmirova-13933\/","title":{"rendered":"Akce Deska na sk\u0159\u00ed\u0148ku pod umyvadlo AD\u00c9LA 120 cm &#8211; ka\u0161m\u00edrov\u00e1"},"content":{"rendered":"<div class=\"tabs__content-outer\" id=\"tab_description\" data-hash=\"description\" data-tabindex=\"-1\">\n<div class=\"tabs__content toggle_description\" id=\"content_description\">\n<div class=\"wysiwyg-content\">\n<div class=\"product__tab product__description full-width\">\n<div class=\"container\">\n<div >\n<h3>Deska na sk\u0159\u00ed\u0148ku pod umyvadlo AD\u00c9LA 120 cm &#8211; ka\u0161m\u00edrov\u00e1<\/h3>\n<p><span>Praktick\u00e1 lamino deska, pomoc\u00ed kter\u00e9 ze sk\u0159\u00ed\u0148ky pro z\u00e1pustn\u00e9 umyvadlo vytvo\u0159\u00edte umyvadlovou sk\u0159\u00ed\u0148ku pro umyvadlo na desku.\u00a0O dlouho \u017eivotnost se star\u00e1 konstrukce z kvalitn\u00ed lamino desky s ABS ochranou hran.<\/span><\/p>\n<p>\u00a0<strong>Parametry:\u00a0<\/strong><\/p>\n<ul>\n<li>materi\u00e1l: lamino\u00a0<\/li>\n<li>barva: ka\u0161m\u00edrov\u00e1<\/li>\n<li>rozm\u011bry [\u0160xHxV]: 120,6 x 46,5 x 2,2 cm\u00a0<\/li>\n<\/ul>\n<\/div><\/div>\n<\/p><\/div>\n<\/p><\/div>\n<\/p><\/div>\n","protected":false},"excerpt":{"rendered":"<p>Deska na sk\u0159\u00ed\u0148ku pod umyvadlo AD\u00c9LA 120 cm &#8211; ka\u0161m\u00edrov\u00e1 Praktick\u00e1 lamino deska, pomoc\u00ed kter\u00e9 ze sk\u0159\u00ed\u0148ky pro z\u00e1pustn\u00e9 umyvadlo vytvo\u0159\u00edte umyvadlovou sk\u0159\u00ed\u0148ku pro umyvadlo na desku.\u00a0O dlouho \u017eivotnost se star\u00e1 konstrukce z kvalitn\u00ed lamino desky s ABS ochranou hran. \u00a0Parametry:\u00a0 materi\u00e1l: lamino\u00a0 barva: ka\u0161m\u00edrov\u00e1 rozm\u011bry [\u0160xHxV]: 120,6 x 46,5 x 2,2 cm\u00a0<\/p>\n","protected":false},"featured_media":14033,"comment_status":"open","ping_status":"open","template":"","meta":[],"product_brand":[],"product_cat":[83],"product_tag":[],"class_list":{"0":"post-13933","1":"product","2":"type-product","3":"status-publish","4":"has-post-thumbnail","6":"product_cat-koupelna","8":"first","9":"instock","10":"sale","11":"shipping-taxable","12":"purchasable","13":"product-type-simple"},"yoast_head":"<!-- This site is optimized with the Yoast SEO plugin v26.8 - https:\/\/yoast.com\/product\/yoast-seo-wordpress\/ -->\n<title>Akce Deska na sk\u0159\u00ed\u0148ku pod umyvadlo AD\u00c9LA 120 cm - ka\u0161m\u00edrov\u00e1 -<\/title>\n<meta name=\"robots\" content=\"index, follow, max-snippet:-1, max-image-preview:large, max-video-preview:-1\" \/>\n<link rel=\"canonical\" href=\"https:\/\/www.koupeltech.com\/index.php\/produkt\/akce-deska-na-skrinku-pod-umyvadlo-adela-120-cm-kasmirova-13933\/\" \/>\n<meta property=\"og:locale\" content=\"cs_CZ\" \/>\n<meta property=\"og:type\" content=\"article\" \/>\n<meta property=\"og:title\" content=\"Akce Deska na sk\u0159\u00ed\u0148ku pod umyvadlo AD\u00c9LA 120 cm - ka\u0161m\u00edrov\u00e1 -\" \/>\n<meta property=\"og:description\" content=\"Deska na sk\u0159\u00ed\u0148ku pod umyvadlo AD\u00c9LA 120 cm &#8211; ka\u0161m\u00edrov\u00e1 Praktick\u00e1 lamino deska, pomoc\u00ed kter\u00e9 ze sk\u0159\u00ed\u0148ky pro z\u00e1pustn\u00e9 umyvadlo vytvo\u0159\u00edte umyvadlovou sk\u0159\u00ed\u0148ku pro umyvadlo na desku.\u00a0O dlouho \u017eivotnost se star\u00e1 konstrukce z kvalitn\u00ed lamino desky s ABS ochranou hran. \u00a0Parametry:\u00a0 materi\u00e1l: lamino\u00a0 barva: ka\u0161m\u00edrov\u00e1 rozm\u011bry [\u0160xHxV]: 120,6 x 46,5 x 2,2 cm\u00a0\" \/>\n<meta property=\"og:url\" content=\"https:\/\/www.koupeltech.com\/index.php\/produkt\/akce-deska-na-skrinku-pod-umyvadlo-adela-120-cm-kasmirova-13933\/\" \/>\n<meta property=\"og:image\" content=\"https:\/\/www.koupeltech.com\/wp-content\/uploads\/2026\/SK0019954-CZ20260425-093041-0-1777080643-ADEL_CASHMERE_89-120.webp\" \/>\n\t<meta property=\"og:image:width\" content=\"1000\" \/>\n\t<meta property=\"og:image:height\" content=\"666\" \/>\n\t<meta property=\"og:image:type\" content=\"image\/webp\" \/>\n<meta name=\"twitter:card\" content=\"summary_large_image\" \/>\n<script type=\"application\/ld+json\" class=\"yoast-schema-graph\">{\"@context\":\"https:\/\/schema.org\",\"@graph\":[{\"@type\":\"WebPage\",\"@id\":\"https:\/\/www.koupeltech.com\/index.php\/produkt\/akce-deska-na-skrinku-pod-umyvadlo-adela-120-cm-kasmirova-13933\/\",\"url\":\"https:\/\/www.koupeltech.com\/index.php\/produkt\/akce-deska-na-skrinku-pod-umyvadlo-adela-120-cm-kasmirova-13933\/\",\"name\":\"Akce Deska na sk\u0159\u00ed\u0148ku pod umyvadlo AD\u00c9LA 120 cm - ka\u0161m\u00edrov\u00e1 -\",\"isPartOf\":{\"@id\":\"https:\/\/www.koupeltech.com\/#website\"},\"primaryImageOfPage\":{\"@id\":\"https:\/\/www.koupeltech.com\/index.php\/produkt\/akce-deska-na-skrinku-pod-umyvadlo-adela-120-cm-kasmirova-13933\/#primaryimage\"},\"image\":{\"@id\":\"https:\/\/www.koupeltech.com\/index.php\/produkt\/akce-deska-na-skrinku-pod-umyvadlo-adela-120-cm-kasmirova-13933\/#primaryimage\"},\"thumbnailUrl\":\"https:\/\/www.koupeltech.com\/wp-content\/uploads\/2026\/SK0019954-CZ20260425-093041-0-1777080643-ADEL_CASHMERE_89-120.webp\",\"datePublished\":\"2026-04-27T13:57:53+00:00\",\"breadcrumb\":{\"@id\":\"https:\/\/www.koupeltech.com\/index.php\/produkt\/akce-deska-na-skrinku-pod-umyvadlo-adela-120-cm-kasmirova-13933\/#breadcrumb\"},\"inLanguage\":\"cs\",\"potentialAction\":[{\"@type\":\"ReadAction\",\"target\":[\"https:\/\/www.koupeltech.com\/index.php\/produkt\/akce-deska-na-skrinku-pod-umyvadlo-adela-120-cm-kasmirova-13933\/\"]}]},{\"@type\":\"ImageObject\",\"inLanguage\":\"cs\",\"@id\":\"https:\/\/www.koupeltech.com\/index.php\/produkt\/akce-deska-na-skrinku-pod-umyvadlo-adela-120-cm-kasmirova-13933\/#primaryimage\",\"url\":\"https:\/\/www.koupeltech.com\/wp-content\/uploads\/2026\/SK0019954-CZ20260425-093041-0-1777080643-ADEL_CASHMERE_89-120.webp\",\"contentUrl\":\"https:\/\/www.koupeltech.com\/wp-content\/uploads\/2026\/SK0019954-CZ20260425-093041-0-1777080643-ADEL_CASHMERE_89-120.webp\",\"width\":1000,\"height\":666},{\"@type\":\"BreadcrumbList\",\"@id\":\"https:\/\/www.koupeltech.com\/index.php\/produkt\/akce-deska-na-skrinku-pod-umyvadlo-adela-120-cm-kasmirova-13933\/#breadcrumb\",\"itemListElement\":[{\"@type\":\"ListItem\",\"position\":1,\"name\":\"Home\",\"item\":\"https:\/\/www.koupeltech.com\/\"},{\"@type\":\"ListItem\",\"position\":2,\"name\":\"Products\",\"item\":\"https:\/\/www.koupeltech.com\/index.php\/products\/\"},{\"@type\":\"ListItem\",\"position\":3,\"name\":\"Akce Deska na sk\u0159\u00ed\u0148ku pod umyvadlo AD\u00c9LA 120 cm &#8211; ka\u0161m\u00edrov\u00e1\"}]},{\"@type\":\"WebSite\",\"@id\":\"https:\/\/www.koupeltech.com\/#website\",\"url\":\"https:\/\/www.koupeltech.com\/\",\"name\":\"\",\"description\":\"\",\"potentialAction\":[{\"@type\":\"SearchAction\",\"target\":{\"@type\":\"EntryPoint\",\"urlTemplate\":\"https:\/\/www.koupeltech.com\/?s={search_term_string}\"},\"query-input\":{\"@type\":\"PropertyValueSpecification\",\"valueRequired\":true,\"valueName\":\"search_term_string\"}}],\"inLanguage\":\"cs\"}]}<\/script>\n<!-- \/ Yoast SEO plugin. -->","yoast_head_json":{"title":"Akce Deska na sk\u0159\u00ed\u0148ku pod umyvadlo AD\u00c9LA 120 cm - ka\u0161m\u00edrov\u00e1 -","robots":{"index":"index","follow":"follow","max-snippet":"max-snippet:-1","max-image-preview":"max-image-preview:large","max-video-preview":"max-video-preview:-1"},"canonical":"https:\/\/www.koupeltech.com\/index.php\/produkt\/akce-deska-na-skrinku-pod-umyvadlo-adela-120-cm-kasmirova-13933\/","og_locale":"cs_CZ","og_type":"article","og_title":"Akce Deska na sk\u0159\u00ed\u0148ku pod umyvadlo AD\u00c9LA 120 cm - ka\u0161m\u00edrov\u00e1 -","og_description":"Deska na sk\u0159\u00ed\u0148ku pod umyvadlo AD\u00c9LA 120 cm &#8211; ka\u0161m\u00edrov\u00e1 Praktick\u00e1 lamino deska, pomoc\u00ed kter\u00e9 ze sk\u0159\u00ed\u0148ky pro z\u00e1pustn\u00e9 umyvadlo vytvo\u0159\u00edte umyvadlovou sk\u0159\u00ed\u0148ku pro umyvadlo na desku.\u00a0O dlouho \u017eivotnost se star\u00e1 konstrukce z kvalitn\u00ed lamino desky s ABS ochranou hran. \u00a0Parametry:\u00a0 materi\u00e1l: lamino\u00a0 barva: ka\u0161m\u00edrov\u00e1 rozm\u011bry [\u0160xHxV]: 120,6 x 46,5 x 2,2 cm\u00a0","og_url":"https:\/\/www.koupeltech.com\/index.php\/produkt\/akce-deska-na-skrinku-pod-umyvadlo-adela-120-cm-kasmirova-13933\/","og_image":[{"width":1000,"height":666,"url":"https:\/\/www.koupeltech.com\/wp-content\/uploads\/2026\/SK0019954-CZ20260425-093041-0-1777080643-ADEL_CASHMERE_89-120.webp","type":"image\/webp"}],"twitter_card":"summary_large_image","schema":{"@context":"https:\/\/schema.org","@graph":[{"@type":"WebPage","@id":"https:\/\/www.koupeltech.com\/index.php\/produkt\/akce-deska-na-skrinku-pod-umyvadlo-adela-120-cm-kasmirova-13933\/","url":"https:\/\/www.koupeltech.com\/index.php\/produkt\/akce-deska-na-skrinku-pod-umyvadlo-adela-120-cm-kasmirova-13933\/","name":"Akce Deska na sk\u0159\u00ed\u0148ku pod umyvadlo AD\u00c9LA 120 cm - ka\u0161m\u00edrov\u00e1 -","isPartOf":{"@id":"https:\/\/www.koupeltech.com\/#website"},"primaryImageOfPage":{"@id":"https:\/\/www.koupeltech.com\/index.php\/produkt\/akce-deska-na-skrinku-pod-umyvadlo-adela-120-cm-kasmirova-13933\/#primaryimage"},"image":{"@id":"https:\/\/www.koupeltech.com\/index.php\/produkt\/akce-deska-na-skrinku-pod-umyvadlo-adela-120-cm-kasmirova-13933\/#primaryimage"},"thumbnailUrl":"https:\/\/www.koupeltech.com\/wp-content\/uploads\/2026\/SK0019954-CZ20260425-093041-0-1777080643-ADEL_CASHMERE_89-120.webp","datePublished":"2026-04-27T13:57:53+00:00","breadcrumb":{"@id":"https:\/\/www.koupeltech.com\/index.php\/produkt\/akce-deska-na-skrinku-pod-umyvadlo-adela-120-cm-kasmirova-13933\/#breadcrumb"},"inLanguage":"cs","potentialAction":[{"@type":"ReadAction","target":["https:\/\/www.koupeltech.com\/index.php\/produkt\/akce-deska-na-skrinku-pod-umyvadlo-adela-120-cm-kasmirova-13933\/"]}]},{"@type":"ImageObject","inLanguage":"cs","@id":"https:\/\/www.koupeltech.com\/index.php\/produkt\/akce-deska-na-skrinku-pod-umyvadlo-adela-120-cm-kasmirova-13933\/#primaryimage","url":"https:\/\/www.koupeltech.com\/wp-content\/uploads\/2026\/SK0019954-CZ20260425-093041-0-1777080643-ADEL_CASHMERE_89-120.webp","contentUrl":"https:\/\/www.koupeltech.com\/wp-content\/uploads\/2026\/SK0019954-CZ20260425-093041-0-1777080643-ADEL_CASHMERE_89-120.webp","width":1000,"height":666},{"@type":"BreadcrumbList","@id":"https:\/\/www.koupeltech.com\/index.php\/produkt\/akce-deska-na-skrinku-pod-umyvadlo-adela-120-cm-kasmirova-13933\/#breadcrumb","itemListElement":[{"@type":"ListItem","position":1,"name":"Home","item":"https:\/\/www.koupeltech.com\/"},{"@type":"ListItem","position":2,"name":"Products","item":"https:\/\/www.koupeltech.com\/index.php\/products\/"},{"@type":"ListItem","position":3,"name":"Akce Deska na sk\u0159\u00ed\u0148ku pod umyvadlo AD\u00c9LA 120 cm &#8211; ka\u0161m\u00edrov\u00e1"}]},{"@type":"WebSite","@id":"https:\/\/www.koupeltech.com\/#website","url":"https:\/\/www.koupeltech.com\/","name":"","description":"","potentialAction":[{"@type":"SearchAction","target":{"@type":"EntryPoint","urlTemplate":"https:\/\/www.koupeltech.com\/?s={search_term_string}"},"query-input":{"@type":"PropertyValueSpecification","valueRequired":true,"valueName":"search_term_string"}}],"inLanguage":"cs"}]}},"_links":{"self":[{"href":"https:\/\/www.koupeltech.com\/index.php\/wp-json\/wp\/v2\/product\/13933","targetHints":{"allow":["GET"]}}],"collection":[{"href":"https:\/\/www.koupeltech.com\/index.php\/wp-json\/wp\/v2\/product"}],"about":[{"href":"https:\/\/www.koupeltech.com\/index.php\/wp-json\/wp\/v2\/types\/product"}],"replies":[{"embeddable":true,"href":"https:\/\/www.koupeltech.com\/index.php\/wp-json\/wp\/v2\/comments?post=13933"}],"wp:featuredmedia":[{"embeddable":true,"href":"https:\/\/www.koupeltech.com\/index.php\/wp-json\/wp\/v2\/media\/14033"}],"wp:attachment":[{"href":"https:\/\/www.koupeltech.com\/index.php\/wp-json\/wp\/v2\/media?parent=13933"}],"wp:term":[{"taxonomy":"product_brand","embeddable":true,"href":"https:\/\/www.koupeltech.com\/index.php\/wp-json\/wp\/v2\/product_brand?post=13933"},{"taxonomy":"product_cat","embeddable":true,"href":"https:\/\/www.koupeltech.com\/index.php\/wp-json\/wp\/v2\/product_cat?post=13933"},{"taxonomy":"product_tag","embeddable":true,"href":"https:\/\/www.koupeltech.com\/index.php\/wp-json\/wp\/v2\/product_tag?post=13933"}],"curies":[{"name":"wp","href":"https:\/\/api.w.org\/{rel}","templated":true}]}}