{"id":14505,"date":"2026-04-27T13:57:59","date_gmt":"2026-04-27T13:57:59","guid":{"rendered":""},"modified":"2026-04-27T13:57:59","modified_gmt":"2026-04-27T13:57:59","slug":"kopie-rohova-akrylova-vana-sydney-160cm-vraceni-zdarma-14505","status":"publish","type":"product","link":"https:\/\/www.koupeltech.com\/index.php\/produkt\/kopie-rohova-akrylova-vana-sydney-160cm-vraceni-zdarma-14505\/","title":{"rendered":"(KOPIE) Rohov\u00e1 akrylov\u00e1 vana SYDNEY 160cm Vr\u00e1cen\u00ed Zdarma"},"content":{"rendered":"<div class=\"tabs__content-outer\" id=\"tab_description\" data-hash=\"description\" data-tabindex=\"-1\">\n<div class=\"tabs__content toggle_description\" id=\"content_description\">\n<div class=\"wysiwyg-content\">\n<div class=\"product__tab product__description full-width\">\n<div class=\"container\">\n<div >\n<h3>(KOPIE) Rohov\u00e1 akrylov\u00e1 vana SYDNEY 160cm<\/h3>\n<p>Prezentujemy Pa\u0144stwu pi\u0119kn\u0105 i niezwykle funkcjonaln\u0105 i nowoczesn\u0105 wann\u0119. Jest to produkt, kt\u00f3ry w doskona\u0142y spos\u00f3b wype\u0142ni Pa\u0144stwa przestrze\u0144 \u0142azienkow\u0105 zachowuj\u0105c nienaganny wygl\u0105d i estetyk\u0119 wn\u0119trza. Wanna jest przystosowana do monta\u017cu jako przy\u015bcienna. Zosta\u0142a wykonana z trwa\u0142ego i odpornego na uszkodzenia i zarysowania akrylu. Dzi\u0119ki specjalnej fazie produkcji jest trwa\u0142a i \u0142atwa w utrzymaniu czysto\u015bci.<\/p>\n<p><b>Vlastnosti<\/b><\/p>\n<ul>\n<li><span>Materi\u00e1l:<\/span> akryl<\/li>\n<li><span>Barva:<\/span> B\u00edl\u00e1<\/li>\n<li><span>Varianta:<\/span> lev\u00e1, prav\u00e1, B\u00edl\u00e1 krytka z\u00e1tky, \u010cern\u00e1 krytka z\u00e1tky, Chrom krytka z\u00e1tky, Kart\u00e1\u010dovan\u00e9 zlato krytka z\u00e1tky, Kart\u00e1\u010dovan\u00e1 m\u011b\u010f krytka z\u00e1tky<\/li>\n<\/ul>\n<\/div><\/div>\n<\/p><\/div>\n<\/p><\/div>\n<\/p><\/div>\n","protected":false},"excerpt":{"rendered":"<p>(KOPIE) Rohov\u00e1 akrylov\u00e1 vana SYDNEY 160cm Prezentujemy Pa\u0144stwu pi\u0119kn\u0105 i niezwykle funkcjonaln\u0105 i nowoczesn\u0105 wann\u0119. Jest to produkt, kt\u00f3ry w doskona\u0142y spos\u00f3b wype\u0142ni Pa\u0144stwa przestrze\u0144 \u0142azienkow\u0105 zachowuj\u0105c nienaganny wygl\u0105d i estetyk\u0119 wn\u0119trza. Wanna jest przystosowana do monta\u017cu jako przy\u015bcienna. Zosta\u0142a wykonana z trwa\u0142ego i odpornego na uszkodzenia i zarysowania akrylu. Dzi\u0119ki specjalnej fazie produkcji jest [&hellip;]<\/p>\n","protected":false},"featured_media":14605,"comment_status":"open","ping_status":"open","template":"","meta":[],"product_brand":[],"product_cat":[83],"product_tag":[],"class_list":{"0":"post-14505","1":"product","2":"type-product","3":"status-publish","4":"has-post-thumbnail","6":"product_cat-koupelna","8":"first","9":"instock","10":"sale","11":"shipping-taxable","12":"purchasable","13":"product-type-simple"},"yoast_head":"<!-- This site is optimized with the Yoast SEO plugin v26.8 - https:\/\/yoast.com\/product\/yoast-seo-wordpress\/ -->\n<title>(KOPIE) Rohov\u00e1 akrylov\u00e1 vana SYDNEY 160cm Vr\u00e1cen\u00ed Zdarma -<\/title>\n<meta name=\"robots\" content=\"index, follow, max-snippet:-1, max-image-preview:large, max-video-preview:-1\" \/>\n<link rel=\"canonical\" href=\"https:\/\/www.koupeltech.com\/index.php\/produkt\/kopie-rohova-akrylova-vana-sydney-160cm-vraceni-zdarma-14505\/\" \/>\n<meta property=\"og:locale\" content=\"cs_CZ\" \/>\n<meta property=\"og:type\" content=\"article\" \/>\n<meta property=\"og:title\" content=\"(KOPIE) Rohov\u00e1 akrylov\u00e1 vana SYDNEY 160cm Vr\u00e1cen\u00ed Zdarma -\" \/>\n<meta property=\"og:description\" content=\"(KOPIE) Rohov\u00e1 akrylov\u00e1 vana SYDNEY 160cm Prezentujemy Pa\u0144stwu pi\u0119kn\u0105 i niezwykle funkcjonaln\u0105 i nowoczesn\u0105 wann\u0119. Jest to produkt, kt\u00f3ry w doskona\u0142y spos\u00f3b wype\u0142ni Pa\u0144stwa przestrze\u0144 \u0142azienkow\u0105 zachowuj\u0105c nienaganny wygl\u0105d i estetyk\u0119 wn\u0119trza. Wanna jest przystosowana do monta\u017cu jako przy\u015bcienna. Zosta\u0142a wykonana z trwa\u0142ego i odpornego na uszkodzenia i zarysowania akrylu. Dzi\u0119ki specjalnej fazie produkcji jest [&hellip;]\" \/>\n<meta property=\"og:url\" content=\"https:\/\/www.koupeltech.com\/index.php\/produkt\/kopie-rohova-akrylova-vana-sydney-160cm-vraceni-zdarma-14505\/\" \/>\n<meta property=\"og:image\" content=\"https:\/\/www.koupeltech.com\/wp-content\/uploads\/2026\/SK0020228-CZ20260425-093041-0-1777080643-a287f7ee6b771cfe5d9b945e8d2d7344.webp\" \/>\n\t<meta property=\"og:image:width\" content=\"860\" \/>\n\t<meta property=\"og:image:height\" content=\"800\" \/>\n\t<meta property=\"og:image:type\" content=\"image\/webp\" \/>\n<meta name=\"twitter:card\" content=\"summary_large_image\" \/>\n<meta name=\"twitter:label1\" content=\"Odhadovan\u00e1 doba \u010dten\u00ed\" \/>\n\t<meta name=\"twitter:data1\" content=\"1 minuta\" \/>\n<script type=\"application\/ld+json\" class=\"yoast-schema-graph\">{\"@context\":\"https:\/\/schema.org\",\"@graph\":[{\"@type\":\"WebPage\",\"@id\":\"https:\/\/www.koupeltech.com\/index.php\/produkt\/kopie-rohova-akrylova-vana-sydney-160cm-vraceni-zdarma-14505\/\",\"url\":\"https:\/\/www.koupeltech.com\/index.php\/produkt\/kopie-rohova-akrylova-vana-sydney-160cm-vraceni-zdarma-14505\/\",\"name\":\"(KOPIE) Rohov\u00e1 akrylov\u00e1 vana SYDNEY 160cm Vr\u00e1cen\u00ed Zdarma -\",\"isPartOf\":{\"@id\":\"https:\/\/www.koupeltech.com\/#website\"},\"primaryImageOfPage\":{\"@id\":\"https:\/\/www.koupeltech.com\/index.php\/produkt\/kopie-rohova-akrylova-vana-sydney-160cm-vraceni-zdarma-14505\/#primaryimage\"},\"image\":{\"@id\":\"https:\/\/www.koupeltech.com\/index.php\/produkt\/kopie-rohova-akrylova-vana-sydney-160cm-vraceni-zdarma-14505\/#primaryimage\"},\"thumbnailUrl\":\"https:\/\/www.koupeltech.com\/wp-content\/uploads\/2026\/SK0020228-CZ20260425-093041-0-1777080643-a287f7ee6b771cfe5d9b945e8d2d7344.webp\",\"datePublished\":\"2026-04-27T13:57:59+00:00\",\"breadcrumb\":{\"@id\":\"https:\/\/www.koupeltech.com\/index.php\/produkt\/kopie-rohova-akrylova-vana-sydney-160cm-vraceni-zdarma-14505\/#breadcrumb\"},\"inLanguage\":\"cs\",\"potentialAction\":[{\"@type\":\"ReadAction\",\"target\":[\"https:\/\/www.koupeltech.com\/index.php\/produkt\/kopie-rohova-akrylova-vana-sydney-160cm-vraceni-zdarma-14505\/\"]}]},{\"@type\":\"ImageObject\",\"inLanguage\":\"cs\",\"@id\":\"https:\/\/www.koupeltech.com\/index.php\/produkt\/kopie-rohova-akrylova-vana-sydney-160cm-vraceni-zdarma-14505\/#primaryimage\",\"url\":\"https:\/\/www.koupeltech.com\/wp-content\/uploads\/2026\/SK0020228-CZ20260425-093041-0-1777080643-a287f7ee6b771cfe5d9b945e8d2d7344.webp\",\"contentUrl\":\"https:\/\/www.koupeltech.com\/wp-content\/uploads\/2026\/SK0020228-CZ20260425-093041-0-1777080643-a287f7ee6b771cfe5d9b945e8d2d7344.webp\",\"width\":860,\"height\":800},{\"@type\":\"BreadcrumbList\",\"@id\":\"https:\/\/www.koupeltech.com\/index.php\/produkt\/kopie-rohova-akrylova-vana-sydney-160cm-vraceni-zdarma-14505\/#breadcrumb\",\"itemListElement\":[{\"@type\":\"ListItem\",\"position\":1,\"name\":\"Home\",\"item\":\"https:\/\/www.koupeltech.com\/\"},{\"@type\":\"ListItem\",\"position\":2,\"name\":\"Products\",\"item\":\"https:\/\/www.koupeltech.com\/index.php\/products\/\"},{\"@type\":\"ListItem\",\"position\":3,\"name\":\"(KOPIE) Rohov\u00e1 akrylov\u00e1 vana SYDNEY 160cm Vr\u00e1cen\u00ed Zdarma\"}]},{\"@type\":\"WebSite\",\"@id\":\"https:\/\/www.koupeltech.com\/#website\",\"url\":\"https:\/\/www.koupeltech.com\/\",\"name\":\"\",\"description\":\"\",\"potentialAction\":[{\"@type\":\"SearchAction\",\"target\":{\"@type\":\"EntryPoint\",\"urlTemplate\":\"https:\/\/www.koupeltech.com\/?s={search_term_string}\"},\"query-input\":{\"@type\":\"PropertyValueSpecification\",\"valueRequired\":true,\"valueName\":\"search_term_string\"}}],\"inLanguage\":\"cs\"}]}<\/script>\n<!-- \/ Yoast SEO plugin. -->","yoast_head_json":{"title":"(KOPIE) Rohov\u00e1 akrylov\u00e1 vana SYDNEY 160cm Vr\u00e1cen\u00ed Zdarma -","robots":{"index":"index","follow":"follow","max-snippet":"max-snippet:-1","max-image-preview":"max-image-preview:large","max-video-preview":"max-video-preview:-1"},"canonical":"https:\/\/www.koupeltech.com\/index.php\/produkt\/kopie-rohova-akrylova-vana-sydney-160cm-vraceni-zdarma-14505\/","og_locale":"cs_CZ","og_type":"article","og_title":"(KOPIE) Rohov\u00e1 akrylov\u00e1 vana SYDNEY 160cm Vr\u00e1cen\u00ed Zdarma -","og_description":"(KOPIE) Rohov\u00e1 akrylov\u00e1 vana SYDNEY 160cm Prezentujemy Pa\u0144stwu pi\u0119kn\u0105 i niezwykle funkcjonaln\u0105 i nowoczesn\u0105 wann\u0119. Jest to produkt, kt\u00f3ry w doskona\u0142y spos\u00f3b wype\u0142ni Pa\u0144stwa przestrze\u0144 \u0142azienkow\u0105 zachowuj\u0105c nienaganny wygl\u0105d i estetyk\u0119 wn\u0119trza. Wanna jest przystosowana do monta\u017cu jako przy\u015bcienna. Zosta\u0142a wykonana z trwa\u0142ego i odpornego na uszkodzenia i zarysowania akrylu. Dzi\u0119ki specjalnej fazie produkcji jest [&hellip;]","og_url":"https:\/\/www.koupeltech.com\/index.php\/produkt\/kopie-rohova-akrylova-vana-sydney-160cm-vraceni-zdarma-14505\/","og_image":[{"width":860,"height":800,"url":"https:\/\/www.koupeltech.com\/wp-content\/uploads\/2026\/SK0020228-CZ20260425-093041-0-1777080643-a287f7ee6b771cfe5d9b945e8d2d7344.webp","type":"image\/webp"}],"twitter_card":"summary_large_image","twitter_misc":{"Odhadovan\u00e1 doba \u010dten\u00ed":"1 minuta"},"schema":{"@context":"https:\/\/schema.org","@graph":[{"@type":"WebPage","@id":"https:\/\/www.koupeltech.com\/index.php\/produkt\/kopie-rohova-akrylova-vana-sydney-160cm-vraceni-zdarma-14505\/","url":"https:\/\/www.koupeltech.com\/index.php\/produkt\/kopie-rohova-akrylova-vana-sydney-160cm-vraceni-zdarma-14505\/","name":"(KOPIE) Rohov\u00e1 akrylov\u00e1 vana SYDNEY 160cm Vr\u00e1cen\u00ed Zdarma -","isPartOf":{"@id":"https:\/\/www.koupeltech.com\/#website"},"primaryImageOfPage":{"@id":"https:\/\/www.koupeltech.com\/index.php\/produkt\/kopie-rohova-akrylova-vana-sydney-160cm-vraceni-zdarma-14505\/#primaryimage"},"image":{"@id":"https:\/\/www.koupeltech.com\/index.php\/produkt\/kopie-rohova-akrylova-vana-sydney-160cm-vraceni-zdarma-14505\/#primaryimage"},"thumbnailUrl":"https:\/\/www.koupeltech.com\/wp-content\/uploads\/2026\/SK0020228-CZ20260425-093041-0-1777080643-a287f7ee6b771cfe5d9b945e8d2d7344.webp","datePublished":"2026-04-27T13:57:59+00:00","breadcrumb":{"@id":"https:\/\/www.koupeltech.com\/index.php\/produkt\/kopie-rohova-akrylova-vana-sydney-160cm-vraceni-zdarma-14505\/#breadcrumb"},"inLanguage":"cs","potentialAction":[{"@type":"ReadAction","target":["https:\/\/www.koupeltech.com\/index.php\/produkt\/kopie-rohova-akrylova-vana-sydney-160cm-vraceni-zdarma-14505\/"]}]},{"@type":"ImageObject","inLanguage":"cs","@id":"https:\/\/www.koupeltech.com\/index.php\/produkt\/kopie-rohova-akrylova-vana-sydney-160cm-vraceni-zdarma-14505\/#primaryimage","url":"https:\/\/www.koupeltech.com\/wp-content\/uploads\/2026\/SK0020228-CZ20260425-093041-0-1777080643-a287f7ee6b771cfe5d9b945e8d2d7344.webp","contentUrl":"https:\/\/www.koupeltech.com\/wp-content\/uploads\/2026\/SK0020228-CZ20260425-093041-0-1777080643-a287f7ee6b771cfe5d9b945e8d2d7344.webp","width":860,"height":800},{"@type":"BreadcrumbList","@id":"https:\/\/www.koupeltech.com\/index.php\/produkt\/kopie-rohova-akrylova-vana-sydney-160cm-vraceni-zdarma-14505\/#breadcrumb","itemListElement":[{"@type":"ListItem","position":1,"name":"Home","item":"https:\/\/www.koupeltech.com\/"},{"@type":"ListItem","position":2,"name":"Products","item":"https:\/\/www.koupeltech.com\/index.php\/products\/"},{"@type":"ListItem","position":3,"name":"(KOPIE) Rohov\u00e1 akrylov\u00e1 vana SYDNEY 160cm Vr\u00e1cen\u00ed Zdarma"}]},{"@type":"WebSite","@id":"https:\/\/www.koupeltech.com\/#website","url":"https:\/\/www.koupeltech.com\/","name":"","description":"","potentialAction":[{"@type":"SearchAction","target":{"@type":"EntryPoint","urlTemplate":"https:\/\/www.koupeltech.com\/?s={search_term_string}"},"query-input":{"@type":"PropertyValueSpecification","valueRequired":true,"valueName":"search_term_string"}}],"inLanguage":"cs"}]}},"_links":{"self":[{"href":"https:\/\/www.koupeltech.com\/index.php\/wp-json\/wp\/v2\/product\/14505","targetHints":{"allow":["GET"]}}],"collection":[{"href":"https:\/\/www.koupeltech.com\/index.php\/wp-json\/wp\/v2\/product"}],"about":[{"href":"https:\/\/www.koupeltech.com\/index.php\/wp-json\/wp\/v2\/types\/product"}],"replies":[{"embeddable":true,"href":"https:\/\/www.koupeltech.com\/index.php\/wp-json\/wp\/v2\/comments?post=14505"}],"wp:featuredmedia":[{"embeddable":true,"href":"https:\/\/www.koupeltech.com\/index.php\/wp-json\/wp\/v2\/media\/14605"}],"wp:attachment":[{"href":"https:\/\/www.koupeltech.com\/index.php\/wp-json\/wp\/v2\/media?parent=14505"}],"wp:term":[{"taxonomy":"product_brand","embeddable":true,"href":"https:\/\/www.koupeltech.com\/index.php\/wp-json\/wp\/v2\/product_brand?post=14505"},{"taxonomy":"product_cat","embeddable":true,"href":"https:\/\/www.koupeltech.com\/index.php\/wp-json\/wp\/v2\/product_cat?post=14505"},{"taxonomy":"product_tag","embeddable":true,"href":"https:\/\/www.koupeltech.com\/index.php\/wp-json\/wp\/v2\/product_tag?post=14505"}],"curies":[{"name":"wp","href":"https:\/\/api.w.org\/{rel}","templated":true}]}}